{"id":143804,"date":"2025-09-12T08:30:11","date_gmt":"2025-09-12T08:30:11","guid":{"rendered":"https:\/\/www.iplay.com\/?post_type=product&p=143804"},"modified":"2025-09-10T11:30:58","modified_gmt":"2025-09-10T11:30:58","slug":"block-rush-3","status":"publish","type":"product","link":"https:\/\/www.iplay.com\/de\/games\/block-rush-3\/","title":{"rendered":"Block Rush 3"},"content":{"rendered":"<p class=\"ai-optimize-29 ai-optimize-introduction\">Block Rush 3 ist ein lustiges Puzzlespiel, das deine Denk- und Planungsf\u00e4higkeiten auf die Probe stellt. Es ist voller Farben und Spa\u00df. Platziere Bl\u00f6cke an den richtigen Stellen, r\u00e4ume Linien, um Punkte zu erhalten, und setze starke Kombos ein, um das Brett zu \u00fcbernehmen. Jeder Zug z\u00e4hlt, denn es gibt 150 lustige Levels, 10 zus\u00e4tzliche Puzzles und viele verschiedene Arten von Bl\u00f6cken.   <\/p>\n<p class=\"ai-optimize-29 ai-optimize-introduction\">Die animierte Umgebung und der zunehmende Schwierigkeitsgrad machen das Spiel sowohl f\u00fcr Gelegenheitsspieler als auch f\u00fcr R\u00e4tselmeister interessant und unterhaltsam. Bringen Sie Ihr Gehirn zum Laufen, entspannen Sie Ihre Sinne und haben Sie stundenlangen Spa\u00df beim Spielen. <\/p>\n<p class=\"ai-optimize-29 ai-optimize-introduction\">Block Rush 3 ist die beste Mischung aus Strategie, Kreativit\u00e4t und Spa\u00df!<\/p>\n<p>&nbsp;<\/p>\n<p class=\"ai-optimize-30\"><strong>Funktionen<\/strong><\/p>\n<ul>\n<li class=\"ai-optimize-31\">Verschiedene Arten von Bl\u00f6cken, um Ihrer Strategie Abwechslung zu verleihen!<\/li>\n<li class=\"ai-optimize-31\">150 Levels, die schwer zu schlagen sind!<\/li>\n<li class=\"ai-optimize-31\">10 weitere Puzzles, um es noch unterhaltsamer zu machen!<\/li>\n<li class=\"ai-optimize-31\">Hintergr\u00fcnde, die sich bewegen und das Spiel zum Leben erwecken!<\/li>\n<li class=\"ai-optimize-31\">Es macht Spa\u00df zu spielen und ist dennoch gut f\u00fcr Ihr Gehirn!<\/li>\n<\/ul>\n","protected":false},"excerpt":{"rendered":"<p>Block Rush 3 ist ein rasantes Blockpuzzle-Abenteuer voller innovativer Herausforderungen, die dich auf Trab halten werden.<\/p>\n","protected":false},"author":21,"featured_media":143689,"comment_status":"open","ping_status":"closed","template":"","meta":{"_acf_changed":false,"inline_featured_image":false},"product_brand":[],"product_cat":[194],"product_tag":[289],"class_list":{"0":"post-143804","1":"product","2":"type-product","3":"status-publish","4":"has-post-thumbnail","6":"product_cat-puzzle-de","7":"product_tag-play-on-pc-de","9":"first","10":"instock","11":"shipping-taxable","12":"purchasable","13":"product-type-simple"},"acf":[],"yoast_head":"<!-- This site is optimized with the Yoast SEO Premium plugin v25.2 (Yoast SEO v25.2) - https:\/\/yoast.com\/wordpress\/plugins\/seo\/ -->\n<title>Block Rush 3: Viel Spa\u00df mit einem rasanten Puzzlespiel<\/title>\n<meta name=\"description\" content=\"Block Rush 3 ist ein rasantes Blockpuzzle-Abenteuer voller innovativer Herausforderungen, die dich auf Trab halten werden.\" \/>\n<meta name=\"robots\" content=\"index, follow, max-snippet:-1, max-image-preview:large, max-video-preview:-1\" \/>\n<link rel=\"canonical\" href=\"https:\/\/www.iplay.com\/en\/games\/block-rush-3\/\" \/>\n<meta property=\"og:locale\" content=\"de_DE\" \/>\n<meta property=\"og:type\" content=\"article\" \/>\n<meta property=\"og:title\" content=\"Block Rush 3\" \/>\n<meta property=\"og:description\" content=\"Block Rush 3 ist ein rasantes Blockpuzzle-Abenteuer voller innovativer Herausforderungen, die dich auf Trab halten werden.\" \/>\n<meta property=\"og:url\" content=\"https:\/\/www.iplay.com\/en\/games\/block-rush-3\/\" \/>\n<meta property=\"og:site_name\" content=\"IPlay\" \/>\n<meta property=\"og:image\" content=\"https:\/\/www.iplay.com\/wp-content\/uploads\/2025\/09\/block_rush_3_large_video_screenshot.webp\" \/>\n\t<meta property=\"og:image:width\" content=\"715\" \/>\n\t<meta property=\"og:image:height\" content=\"485\" \/>\n\t<meta property=\"og:image:type\" content=\"image\/webp\" \/>\n<meta name=\"twitter:card\" content=\"summary_large_image\" \/>\n<meta name=\"twitter:label1\" content=\"Gesch\u00e4tzte Lesezeit\" \/>\n\t<meta name=\"twitter:data1\" content=\"1 Minute\" \/>\n<script type=\"application\/ld+json\" class=\"yoast-schema-graph\">{\"@context\":\"https:\/\/schema.org\",\"@graph\":[{\"@type\":\"WebPage\",\"@id\":\"https:\/\/www.iplay.com\/en\/games\/block-rush-3\/\",\"url\":\"https:\/\/www.iplay.com\/en\/games\/block-rush-3\/\",\"name\":\"Block Rush 3: Viel Spa\u00df mit einem rasanten Puzzlespiel\",\"isPartOf\":{\"@id\":\"https:\/\/www.iplay.com\/en\/#website\"},\"primaryImageOfPage\":{\"@id\":\"https:\/\/www.iplay.com\/en\/games\/block-rush-3\/#primaryimage\"},\"image\":{\"@id\":\"https:\/\/www.iplay.com\/en\/games\/block-rush-3\/#primaryimage\"},\"thumbnailUrl\":\"https:\/\/www.iplay.com\/wp-content\/uploads\/2025\/09\/block_rush_3_large_square_tile_image.webp\",\"datePublished\":\"2025-09-12T08:30:11+00:00\",\"description\":\"Block Rush 3 ist ein rasantes Blockpuzzle-Abenteuer voller innovativer Herausforderungen, die dich auf Trab halten werden.\",\"breadcrumb\":{\"@id\":\"https:\/\/www.iplay.com\/en\/games\/block-rush-3\/#breadcrumb\"},\"inLanguage\":\"de-DE\",\"potentialAction\":[{\"@type\":\"ReadAction\",\"target\":[\"https:\/\/www.iplay.com\/en\/games\/block-rush-3\/\"]}]},{\"@type\":\"ImageObject\",\"inLanguage\":\"de-DE\",\"@id\":\"https:\/\/www.iplay.com\/en\/games\/block-rush-3\/#primaryimage\",\"url\":\"https:\/\/www.iplay.com\/wp-content\/uploads\/2025\/09\/block_rush_3_large_square_tile_image.webp\",\"contentUrl\":\"https:\/\/www.iplay.com\/wp-content\/uploads\/2025\/09\/block_rush_3_large_square_tile_image.webp\",\"width\":310,\"height\":310},{\"@type\":\"BreadcrumbList\",\"@id\":\"https:\/\/www.iplay.com\/en\/games\/block-rush-3\/#breadcrumb\",\"itemListElement\":[{\"@type\":\"ListItem\",\"position\":1,\"name\":\"Home\",\"item\":\"https:\/\/www.iplay.com\/de\/home-page-2\/\"},{\"@type\":\"ListItem\",\"position\":2,\"name\":\"Shop\",\"item\":\"https:\/\/www.iplay.com\/en\/shop\/\"},{\"@type\":\"ListItem\",\"position\":3,\"name\":\"Block Rush 3\"}]},{\"@type\":\"WebSite\",\"@id\":\"https:\/\/www.iplay.com\/en\/#website\",\"url\":\"https:\/\/www.iplay.com\/en\/\",\"name\":\"IPlay\",\"description\":\"The Best Casual Games!\",\"publisher\":{\"@id\":\"https:\/\/www.iplay.com\/en\/#organization\"},\"potentialAction\":[{\"@type\":\"SearchAction\",\"target\":{\"@type\":\"EntryPoint\",\"urlTemplate\":\"https:\/\/www.iplay.com\/en\/?s={search_term_string}\"},\"query-input\":{\"@type\":\"PropertyValueSpecification\",\"valueRequired\":true,\"valueName\":\"search_term_string\"}}],\"inLanguage\":\"de-DE\"},{\"@type\":\"Organization\",\"@id\":\"https:\/\/www.iplay.com\/en\/#organization\",\"name\":\"IPlay\",\"url\":\"https:\/\/www.iplay.com\/en\/\",\"logo\":{\"@type\":\"ImageObject\",\"inLanguage\":\"de-DE\",\"@id\":\"https:\/\/www.iplay.com\/en\/#\/schema\/logo\/image\/\",\"url\":\"https:\/\/www.iplay.com\/wp-content\/uploads\/2023\/11\/Group-6100.svg\",\"contentUrl\":\"https:\/\/www.iplay.com\/wp-content\/uploads\/2023\/11\/Group-6100.svg\",\"width\":98,\"height\":25,\"caption\":\"IPlay\"},\"image\":{\"@id\":\"https:\/\/www.iplay.com\/en\/#\/schema\/logo\/image\/\"}}]}<\/script>\n<!-- \/ Yoast SEO Premium plugin. -->","yoast_head_json":{"title":"Block Rush 3: Viel Spa\u00df mit einem rasanten Puzzlespiel","description":"Block Rush 3 ist ein rasantes Blockpuzzle-Abenteuer voller innovativer Herausforderungen, die dich auf Trab halten werden.","robots":{"index":"index","follow":"follow","max-snippet":"max-snippet:-1","max-image-preview":"max-image-preview:large","max-video-preview":"max-video-preview:-1"},"canonical":"https:\/\/www.iplay.com\/en\/games\/block-rush-3\/","og_locale":"de_DE","og_type":"article","og_title":"Block Rush 3","og_description":"Block Rush 3 ist ein rasantes Blockpuzzle-Abenteuer voller innovativer Herausforderungen, die dich auf Trab halten werden.","og_url":"https:\/\/www.iplay.com\/en\/games\/block-rush-3\/","og_site_name":"IPlay","og_image":[{"width":715,"height":485,"url":"https:\/\/www.iplay.com\/wp-content\/uploads\/2025\/09\/block_rush_3_large_video_screenshot.webp","type":"image\/webp"}],"twitter_card":"summary_large_image","twitter_misc":{"Gesch\u00e4tzte Lesezeit":"1 Minute"},"schema":{"@context":"https:\/\/schema.org","@graph":[{"@type":"WebPage","@id":"https:\/\/www.iplay.com\/en\/games\/block-rush-3\/","url":"https:\/\/www.iplay.com\/en\/games\/block-rush-3\/","name":"Block Rush 3: Viel Spa\u00df mit einem rasanten Puzzlespiel","isPartOf":{"@id":"https:\/\/www.iplay.com\/en\/#website"},"primaryImageOfPage":{"@id":"https:\/\/www.iplay.com\/en\/games\/block-rush-3\/#primaryimage"},"image":{"@id":"https:\/\/www.iplay.com\/en\/games\/block-rush-3\/#primaryimage"},"thumbnailUrl":"https:\/\/www.iplay.com\/wp-content\/uploads\/2025\/09\/block_rush_3_large_square_tile_image.webp","datePublished":"2025-09-12T08:30:11+00:00","description":"Block Rush 3 ist ein rasantes Blockpuzzle-Abenteuer voller innovativer Herausforderungen, die dich auf Trab halten werden.","breadcrumb":{"@id":"https:\/\/www.iplay.com\/en\/games\/block-rush-3\/#breadcrumb"},"inLanguage":"de-DE","potentialAction":[{"@type":"ReadAction","target":["https:\/\/www.iplay.com\/en\/games\/block-rush-3\/"]}]},{"@type":"ImageObject","inLanguage":"de-DE","@id":"https:\/\/www.iplay.com\/en\/games\/block-rush-3\/#primaryimage","url":"https:\/\/www.iplay.com\/wp-content\/uploads\/2025\/09\/block_rush_3_large_square_tile_image.webp","contentUrl":"https:\/\/www.iplay.com\/wp-content\/uploads\/2025\/09\/block_rush_3_large_square_tile_image.webp","width":310,"height":310},{"@type":"BreadcrumbList","@id":"https:\/\/www.iplay.com\/en\/games\/block-rush-3\/#breadcrumb","itemListElement":[{"@type":"ListItem","position":1,"name":"Home","item":"https:\/\/www.iplay.com\/de\/home-page-2\/"},{"@type":"ListItem","position":2,"name":"Shop","item":"https:\/\/www.iplay.com\/en\/shop\/"},{"@type":"ListItem","position":3,"name":"Block Rush 3"}]},{"@type":"WebSite","@id":"https:\/\/www.iplay.com\/en\/#website","url":"https:\/\/www.iplay.com\/en\/","name":"IPlay","description":"The Best Casual Games!","publisher":{"@id":"https:\/\/www.iplay.com\/en\/#organization"},"potentialAction":[{"@type":"SearchAction","target":{"@type":"EntryPoint","urlTemplate":"https:\/\/www.iplay.com\/en\/?s={search_term_string}"},"query-input":{"@type":"PropertyValueSpecification","valueRequired":true,"valueName":"search_term_string"}}],"inLanguage":"de-DE"},{"@type":"Organization","@id":"https:\/\/www.iplay.com\/en\/#organization","name":"IPlay","url":"https:\/\/www.iplay.com\/en\/","logo":{"@type":"ImageObject","inLanguage":"de-DE","@id":"https:\/\/www.iplay.com\/en\/#\/schema\/logo\/image\/","url":"https:\/\/www.iplay.com\/wp-content\/uploads\/2023\/11\/Group-6100.svg","contentUrl":"https:\/\/www.iplay.com\/wp-content\/uploads\/2023\/11\/Group-6100.svg","width":98,"height":25,"caption":"IPlay"},"image":{"@id":"https:\/\/www.iplay.com\/en\/#\/schema\/logo\/image\/"}}]}},"_links":{"self":[{"href":"https:\/\/www.iplay.com\/de\/wp-json\/wp\/v2\/product\/143804","targetHints":{"allow":["GET"]}}],"collection":[{"href":"https:\/\/www.iplay.com\/de\/wp-json\/wp\/v2\/product"}],"about":[{"href":"https:\/\/www.iplay.com\/de\/wp-json\/wp\/v2\/types\/product"}],"author":[{"embeddable":true,"href":"https:\/\/www.iplay.com\/de\/wp-json\/wp\/v2\/users\/21"}],"replies":[{"embeddable":true,"href":"https:\/\/www.iplay.com\/de\/wp-json\/wp\/v2\/comments?post=143804"}],"wp:featuredmedia":[{"embeddable":true,"href":"https:\/\/www.iplay.com\/de\/wp-json\/wp\/v2\/media\/143689"}],"wp:attachment":[{"href":"https:\/\/www.iplay.com\/de\/wp-json\/wp\/v2\/media?parent=143804"}],"wp:term":[{"taxonomy":"product_brand","embeddable":true,"href":"https:\/\/www.iplay.com\/de\/wp-json\/wp\/v2\/product_brand?post=143804"},{"taxonomy":"product_cat","embeddable":true,"href":"https:\/\/www.iplay.com\/de\/wp-json\/wp\/v2\/product_cat?post=143804"},{"taxonomy":"product_tag","embeddable":true,"href":"https:\/\/www.iplay.com\/de\/wp-json\/wp\/v2\/product_tag?post=143804"}],"curies":[{"name":"wp","href":"https:\/\/api.w.org\/{rel}","templated":true}]}}