{"id":143579,"date":"2025-09-05T07:30:10","date_gmt":"2025-09-05T07:30:10","guid":{"rendered":"https:\/\/www.iplay.com\/?post_type=product&p=143579"},"modified":"2025-09-05T07:30:10","modified_gmt":"2025-09-05T07:30:10","slug":"video-art","status":"publish","type":"product","link":"https:\/\/www.iplay.com\/de\/games\/video-art\/","title":{"rendered":"Video Art"},"content":{"rendered":"<p class=\"ai-optimize-25 ai-optimize-introduction\">Die Videokunst nimmt die Idee des Malens nach Zahlen auf und verwandelt sie in etwas Aufregendes und Fesselndes. Sie f\u00e4rben keine Standbilder aus; Stattdessen erwecken Sie kurze Videoclips zum Leben, indem Sie jedem Bild leuchtende Farben hinzuf\u00fcgen. Wenn Sie Farben mit Zahlen abgleichen, wird die Animation langsam zum Leben erweckt und zeigt wundersch\u00f6ne Bilder, die sich je nach Kreativit\u00e4t \u00e4ndern. Jeder Clip verwandelt sich in eine lebendige Leinwand, von friedlichen Ausblicken bis hin zu albernen Ereignissen. Video Art nimmt Sie mit auf eine Reise, die sowohl entspannend als auch visuell befriedigend ist, egal ob Sie sich nach einem anstrengenden Tag ausruhen oder einen besinnlichen Urlaub verbringen m\u00f6chten. Beobachten Sie, wie Ihre Pinselstriche auf dem Bildschirm zum Leben erweckt werden und Sie einfache Zahlen in wundersch\u00f6ne Filmszenen verwandeln.     <\/p>\n<p class=\"ai-optimize-26\">Lassen Sie Ihren Gedanken freien Lauf und schaffen Sie Kunstwerke, die voller Bewegung sind, ein Bild, eine Farbe und einen Moment nach dem anderen.<\/p>\n<p>&nbsp;<\/p>\n<p class=\"ai-optimize-27\"><strong>Funktionen<\/strong><\/p>\n<ul>\n<li class=\"ai-optimize-27\">64 wundersch\u00f6n animierte Videoclips mit leicht verst\u00e4ndlichem Malen-nach-Zahlen-Gameplay!<\/li>\n<li class=\"ai-optimize-27\">Jeder Rahmen wird zum Leben erweckt und bietet Ihnen stundenlanges, entspanntes Kreieren.<\/li>\n<li class=\"ai-optimize-27\">Sehen Sie, wie Ihr Gem\u00e4lde zum Leben erweckt wird und sich im Laufe der Zeit ver\u00e4ndert!<\/li>\n<li class=\"ai-optimize-27\">Ideal, um aufmerksam zu sein, Spannungen abzubauen und Ihre Arbeit zu pr\u00e4sentieren!<\/li>\n<\/ul>\n","protected":false},"excerpt":{"rendered":"<p>Video Art &#8211; Animierte Videoszenen nach Zahlen ausmalen &#8211; Kreativit\u00e4t in Bewegung!<\/p>\n","protected":false},"author":21,"featured_media":143570,"comment_status":"open","ping_status":"closed","template":"","meta":{"_acf_changed":false,"inline_featured_image":false},"product_brand":[],"product_cat":[185],"product_tag":[289],"class_list":{"0":"post-143579","1":"product","2":"type-product","3":"status-publish","4":"has-post-thumbnail","6":"product_cat-paint-by-numbers-series-de","7":"product_tag-play-on-pc-de","9":"first","10":"instock","11":"shipping-taxable","12":"purchasable","13":"product-type-simple"},"acf":[],"yoast_head":"<!-- This site is optimized with the Yoast SEO Premium plugin v25.2 (Yoast SEO v25.2) - https:\/\/yoast.com\/wordpress\/plugins\/seo\/ -->\n<title>Videokunst - Animiertes Malen nach Zahlen: Bewegte Szenen ausmalen<\/title>\n<meta name=\"description\" content=\"Video Art - Animierte Videoszenen nach Zahlen ausmalen - Kreativit\u00e4t in Bewegung!\" \/>\n<meta name=\"robots\" content=\"index, follow, max-snippet:-1, max-image-preview:large, max-video-preview:-1\" \/>\n<link rel=\"canonical\" href=\"https:\/\/www.iplay.com\/en\/games\/video-art\/\" \/>\n<meta property=\"og:locale\" content=\"de_DE\" \/>\n<meta property=\"og:type\" content=\"article\" \/>\n<meta property=\"og:title\" content=\"Video Art\" \/>\n<meta property=\"og:description\" content=\"Video Art - Animierte Videoszenen nach Zahlen ausmalen - Kreativit\u00e4t in Bewegung!\" \/>\n<meta property=\"og:url\" content=\"https:\/\/www.iplay.com\/en\/games\/video-art\/\" \/>\n<meta property=\"og:site_name\" content=\"IPlay\" \/>\n<meta property=\"og:image\" content=\"https:\/\/www.iplay.com\/wp-content\/uploads\/2025\/09\/video_art_large_video_screenshot.webp\" \/>\n\t<meta property=\"og:image:width\" content=\"715\" \/>\n\t<meta property=\"og:image:height\" content=\"485\" \/>\n\t<meta property=\"og:image:type\" content=\"image\/webp\" \/>\n<meta name=\"twitter:card\" content=\"summary_large_image\" \/>\n<meta name=\"twitter:label1\" content=\"Gesch\u00e4tzte Lesezeit\" \/>\n\t<meta name=\"twitter:data1\" content=\"1 Minute\" \/>\n<script type=\"application\/ld+json\" class=\"yoast-schema-graph\">{\"@context\":\"https:\/\/schema.org\",\"@graph\":[{\"@type\":\"WebPage\",\"@id\":\"https:\/\/www.iplay.com\/en\/games\/video-art\/\",\"url\":\"https:\/\/www.iplay.com\/en\/games\/video-art\/\",\"name\":\"Videokunst - Animiertes Malen nach Zahlen: Bewegte Szenen ausmalen\",\"isPartOf\":{\"@id\":\"https:\/\/www.iplay.com\/en\/#website\"},\"primaryImageOfPage\":{\"@id\":\"https:\/\/www.iplay.com\/en\/games\/video-art\/#primaryimage\"},\"image\":{\"@id\":\"https:\/\/www.iplay.com\/en\/games\/video-art\/#primaryimage\"},\"thumbnailUrl\":\"https:\/\/www.iplay.com\/wp-content\/uploads\/2025\/09\/video_art_large_square_tile_image.webp\",\"datePublished\":\"2025-09-05T07:30:10+00:00\",\"description\":\"Video Art - Animierte Videoszenen nach Zahlen ausmalen - Kreativit\u00e4t in Bewegung!\",\"breadcrumb\":{\"@id\":\"https:\/\/www.iplay.com\/en\/games\/video-art\/#breadcrumb\"},\"inLanguage\":\"de-DE\",\"potentialAction\":[{\"@type\":\"ReadAction\",\"target\":[\"https:\/\/www.iplay.com\/en\/games\/video-art\/\"]}]},{\"@type\":\"ImageObject\",\"inLanguage\":\"de-DE\",\"@id\":\"https:\/\/www.iplay.com\/en\/games\/video-art\/#primaryimage\",\"url\":\"https:\/\/www.iplay.com\/wp-content\/uploads\/2025\/09\/video_art_large_square_tile_image.webp\",\"contentUrl\":\"https:\/\/www.iplay.com\/wp-content\/uploads\/2025\/09\/video_art_large_square_tile_image.webp\",\"width\":310,\"height\":310},{\"@type\":\"BreadcrumbList\",\"@id\":\"https:\/\/www.iplay.com\/en\/games\/video-art\/#breadcrumb\",\"itemListElement\":[{\"@type\":\"ListItem\",\"position\":1,\"name\":\"Home\",\"item\":\"https:\/\/www.iplay.com\/de\/home-page-2\/\"},{\"@type\":\"ListItem\",\"position\":2,\"name\":\"Shop\",\"item\":\"https:\/\/www.iplay.com\/en\/shop\/\"},{\"@type\":\"ListItem\",\"position\":3,\"name\":\"Video Art\"}]},{\"@type\":\"WebSite\",\"@id\":\"https:\/\/www.iplay.com\/en\/#website\",\"url\":\"https:\/\/www.iplay.com\/en\/\",\"name\":\"IPlay\",\"description\":\"The Best Casual Games!\",\"publisher\":{\"@id\":\"https:\/\/www.iplay.com\/en\/#organization\"},\"potentialAction\":[{\"@type\":\"SearchAction\",\"target\":{\"@type\":\"EntryPoint\",\"urlTemplate\":\"https:\/\/www.iplay.com\/en\/?s={search_term_string}\"},\"query-input\":{\"@type\":\"PropertyValueSpecification\",\"valueRequired\":true,\"valueName\":\"search_term_string\"}}],\"inLanguage\":\"de-DE\"},{\"@type\":\"Organization\",\"@id\":\"https:\/\/www.iplay.com\/en\/#organization\",\"name\":\"IPlay\",\"url\":\"https:\/\/www.iplay.com\/en\/\",\"logo\":{\"@type\":\"ImageObject\",\"inLanguage\":\"de-DE\",\"@id\":\"https:\/\/www.iplay.com\/en\/#\/schema\/logo\/image\/\",\"url\":\"https:\/\/www.iplay.com\/wp-content\/uploads\/2023\/11\/Group-6100.svg\",\"contentUrl\":\"https:\/\/www.iplay.com\/wp-content\/uploads\/2023\/11\/Group-6100.svg\",\"width\":98,\"height\":25,\"caption\":\"IPlay\"},\"image\":{\"@id\":\"https:\/\/www.iplay.com\/en\/#\/schema\/logo\/image\/\"}}]}<\/script>\n<!-- \/ Yoast SEO Premium plugin. -->","yoast_head_json":{"title":"Videokunst - Animiertes Malen nach Zahlen: Bewegte Szenen ausmalen","description":"Video Art - Animierte Videoszenen nach Zahlen ausmalen - Kreativit\u00e4t in Bewegung!","robots":{"index":"index","follow":"follow","max-snippet":"max-snippet:-1","max-image-preview":"max-image-preview:large","max-video-preview":"max-video-preview:-1"},"canonical":"https:\/\/www.iplay.com\/en\/games\/video-art\/","og_locale":"de_DE","og_type":"article","og_title":"Video Art","og_description":"Video Art - Animierte Videoszenen nach Zahlen ausmalen - Kreativit\u00e4t in Bewegung!","og_url":"https:\/\/www.iplay.com\/en\/games\/video-art\/","og_site_name":"IPlay","og_image":[{"width":715,"height":485,"url":"https:\/\/www.iplay.com\/wp-content\/uploads\/2025\/09\/video_art_large_video_screenshot.webp","type":"image\/webp"}],"twitter_card":"summary_large_image","twitter_misc":{"Gesch\u00e4tzte Lesezeit":"1 Minute"},"schema":{"@context":"https:\/\/schema.org","@graph":[{"@type":"WebPage","@id":"https:\/\/www.iplay.com\/en\/games\/video-art\/","url":"https:\/\/www.iplay.com\/en\/games\/video-art\/","name":"Videokunst - Animiertes Malen nach Zahlen: Bewegte Szenen ausmalen","isPartOf":{"@id":"https:\/\/www.iplay.com\/en\/#website"},"primaryImageOfPage":{"@id":"https:\/\/www.iplay.com\/en\/games\/video-art\/#primaryimage"},"image":{"@id":"https:\/\/www.iplay.com\/en\/games\/video-art\/#primaryimage"},"thumbnailUrl":"https:\/\/www.iplay.com\/wp-content\/uploads\/2025\/09\/video_art_large_square_tile_image.webp","datePublished":"2025-09-05T07:30:10+00:00","description":"Video Art - Animierte Videoszenen nach Zahlen ausmalen - Kreativit\u00e4t in Bewegung!","breadcrumb":{"@id":"https:\/\/www.iplay.com\/en\/games\/video-art\/#breadcrumb"},"inLanguage":"de-DE","potentialAction":[{"@type":"ReadAction","target":["https:\/\/www.iplay.com\/en\/games\/video-art\/"]}]},{"@type":"ImageObject","inLanguage":"de-DE","@id":"https:\/\/www.iplay.com\/en\/games\/video-art\/#primaryimage","url":"https:\/\/www.iplay.com\/wp-content\/uploads\/2025\/09\/video_art_large_square_tile_image.webp","contentUrl":"https:\/\/www.iplay.com\/wp-content\/uploads\/2025\/09\/video_art_large_square_tile_image.webp","width":310,"height":310},{"@type":"BreadcrumbList","@id":"https:\/\/www.iplay.com\/en\/games\/video-art\/#breadcrumb","itemListElement":[{"@type":"ListItem","position":1,"name":"Home","item":"https:\/\/www.iplay.com\/de\/home-page-2\/"},{"@type":"ListItem","position":2,"name":"Shop","item":"https:\/\/www.iplay.com\/en\/shop\/"},{"@type":"ListItem","position":3,"name":"Video Art"}]},{"@type":"WebSite","@id":"https:\/\/www.iplay.com\/en\/#website","url":"https:\/\/www.iplay.com\/en\/","name":"IPlay","description":"The Best Casual Games!","publisher":{"@id":"https:\/\/www.iplay.com\/en\/#organization"},"potentialAction":[{"@type":"SearchAction","target":{"@type":"EntryPoint","urlTemplate":"https:\/\/www.iplay.com\/en\/?s={search_term_string}"},"query-input":{"@type":"PropertyValueSpecification","valueRequired":true,"valueName":"search_term_string"}}],"inLanguage":"de-DE"},{"@type":"Organization","@id":"https:\/\/www.iplay.com\/en\/#organization","name":"IPlay","url":"https:\/\/www.iplay.com\/en\/","logo":{"@type":"ImageObject","inLanguage":"de-DE","@id":"https:\/\/www.iplay.com\/en\/#\/schema\/logo\/image\/","url":"https:\/\/www.iplay.com\/wp-content\/uploads\/2023\/11\/Group-6100.svg","contentUrl":"https:\/\/www.iplay.com\/wp-content\/uploads\/2023\/11\/Group-6100.svg","width":98,"height":25,"caption":"IPlay"},"image":{"@id":"https:\/\/www.iplay.com\/en\/#\/schema\/logo\/image\/"}}]}},"_links":{"self":[{"href":"https:\/\/www.iplay.com\/de\/wp-json\/wp\/v2\/product\/143579","targetHints":{"allow":["GET"]}}],"collection":[{"href":"https:\/\/www.iplay.com\/de\/wp-json\/wp\/v2\/product"}],"about":[{"href":"https:\/\/www.iplay.com\/de\/wp-json\/wp\/v2\/types\/product"}],"author":[{"embeddable":true,"href":"https:\/\/www.iplay.com\/de\/wp-json\/wp\/v2\/users\/21"}],"replies":[{"embeddable":true,"href":"https:\/\/www.iplay.com\/de\/wp-json\/wp\/v2\/comments?post=143579"}],"wp:featuredmedia":[{"embeddable":true,"href":"https:\/\/www.iplay.com\/de\/wp-json\/wp\/v2\/media\/143570"}],"wp:attachment":[{"href":"https:\/\/www.iplay.com\/de\/wp-json\/wp\/v2\/media?parent=143579"}],"wp:term":[{"taxonomy":"product_brand","embeddable":true,"href":"https:\/\/www.iplay.com\/de\/wp-json\/wp\/v2\/product_brand?post=143579"},{"taxonomy":"product_cat","embeddable":true,"href":"https:\/\/www.iplay.com\/de\/wp-json\/wp\/v2\/product_cat?post=143579"},{"taxonomy":"product_tag","embeddable":true,"href":"https:\/\/www.iplay.com\/de\/wp-json\/wp\/v2\/product_tag?post=143579"}],"curies":[{"name":"wp","href":"https:\/\/api.w.org\/{rel}","templated":true}]}}