{"id":143514,"date":"2017-11-18T00:00:00","date_gmt":"2017-11-18T00:00:00","guid":{"rendered":"https:\/\/www.iplay.com\/games\/best-of-hidden-object-value-pack-vol-8\/"},"modified":"2017-11-18T00:00:00","modified_gmt":"2017-11-18T00:00:00","slug":"best-of-hidden-object-value-pack-vol-8","status":"publish","type":"product","link":"https:\/\/www.iplay.com\/de\/games\/best-of-hidden-object-value-pack-vol-8\/","title":{"rendered":"Best of Hidden Object Value Pack Vol. 8"},"content":{"rendered":"<p>Ein weiteres fantastisches Wimmelbild-Bundle mit vier beliebten Titeln! Was Sie bekommen, ist&#8230; <\/p>\n<p>&nbsp;<\/p>\n<p><strong>Taken Souls &#8211; Blut-Ritual<\/strong><br \/>\nVor Tausenden von Jahren setzten die Menschen neben der Technologie regelm\u00e4\u00dfig Magie ein. Als die Spannungen zwischen Technikern und Magiern ausbrachen, wurde beschlossen, das Universum in zwei Teile zu teilen, einen f\u00fcr jede Seite. Dieses Arrangement sollte 10.000 Jahre dauern, bevor die beiden Seiten wieder fusionierten. W\u00e4hrend der Parade der Planeten muss die Menschheit jedoch m\u00f6glicherweise fr\u00fcher als erwartet ihre Kr\u00e4fte b\u00fcndeln&#8230;   <\/p>\n<p>&nbsp;<\/p>\n<p><strong>Der Geist des Uralten Waldes<\/strong><br \/>\nEin bescheidenes M\u00e4dchen, Sarah, begibt sich auf ein abenteuerliches Abenteuer in den Uralten Wald. Sie h\u00f6rt von einem Waldmagier, dass der Gro\u00dfe Baum, die Seele des Uralten Waldes, in Gefahr ist. Der Dunkle Lord vergiftete das Herz des Gro\u00dfen Baumes mit Hilfe seiner Vasallen. Sarah und ihre Gef\u00e4hrten m\u00fcssen die Pl\u00e4ne des Herrn vereiteln, ihn in seiner Zitadelle konfrontieren und den Gro\u00dfen Baum retten.   <\/p>\n<p>&nbsp;<\/p>\n<p><strong>Renovierung<\/strong><br \/>\n des HausesHilf Emma dabei, das alte Haus ihrer Gro\u00dfeltern wieder in altem Glanz erstrahlen zu lassen! Verdienen Sie Geld, indem Sie einen Tr\u00f6delmarkt veranstalten, bei dem Sie eine Reihe von M\u00f6beln kaufen k\u00f6nnen! Mit \u00fcber zehn verschiedenen Spieltypen und endlosen Levels an 15 atemberaubenden Orten wirst du dich mit diesem Spiel nie langweilen! Home Makeover enth\u00e4lt aufregende Match-3-Minispiele sowie Wimmelbild- und Zeitmanagement-Gameplay!   <\/p>\n<p>&nbsp;<\/p>\n<p><strong>Heim-Makeover 2<\/strong><br \/>\nHilf Emma, das Haus seines Onkels zu retten und zu dekorieren! Home Makeover ist zur\u00fcckgekehrt, gr\u00f6\u00dfer und besser als je zuvor! Dieses wunderbare Wimmelbildspiel ist einfach zu spielen, weckt schnell dein Interesse und macht s\u00fcchtig! Es enth\u00e4lt drei der beliebtesten Spielmechaniken: Wimmelbild, Zeitmanagement und 3-Gewinnt!<\/p>\n","protected":false},"excerpt":{"rendered":"<p>Ein weiteres fantastisches Wimmelbild-Paket!<\/p>\n","protected":false},"author":20,"featured_media":98163,"comment_status":"open","ping_status":"closed","template":"","meta":{"_acf_changed":false,"inline_featured_image":false},"product_brand":[],"product_cat":[164,201],"product_tag":[289],"class_list":{"0":"post-143514","1":"product","2":"type-product","3":"status-publish","4":"has-post-thumbnail","6":"product_cat-hidden-object-de","7":"product_cat-removed-content-de","8":"product_tag-play-on-pc-de","10":"first","11":"instock","12":"shipping-taxable","13":"purchasable","14":"product-type-simple"},"acf":[],"yoast_head":"<!-- This site is optimized with the Yoast SEO Premium plugin v25.2 (Yoast SEO v25.2) - https:\/\/yoast.com\/wordpress\/plugins\/seo\/ -->\n<title>Best of Wimmelbild-Vorteilspaket Vol. 8 - Entdecken Sie ein weiteres erstaunliches Wimmelbild-Bundle<\/title>\n<meta name=\"robots\" content=\"index, follow, max-snippet:-1, max-image-preview:large, max-video-preview:-1\" \/>\n<link rel=\"canonical\" href=\"https:\/\/www.iplay.com\/de\/games\/best-of-hidden-object-value-pack-vol-8\/\" \/>\n<meta property=\"og:locale\" content=\"de_DE\" \/>\n<meta property=\"og:type\" content=\"article\" \/>\n<meta property=\"og:title\" content=\"Best of Hidden Object Value Pack Vol. 8\" \/>\n<meta property=\"og:url\" content=\"https:\/\/www.iplay.com\/de\/games\/best-of-hidden-object-value-pack-vol-8\/\" \/>\n<meta property=\"og:site_name\" content=\"IPlay\" \/>\n<meta property=\"og:image\" content=\"https:\/\/www.iplay.com\/wp-content\/uploads\/2023\/12\/large_square_tile_image-3643.jpg\" \/>\n\t<meta property=\"og:image:width\" content=\"310\" \/>\n\t<meta property=\"og:image:height\" content=\"310\" \/>\n\t<meta property=\"og:image:type\" content=\"image\/jpeg\" \/>\n<meta name=\"twitter:card\" content=\"summary_large_image\" \/>\n<meta name=\"twitter:label1\" content=\"Gesch\u00e4tzte Lesezeit\" \/>\n\t<meta name=\"twitter:data1\" content=\"1 Minute\" \/>\n<script type=\"application\/ld+json\" class=\"yoast-schema-graph\">{\"@context\":\"https:\/\/schema.org\",\"@graph\":[{\"@type\":\"WebPage\",\"@id\":\"https:\/\/www.iplay.com\/de\/games\/best-of-hidden-object-value-pack-vol-8\/\",\"url\":\"https:\/\/www.iplay.com\/de\/games\/best-of-hidden-object-value-pack-vol-8\/\",\"name\":\"Best of Wimmelbild-Vorteilspaket Vol. 8 - Entdecken Sie ein weiteres erstaunliches Wimmelbild-Bundle\",\"isPartOf\":{\"@id\":\"https:\/\/www.iplay.com\/en\/#website\"},\"primaryImageOfPage\":{\"@id\":\"https:\/\/www.iplay.com\/de\/games\/best-of-hidden-object-value-pack-vol-8\/#primaryimage\"},\"image\":{\"@id\":\"https:\/\/www.iplay.com\/de\/games\/best-of-hidden-object-value-pack-vol-8\/#primaryimage\"},\"thumbnailUrl\":\"https:\/\/www.iplay.com\/wp-content\/uploads\/2023\/12\/large_square_tile_image-3643.jpg\",\"datePublished\":\"2017-11-18T00:00:00+00:00\",\"breadcrumb\":{\"@id\":\"https:\/\/www.iplay.com\/de\/games\/best-of-hidden-object-value-pack-vol-8\/#breadcrumb\"},\"inLanguage\":\"de-DE\",\"potentialAction\":[{\"@type\":\"ReadAction\",\"target\":[\"https:\/\/www.iplay.com\/de\/games\/best-of-hidden-object-value-pack-vol-8\/\"]}]},{\"@type\":\"ImageObject\",\"inLanguage\":\"de-DE\",\"@id\":\"https:\/\/www.iplay.com\/de\/games\/best-of-hidden-object-value-pack-vol-8\/#primaryimage\",\"url\":\"https:\/\/www.iplay.com\/wp-content\/uploads\/2023\/12\/large_square_tile_image-3643.jpg\",\"contentUrl\":\"https:\/\/www.iplay.com\/wp-content\/uploads\/2023\/12\/large_square_tile_image-3643.jpg\",\"width\":310,\"height\":310},{\"@type\":\"BreadcrumbList\",\"@id\":\"https:\/\/www.iplay.com\/de\/games\/best-of-hidden-object-value-pack-vol-8\/#breadcrumb\",\"itemListElement\":[{\"@type\":\"ListItem\",\"position\":1,\"name\":\"Home\",\"item\":\"https:\/\/www.iplay.com\/de\/home-page-2\/\"},{\"@type\":\"ListItem\",\"position\":2,\"name\":\"Shop\",\"item\":\"https:\/\/www.iplay.com\/en\/shop\/\"},{\"@type\":\"ListItem\",\"position\":3,\"name\":\"Best of Hidden Object Value Pack Vol. 8\"}]},{\"@type\":\"WebSite\",\"@id\":\"https:\/\/www.iplay.com\/en\/#website\",\"url\":\"https:\/\/www.iplay.com\/en\/\",\"name\":\"IPlay\",\"description\":\"The Best Casual Games!\",\"publisher\":{\"@id\":\"https:\/\/www.iplay.com\/en\/#organization\"},\"potentialAction\":[{\"@type\":\"SearchAction\",\"target\":{\"@type\":\"EntryPoint\",\"urlTemplate\":\"https:\/\/www.iplay.com\/en\/?s={search_term_string}\"},\"query-input\":{\"@type\":\"PropertyValueSpecification\",\"valueRequired\":true,\"valueName\":\"search_term_string\"}}],\"inLanguage\":\"de-DE\"},{\"@type\":\"Organization\",\"@id\":\"https:\/\/www.iplay.com\/en\/#organization\",\"name\":\"IPlay\",\"url\":\"https:\/\/www.iplay.com\/en\/\",\"logo\":{\"@type\":\"ImageObject\",\"inLanguage\":\"de-DE\",\"@id\":\"https:\/\/www.iplay.com\/en\/#\/schema\/logo\/image\/\",\"url\":\"https:\/\/www.iplay.com\/wp-content\/uploads\/2023\/11\/Group-6100.svg\",\"contentUrl\":\"https:\/\/www.iplay.com\/wp-content\/uploads\/2023\/11\/Group-6100.svg\",\"width\":98,\"height\":25,\"caption\":\"IPlay\"},\"image\":{\"@id\":\"https:\/\/www.iplay.com\/en\/#\/schema\/logo\/image\/\"}}]}<\/script>\n<!-- \/ Yoast SEO Premium plugin. -->","yoast_head_json":{"title":"Best of Wimmelbild-Vorteilspaket Vol. 8 - Entdecken Sie ein weiteres erstaunliches Wimmelbild-Bundle","robots":{"index":"index","follow":"follow","max-snippet":"max-snippet:-1","max-image-preview":"max-image-preview:large","max-video-preview":"max-video-preview:-1"},"canonical":"https:\/\/www.iplay.com\/de\/games\/best-of-hidden-object-value-pack-vol-8\/","og_locale":"de_DE","og_type":"article","og_title":"Best of Hidden Object Value Pack Vol. 8","og_url":"https:\/\/www.iplay.com\/de\/games\/best-of-hidden-object-value-pack-vol-8\/","og_site_name":"IPlay","og_image":[{"width":310,"height":310,"url":"https:\/\/www.iplay.com\/wp-content\/uploads\/2023\/12\/large_square_tile_image-3643.jpg","type":"image\/jpeg"}],"twitter_card":"summary_large_image","twitter_misc":{"Gesch\u00e4tzte Lesezeit":"1 Minute"},"schema":{"@context":"https:\/\/schema.org","@graph":[{"@type":"WebPage","@id":"https:\/\/www.iplay.com\/de\/games\/best-of-hidden-object-value-pack-vol-8\/","url":"https:\/\/www.iplay.com\/de\/games\/best-of-hidden-object-value-pack-vol-8\/","name":"Best of Wimmelbild-Vorteilspaket Vol. 8 - Entdecken Sie ein weiteres erstaunliches Wimmelbild-Bundle","isPartOf":{"@id":"https:\/\/www.iplay.com\/en\/#website"},"primaryImageOfPage":{"@id":"https:\/\/www.iplay.com\/de\/games\/best-of-hidden-object-value-pack-vol-8\/#primaryimage"},"image":{"@id":"https:\/\/www.iplay.com\/de\/games\/best-of-hidden-object-value-pack-vol-8\/#primaryimage"},"thumbnailUrl":"https:\/\/www.iplay.com\/wp-content\/uploads\/2023\/12\/large_square_tile_image-3643.jpg","datePublished":"2017-11-18T00:00:00+00:00","breadcrumb":{"@id":"https:\/\/www.iplay.com\/de\/games\/best-of-hidden-object-value-pack-vol-8\/#breadcrumb"},"inLanguage":"de-DE","potentialAction":[{"@type":"ReadAction","target":["https:\/\/www.iplay.com\/de\/games\/best-of-hidden-object-value-pack-vol-8\/"]}]},{"@type":"ImageObject","inLanguage":"de-DE","@id":"https:\/\/www.iplay.com\/de\/games\/best-of-hidden-object-value-pack-vol-8\/#primaryimage","url":"https:\/\/www.iplay.com\/wp-content\/uploads\/2023\/12\/large_square_tile_image-3643.jpg","contentUrl":"https:\/\/www.iplay.com\/wp-content\/uploads\/2023\/12\/large_square_tile_image-3643.jpg","width":310,"height":310},{"@type":"BreadcrumbList","@id":"https:\/\/www.iplay.com\/de\/games\/best-of-hidden-object-value-pack-vol-8\/#breadcrumb","itemListElement":[{"@type":"ListItem","position":1,"name":"Home","item":"https:\/\/www.iplay.com\/de\/home-page-2\/"},{"@type":"ListItem","position":2,"name":"Shop","item":"https:\/\/www.iplay.com\/en\/shop\/"},{"@type":"ListItem","position":3,"name":"Best of Hidden Object Value Pack Vol. 8"}]},{"@type":"WebSite","@id":"https:\/\/www.iplay.com\/en\/#website","url":"https:\/\/www.iplay.com\/en\/","name":"IPlay","description":"The Best Casual Games!","publisher":{"@id":"https:\/\/www.iplay.com\/en\/#organization"},"potentialAction":[{"@type":"SearchAction","target":{"@type":"EntryPoint","urlTemplate":"https:\/\/www.iplay.com\/en\/?s={search_term_string}"},"query-input":{"@type":"PropertyValueSpecification","valueRequired":true,"valueName":"search_term_string"}}],"inLanguage":"de-DE"},{"@type":"Organization","@id":"https:\/\/www.iplay.com\/en\/#organization","name":"IPlay","url":"https:\/\/www.iplay.com\/en\/","logo":{"@type":"ImageObject","inLanguage":"de-DE","@id":"https:\/\/www.iplay.com\/en\/#\/schema\/logo\/image\/","url":"https:\/\/www.iplay.com\/wp-content\/uploads\/2023\/11\/Group-6100.svg","contentUrl":"https:\/\/www.iplay.com\/wp-content\/uploads\/2023\/11\/Group-6100.svg","width":98,"height":25,"caption":"IPlay"},"image":{"@id":"https:\/\/www.iplay.com\/en\/#\/schema\/logo\/image\/"}}]}},"_links":{"self":[{"href":"https:\/\/www.iplay.com\/de\/wp-json\/wp\/v2\/product\/143514","targetHints":{"allow":["GET"]}}],"collection":[{"href":"https:\/\/www.iplay.com\/de\/wp-json\/wp\/v2\/product"}],"about":[{"href":"https:\/\/www.iplay.com\/de\/wp-json\/wp\/v2\/types\/product"}],"author":[{"embeddable":true,"href":"https:\/\/www.iplay.com\/de\/wp-json\/wp\/v2\/users\/20"}],"replies":[{"embeddable":true,"href":"https:\/\/www.iplay.com\/de\/wp-json\/wp\/v2\/comments?post=143514"}],"wp:featuredmedia":[{"embeddable":true,"href":"https:\/\/www.iplay.com\/de\/wp-json\/wp\/v2\/media\/98163"}],"wp:attachment":[{"href":"https:\/\/www.iplay.com\/de\/wp-json\/wp\/v2\/media?parent=143514"}],"wp:term":[{"taxonomy":"product_brand","embeddable":true,"href":"https:\/\/www.iplay.com\/de\/wp-json\/wp\/v2\/product_brand?post=143514"},{"taxonomy":"product_cat","embeddable":true,"href":"https:\/\/www.iplay.com\/de\/wp-json\/wp\/v2\/product_cat?post=143514"},{"taxonomy":"product_tag","embeddable":true,"href":"https:\/\/www.iplay.com\/de\/wp-json\/wp\/v2\/product_tag?post=143514"}],"curies":[{"name":"wp","href":"https:\/\/api.w.org\/{rel}","templated":true}]}}