{"id":143463,"date":"2017-10-28T00:00:00","date_gmt":"2017-10-28T00:00:00","guid":{"rendered":"https:\/\/www.iplay.com\/games\/warden-melody-of-the-undergrowth\/"},"modified":"2017-10-28T00:00:00","modified_gmt":"2017-10-28T00:00:00","slug":"warden-melody-of-the-undergrowth","status":"publish","type":"product","link":"https:\/\/www.iplay.com\/de\/games\/warden-melody-of-the-undergrowth\/","title":{"rendered":"Warden: Melody of the Undergrowth"},"content":{"rendered":"<p>Ein junger Prinz, der in einem alten Waldst\u00fcck stecken bleibt, sucht nach einem verlorenen Gott. Hier freundet er sich mit dem Geist eines kleinen Kindes und eines verst\u00f6rten Jungen an, und bald stellen sie fest, dass sich ihre Wege gekreuzt haben. W\u00e4hrend sie eine \u00fcberwucherte Fantasy-Umgebung erkunden, mit ihren eigenartigen und erstaunlichen Bewohnern interagieren und die verzauberten R\u00e4tsel l\u00f6sen, die sie bewachen, \u00fcbernehmen die Spieler die Kontrolle \u00fcber alle drei Helden. All dies wird in einer nicht-linearen, interaktiven Geschichte zusammengefasst, die Loyalit\u00e4ten und echte Absichten hinterfragt. Das Third-Person-Action-Adventure Warden ist von den N64-Klassikern inspiriert. Deine Kampf-, Plattform- und R\u00e4tsell\u00f6sungsf\u00e4higkeiten werden auf die Probe gestellt, w\u00e4hrend du versuchst, zu leben und das Gleichgewicht im Wald wiederherzustellen!     <\/p>\n<p>&nbsp;<\/p>\n<p>&nbsp;<\/p>\n<p><strong>Funktionen:<\/strong><\/p>\n<p>&nbsp;<\/p>\n<p>&#8211; Wechsle zwischen drei spielbaren Charakteren, jeder mit einzigartigen F\u00e4higkeiten, Pers\u00f6nlichkeiten<br \/>\n und Interaktionen- Erkunde eine farbenfrohe, handgemalte 3D-Welt<br \/>\n&#8211; Melodischer Soundtrack in voller L\u00e4nge, der in jedem Level je nach deiner Umgebung<br \/>\n variiert- Story-getriebene Kampagnen, die die Geschichte der Welt und deines Platzes darin<br \/>\n erz\u00e4hlen- Triff die freundlichen Bewohner, die im Wald<br \/>\n ihren Lebensunterhalt verdienen, und handle mit ihnen- Eine lebendige Fantasy-Landschaft voller exotischer Kreaturen und furchterregender Monster &#8211; \u00dcber sechzig verschiedene Waffen mit unterschiedlichen St\u00e4rken und Angriffsstilen<br \/>\n. Nutze jede Waffe, die deine Gegner einsetzen, um sie zu schw\u00e4chen. Mehrere knifflige R\u00e4tsel, Geheimcodes und r\u00e4tselhafte R\u00e4tsel warten auf dich.<\/p>\n","protected":false},"excerpt":{"rendered":"<p>Ein junger Prinz sucht nach einer verschwundenen Gottheit.<\/p>\n","protected":false},"author":61,"featured_media":98389,"comment_status":"open","ping_status":"closed","template":"","meta":{"_acf_changed":false,"inline_featured_image":false},"product_brand":[],"product_cat":[149],"product_tag":[289],"class_list":{"0":"post-143463","1":"product","2":"type-product","3":"status-publish","4":"has-post-thumbnail","6":"product_cat-adventure-de","7":"product_tag-play-on-pc-de","9":"first","10":"instock","11":"shipping-taxable","12":"purchasable","13":"product-type-simple"},"acf":[],"yoast_head":"<!-- This site is optimized with the Yoast SEO Premium plugin v25.2 (Yoast SEO v25.2) - https:\/\/yoast.com\/wordpress\/plugins\/seo\/ -->\n<title>Warden: Melody of the Undergrowth - Folge der Suche eines jungen Prinzen nach einem verlorenen Gott<\/title>\n<meta name=\"robots\" content=\"index, follow, max-snippet:-1, max-image-preview:large, max-video-preview:-1\" \/>\n<link rel=\"canonical\" href=\"https:\/\/www.iplay.com\/de\/games\/warden-melody-of-the-undergrowth\/\" \/>\n<meta property=\"og:locale\" content=\"de_DE\" \/>\n<meta property=\"og:type\" content=\"article\" \/>\n<meta property=\"og:title\" content=\"Warden: Melody of the Undergrowth\" \/>\n<meta property=\"og:url\" content=\"https:\/\/www.iplay.com\/de\/games\/warden-melody-of-the-undergrowth\/\" \/>\n<meta property=\"og:site_name\" content=\"IPlay\" \/>\n<meta property=\"og:image\" content=\"https:\/\/www.iplay.com\/wp-content\/uploads\/2023\/12\/large_square_tile_image-3658.jpg\" \/>\n\t<meta property=\"og:image:width\" content=\"310\" \/>\n\t<meta property=\"og:image:height\" content=\"310\" \/>\n\t<meta property=\"og:image:type\" content=\"image\/jpeg\" \/>\n<meta name=\"twitter:card\" content=\"summary_large_image\" \/>\n<meta name=\"twitter:label1\" content=\"Gesch\u00e4tzte Lesezeit\" \/>\n\t<meta name=\"twitter:data1\" content=\"1 Minute\" \/>\n<script type=\"application\/ld+json\" class=\"yoast-schema-graph\">{\"@context\":\"https:\/\/schema.org\",\"@graph\":[{\"@type\":\"WebPage\",\"@id\":\"https:\/\/www.iplay.com\/de\/games\/warden-melody-of-the-undergrowth\/\",\"url\":\"https:\/\/www.iplay.com\/de\/games\/warden-melody-of-the-undergrowth\/\",\"name\":\"Warden: Melody of the Undergrowth - Folge der Suche eines jungen Prinzen nach einem verlorenen Gott\",\"isPartOf\":{\"@id\":\"https:\/\/www.iplay.com\/en\/#website\"},\"primaryImageOfPage\":{\"@id\":\"https:\/\/www.iplay.com\/de\/games\/warden-melody-of-the-undergrowth\/#primaryimage\"},\"image\":{\"@id\":\"https:\/\/www.iplay.com\/de\/games\/warden-melody-of-the-undergrowth\/#primaryimage\"},\"thumbnailUrl\":\"https:\/\/www.iplay.com\/wp-content\/uploads\/2023\/12\/large_square_tile_image-3658.jpg\",\"datePublished\":\"2017-10-28T00:00:00+00:00\",\"breadcrumb\":{\"@id\":\"https:\/\/www.iplay.com\/de\/games\/warden-melody-of-the-undergrowth\/#breadcrumb\"},\"inLanguage\":\"de-DE\",\"potentialAction\":[{\"@type\":\"ReadAction\",\"target\":[\"https:\/\/www.iplay.com\/de\/games\/warden-melody-of-the-undergrowth\/\"]}]},{\"@type\":\"ImageObject\",\"inLanguage\":\"de-DE\",\"@id\":\"https:\/\/www.iplay.com\/de\/games\/warden-melody-of-the-undergrowth\/#primaryimage\",\"url\":\"https:\/\/www.iplay.com\/wp-content\/uploads\/2023\/12\/large_square_tile_image-3658.jpg\",\"contentUrl\":\"https:\/\/www.iplay.com\/wp-content\/uploads\/2023\/12\/large_square_tile_image-3658.jpg\",\"width\":310,\"height\":310},{\"@type\":\"BreadcrumbList\",\"@id\":\"https:\/\/www.iplay.com\/de\/games\/warden-melody-of-the-undergrowth\/#breadcrumb\",\"itemListElement\":[{\"@type\":\"ListItem\",\"position\":1,\"name\":\"Home\",\"item\":\"https:\/\/www.iplay.com\/de\/home-page-2\/\"},{\"@type\":\"ListItem\",\"position\":2,\"name\":\"Shop\",\"item\":\"https:\/\/www.iplay.com\/en\/shop\/\"},{\"@type\":\"ListItem\",\"position\":3,\"name\":\"Warden: Melody of the Undergrowth\"}]},{\"@type\":\"WebSite\",\"@id\":\"https:\/\/www.iplay.com\/en\/#website\",\"url\":\"https:\/\/www.iplay.com\/en\/\",\"name\":\"IPlay\",\"description\":\"The Best Casual Games!\",\"publisher\":{\"@id\":\"https:\/\/www.iplay.com\/en\/#organization\"},\"potentialAction\":[{\"@type\":\"SearchAction\",\"target\":{\"@type\":\"EntryPoint\",\"urlTemplate\":\"https:\/\/www.iplay.com\/en\/?s={search_term_string}\"},\"query-input\":{\"@type\":\"PropertyValueSpecification\",\"valueRequired\":true,\"valueName\":\"search_term_string\"}}],\"inLanguage\":\"de-DE\"},{\"@type\":\"Organization\",\"@id\":\"https:\/\/www.iplay.com\/en\/#organization\",\"name\":\"IPlay\",\"url\":\"https:\/\/www.iplay.com\/en\/\",\"logo\":{\"@type\":\"ImageObject\",\"inLanguage\":\"de-DE\",\"@id\":\"https:\/\/www.iplay.com\/en\/#\/schema\/logo\/image\/\",\"url\":\"https:\/\/www.iplay.com\/wp-content\/uploads\/2023\/11\/Group-6100.svg\",\"contentUrl\":\"https:\/\/www.iplay.com\/wp-content\/uploads\/2023\/11\/Group-6100.svg\",\"width\":98,\"height\":25,\"caption\":\"IPlay\"},\"image\":{\"@id\":\"https:\/\/www.iplay.com\/en\/#\/schema\/logo\/image\/\"}}]}<\/script>\n<!-- \/ Yoast SEO Premium plugin. -->","yoast_head_json":{"title":"Warden: Melody of the Undergrowth - Folge der Suche eines jungen Prinzen nach einem verlorenen Gott","robots":{"index":"index","follow":"follow","max-snippet":"max-snippet:-1","max-image-preview":"max-image-preview:large","max-video-preview":"max-video-preview:-1"},"canonical":"https:\/\/www.iplay.com\/de\/games\/warden-melody-of-the-undergrowth\/","og_locale":"de_DE","og_type":"article","og_title":"Warden: Melody of the Undergrowth","og_url":"https:\/\/www.iplay.com\/de\/games\/warden-melody-of-the-undergrowth\/","og_site_name":"IPlay","og_image":[{"width":310,"height":310,"url":"https:\/\/www.iplay.com\/wp-content\/uploads\/2023\/12\/large_square_tile_image-3658.jpg","type":"image\/jpeg"}],"twitter_card":"summary_large_image","twitter_misc":{"Gesch\u00e4tzte Lesezeit":"1 Minute"},"schema":{"@context":"https:\/\/schema.org","@graph":[{"@type":"WebPage","@id":"https:\/\/www.iplay.com\/de\/games\/warden-melody-of-the-undergrowth\/","url":"https:\/\/www.iplay.com\/de\/games\/warden-melody-of-the-undergrowth\/","name":"Warden: Melody of the Undergrowth - Folge der Suche eines jungen Prinzen nach einem verlorenen Gott","isPartOf":{"@id":"https:\/\/www.iplay.com\/en\/#website"},"primaryImageOfPage":{"@id":"https:\/\/www.iplay.com\/de\/games\/warden-melody-of-the-undergrowth\/#primaryimage"},"image":{"@id":"https:\/\/www.iplay.com\/de\/games\/warden-melody-of-the-undergrowth\/#primaryimage"},"thumbnailUrl":"https:\/\/www.iplay.com\/wp-content\/uploads\/2023\/12\/large_square_tile_image-3658.jpg","datePublished":"2017-10-28T00:00:00+00:00","breadcrumb":{"@id":"https:\/\/www.iplay.com\/de\/games\/warden-melody-of-the-undergrowth\/#breadcrumb"},"inLanguage":"de-DE","potentialAction":[{"@type":"ReadAction","target":["https:\/\/www.iplay.com\/de\/games\/warden-melody-of-the-undergrowth\/"]}]},{"@type":"ImageObject","inLanguage":"de-DE","@id":"https:\/\/www.iplay.com\/de\/games\/warden-melody-of-the-undergrowth\/#primaryimage","url":"https:\/\/www.iplay.com\/wp-content\/uploads\/2023\/12\/large_square_tile_image-3658.jpg","contentUrl":"https:\/\/www.iplay.com\/wp-content\/uploads\/2023\/12\/large_square_tile_image-3658.jpg","width":310,"height":310},{"@type":"BreadcrumbList","@id":"https:\/\/www.iplay.com\/de\/games\/warden-melody-of-the-undergrowth\/#breadcrumb","itemListElement":[{"@type":"ListItem","position":1,"name":"Home","item":"https:\/\/www.iplay.com\/de\/home-page-2\/"},{"@type":"ListItem","position":2,"name":"Shop","item":"https:\/\/www.iplay.com\/en\/shop\/"},{"@type":"ListItem","position":3,"name":"Warden: Melody of the Undergrowth"}]},{"@type":"WebSite","@id":"https:\/\/www.iplay.com\/en\/#website","url":"https:\/\/www.iplay.com\/en\/","name":"IPlay","description":"The Best Casual Games!","publisher":{"@id":"https:\/\/www.iplay.com\/en\/#organization"},"potentialAction":[{"@type":"SearchAction","target":{"@type":"EntryPoint","urlTemplate":"https:\/\/www.iplay.com\/en\/?s={search_term_string}"},"query-input":{"@type":"PropertyValueSpecification","valueRequired":true,"valueName":"search_term_string"}}],"inLanguage":"de-DE"},{"@type":"Organization","@id":"https:\/\/www.iplay.com\/en\/#organization","name":"IPlay","url":"https:\/\/www.iplay.com\/en\/","logo":{"@type":"ImageObject","inLanguage":"de-DE","@id":"https:\/\/www.iplay.com\/en\/#\/schema\/logo\/image\/","url":"https:\/\/www.iplay.com\/wp-content\/uploads\/2023\/11\/Group-6100.svg","contentUrl":"https:\/\/www.iplay.com\/wp-content\/uploads\/2023\/11\/Group-6100.svg","width":98,"height":25,"caption":"IPlay"},"image":{"@id":"https:\/\/www.iplay.com\/en\/#\/schema\/logo\/image\/"}}]}},"_links":{"self":[{"href":"https:\/\/www.iplay.com\/de\/wp-json\/wp\/v2\/product\/143463","targetHints":{"allow":["GET"]}}],"collection":[{"href":"https:\/\/www.iplay.com\/de\/wp-json\/wp\/v2\/product"}],"about":[{"href":"https:\/\/www.iplay.com\/de\/wp-json\/wp\/v2\/types\/product"}],"author":[{"embeddable":true,"href":"https:\/\/www.iplay.com\/de\/wp-json\/wp\/v2\/users\/61"}],"replies":[{"embeddable":true,"href":"https:\/\/www.iplay.com\/de\/wp-json\/wp\/v2\/comments?post=143463"}],"wp:featuredmedia":[{"embeddable":true,"href":"https:\/\/www.iplay.com\/de\/wp-json\/wp\/v2\/media\/98389"}],"wp:attachment":[{"href":"https:\/\/www.iplay.com\/de\/wp-json\/wp\/v2\/media?parent=143463"}],"wp:term":[{"taxonomy":"product_brand","embeddable":true,"href":"https:\/\/www.iplay.com\/de\/wp-json\/wp\/v2\/product_brand?post=143463"},{"taxonomy":"product_cat","embeddable":true,"href":"https:\/\/www.iplay.com\/de\/wp-json\/wp\/v2\/product_cat?post=143463"},{"taxonomy":"product_tag","embeddable":true,"href":"https:\/\/www.iplay.com\/de\/wp-json\/wp\/v2\/product_tag?post=143463"}],"curies":[{"name":"wp","href":"https:\/\/api.w.org\/{rel}","templated":true}]}}