{"id":143403,"date":"2017-10-12T00:00:00","date_gmt":"2017-10-12T00:00:00","guid":{"rendered":"https:\/\/www.iplay.com\/games\/cubis-kingdoms-collectors-edition\/"},"modified":"2017-10-12T00:00:00","modified_gmt":"2017-10-12T00:00:00","slug":"cubis-kingdoms-collectors-edition","status":"publish","type":"product","link":"https:\/\/www.iplay.com\/de\/games\/cubis-kingdoms-collectors-edition\/","title":{"rendered":"Cubis Kingdoms Collector&#8217;s Edition"},"content":{"rendered":"<p>Mit der <strong>Cubicis Kingdoms Collector&#8217;s Edition<\/strong> ist es eine ganz neue Welt. Fans von Cubis werden mit dem ber\u00fchmt unverwechselbaren dreidimensionalen Gameplay vertraut sein, aber mit einer v\u00f6llig neuen Wendung. Dieses Mal kommt es auf jedes Spiel an. Um die wertvollen Komponenten zu sammeln, die f\u00fcr den Wiederaufbau des K\u00f6nigreichs ben\u00f6tigt werden, z\u00fcndest du Streichh\u00f6lzer. Elixiere, die Menschen und Tiere in ihr ehemals verfluchtes Land zur\u00fcckbringen, k\u00f6nnen durch das Abr\u00e4umen des Spielbretts erhalten werden.    <\/p>\n<p>&nbsp;<\/p>\n<p>Triff deine liebenswerten und unterst\u00fctzenden Freunde auf der Stra\u00dfe, die dich mit aufregenden neuen Power-Ups versorgen, die dir helfen, voranzukommen. Sprenge W\u00fcrfel, zerst\u00f6re strategisch Reihen und eliminiere jedes Hindernis auf deinem Weg. <\/p>\n<p>&nbsp;<\/p>\n<p>Es gibt 200 Levels zum Durchspielen und sechs verr\u00fcckte Bereiche, so dass der Spa\u00df nie endet.<\/p>\n<p>&nbsp;<\/p>\n<p>Wollen Sie sich auf dieses Abenteuer einlassen? <strong>Die Collector&#8217;s Edition von Cubis Kingdoms<\/strong> bietet dreimal so unterhaltsame R\u00e4tsel. Freuen Sie sich zun\u00e4chst an dynamischen Levels, die eine v\u00f6llig neue Art des strategischen Spiels bieten, bei denen nach jedem Zug frische W\u00fcrfel erscheinen. Ziehen Sie Ihre Denkausr\u00fcstung an und begeben Sie sich zu den Puzzle-Herausforderungsleveln. Versuchen Sie, diese Probleme zu l\u00f6sen, bevor die Anzahl Ihrer Z\u00fcge abgelaufen ist. Zu guter Letzt m\u00fcssen die Spieler einen l\u00e4stigen Wasserspeier besiegen, der als Boss bekannt ist und das Brett verflucht, w\u00e4hrend sie sich ihren Weg zum Sieg bahnen, um zum n\u00e4chsten Kapitel zu gelangen.    <\/p>\n<p>&nbsp;<\/p>\n<p>Das Vergn\u00fcgen in <strong>der Cubis Kingdoms Collector&#8217;s Edition<\/strong> endet nicht, nachdem das Level beendet ist. Um den r\u00e4tselhaften Fluch aufzuheben und ihr Land wieder zu seiner fr\u00fcheren Pracht zu f\u00fchren, m\u00fcssen die Spieler die Elemente ausgeben, die sie verdient haben. Die Spieler k\u00f6nnen die Lebenselixiere verwenden, die sie durch das Abr\u00e4umen der Bretter erhalten, um die Bewohner des K\u00f6nigreichs zur\u00fcckzurufen und die Wiederherstellung abzuschlie\u00dfen, wenn ihre Lebensr\u00e4ume wiederhergestellt sind. Klingt au\u00dferdem spannend? Ja ist es! Probieren Sie es gleich aus, um das K\u00f6nigreich wieder in seiner schillernden Pracht erstrahlen zu lassen.     <\/p>\n<p>&nbsp;<\/p>\n<p>&nbsp;<\/p>\n<p><strong>Funktionen:<\/strong><\/p>\n<ul>\n<li>Hintergrundbilder, Avatare der Hauptcharaktere, Konzeptzeichnungen f\u00fcr Karten, Charaktere, Viecher, W\u00fcrfel und Power-Ups, 50 Bonuslevel, die auf der Karte vergraben sind, und aufnehmbare Audiospur<\/li>\n<li>Sechs Kapitel auf 150 Levels<\/li>\n<li>Die CUBES ZUM TAUSCHEN! Glaubst du, dass es mit deinem n\u00e4chsten W\u00fcrfel eine bessere \u00dcbereinstimmung geben wird? Kein Problem! Du kannst jetzt die W\u00fcrfel in deiner Warteschlange wechseln!   <\/li>\n<\/ul>\n<p>&nbsp;<\/p>\n","protected":false},"excerpt":{"rendered":"<p>Z\u00fcnden Sie ein Streichholz an. Sammeln Sie Komponenten. Rette den Planeten!  <\/p>\n","protected":false},"author":4,"featured_media":105315,"comment_status":"open","ping_status":"closed","template":"","meta":{"_acf_changed":false,"inline_featured_image":false},"product_brand":[],"product_cat":[176],"product_tag":[289],"class_list":{"0":"post-143403","1":"product","2":"type-product","3":"status-publish","4":"has-post-thumbnail","6":"product_cat-match-3-de","7":"product_tag-play-on-pc-de","9":"first","10":"instock","11":"shipping-taxable","12":"purchasable","13":"product-type-simple"},"acf":[],"yoast_head":"<!-- This site is optimized with the Yoast SEO Premium plugin v25.2 (Yoast SEO v25.2) - https:\/\/yoast.com\/wordpress\/plugins\/seo\/ -->\n<title>Cubis Kingdoms Collector&#039;s Edition - Finde Matches, sammle Elemente und rette die Welt<\/title>\n<meta name=\"description\" content=\"Z\u00fcnden Sie ein Streichholz an. Sammeln Sie Komponenten. Rette den Planeten!\" \/>\n<meta name=\"robots\" content=\"index, follow, max-snippet:-1, max-image-preview:large, max-video-preview:-1\" \/>\n<link rel=\"canonical\" href=\"https:\/\/www.iplay.com\/de\/games\/cubis-kingdoms-collectors-edition\/\" \/>\n<meta property=\"og:locale\" content=\"de_DE\" \/>\n<meta property=\"og:type\" content=\"article\" \/>\n<meta property=\"og:title\" content=\"Cubis Kingdoms Collector&#039;s Edition\" \/>\n<meta property=\"og:description\" content=\"Z\u00fcnden Sie ein Streichholz an. Sammeln Sie Komponenten. Rette den Planeten!\" \/>\n<meta property=\"og:url\" content=\"https:\/\/www.iplay.com\/de\/games\/cubis-kingdoms-collectors-edition\/\" \/>\n<meta property=\"og:site_name\" content=\"IPlay\" \/>\n<meta property=\"og:image\" content=\"https:\/\/www.iplay.com\/wp-content\/uploads\/2023\/12\/large_square_tile_image-4100.jpg\" \/>\n\t<meta property=\"og:image:width\" content=\"310\" \/>\n\t<meta property=\"og:image:height\" content=\"310\" \/>\n\t<meta property=\"og:image:type\" content=\"image\/jpeg\" \/>\n<meta name=\"twitter:card\" content=\"summary_large_image\" \/>\n<meta name=\"twitter:label1\" content=\"Gesch\u00e4tzte Lesezeit\" \/>\n\t<meta name=\"twitter:data1\" content=\"2 Minuten\" \/>\n<script type=\"application\/ld+json\" class=\"yoast-schema-graph\">{\"@context\":\"https:\/\/schema.org\",\"@graph\":[{\"@type\":\"WebPage\",\"@id\":\"https:\/\/www.iplay.com\/de\/games\/cubis-kingdoms-collectors-edition\/\",\"url\":\"https:\/\/www.iplay.com\/de\/games\/cubis-kingdoms-collectors-edition\/\",\"name\":\"Cubis Kingdoms Collector's Edition - Finde Matches, sammle Elemente und rette die Welt\",\"isPartOf\":{\"@id\":\"https:\/\/www.iplay.com\/en\/#website\"},\"primaryImageOfPage\":{\"@id\":\"https:\/\/www.iplay.com\/de\/games\/cubis-kingdoms-collectors-edition\/#primaryimage\"},\"image\":{\"@id\":\"https:\/\/www.iplay.com\/de\/games\/cubis-kingdoms-collectors-edition\/#primaryimage\"},\"thumbnailUrl\":\"https:\/\/www.iplay.com\/wp-content\/uploads\/2023\/12\/large_square_tile_image-4100.jpg\",\"datePublished\":\"2017-10-12T00:00:00+00:00\",\"description\":\"Z\u00fcnden Sie ein Streichholz an. Sammeln Sie Komponenten. Rette den Planeten!\",\"breadcrumb\":{\"@id\":\"https:\/\/www.iplay.com\/de\/games\/cubis-kingdoms-collectors-edition\/#breadcrumb\"},\"inLanguage\":\"de-DE\",\"potentialAction\":[{\"@type\":\"ReadAction\",\"target\":[\"https:\/\/www.iplay.com\/de\/games\/cubis-kingdoms-collectors-edition\/\"]}]},{\"@type\":\"ImageObject\",\"inLanguage\":\"de-DE\",\"@id\":\"https:\/\/www.iplay.com\/de\/games\/cubis-kingdoms-collectors-edition\/#primaryimage\",\"url\":\"https:\/\/www.iplay.com\/wp-content\/uploads\/2023\/12\/large_square_tile_image-4100.jpg\",\"contentUrl\":\"https:\/\/www.iplay.com\/wp-content\/uploads\/2023\/12\/large_square_tile_image-4100.jpg\",\"width\":310,\"height\":310},{\"@type\":\"BreadcrumbList\",\"@id\":\"https:\/\/www.iplay.com\/de\/games\/cubis-kingdoms-collectors-edition\/#breadcrumb\",\"itemListElement\":[{\"@type\":\"ListItem\",\"position\":1,\"name\":\"Home\",\"item\":\"https:\/\/www.iplay.com\/de\/home-page-2\/\"},{\"@type\":\"ListItem\",\"position\":2,\"name\":\"Shop\",\"item\":\"https:\/\/www.iplay.com\/en\/shop\/\"},{\"@type\":\"ListItem\",\"position\":3,\"name\":\"Cubis Kingdoms Collector&#8217;s Edition\"}]},{\"@type\":\"WebSite\",\"@id\":\"https:\/\/www.iplay.com\/en\/#website\",\"url\":\"https:\/\/www.iplay.com\/en\/\",\"name\":\"IPlay\",\"description\":\"The Best Casual Games!\",\"publisher\":{\"@id\":\"https:\/\/www.iplay.com\/en\/#organization\"},\"potentialAction\":[{\"@type\":\"SearchAction\",\"target\":{\"@type\":\"EntryPoint\",\"urlTemplate\":\"https:\/\/www.iplay.com\/en\/?s={search_term_string}\"},\"query-input\":{\"@type\":\"PropertyValueSpecification\",\"valueRequired\":true,\"valueName\":\"search_term_string\"}}],\"inLanguage\":\"de-DE\"},{\"@type\":\"Organization\",\"@id\":\"https:\/\/www.iplay.com\/en\/#organization\",\"name\":\"IPlay\",\"url\":\"https:\/\/www.iplay.com\/en\/\",\"logo\":{\"@type\":\"ImageObject\",\"inLanguage\":\"de-DE\",\"@id\":\"https:\/\/www.iplay.com\/en\/#\/schema\/logo\/image\/\",\"url\":\"https:\/\/www.iplay.com\/wp-content\/uploads\/2023\/11\/Group-6100.svg\",\"contentUrl\":\"https:\/\/www.iplay.com\/wp-content\/uploads\/2023\/11\/Group-6100.svg\",\"width\":98,\"height\":25,\"caption\":\"IPlay\"},\"image\":{\"@id\":\"https:\/\/www.iplay.com\/en\/#\/schema\/logo\/image\/\"}}]}<\/script>\n<!-- \/ Yoast SEO Premium plugin. -->","yoast_head_json":{"title":"Cubis Kingdoms Collector's Edition - Finde Matches, sammle Elemente und rette die Welt","description":"Z\u00fcnden Sie ein Streichholz an. Sammeln Sie Komponenten. Rette den Planeten!","robots":{"index":"index","follow":"follow","max-snippet":"max-snippet:-1","max-image-preview":"max-image-preview:large","max-video-preview":"max-video-preview:-1"},"canonical":"https:\/\/www.iplay.com\/de\/games\/cubis-kingdoms-collectors-edition\/","og_locale":"de_DE","og_type":"article","og_title":"Cubis Kingdoms Collector's Edition","og_description":"Z\u00fcnden Sie ein Streichholz an. Sammeln Sie Komponenten. Rette den Planeten!","og_url":"https:\/\/www.iplay.com\/de\/games\/cubis-kingdoms-collectors-edition\/","og_site_name":"IPlay","og_image":[{"width":310,"height":310,"url":"https:\/\/www.iplay.com\/wp-content\/uploads\/2023\/12\/large_square_tile_image-4100.jpg","type":"image\/jpeg"}],"twitter_card":"summary_large_image","twitter_misc":{"Gesch\u00e4tzte Lesezeit":"2 Minuten"},"schema":{"@context":"https:\/\/schema.org","@graph":[{"@type":"WebPage","@id":"https:\/\/www.iplay.com\/de\/games\/cubis-kingdoms-collectors-edition\/","url":"https:\/\/www.iplay.com\/de\/games\/cubis-kingdoms-collectors-edition\/","name":"Cubis Kingdoms Collector's Edition - Finde Matches, sammle Elemente und rette die Welt","isPartOf":{"@id":"https:\/\/www.iplay.com\/en\/#website"},"primaryImageOfPage":{"@id":"https:\/\/www.iplay.com\/de\/games\/cubis-kingdoms-collectors-edition\/#primaryimage"},"image":{"@id":"https:\/\/www.iplay.com\/de\/games\/cubis-kingdoms-collectors-edition\/#primaryimage"},"thumbnailUrl":"https:\/\/www.iplay.com\/wp-content\/uploads\/2023\/12\/large_square_tile_image-4100.jpg","datePublished":"2017-10-12T00:00:00+00:00","description":"Z\u00fcnden Sie ein Streichholz an. Sammeln Sie Komponenten. Rette den Planeten!","breadcrumb":{"@id":"https:\/\/www.iplay.com\/de\/games\/cubis-kingdoms-collectors-edition\/#breadcrumb"},"inLanguage":"de-DE","potentialAction":[{"@type":"ReadAction","target":["https:\/\/www.iplay.com\/de\/games\/cubis-kingdoms-collectors-edition\/"]}]},{"@type":"ImageObject","inLanguage":"de-DE","@id":"https:\/\/www.iplay.com\/de\/games\/cubis-kingdoms-collectors-edition\/#primaryimage","url":"https:\/\/www.iplay.com\/wp-content\/uploads\/2023\/12\/large_square_tile_image-4100.jpg","contentUrl":"https:\/\/www.iplay.com\/wp-content\/uploads\/2023\/12\/large_square_tile_image-4100.jpg","width":310,"height":310},{"@type":"BreadcrumbList","@id":"https:\/\/www.iplay.com\/de\/games\/cubis-kingdoms-collectors-edition\/#breadcrumb","itemListElement":[{"@type":"ListItem","position":1,"name":"Home","item":"https:\/\/www.iplay.com\/de\/home-page-2\/"},{"@type":"ListItem","position":2,"name":"Shop","item":"https:\/\/www.iplay.com\/en\/shop\/"},{"@type":"ListItem","position":3,"name":"Cubis Kingdoms Collector&#8217;s Edition"}]},{"@type":"WebSite","@id":"https:\/\/www.iplay.com\/en\/#website","url":"https:\/\/www.iplay.com\/en\/","name":"IPlay","description":"The Best Casual Games!","publisher":{"@id":"https:\/\/www.iplay.com\/en\/#organization"},"potentialAction":[{"@type":"SearchAction","target":{"@type":"EntryPoint","urlTemplate":"https:\/\/www.iplay.com\/en\/?s={search_term_string}"},"query-input":{"@type":"PropertyValueSpecification","valueRequired":true,"valueName":"search_term_string"}}],"inLanguage":"de-DE"},{"@type":"Organization","@id":"https:\/\/www.iplay.com\/en\/#organization","name":"IPlay","url":"https:\/\/www.iplay.com\/en\/","logo":{"@type":"ImageObject","inLanguage":"de-DE","@id":"https:\/\/www.iplay.com\/en\/#\/schema\/logo\/image\/","url":"https:\/\/www.iplay.com\/wp-content\/uploads\/2023\/11\/Group-6100.svg","contentUrl":"https:\/\/www.iplay.com\/wp-content\/uploads\/2023\/11\/Group-6100.svg","width":98,"height":25,"caption":"IPlay"},"image":{"@id":"https:\/\/www.iplay.com\/en\/#\/schema\/logo\/image\/"}}]}},"_links":{"self":[{"href":"https:\/\/www.iplay.com\/de\/wp-json\/wp\/v2\/product\/143403","targetHints":{"allow":["GET"]}}],"collection":[{"href":"https:\/\/www.iplay.com\/de\/wp-json\/wp\/v2\/product"}],"about":[{"href":"https:\/\/www.iplay.com\/de\/wp-json\/wp\/v2\/types\/product"}],"author":[{"embeddable":true,"href":"https:\/\/www.iplay.com\/de\/wp-json\/wp\/v2\/users\/4"}],"replies":[{"embeddable":true,"href":"https:\/\/www.iplay.com\/de\/wp-json\/wp\/v2\/comments?post=143403"}],"wp:featuredmedia":[{"embeddable":true,"href":"https:\/\/www.iplay.com\/de\/wp-json\/wp\/v2\/media\/105315"}],"wp:attachment":[{"href":"https:\/\/www.iplay.com\/de\/wp-json\/wp\/v2\/media?parent=143403"}],"wp:term":[{"taxonomy":"product_brand","embeddable":true,"href":"https:\/\/www.iplay.com\/de\/wp-json\/wp\/v2\/product_brand?post=143403"},{"taxonomy":"product_cat","embeddable":true,"href":"https:\/\/www.iplay.com\/de\/wp-json\/wp\/v2\/product_cat?post=143403"},{"taxonomy":"product_tag","embeddable":true,"href":"https:\/\/www.iplay.com\/de\/wp-json\/wp\/v2\/product_tag?post=143403"}],"curies":[{"name":"wp","href":"https:\/\/api.w.org\/{rel}","templated":true}]}}