{"id":143047,"date":"2018-01-06T00:00:00","date_gmt":"2018-01-06T00:00:00","guid":{"rendered":"https:\/\/www.iplay.com\/games\/detective-solitaire-inspector-magic-and-the-forbidden-magic\/"},"modified":"2018-01-06T00:00:00","modified_gmt":"2018-01-06T00:00:00","slug":"detective-solitaire-inspector-magic-and-the-forbidden-magic","status":"publish","type":"product","link":"https:\/\/www.iplay.com\/de\/games\/detective-solitaire-inspector-magic-and-the-forbidden-magic\/","title":{"rendered":"Detective Solitaire &#8211; Inspector Magic and the Forbidden Magic"},"content":{"rendered":"<p>Sind Sie bereit, den Fall des Jahrhunderts zu knacken? Schlie\u00dfe dich Inspector Magic an und verhindere, dass das B\u00f6se gewinnt! Untersuchen Sie 12 verschiedene Websites, die mit dem Verbrechen in Verbindung stehen! Erf\u00fclle Missionen und finde Hinweise, die dir helfen, das Geheimnis zu l\u00fcften! Auf deinem Abenteuer wirst du auf viele herausfordernde Kartenspiele sto\u00dfen, aber du kannst damit umgehen! Zum Beispiel Solit\u00e4r spielen, F\u00e4lle von Mordkommissaren l\u00f6sen, Hinweise analysieren, gef\u00e4hrliche Kriminelle festnehmen oder vielleicht haben Sie schon immer davon getr\u00e4umt, in einem magischen Land zu leben? Dieses Spiel wird dann zweifellos Spa\u00df machen! Das Zaubereiministerium braucht deine Hilfe!       <\/p>\n<p>&nbsp;<\/p>\n<p>&nbsp;<\/p>\n<p><strong>Funktionen:<\/strong><\/p>\n<p>&nbsp;<\/p>\n<p>&#8211; Spielen Sie das Kartenspiel Solit\u00e4r und bauen Sie Kartenketten!<br \/>\n&#8211; Es wird nie langweilig wegen der unglaublich interessanten Levels!<br \/>\n&#8211; Mit seiner lebendigen Grafik und der fesselnden Piratenmusik ist dieser Solit\u00e4r ein Gewinner!<br \/>\n&#8211; Joker erm\u00f6glichen es dir, Karten schneller abzuwerfen und gleichzeitig den Combo-Multiplikator zu erh\u00f6hen, was deine M\u00fcnzeinnahmen erh\u00f6ht!<\/p>\n","protected":false},"excerpt":{"rendered":"<p>Begeben Sie sich jetzt in ein Reich der Magie!<\/p>\n","protected":false},"author":13,"featured_media":101939,"comment_status":"open","ping_status":"closed","template":"","meta":{"_acf_changed":false,"inline_featured_image":false},"product_brand":[],"product_cat":[157,206],"product_tag":[289],"class_list":{"0":"post-143047","1":"product","2":"type-product","3":"status-publish","4":"has-post-thumbnail","6":"product_cat-card-de-2","7":"product_cat-solitaire-de","8":"product_tag-play-on-pc-de","10":"first","11":"instock","12":"shipping-taxable","13":"purchasable","14":"product-type-simple"},"acf":[],"yoast_head":"<!-- This site is optimized with the Yoast SEO Premium plugin v25.2 (Yoast SEO v25.2) - https:\/\/yoast.com\/wordpress\/plugins\/seo\/ -->\n<title>Detective Solit\u00e4r - Inspektor Magie und die verbotene Magie - Besuche eine magische Welt in Inspektor Magie und die verbotene Magie<\/title>\n<meta name=\"robots\" content=\"index, follow, max-snippet:-1, max-image-preview:large, max-video-preview:-1\" \/>\n<link rel=\"canonical\" href=\"https:\/\/www.iplay.com\/de\/games\/detective-solitaire-inspector-magic-and-the-forbidden-magic\/\" \/>\n<meta property=\"og:locale\" content=\"de_DE\" \/>\n<meta property=\"og:type\" content=\"article\" \/>\n<meta property=\"og:title\" content=\"Detective Solitaire - Inspector Magic and the Forbidden Magic\" \/>\n<meta property=\"og:url\" content=\"https:\/\/www.iplay.com\/de\/games\/detective-solitaire-inspector-magic-and-the-forbidden-magic\/\" \/>\n<meta property=\"og:site_name\" content=\"IPlay\" \/>\n<meta property=\"og:image\" content=\"https:\/\/www.iplay.com\/wp-content\/uploads\/2023\/12\/large_square_tile_image-3883.jpg\" \/>\n\t<meta property=\"og:image:width\" content=\"310\" \/>\n\t<meta property=\"og:image:height\" content=\"310\" \/>\n\t<meta property=\"og:image:type\" content=\"image\/jpeg\" \/>\n<meta name=\"twitter:card\" content=\"summary_large_image\" \/>\n<meta name=\"twitter:label1\" content=\"Gesch\u00e4tzte Lesezeit\" \/>\n\t<meta name=\"twitter:data1\" content=\"1 Minute\" \/>\n<script type=\"application\/ld+json\" class=\"yoast-schema-graph\">{\"@context\":\"https:\/\/schema.org\",\"@graph\":[{\"@type\":\"WebPage\",\"@id\":\"https:\/\/www.iplay.com\/de\/games\/detective-solitaire-inspector-magic-and-the-forbidden-magic\/\",\"url\":\"https:\/\/www.iplay.com\/de\/games\/detective-solitaire-inspector-magic-and-the-forbidden-magic\/\",\"name\":\"Detective Solit\u00e4r - Inspektor Magie und die verbotene Magie - Besuche eine magische Welt in Inspektor Magie und die verbotene Magie\",\"isPartOf\":{\"@id\":\"https:\/\/www.iplay.com\/en\/#website\"},\"primaryImageOfPage\":{\"@id\":\"https:\/\/www.iplay.com\/de\/games\/detective-solitaire-inspector-magic-and-the-forbidden-magic\/#primaryimage\"},\"image\":{\"@id\":\"https:\/\/www.iplay.com\/de\/games\/detective-solitaire-inspector-magic-and-the-forbidden-magic\/#primaryimage\"},\"thumbnailUrl\":\"https:\/\/www.iplay.com\/wp-content\/uploads\/2023\/12\/large_square_tile_image-3883.jpg\",\"datePublished\":\"2018-01-06T00:00:00+00:00\",\"breadcrumb\":{\"@id\":\"https:\/\/www.iplay.com\/de\/games\/detective-solitaire-inspector-magic-and-the-forbidden-magic\/#breadcrumb\"},\"inLanguage\":\"de-DE\",\"potentialAction\":[{\"@type\":\"ReadAction\",\"target\":[\"https:\/\/www.iplay.com\/de\/games\/detective-solitaire-inspector-magic-and-the-forbidden-magic\/\"]}]},{\"@type\":\"ImageObject\",\"inLanguage\":\"de-DE\",\"@id\":\"https:\/\/www.iplay.com\/de\/games\/detective-solitaire-inspector-magic-and-the-forbidden-magic\/#primaryimage\",\"url\":\"https:\/\/www.iplay.com\/wp-content\/uploads\/2023\/12\/large_square_tile_image-3883.jpg\",\"contentUrl\":\"https:\/\/www.iplay.com\/wp-content\/uploads\/2023\/12\/large_square_tile_image-3883.jpg\",\"width\":310,\"height\":310},{\"@type\":\"BreadcrumbList\",\"@id\":\"https:\/\/www.iplay.com\/de\/games\/detective-solitaire-inspector-magic-and-the-forbidden-magic\/#breadcrumb\",\"itemListElement\":[{\"@type\":\"ListItem\",\"position\":1,\"name\":\"Home\",\"item\":\"https:\/\/www.iplay.com\/de\/home-page-2\/\"},{\"@type\":\"ListItem\",\"position\":2,\"name\":\"Shop\",\"item\":\"https:\/\/www.iplay.com\/en\/shop\/\"},{\"@type\":\"ListItem\",\"position\":3,\"name\":\"Detective Solitaire &#8211; Inspector Magic and the Forbidden Magic\"}]},{\"@type\":\"WebSite\",\"@id\":\"https:\/\/www.iplay.com\/en\/#website\",\"url\":\"https:\/\/www.iplay.com\/en\/\",\"name\":\"IPlay\",\"description\":\"The Best Casual Games!\",\"publisher\":{\"@id\":\"https:\/\/www.iplay.com\/en\/#organization\"},\"potentialAction\":[{\"@type\":\"SearchAction\",\"target\":{\"@type\":\"EntryPoint\",\"urlTemplate\":\"https:\/\/www.iplay.com\/en\/?s={search_term_string}\"},\"query-input\":{\"@type\":\"PropertyValueSpecification\",\"valueRequired\":true,\"valueName\":\"search_term_string\"}}],\"inLanguage\":\"de-DE\"},{\"@type\":\"Organization\",\"@id\":\"https:\/\/www.iplay.com\/en\/#organization\",\"name\":\"IPlay\",\"url\":\"https:\/\/www.iplay.com\/en\/\",\"logo\":{\"@type\":\"ImageObject\",\"inLanguage\":\"de-DE\",\"@id\":\"https:\/\/www.iplay.com\/en\/#\/schema\/logo\/image\/\",\"url\":\"https:\/\/www.iplay.com\/wp-content\/uploads\/2023\/11\/Group-6100.svg\",\"contentUrl\":\"https:\/\/www.iplay.com\/wp-content\/uploads\/2023\/11\/Group-6100.svg\",\"width\":98,\"height\":25,\"caption\":\"IPlay\"},\"image\":{\"@id\":\"https:\/\/www.iplay.com\/en\/#\/schema\/logo\/image\/\"}}]}<\/script>\n<!-- \/ Yoast SEO Premium plugin. -->","yoast_head_json":{"title":"Detective Solit\u00e4r - Inspektor Magie und die verbotene Magie - Besuche eine magische Welt in Inspektor Magie und die verbotene Magie","robots":{"index":"index","follow":"follow","max-snippet":"max-snippet:-1","max-image-preview":"max-image-preview:large","max-video-preview":"max-video-preview:-1"},"canonical":"https:\/\/www.iplay.com\/de\/games\/detective-solitaire-inspector-magic-and-the-forbidden-magic\/","og_locale":"de_DE","og_type":"article","og_title":"Detective Solitaire - Inspector Magic and the Forbidden Magic","og_url":"https:\/\/www.iplay.com\/de\/games\/detective-solitaire-inspector-magic-and-the-forbidden-magic\/","og_site_name":"IPlay","og_image":[{"width":310,"height":310,"url":"https:\/\/www.iplay.com\/wp-content\/uploads\/2023\/12\/large_square_tile_image-3883.jpg","type":"image\/jpeg"}],"twitter_card":"summary_large_image","twitter_misc":{"Gesch\u00e4tzte Lesezeit":"1 Minute"},"schema":{"@context":"https:\/\/schema.org","@graph":[{"@type":"WebPage","@id":"https:\/\/www.iplay.com\/de\/games\/detective-solitaire-inspector-magic-and-the-forbidden-magic\/","url":"https:\/\/www.iplay.com\/de\/games\/detective-solitaire-inspector-magic-and-the-forbidden-magic\/","name":"Detective Solit\u00e4r - Inspektor Magie und die verbotene Magie - Besuche eine magische Welt in Inspektor Magie und die verbotene Magie","isPartOf":{"@id":"https:\/\/www.iplay.com\/en\/#website"},"primaryImageOfPage":{"@id":"https:\/\/www.iplay.com\/de\/games\/detective-solitaire-inspector-magic-and-the-forbidden-magic\/#primaryimage"},"image":{"@id":"https:\/\/www.iplay.com\/de\/games\/detective-solitaire-inspector-magic-and-the-forbidden-magic\/#primaryimage"},"thumbnailUrl":"https:\/\/www.iplay.com\/wp-content\/uploads\/2023\/12\/large_square_tile_image-3883.jpg","datePublished":"2018-01-06T00:00:00+00:00","breadcrumb":{"@id":"https:\/\/www.iplay.com\/de\/games\/detective-solitaire-inspector-magic-and-the-forbidden-magic\/#breadcrumb"},"inLanguage":"de-DE","potentialAction":[{"@type":"ReadAction","target":["https:\/\/www.iplay.com\/de\/games\/detective-solitaire-inspector-magic-and-the-forbidden-magic\/"]}]},{"@type":"ImageObject","inLanguage":"de-DE","@id":"https:\/\/www.iplay.com\/de\/games\/detective-solitaire-inspector-magic-and-the-forbidden-magic\/#primaryimage","url":"https:\/\/www.iplay.com\/wp-content\/uploads\/2023\/12\/large_square_tile_image-3883.jpg","contentUrl":"https:\/\/www.iplay.com\/wp-content\/uploads\/2023\/12\/large_square_tile_image-3883.jpg","width":310,"height":310},{"@type":"BreadcrumbList","@id":"https:\/\/www.iplay.com\/de\/games\/detective-solitaire-inspector-magic-and-the-forbidden-magic\/#breadcrumb","itemListElement":[{"@type":"ListItem","position":1,"name":"Home","item":"https:\/\/www.iplay.com\/de\/home-page-2\/"},{"@type":"ListItem","position":2,"name":"Shop","item":"https:\/\/www.iplay.com\/en\/shop\/"},{"@type":"ListItem","position":3,"name":"Detective Solitaire &#8211; Inspector Magic and the Forbidden Magic"}]},{"@type":"WebSite","@id":"https:\/\/www.iplay.com\/en\/#website","url":"https:\/\/www.iplay.com\/en\/","name":"IPlay","description":"The Best Casual Games!","publisher":{"@id":"https:\/\/www.iplay.com\/en\/#organization"},"potentialAction":[{"@type":"SearchAction","target":{"@type":"EntryPoint","urlTemplate":"https:\/\/www.iplay.com\/en\/?s={search_term_string}"},"query-input":{"@type":"PropertyValueSpecification","valueRequired":true,"valueName":"search_term_string"}}],"inLanguage":"de-DE"},{"@type":"Organization","@id":"https:\/\/www.iplay.com\/en\/#organization","name":"IPlay","url":"https:\/\/www.iplay.com\/en\/","logo":{"@type":"ImageObject","inLanguage":"de-DE","@id":"https:\/\/www.iplay.com\/en\/#\/schema\/logo\/image\/","url":"https:\/\/www.iplay.com\/wp-content\/uploads\/2023\/11\/Group-6100.svg","contentUrl":"https:\/\/www.iplay.com\/wp-content\/uploads\/2023\/11\/Group-6100.svg","width":98,"height":25,"caption":"IPlay"},"image":{"@id":"https:\/\/www.iplay.com\/en\/#\/schema\/logo\/image\/"}}]}},"_links":{"self":[{"href":"https:\/\/www.iplay.com\/de\/wp-json\/wp\/v2\/product\/143047","targetHints":{"allow":["GET"]}}],"collection":[{"href":"https:\/\/www.iplay.com\/de\/wp-json\/wp\/v2\/product"}],"about":[{"href":"https:\/\/www.iplay.com\/de\/wp-json\/wp\/v2\/types\/product"}],"author":[{"embeddable":true,"href":"https:\/\/www.iplay.com\/de\/wp-json\/wp\/v2\/users\/13"}],"replies":[{"embeddable":true,"href":"https:\/\/www.iplay.com\/de\/wp-json\/wp\/v2\/comments?post=143047"}],"wp:featuredmedia":[{"embeddable":true,"href":"https:\/\/www.iplay.com\/de\/wp-json\/wp\/v2\/media\/101939"}],"wp:attachment":[{"href":"https:\/\/www.iplay.com\/de\/wp-json\/wp\/v2\/media?parent=143047"}],"wp:term":[{"taxonomy":"product_brand","embeddable":true,"href":"https:\/\/www.iplay.com\/de\/wp-json\/wp\/v2\/product_brand?post=143047"},{"taxonomy":"product_cat","embeddable":true,"href":"https:\/\/www.iplay.com\/de\/wp-json\/wp\/v2\/product_cat?post=143047"},{"taxonomy":"product_tag","embeddable":true,"href":"https:\/\/www.iplay.com\/de\/wp-json\/wp\/v2\/product_tag?post=143047"}],"curies":[{"name":"wp","href":"https:\/\/api.w.org\/{rel}","templated":true}]}}