{"id":142994,"date":"2018-01-30T00:00:00","date_gmt":"2018-01-30T00:00:00","guid":{"rendered":"https:\/\/www.iplay.com\/games\/worlds-greatest-cities-mosaics-4\/"},"modified":"2018-01-30T00:00:00","modified_gmt":"2018-01-30T00:00:00","slug":"worlds-greatest-cities-mosaics-4","status":"publish","type":"product","link":"https:\/\/www.iplay.com\/de\/games\/worlds-greatest-cities-mosaics-4\/","title":{"rendered":"World&#8217;s Greatest Cities Mosaics 4"},"content":{"rendered":"<p>Erfahre mehr \u00fcber einige der gr\u00f6\u00dften St\u00e4dte der Welt, w\u00e4hrend du Mosaik-R\u00e4tsel l\u00f6st! Wenn du jede Phase abgeschlossen hast, kannst du auf andere Orte zugreifen. Das Spiel beginnt im atemberaubenden Toronto, Kanada. In diesem beruhigenden Puzzlespiel, das perfekt f\u00fcr die ganze Familie ist, erh\u00e4ltst du f\u00fcr jede Stadt, die du besuchst, unterschiedliche Informationen!   <\/p>\n<p>&nbsp;<\/p>\n<p>&nbsp;<\/p>\n<p><strong>Funktionen:<\/strong><\/p>\n<p>&nbsp;<\/p>\n<p>&#8211; Interessante Anekdoten \u00fcber die verschiedenen St\u00e4dte, die du im Spiel<br \/>\n erkunden wirst- Ruhige Musik<br \/>\n&#8211; Authentisches Gameplay, das dieses Mosaik-Puzzlespiel von anderen unterscheidet!<\/p>\n<p>&#8211; Atmen Sie tief durch und besch\u00e4ftigen Sie Ihren Geist!<\/p>\n","protected":false},"excerpt":{"rendered":"<p>Entdecken Sie einige der besten St\u00e4dte!<\/p>\n","protected":false},"author":21,"featured_media":97459,"comment_status":"open","ping_status":"closed","template":"","meta":{"_acf_changed":false,"inline_featured_image":false},"product_brand":[],"product_cat":[194],"product_tag":[],"class_list":{"0":"post-142994","1":"product","2":"type-product","3":"status-publish","4":"has-post-thumbnail","6":"product_cat-puzzle-de","8":"first","9":"instock","10":"shipping-taxable","11":"purchasable","12":"product-type-simple"},"acf":[],"yoast_head":"<!-- This site is optimized with the Yoast SEO Premium plugin v25.2 (Yoast SEO v25.2) - https:\/\/yoast.com\/wordpress\/plugins\/seo\/ -->\n<title>World&#039;s Greatest Cities Mosaics 4 - Erkunde die gro\u00dfartigsten St\u00e4dte und l\u00fcfte ihre Geheimnisse<\/title>\n<meta name=\"robots\" content=\"index, follow, max-snippet:-1, max-image-preview:large, max-video-preview:-1\" \/>\n<link rel=\"canonical\" href=\"https:\/\/www.iplay.com\/de\/games\/worlds-greatest-cities-mosaics-4\/\" \/>\n<meta property=\"og:locale\" content=\"de_DE\" \/>\n<meta property=\"og:type\" content=\"article\" \/>\n<meta property=\"og:title\" content=\"World&#039;s Greatest Cities Mosaics 4\" \/>\n<meta property=\"og:url\" content=\"https:\/\/www.iplay.com\/de\/games\/worlds-greatest-cities-mosaics-4\/\" \/>\n<meta property=\"og:site_name\" content=\"IPlay\" \/>\n<meta property=\"og:image\" content=\"https:\/\/www.iplay.com\/wp-content\/uploads\/2023\/12\/large_square_tile_image-3599.jpg\" \/>\n\t<meta property=\"og:image:width\" content=\"310\" \/>\n\t<meta property=\"og:image:height\" content=\"310\" \/>\n\t<meta property=\"og:image:type\" content=\"image\/jpeg\" \/>\n<meta name=\"twitter:card\" content=\"summary_large_image\" \/>\n<meta name=\"twitter:label1\" content=\"Gesch\u00e4tzte Lesezeit\" \/>\n\t<meta name=\"twitter:data1\" content=\"1 Minute\" \/>\n<script type=\"application\/ld+json\" class=\"yoast-schema-graph\">{\"@context\":\"https:\/\/schema.org\",\"@graph\":[{\"@type\":\"WebPage\",\"@id\":\"https:\/\/www.iplay.com\/de\/games\/worlds-greatest-cities-mosaics-4\/\",\"url\":\"https:\/\/www.iplay.com\/de\/games\/worlds-greatest-cities-mosaics-4\/\",\"name\":\"World's Greatest Cities Mosaics 4 - Erkunde die gro\u00dfartigsten St\u00e4dte und l\u00fcfte ihre Geheimnisse\",\"isPartOf\":{\"@id\":\"https:\/\/www.iplay.com\/en\/#website\"},\"primaryImageOfPage\":{\"@id\":\"https:\/\/www.iplay.com\/de\/games\/worlds-greatest-cities-mosaics-4\/#primaryimage\"},\"image\":{\"@id\":\"https:\/\/www.iplay.com\/de\/games\/worlds-greatest-cities-mosaics-4\/#primaryimage\"},\"thumbnailUrl\":\"https:\/\/www.iplay.com\/wp-content\/uploads\/2023\/12\/large_square_tile_image-3599.jpg\",\"datePublished\":\"2018-01-30T00:00:00+00:00\",\"breadcrumb\":{\"@id\":\"https:\/\/www.iplay.com\/de\/games\/worlds-greatest-cities-mosaics-4\/#breadcrumb\"},\"inLanguage\":\"de-DE\",\"potentialAction\":[{\"@type\":\"ReadAction\",\"target\":[\"https:\/\/www.iplay.com\/de\/games\/worlds-greatest-cities-mosaics-4\/\"]}]},{\"@type\":\"ImageObject\",\"inLanguage\":\"de-DE\",\"@id\":\"https:\/\/www.iplay.com\/de\/games\/worlds-greatest-cities-mosaics-4\/#primaryimage\",\"url\":\"https:\/\/www.iplay.com\/wp-content\/uploads\/2023\/12\/large_square_tile_image-3599.jpg\",\"contentUrl\":\"https:\/\/www.iplay.com\/wp-content\/uploads\/2023\/12\/large_square_tile_image-3599.jpg\",\"width\":310,\"height\":310},{\"@type\":\"BreadcrumbList\",\"@id\":\"https:\/\/www.iplay.com\/de\/games\/worlds-greatest-cities-mosaics-4\/#breadcrumb\",\"itemListElement\":[{\"@type\":\"ListItem\",\"position\":1,\"name\":\"Home\",\"item\":\"https:\/\/www.iplay.com\/de\/home-page-2\/\"},{\"@type\":\"ListItem\",\"position\":2,\"name\":\"Shop\",\"item\":\"https:\/\/www.iplay.com\/en\/shop\/\"},{\"@type\":\"ListItem\",\"position\":3,\"name\":\"World&#8217;s Greatest Cities Mosaics 4\"}]},{\"@type\":\"WebSite\",\"@id\":\"https:\/\/www.iplay.com\/en\/#website\",\"url\":\"https:\/\/www.iplay.com\/en\/\",\"name\":\"IPlay\",\"description\":\"The Best Casual Games!\",\"publisher\":{\"@id\":\"https:\/\/www.iplay.com\/en\/#organization\"},\"potentialAction\":[{\"@type\":\"SearchAction\",\"target\":{\"@type\":\"EntryPoint\",\"urlTemplate\":\"https:\/\/www.iplay.com\/en\/?s={search_term_string}\"},\"query-input\":{\"@type\":\"PropertyValueSpecification\",\"valueRequired\":true,\"valueName\":\"search_term_string\"}}],\"inLanguage\":\"de-DE\"},{\"@type\":\"Organization\",\"@id\":\"https:\/\/www.iplay.com\/en\/#organization\",\"name\":\"IPlay\",\"url\":\"https:\/\/www.iplay.com\/en\/\",\"logo\":{\"@type\":\"ImageObject\",\"inLanguage\":\"de-DE\",\"@id\":\"https:\/\/www.iplay.com\/en\/#\/schema\/logo\/image\/\",\"url\":\"https:\/\/www.iplay.com\/wp-content\/uploads\/2023\/11\/Group-6100.svg\",\"contentUrl\":\"https:\/\/www.iplay.com\/wp-content\/uploads\/2023\/11\/Group-6100.svg\",\"width\":98,\"height\":25,\"caption\":\"IPlay\"},\"image\":{\"@id\":\"https:\/\/www.iplay.com\/en\/#\/schema\/logo\/image\/\"}}]}<\/script>\n<!-- \/ Yoast SEO Premium plugin. -->","yoast_head_json":{"title":"World's Greatest Cities Mosaics 4 - Erkunde die gro\u00dfartigsten St\u00e4dte und l\u00fcfte ihre Geheimnisse","robots":{"index":"index","follow":"follow","max-snippet":"max-snippet:-1","max-image-preview":"max-image-preview:large","max-video-preview":"max-video-preview:-1"},"canonical":"https:\/\/www.iplay.com\/de\/games\/worlds-greatest-cities-mosaics-4\/","og_locale":"de_DE","og_type":"article","og_title":"World's Greatest Cities Mosaics 4","og_url":"https:\/\/www.iplay.com\/de\/games\/worlds-greatest-cities-mosaics-4\/","og_site_name":"IPlay","og_image":[{"width":310,"height":310,"url":"https:\/\/www.iplay.com\/wp-content\/uploads\/2023\/12\/large_square_tile_image-3599.jpg","type":"image\/jpeg"}],"twitter_card":"summary_large_image","twitter_misc":{"Gesch\u00e4tzte Lesezeit":"1 Minute"},"schema":{"@context":"https:\/\/schema.org","@graph":[{"@type":"WebPage","@id":"https:\/\/www.iplay.com\/de\/games\/worlds-greatest-cities-mosaics-4\/","url":"https:\/\/www.iplay.com\/de\/games\/worlds-greatest-cities-mosaics-4\/","name":"World's Greatest Cities Mosaics 4 - Erkunde die gro\u00dfartigsten St\u00e4dte und l\u00fcfte ihre Geheimnisse","isPartOf":{"@id":"https:\/\/www.iplay.com\/en\/#website"},"primaryImageOfPage":{"@id":"https:\/\/www.iplay.com\/de\/games\/worlds-greatest-cities-mosaics-4\/#primaryimage"},"image":{"@id":"https:\/\/www.iplay.com\/de\/games\/worlds-greatest-cities-mosaics-4\/#primaryimage"},"thumbnailUrl":"https:\/\/www.iplay.com\/wp-content\/uploads\/2023\/12\/large_square_tile_image-3599.jpg","datePublished":"2018-01-30T00:00:00+00:00","breadcrumb":{"@id":"https:\/\/www.iplay.com\/de\/games\/worlds-greatest-cities-mosaics-4\/#breadcrumb"},"inLanguage":"de-DE","potentialAction":[{"@type":"ReadAction","target":["https:\/\/www.iplay.com\/de\/games\/worlds-greatest-cities-mosaics-4\/"]}]},{"@type":"ImageObject","inLanguage":"de-DE","@id":"https:\/\/www.iplay.com\/de\/games\/worlds-greatest-cities-mosaics-4\/#primaryimage","url":"https:\/\/www.iplay.com\/wp-content\/uploads\/2023\/12\/large_square_tile_image-3599.jpg","contentUrl":"https:\/\/www.iplay.com\/wp-content\/uploads\/2023\/12\/large_square_tile_image-3599.jpg","width":310,"height":310},{"@type":"BreadcrumbList","@id":"https:\/\/www.iplay.com\/de\/games\/worlds-greatest-cities-mosaics-4\/#breadcrumb","itemListElement":[{"@type":"ListItem","position":1,"name":"Home","item":"https:\/\/www.iplay.com\/de\/home-page-2\/"},{"@type":"ListItem","position":2,"name":"Shop","item":"https:\/\/www.iplay.com\/en\/shop\/"},{"@type":"ListItem","position":3,"name":"World&#8217;s Greatest Cities Mosaics 4"}]},{"@type":"WebSite","@id":"https:\/\/www.iplay.com\/en\/#website","url":"https:\/\/www.iplay.com\/en\/","name":"IPlay","description":"The Best Casual Games!","publisher":{"@id":"https:\/\/www.iplay.com\/en\/#organization"},"potentialAction":[{"@type":"SearchAction","target":{"@type":"EntryPoint","urlTemplate":"https:\/\/www.iplay.com\/en\/?s={search_term_string}"},"query-input":{"@type":"PropertyValueSpecification","valueRequired":true,"valueName":"search_term_string"}}],"inLanguage":"de-DE"},{"@type":"Organization","@id":"https:\/\/www.iplay.com\/en\/#organization","name":"IPlay","url":"https:\/\/www.iplay.com\/en\/","logo":{"@type":"ImageObject","inLanguage":"de-DE","@id":"https:\/\/www.iplay.com\/en\/#\/schema\/logo\/image\/","url":"https:\/\/www.iplay.com\/wp-content\/uploads\/2023\/11\/Group-6100.svg","contentUrl":"https:\/\/www.iplay.com\/wp-content\/uploads\/2023\/11\/Group-6100.svg","width":98,"height":25,"caption":"IPlay"},"image":{"@id":"https:\/\/www.iplay.com\/en\/#\/schema\/logo\/image\/"}}]}},"_links":{"self":[{"href":"https:\/\/www.iplay.com\/de\/wp-json\/wp\/v2\/product\/142994","targetHints":{"allow":["GET"]}}],"collection":[{"href":"https:\/\/www.iplay.com\/de\/wp-json\/wp\/v2\/product"}],"about":[{"href":"https:\/\/www.iplay.com\/de\/wp-json\/wp\/v2\/types\/product"}],"author":[{"embeddable":true,"href":"https:\/\/www.iplay.com\/de\/wp-json\/wp\/v2\/users\/21"}],"replies":[{"embeddable":true,"href":"https:\/\/www.iplay.com\/de\/wp-json\/wp\/v2\/comments?post=142994"}],"wp:featuredmedia":[{"embeddable":true,"href":"https:\/\/www.iplay.com\/de\/wp-json\/wp\/v2\/media\/97459"}],"wp:attachment":[{"href":"https:\/\/www.iplay.com\/de\/wp-json\/wp\/v2\/media?parent=142994"}],"wp:term":[{"taxonomy":"product_brand","embeddable":true,"href":"https:\/\/www.iplay.com\/de\/wp-json\/wp\/v2\/product_brand?post=142994"},{"taxonomy":"product_cat","embeddable":true,"href":"https:\/\/www.iplay.com\/de\/wp-json\/wp\/v2\/product_cat?post=142994"},{"taxonomy":"product_tag","embeddable":true,"href":"https:\/\/www.iplay.com\/de\/wp-json\/wp\/v2\/product_tag?post=142994"}],"curies":[{"name":"wp","href":"https:\/\/api.w.org\/{rel}","templated":true}]}}