{"id":142639,"date":"2025-08-20T07:30:28","date_gmt":"2025-08-20T07:30:28","guid":{"rendered":"https:\/\/www.iplay.com\/?post_type=product&p=142639"},"modified":"2025-08-20T07:30:28","modified_gmt":"2025-08-20T07:30:28","slug":"a-haunting-novel-burton-hotel-collectors-edition","status":"publish","type":"product","link":"https:\/\/www.iplay.com\/de\/games\/a-haunting-novel-burton-hotel-collectors-edition\/","title":{"rendered":"A Haunting Novel: Burton Hotel Collector&#8217;s Edition"},"content":{"rendered":"<p class=\"whitespace-normal break-words ai-optimize-25 ai-optimize-introduction\">In diesem Wimmelbildspiel erkundest du das gruselige Burton Hotel. Dies ist das erste Spiel einer aufregenden neuen Serie. <\/p>\n<p class=\"whitespace-normal break-words ai-optimize-26\">Der letzte Erbe der Familie erbt das alte Hotel nach dem Tod des Besitzers. Sie bereiten sich darauf vor, das Hotel zu verkaufen. Verborgene Geheimnisse erwachen und damit auch w\u00fctende Geister.  <\/p>\n<p class=\"whitespace-normal break-words ai-optimize-27\">Geister wandeln durch die Flure und gruselige Erinnerungen kommen zur\u00fcck. Du musst das R\u00e4tsel l\u00f6sen, was mit dieser Familie passiert ist. <\/p>\n<p class=\"whitespace-normal break-words ai-optimize-28\">Du findest versteckte Objekte und l\u00f6st R\u00e4tsel. Jede Entdeckung macht die Wahrheit be\u00e4ngstigender und gef\u00e4hrlicher. <\/p>\n<p class=\"whitespace-normal break-words ai-optimize-29\">Valorie Aster hilft dir, dich durch das Spiel zu f\u00fchren. Du k\u00e4mpfst gegen Geister und versuchst, das Hotel f\u00fcr Kinder sicher zu machen, die ein Zuhause brauchen. <\/p>\n<p class=\"whitespace-normal break-words ai-optimize-30\">Diese Collector&#8217;s Edition bietet Ihnen jede Menge Extras. Du erh\u00e4ltst eine Hilfe, spezielle Gegenst\u00e4nde zum Sammeln, versteckte B\u00fccher, Auszeichnungen und ein Bonusr\u00e4tsel. <\/p>\n<p class=\"whitespace-normal break-words ai-optimize-31\">Sie erhalten auch Hintergrundbilder f\u00fcr Ihren Computer und einen Musikplayer. Diese halten das gruselige Gef\u00fchl aufrecht, nachdem du das Spiel beendet hast. <\/p>\n<p>&nbsp;<\/p>\n<p class=\"whitespace-normal break-words ai-optimize-32\"><strong>Funktionen der Collector&#8217;s Edition<\/strong><\/p>\n<ul class=\"[&amp;:not(:last-child)_ul]:pb-1 [&amp;:not(:last-child)_ol]:pb-1 list-disc space-y-1.5 pl-7\">\n<li class=\"whitespace-normal break-words ai-optimize-33\">Arbeite mit Valorie Aster zusammen, um b\u00f6se Geister aus dem Hotel ihrer Familie zu entfernen. Helfen Sie mit, es zu einem sicheren Zuhause f\u00fcr Kinder ohne Eltern zu machen. <\/li>\n<li class=\"whitespace-normal break-words ai-optimize-34\">Holen Sie sich Hilfe von einer integrierten Anleitung, wenn das Spiel knifflig wird.<\/li>\n<li class=\"whitespace-normal break-words ai-optimize-35\">Finde viele Bonusinhalte. Sammle besondere Hotelgegenst\u00e4nde, entdecke geheime B\u00fccher, verdiene Auszeichnungen und l\u00f6se ein gruseliges Bonusr\u00e4tsel. <\/li>\n<li class=\"whitespace-normal break-words ai-optimize-36\">Laden Sie gruselige Hintergrundbilder herunter, die die geisterhafte Atmosph\u00e4re des Burton Hotels zeigen.<\/li>\n<li class=\"whitespace-normal break-words ai-optimize-37\">Verwenden Sie den speziellen Musikplayer, um die gruselige Musik des Spiels jederzeit zu h\u00f6ren.<\/li>\n<\/ul>\n","protected":false},"excerpt":{"rendered":"<p>Entdecke die Wahrheit hinter den unheimlichen Ereignissen in einem Spukhotel, das von Geheimnissen und Trag\u00f6dien umh\u00fcllt ist!<\/p>\n","protected":false},"author":17,"featured_media":142574,"comment_status":"open","ping_status":"closed","template":"","meta":{"_acf_changed":false,"inline_featured_image":false},"product_brand":[],"product_cat":[149,164],"product_tag":[289],"class_list":{"0":"post-142639","1":"product","2":"type-product","3":"status-publish","4":"has-post-thumbnail","6":"product_cat-adventure-de","7":"product_cat-hidden-object-de","8":"product_tag-play-on-pc-de","10":"first","11":"instock","12":"shipping-taxable","13":"purchasable","14":"product-type-simple"},"acf":[],"yoast_head":"<!-- This site is optimized with the Yoast SEO Premium plugin v25.2 (Yoast SEO v25.2) - https:\/\/yoast.com\/wordpress\/plugins\/seo\/ -->\n<title>Burton Hotel Mystery: L\u00f6se geisterhafte Geheimnisse<\/title>\n<meta name=\"description\" content=\"Entdecke die Wahrheit hinter den unheimlichen Ereignissen in einem Spukhotel, das von Geheimnissen und Trag\u00f6dien umh\u00fcllt ist!\" \/>\n<meta name=\"robots\" content=\"index, follow, max-snippet:-1, max-image-preview:large, max-video-preview:-1\" \/>\n<link rel=\"canonical\" href=\"https:\/\/www.iplay.com\/en\/games\/a-haunting-novel-burton-hotel-collectors-edition\/\" \/>\n<meta property=\"og:locale\" content=\"de_DE\" \/>\n<meta property=\"og:type\" content=\"article\" \/>\n<meta property=\"og:title\" content=\"A Haunting Novel: Burton Hotel Collector&#039;s Edition\" \/>\n<meta property=\"og:description\" content=\"Entdecke die Wahrheit hinter den unheimlichen Ereignissen in einem Spukhotel, das von Geheimnissen und Trag\u00f6dien umh\u00fcllt ist!\" \/>\n<meta property=\"og:url\" content=\"https:\/\/www.iplay.com\/en\/games\/a-haunting-novel-burton-hotel-collectors-edition\/\" \/>\n<meta property=\"og:site_name\" content=\"IPlay\" \/>\n<meta property=\"og:image\" content=\"https:\/\/www.iplay.com\/wp-content\/uploads\/2025\/08\/a_haunting_novel_bh_ce_large_video_screenshot.webp\" \/>\n\t<meta property=\"og:image:width\" content=\"715\" \/>\n\t<meta property=\"og:image:height\" content=\"485\" \/>\n\t<meta property=\"og:image:type\" content=\"image\/webp\" \/>\n<meta name=\"twitter:card\" content=\"summary_large_image\" \/>\n<meta name=\"twitter:label1\" content=\"Gesch\u00e4tzte Lesezeit\" \/>\n\t<meta name=\"twitter:data1\" content=\"1 Minute\" \/>\n<script type=\"application\/ld+json\" class=\"yoast-schema-graph\">{\"@context\":\"https:\/\/schema.org\",\"@graph\":[{\"@type\":\"WebPage\",\"@id\":\"https:\/\/www.iplay.com\/en\/games\/a-haunting-novel-burton-hotel-collectors-edition\/\",\"url\":\"https:\/\/www.iplay.com\/en\/games\/a-haunting-novel-burton-hotel-collectors-edition\/\",\"name\":\"Burton Hotel Mystery: L\u00f6se geisterhafte Geheimnisse\",\"isPartOf\":{\"@id\":\"https:\/\/www.iplay.com\/en\/#website\"},\"primaryImageOfPage\":{\"@id\":\"https:\/\/www.iplay.com\/en\/games\/a-haunting-novel-burton-hotel-collectors-edition\/#primaryimage\"},\"image\":{\"@id\":\"https:\/\/www.iplay.com\/en\/games\/a-haunting-novel-burton-hotel-collectors-edition\/#primaryimage\"},\"thumbnailUrl\":\"https:\/\/www.iplay.com\/wp-content\/uploads\/2025\/08\/a_haunting_novel_bh_ce_large_square_tile_image.webp\",\"datePublished\":\"2025-08-20T07:30:28+00:00\",\"description\":\"Entdecke die Wahrheit hinter den unheimlichen Ereignissen in einem Spukhotel, das von Geheimnissen und Trag\u00f6dien umh\u00fcllt ist!\",\"breadcrumb\":{\"@id\":\"https:\/\/www.iplay.com\/en\/games\/a-haunting-novel-burton-hotel-collectors-edition\/#breadcrumb\"},\"inLanguage\":\"de-DE\",\"potentialAction\":[{\"@type\":\"ReadAction\",\"target\":[\"https:\/\/www.iplay.com\/en\/games\/a-haunting-novel-burton-hotel-collectors-edition\/\"]}]},{\"@type\":\"ImageObject\",\"inLanguage\":\"de-DE\",\"@id\":\"https:\/\/www.iplay.com\/en\/games\/a-haunting-novel-burton-hotel-collectors-edition\/#primaryimage\",\"url\":\"https:\/\/www.iplay.com\/wp-content\/uploads\/2025\/08\/a_haunting_novel_bh_ce_large_square_tile_image.webp\",\"contentUrl\":\"https:\/\/www.iplay.com\/wp-content\/uploads\/2025\/08\/a_haunting_novel_bh_ce_large_square_tile_image.webp\",\"width\":310,\"height\":310},{\"@type\":\"BreadcrumbList\",\"@id\":\"https:\/\/www.iplay.com\/en\/games\/a-haunting-novel-burton-hotel-collectors-edition\/#breadcrumb\",\"itemListElement\":[{\"@type\":\"ListItem\",\"position\":1,\"name\":\"Home\",\"item\":\"https:\/\/www.iplay.com\/de\/home-page-2\/\"},{\"@type\":\"ListItem\",\"position\":2,\"name\":\"Shop\",\"item\":\"https:\/\/www.iplay.com\/en\/shop\/\"},{\"@type\":\"ListItem\",\"position\":3,\"name\":\"A Haunting Novel: Burton Hotel Collector&#8217;s Edition\"}]},{\"@type\":\"WebSite\",\"@id\":\"https:\/\/www.iplay.com\/en\/#website\",\"url\":\"https:\/\/www.iplay.com\/en\/\",\"name\":\"IPlay\",\"description\":\"The Best Casual Games!\",\"publisher\":{\"@id\":\"https:\/\/www.iplay.com\/en\/#organization\"},\"potentialAction\":[{\"@type\":\"SearchAction\",\"target\":{\"@type\":\"EntryPoint\",\"urlTemplate\":\"https:\/\/www.iplay.com\/en\/?s={search_term_string}\"},\"query-input\":{\"@type\":\"PropertyValueSpecification\",\"valueRequired\":true,\"valueName\":\"search_term_string\"}}],\"inLanguage\":\"de-DE\"},{\"@type\":\"Organization\",\"@id\":\"https:\/\/www.iplay.com\/en\/#organization\",\"name\":\"IPlay\",\"url\":\"https:\/\/www.iplay.com\/en\/\",\"logo\":{\"@type\":\"ImageObject\",\"inLanguage\":\"de-DE\",\"@id\":\"https:\/\/www.iplay.com\/en\/#\/schema\/logo\/image\/\",\"url\":\"https:\/\/www.iplay.com\/wp-content\/uploads\/2023\/11\/Group-6100.svg\",\"contentUrl\":\"https:\/\/www.iplay.com\/wp-content\/uploads\/2023\/11\/Group-6100.svg\",\"width\":98,\"height\":25,\"caption\":\"IPlay\"},\"image\":{\"@id\":\"https:\/\/www.iplay.com\/en\/#\/schema\/logo\/image\/\"}}]}<\/script>\n<!-- \/ Yoast SEO Premium plugin. -->","yoast_head_json":{"title":"Burton Hotel Mystery: L\u00f6se geisterhafte Geheimnisse","description":"Entdecke die Wahrheit hinter den unheimlichen Ereignissen in einem Spukhotel, das von Geheimnissen und Trag\u00f6dien umh\u00fcllt ist!","robots":{"index":"index","follow":"follow","max-snippet":"max-snippet:-1","max-image-preview":"max-image-preview:large","max-video-preview":"max-video-preview:-1"},"canonical":"https:\/\/www.iplay.com\/en\/games\/a-haunting-novel-burton-hotel-collectors-edition\/","og_locale":"de_DE","og_type":"article","og_title":"A Haunting Novel: Burton Hotel Collector's Edition","og_description":"Entdecke die Wahrheit hinter den unheimlichen Ereignissen in einem Spukhotel, das von Geheimnissen und Trag\u00f6dien umh\u00fcllt ist!","og_url":"https:\/\/www.iplay.com\/en\/games\/a-haunting-novel-burton-hotel-collectors-edition\/","og_site_name":"IPlay","og_image":[{"width":715,"height":485,"url":"https:\/\/www.iplay.com\/wp-content\/uploads\/2025\/08\/a_haunting_novel_bh_ce_large_video_screenshot.webp","type":"image\/webp"}],"twitter_card":"summary_large_image","twitter_misc":{"Gesch\u00e4tzte Lesezeit":"1 Minute"},"schema":{"@context":"https:\/\/schema.org","@graph":[{"@type":"WebPage","@id":"https:\/\/www.iplay.com\/en\/games\/a-haunting-novel-burton-hotel-collectors-edition\/","url":"https:\/\/www.iplay.com\/en\/games\/a-haunting-novel-burton-hotel-collectors-edition\/","name":"Burton Hotel Mystery: L\u00f6se geisterhafte Geheimnisse","isPartOf":{"@id":"https:\/\/www.iplay.com\/en\/#website"},"primaryImageOfPage":{"@id":"https:\/\/www.iplay.com\/en\/games\/a-haunting-novel-burton-hotel-collectors-edition\/#primaryimage"},"image":{"@id":"https:\/\/www.iplay.com\/en\/games\/a-haunting-novel-burton-hotel-collectors-edition\/#primaryimage"},"thumbnailUrl":"https:\/\/www.iplay.com\/wp-content\/uploads\/2025\/08\/a_haunting_novel_bh_ce_large_square_tile_image.webp","datePublished":"2025-08-20T07:30:28+00:00","description":"Entdecke die Wahrheit hinter den unheimlichen Ereignissen in einem Spukhotel, das von Geheimnissen und Trag\u00f6dien umh\u00fcllt ist!","breadcrumb":{"@id":"https:\/\/www.iplay.com\/en\/games\/a-haunting-novel-burton-hotel-collectors-edition\/#breadcrumb"},"inLanguage":"de-DE","potentialAction":[{"@type":"ReadAction","target":["https:\/\/www.iplay.com\/en\/games\/a-haunting-novel-burton-hotel-collectors-edition\/"]}]},{"@type":"ImageObject","inLanguage":"de-DE","@id":"https:\/\/www.iplay.com\/en\/games\/a-haunting-novel-burton-hotel-collectors-edition\/#primaryimage","url":"https:\/\/www.iplay.com\/wp-content\/uploads\/2025\/08\/a_haunting_novel_bh_ce_large_square_tile_image.webp","contentUrl":"https:\/\/www.iplay.com\/wp-content\/uploads\/2025\/08\/a_haunting_novel_bh_ce_large_square_tile_image.webp","width":310,"height":310},{"@type":"BreadcrumbList","@id":"https:\/\/www.iplay.com\/en\/games\/a-haunting-novel-burton-hotel-collectors-edition\/#breadcrumb","itemListElement":[{"@type":"ListItem","position":1,"name":"Home","item":"https:\/\/www.iplay.com\/de\/home-page-2\/"},{"@type":"ListItem","position":2,"name":"Shop","item":"https:\/\/www.iplay.com\/en\/shop\/"},{"@type":"ListItem","position":3,"name":"A Haunting Novel: Burton Hotel Collector&#8217;s Edition"}]},{"@type":"WebSite","@id":"https:\/\/www.iplay.com\/en\/#website","url":"https:\/\/www.iplay.com\/en\/","name":"IPlay","description":"The Best Casual Games!","publisher":{"@id":"https:\/\/www.iplay.com\/en\/#organization"},"potentialAction":[{"@type":"SearchAction","target":{"@type":"EntryPoint","urlTemplate":"https:\/\/www.iplay.com\/en\/?s={search_term_string}"},"query-input":{"@type":"PropertyValueSpecification","valueRequired":true,"valueName":"search_term_string"}}],"inLanguage":"de-DE"},{"@type":"Organization","@id":"https:\/\/www.iplay.com\/en\/#organization","name":"IPlay","url":"https:\/\/www.iplay.com\/en\/","logo":{"@type":"ImageObject","inLanguage":"de-DE","@id":"https:\/\/www.iplay.com\/en\/#\/schema\/logo\/image\/","url":"https:\/\/www.iplay.com\/wp-content\/uploads\/2023\/11\/Group-6100.svg","contentUrl":"https:\/\/www.iplay.com\/wp-content\/uploads\/2023\/11\/Group-6100.svg","width":98,"height":25,"caption":"IPlay"},"image":{"@id":"https:\/\/www.iplay.com\/en\/#\/schema\/logo\/image\/"}}]}},"_links":{"self":[{"href":"https:\/\/www.iplay.com\/de\/wp-json\/wp\/v2\/product\/142639","targetHints":{"allow":["GET"]}}],"collection":[{"href":"https:\/\/www.iplay.com\/de\/wp-json\/wp\/v2\/product"}],"about":[{"href":"https:\/\/www.iplay.com\/de\/wp-json\/wp\/v2\/types\/product"}],"author":[{"embeddable":true,"href":"https:\/\/www.iplay.com\/de\/wp-json\/wp\/v2\/users\/17"}],"replies":[{"embeddable":true,"href":"https:\/\/www.iplay.com\/de\/wp-json\/wp\/v2\/comments?post=142639"}],"wp:featuredmedia":[{"embeddable":true,"href":"https:\/\/www.iplay.com\/de\/wp-json\/wp\/v2\/media\/142574"}],"wp:attachment":[{"href":"https:\/\/www.iplay.com\/de\/wp-json\/wp\/v2\/media?parent=142639"}],"wp:term":[{"taxonomy":"product_brand","embeddable":true,"href":"https:\/\/www.iplay.com\/de\/wp-json\/wp\/v2\/product_brand?post=142639"},{"taxonomy":"product_cat","embeddable":true,"href":"https:\/\/www.iplay.com\/de\/wp-json\/wp\/v2\/product_cat?post=142639"},{"taxonomy":"product_tag","embeddable":true,"href":"https:\/\/www.iplay.com\/de\/wp-json\/wp\/v2\/product_tag?post=142639"}],"curies":[{"name":"wp","href":"https:\/\/api.w.org\/{rel}","templated":true}]}}