{"id":142393,"date":"2018-05-20T00:00:00","date_gmt":"2018-05-20T00:00:00","guid":{"rendered":"https:\/\/www.iplay.com\/games\/best-of-hidden-object-value-pack-vol-9\/"},"modified":"2018-05-20T00:00:00","modified_gmt":"2018-05-20T00:00:00","slug":"best-of-hidden-object-value-pack-vol-9","status":"publish","type":"product","link":"https:\/\/www.iplay.com\/de\/games\/best-of-hidden-object-value-pack-vol-9\/","title":{"rendered":"Best of Hidden Object Value Pack Vol. 9"},"content":{"rendered":"<p>Ein weiteres fantastisches Wimmelbild-Bundle mit vier beliebten Titeln! Das bekommen Sie&#8230; <\/p>\n<p><strong>Hexenstreiche: Froschgl\u00fcck<\/strong><br \/>\nVor langer Zeit beschloss eine schreckliche Hexe, dass sie einen Prinzen heiraten musste. Sie musste jemanden finden, der nicht bereits mit einer sch\u00f6nen Prinzessin verlobt war, was eine sehr ungew\u00f6hnliche Ware war. In diesem Moment erbl\u00fchte in ihrer dunklen Seele der Keim einer Verschw\u00f6rung: Jeder Prinz, der sie ablehnte, verwandelte sich in einen Frosch! Sicherlich w\u00fcrde die Aussicht, in eine Amphibie verwandelt zu werden, irgendeinen Prinzen dazu bewegen, seine Verlobung aufzul\u00f6sen und die Hexe zu heiraten! Hilf den verzauberten Prinzen dabei, der Hexe zu entkommen, ihre Frauen zu erreichen und den Bann mit einem wahren Liebeskuss zu brechen.    <\/p>\n<p><strong>Sea Legends: Phantasmalisches Licht<\/strong><br \/>\nIn Sea Legends: Phantasmal Light werden Jane und Mike getrennt, nachdem ihre Yacht von einem schrecklichen Sturm versenkt wurde. Jane wacht auf einer fremden Insel auf und muss nun herausfinden, was passiert ist. Hilf ihr, sich wieder mit Mike zu vereinen, bevor es zu sp\u00e4t ist! Entdecke eine dunkle Wahrheit \u00fcber die Insel, indem du spektakul\u00e4re Wimmelbildszenen erkundest und knifflige R\u00e4tsel l\u00f6st.   <\/p>\n<p><strong>Apothecarium Welt<\/strong><br \/>\nDie Pest hat das Italien der Renaissance heimgesucht. Das Heilmittel k\u00f6nnte in einer ber\u00fchmten Stadt gefunden werden, aber gibt es das \u00fcberhaupt? Es ist an der Zeit, allen zu zeigen, dass du der Beste darin bist, legend\u00e4re Waren zu finden. Sehen Sie sich selbst als Experte? Stellen Sie Ihre Reflexe mit rundenbasierten Wimmelbildsequenzen ohne Unterbrechung auf die Probe! Versuchen Sie Ihr Gl\u00fcck, Ihr Ged\u00e4chtnis und Ihre Aufmerksamkeit und erledigen Sie alle Aufgaben, die Ihnen ein Spiel liefern. Finde Objekte so schnell wie m\u00f6glich, um deine Punktzahl zu erh\u00f6hen und Sterne zu bekommen! Wenn es nicht dein Ding ist, gegen die Uhr zu spielen, kannst du das Spiel auf eine entspanntere Art und Weise spielen.       <\/p>\n<p><strong>Fang die Hexe<\/strong><br \/>\nDie junge Hexe Alice beschlie\u00dft, Sch\u00fclerin von Circe, einer der m\u00e4chtigsten Hexen des Reiches, zu werden, um ihre Kr\u00e4fte zu entwickeln. Als Alice erf\u00e4hrt, dass Circe alle gro\u00dfen Prinzen in Fr\u00f6sche verwandeln will, bis einer von ihnen sie heiratet, wendet sie sich gegen die Hexe. Sie muss nun den Fluch aufheben, der auf allen F\u00fcrsten lastete, und den Frieden in allen K\u00f6nigreichen wiederherstellen.<\/p>\n","protected":false},"excerpt":{"rendered":"<p>Diese Sammlung bietet vier fantastische Wimmelbild-Erlebnisse!<\/p>\n","protected":false},"author":20,"featured_media":96851,"comment_status":"open","ping_status":"closed","template":"","meta":{"_acf_changed":false,"inline_featured_image":false},"product_brand":[],"product_cat":[164,201],"product_tag":[289],"class_list":{"0":"post-142393","1":"product","2":"type-product","3":"status-publish","4":"has-post-thumbnail","6":"product_cat-hidden-object-de","7":"product_cat-removed-content-de","8":"product_tag-play-on-pc-de","10":"first","11":"instock","12":"shipping-taxable","13":"purchasable","14":"product-type-simple"},"acf":[],"yoast_head":"<!-- This site is optimized with the Yoast SEO Premium plugin v25.2 (Yoast SEO v25.2) - https:\/\/yoast.com\/wordpress\/plugins\/seo\/ -->\n<title>Best of Wimmelbild-Vorteilspaket Vol. 9 - Band 9: 4 fesselnde Wimmelbildreisen erwarten Sie<\/title>\n<meta name=\"robots\" content=\"index, follow, max-snippet:-1, max-image-preview:large, max-video-preview:-1\" \/>\n<link rel=\"canonical\" href=\"https:\/\/www.iplay.com\/de\/games\/best-of-hidden-object-value-pack-vol-9\/\" \/>\n<meta property=\"og:locale\" content=\"de_DE\" \/>\n<meta property=\"og:type\" content=\"article\" \/>\n<meta property=\"og:title\" content=\"Best of Hidden Object Value Pack Vol. 9\" \/>\n<meta property=\"og:url\" content=\"https:\/\/www.iplay.com\/de\/games\/best-of-hidden-object-value-pack-vol-9\/\" \/>\n<meta property=\"og:site_name\" content=\"IPlay\" \/>\n<meta property=\"og:image\" content=\"https:\/\/www.iplay.com\/wp-content\/uploads\/2023\/12\/large_square_tile_image-3560.jpg\" \/>\n\t<meta property=\"og:image:width\" content=\"310\" \/>\n\t<meta property=\"og:image:height\" content=\"310\" \/>\n\t<meta property=\"og:image:type\" content=\"image\/jpeg\" \/>\n<meta name=\"twitter:card\" content=\"summary_large_image\" \/>\n<meta name=\"twitter:label1\" content=\"Gesch\u00e4tzte Lesezeit\" \/>\n\t<meta name=\"twitter:data1\" content=\"2 Minuten\" \/>\n<script type=\"application\/ld+json\" class=\"yoast-schema-graph\">{\"@context\":\"https:\/\/schema.org\",\"@graph\":[{\"@type\":\"WebPage\",\"@id\":\"https:\/\/www.iplay.com\/de\/games\/best-of-hidden-object-value-pack-vol-9\/\",\"url\":\"https:\/\/www.iplay.com\/de\/games\/best-of-hidden-object-value-pack-vol-9\/\",\"name\":\"Best of Wimmelbild-Vorteilspaket Vol. 9 - Band 9: 4 fesselnde Wimmelbildreisen erwarten Sie\",\"isPartOf\":{\"@id\":\"https:\/\/www.iplay.com\/en\/#website\"},\"primaryImageOfPage\":{\"@id\":\"https:\/\/www.iplay.com\/de\/games\/best-of-hidden-object-value-pack-vol-9\/#primaryimage\"},\"image\":{\"@id\":\"https:\/\/www.iplay.com\/de\/games\/best-of-hidden-object-value-pack-vol-9\/#primaryimage\"},\"thumbnailUrl\":\"https:\/\/www.iplay.com\/wp-content\/uploads\/2023\/12\/large_square_tile_image-3560.jpg\",\"datePublished\":\"2018-05-20T00:00:00+00:00\",\"breadcrumb\":{\"@id\":\"https:\/\/www.iplay.com\/de\/games\/best-of-hidden-object-value-pack-vol-9\/#breadcrumb\"},\"inLanguage\":\"de-DE\",\"potentialAction\":[{\"@type\":\"ReadAction\",\"target\":[\"https:\/\/www.iplay.com\/de\/games\/best-of-hidden-object-value-pack-vol-9\/\"]}]},{\"@type\":\"ImageObject\",\"inLanguage\":\"de-DE\",\"@id\":\"https:\/\/www.iplay.com\/de\/games\/best-of-hidden-object-value-pack-vol-9\/#primaryimage\",\"url\":\"https:\/\/www.iplay.com\/wp-content\/uploads\/2023\/12\/large_square_tile_image-3560.jpg\",\"contentUrl\":\"https:\/\/www.iplay.com\/wp-content\/uploads\/2023\/12\/large_square_tile_image-3560.jpg\",\"width\":310,\"height\":310},{\"@type\":\"BreadcrumbList\",\"@id\":\"https:\/\/www.iplay.com\/de\/games\/best-of-hidden-object-value-pack-vol-9\/#breadcrumb\",\"itemListElement\":[{\"@type\":\"ListItem\",\"position\":1,\"name\":\"Home\",\"item\":\"https:\/\/www.iplay.com\/de\/home-page-2\/\"},{\"@type\":\"ListItem\",\"position\":2,\"name\":\"Shop\",\"item\":\"https:\/\/www.iplay.com\/en\/shop\/\"},{\"@type\":\"ListItem\",\"position\":3,\"name\":\"Best of Hidden Object Value Pack Vol. 9\"}]},{\"@type\":\"WebSite\",\"@id\":\"https:\/\/www.iplay.com\/en\/#website\",\"url\":\"https:\/\/www.iplay.com\/en\/\",\"name\":\"IPlay\",\"description\":\"The Best Casual Games!\",\"publisher\":{\"@id\":\"https:\/\/www.iplay.com\/en\/#organization\"},\"potentialAction\":[{\"@type\":\"SearchAction\",\"target\":{\"@type\":\"EntryPoint\",\"urlTemplate\":\"https:\/\/www.iplay.com\/en\/?s={search_term_string}\"},\"query-input\":{\"@type\":\"PropertyValueSpecification\",\"valueRequired\":true,\"valueName\":\"search_term_string\"}}],\"inLanguage\":\"de-DE\"},{\"@type\":\"Organization\",\"@id\":\"https:\/\/www.iplay.com\/en\/#organization\",\"name\":\"IPlay\",\"url\":\"https:\/\/www.iplay.com\/en\/\",\"logo\":{\"@type\":\"ImageObject\",\"inLanguage\":\"de-DE\",\"@id\":\"https:\/\/www.iplay.com\/en\/#\/schema\/logo\/image\/\",\"url\":\"https:\/\/www.iplay.com\/wp-content\/uploads\/2023\/11\/Group-6100.svg\",\"contentUrl\":\"https:\/\/www.iplay.com\/wp-content\/uploads\/2023\/11\/Group-6100.svg\",\"width\":98,\"height\":25,\"caption\":\"IPlay\"},\"image\":{\"@id\":\"https:\/\/www.iplay.com\/en\/#\/schema\/logo\/image\/\"}}]}<\/script>\n<!-- \/ Yoast SEO Premium plugin. -->","yoast_head_json":{"title":"Best of Wimmelbild-Vorteilspaket Vol. 9 - Band 9: 4 fesselnde Wimmelbildreisen erwarten Sie","robots":{"index":"index","follow":"follow","max-snippet":"max-snippet:-1","max-image-preview":"max-image-preview:large","max-video-preview":"max-video-preview:-1"},"canonical":"https:\/\/www.iplay.com\/de\/games\/best-of-hidden-object-value-pack-vol-9\/","og_locale":"de_DE","og_type":"article","og_title":"Best of Hidden Object Value Pack Vol. 9","og_url":"https:\/\/www.iplay.com\/de\/games\/best-of-hidden-object-value-pack-vol-9\/","og_site_name":"IPlay","og_image":[{"width":310,"height":310,"url":"https:\/\/www.iplay.com\/wp-content\/uploads\/2023\/12\/large_square_tile_image-3560.jpg","type":"image\/jpeg"}],"twitter_card":"summary_large_image","twitter_misc":{"Gesch\u00e4tzte Lesezeit":"2 Minuten"},"schema":{"@context":"https:\/\/schema.org","@graph":[{"@type":"WebPage","@id":"https:\/\/www.iplay.com\/de\/games\/best-of-hidden-object-value-pack-vol-9\/","url":"https:\/\/www.iplay.com\/de\/games\/best-of-hidden-object-value-pack-vol-9\/","name":"Best of Wimmelbild-Vorteilspaket Vol. 9 - Band 9: 4 fesselnde Wimmelbildreisen erwarten Sie","isPartOf":{"@id":"https:\/\/www.iplay.com\/en\/#website"},"primaryImageOfPage":{"@id":"https:\/\/www.iplay.com\/de\/games\/best-of-hidden-object-value-pack-vol-9\/#primaryimage"},"image":{"@id":"https:\/\/www.iplay.com\/de\/games\/best-of-hidden-object-value-pack-vol-9\/#primaryimage"},"thumbnailUrl":"https:\/\/www.iplay.com\/wp-content\/uploads\/2023\/12\/large_square_tile_image-3560.jpg","datePublished":"2018-05-20T00:00:00+00:00","breadcrumb":{"@id":"https:\/\/www.iplay.com\/de\/games\/best-of-hidden-object-value-pack-vol-9\/#breadcrumb"},"inLanguage":"de-DE","potentialAction":[{"@type":"ReadAction","target":["https:\/\/www.iplay.com\/de\/games\/best-of-hidden-object-value-pack-vol-9\/"]}]},{"@type":"ImageObject","inLanguage":"de-DE","@id":"https:\/\/www.iplay.com\/de\/games\/best-of-hidden-object-value-pack-vol-9\/#primaryimage","url":"https:\/\/www.iplay.com\/wp-content\/uploads\/2023\/12\/large_square_tile_image-3560.jpg","contentUrl":"https:\/\/www.iplay.com\/wp-content\/uploads\/2023\/12\/large_square_tile_image-3560.jpg","width":310,"height":310},{"@type":"BreadcrumbList","@id":"https:\/\/www.iplay.com\/de\/games\/best-of-hidden-object-value-pack-vol-9\/#breadcrumb","itemListElement":[{"@type":"ListItem","position":1,"name":"Home","item":"https:\/\/www.iplay.com\/de\/home-page-2\/"},{"@type":"ListItem","position":2,"name":"Shop","item":"https:\/\/www.iplay.com\/en\/shop\/"},{"@type":"ListItem","position":3,"name":"Best of Hidden Object Value Pack Vol. 9"}]},{"@type":"WebSite","@id":"https:\/\/www.iplay.com\/en\/#website","url":"https:\/\/www.iplay.com\/en\/","name":"IPlay","description":"The Best Casual Games!","publisher":{"@id":"https:\/\/www.iplay.com\/en\/#organization"},"potentialAction":[{"@type":"SearchAction","target":{"@type":"EntryPoint","urlTemplate":"https:\/\/www.iplay.com\/en\/?s={search_term_string}"},"query-input":{"@type":"PropertyValueSpecification","valueRequired":true,"valueName":"search_term_string"}}],"inLanguage":"de-DE"},{"@type":"Organization","@id":"https:\/\/www.iplay.com\/en\/#organization","name":"IPlay","url":"https:\/\/www.iplay.com\/en\/","logo":{"@type":"ImageObject","inLanguage":"de-DE","@id":"https:\/\/www.iplay.com\/en\/#\/schema\/logo\/image\/","url":"https:\/\/www.iplay.com\/wp-content\/uploads\/2023\/11\/Group-6100.svg","contentUrl":"https:\/\/www.iplay.com\/wp-content\/uploads\/2023\/11\/Group-6100.svg","width":98,"height":25,"caption":"IPlay"},"image":{"@id":"https:\/\/www.iplay.com\/en\/#\/schema\/logo\/image\/"}}]}},"_links":{"self":[{"href":"https:\/\/www.iplay.com\/de\/wp-json\/wp\/v2\/product\/142393","targetHints":{"allow":["GET"]}}],"collection":[{"href":"https:\/\/www.iplay.com\/de\/wp-json\/wp\/v2\/product"}],"about":[{"href":"https:\/\/www.iplay.com\/de\/wp-json\/wp\/v2\/types\/product"}],"author":[{"embeddable":true,"href":"https:\/\/www.iplay.com\/de\/wp-json\/wp\/v2\/users\/20"}],"replies":[{"embeddable":true,"href":"https:\/\/www.iplay.com\/de\/wp-json\/wp\/v2\/comments?post=142393"}],"wp:featuredmedia":[{"embeddable":true,"href":"https:\/\/www.iplay.com\/de\/wp-json\/wp\/v2\/media\/96851"}],"wp:attachment":[{"href":"https:\/\/www.iplay.com\/de\/wp-json\/wp\/v2\/media?parent=142393"}],"wp:term":[{"taxonomy":"product_brand","embeddable":true,"href":"https:\/\/www.iplay.com\/de\/wp-json\/wp\/v2\/product_brand?post=142393"},{"taxonomy":"product_cat","embeddable":true,"href":"https:\/\/www.iplay.com\/de\/wp-json\/wp\/v2\/product_cat?post=142393"},{"taxonomy":"product_tag","embeddable":true,"href":"https:\/\/www.iplay.com\/de\/wp-json\/wp\/v2\/product_tag?post=142393"}],"curies":[{"name":"wp","href":"https:\/\/api.w.org\/{rel}","templated":true}]}}