{"id":142273,"date":"2025-08-12T07:30:19","date_gmt":"2025-08-12T07:30:19","guid":{"rendered":"https:\/\/www.iplay.com\/?post_type=product&p=142273"},"modified":"2025-08-12T07:30:19","modified_gmt":"2025-08-12T07:30:19","slug":"knife-madness","status":"publish","type":"product","link":"https:\/\/www.iplay.com\/de\/games\/knife-madness\/","title":{"rendered":"Knife Madness"},"content":{"rendered":"<p class=\"ai-optimize-30 ai-optimize-introduction\">Zielen, werfen und \u00fcberleben! Halte die Augen offen und versuche, keine anderen Klingen zu treffen. Das sich drehende Rad beschleunigt sich, die Eins\u00e4tze erh\u00f6hen sich und nur deine schnellen Reflexe halten dich im Spiel. Kannst du die Boss-Stufen meistern und tolle Messer-Skins bekommen? Die Herausforderung hat begonnen!    <\/p>\n<p>Das Ziel des Spiels ist es, Messer auf ein sich drehendes Rad zu werfen und dabei denen auszuweichen, die bereits da sind. Zielen Sie sorgf\u00e4ltig und pr\u00e4zise, um leere R\u00e4ume zu treffen. Jedes Level bringt mehr Messer, h\u00f6here Geschwindigkeiten und mehr Herausforderungen mit sich.<\/p>\n","protected":false},"excerpt":{"rendered":"<p>Pr\u00e4zision und schnelle Reaktionen sind unerl\u00e4sslich &#8211; Werfen Sie Messer vorsichtig auf ein sich drehendes Rad und verbessern Sie Ihre F\u00e4higkeiten mit jeder Bewegung.<\/p>\n","protected":false},"author":325,"featured_media":142220,"comment_status":"open","ping_status":"closed","template":"","meta":{"_acf_changed":false,"inline_featured_image":false},"product_brand":[],"product_cat":[180],"product_tag":[302,284,299,289],"class_list":{"0":"post-142273","1":"product","2":"type-product","3":"status-publish","4":"has-post-thumbnail","6":"product_cat-mobile-games-de","7":"product_tag-play-for-free-de","8":"product_tag-play-on-mac-de","9":"product_tag-play-on-mobile-de","10":"product_tag-play-on-pc-de","12":"first","13":"instock","14":"shipping-taxable","15":"purchasable","16":"product-type-html5_game"},"acf":[],"yoast_head":"<!-- This site is optimized with the Yoast SEO Premium plugin v25.2 (Yoast SEO v25.2) - https:\/\/yoast.com\/wordpress\/plugins\/seo\/ -->\n<title>Knife Madness - Kannst du zielen und Gefahren ausweichen?<\/title>\n<meta name=\"description\" content=\"Pr\u00e4zision und schnelle Reaktionen sind unerl\u00e4sslich - Werfen Sie Messer vorsichtig auf ein sich drehendes Rad und verbessern Sie Ihre F\u00e4higkeiten mit jeder Bewegung.\" \/>\n<meta name=\"robots\" content=\"index, follow, max-snippet:-1, max-image-preview:large, max-video-preview:-1\" \/>\n<link rel=\"canonical\" href=\"https:\/\/www.iplay.com\/en\/games\/knife-madness\/\" \/>\n<meta property=\"og:locale\" content=\"de_DE\" \/>\n<meta property=\"og:type\" content=\"article\" \/>\n<meta property=\"og:title\" content=\"Knife Madness\" \/>\n<meta property=\"og:description\" content=\"Pr\u00e4zision und schnelle Reaktionen sind unerl\u00e4sslich - Werfen Sie Messer vorsichtig auf ein sich drehendes Rad und verbessern Sie Ihre F\u00e4higkeiten mit jeder Bewegung.\" \/>\n<meta property=\"og:url\" content=\"https:\/\/www.iplay.com\/en\/games\/knife-madness\/\" \/>\n<meta property=\"og:site_name\" content=\"IPlay\" \/>\n<meta property=\"og:image\" content=\"https:\/\/www.iplay.com\/wp-content\/uploads\/2025\/08\/knifemadness-html5_1920x1080.webp\" \/>\n\t<meta property=\"og:image:width\" content=\"715\" \/>\n\t<meta property=\"og:image:height\" content=\"485\" \/>\n\t<meta property=\"og:image:type\" content=\"image\/webp\" \/>\n<meta name=\"twitter:card\" content=\"summary_large_image\" \/>\n<script type=\"application\/ld+json\" class=\"yoast-schema-graph\">{\"@context\":\"https:\/\/schema.org\",\"@graph\":[{\"@type\":\"WebPage\",\"@id\":\"https:\/\/www.iplay.com\/en\/games\/knife-madness\/\",\"url\":\"https:\/\/www.iplay.com\/en\/games\/knife-madness\/\",\"name\":\"Knife Madness - Kannst du zielen und Gefahren ausweichen?\",\"isPartOf\":{\"@id\":\"https:\/\/www.iplay.com\/en\/#website\"},\"primaryImageOfPage\":{\"@id\":\"https:\/\/www.iplay.com\/en\/games\/knife-madness\/#primaryimage\"},\"image\":{\"@id\":\"https:\/\/www.iplay.com\/en\/games\/knife-madness\/#primaryimage\"},\"thumbnailUrl\":\"https:\/\/www.iplay.com\/wp-content\/uploads\/2025\/08\/knifemadness-html5_1920x1080.webp\",\"datePublished\":\"2025-08-12T07:30:19+00:00\",\"description\":\"Pr\u00e4zision und schnelle Reaktionen sind unerl\u00e4sslich - Werfen Sie Messer vorsichtig auf ein sich drehendes Rad und verbessern Sie Ihre F\u00e4higkeiten mit jeder Bewegung.\",\"breadcrumb\":{\"@id\":\"https:\/\/www.iplay.com\/en\/games\/knife-madness\/#breadcrumb\"},\"inLanguage\":\"de-DE\",\"potentialAction\":[{\"@type\":\"ReadAction\",\"target\":[\"https:\/\/www.iplay.com\/en\/games\/knife-madness\/\"]}]},{\"@type\":\"ImageObject\",\"inLanguage\":\"de-DE\",\"@id\":\"https:\/\/www.iplay.com\/en\/games\/knife-madness\/#primaryimage\",\"url\":\"https:\/\/www.iplay.com\/wp-content\/uploads\/2025\/08\/knifemadness-html5_1920x1080.webp\",\"contentUrl\":\"https:\/\/www.iplay.com\/wp-content\/uploads\/2025\/08\/knifemadness-html5_1920x1080.webp\",\"width\":715,\"height\":485},{\"@type\":\"BreadcrumbList\",\"@id\":\"https:\/\/www.iplay.com\/en\/games\/knife-madness\/#breadcrumb\",\"itemListElement\":[{\"@type\":\"ListItem\",\"position\":1,\"name\":\"Home\",\"item\":\"https:\/\/www.iplay.com\/de\/home-page-2\/\"},{\"@type\":\"ListItem\",\"position\":2,\"name\":\"Shop\",\"item\":\"https:\/\/www.iplay.com\/en\/shop\/\"},{\"@type\":\"ListItem\",\"position\":3,\"name\":\"Knife Madness\"}]},{\"@type\":\"WebSite\",\"@id\":\"https:\/\/www.iplay.com\/en\/#website\",\"url\":\"https:\/\/www.iplay.com\/en\/\",\"name\":\"IPlay\",\"description\":\"The Best Casual Games!\",\"publisher\":{\"@id\":\"https:\/\/www.iplay.com\/en\/#organization\"},\"potentialAction\":[{\"@type\":\"SearchAction\",\"target\":{\"@type\":\"EntryPoint\",\"urlTemplate\":\"https:\/\/www.iplay.com\/en\/?s={search_term_string}\"},\"query-input\":{\"@type\":\"PropertyValueSpecification\",\"valueRequired\":true,\"valueName\":\"search_term_string\"}}],\"inLanguage\":\"de-DE\"},{\"@type\":\"Organization\",\"@id\":\"https:\/\/www.iplay.com\/en\/#organization\",\"name\":\"IPlay\",\"url\":\"https:\/\/www.iplay.com\/en\/\",\"logo\":{\"@type\":\"ImageObject\",\"inLanguage\":\"de-DE\",\"@id\":\"https:\/\/www.iplay.com\/en\/#\/schema\/logo\/image\/\",\"url\":\"https:\/\/www.iplay.com\/wp-content\/uploads\/2023\/11\/Group-6100.svg\",\"contentUrl\":\"https:\/\/www.iplay.com\/wp-content\/uploads\/2023\/11\/Group-6100.svg\",\"width\":98,\"height\":25,\"caption\":\"IPlay\"},\"image\":{\"@id\":\"https:\/\/www.iplay.com\/en\/#\/schema\/logo\/image\/\"}}]}<\/script>\n<!-- \/ Yoast SEO Premium plugin. -->","yoast_head_json":{"title":"Knife Madness - Kannst du zielen und Gefahren ausweichen?","description":"Pr\u00e4zision und schnelle Reaktionen sind unerl\u00e4sslich - Werfen Sie Messer vorsichtig auf ein sich drehendes Rad und verbessern Sie Ihre F\u00e4higkeiten mit jeder Bewegung.","robots":{"index":"index","follow":"follow","max-snippet":"max-snippet:-1","max-image-preview":"max-image-preview:large","max-video-preview":"max-video-preview:-1"},"canonical":"https:\/\/www.iplay.com\/en\/games\/knife-madness\/","og_locale":"de_DE","og_type":"article","og_title":"Knife Madness","og_description":"Pr\u00e4zision und schnelle Reaktionen sind unerl\u00e4sslich - Werfen Sie Messer vorsichtig auf ein sich drehendes Rad und verbessern Sie Ihre F\u00e4higkeiten mit jeder Bewegung.","og_url":"https:\/\/www.iplay.com\/en\/games\/knife-madness\/","og_site_name":"IPlay","og_image":[{"width":715,"height":485,"url":"https:\/\/www.iplay.com\/wp-content\/uploads\/2025\/08\/knifemadness-html5_1920x1080.webp","type":"image\/webp"}],"twitter_card":"summary_large_image","schema":{"@context":"https:\/\/schema.org","@graph":[{"@type":"WebPage","@id":"https:\/\/www.iplay.com\/en\/games\/knife-madness\/","url":"https:\/\/www.iplay.com\/en\/games\/knife-madness\/","name":"Knife Madness - Kannst du zielen und Gefahren ausweichen?","isPartOf":{"@id":"https:\/\/www.iplay.com\/en\/#website"},"primaryImageOfPage":{"@id":"https:\/\/www.iplay.com\/en\/games\/knife-madness\/#primaryimage"},"image":{"@id":"https:\/\/www.iplay.com\/en\/games\/knife-madness\/#primaryimage"},"thumbnailUrl":"https:\/\/www.iplay.com\/wp-content\/uploads\/2025\/08\/knifemadness-html5_1920x1080.webp","datePublished":"2025-08-12T07:30:19+00:00","description":"Pr\u00e4zision und schnelle Reaktionen sind unerl\u00e4sslich - Werfen Sie Messer vorsichtig auf ein sich drehendes Rad und verbessern Sie Ihre F\u00e4higkeiten mit jeder Bewegung.","breadcrumb":{"@id":"https:\/\/www.iplay.com\/en\/games\/knife-madness\/#breadcrumb"},"inLanguage":"de-DE","potentialAction":[{"@type":"ReadAction","target":["https:\/\/www.iplay.com\/en\/games\/knife-madness\/"]}]},{"@type":"ImageObject","inLanguage":"de-DE","@id":"https:\/\/www.iplay.com\/en\/games\/knife-madness\/#primaryimage","url":"https:\/\/www.iplay.com\/wp-content\/uploads\/2025\/08\/knifemadness-html5_1920x1080.webp","contentUrl":"https:\/\/www.iplay.com\/wp-content\/uploads\/2025\/08\/knifemadness-html5_1920x1080.webp","width":715,"height":485},{"@type":"BreadcrumbList","@id":"https:\/\/www.iplay.com\/en\/games\/knife-madness\/#breadcrumb","itemListElement":[{"@type":"ListItem","position":1,"name":"Home","item":"https:\/\/www.iplay.com\/de\/home-page-2\/"},{"@type":"ListItem","position":2,"name":"Shop","item":"https:\/\/www.iplay.com\/en\/shop\/"},{"@type":"ListItem","position":3,"name":"Knife Madness"}]},{"@type":"WebSite","@id":"https:\/\/www.iplay.com\/en\/#website","url":"https:\/\/www.iplay.com\/en\/","name":"IPlay","description":"The Best Casual Games!","publisher":{"@id":"https:\/\/www.iplay.com\/en\/#organization"},"potentialAction":[{"@type":"SearchAction","target":{"@type":"EntryPoint","urlTemplate":"https:\/\/www.iplay.com\/en\/?s={search_term_string}"},"query-input":{"@type":"PropertyValueSpecification","valueRequired":true,"valueName":"search_term_string"}}],"inLanguage":"de-DE"},{"@type":"Organization","@id":"https:\/\/www.iplay.com\/en\/#organization","name":"IPlay","url":"https:\/\/www.iplay.com\/en\/","logo":{"@type":"ImageObject","inLanguage":"de-DE","@id":"https:\/\/www.iplay.com\/en\/#\/schema\/logo\/image\/","url":"https:\/\/www.iplay.com\/wp-content\/uploads\/2023\/11\/Group-6100.svg","contentUrl":"https:\/\/www.iplay.com\/wp-content\/uploads\/2023\/11\/Group-6100.svg","width":98,"height":25,"caption":"IPlay"},"image":{"@id":"https:\/\/www.iplay.com\/en\/#\/schema\/logo\/image\/"}}]}},"_links":{"self":[{"href":"https:\/\/www.iplay.com\/de\/wp-json\/wp\/v2\/product\/142273","targetHints":{"allow":["GET"]}}],"collection":[{"href":"https:\/\/www.iplay.com\/de\/wp-json\/wp\/v2\/product"}],"about":[{"href":"https:\/\/www.iplay.com\/de\/wp-json\/wp\/v2\/types\/product"}],"author":[{"embeddable":true,"href":"https:\/\/www.iplay.com\/de\/wp-json\/wp\/v2\/users\/325"}],"replies":[{"embeddable":true,"href":"https:\/\/www.iplay.com\/de\/wp-json\/wp\/v2\/comments?post=142273"}],"wp:featuredmedia":[{"embeddable":true,"href":"https:\/\/www.iplay.com\/de\/wp-json\/wp\/v2\/media\/142220"}],"wp:attachment":[{"href":"https:\/\/www.iplay.com\/de\/wp-json\/wp\/v2\/media?parent=142273"}],"wp:term":[{"taxonomy":"product_brand","embeddable":true,"href":"https:\/\/www.iplay.com\/de\/wp-json\/wp\/v2\/product_brand?post=142273"},{"taxonomy":"product_cat","embeddable":true,"href":"https:\/\/www.iplay.com\/de\/wp-json\/wp\/v2\/product_cat?post=142273"},{"taxonomy":"product_tag","embeddable":true,"href":"https:\/\/www.iplay.com\/de\/wp-json\/wp\/v2\/product_tag?post=142273"}],"curies":[{"name":"wp","href":"https:\/\/api.w.org\/{rel}","templated":true}]}}