{"id":141751,"date":"2018-09-15T00:00:00","date_gmt":"2018-09-15T00:00:00","guid":{"rendered":"https:\/\/www.iplay.com\/games\/1001-jigsaw-world-tour-australian-puzzles\/"},"modified":"2018-09-15T00:00:00","modified_gmt":"2018-09-15T00:00:00","slug":"1001-jigsaw-world-tour-australian-puzzles","status":"publish","type":"product","link":"https:\/\/www.iplay.com\/de\/games\/1001-jigsaw-world-tour-australian-puzzles\/","title":{"rendered":"1001 Jigsaw World Tour &#8211; Australian Puzzles"},"content":{"rendered":"<p>1001 Jigsaw World Tour: Australia ist ein spannendes Puzzlespiel und ein fantastischer Reisef\u00fchrer. Setze Puzzles aus einer Vielzahl von Teilen zusammen und studiere die Sehensw\u00fcrdigkeiten und Traditionen Australiens in 500 hochwertigen Fotos. Jetzt kannst du deine Lieblingspuzzles l\u00f6sen und die Welt bereisen, ohne den Komfort deines Zuhauses zu verlassen! F\u00fcr ein angenehmeres und komfortableres Gameplay haben wir eine ganze Reihe von Optionen bereitgestellt! Stellen Sie f\u00fcr jedes Puzzle einen Schwierigkeitsgrad ein, der Ihnen passt, w\u00e4hlen Sie die Anzahl der Teile, ihre Grade und die Drehfunktion! Speichern Sie Ihren Fortschritt jederzeit und setzen Sie Ihre gespeicherten Puzzles jederzeit wieder zusammen! F\u00fcr alle, die die Herausforderung lieben, gibt es Aufgaben und bunte Troph\u00e4en! Eine einfache Steuerung und viele Hinweise und Tools machen das Spiel zu einem Vergn\u00fcgen. Mit all dieser Flexibilit\u00e4t ist das Spiel sowohl f\u00fcr Einsteiger als auch f\u00fcr echte Profis im Genre der Logikr\u00e4tsel geeignet. Es erwartet Sie eine aufregende Tour quer durch Australien: K\u00e4ngurus, Koalas, Kakteen&#8230; Nutzen Sie diese einmalige Gelegenheit, Australien zu besuchen und 1001 Jigsaw World Tour: Australia zu spielen! 1001 Jigsaw World Tour: Australia ist ein Spiele- und globaler Reisef\u00fchrer. 500 hochwertige Fotos: ber\u00fchmte Sehensw\u00fcrdigkeiten in H\u00fclle und F\u00fclle, dazu Architektur, Denkm\u00e4ler, Kunst, nationale Traditionen und Ruhm, Geschichte, Kulinarik&#8230; Ein echtes Australien! Und Sie k\u00f6nnen Ihre Reise durch sie jetzt beginnen!             <\/p>\n<p>&nbsp;<\/p>\n<p>&nbsp;<\/p>\n<p><strong>Funktionen:  <\/strong><\/p>\n<p>&nbsp;<\/p>\n<p>&#8211; 500 hochwertige Unikate<\/p>\n<p>&#8211; Gut gestaltetes Gameplay: n\u00fctzliche Hinweise, Sortierwerkzeug und Lupe.<\/p>\n<p>&#8211; Die optionale Steuerung des Spielschwierigkeitsgrads macht dein Gameplay unendlich<\/p>\n<p>&#8211; Benutzerdefinierte Stile von Teilen mit Rotation<\/p>\n<p>&#8211; Speichere den Spielfortschritt und sammle das Puzzle jederzeit weiter<\/p>\n<p>&#8211; Aufgaben und bunte Troph\u00e4en f\u00fcr alle, die die Spannung lieben<\/p>\n<p>&#8211; angenehme und entspannende Musik<\/p>\n<p>&#8211; 2 in 1: ein Spiel und ein Reisef\u00fchrer f\u00fcr Australien!<\/p>\n<p>&#8211; Erhalte 500 Puzzles f\u00fcr einen Kauf. Das ist von Vorteil!<\/p>\n","protected":false},"excerpt":{"rendered":"<p>1001 Jigsaw World Tour: Australia ist ein spannendes Puzzlespiel und ein Reisef\u00fchrer f\u00fcr Down Under!<\/p>\n","protected":false},"author":13,"featured_media":86902,"comment_status":"open","ping_status":"closed","template":"","meta":{"_acf_changed":false,"inline_featured_image":false},"product_brand":[],"product_cat":[168],"product_tag":[289],"class_list":{"0":"post-141751","1":"product","2":"type-product","3":"status-publish","4":"has-post-thumbnail","6":"product_cat-jigsaw-de","7":"product_tag-play-on-pc-de","9":"first","10":"instock","11":"shipping-taxable","12":"purchasable","13":"product-type-simple"},"acf":[],"yoast_head":"<!-- This site is optimized with the Yoast SEO Premium plugin v25.2 (Yoast SEO v25.2) - https:\/\/yoast.com\/wordpress\/plugins\/seo\/ -->\n<title>1001 Jigsaw World Tour - Australische Puzzles - Entdecken Sie Australien mit 1001 Jigsaw Puzzles als Reisef\u00fchrer<\/title>\n<meta name=\"robots\" content=\"index, follow, max-snippet:-1, max-image-preview:large, max-video-preview:-1\" \/>\n<link rel=\"canonical\" href=\"https:\/\/www.iplay.com\/de\/games\/1001-jigsaw-world-tour-australian-puzzles\/\" \/>\n<meta property=\"og:locale\" content=\"de_DE\" \/>\n<meta property=\"og:type\" content=\"article\" \/>\n<meta property=\"og:title\" content=\"1001 Jigsaw World Tour - Australian Puzzles\" \/>\n<meta property=\"og:url\" content=\"https:\/\/www.iplay.com\/de\/games\/1001-jigsaw-world-tour-australian-puzzles\/\" \/>\n<meta property=\"og:site_name\" content=\"IPlay\" \/>\n<meta property=\"og:image\" content=\"https:\/\/www.iplay.com\/wp-content\/uploads\/2023\/12\/large_square_tile_image-2944.jpg\" \/>\n\t<meta property=\"og:image:width\" content=\"310\" \/>\n\t<meta property=\"og:image:height\" content=\"310\" \/>\n\t<meta property=\"og:image:type\" content=\"image\/jpeg\" \/>\n<meta name=\"twitter:card\" content=\"summary_large_image\" \/>\n<meta name=\"twitter:label1\" content=\"Gesch\u00e4tzte Lesezeit\" \/>\n\t<meta name=\"twitter:data1\" content=\"2 Minuten\" \/>\n<script type=\"application\/ld+json\" class=\"yoast-schema-graph\">{\"@context\":\"https:\/\/schema.org\",\"@graph\":[{\"@type\":\"WebPage\",\"@id\":\"https:\/\/www.iplay.com\/de\/games\/1001-jigsaw-world-tour-australian-puzzles\/\",\"url\":\"https:\/\/www.iplay.com\/de\/games\/1001-jigsaw-world-tour-australian-puzzles\/\",\"name\":\"1001 Jigsaw World Tour - Australische Puzzles - Entdecken Sie Australien mit 1001 Jigsaw Puzzles als Reisef\u00fchrer\",\"isPartOf\":{\"@id\":\"https:\/\/www.iplay.com\/en\/#website\"},\"primaryImageOfPage\":{\"@id\":\"https:\/\/www.iplay.com\/de\/games\/1001-jigsaw-world-tour-australian-puzzles\/#primaryimage\"},\"image\":{\"@id\":\"https:\/\/www.iplay.com\/de\/games\/1001-jigsaw-world-tour-australian-puzzles\/#primaryimage\"},\"thumbnailUrl\":\"https:\/\/www.iplay.com\/wp-content\/uploads\/2023\/12\/large_square_tile_image-2944.jpg\",\"datePublished\":\"2018-09-15T00:00:00+00:00\",\"breadcrumb\":{\"@id\":\"https:\/\/www.iplay.com\/de\/games\/1001-jigsaw-world-tour-australian-puzzles\/#breadcrumb\"},\"inLanguage\":\"de-DE\",\"potentialAction\":[{\"@type\":\"ReadAction\",\"target\":[\"https:\/\/www.iplay.com\/de\/games\/1001-jigsaw-world-tour-australian-puzzles\/\"]}]},{\"@type\":\"ImageObject\",\"inLanguage\":\"de-DE\",\"@id\":\"https:\/\/www.iplay.com\/de\/games\/1001-jigsaw-world-tour-australian-puzzles\/#primaryimage\",\"url\":\"https:\/\/www.iplay.com\/wp-content\/uploads\/2023\/12\/large_square_tile_image-2944.jpg\",\"contentUrl\":\"https:\/\/www.iplay.com\/wp-content\/uploads\/2023\/12\/large_square_tile_image-2944.jpg\",\"width\":310,\"height\":310},{\"@type\":\"BreadcrumbList\",\"@id\":\"https:\/\/www.iplay.com\/de\/games\/1001-jigsaw-world-tour-australian-puzzles\/#breadcrumb\",\"itemListElement\":[{\"@type\":\"ListItem\",\"position\":1,\"name\":\"Home\",\"item\":\"https:\/\/www.iplay.com\/de\/home-page-2\/\"},{\"@type\":\"ListItem\",\"position\":2,\"name\":\"Shop\",\"item\":\"https:\/\/www.iplay.com\/en\/shop\/\"},{\"@type\":\"ListItem\",\"position\":3,\"name\":\"1001 Jigsaw World Tour &#8211; Australian Puzzles\"}]},{\"@type\":\"WebSite\",\"@id\":\"https:\/\/www.iplay.com\/en\/#website\",\"url\":\"https:\/\/www.iplay.com\/en\/\",\"name\":\"IPlay\",\"description\":\"The Best Casual Games!\",\"publisher\":{\"@id\":\"https:\/\/www.iplay.com\/en\/#organization\"},\"potentialAction\":[{\"@type\":\"SearchAction\",\"target\":{\"@type\":\"EntryPoint\",\"urlTemplate\":\"https:\/\/www.iplay.com\/en\/?s={search_term_string}\"},\"query-input\":{\"@type\":\"PropertyValueSpecification\",\"valueRequired\":true,\"valueName\":\"search_term_string\"}}],\"inLanguage\":\"de-DE\"},{\"@type\":\"Organization\",\"@id\":\"https:\/\/www.iplay.com\/en\/#organization\",\"name\":\"IPlay\",\"url\":\"https:\/\/www.iplay.com\/en\/\",\"logo\":{\"@type\":\"ImageObject\",\"inLanguage\":\"de-DE\",\"@id\":\"https:\/\/www.iplay.com\/en\/#\/schema\/logo\/image\/\",\"url\":\"https:\/\/www.iplay.com\/wp-content\/uploads\/2023\/11\/Group-6100.svg\",\"contentUrl\":\"https:\/\/www.iplay.com\/wp-content\/uploads\/2023\/11\/Group-6100.svg\",\"width\":98,\"height\":25,\"caption\":\"IPlay\"},\"image\":{\"@id\":\"https:\/\/www.iplay.com\/en\/#\/schema\/logo\/image\/\"}}]}<\/script>\n<!-- \/ Yoast SEO Premium plugin. -->","yoast_head_json":{"title":"1001 Jigsaw World Tour - Australische Puzzles - Entdecken Sie Australien mit 1001 Jigsaw Puzzles als Reisef\u00fchrer","robots":{"index":"index","follow":"follow","max-snippet":"max-snippet:-1","max-image-preview":"max-image-preview:large","max-video-preview":"max-video-preview:-1"},"canonical":"https:\/\/www.iplay.com\/de\/games\/1001-jigsaw-world-tour-australian-puzzles\/","og_locale":"de_DE","og_type":"article","og_title":"1001 Jigsaw World Tour - Australian Puzzles","og_url":"https:\/\/www.iplay.com\/de\/games\/1001-jigsaw-world-tour-australian-puzzles\/","og_site_name":"IPlay","og_image":[{"width":310,"height":310,"url":"https:\/\/www.iplay.com\/wp-content\/uploads\/2023\/12\/large_square_tile_image-2944.jpg","type":"image\/jpeg"}],"twitter_card":"summary_large_image","twitter_misc":{"Gesch\u00e4tzte Lesezeit":"2 Minuten"},"schema":{"@context":"https:\/\/schema.org","@graph":[{"@type":"WebPage","@id":"https:\/\/www.iplay.com\/de\/games\/1001-jigsaw-world-tour-australian-puzzles\/","url":"https:\/\/www.iplay.com\/de\/games\/1001-jigsaw-world-tour-australian-puzzles\/","name":"1001 Jigsaw World Tour - Australische Puzzles - Entdecken Sie Australien mit 1001 Jigsaw Puzzles als Reisef\u00fchrer","isPartOf":{"@id":"https:\/\/www.iplay.com\/en\/#website"},"primaryImageOfPage":{"@id":"https:\/\/www.iplay.com\/de\/games\/1001-jigsaw-world-tour-australian-puzzles\/#primaryimage"},"image":{"@id":"https:\/\/www.iplay.com\/de\/games\/1001-jigsaw-world-tour-australian-puzzles\/#primaryimage"},"thumbnailUrl":"https:\/\/www.iplay.com\/wp-content\/uploads\/2023\/12\/large_square_tile_image-2944.jpg","datePublished":"2018-09-15T00:00:00+00:00","breadcrumb":{"@id":"https:\/\/www.iplay.com\/de\/games\/1001-jigsaw-world-tour-australian-puzzles\/#breadcrumb"},"inLanguage":"de-DE","potentialAction":[{"@type":"ReadAction","target":["https:\/\/www.iplay.com\/de\/games\/1001-jigsaw-world-tour-australian-puzzles\/"]}]},{"@type":"ImageObject","inLanguage":"de-DE","@id":"https:\/\/www.iplay.com\/de\/games\/1001-jigsaw-world-tour-australian-puzzles\/#primaryimage","url":"https:\/\/www.iplay.com\/wp-content\/uploads\/2023\/12\/large_square_tile_image-2944.jpg","contentUrl":"https:\/\/www.iplay.com\/wp-content\/uploads\/2023\/12\/large_square_tile_image-2944.jpg","width":310,"height":310},{"@type":"BreadcrumbList","@id":"https:\/\/www.iplay.com\/de\/games\/1001-jigsaw-world-tour-australian-puzzles\/#breadcrumb","itemListElement":[{"@type":"ListItem","position":1,"name":"Home","item":"https:\/\/www.iplay.com\/de\/home-page-2\/"},{"@type":"ListItem","position":2,"name":"Shop","item":"https:\/\/www.iplay.com\/en\/shop\/"},{"@type":"ListItem","position":3,"name":"1001 Jigsaw World Tour &#8211; Australian Puzzles"}]},{"@type":"WebSite","@id":"https:\/\/www.iplay.com\/en\/#website","url":"https:\/\/www.iplay.com\/en\/","name":"IPlay","description":"The Best Casual Games!","publisher":{"@id":"https:\/\/www.iplay.com\/en\/#organization"},"potentialAction":[{"@type":"SearchAction","target":{"@type":"EntryPoint","urlTemplate":"https:\/\/www.iplay.com\/en\/?s={search_term_string}"},"query-input":{"@type":"PropertyValueSpecification","valueRequired":true,"valueName":"search_term_string"}}],"inLanguage":"de-DE"},{"@type":"Organization","@id":"https:\/\/www.iplay.com\/en\/#organization","name":"IPlay","url":"https:\/\/www.iplay.com\/en\/","logo":{"@type":"ImageObject","inLanguage":"de-DE","@id":"https:\/\/www.iplay.com\/en\/#\/schema\/logo\/image\/","url":"https:\/\/www.iplay.com\/wp-content\/uploads\/2023\/11\/Group-6100.svg","contentUrl":"https:\/\/www.iplay.com\/wp-content\/uploads\/2023\/11\/Group-6100.svg","width":98,"height":25,"caption":"IPlay"},"image":{"@id":"https:\/\/www.iplay.com\/en\/#\/schema\/logo\/image\/"}}]}},"_links":{"self":[{"href":"https:\/\/www.iplay.com\/de\/wp-json\/wp\/v2\/product\/141751","targetHints":{"allow":["GET"]}}],"collection":[{"href":"https:\/\/www.iplay.com\/de\/wp-json\/wp\/v2\/product"}],"about":[{"href":"https:\/\/www.iplay.com\/de\/wp-json\/wp\/v2\/types\/product"}],"author":[{"embeddable":true,"href":"https:\/\/www.iplay.com\/de\/wp-json\/wp\/v2\/users\/13"}],"replies":[{"embeddable":true,"href":"https:\/\/www.iplay.com\/de\/wp-json\/wp\/v2\/comments?post=141751"}],"wp:featuredmedia":[{"embeddable":true,"href":"https:\/\/www.iplay.com\/de\/wp-json\/wp\/v2\/media\/86902"}],"wp:attachment":[{"href":"https:\/\/www.iplay.com\/de\/wp-json\/wp\/v2\/media?parent=141751"}],"wp:term":[{"taxonomy":"product_brand","embeddable":true,"href":"https:\/\/www.iplay.com\/de\/wp-json\/wp\/v2\/product_brand?post=141751"},{"taxonomy":"product_cat","embeddable":true,"href":"https:\/\/www.iplay.com\/de\/wp-json\/wp\/v2\/product_cat?post=141751"},{"taxonomy":"product_tag","embeddable":true,"href":"https:\/\/www.iplay.com\/de\/wp-json\/wp\/v2\/product_tag?post=141751"}],"curies":[{"name":"wp","href":"https:\/\/api.w.org\/{rel}","templated":true}]}}