{"id":141722,"date":"2018-09-21T00:00:00","date_gmt":"2018-09-21T00:00:00","guid":{"rendered":"https:\/\/www.iplay.com\/games\/travel-mosaics-4-adventures-in-rio\/"},"modified":"2018-09-21T00:00:00","modified_gmt":"2018-09-21T00:00:00","slug":"travel-mosaics-4-adventures-in-rio","status":"publish","type":"product","link":"https:\/\/www.iplay.com\/de\/games\/travel-mosaics-4-adventures-in-rio\/","title":{"rendered":"Travel Mosaics 4: Adventures In Rio"},"content":{"rendered":"<p>F\u00fcr Spieler jeden Alters ist Travel Mosaics 4: Adventures in Rio ein unglaublich sch\u00f6nes und erstaunliches Lernspiel. Begleiten Sie die Familie Walker auf einer Tour durch die bemerkenswertesten und bekanntesten Touristenziele von Rio de Janeiro. Spiele das Spiel, um eine F\u00fclle interessanter Informationen zu entdecken, herausfordernde Quizfragen zu l\u00f6sen und Goldm\u00fcnzen und Erinnerungsst\u00fccke zu sammeln. Erweitern Sie Ihr Wissen und haben Sie dabei Spa\u00df! Es gibt 140 Nonogramm-R\u00e4tsel in Travel Mosaics 4: Adventures in Rio (auch bekannt als Picross oder Griddlers). Aber die Puzzles von Travel Mosaics 4: Adventures in Rio sind im Gegensatz zu den traditionellen Nonogrammen farbcodiert. Jedes Problem hat ein geheimes, halbabstraktes Bild, das Ihr logisches Denken enth\u00fcllen kann. Spieler, die hartn\u00e4ckig und konzentriert sind, k\u00f6nnen au\u00dferdem 20 weitere Puzzle-Levels freischalten, die die Pracht der wunderbaren Stadt zeigen.       <\/p>\n<p>&nbsp;<\/p>\n<p>&nbsp;<\/p>\n<p><strong>Funktionen:<\/strong><\/p>\n<p>&nbsp;<\/p>\n<ul>\n<li>Eine wundersch\u00f6ne virtuelle Tour durch Rio de Janeiro, die Marvelous City, mit den wichtigsten Sehensw\u00fcrdigkeiten<\/li>\n<li>140 farbcodierte Nonogramme basierend auf Logik, 20 zus\u00e4tzliche R\u00e4tsel<\/li>\n<li>Schwierigkeitsmodi, die von einfarbigem entspanntem Spielen bis hin zu echten Herausforderungen mit Farbwechsel (bis zu 6 Farben) reichen<\/li>\n<\/ul>\n","protected":false},"excerpt":{"rendered":"<p>F\u00fcr mutige und abenteuerlustige Reisende, die eine Herausforderung lieben, ist Travel Mosaics 4: Adventures in Rio ideal!<\/p>\n","protected":false},"author":14,"featured_media":86854,"comment_status":"open","ping_status":"closed","template":"","meta":{"_acf_changed":false,"inline_featured_image":false},"product_brand":[],"product_cat":[194],"product_tag":[],"class_list":{"0":"post-141722","1":"product","2":"type-product","3":"status-publish","4":"has-post-thumbnail","6":"product_cat-puzzle-de","8":"first","9":"instock","10":"shipping-taxable","11":"purchasable","12":"product-type-simple"},"acf":[],"yoast_head":"<!-- This site is optimized with the Yoast SEO Premium plugin v25.2 (Yoast SEO v25.2) - https:\/\/yoast.com\/wordpress\/plugins\/seo\/ -->\n<title>Travel Mosaics 4: Adventures In Rio - Begleiten Sie Sesselreisende in Travel Mosaics 4: Adventures in Rio<\/title>\n<meta name=\"description\" content=\"F\u00fcr mutige und abenteuerlustige Reisende, die eine Herausforderung lieben, ist Travel Mosaics 4: Adventures in Rio ideal!\" \/>\n<meta name=\"robots\" content=\"index, follow, max-snippet:-1, max-image-preview:large, max-video-preview:-1\" \/>\n<link rel=\"canonical\" href=\"https:\/\/www.iplay.com\/de\/games\/travel-mosaics-4-adventures-in-rio\/\" \/>\n<meta property=\"og:locale\" content=\"de_DE\" \/>\n<meta property=\"og:type\" content=\"article\" \/>\n<meta property=\"og:title\" content=\"Travel Mosaics 4: Adventures In Rio\" \/>\n<meta property=\"og:description\" content=\"F\u00fcr mutige und abenteuerlustige Reisende, die eine Herausforderung lieben, ist Travel Mosaics 4: Adventures in Rio ideal!\" \/>\n<meta property=\"og:url\" content=\"https:\/\/www.iplay.com\/de\/games\/travel-mosaics-4-adventures-in-rio\/\" \/>\n<meta property=\"og:site_name\" content=\"IPlay\" \/>\n<meta property=\"og:image\" content=\"https:\/\/www.iplay.com\/wp-content\/uploads\/2023\/12\/large_square_tile_image-2941.jpg\" \/>\n\t<meta property=\"og:image:width\" content=\"310\" \/>\n\t<meta property=\"og:image:height\" content=\"310\" \/>\n\t<meta property=\"og:image:type\" content=\"image\/jpeg\" \/>\n<meta name=\"twitter:card\" content=\"summary_large_image\" \/>\n<meta name=\"twitter:label1\" content=\"Gesch\u00e4tzte Lesezeit\" \/>\n\t<meta name=\"twitter:data1\" content=\"1 Minute\" \/>\n<script type=\"application\/ld+json\" class=\"yoast-schema-graph\">{\"@context\":\"https:\/\/schema.org\",\"@graph\":[{\"@type\":\"WebPage\",\"@id\":\"https:\/\/www.iplay.com\/de\/games\/travel-mosaics-4-adventures-in-rio\/\",\"url\":\"https:\/\/www.iplay.com\/de\/games\/travel-mosaics-4-adventures-in-rio\/\",\"name\":\"Travel Mosaics 4: Adventures In Rio - Begleiten Sie Sesselreisende in Travel Mosaics 4: Adventures in Rio\",\"isPartOf\":{\"@id\":\"https:\/\/www.iplay.com\/en\/#website\"},\"primaryImageOfPage\":{\"@id\":\"https:\/\/www.iplay.com\/de\/games\/travel-mosaics-4-adventures-in-rio\/#primaryimage\"},\"image\":{\"@id\":\"https:\/\/www.iplay.com\/de\/games\/travel-mosaics-4-adventures-in-rio\/#primaryimage\"},\"thumbnailUrl\":\"https:\/\/www.iplay.com\/wp-content\/uploads\/2023\/12\/large_square_tile_image-2941.jpg\",\"datePublished\":\"2018-09-21T00:00:00+00:00\",\"description\":\"F\u00fcr mutige und abenteuerlustige Reisende, die eine Herausforderung lieben, ist Travel Mosaics 4: Adventures in Rio ideal!\",\"breadcrumb\":{\"@id\":\"https:\/\/www.iplay.com\/de\/games\/travel-mosaics-4-adventures-in-rio\/#breadcrumb\"},\"inLanguage\":\"de-DE\",\"potentialAction\":[{\"@type\":\"ReadAction\",\"target\":[\"https:\/\/www.iplay.com\/de\/games\/travel-mosaics-4-adventures-in-rio\/\"]}]},{\"@type\":\"ImageObject\",\"inLanguage\":\"de-DE\",\"@id\":\"https:\/\/www.iplay.com\/de\/games\/travel-mosaics-4-adventures-in-rio\/#primaryimage\",\"url\":\"https:\/\/www.iplay.com\/wp-content\/uploads\/2023\/12\/large_square_tile_image-2941.jpg\",\"contentUrl\":\"https:\/\/www.iplay.com\/wp-content\/uploads\/2023\/12\/large_square_tile_image-2941.jpg\",\"width\":310,\"height\":310},{\"@type\":\"BreadcrumbList\",\"@id\":\"https:\/\/www.iplay.com\/de\/games\/travel-mosaics-4-adventures-in-rio\/#breadcrumb\",\"itemListElement\":[{\"@type\":\"ListItem\",\"position\":1,\"name\":\"Home\",\"item\":\"https:\/\/www.iplay.com\/de\/home-page-2\/\"},{\"@type\":\"ListItem\",\"position\":2,\"name\":\"Shop\",\"item\":\"https:\/\/www.iplay.com\/en\/shop\/\"},{\"@type\":\"ListItem\",\"position\":3,\"name\":\"Travel Mosaics 4: Adventures In Rio\"}]},{\"@type\":\"WebSite\",\"@id\":\"https:\/\/www.iplay.com\/en\/#website\",\"url\":\"https:\/\/www.iplay.com\/en\/\",\"name\":\"IPlay\",\"description\":\"The Best Casual Games!\",\"publisher\":{\"@id\":\"https:\/\/www.iplay.com\/en\/#organization\"},\"potentialAction\":[{\"@type\":\"SearchAction\",\"target\":{\"@type\":\"EntryPoint\",\"urlTemplate\":\"https:\/\/www.iplay.com\/en\/?s={search_term_string}\"},\"query-input\":{\"@type\":\"PropertyValueSpecification\",\"valueRequired\":true,\"valueName\":\"search_term_string\"}}],\"inLanguage\":\"de-DE\"},{\"@type\":\"Organization\",\"@id\":\"https:\/\/www.iplay.com\/en\/#organization\",\"name\":\"IPlay\",\"url\":\"https:\/\/www.iplay.com\/en\/\",\"logo\":{\"@type\":\"ImageObject\",\"inLanguage\":\"de-DE\",\"@id\":\"https:\/\/www.iplay.com\/en\/#\/schema\/logo\/image\/\",\"url\":\"https:\/\/www.iplay.com\/wp-content\/uploads\/2023\/11\/Group-6100.svg\",\"contentUrl\":\"https:\/\/www.iplay.com\/wp-content\/uploads\/2023\/11\/Group-6100.svg\",\"width\":98,\"height\":25,\"caption\":\"IPlay\"},\"image\":{\"@id\":\"https:\/\/www.iplay.com\/en\/#\/schema\/logo\/image\/\"}}]}<\/script>\n<!-- \/ Yoast SEO Premium plugin. -->","yoast_head_json":{"title":"Travel Mosaics 4: Adventures In Rio - Begleiten Sie Sesselreisende in Travel Mosaics 4: Adventures in Rio","description":"F\u00fcr mutige und abenteuerlustige Reisende, die eine Herausforderung lieben, ist Travel Mosaics 4: Adventures in Rio ideal!","robots":{"index":"index","follow":"follow","max-snippet":"max-snippet:-1","max-image-preview":"max-image-preview:large","max-video-preview":"max-video-preview:-1"},"canonical":"https:\/\/www.iplay.com\/de\/games\/travel-mosaics-4-adventures-in-rio\/","og_locale":"de_DE","og_type":"article","og_title":"Travel Mosaics 4: Adventures In Rio","og_description":"F\u00fcr mutige und abenteuerlustige Reisende, die eine Herausforderung lieben, ist Travel Mosaics 4: Adventures in Rio ideal!","og_url":"https:\/\/www.iplay.com\/de\/games\/travel-mosaics-4-adventures-in-rio\/","og_site_name":"IPlay","og_image":[{"width":310,"height":310,"url":"https:\/\/www.iplay.com\/wp-content\/uploads\/2023\/12\/large_square_tile_image-2941.jpg","type":"image\/jpeg"}],"twitter_card":"summary_large_image","twitter_misc":{"Gesch\u00e4tzte Lesezeit":"1 Minute"},"schema":{"@context":"https:\/\/schema.org","@graph":[{"@type":"WebPage","@id":"https:\/\/www.iplay.com\/de\/games\/travel-mosaics-4-adventures-in-rio\/","url":"https:\/\/www.iplay.com\/de\/games\/travel-mosaics-4-adventures-in-rio\/","name":"Travel Mosaics 4: Adventures In Rio - Begleiten Sie Sesselreisende in Travel Mosaics 4: Adventures in Rio","isPartOf":{"@id":"https:\/\/www.iplay.com\/en\/#website"},"primaryImageOfPage":{"@id":"https:\/\/www.iplay.com\/de\/games\/travel-mosaics-4-adventures-in-rio\/#primaryimage"},"image":{"@id":"https:\/\/www.iplay.com\/de\/games\/travel-mosaics-4-adventures-in-rio\/#primaryimage"},"thumbnailUrl":"https:\/\/www.iplay.com\/wp-content\/uploads\/2023\/12\/large_square_tile_image-2941.jpg","datePublished":"2018-09-21T00:00:00+00:00","description":"F\u00fcr mutige und abenteuerlustige Reisende, die eine Herausforderung lieben, ist Travel Mosaics 4: Adventures in Rio ideal!","breadcrumb":{"@id":"https:\/\/www.iplay.com\/de\/games\/travel-mosaics-4-adventures-in-rio\/#breadcrumb"},"inLanguage":"de-DE","potentialAction":[{"@type":"ReadAction","target":["https:\/\/www.iplay.com\/de\/games\/travel-mosaics-4-adventures-in-rio\/"]}]},{"@type":"ImageObject","inLanguage":"de-DE","@id":"https:\/\/www.iplay.com\/de\/games\/travel-mosaics-4-adventures-in-rio\/#primaryimage","url":"https:\/\/www.iplay.com\/wp-content\/uploads\/2023\/12\/large_square_tile_image-2941.jpg","contentUrl":"https:\/\/www.iplay.com\/wp-content\/uploads\/2023\/12\/large_square_tile_image-2941.jpg","width":310,"height":310},{"@type":"BreadcrumbList","@id":"https:\/\/www.iplay.com\/de\/games\/travel-mosaics-4-adventures-in-rio\/#breadcrumb","itemListElement":[{"@type":"ListItem","position":1,"name":"Home","item":"https:\/\/www.iplay.com\/de\/home-page-2\/"},{"@type":"ListItem","position":2,"name":"Shop","item":"https:\/\/www.iplay.com\/en\/shop\/"},{"@type":"ListItem","position":3,"name":"Travel Mosaics 4: Adventures In Rio"}]},{"@type":"WebSite","@id":"https:\/\/www.iplay.com\/en\/#website","url":"https:\/\/www.iplay.com\/en\/","name":"IPlay","description":"The Best Casual Games!","publisher":{"@id":"https:\/\/www.iplay.com\/en\/#organization"},"potentialAction":[{"@type":"SearchAction","target":{"@type":"EntryPoint","urlTemplate":"https:\/\/www.iplay.com\/en\/?s={search_term_string}"},"query-input":{"@type":"PropertyValueSpecification","valueRequired":true,"valueName":"search_term_string"}}],"inLanguage":"de-DE"},{"@type":"Organization","@id":"https:\/\/www.iplay.com\/en\/#organization","name":"IPlay","url":"https:\/\/www.iplay.com\/en\/","logo":{"@type":"ImageObject","inLanguage":"de-DE","@id":"https:\/\/www.iplay.com\/en\/#\/schema\/logo\/image\/","url":"https:\/\/www.iplay.com\/wp-content\/uploads\/2023\/11\/Group-6100.svg","contentUrl":"https:\/\/www.iplay.com\/wp-content\/uploads\/2023\/11\/Group-6100.svg","width":98,"height":25,"caption":"IPlay"},"image":{"@id":"https:\/\/www.iplay.com\/en\/#\/schema\/logo\/image\/"}}]}},"_links":{"self":[{"href":"https:\/\/www.iplay.com\/de\/wp-json\/wp\/v2\/product\/141722","targetHints":{"allow":["GET"]}}],"collection":[{"href":"https:\/\/www.iplay.com\/de\/wp-json\/wp\/v2\/product"}],"about":[{"href":"https:\/\/www.iplay.com\/de\/wp-json\/wp\/v2\/types\/product"}],"author":[{"embeddable":true,"href":"https:\/\/www.iplay.com\/de\/wp-json\/wp\/v2\/users\/14"}],"replies":[{"embeddable":true,"href":"https:\/\/www.iplay.com\/de\/wp-json\/wp\/v2\/comments?post=141722"}],"wp:featuredmedia":[{"embeddable":true,"href":"https:\/\/www.iplay.com\/de\/wp-json\/wp\/v2\/media\/86854"}],"wp:attachment":[{"href":"https:\/\/www.iplay.com\/de\/wp-json\/wp\/v2\/media?parent=141722"}],"wp:term":[{"taxonomy":"product_brand","embeddable":true,"href":"https:\/\/www.iplay.com\/de\/wp-json\/wp\/v2\/product_brand?post=141722"},{"taxonomy":"product_cat","embeddable":true,"href":"https:\/\/www.iplay.com\/de\/wp-json\/wp\/v2\/product_cat?post=141722"},{"taxonomy":"product_tag","embeddable":true,"href":"https:\/\/www.iplay.com\/de\/wp-json\/wp\/v2\/product_tag?post=141722"}],"curies":[{"name":"wp","href":"https:\/\/api.w.org\/{rel}","templated":true}]}}