{"id":141684,"date":"2018-10-30T00:00:00","date_gmt":"2018-10-30T00:00:00","guid":{"rendered":"https:\/\/www.iplay.com\/games\/1001-jigsaw-earth-chronicles-6\/"},"modified":"2018-10-30T00:00:00","modified_gmt":"2018-10-30T00:00:00","slug":"1001-jigsaw-earth-chronicles-6","status":"publish","type":"product","link":"https:\/\/www.iplay.com\/de\/games\/1001-jigsaw-earth-chronicles-6\/","title":{"rendered":"1001 Jigsaw &#8211; Earth Chronicles 6"},"content":{"rendered":"<p>1001. Das Puzzle ist das ideale Geschenk f\u00fcr Liebhaber klassischer Puzzles! Es ist unserem wunderbaren Planeten Erde gewidmet! Werfen Sie einen frischen Blick auf unser wundersch\u00f6nes und einzigartiges Universum. Es warten sieben thematische Puzzles auf Sie: wilde Kreaturen, seltsame Unterwassergebiete, V\u00f6gel aus aller Welt, spektakul\u00e4re Flora, atemberaubende Aussichten, nat\u00fcrliche Geschenke und der Lebensstil der Bewohner der Welt. Begeben Sie sich auf eine fantastische Reise durch die Welt. Machen Sie eine Bootsfahrt entlang der wundersch\u00f6nen K\u00fcsten Italiens, erklimmen Sie die Berge Schottlands, schlendern Sie durch majest\u00e4tische Tempel des Ostens und entdecken Sie die Geheimnisse der vielf\u00e4ltigsten Kulturen der Welt! All dies und mehr findet ihr in 1001 Jigsaw: Earth Chronicles 6. Entdecken Sie unsere Welt, ohne Ihr Haus zu verlassen! Stellen Sie den Schwierigkeitsgrad jeder Stichs\u00e4ge nach Ihren W\u00fcnschen ein, indem Sie die Anzahl der Teile, die Drehung und die Verformung anpassen. Du kannst deinen Fortschritt jederzeit speichern! Bequeme Steuerung und eine F\u00fclle von Vorschl\u00e4gen und Funktionen machen das Gameplay noch angenehmer. Das Erreichen spezieller Ziele, um Troph\u00e4en zu erhalten, macht das Spiel spannender!           <\/p>\n<p>&nbsp;<\/p>\n<p>&nbsp;<\/p>\n<p><strong>Funktionen:  <\/strong><\/p>\n<p>&nbsp;<\/p>\n<p>&#8211; 1001 hochwertige Unikate<\/p>\n<p>&#8211; Clever gestalteter Spielablauf: informative Vorschl\u00e4ge, Sortierwerkzeug und Lupe.<\/p>\n<p>&#8211; Die optionale Steuerung des Spielschwierigkeitsgrads macht Ihre Spielzeit unbegrenzt<\/p>\n<p>&#8211; Benutzerdefinierte Stile von Teilen mit Rotation<\/p>\n<p>&#8211; Speichere den Spielfortschritt und sammle das Puzzle jederzeit weiter<\/p>\n<p>&#8211; Missionen und bunte Troph\u00e4en f\u00fcr alle, die die Spannung genie\u00dfen<\/p>\n<p>&#8211; sch\u00f6ne und beruhigende Musik<\/p>\n<p>&#8211; Erhalte 1001 Puzzles f\u00fcr einen Einkauf. Das ist von Vorteil!<\/p>\n","protected":false},"excerpt":{"rendered":"<p>1001 Jigsaw &#8211; Genie\u00dfe die atemberaubendsten Puzzles, w\u00e4hrend du die Sehensw\u00fcrdigkeiten unserer wunderbaren Welt auf dich wirken l\u00e4sst.<\/p>\n","protected":false},"author":13,"featured_media":95205,"comment_status":"open","ping_status":"closed","template":"","meta":{"_acf_changed":false,"inline_featured_image":false},"product_brand":[],"product_cat":[168],"product_tag":[289],"class_list":{"0":"post-141684","1":"product","2":"type-product","3":"status-publish","4":"has-post-thumbnail","6":"product_cat-jigsaw-de","7":"product_tag-play-on-pc-de","9":"first","10":"instock","11":"shipping-taxable","12":"purchasable","13":"product-type-simple"},"acf":[],"yoast_head":"<!-- This site is optimized with the Yoast SEO Premium plugin v25.2 (Yoast SEO v25.2) - https:\/\/yoast.com\/wordpress\/plugins\/seo\/ -->\n<title>1001 Jigsaw - Earth Chronicles 6 - Genie\u00dfe wundersch\u00f6ne Puzzles und erkunde unsere wunderbare Welt<\/title>\n<meta name=\"robots\" content=\"index, follow, max-snippet:-1, max-image-preview:large, max-video-preview:-1\" \/>\n<link rel=\"canonical\" href=\"https:\/\/www.iplay.com\/de\/games\/1001-jigsaw-earth-chronicles-6\/\" \/>\n<meta property=\"og:locale\" content=\"de_DE\" \/>\n<meta property=\"og:type\" content=\"article\" \/>\n<meta property=\"og:title\" content=\"1001 Jigsaw - Earth Chronicles 6\" \/>\n<meta property=\"og:url\" content=\"https:\/\/www.iplay.com\/de\/games\/1001-jigsaw-earth-chronicles-6\/\" \/>\n<meta property=\"og:site_name\" content=\"IPlay\" \/>\n<meta property=\"og:image\" content=\"https:\/\/www.iplay.com\/wp-content\/uploads\/2023\/12\/large_square_tile_image-3469.jpg\" \/>\n\t<meta property=\"og:image:width\" content=\"310\" \/>\n\t<meta property=\"og:image:height\" content=\"310\" \/>\n\t<meta property=\"og:image:type\" content=\"image\/jpeg\" \/>\n<meta name=\"twitter:card\" content=\"summary_large_image\" \/>\n<meta name=\"twitter:label1\" content=\"Gesch\u00e4tzte Lesezeit\" \/>\n\t<meta name=\"twitter:data1\" content=\"1 Minute\" \/>\n<script type=\"application\/ld+json\" class=\"yoast-schema-graph\">{\"@context\":\"https:\/\/schema.org\",\"@graph\":[{\"@type\":\"WebPage\",\"@id\":\"https:\/\/www.iplay.com\/de\/games\/1001-jigsaw-earth-chronicles-6\/\",\"url\":\"https:\/\/www.iplay.com\/de\/games\/1001-jigsaw-earth-chronicles-6\/\",\"name\":\"1001 Jigsaw - Earth Chronicles 6 - Genie\u00dfe wundersch\u00f6ne Puzzles und erkunde unsere wunderbare Welt\",\"isPartOf\":{\"@id\":\"https:\/\/www.iplay.com\/en\/#website\"},\"primaryImageOfPage\":{\"@id\":\"https:\/\/www.iplay.com\/de\/games\/1001-jigsaw-earth-chronicles-6\/#primaryimage\"},\"image\":{\"@id\":\"https:\/\/www.iplay.com\/de\/games\/1001-jigsaw-earth-chronicles-6\/#primaryimage\"},\"thumbnailUrl\":\"https:\/\/www.iplay.com\/wp-content\/uploads\/2023\/12\/large_square_tile_image-3469.jpg\",\"datePublished\":\"2018-10-30T00:00:00+00:00\",\"breadcrumb\":{\"@id\":\"https:\/\/www.iplay.com\/de\/games\/1001-jigsaw-earth-chronicles-6\/#breadcrumb\"},\"inLanguage\":\"de-DE\",\"potentialAction\":[{\"@type\":\"ReadAction\",\"target\":[\"https:\/\/www.iplay.com\/de\/games\/1001-jigsaw-earth-chronicles-6\/\"]}]},{\"@type\":\"ImageObject\",\"inLanguage\":\"de-DE\",\"@id\":\"https:\/\/www.iplay.com\/de\/games\/1001-jigsaw-earth-chronicles-6\/#primaryimage\",\"url\":\"https:\/\/www.iplay.com\/wp-content\/uploads\/2023\/12\/large_square_tile_image-3469.jpg\",\"contentUrl\":\"https:\/\/www.iplay.com\/wp-content\/uploads\/2023\/12\/large_square_tile_image-3469.jpg\",\"width\":310,\"height\":310},{\"@type\":\"BreadcrumbList\",\"@id\":\"https:\/\/www.iplay.com\/de\/games\/1001-jigsaw-earth-chronicles-6\/#breadcrumb\",\"itemListElement\":[{\"@type\":\"ListItem\",\"position\":1,\"name\":\"Home\",\"item\":\"https:\/\/www.iplay.com\/de\/home-page-2\/\"},{\"@type\":\"ListItem\",\"position\":2,\"name\":\"Shop\",\"item\":\"https:\/\/www.iplay.com\/en\/shop\/\"},{\"@type\":\"ListItem\",\"position\":3,\"name\":\"1001 Jigsaw &#8211; Earth Chronicles 6\"}]},{\"@type\":\"WebSite\",\"@id\":\"https:\/\/www.iplay.com\/en\/#website\",\"url\":\"https:\/\/www.iplay.com\/en\/\",\"name\":\"IPlay\",\"description\":\"The Best Casual Games!\",\"publisher\":{\"@id\":\"https:\/\/www.iplay.com\/en\/#organization\"},\"potentialAction\":[{\"@type\":\"SearchAction\",\"target\":{\"@type\":\"EntryPoint\",\"urlTemplate\":\"https:\/\/www.iplay.com\/en\/?s={search_term_string}\"},\"query-input\":{\"@type\":\"PropertyValueSpecification\",\"valueRequired\":true,\"valueName\":\"search_term_string\"}}],\"inLanguage\":\"de-DE\"},{\"@type\":\"Organization\",\"@id\":\"https:\/\/www.iplay.com\/en\/#organization\",\"name\":\"IPlay\",\"url\":\"https:\/\/www.iplay.com\/en\/\",\"logo\":{\"@type\":\"ImageObject\",\"inLanguage\":\"de-DE\",\"@id\":\"https:\/\/www.iplay.com\/en\/#\/schema\/logo\/image\/\",\"url\":\"https:\/\/www.iplay.com\/wp-content\/uploads\/2023\/11\/Group-6100.svg\",\"contentUrl\":\"https:\/\/www.iplay.com\/wp-content\/uploads\/2023\/11\/Group-6100.svg\",\"width\":98,\"height\":25,\"caption\":\"IPlay\"},\"image\":{\"@id\":\"https:\/\/www.iplay.com\/en\/#\/schema\/logo\/image\/\"}}]}<\/script>\n<!-- \/ Yoast SEO Premium plugin. -->","yoast_head_json":{"title":"1001 Jigsaw - Earth Chronicles 6 - Genie\u00dfe wundersch\u00f6ne Puzzles und erkunde unsere wunderbare Welt","robots":{"index":"index","follow":"follow","max-snippet":"max-snippet:-1","max-image-preview":"max-image-preview:large","max-video-preview":"max-video-preview:-1"},"canonical":"https:\/\/www.iplay.com\/de\/games\/1001-jigsaw-earth-chronicles-6\/","og_locale":"de_DE","og_type":"article","og_title":"1001 Jigsaw - Earth Chronicles 6","og_url":"https:\/\/www.iplay.com\/de\/games\/1001-jigsaw-earth-chronicles-6\/","og_site_name":"IPlay","og_image":[{"width":310,"height":310,"url":"https:\/\/www.iplay.com\/wp-content\/uploads\/2023\/12\/large_square_tile_image-3469.jpg","type":"image\/jpeg"}],"twitter_card":"summary_large_image","twitter_misc":{"Gesch\u00e4tzte Lesezeit":"1 Minute"},"schema":{"@context":"https:\/\/schema.org","@graph":[{"@type":"WebPage","@id":"https:\/\/www.iplay.com\/de\/games\/1001-jigsaw-earth-chronicles-6\/","url":"https:\/\/www.iplay.com\/de\/games\/1001-jigsaw-earth-chronicles-6\/","name":"1001 Jigsaw - Earth Chronicles 6 - Genie\u00dfe wundersch\u00f6ne Puzzles und erkunde unsere wunderbare Welt","isPartOf":{"@id":"https:\/\/www.iplay.com\/en\/#website"},"primaryImageOfPage":{"@id":"https:\/\/www.iplay.com\/de\/games\/1001-jigsaw-earth-chronicles-6\/#primaryimage"},"image":{"@id":"https:\/\/www.iplay.com\/de\/games\/1001-jigsaw-earth-chronicles-6\/#primaryimage"},"thumbnailUrl":"https:\/\/www.iplay.com\/wp-content\/uploads\/2023\/12\/large_square_tile_image-3469.jpg","datePublished":"2018-10-30T00:00:00+00:00","breadcrumb":{"@id":"https:\/\/www.iplay.com\/de\/games\/1001-jigsaw-earth-chronicles-6\/#breadcrumb"},"inLanguage":"de-DE","potentialAction":[{"@type":"ReadAction","target":["https:\/\/www.iplay.com\/de\/games\/1001-jigsaw-earth-chronicles-6\/"]}]},{"@type":"ImageObject","inLanguage":"de-DE","@id":"https:\/\/www.iplay.com\/de\/games\/1001-jigsaw-earth-chronicles-6\/#primaryimage","url":"https:\/\/www.iplay.com\/wp-content\/uploads\/2023\/12\/large_square_tile_image-3469.jpg","contentUrl":"https:\/\/www.iplay.com\/wp-content\/uploads\/2023\/12\/large_square_tile_image-3469.jpg","width":310,"height":310},{"@type":"BreadcrumbList","@id":"https:\/\/www.iplay.com\/de\/games\/1001-jigsaw-earth-chronicles-6\/#breadcrumb","itemListElement":[{"@type":"ListItem","position":1,"name":"Home","item":"https:\/\/www.iplay.com\/de\/home-page-2\/"},{"@type":"ListItem","position":2,"name":"Shop","item":"https:\/\/www.iplay.com\/en\/shop\/"},{"@type":"ListItem","position":3,"name":"1001 Jigsaw &#8211; Earth Chronicles 6"}]},{"@type":"WebSite","@id":"https:\/\/www.iplay.com\/en\/#website","url":"https:\/\/www.iplay.com\/en\/","name":"IPlay","description":"The Best Casual Games!","publisher":{"@id":"https:\/\/www.iplay.com\/en\/#organization"},"potentialAction":[{"@type":"SearchAction","target":{"@type":"EntryPoint","urlTemplate":"https:\/\/www.iplay.com\/en\/?s={search_term_string}"},"query-input":{"@type":"PropertyValueSpecification","valueRequired":true,"valueName":"search_term_string"}}],"inLanguage":"de-DE"},{"@type":"Organization","@id":"https:\/\/www.iplay.com\/en\/#organization","name":"IPlay","url":"https:\/\/www.iplay.com\/en\/","logo":{"@type":"ImageObject","inLanguage":"de-DE","@id":"https:\/\/www.iplay.com\/en\/#\/schema\/logo\/image\/","url":"https:\/\/www.iplay.com\/wp-content\/uploads\/2023\/11\/Group-6100.svg","contentUrl":"https:\/\/www.iplay.com\/wp-content\/uploads\/2023\/11\/Group-6100.svg","width":98,"height":25,"caption":"IPlay"},"image":{"@id":"https:\/\/www.iplay.com\/en\/#\/schema\/logo\/image\/"}}]}},"_links":{"self":[{"href":"https:\/\/www.iplay.com\/de\/wp-json\/wp\/v2\/product\/141684","targetHints":{"allow":["GET"]}}],"collection":[{"href":"https:\/\/www.iplay.com\/de\/wp-json\/wp\/v2\/product"}],"about":[{"href":"https:\/\/www.iplay.com\/de\/wp-json\/wp\/v2\/types\/product"}],"author":[{"embeddable":true,"href":"https:\/\/www.iplay.com\/de\/wp-json\/wp\/v2\/users\/13"}],"replies":[{"embeddable":true,"href":"https:\/\/www.iplay.com\/de\/wp-json\/wp\/v2\/comments?post=141684"}],"wp:featuredmedia":[{"embeddable":true,"href":"https:\/\/www.iplay.com\/de\/wp-json\/wp\/v2\/media\/95205"}],"wp:attachment":[{"href":"https:\/\/www.iplay.com\/de\/wp-json\/wp\/v2\/media?parent=141684"}],"wp:term":[{"taxonomy":"product_brand","embeddable":true,"href":"https:\/\/www.iplay.com\/de\/wp-json\/wp\/v2\/product_brand?post=141684"},{"taxonomy":"product_cat","embeddable":true,"href":"https:\/\/www.iplay.com\/de\/wp-json\/wp\/v2\/product_cat?post=141684"},{"taxonomy":"product_tag","embeddable":true,"href":"https:\/\/www.iplay.com\/de\/wp-json\/wp\/v2\/product_tag?post=141684"}],"curies":[{"name":"wp","href":"https:\/\/api.w.org\/{rel}","templated":true}]}}