{"id":141592,"date":"2025-08-13T07:30:01","date_gmt":"2025-08-13T07:30:01","guid":{"rendered":"https:\/\/www.iplay.com\/?post_type=product&p=141592"},"modified":"2025-08-22T11:34:01","modified_gmt":"2025-08-22T11:34:01","slug":"world-wonders-3-collectors-edition","status":"publish","type":"product","link":"https:\/\/www.iplay.com\/de\/games\/world-wonders-3-collectors-edition\/","title":{"rendered":"World Wonders 3 Collector&#8217;s Edition"},"content":{"rendered":"<p class=\"whitespace-normal break-words ai-optimize-33 ai-optimize-introduction\">Du beginnst ein neues Abenteuer auf der ganzen Welt! Du besuchst erstaunliche Orte wie wundersch\u00f6ne Pal\u00e4ste und Naturwunder. Jeder Ort zeigt Ihnen Geschichte und Kultur. Du erf\u00e4hrst tolle Geschichten und entdeckst alte Geheimnisse.   <\/p>\n<p class=\"whitespace-normal break-words ai-optimize-35\">Du findest versteckte Objekte an h\u00fcbschen Orten. Du l\u00f6st R\u00e4tsel und reparierst zerbrochene Teile der Geschichte. Du erkundest acht verschiedene L\u00e4nder. Sie besuchen Schl\u00f6sser in der Tschechischen Republik und alte Gassen in Portugal.   <\/p>\n<p class=\"whitespace-normal break-words ai-optimize-37\">Du l\u00e4ufst \u00fcber spanische Stadtpl\u00e4tze. Du deckst Geheimnisse in buddhistischen Tempeln in Thailand auf. Du erkundest antike Ruinen in Indonesien. In Norwegen gibt es eisige Gew\u00e4sser und in Kanada wundersch\u00f6ne Landschaften.   <\/p>\n<p class=\"whitespace-normal break-words ai-optimize-39\">Jeder Ort stellt dich vor eine besondere Herausforderung. Du nutzt deine F\u00e4higkeiten, um das zu finden, was andere \u00fcbersehen haben. Du meisterst Levels und verdienst Belohnungen. Du erweiterst deine Sammlung von besonderen Gegenst\u00e4nden aus verschiedenen Kulturen.   <\/p>\n<p class=\"whitespace-normal break-words ai-optimize-41\">Jedes Geheimnis, das Sie finden, \u00f6ffnet neue Verlaufsseiten. Du baust eine Sammlung auf, in der alte Geschichten lebendig werden. <\/p>\n<p class=\"ai-optimize-49\"><strong>Funktionen<\/strong><\/p>\n<ul class=\"[&amp;:not(:last-child)_ul]:pb-1 [&amp;:not(:last-child)_ol]:pb-1 list-disc space-y-1.5 pl-7\">\n<li class=\"whitespace-normal break-words ai-optimize-43\">Du erkundest erstaunliche Orte aus acht L\u00e4ndern auf der ganzen Welt<\/li>\n<li class=\"whitespace-normal break-words ai-optimize-44\">Du findest versteckte Objekte und l\u00f6st R\u00e4tsel an wundersch\u00f6nen Orten<\/li>\n<li class=\"whitespace-normal break-words ai-optimize-45\">Du sammelst besondere Gegenst\u00e4nde, die Geschichten \u00fcber verschiedene Kulturen erz\u00e4hlen<\/li>\n<li class=\"whitespace-normal break-words ai-optimize-46\">Du schaltest neue Geschichtsseiten frei, w\u00e4hrend du weitere Geheimnisse entdeckst<\/li>\n<li class=\"whitespace-normal break-words ai-optimize-47\">Du hast Spa\u00df an Herausforderungen, die deine F\u00e4higkeiten in jedem Level auf die Probe stellen<\/li>\n<\/ul>\n<p>&nbsp;<\/p>\n<p class=\"whitespace-normal break-words ai-optimize-48\">Sind Sie bereit, durch die Zeit zu reisen und die gr\u00f6\u00dften Wunder der Welt zu erkunden?<\/p>\n","protected":false},"excerpt":{"rendered":"<p>Besuche Orte, finde Artefakte, l\u00f6se R\u00e4tsel und entdecke die Geheimnisse alter Zivilisationen.<\/p>\n","protected":false},"author":13,"featured_media":141478,"comment_status":"open","ping_status":"closed","template":"","meta":{"_acf_changed":false,"inline_featured_image":false},"product_brand":[],"product_cat":[164,194],"product_tag":[289],"class_list":{"0":"post-141592","1":"product","2":"type-product","3":"status-publish","4":"has-post-thumbnail","6":"product_cat-hidden-object-de","7":"product_cat-puzzle-de","8":"product_tag-play-on-pc-de","10":"first","11":"instock","12":"shipping-taxable","13":"purchasable","14":"product-type-simple"},"acf":[],"yoast_head":"<!-- This site is optimized with the Yoast SEO Premium plugin v25.2 (Yoast SEO v25.2) - https:\/\/yoast.com\/wordpress\/plugins\/seo\/ -->\n<title>World Wonders 3 CE: Erkunde Sehensw\u00fcrdigkeiten und antike Geheimnisse<\/title>\n<meta name=\"description\" content=\"Besuche Orte, finde Artefakte, l\u00f6se R\u00e4tsel und entdecke die Geheimnisse alter Zivilisationen.\" \/>\n<meta name=\"robots\" content=\"index, follow, max-snippet:-1, max-image-preview:large, max-video-preview:-1\" \/>\n<link rel=\"canonical\" href=\"https:\/\/www.iplay.com\/en\/games\/world-wonders-3-collectors-edition\/\" \/>\n<meta property=\"og:locale\" content=\"de_DE\" \/>\n<meta property=\"og:type\" content=\"article\" \/>\n<meta property=\"og:title\" content=\"World Wonders 3 Collector&#039;s Edition\" \/>\n<meta property=\"og:description\" content=\"Besuche Orte, finde Artefakte, l\u00f6se R\u00e4tsel und entdecke die Geheimnisse alter Zivilisationen.\" \/>\n<meta property=\"og:url\" content=\"https:\/\/www.iplay.com\/en\/games\/world-wonders-3-collectors-edition\/\" \/>\n<meta property=\"og:site_name\" content=\"IPlay\" \/>\n<meta property=\"article:modified_time\" content=\"2025-08-22T11:34:01+00:00\" \/>\n<meta property=\"og:image\" content=\"https:\/\/www.iplay.com\/wp-content\/uploads\/2025\/08\/world_wonders_3_ce_large_video_screenshot.webp\" \/>\n\t<meta property=\"og:image:width\" content=\"715\" \/>\n\t<meta property=\"og:image:height\" content=\"485\" \/>\n\t<meta property=\"og:image:type\" content=\"image\/webp\" \/>\n<meta name=\"twitter:card\" content=\"summary_large_image\" \/>\n<meta name=\"twitter:label1\" content=\"Gesch\u00e4tzte Lesezeit\" \/>\n\t<meta name=\"twitter:data1\" content=\"1 Minute\" \/>\n<script type=\"application\/ld+json\" class=\"yoast-schema-graph\">{\"@context\":\"https:\/\/schema.org\",\"@graph\":[{\"@type\":\"WebPage\",\"@id\":\"https:\/\/www.iplay.com\/en\/games\/world-wonders-3-collectors-edition\/\",\"url\":\"https:\/\/www.iplay.com\/en\/games\/world-wonders-3-collectors-edition\/\",\"name\":\"World Wonders 3 CE: Erkunde Sehensw\u00fcrdigkeiten und antike Geheimnisse\",\"isPartOf\":{\"@id\":\"https:\/\/www.iplay.com\/en\/#website\"},\"primaryImageOfPage\":{\"@id\":\"https:\/\/www.iplay.com\/en\/games\/world-wonders-3-collectors-edition\/#primaryimage\"},\"image\":{\"@id\":\"https:\/\/www.iplay.com\/en\/games\/world-wonders-3-collectors-edition\/#primaryimage\"},\"thumbnailUrl\":\"https:\/\/www.iplay.com\/wp-content\/uploads\/2025\/08\/world_wonders_3_ce_large_square_tile_image.webp\",\"datePublished\":\"2025-08-13T07:30:01+00:00\",\"dateModified\":\"2025-08-22T11:34:01+00:00\",\"description\":\"Besuche Orte, finde Artefakte, l\u00f6se R\u00e4tsel und entdecke die Geheimnisse alter Zivilisationen.\",\"breadcrumb\":{\"@id\":\"https:\/\/www.iplay.com\/en\/games\/world-wonders-3-collectors-edition\/#breadcrumb\"},\"inLanguage\":\"de-DE\",\"potentialAction\":[{\"@type\":\"ReadAction\",\"target\":[\"https:\/\/www.iplay.com\/en\/games\/world-wonders-3-collectors-edition\/\"]}]},{\"@type\":\"ImageObject\",\"inLanguage\":\"de-DE\",\"@id\":\"https:\/\/www.iplay.com\/en\/games\/world-wonders-3-collectors-edition\/#primaryimage\",\"url\":\"https:\/\/www.iplay.com\/wp-content\/uploads\/2025\/08\/world_wonders_3_ce_large_square_tile_image.webp\",\"contentUrl\":\"https:\/\/www.iplay.com\/wp-content\/uploads\/2025\/08\/world_wonders_3_ce_large_square_tile_image.webp\",\"width\":310,\"height\":310},{\"@type\":\"BreadcrumbList\",\"@id\":\"https:\/\/www.iplay.com\/en\/games\/world-wonders-3-collectors-edition\/#breadcrumb\",\"itemListElement\":[{\"@type\":\"ListItem\",\"position\":1,\"name\":\"Home\",\"item\":\"https:\/\/www.iplay.com\/de\/home-page-2\/\"},{\"@type\":\"ListItem\",\"position\":2,\"name\":\"Shop\",\"item\":\"https:\/\/www.iplay.com\/en\/shop\/\"},{\"@type\":\"ListItem\",\"position\":3,\"name\":\"World Wonders 3 Collector&#8217;s Edition\"}]},{\"@type\":\"WebSite\",\"@id\":\"https:\/\/www.iplay.com\/en\/#website\",\"url\":\"https:\/\/www.iplay.com\/en\/\",\"name\":\"IPlay\",\"description\":\"The Best Casual Games!\",\"publisher\":{\"@id\":\"https:\/\/www.iplay.com\/en\/#organization\"},\"potentialAction\":[{\"@type\":\"SearchAction\",\"target\":{\"@type\":\"EntryPoint\",\"urlTemplate\":\"https:\/\/www.iplay.com\/en\/?s={search_term_string}\"},\"query-input\":{\"@type\":\"PropertyValueSpecification\",\"valueRequired\":true,\"valueName\":\"search_term_string\"}}],\"inLanguage\":\"de-DE\"},{\"@type\":\"Organization\",\"@id\":\"https:\/\/www.iplay.com\/en\/#organization\",\"name\":\"IPlay\",\"url\":\"https:\/\/www.iplay.com\/en\/\",\"logo\":{\"@type\":\"ImageObject\",\"inLanguage\":\"de-DE\",\"@id\":\"https:\/\/www.iplay.com\/en\/#\/schema\/logo\/image\/\",\"url\":\"https:\/\/www.iplay.com\/wp-content\/uploads\/2023\/11\/Group-6100.svg\",\"contentUrl\":\"https:\/\/www.iplay.com\/wp-content\/uploads\/2023\/11\/Group-6100.svg\",\"width\":98,\"height\":25,\"caption\":\"IPlay\"},\"image\":{\"@id\":\"https:\/\/www.iplay.com\/en\/#\/schema\/logo\/image\/\"}}]}<\/script>\n<!-- \/ Yoast SEO Premium plugin. -->","yoast_head_json":{"title":"World Wonders 3 CE: Erkunde Sehensw\u00fcrdigkeiten und antike Geheimnisse","description":"Besuche Orte, finde Artefakte, l\u00f6se R\u00e4tsel und entdecke die Geheimnisse alter Zivilisationen.","robots":{"index":"index","follow":"follow","max-snippet":"max-snippet:-1","max-image-preview":"max-image-preview:large","max-video-preview":"max-video-preview:-1"},"canonical":"https:\/\/www.iplay.com\/en\/games\/world-wonders-3-collectors-edition\/","og_locale":"de_DE","og_type":"article","og_title":"World Wonders 3 Collector's Edition","og_description":"Besuche Orte, finde Artefakte, l\u00f6se R\u00e4tsel und entdecke die Geheimnisse alter Zivilisationen.","og_url":"https:\/\/www.iplay.com\/en\/games\/world-wonders-3-collectors-edition\/","og_site_name":"IPlay","article_modified_time":"2025-08-22T11:34:01+00:00","og_image":[{"width":715,"height":485,"url":"https:\/\/www.iplay.com\/wp-content\/uploads\/2025\/08\/world_wonders_3_ce_large_video_screenshot.webp","type":"image\/webp"}],"twitter_card":"summary_large_image","twitter_misc":{"Gesch\u00e4tzte Lesezeit":"1 Minute"},"schema":{"@context":"https:\/\/schema.org","@graph":[{"@type":"WebPage","@id":"https:\/\/www.iplay.com\/en\/games\/world-wonders-3-collectors-edition\/","url":"https:\/\/www.iplay.com\/en\/games\/world-wonders-3-collectors-edition\/","name":"World Wonders 3 CE: Erkunde Sehensw\u00fcrdigkeiten und antike Geheimnisse","isPartOf":{"@id":"https:\/\/www.iplay.com\/en\/#website"},"primaryImageOfPage":{"@id":"https:\/\/www.iplay.com\/en\/games\/world-wonders-3-collectors-edition\/#primaryimage"},"image":{"@id":"https:\/\/www.iplay.com\/en\/games\/world-wonders-3-collectors-edition\/#primaryimage"},"thumbnailUrl":"https:\/\/www.iplay.com\/wp-content\/uploads\/2025\/08\/world_wonders_3_ce_large_square_tile_image.webp","datePublished":"2025-08-13T07:30:01+00:00","dateModified":"2025-08-22T11:34:01+00:00","description":"Besuche Orte, finde Artefakte, l\u00f6se R\u00e4tsel und entdecke die Geheimnisse alter Zivilisationen.","breadcrumb":{"@id":"https:\/\/www.iplay.com\/en\/games\/world-wonders-3-collectors-edition\/#breadcrumb"},"inLanguage":"de-DE","potentialAction":[{"@type":"ReadAction","target":["https:\/\/www.iplay.com\/en\/games\/world-wonders-3-collectors-edition\/"]}]},{"@type":"ImageObject","inLanguage":"de-DE","@id":"https:\/\/www.iplay.com\/en\/games\/world-wonders-3-collectors-edition\/#primaryimage","url":"https:\/\/www.iplay.com\/wp-content\/uploads\/2025\/08\/world_wonders_3_ce_large_square_tile_image.webp","contentUrl":"https:\/\/www.iplay.com\/wp-content\/uploads\/2025\/08\/world_wonders_3_ce_large_square_tile_image.webp","width":310,"height":310},{"@type":"BreadcrumbList","@id":"https:\/\/www.iplay.com\/en\/games\/world-wonders-3-collectors-edition\/#breadcrumb","itemListElement":[{"@type":"ListItem","position":1,"name":"Home","item":"https:\/\/www.iplay.com\/de\/home-page-2\/"},{"@type":"ListItem","position":2,"name":"Shop","item":"https:\/\/www.iplay.com\/en\/shop\/"},{"@type":"ListItem","position":3,"name":"World Wonders 3 Collector&#8217;s Edition"}]},{"@type":"WebSite","@id":"https:\/\/www.iplay.com\/en\/#website","url":"https:\/\/www.iplay.com\/en\/","name":"IPlay","description":"The Best Casual Games!","publisher":{"@id":"https:\/\/www.iplay.com\/en\/#organization"},"potentialAction":[{"@type":"SearchAction","target":{"@type":"EntryPoint","urlTemplate":"https:\/\/www.iplay.com\/en\/?s={search_term_string}"},"query-input":{"@type":"PropertyValueSpecification","valueRequired":true,"valueName":"search_term_string"}}],"inLanguage":"de-DE"},{"@type":"Organization","@id":"https:\/\/www.iplay.com\/en\/#organization","name":"IPlay","url":"https:\/\/www.iplay.com\/en\/","logo":{"@type":"ImageObject","inLanguage":"de-DE","@id":"https:\/\/www.iplay.com\/en\/#\/schema\/logo\/image\/","url":"https:\/\/www.iplay.com\/wp-content\/uploads\/2023\/11\/Group-6100.svg","contentUrl":"https:\/\/www.iplay.com\/wp-content\/uploads\/2023\/11\/Group-6100.svg","width":98,"height":25,"caption":"IPlay"},"image":{"@id":"https:\/\/www.iplay.com\/en\/#\/schema\/logo\/image\/"}}]}},"_links":{"self":[{"href":"https:\/\/www.iplay.com\/de\/wp-json\/wp\/v2\/product\/141592","targetHints":{"allow":["GET"]}}],"collection":[{"href":"https:\/\/www.iplay.com\/de\/wp-json\/wp\/v2\/product"}],"about":[{"href":"https:\/\/www.iplay.com\/de\/wp-json\/wp\/v2\/types\/product"}],"author":[{"embeddable":true,"href":"https:\/\/www.iplay.com\/de\/wp-json\/wp\/v2\/users\/13"}],"replies":[{"embeddable":true,"href":"https:\/\/www.iplay.com\/de\/wp-json\/wp\/v2\/comments?post=141592"}],"wp:featuredmedia":[{"embeddable":true,"href":"https:\/\/www.iplay.com\/de\/wp-json\/wp\/v2\/media\/141478"}],"wp:attachment":[{"href":"https:\/\/www.iplay.com\/de\/wp-json\/wp\/v2\/media?parent=141592"}],"wp:term":[{"taxonomy":"product_brand","embeddable":true,"href":"https:\/\/www.iplay.com\/de\/wp-json\/wp\/v2\/product_brand?post=141592"},{"taxonomy":"product_cat","embeddable":true,"href":"https:\/\/www.iplay.com\/de\/wp-json\/wp\/v2\/product_cat?post=141592"},{"taxonomy":"product_tag","embeddable":true,"href":"https:\/\/www.iplay.com\/de\/wp-json\/wp\/v2\/product_tag?post=141592"}],"curies":[{"name":"wp","href":"https:\/\/api.w.org\/{rel}","templated":true}]}}