{"id":141587,"date":"2025-08-08T07:30:46","date_gmt":"2025-08-08T07:30:46","guid":{"rendered":"https:\/\/www.iplay.com\/?post_type=product&p=141587"},"modified":"2025-08-04T12:24:20","modified_gmt":"2025-08-04T12:24:20","slug":"block-rush-2","status":"publish","type":"product","link":"https:\/\/www.iplay.com\/de\/games\/block-rush-2\/","title":{"rendered":"Block Rush 2"},"content":{"rendered":"<p class=\"whitespace-normal break-words ai-optimize-31 ai-optimize-introduction\">Block Rush 2 macht deine Puzzlef\u00e4higkeiten noch besser! Du spielst in einer hellen Welt voller beweglicher Kacheln. Du verwendest spezielle Power-Ups, um Linien zu r\u00e4umen. Du erl\u00f6st geile Kettenreaktionen, die gro\u00dfe Punkte bringen.   <\/p>\n<p class=\"whitespace-normal break-words ai-optimize-33\">Jedes Level wird schwieriger als das letzte. Du denkst schneller und planst kl\u00fcger, um das Spiel zu gewinnen. Du hast 150 Levels zum Durchspielen. Die Hintergr\u00fcnde bewegen sich und erwecken das Spiel zum Leben.   <\/p>\n<p class=\"whitespace-normal break-words ai-optimize-35\">Du r\u00e4umst Linien wie bei klassischen Puzzlespielen. Au\u00dferdem l\u00f6st du 10 lustige Puzzles f\u00fcr Abwechslung. Das Spiel eignet sich hervorragend f\u00fcr Anf\u00e4nger und R\u00e4tselexperten. Du nutzt Strategie und Kreativit\u00e4t, um zu gewinnen.   <\/p>\n<p>&nbsp;<\/p>\n<p class=\"whitespace-normal break-words ai-optimize-37\"><strong>Funktionen<\/strong><\/p>\n<ul class=\"[&amp;:not(:last-child)_ul]:pb-1 [&amp;:not(:last-child)_ol]:pb-1 list-disc space-y-1.5 pl-7\">\n<li class=\"whitespace-normal break-words ai-optimize-38\">Du spielst 150 verschiedene Levels, die im Laufe der Zeit immer schwieriger werden<\/li>\n<li class=\"whitespace-normal break-words ai-optimize-39\">Du platzierst spezielle Bl\u00f6cke, um m\u00e4chtige Kombos zu machen und mehr Punkte zu verdienen<\/li>\n<li class=\"whitespace-normal break-words ai-optimize-40\">Du l\u00f6st 10 Bonus-Puzzles, wenn du etwas anderes willst<\/li>\n<li class=\"whitespace-normal break-words ai-optimize-41\">Du magst bewegte Hintergr\u00fcnde, die das Spiel fantastisch aussehen lassen<\/li>\n<li class=\"whitespace-normal break-words ai-optimize-42\">Du entspannst dich und trainierst dein Gehirn mit stundenlangem, fl\u00fcssigem, unterhaltsamem Gameplay<\/li>\n<\/ul>\n<p>&nbsp;<\/p>\n<p class=\"whitespace-normal break-words ai-optimize-43\">Mach dich bereit, das Brett zu r\u00e4umen und den Rush zu gewinnen!<\/p>\n","protected":false},"excerpt":{"rendered":"<p>Mit Block Rush 2 kannst du strategisch Bl\u00f6cke platzieren und erstaunliche Kombos entfesseln!<\/p>\n","protected":false},"author":21,"featured_media":141405,"comment_status":"open","ping_status":"closed","template":"","meta":{"_acf_changed":false,"inline_featured_image":false},"product_brand":[],"product_cat":[194],"product_tag":[289],"class_list":{"0":"post-141587","1":"product","2":"type-product","3":"status-publish","4":"has-post-thumbnail","6":"product_cat-puzzle-de","7":"product_tag-play-on-pc-de","9":"first","10":"instock","11":"shipping-taxable","12":"purchasable","13":"product-type-simple"},"acf":[],"yoast_head":"<!-- This site is optimized with the Yoast SEO Premium plugin v25.2 (Yoast SEO v25.2) - https:\/\/yoast.com\/wordpress\/plugins\/seo\/ -->\n<title>Block Rush 2: Strategische Bl\u00f6cke &amp; schillernde Kombination<\/title>\n<meta name=\"description\" content=\"Mit Block Rush 2 kannst du strategisch Bl\u00f6cke platzieren und erstaunliche Kombos entfesseln!\" \/>\n<meta name=\"robots\" content=\"index, follow, max-snippet:-1, max-image-preview:large, max-video-preview:-1\" \/>\n<link rel=\"canonical\" href=\"https:\/\/www.iplay.com\/en\/games\/block-rush-2\/\" \/>\n<meta property=\"og:locale\" content=\"de_DE\" \/>\n<meta property=\"og:type\" content=\"article\" \/>\n<meta property=\"og:title\" content=\"Block Rush 2\" \/>\n<meta property=\"og:description\" content=\"Mit Block Rush 2 kannst du strategisch Bl\u00f6cke platzieren und erstaunliche Kombos entfesseln!\" \/>\n<meta property=\"og:url\" content=\"https:\/\/www.iplay.com\/en\/games\/block-rush-2\/\" \/>\n<meta property=\"og:site_name\" content=\"IPlay\" \/>\n<meta property=\"og:image\" content=\"https:\/\/www.iplay.com\/wp-content\/uploads\/2025\/08\/block_rush_2_large_video_screenshot.webp\" \/>\n\t<meta property=\"og:image:width\" content=\"715\" \/>\n\t<meta property=\"og:image:height\" content=\"485\" \/>\n\t<meta property=\"og:image:type\" content=\"image\/webp\" \/>\n<meta name=\"twitter:card\" content=\"summary_large_image\" \/>\n<meta name=\"twitter:label1\" content=\"Gesch\u00e4tzte Lesezeit\" \/>\n\t<meta name=\"twitter:data1\" content=\"1 Minute\" \/>\n<script type=\"application\/ld+json\" class=\"yoast-schema-graph\">{\"@context\":\"https:\/\/schema.org\",\"@graph\":[{\"@type\":\"WebPage\",\"@id\":\"https:\/\/www.iplay.com\/en\/games\/block-rush-2\/\",\"url\":\"https:\/\/www.iplay.com\/en\/games\/block-rush-2\/\",\"name\":\"Block Rush 2: Strategische Bl\u00f6cke & schillernde Kombination\",\"isPartOf\":{\"@id\":\"https:\/\/www.iplay.com\/en\/#website\"},\"primaryImageOfPage\":{\"@id\":\"https:\/\/www.iplay.com\/en\/games\/block-rush-2\/#primaryimage\"},\"image\":{\"@id\":\"https:\/\/www.iplay.com\/en\/games\/block-rush-2\/#primaryimage\"},\"thumbnailUrl\":\"https:\/\/www.iplay.com\/wp-content\/uploads\/2025\/08\/block_rush_2_large_video_screenshot.webp\",\"datePublished\":\"2025-08-08T07:30:46+00:00\",\"description\":\"Mit Block Rush 2 kannst du strategisch Bl\u00f6cke platzieren und erstaunliche Kombos entfesseln!\",\"breadcrumb\":{\"@id\":\"https:\/\/www.iplay.com\/en\/games\/block-rush-2\/#breadcrumb\"},\"inLanguage\":\"de-DE\",\"potentialAction\":[{\"@type\":\"ReadAction\",\"target\":[\"https:\/\/www.iplay.com\/en\/games\/block-rush-2\/\"]}]},{\"@type\":\"ImageObject\",\"inLanguage\":\"de-DE\",\"@id\":\"https:\/\/www.iplay.com\/en\/games\/block-rush-2\/#primaryimage\",\"url\":\"https:\/\/www.iplay.com\/wp-content\/uploads\/2025\/08\/block_rush_2_large_video_screenshot.webp\",\"contentUrl\":\"https:\/\/www.iplay.com\/wp-content\/uploads\/2025\/08\/block_rush_2_large_video_screenshot.webp\",\"width\":715,\"height\":485},{\"@type\":\"BreadcrumbList\",\"@id\":\"https:\/\/www.iplay.com\/en\/games\/block-rush-2\/#breadcrumb\",\"itemListElement\":[{\"@type\":\"ListItem\",\"position\":1,\"name\":\"Home\",\"item\":\"https:\/\/www.iplay.com\/de\/home-page-2\/\"},{\"@type\":\"ListItem\",\"position\":2,\"name\":\"Shop\",\"item\":\"https:\/\/www.iplay.com\/en\/shop\/\"},{\"@type\":\"ListItem\",\"position\":3,\"name\":\"Block Rush 2\"}]},{\"@type\":\"WebSite\",\"@id\":\"https:\/\/www.iplay.com\/en\/#website\",\"url\":\"https:\/\/www.iplay.com\/en\/\",\"name\":\"IPlay\",\"description\":\"The Best Casual Games!\",\"publisher\":{\"@id\":\"https:\/\/www.iplay.com\/en\/#organization\"},\"potentialAction\":[{\"@type\":\"SearchAction\",\"target\":{\"@type\":\"EntryPoint\",\"urlTemplate\":\"https:\/\/www.iplay.com\/en\/?s={search_term_string}\"},\"query-input\":{\"@type\":\"PropertyValueSpecification\",\"valueRequired\":true,\"valueName\":\"search_term_string\"}}],\"inLanguage\":\"de-DE\"},{\"@type\":\"Organization\",\"@id\":\"https:\/\/www.iplay.com\/en\/#organization\",\"name\":\"IPlay\",\"url\":\"https:\/\/www.iplay.com\/en\/\",\"logo\":{\"@type\":\"ImageObject\",\"inLanguage\":\"de-DE\",\"@id\":\"https:\/\/www.iplay.com\/en\/#\/schema\/logo\/image\/\",\"url\":\"https:\/\/www.iplay.com\/wp-content\/uploads\/2023\/11\/Group-6100.svg\",\"contentUrl\":\"https:\/\/www.iplay.com\/wp-content\/uploads\/2023\/11\/Group-6100.svg\",\"width\":98,\"height\":25,\"caption\":\"IPlay\"},\"image\":{\"@id\":\"https:\/\/www.iplay.com\/en\/#\/schema\/logo\/image\/\"}}]}<\/script>\n<!-- \/ Yoast SEO Premium plugin. -->","yoast_head_json":{"title":"Block Rush 2: Strategische Bl\u00f6cke & schillernde Kombination","description":"Mit Block Rush 2 kannst du strategisch Bl\u00f6cke platzieren und erstaunliche Kombos entfesseln!","robots":{"index":"index","follow":"follow","max-snippet":"max-snippet:-1","max-image-preview":"max-image-preview:large","max-video-preview":"max-video-preview:-1"},"canonical":"https:\/\/www.iplay.com\/en\/games\/block-rush-2\/","og_locale":"de_DE","og_type":"article","og_title":"Block Rush 2","og_description":"Mit Block Rush 2 kannst du strategisch Bl\u00f6cke platzieren und erstaunliche Kombos entfesseln!","og_url":"https:\/\/www.iplay.com\/en\/games\/block-rush-2\/","og_site_name":"IPlay","og_image":[{"width":715,"height":485,"url":"https:\/\/www.iplay.com\/wp-content\/uploads\/2025\/08\/block_rush_2_large_video_screenshot.webp","type":"image\/webp"}],"twitter_card":"summary_large_image","twitter_misc":{"Gesch\u00e4tzte Lesezeit":"1 Minute"},"schema":{"@context":"https:\/\/schema.org","@graph":[{"@type":"WebPage","@id":"https:\/\/www.iplay.com\/en\/games\/block-rush-2\/","url":"https:\/\/www.iplay.com\/en\/games\/block-rush-2\/","name":"Block Rush 2: Strategische Bl\u00f6cke & schillernde Kombination","isPartOf":{"@id":"https:\/\/www.iplay.com\/en\/#website"},"primaryImageOfPage":{"@id":"https:\/\/www.iplay.com\/en\/games\/block-rush-2\/#primaryimage"},"image":{"@id":"https:\/\/www.iplay.com\/en\/games\/block-rush-2\/#primaryimage"},"thumbnailUrl":"https:\/\/www.iplay.com\/wp-content\/uploads\/2025\/08\/block_rush_2_large_video_screenshot.webp","datePublished":"2025-08-08T07:30:46+00:00","description":"Mit Block Rush 2 kannst du strategisch Bl\u00f6cke platzieren und erstaunliche Kombos entfesseln!","breadcrumb":{"@id":"https:\/\/www.iplay.com\/en\/games\/block-rush-2\/#breadcrumb"},"inLanguage":"de-DE","potentialAction":[{"@type":"ReadAction","target":["https:\/\/www.iplay.com\/en\/games\/block-rush-2\/"]}]},{"@type":"ImageObject","inLanguage":"de-DE","@id":"https:\/\/www.iplay.com\/en\/games\/block-rush-2\/#primaryimage","url":"https:\/\/www.iplay.com\/wp-content\/uploads\/2025\/08\/block_rush_2_large_video_screenshot.webp","contentUrl":"https:\/\/www.iplay.com\/wp-content\/uploads\/2025\/08\/block_rush_2_large_video_screenshot.webp","width":715,"height":485},{"@type":"BreadcrumbList","@id":"https:\/\/www.iplay.com\/en\/games\/block-rush-2\/#breadcrumb","itemListElement":[{"@type":"ListItem","position":1,"name":"Home","item":"https:\/\/www.iplay.com\/de\/home-page-2\/"},{"@type":"ListItem","position":2,"name":"Shop","item":"https:\/\/www.iplay.com\/en\/shop\/"},{"@type":"ListItem","position":3,"name":"Block Rush 2"}]},{"@type":"WebSite","@id":"https:\/\/www.iplay.com\/en\/#website","url":"https:\/\/www.iplay.com\/en\/","name":"IPlay","description":"The Best Casual Games!","publisher":{"@id":"https:\/\/www.iplay.com\/en\/#organization"},"potentialAction":[{"@type":"SearchAction","target":{"@type":"EntryPoint","urlTemplate":"https:\/\/www.iplay.com\/en\/?s={search_term_string}"},"query-input":{"@type":"PropertyValueSpecification","valueRequired":true,"valueName":"search_term_string"}}],"inLanguage":"de-DE"},{"@type":"Organization","@id":"https:\/\/www.iplay.com\/en\/#organization","name":"IPlay","url":"https:\/\/www.iplay.com\/en\/","logo":{"@type":"ImageObject","inLanguage":"de-DE","@id":"https:\/\/www.iplay.com\/en\/#\/schema\/logo\/image\/","url":"https:\/\/www.iplay.com\/wp-content\/uploads\/2023\/11\/Group-6100.svg","contentUrl":"https:\/\/www.iplay.com\/wp-content\/uploads\/2023\/11\/Group-6100.svg","width":98,"height":25,"caption":"IPlay"},"image":{"@id":"https:\/\/www.iplay.com\/en\/#\/schema\/logo\/image\/"}}]}},"_links":{"self":[{"href":"https:\/\/www.iplay.com\/de\/wp-json\/wp\/v2\/product\/141587","targetHints":{"allow":["GET"]}}],"collection":[{"href":"https:\/\/www.iplay.com\/de\/wp-json\/wp\/v2\/product"}],"about":[{"href":"https:\/\/www.iplay.com\/de\/wp-json\/wp\/v2\/types\/product"}],"author":[{"embeddable":true,"href":"https:\/\/www.iplay.com\/de\/wp-json\/wp\/v2\/users\/21"}],"replies":[{"embeddable":true,"href":"https:\/\/www.iplay.com\/de\/wp-json\/wp\/v2\/comments?post=141587"}],"wp:featuredmedia":[{"embeddable":true,"href":"https:\/\/www.iplay.com\/de\/wp-json\/wp\/v2\/media\/141405"}],"wp:attachment":[{"href":"https:\/\/www.iplay.com\/de\/wp-json\/wp\/v2\/media?parent=141587"}],"wp:term":[{"taxonomy":"product_brand","embeddable":true,"href":"https:\/\/www.iplay.com\/de\/wp-json\/wp\/v2\/product_brand?post=141587"},{"taxonomy":"product_cat","embeddable":true,"href":"https:\/\/www.iplay.com\/de\/wp-json\/wp\/v2\/product_cat?post=141587"},{"taxonomy":"product_tag","embeddable":true,"href":"https:\/\/www.iplay.com\/de\/wp-json\/wp\/v2\/product_tag?post=141587"}],"curies":[{"name":"wp","href":"https:\/\/api.w.org\/{rel}","templated":true}]}}