{"id":141341,"date":"2025-08-01T10:30:38","date_gmt":"2025-08-01T10:30:38","guid":{"rendered":"https:\/\/www.iplay.com\/games\/new-yankee-16-pirate-trap-collectors-edition\/"},"modified":"2025-08-01T10:30:38","modified_gmt":"2025-08-01T10:30:38","slug":"new-yankee-16-pirate-trap-collectors-edition","status":"publish","type":"product","link":"https:\/\/www.iplay.com\/de\/games\/new-yankee-16-pirate-trap-collectors-edition\/","title":{"rendered":"New Yankee 16: Pirate Trap Collector&#8217;s Edition"},"content":{"rendered":"<p class=\"whitespace-normal break-words ai-optimize-30 ai-optimize-introduction\">Du hilfst den Helden von K\u00f6nig Artus, als sie auf einer Pirateninsel gefangen sind. Sie finden eine mysteri\u00f6se Schatztruhe mit einem Piratenhut darin. Der geisterhafte Captain Ghost wird w\u00fctend und verbannt sie auf eine abgelegene Insel.  <\/p>\n<p class=\"whitespace-normal break-words ai-optimize-31\">Du musst ihnen helfen, ein episches Piratenrennen zu gewinnen, um zu entkommen. Du trittst gegen die rivalisierenden Piraten Zu, Vu und Glu an, die ebenfalls gewinnen wollen. Du navigierst durch verschlungene Pfade und brichst Fl\u00fcche, um den Sieg zu erringen.  <\/p>\n<p class=\"whitespace-normal break-words ai-optimize-32\">Du verwaltest deine Zeit und sammelst Ressourcen in 45 actiongeladenen Levels. Du passt deine Helden mit spezieller Ausr\u00fcstung an, die ihre F\u00e4higkeiten verbessert. Du spielst Minispiele, die das Abenteuer spannend und frisch halten.  <\/p>\n<p class=\"whitespace-normal break-words ai-optimize-33\">Sie w\u00e4hlen den leichten, normalen oder schweren Modus, je nach Ihrem K\u00f6nnen. Du verdienst Troph\u00e4en und meisterst das Ressourcenmanagement mit einfacher Maussteuerung. <\/p>\n<p>&nbsp;<\/p>\n<p class=\"whitespace-normal break-words ai-optimize-34\"><strong>Funktionen<\/strong><\/p>\n<ul class=\"[&amp;:not(:last-child)_ul]:pb-1 [&amp;:not(:last-child)_ol]:pb-1 list-disc space-y-1.5 pl-7\">\n<li class=\"whitespace-normal break-words ai-optimize-35\">Spiele 45 Strategie-Levels mit Piratenmotiven und 11 fesselnde Minispiele<\/li>\n<li class=\"whitespace-normal break-words ai-optimize-36\">W\u00e4hlen Sie zwischen den Modi &#8220;Leicht&#8221;, &#8220;Normal&#8221; oder &#8220;Schwer&#8221; f\u00fcr eine perfekte Herausforderung<\/li>\n<li class=\"whitespace-normal break-words ai-optimize-37\">R\u00fcste deine Helden mit Spezialausr\u00fcstung aus, um ihre F\u00e4higkeiten zu verbessern<\/li>\n<li class=\"whitespace-normal break-words ai-optimize-38\">Spiele verschiedene Minispiele, die das Gameplay aufpeppen und dich bei der Stange halten<\/li>\n<li class=\"whitespace-normal break-words ai-optimize-39\">Verdiene Troph\u00e4en und meistere das Ressourcenmanagement mit einfacher Maussteuerung<\/li>\n<\/ul>\n<p>&nbsp;<\/p>\n<p class=\"whitespace-normal break-words ai-optimize-40\"><strong>Funktionen der Collector&#8217;s Edition<\/strong><\/p>\n<ul class=\"[&amp;:not(:last-child)_ul]:pb-1 [&amp;:not(:last-child)_ol]:pb-1 list-disc space-y-1.5 pl-7\">\n<li class=\"whitespace-normal break-words ai-optimize-41\">Spiele 15 zus\u00e4tzliche Level plus 2 weitere Minispiele f\u00fcr mehr Spa\u00df<\/li>\n<li class=\"whitespace-normal break-words ai-optimize-42\">Nutze den Levelguide, um jede Karte zu meistern und effizient voranzukommen<\/li>\n<li class=\"whitespace-normal break-words ai-optimize-43\">Laden Sie Original-Soundtracks und Hintergrundbilder mit Piratenmotiven herunter<\/li>\n<li class=\"whitespace-normal break-words ai-optimize-44\">Schalte neue Ausr\u00fcstung, Clips, R\u00e4tsel und Charakterinformationen frei<\/li>\n<li class=\"whitespace-normal break-words ai-optimize-45\">Sammle Puzzleteile, um besondere Bonusinhalte zu vervollst\u00e4ndigen<\/li>\n<\/ul>\n<p>&nbsp;<\/p>\n<p class=\"whitespace-normal break-words ai-optimize-46\">Du entscheidest, ob die Helden von der Insel fliehen oder f\u00fcr immer gefangen bleiben.<\/p>\n","protected":false},"excerpt":{"rendered":"<p>Besuche eine verfluchte Insel, auf der du nur durch den Sieg in einem mythischen Piratenrennen befreit wirst!<\/p>\n","protected":false},"author":8,"featured_media":141321,"comment_status":"open","ping_status":"closed","template":"","meta":{"_acf_changed":false,"inline_featured_image":false},"product_brand":[],"product_cat":[217],"product_tag":[277,289],"class_list":{"0":"post-141341","1":"product","2":"type-product","3":"status-publish","4":"has-post-thumbnail","6":"product_cat-time-management-de","7":"product_tag-new-yankee-series-de","8":"product_tag-play-on-pc-de","10":"first","11":"instock","12":"shipping-taxable","13":"purchasable","14":"product-type-simple"},"acf":[],"yoast_head":"<!-- This site is optimized with the Yoast SEO Premium plugin v25.2 (Yoast SEO v25.2) - https:\/\/yoast.com\/wordpress\/plugins\/seo\/ -->\n<title>New Yankee 16: Pirate Trap CE - Gewinne das Piratenrennen, um zu entkommen<\/title>\n<meta name=\"description\" content=\"Besuche eine verfluchte Insel, auf der du nur durch den Sieg in einem mythischen Piratenrennen befreit wirst!\" \/>\n<meta name=\"robots\" content=\"index, follow, max-snippet:-1, max-image-preview:large, max-video-preview:-1\" \/>\n<link rel=\"canonical\" href=\"https:\/\/www.iplay.com\/de\/games\/new-yankee-16-pirate-trap-collectors-edition\/\" \/>\n<meta property=\"og:locale\" content=\"de_DE\" \/>\n<meta property=\"og:type\" content=\"article\" \/>\n<meta property=\"og:title\" content=\"New Yankee 16: Pirate Trap Collector&#039;s Edition\" \/>\n<meta property=\"og:description\" content=\"Besuche eine verfluchte Insel, auf der du nur durch den Sieg in einem mythischen Piratenrennen befreit wirst!\" \/>\n<meta property=\"og:url\" content=\"https:\/\/www.iplay.com\/de\/games\/new-yankee-16-pirate-trap-collectors-edition\/\" \/>\n<meta property=\"og:site_name\" content=\"IPlay\" \/>\n<meta property=\"og:image\" content=\"https:\/\/www.iplay.com\/wp-content\/uploads\/2025\/08\/new_yankee_16_pirate_trap_collectors_edition_large_square_tile_image.webp\" \/>\n\t<meta property=\"og:image:width\" content=\"310\" \/>\n\t<meta property=\"og:image:height\" content=\"310\" \/>\n\t<meta property=\"og:image:type\" content=\"image\/webp\" \/>\n<meta name=\"twitter:card\" content=\"summary_large_image\" \/>\n<meta name=\"twitter:label1\" content=\"Gesch\u00e4tzte Lesezeit\" \/>\n\t<meta name=\"twitter:data1\" content=\"1 Minute\" \/>\n<script type=\"application\/ld+json\" class=\"yoast-schema-graph\">{\"@context\":\"https:\/\/schema.org\",\"@graph\":[{\"@type\":\"WebPage\",\"@id\":\"https:\/\/www.iplay.com\/de\/games\/new-yankee-16-pirate-trap-collectors-edition\/\",\"url\":\"https:\/\/www.iplay.com\/de\/games\/new-yankee-16-pirate-trap-collectors-edition\/\",\"name\":\"New Yankee 16: Pirate Trap CE - Gewinne das Piratenrennen, um zu entkommen\",\"isPartOf\":{\"@id\":\"https:\/\/www.iplay.com\/en\/#website\"},\"primaryImageOfPage\":{\"@id\":\"https:\/\/www.iplay.com\/de\/games\/new-yankee-16-pirate-trap-collectors-edition\/#primaryimage\"},\"image\":{\"@id\":\"https:\/\/www.iplay.com\/de\/games\/new-yankee-16-pirate-trap-collectors-edition\/#primaryimage\"},\"thumbnailUrl\":\"https:\/\/www.iplay.com\/wp-content\/uploads\/2025\/08\/new_yankee_16_pirate_trap_collectors_edition_large_square_tile_image.webp\",\"datePublished\":\"2025-08-01T10:30:38+00:00\",\"description\":\"Besuche eine verfluchte Insel, auf der du nur durch den Sieg in einem mythischen Piratenrennen befreit wirst!\",\"breadcrumb\":{\"@id\":\"https:\/\/www.iplay.com\/de\/games\/new-yankee-16-pirate-trap-collectors-edition\/#breadcrumb\"},\"inLanguage\":\"de-DE\",\"potentialAction\":[{\"@type\":\"ReadAction\",\"target\":[\"https:\/\/www.iplay.com\/de\/games\/new-yankee-16-pirate-trap-collectors-edition\/\"]}]},{\"@type\":\"ImageObject\",\"inLanguage\":\"de-DE\",\"@id\":\"https:\/\/www.iplay.com\/de\/games\/new-yankee-16-pirate-trap-collectors-edition\/#primaryimage\",\"url\":\"https:\/\/www.iplay.com\/wp-content\/uploads\/2025\/08\/new_yankee_16_pirate_trap_collectors_edition_large_square_tile_image.webp\",\"contentUrl\":\"https:\/\/www.iplay.com\/wp-content\/uploads\/2025\/08\/new_yankee_16_pirate_trap_collectors_edition_large_square_tile_image.webp\",\"width\":310,\"height\":310},{\"@type\":\"BreadcrumbList\",\"@id\":\"https:\/\/www.iplay.com\/de\/games\/new-yankee-16-pirate-trap-collectors-edition\/#breadcrumb\",\"itemListElement\":[{\"@type\":\"ListItem\",\"position\":1,\"name\":\"Home\",\"item\":\"https:\/\/www.iplay.com\/de\/home-page-2\/\"},{\"@type\":\"ListItem\",\"position\":2,\"name\":\"Shop\",\"item\":\"https:\/\/www.iplay.com\/en\/shop\/\"},{\"@type\":\"ListItem\",\"position\":3,\"name\":\"New Yankee 16: Pirate Trap Collector&#8217;s Edition\"}]},{\"@type\":\"WebSite\",\"@id\":\"https:\/\/www.iplay.com\/en\/#website\",\"url\":\"https:\/\/www.iplay.com\/en\/\",\"name\":\"IPlay\",\"description\":\"The Best Casual Games!\",\"publisher\":{\"@id\":\"https:\/\/www.iplay.com\/en\/#organization\"},\"potentialAction\":[{\"@type\":\"SearchAction\",\"target\":{\"@type\":\"EntryPoint\",\"urlTemplate\":\"https:\/\/www.iplay.com\/en\/?s={search_term_string}\"},\"query-input\":{\"@type\":\"PropertyValueSpecification\",\"valueRequired\":true,\"valueName\":\"search_term_string\"}}],\"inLanguage\":\"de-DE\"},{\"@type\":\"Organization\",\"@id\":\"https:\/\/www.iplay.com\/en\/#organization\",\"name\":\"IPlay\",\"url\":\"https:\/\/www.iplay.com\/en\/\",\"logo\":{\"@type\":\"ImageObject\",\"inLanguage\":\"de-DE\",\"@id\":\"https:\/\/www.iplay.com\/en\/#\/schema\/logo\/image\/\",\"url\":\"https:\/\/www.iplay.com\/wp-content\/uploads\/2023\/11\/Group-6100.svg\",\"contentUrl\":\"https:\/\/www.iplay.com\/wp-content\/uploads\/2023\/11\/Group-6100.svg\",\"width\":98,\"height\":25,\"caption\":\"IPlay\"},\"image\":{\"@id\":\"https:\/\/www.iplay.com\/en\/#\/schema\/logo\/image\/\"}}]}<\/script>\n<!-- \/ Yoast SEO Premium plugin. -->","yoast_head_json":{"title":"New Yankee 16: Pirate Trap CE - Gewinne das Piratenrennen, um zu entkommen","description":"Besuche eine verfluchte Insel, auf der du nur durch den Sieg in einem mythischen Piratenrennen befreit wirst!","robots":{"index":"index","follow":"follow","max-snippet":"max-snippet:-1","max-image-preview":"max-image-preview:large","max-video-preview":"max-video-preview:-1"},"canonical":"https:\/\/www.iplay.com\/de\/games\/new-yankee-16-pirate-trap-collectors-edition\/","og_locale":"de_DE","og_type":"article","og_title":"New Yankee 16: Pirate Trap Collector's Edition","og_description":"Besuche eine verfluchte Insel, auf der du nur durch den Sieg in einem mythischen Piratenrennen befreit wirst!","og_url":"https:\/\/www.iplay.com\/de\/games\/new-yankee-16-pirate-trap-collectors-edition\/","og_site_name":"IPlay","og_image":[{"width":310,"height":310,"url":"https:\/\/www.iplay.com\/wp-content\/uploads\/2025\/08\/new_yankee_16_pirate_trap_collectors_edition_large_square_tile_image.webp","type":"image\/webp"}],"twitter_card":"summary_large_image","twitter_misc":{"Gesch\u00e4tzte Lesezeit":"1 Minute"},"schema":{"@context":"https:\/\/schema.org","@graph":[{"@type":"WebPage","@id":"https:\/\/www.iplay.com\/de\/games\/new-yankee-16-pirate-trap-collectors-edition\/","url":"https:\/\/www.iplay.com\/de\/games\/new-yankee-16-pirate-trap-collectors-edition\/","name":"New Yankee 16: Pirate Trap CE - Gewinne das Piratenrennen, um zu entkommen","isPartOf":{"@id":"https:\/\/www.iplay.com\/en\/#website"},"primaryImageOfPage":{"@id":"https:\/\/www.iplay.com\/de\/games\/new-yankee-16-pirate-trap-collectors-edition\/#primaryimage"},"image":{"@id":"https:\/\/www.iplay.com\/de\/games\/new-yankee-16-pirate-trap-collectors-edition\/#primaryimage"},"thumbnailUrl":"https:\/\/www.iplay.com\/wp-content\/uploads\/2025\/08\/new_yankee_16_pirate_trap_collectors_edition_large_square_tile_image.webp","datePublished":"2025-08-01T10:30:38+00:00","description":"Besuche eine verfluchte Insel, auf der du nur durch den Sieg in einem mythischen Piratenrennen befreit wirst!","breadcrumb":{"@id":"https:\/\/www.iplay.com\/de\/games\/new-yankee-16-pirate-trap-collectors-edition\/#breadcrumb"},"inLanguage":"de-DE","potentialAction":[{"@type":"ReadAction","target":["https:\/\/www.iplay.com\/de\/games\/new-yankee-16-pirate-trap-collectors-edition\/"]}]},{"@type":"ImageObject","inLanguage":"de-DE","@id":"https:\/\/www.iplay.com\/de\/games\/new-yankee-16-pirate-trap-collectors-edition\/#primaryimage","url":"https:\/\/www.iplay.com\/wp-content\/uploads\/2025\/08\/new_yankee_16_pirate_trap_collectors_edition_large_square_tile_image.webp","contentUrl":"https:\/\/www.iplay.com\/wp-content\/uploads\/2025\/08\/new_yankee_16_pirate_trap_collectors_edition_large_square_tile_image.webp","width":310,"height":310},{"@type":"BreadcrumbList","@id":"https:\/\/www.iplay.com\/de\/games\/new-yankee-16-pirate-trap-collectors-edition\/#breadcrumb","itemListElement":[{"@type":"ListItem","position":1,"name":"Home","item":"https:\/\/www.iplay.com\/de\/home-page-2\/"},{"@type":"ListItem","position":2,"name":"Shop","item":"https:\/\/www.iplay.com\/en\/shop\/"},{"@type":"ListItem","position":3,"name":"New Yankee 16: Pirate Trap Collector&#8217;s Edition"}]},{"@type":"WebSite","@id":"https:\/\/www.iplay.com\/en\/#website","url":"https:\/\/www.iplay.com\/en\/","name":"IPlay","description":"The Best Casual Games!","publisher":{"@id":"https:\/\/www.iplay.com\/en\/#organization"},"potentialAction":[{"@type":"SearchAction","target":{"@type":"EntryPoint","urlTemplate":"https:\/\/www.iplay.com\/en\/?s={search_term_string}"},"query-input":{"@type":"PropertyValueSpecification","valueRequired":true,"valueName":"search_term_string"}}],"inLanguage":"de-DE"},{"@type":"Organization","@id":"https:\/\/www.iplay.com\/en\/#organization","name":"IPlay","url":"https:\/\/www.iplay.com\/en\/","logo":{"@type":"ImageObject","inLanguage":"de-DE","@id":"https:\/\/www.iplay.com\/en\/#\/schema\/logo\/image\/","url":"https:\/\/www.iplay.com\/wp-content\/uploads\/2023\/11\/Group-6100.svg","contentUrl":"https:\/\/www.iplay.com\/wp-content\/uploads\/2023\/11\/Group-6100.svg","width":98,"height":25,"caption":"IPlay"},"image":{"@id":"https:\/\/www.iplay.com\/en\/#\/schema\/logo\/image\/"}}]}},"_links":{"self":[{"href":"https:\/\/www.iplay.com\/de\/wp-json\/wp\/v2\/product\/141341","targetHints":{"allow":["GET"]}}],"collection":[{"href":"https:\/\/www.iplay.com\/de\/wp-json\/wp\/v2\/product"}],"about":[{"href":"https:\/\/www.iplay.com\/de\/wp-json\/wp\/v2\/types\/product"}],"author":[{"embeddable":true,"href":"https:\/\/www.iplay.com\/de\/wp-json\/wp\/v2\/users\/8"}],"replies":[{"embeddable":true,"href":"https:\/\/www.iplay.com\/de\/wp-json\/wp\/v2\/comments?post=141341"}],"wp:featuredmedia":[{"embeddable":true,"href":"https:\/\/www.iplay.com\/de\/wp-json\/wp\/v2\/media\/141321"}],"wp:attachment":[{"href":"https:\/\/www.iplay.com\/de\/wp-json\/wp\/v2\/media?parent=141341"}],"wp:term":[{"taxonomy":"product_brand","embeddable":true,"href":"https:\/\/www.iplay.com\/de\/wp-json\/wp\/v2\/product_brand?post=141341"},{"taxonomy":"product_cat","embeddable":true,"href":"https:\/\/www.iplay.com\/de\/wp-json\/wp\/v2\/product_cat?post=141341"},{"taxonomy":"product_tag","embeddable":true,"href":"https:\/\/www.iplay.com\/de\/wp-json\/wp\/v2\/product_tag?post=141341"}],"curies":[{"name":"wp","href":"https:\/\/api.w.org\/{rel}","templated":true}]}}