{"id":141192,"date":"2018-12-01T00:00:00","date_gmt":"2018-12-01T00:00:00","guid":{"rendered":"https:\/\/www.iplay.com\/games\/shopping-clutter-2-christmas-square\/"},"modified":"2018-12-01T00:00:00","modified_gmt":"2018-12-01T00:00:00","slug":"shopping-clutter-2-christmas-square","status":"publish","type":"product","link":"https:\/\/www.iplay.com\/de\/games\/shopping-clutter-2-christmas-square\/","title":{"rendered":"Shopping Clutter 2: Christmas Square"},"content":{"rendered":"<p>Die Walkers, eine tierische Familie von Reisenden, die allen Zuschauern der Fernsehserie Travel Mosaic ein Begriff ist, bereiten Animalville auf die Feiertage vor. Die ganze Familie beschloss, einen Weihnachtsplatz zu bauen, damit sich sowohl Kinder als auch Erwachsene am\u00fcsieren, in Weihnachtsstimmung kommen und vielleicht sogar ihren Glauben an Wunder wiederentdecken k\u00f6nnen. Die Walkers stellten jedoch fest, dass es schwieriger war, als sie erwartet hatten, und um die gesamte ben\u00f6tigte Ausr\u00fcstung zu finden, mussten sie hart arbeiten und das Durcheinander aus den Regalen r\u00e4umen. W\u00e4rst du bereit, dem Weihnachtsmann vor\u00fcbergehend als einer seiner Elfen zu helfen? Schlie\u00dfe dich danach den Walkern an!    <\/p>\n<p>&nbsp;<\/p>\n<p>&nbsp;<\/p>\n<p><strong>Funktionen:<\/strong><\/p>\n<p>&nbsp;<\/p>\n<ul>\n<li>Festliche Bilder, Artikel, Animationen und Musik, um in Weihnachtsstimmung zu kommen<\/li>\n<li>Neue Level-Modi<\/li>\n<li>140 Unordnungsr\u00e4tsel und 20 zus\u00e4tzliche R\u00e4tsel<\/li>\n<li>Lieblingscharaktere und urkomische Dialoge<\/li>\n<li>Bunte Grafik und echte Herausforderungen f\u00fcr alle Puzzle-Fans<\/li>\n<li>Weihnachtsbaum, Weihnachtsmann, Elfen und vieles mehr<\/li>\n<\/ul>\n","protected":false},"excerpt":{"rendered":"<p>Helfen Sie der Familie Walker, das zu finden, was sie f\u00fcr eine fr\u00f6hliche Feier auf dem Weihnachtsplatz ben\u00f6tigen!<\/p>\n","protected":false},"author":14,"featured_media":94741,"comment_status":"open","ping_status":"closed","template":"","meta":{"_acf_changed":false,"inline_featured_image":false},"product_brand":[],"product_cat":[194],"product_tag":[],"class_list":{"0":"post-141192","1":"product","2":"type-product","3":"status-publish","4":"has-post-thumbnail","6":"product_cat-puzzle-de","8":"first","9":"instock","10":"shipping-taxable","11":"purchasable","12":"product-type-simple"},"acf":[],"yoast_head":"<!-- This site is optimized with the Yoast SEO Premium plugin v25.2 (Yoast SEO v25.2) - https:\/\/yoast.com\/wordpress\/plugins\/seo\/ -->\n<title>Shopping Clutter 2: Christmas Square - Hilf Walkern f\u00fcr eine festliche Zeit auf dem Christmas Square<\/title>\n<meta name=\"description\" content=\"Helfen Sie der Familie Walker, das zu finden, was sie f\u00fcr eine fr\u00f6hliche Feier auf dem Weihnachtsplatz ben\u00f6tigen!\" \/>\n<meta name=\"robots\" content=\"index, follow, max-snippet:-1, max-image-preview:large, max-video-preview:-1\" \/>\n<link rel=\"canonical\" href=\"https:\/\/www.iplay.com\/de\/games\/shopping-clutter-2-christmas-square\/\" \/>\n<meta property=\"og:locale\" content=\"de_DE\" \/>\n<meta property=\"og:type\" content=\"article\" \/>\n<meta property=\"og:title\" content=\"Shopping Clutter 2: Christmas Square\" \/>\n<meta property=\"og:description\" content=\"Helfen Sie der Familie Walker, das zu finden, was sie f\u00fcr eine fr\u00f6hliche Feier auf dem Weihnachtsplatz ben\u00f6tigen!\" \/>\n<meta property=\"og:url\" content=\"https:\/\/www.iplay.com\/de\/games\/shopping-clutter-2-christmas-square\/\" \/>\n<meta property=\"og:site_name\" content=\"IPlay\" \/>\n<meta property=\"og:image\" content=\"https:\/\/www.iplay.com\/wp-content\/uploads\/2023\/12\/large_square_tile_image-3439.jpg\" \/>\n\t<meta property=\"og:image:width\" content=\"310\" \/>\n\t<meta property=\"og:image:height\" content=\"310\" \/>\n\t<meta property=\"og:image:type\" content=\"image\/jpeg\" \/>\n<meta name=\"twitter:card\" content=\"summary_large_image\" \/>\n<meta name=\"twitter:label1\" content=\"Gesch\u00e4tzte Lesezeit\" \/>\n\t<meta name=\"twitter:data1\" content=\"1 Minute\" \/>\n<script type=\"application\/ld+json\" class=\"yoast-schema-graph\">{\"@context\":\"https:\/\/schema.org\",\"@graph\":[{\"@type\":\"WebPage\",\"@id\":\"https:\/\/www.iplay.com\/de\/games\/shopping-clutter-2-christmas-square\/\",\"url\":\"https:\/\/www.iplay.com\/de\/games\/shopping-clutter-2-christmas-square\/\",\"name\":\"Shopping Clutter 2: Christmas Square - Hilf Walkern f\u00fcr eine festliche Zeit auf dem Christmas Square\",\"isPartOf\":{\"@id\":\"https:\/\/www.iplay.com\/en\/#website\"},\"primaryImageOfPage\":{\"@id\":\"https:\/\/www.iplay.com\/de\/games\/shopping-clutter-2-christmas-square\/#primaryimage\"},\"image\":{\"@id\":\"https:\/\/www.iplay.com\/de\/games\/shopping-clutter-2-christmas-square\/#primaryimage\"},\"thumbnailUrl\":\"https:\/\/www.iplay.com\/wp-content\/uploads\/2023\/12\/large_square_tile_image-3439.jpg\",\"datePublished\":\"2018-12-01T00:00:00+00:00\",\"description\":\"Helfen Sie der Familie Walker, das zu finden, was sie f\u00fcr eine fr\u00f6hliche Feier auf dem Weihnachtsplatz ben\u00f6tigen!\",\"breadcrumb\":{\"@id\":\"https:\/\/www.iplay.com\/de\/games\/shopping-clutter-2-christmas-square\/#breadcrumb\"},\"inLanguage\":\"de-DE\",\"potentialAction\":[{\"@type\":\"ReadAction\",\"target\":[\"https:\/\/www.iplay.com\/de\/games\/shopping-clutter-2-christmas-square\/\"]}]},{\"@type\":\"ImageObject\",\"inLanguage\":\"de-DE\",\"@id\":\"https:\/\/www.iplay.com\/de\/games\/shopping-clutter-2-christmas-square\/#primaryimage\",\"url\":\"https:\/\/www.iplay.com\/wp-content\/uploads\/2023\/12\/large_square_tile_image-3439.jpg\",\"contentUrl\":\"https:\/\/www.iplay.com\/wp-content\/uploads\/2023\/12\/large_square_tile_image-3439.jpg\",\"width\":310,\"height\":310},{\"@type\":\"BreadcrumbList\",\"@id\":\"https:\/\/www.iplay.com\/de\/games\/shopping-clutter-2-christmas-square\/#breadcrumb\",\"itemListElement\":[{\"@type\":\"ListItem\",\"position\":1,\"name\":\"Home\",\"item\":\"https:\/\/www.iplay.com\/de\/home-page-2\/\"},{\"@type\":\"ListItem\",\"position\":2,\"name\":\"Shop\",\"item\":\"https:\/\/www.iplay.com\/en\/shop\/\"},{\"@type\":\"ListItem\",\"position\":3,\"name\":\"Shopping Clutter 2: Christmas Square\"}]},{\"@type\":\"WebSite\",\"@id\":\"https:\/\/www.iplay.com\/en\/#website\",\"url\":\"https:\/\/www.iplay.com\/en\/\",\"name\":\"IPlay\",\"description\":\"The Best Casual Games!\",\"publisher\":{\"@id\":\"https:\/\/www.iplay.com\/en\/#organization\"},\"potentialAction\":[{\"@type\":\"SearchAction\",\"target\":{\"@type\":\"EntryPoint\",\"urlTemplate\":\"https:\/\/www.iplay.com\/en\/?s={search_term_string}\"},\"query-input\":{\"@type\":\"PropertyValueSpecification\",\"valueRequired\":true,\"valueName\":\"search_term_string\"}}],\"inLanguage\":\"de-DE\"},{\"@type\":\"Organization\",\"@id\":\"https:\/\/www.iplay.com\/en\/#organization\",\"name\":\"IPlay\",\"url\":\"https:\/\/www.iplay.com\/en\/\",\"logo\":{\"@type\":\"ImageObject\",\"inLanguage\":\"de-DE\",\"@id\":\"https:\/\/www.iplay.com\/en\/#\/schema\/logo\/image\/\",\"url\":\"https:\/\/www.iplay.com\/wp-content\/uploads\/2023\/11\/Group-6100.svg\",\"contentUrl\":\"https:\/\/www.iplay.com\/wp-content\/uploads\/2023\/11\/Group-6100.svg\",\"width\":98,\"height\":25,\"caption\":\"IPlay\"},\"image\":{\"@id\":\"https:\/\/www.iplay.com\/en\/#\/schema\/logo\/image\/\"}}]}<\/script>\n<!-- \/ Yoast SEO Premium plugin. -->","yoast_head_json":{"title":"Shopping Clutter 2: Christmas Square - Hilf Walkern f\u00fcr eine festliche Zeit auf dem Christmas Square","description":"Helfen Sie der Familie Walker, das zu finden, was sie f\u00fcr eine fr\u00f6hliche Feier auf dem Weihnachtsplatz ben\u00f6tigen!","robots":{"index":"index","follow":"follow","max-snippet":"max-snippet:-1","max-image-preview":"max-image-preview:large","max-video-preview":"max-video-preview:-1"},"canonical":"https:\/\/www.iplay.com\/de\/games\/shopping-clutter-2-christmas-square\/","og_locale":"de_DE","og_type":"article","og_title":"Shopping Clutter 2: Christmas Square","og_description":"Helfen Sie der Familie Walker, das zu finden, was sie f\u00fcr eine fr\u00f6hliche Feier auf dem Weihnachtsplatz ben\u00f6tigen!","og_url":"https:\/\/www.iplay.com\/de\/games\/shopping-clutter-2-christmas-square\/","og_site_name":"IPlay","og_image":[{"width":310,"height":310,"url":"https:\/\/www.iplay.com\/wp-content\/uploads\/2023\/12\/large_square_tile_image-3439.jpg","type":"image\/jpeg"}],"twitter_card":"summary_large_image","twitter_misc":{"Gesch\u00e4tzte Lesezeit":"1 Minute"},"schema":{"@context":"https:\/\/schema.org","@graph":[{"@type":"WebPage","@id":"https:\/\/www.iplay.com\/de\/games\/shopping-clutter-2-christmas-square\/","url":"https:\/\/www.iplay.com\/de\/games\/shopping-clutter-2-christmas-square\/","name":"Shopping Clutter 2: Christmas Square - Hilf Walkern f\u00fcr eine festliche Zeit auf dem Christmas Square","isPartOf":{"@id":"https:\/\/www.iplay.com\/en\/#website"},"primaryImageOfPage":{"@id":"https:\/\/www.iplay.com\/de\/games\/shopping-clutter-2-christmas-square\/#primaryimage"},"image":{"@id":"https:\/\/www.iplay.com\/de\/games\/shopping-clutter-2-christmas-square\/#primaryimage"},"thumbnailUrl":"https:\/\/www.iplay.com\/wp-content\/uploads\/2023\/12\/large_square_tile_image-3439.jpg","datePublished":"2018-12-01T00:00:00+00:00","description":"Helfen Sie der Familie Walker, das zu finden, was sie f\u00fcr eine fr\u00f6hliche Feier auf dem Weihnachtsplatz ben\u00f6tigen!","breadcrumb":{"@id":"https:\/\/www.iplay.com\/de\/games\/shopping-clutter-2-christmas-square\/#breadcrumb"},"inLanguage":"de-DE","potentialAction":[{"@type":"ReadAction","target":["https:\/\/www.iplay.com\/de\/games\/shopping-clutter-2-christmas-square\/"]}]},{"@type":"ImageObject","inLanguage":"de-DE","@id":"https:\/\/www.iplay.com\/de\/games\/shopping-clutter-2-christmas-square\/#primaryimage","url":"https:\/\/www.iplay.com\/wp-content\/uploads\/2023\/12\/large_square_tile_image-3439.jpg","contentUrl":"https:\/\/www.iplay.com\/wp-content\/uploads\/2023\/12\/large_square_tile_image-3439.jpg","width":310,"height":310},{"@type":"BreadcrumbList","@id":"https:\/\/www.iplay.com\/de\/games\/shopping-clutter-2-christmas-square\/#breadcrumb","itemListElement":[{"@type":"ListItem","position":1,"name":"Home","item":"https:\/\/www.iplay.com\/de\/home-page-2\/"},{"@type":"ListItem","position":2,"name":"Shop","item":"https:\/\/www.iplay.com\/en\/shop\/"},{"@type":"ListItem","position":3,"name":"Shopping Clutter 2: Christmas Square"}]},{"@type":"WebSite","@id":"https:\/\/www.iplay.com\/en\/#website","url":"https:\/\/www.iplay.com\/en\/","name":"IPlay","description":"The Best Casual Games!","publisher":{"@id":"https:\/\/www.iplay.com\/en\/#organization"},"potentialAction":[{"@type":"SearchAction","target":{"@type":"EntryPoint","urlTemplate":"https:\/\/www.iplay.com\/en\/?s={search_term_string}"},"query-input":{"@type":"PropertyValueSpecification","valueRequired":true,"valueName":"search_term_string"}}],"inLanguage":"de-DE"},{"@type":"Organization","@id":"https:\/\/www.iplay.com\/en\/#organization","name":"IPlay","url":"https:\/\/www.iplay.com\/en\/","logo":{"@type":"ImageObject","inLanguage":"de-DE","@id":"https:\/\/www.iplay.com\/en\/#\/schema\/logo\/image\/","url":"https:\/\/www.iplay.com\/wp-content\/uploads\/2023\/11\/Group-6100.svg","contentUrl":"https:\/\/www.iplay.com\/wp-content\/uploads\/2023\/11\/Group-6100.svg","width":98,"height":25,"caption":"IPlay"},"image":{"@id":"https:\/\/www.iplay.com\/en\/#\/schema\/logo\/image\/"}}]}},"_links":{"self":[{"href":"https:\/\/www.iplay.com\/de\/wp-json\/wp\/v2\/product\/141192","targetHints":{"allow":["GET"]}}],"collection":[{"href":"https:\/\/www.iplay.com\/de\/wp-json\/wp\/v2\/product"}],"about":[{"href":"https:\/\/www.iplay.com\/de\/wp-json\/wp\/v2\/types\/product"}],"author":[{"embeddable":true,"href":"https:\/\/www.iplay.com\/de\/wp-json\/wp\/v2\/users\/14"}],"replies":[{"embeddable":true,"href":"https:\/\/www.iplay.com\/de\/wp-json\/wp\/v2\/comments?post=141192"}],"wp:featuredmedia":[{"embeddable":true,"href":"https:\/\/www.iplay.com\/de\/wp-json\/wp\/v2\/media\/94741"}],"wp:attachment":[{"href":"https:\/\/www.iplay.com\/de\/wp-json\/wp\/v2\/media?parent=141192"}],"wp:term":[{"taxonomy":"product_brand","embeddable":true,"href":"https:\/\/www.iplay.com\/de\/wp-json\/wp\/v2\/product_brand?post=141192"},{"taxonomy":"product_cat","embeddable":true,"href":"https:\/\/www.iplay.com\/de\/wp-json\/wp\/v2\/product_cat?post=141192"},{"taxonomy":"product_tag","embeddable":true,"href":"https:\/\/www.iplay.com\/de\/wp-json\/wp\/v2\/product_tag?post=141192"}],"curies":[{"name":"wp","href":"https:\/\/api.w.org\/{rel}","templated":true}]}}