{"id":141023,"date":"2025-07-25T10:30:08","date_gmt":"2025-07-25T10:30:08","guid":{"rendered":"https:\/\/www.iplay.com\/?post_type=product&#038;p=141023"},"modified":"2025-07-29T11:29:12","modified_gmt":"2025-07-29T11:29:12","slug":"jixo-summer-dreams-collectors-edition","status":"publish","type":"product","link":"https:\/\/www.iplay.com\/de\/games\/jixo-summer-dreams-collectors-edition\/","title":{"rendered":"Jixo: Summer Dreams Collector&#8217;s Edition"},"content":{"rendered":"<p class=\"whitespace-normal break-words ai-optimize-29 ai-optimize-introduction\">Du betrittst eine charmante Puzzlewelt voller gem\u00fctlicher Sommerszenen. Du l\u00f6st R\u00e4tsel in bl\u00fchenden Innenh\u00f6fen und sonnenbeschienenen G\u00e4rten. Jede Einstellung schenkt Ihnen W\u00e4rme und hilft Ihnen, dem Alltagsstress zu entfliehen.  <\/p>\n<p class=\"whitespace-normal break-words ai-optimize-30\">Du spielst verschiedene saisonale Spiele, die deinen Geist entspannen. Du l\u00f6st Wimmelbildszenen und setzt wundersch\u00f6ne Puzzles zusammen. Du schaltest \u00dcberraschungen frei, die in mysteri\u00f6sen verschlossenen Kisten versteckt sind.  <\/p>\n<p class=\"whitespace-normal break-words ai-optimize-31\">Sie legen Ihren eigenen Sommergarten an, w\u00e4hrend Sie spielen. Sie w\u00e4hlen Pflanzen und Dekorationen aus, die zu Ihrem Stil passen. Du spielst Minispiele wie Kreuzwortr\u00e4tsel, Kachel-Matching und Sommer-Solit\u00e4r.  <\/p>\n<p>&nbsp;<\/p>\n<p class=\"ai-optimize-42\"><strong>Funktionen<\/strong><\/p>\n<ul class=\"[&amp;:not(:last-child)_ul]:pb-1 [&amp;:not(:last-child)_ol]:pb-1 list-disc space-y-1.5 pl-7\">\n<li class=\"whitespace-normal break-words ai-optimize-32\">L\u00f6se saisonale R\u00e4tsel wie Puzzles, Wimmelbildszenen und Bilderquests<\/li>\n<li class=\"whitespace-normal break-words ai-optimize-33\">Erweitern und individualisieren Sie Ihren Sommergarten mit Pflanzen, Dekorationen und charmanten Details<\/li>\n<li class=\"whitespace-normal break-words ai-optimize-34\">Spiele Minispiele wie Kreuzwortr\u00e4tsel, Kachel-Match und ein einzigartiges Solit\u00e4r-Erlebnis<\/li>\n<li class=\"whitespace-normal break-words ai-optimize-35\">Schalte verschlossene Kisten frei, die mit entz\u00fcckenden Denksportaufgaben und \u00dcberraschungsinhalten gef\u00fcllt sind<\/li>\n<li class=\"whitespace-normal break-words ai-optimize-36\">Entspannen Sie sich bei beruhigender Musik und beruhigenden Bildern, um Stress abzubauen<\/li>\n<\/ul>\n<p>&nbsp;<\/p>\n<p class=\"whitespace-normal break-words ai-optimize-37\"><strong>Funktionen der Collector&#8217;s Edition<\/strong><\/p>\n<ul class=\"[&amp;:not(:last-child)_ul]:pb-1 [&amp;:not(:last-child)_ol]:pb-1 list-disc space-y-1.5 pl-7\">\n<li class=\"whitespace-normal break-words ai-optimize-38\">Entdecken Sie 11 Puzzletypen mit 24 Bonuslevels f\u00fcr noch mehr Sommerspa\u00df<\/li>\n<li class=\"whitespace-normal break-words ai-optimize-39\">Genie\u00dfen Sie 3 Bonusspiele, darunter Kreuzwortr\u00e4tsel, Kachel-Matching und Solit\u00e4r<\/li>\n<li class=\"whitespace-normal break-words ai-optimize-40\">Verdiene Troph\u00e4en und schalte dekorative Belohnungen frei, um dein pers\u00f6nliches Gartenparadies zu bauen<\/li>\n<li class=\"whitespace-normal break-words ai-optimize-41\">Verwenden Sie den integrierten Musikplayer und die Galerie, um jederzeit Ihre Lieblingssongs und Kunstwerke zu genie\u00dfen<\/li>\n<\/ul>\n","protected":false},"excerpt":{"rendered":"<p>Mit Jixo: Summer Dreams Collector&#8217;s Edition kannst du dich in die idyllische Sommerzeit versetzen!<\/p>\n","protected":false},"author":77,"featured_media":140904,"comment_status":"open","ping_status":"closed","template":"","meta":{"_acf_changed":false,"inline_featured_image":false},"product_brand":[],"product_cat":[164,194],"product_tag":[289],"class_list":{"0":"post-141023","1":"product","2":"type-product","3":"status-publish","4":"has-post-thumbnail","6":"product_cat-hidden-object-de","7":"product_cat-puzzle-de","8":"product_tag-play-on-pc-de","10":"first","11":"instock","12":"shipping-taxable","13":"purchasable","14":"product-type-simple"},"acf":[],"yoast_head":"<!-- This site is optimized with the Yoast SEO Premium plugin v25.2 (Yoast SEO v25.2) - https:\/\/yoast.com\/wordpress\/plugins\/seo\/ -->\n<title>Jixo Summer Dreams CE : Flucht in goldene Tage<\/title>\n<meta name=\"description\" content=\"Mit Jixo: Summer Dreams Collector&#039;s Edition kannst du dich in die idyllische Sommerzeit versetzen!\" \/>\n<meta name=\"robots\" content=\"index, follow, max-snippet:-1, max-image-preview:large, max-video-preview:-1\" \/>\n<link rel=\"canonical\" href=\"https:\/\/www.iplay.com\/de\/games\/jixo-summer-dreams-collectors-edition\/\" \/>\n<meta property=\"og:locale\" content=\"de_DE\" \/>\n<meta property=\"og:type\" content=\"article\" \/>\n<meta property=\"og:title\" content=\"Jixo: Summer Dreams Collector&#039;s Edition\" \/>\n<meta property=\"og:description\" content=\"Mit Jixo: Summer Dreams Collector&#039;s Edition kannst du dich in die idyllische Sommerzeit versetzen!\" \/>\n<meta property=\"og:url\" content=\"https:\/\/www.iplay.com\/de\/games\/jixo-summer-dreams-collectors-edition\/\" \/>\n<meta property=\"og:site_name\" content=\"IPlay\" \/>\n<meta property=\"article:modified_time\" content=\"2025-07-29T11:29:12+00:00\" \/>\n<meta property=\"og:image\" content=\"https:\/\/www.iplay.com\/wp-content\/uploads\/2025\/07\/jixo_-_summer_dreams_ce_large_video_screenshot.webp\" \/>\n\t<meta property=\"og:image:width\" content=\"715\" \/>\n\t<meta property=\"og:image:height\" content=\"485\" \/>\n\t<meta property=\"og:image:type\" content=\"image\/webp\" \/>\n<meta name=\"twitter:card\" content=\"summary_large_image\" \/>\n<meta name=\"twitter:label1\" content=\"Gesch\u00e4tzte Lesezeit\" \/>\n\t<meta name=\"twitter:data1\" content=\"1 Minute\" \/>\n<script type=\"application\/ld+json\" class=\"yoast-schema-graph\">{\"@context\":\"https:\/\/schema.org\",\"@graph\":[{\"@type\":\"WebPage\",\"@id\":\"https:\/\/www.iplay.com\/de\/games\/jixo-summer-dreams-collectors-edition\/\",\"url\":\"https:\/\/www.iplay.com\/de\/games\/jixo-summer-dreams-collectors-edition\/\",\"name\":\"Jixo Summer Dreams CE : Flucht in goldene Tage\",\"isPartOf\":{\"@id\":\"https:\/\/www.iplay.com\/en\/#website\"},\"primaryImageOfPage\":{\"@id\":\"https:\/\/www.iplay.com\/de\/games\/jixo-summer-dreams-collectors-edition\/#primaryimage\"},\"image\":{\"@id\":\"https:\/\/www.iplay.com\/de\/games\/jixo-summer-dreams-collectors-edition\/#primaryimage\"},\"thumbnailUrl\":\"https:\/\/www.iplay.com\/wp-content\/uploads\/2025\/07\/jixo_-_summer_dreams_ce_large_video_screenshot.webp\",\"datePublished\":\"2025-07-25T10:30:08+00:00\",\"dateModified\":\"2025-07-29T11:29:12+00:00\",\"description\":\"Mit Jixo: Summer Dreams Collector's Edition kannst du dich in die idyllische Sommerzeit versetzen!\",\"breadcrumb\":{\"@id\":\"https:\/\/www.iplay.com\/de\/games\/jixo-summer-dreams-collectors-edition\/#breadcrumb\"},\"inLanguage\":\"de-DE\",\"potentialAction\":[{\"@type\":\"ReadAction\",\"target\":[\"https:\/\/www.iplay.com\/de\/games\/jixo-summer-dreams-collectors-edition\/\"]}]},{\"@type\":\"ImageObject\",\"inLanguage\":\"de-DE\",\"@id\":\"https:\/\/www.iplay.com\/de\/games\/jixo-summer-dreams-collectors-edition\/#primaryimage\",\"url\":\"https:\/\/www.iplay.com\/wp-content\/uploads\/2025\/07\/jixo_-_summer_dreams_ce_large_video_screenshot.webp\",\"contentUrl\":\"https:\/\/www.iplay.com\/wp-content\/uploads\/2025\/07\/jixo_-_summer_dreams_ce_large_video_screenshot.webp\",\"width\":715,\"height\":485},{\"@type\":\"BreadcrumbList\",\"@id\":\"https:\/\/www.iplay.com\/de\/games\/jixo-summer-dreams-collectors-edition\/#breadcrumb\",\"itemListElement\":[{\"@type\":\"ListItem\",\"position\":1,\"name\":\"Home\",\"item\":\"https:\/\/www.iplay.com\/de\/home-page-2\/\"},{\"@type\":\"ListItem\",\"position\":2,\"name\":\"Shop\",\"item\":\"https:\/\/www.iplay.com\/en\/shop\/\"},{\"@type\":\"ListItem\",\"position\":3,\"name\":\"Jixo: Summer Dreams Collector&#8217;s Edition\"}]},{\"@type\":\"WebSite\",\"@id\":\"https:\/\/www.iplay.com\/en\/#website\",\"url\":\"https:\/\/www.iplay.com\/en\/\",\"name\":\"IPlay\",\"description\":\"The Best Casual Games!\",\"publisher\":{\"@id\":\"https:\/\/www.iplay.com\/en\/#organization\"},\"potentialAction\":[{\"@type\":\"SearchAction\",\"target\":{\"@type\":\"EntryPoint\",\"urlTemplate\":\"https:\/\/www.iplay.com\/en\/?s={search_term_string}\"},\"query-input\":{\"@type\":\"PropertyValueSpecification\",\"valueRequired\":true,\"valueName\":\"search_term_string\"}}],\"inLanguage\":\"de-DE\"},{\"@type\":\"Organization\",\"@id\":\"https:\/\/www.iplay.com\/en\/#organization\",\"name\":\"IPlay\",\"url\":\"https:\/\/www.iplay.com\/en\/\",\"logo\":{\"@type\":\"ImageObject\",\"inLanguage\":\"de-DE\",\"@id\":\"https:\/\/www.iplay.com\/en\/#\/schema\/logo\/image\/\",\"url\":\"https:\/\/www.iplay.com\/wp-content\/uploads\/2023\/11\/Group-6100.svg\",\"contentUrl\":\"https:\/\/www.iplay.com\/wp-content\/uploads\/2023\/11\/Group-6100.svg\",\"width\":98,\"height\":25,\"caption\":\"IPlay\"},\"image\":{\"@id\":\"https:\/\/www.iplay.com\/en\/#\/schema\/logo\/image\/\"}}]}<\/script>\n<!-- \/ Yoast SEO Premium plugin. -->","yoast_head_json":{"title":"Jixo Summer Dreams CE : Flucht in goldene Tage","description":"Mit Jixo: Summer Dreams Collector's Edition kannst du dich in die idyllische Sommerzeit versetzen!","robots":{"index":"index","follow":"follow","max-snippet":"max-snippet:-1","max-image-preview":"max-image-preview:large","max-video-preview":"max-video-preview:-1"},"canonical":"https:\/\/www.iplay.com\/de\/games\/jixo-summer-dreams-collectors-edition\/","og_locale":"de_DE","og_type":"article","og_title":"Jixo: Summer Dreams Collector's Edition","og_description":"Mit Jixo: Summer Dreams Collector's Edition kannst du dich in die idyllische Sommerzeit versetzen!","og_url":"https:\/\/www.iplay.com\/de\/games\/jixo-summer-dreams-collectors-edition\/","og_site_name":"IPlay","article_modified_time":"2025-07-29T11:29:12+00:00","og_image":[{"width":715,"height":485,"url":"https:\/\/www.iplay.com\/wp-content\/uploads\/2025\/07\/jixo_-_summer_dreams_ce_large_video_screenshot.webp","type":"image\/webp"}],"twitter_card":"summary_large_image","twitter_misc":{"Gesch\u00e4tzte Lesezeit":"1 Minute"},"schema":{"@context":"https:\/\/schema.org","@graph":[{"@type":"WebPage","@id":"https:\/\/www.iplay.com\/de\/games\/jixo-summer-dreams-collectors-edition\/","url":"https:\/\/www.iplay.com\/de\/games\/jixo-summer-dreams-collectors-edition\/","name":"Jixo Summer Dreams CE : Flucht in goldene Tage","isPartOf":{"@id":"https:\/\/www.iplay.com\/en\/#website"},"primaryImageOfPage":{"@id":"https:\/\/www.iplay.com\/de\/games\/jixo-summer-dreams-collectors-edition\/#primaryimage"},"image":{"@id":"https:\/\/www.iplay.com\/de\/games\/jixo-summer-dreams-collectors-edition\/#primaryimage"},"thumbnailUrl":"https:\/\/www.iplay.com\/wp-content\/uploads\/2025\/07\/jixo_-_summer_dreams_ce_large_video_screenshot.webp","datePublished":"2025-07-25T10:30:08+00:00","dateModified":"2025-07-29T11:29:12+00:00","description":"Mit Jixo: Summer Dreams Collector's Edition kannst du dich in die idyllische Sommerzeit versetzen!","breadcrumb":{"@id":"https:\/\/www.iplay.com\/de\/games\/jixo-summer-dreams-collectors-edition\/#breadcrumb"},"inLanguage":"de-DE","potentialAction":[{"@type":"ReadAction","target":["https:\/\/www.iplay.com\/de\/games\/jixo-summer-dreams-collectors-edition\/"]}]},{"@type":"ImageObject","inLanguage":"de-DE","@id":"https:\/\/www.iplay.com\/de\/games\/jixo-summer-dreams-collectors-edition\/#primaryimage","url":"https:\/\/www.iplay.com\/wp-content\/uploads\/2025\/07\/jixo_-_summer_dreams_ce_large_video_screenshot.webp","contentUrl":"https:\/\/www.iplay.com\/wp-content\/uploads\/2025\/07\/jixo_-_summer_dreams_ce_large_video_screenshot.webp","width":715,"height":485},{"@type":"BreadcrumbList","@id":"https:\/\/www.iplay.com\/de\/games\/jixo-summer-dreams-collectors-edition\/#breadcrumb","itemListElement":[{"@type":"ListItem","position":1,"name":"Home","item":"https:\/\/www.iplay.com\/de\/home-page-2\/"},{"@type":"ListItem","position":2,"name":"Shop","item":"https:\/\/www.iplay.com\/en\/shop\/"},{"@type":"ListItem","position":3,"name":"Jixo: Summer Dreams Collector&#8217;s Edition"}]},{"@type":"WebSite","@id":"https:\/\/www.iplay.com\/en\/#website","url":"https:\/\/www.iplay.com\/en\/","name":"IPlay","description":"The Best Casual Games!","publisher":{"@id":"https:\/\/www.iplay.com\/en\/#organization"},"potentialAction":[{"@type":"SearchAction","target":{"@type":"EntryPoint","urlTemplate":"https:\/\/www.iplay.com\/en\/?s={search_term_string}"},"query-input":{"@type":"PropertyValueSpecification","valueRequired":true,"valueName":"search_term_string"}}],"inLanguage":"de-DE"},{"@type":"Organization","@id":"https:\/\/www.iplay.com\/en\/#organization","name":"IPlay","url":"https:\/\/www.iplay.com\/en\/","logo":{"@type":"ImageObject","inLanguage":"de-DE","@id":"https:\/\/www.iplay.com\/en\/#\/schema\/logo\/image\/","url":"https:\/\/www.iplay.com\/wp-content\/uploads\/2023\/11\/Group-6100.svg","contentUrl":"https:\/\/www.iplay.com\/wp-content\/uploads\/2023\/11\/Group-6100.svg","width":98,"height":25,"caption":"IPlay"},"image":{"@id":"https:\/\/www.iplay.com\/en\/#\/schema\/logo\/image\/"}}]}},"_links":{"self":[{"href":"https:\/\/www.iplay.com\/de\/wp-json\/wp\/v2\/product\/141023","targetHints":{"allow":["GET"]}}],"collection":[{"href":"https:\/\/www.iplay.com\/de\/wp-json\/wp\/v2\/product"}],"about":[{"href":"https:\/\/www.iplay.com\/de\/wp-json\/wp\/v2\/types\/product"}],"author":[{"embeddable":true,"href":"https:\/\/www.iplay.com\/de\/wp-json\/wp\/v2\/users\/77"}],"replies":[{"embeddable":true,"href":"https:\/\/www.iplay.com\/de\/wp-json\/wp\/v2\/comments?post=141023"}],"wp:featuredmedia":[{"embeddable":true,"href":"https:\/\/www.iplay.com\/de\/wp-json\/wp\/v2\/media\/140904"}],"wp:attachment":[{"href":"https:\/\/www.iplay.com\/de\/wp-json\/wp\/v2\/media?parent=141023"}],"wp:term":[{"taxonomy":"product_brand","embeddable":true,"href":"https:\/\/www.iplay.com\/de\/wp-json\/wp\/v2\/product_brand?post=141023"},{"taxonomy":"product_cat","embeddable":true,"href":"https:\/\/www.iplay.com\/de\/wp-json\/wp\/v2\/product_cat?post=141023"},{"taxonomy":"product_tag","embeddable":true,"href":"https:\/\/www.iplay.com\/de\/wp-json\/wp\/v2\/product_tag?post=141023"}],"curies":[{"name":"wp","href":"https:\/\/api.w.org\/{rel}","templated":true}]}}