{"id":140433,"date":"2025-07-14T07:30:14","date_gmt":"2025-07-14T07:30:14","guid":{"rendered":"https:\/\/www.iplay.com\/?post_type=product&p=140433"},"modified":"2025-07-11T07:30:14","modified_gmt":"2025-07-11T07:30:14","slug":"pixel-art-81","status":"publish","type":"product","link":"https:\/\/www.iplay.com\/de\/games\/pixel-art-81\/","title":{"rendered":"Pixel Art 81"},"content":{"rendered":"<p class=\"whitespace-normal break-words ai-optimize-29 ai-optimize-introduction\">Du betrittst die Welt von Pixel Art 81 und malst wundersch\u00f6ne Pixelbilder aus. Dieses entspannende Spiel eignet sich f\u00fcr alle Altersgruppen. Sie folgen Zahlen, um jedes Pixel mit Farbe zu f\u00fcllen.  <\/p>\n<p class=\"whitespace-normal break-words ai-optimize-30\">Sie entspannen sich nach einem anstrengenden Tag oder f\u00f6rdern Ihre Kreativit\u00e4t. Sie erhalten 80-Pixel-Bilder, die Sie mit leuchtenden Farben zum Leben erwecken k\u00f6nnen. Sie folgen der Malen-nach-Zahlen-Anleitung, um jedes Bild sch\u00f6n zu gestalten.  <\/p>\n<p class=\"whitespace-normal break-words ai-optimize-31\">Sie machen sich keine Gedanken \u00fcber die Auswahl der Farben &#8211; die Zahlen zeigen Ihnen genau, welche Farben Sie verwenden m\u00fcssen. Sie f\u00fcllen jedes Pixel aus und sehen, wie lustige, landschaftlich reizvolle und kreative Designs erscheinen. Sie schaffen sch\u00f6ne Kunst ohne R\u00e4tselraten.  <\/p>\n<p class=\"whitespace-normal break-words ai-optimize-32\">Mit dem F\u00fcllbereichswerkzeug malen Sie schneller und glatter. Du verbringst mehr Zeit damit, den kreativen Prozess zu genie\u00dfen. Sie sind schneller fertig mit Bildern und f\u00fchlen sich zufriedener.  <\/p>\n<p>&nbsp;<\/p>\n<p class=\"whitespace-normal break-words ai-optimize-33\"><strong>Funktionen<\/strong><\/p>\n<ul class=\"[&amp;:not(:last-child)_ul]:pb-1 [&amp;:not(:last-child)_ol]:pb-1 list-disc space-y-1.5 pl-7\">\n<li class=\"whitespace-normal break-words ai-optimize-34\">80 bunte Pixelbilder mit unterschiedlichen Themen und Designs<\/li>\n<li class=\"whitespace-normal break-words ai-optimize-35\">Einfaches Malen-nach-Zahlen-Spiel &#8211; Sie folgen der Anleitung und malen mit Leichtigkeit<\/li>\n<li class=\"whitespace-normal break-words ai-optimize-36\">F\u00fcllbereichswerkzeug, mit dem Sie schneller malen und perfekt abschlie\u00dfen k\u00f6nnen<\/li>\n<li class=\"whitespace-normal break-words ai-optimize-37\">Einfaches und beruhigendes Design f\u00fcr ein reibungsloses und stressfreies Erlebnis<\/li>\n<li class=\"whitespace-normal break-words ai-optimize-38\">Perfekt zum Entspannen und Erholen, w\u00e4hrend Sie Ihre k\u00fcnstlerische Seite zum Ausdruck bringen<\/li>\n<\/ul>\n<p>&nbsp;<\/p>\n<p class=\"whitespace-normal break-words ai-optimize-39\">Du malst friedliche Landschaften, niedliche Tiere und magische Bilder. Sie tippen einmal, um jedes Pixel zu f\u00fcllen und zu sehen, wie Farben zum Leben erweckt werden. <\/p>\n","protected":false},"excerpt":{"rendered":"<p>Mit Pixel Art 81 kannst du dich entspannen, w\u00e4hrend du lustige Pixel-Kunstwerke ausmalst!<\/p>\n","protected":false},"author":21,"featured_media":140233,"comment_status":"open","ping_status":"closed","template":"","meta":{"_acf_changed":false,"inline_featured_image":false},"product_brand":[],"product_cat":[185],"product_tag":[282,289],"class_list":{"0":"post-140433","1":"product","2":"type-product","3":"status-publish","4":"has-post-thumbnail","6":"product_cat-paint-by-numbers-series-de","7":"product_tag-pixel-art-series-de","8":"product_tag-play-on-pc-de","10":"first","11":"instock","12":"shipping-taxable","13":"purchasable","14":"product-type-simple"},"acf":[],"yoast_head":"<!-- This site is optimized with the Yoast SEO Premium plugin v25.2 (Yoast SEO v25.2) - https:\/\/yoast.com\/wordpress\/plugins\/seo\/ -->\n<title>Pixel Art 81: Entz\u00fcckende Kreationen entspannen &amp; ausmalen<\/title>\n<meta name=\"description\" content=\"Mit Pixel Art 81 kannst du dich entspannen, w\u00e4hrend du lustige Pixel-Kunstwerke ausmalst!\" \/>\n<meta name=\"robots\" content=\"index, follow, max-snippet:-1, max-image-preview:large, max-video-preview:-1\" \/>\n<link rel=\"canonical\" href=\"https:\/\/www.iplay.com\/en\/games\/pixel-art-81\/\" \/>\n<meta property=\"og:locale\" content=\"de_DE\" \/>\n<meta property=\"og:type\" content=\"article\" \/>\n<meta property=\"og:title\" content=\"Pixel Art 81\" \/>\n<meta property=\"og:description\" content=\"Mit Pixel Art 81 kannst du dich entspannen, w\u00e4hrend du lustige Pixel-Kunstwerke ausmalst!\" \/>\n<meta property=\"og:url\" content=\"https:\/\/www.iplay.com\/en\/games\/pixel-art-81\/\" \/>\n<meta property=\"og:site_name\" content=\"IPlay\" \/>\n<meta property=\"og:image\" content=\"https:\/\/www.iplay.com\/wp-content\/uploads\/2025\/07\/pixel_art_81_large_video_screenshot.webp\" \/>\n\t<meta property=\"og:image:width\" content=\"715\" \/>\n\t<meta property=\"og:image:height\" content=\"485\" \/>\n\t<meta property=\"og:image:type\" content=\"image\/webp\" \/>\n<meta name=\"twitter:card\" content=\"summary_large_image\" \/>\n<meta name=\"twitter:label1\" content=\"Gesch\u00e4tzte Lesezeit\" \/>\n\t<meta name=\"twitter:data1\" content=\"1 Minute\" \/>\n<script type=\"application\/ld+json\" class=\"yoast-schema-graph\">{\"@context\":\"https:\/\/schema.org\",\"@graph\":[{\"@type\":\"WebPage\",\"@id\":\"https:\/\/www.iplay.com\/en\/games\/pixel-art-81\/\",\"url\":\"https:\/\/www.iplay.com\/en\/games\/pixel-art-81\/\",\"name\":\"Pixel Art 81: Entz\u00fcckende Kreationen entspannen & ausmalen\",\"isPartOf\":{\"@id\":\"https:\/\/www.iplay.com\/en\/#website\"},\"primaryImageOfPage\":{\"@id\":\"https:\/\/www.iplay.com\/en\/games\/pixel-art-81\/#primaryimage\"},\"image\":{\"@id\":\"https:\/\/www.iplay.com\/en\/games\/pixel-art-81\/#primaryimage\"},\"thumbnailUrl\":\"https:\/\/www.iplay.com\/wp-content\/uploads\/2025\/07\/pixel_art_81_large_video_screenshot.webp\",\"datePublished\":\"2025-07-14T07:30:14+00:00\",\"description\":\"Mit Pixel Art 81 kannst du dich entspannen, w\u00e4hrend du lustige Pixel-Kunstwerke ausmalst!\",\"breadcrumb\":{\"@id\":\"https:\/\/www.iplay.com\/en\/games\/pixel-art-81\/#breadcrumb\"},\"inLanguage\":\"de-DE\",\"potentialAction\":[{\"@type\":\"ReadAction\",\"target\":[\"https:\/\/www.iplay.com\/en\/games\/pixel-art-81\/\"]}]},{\"@type\":\"ImageObject\",\"inLanguage\":\"de-DE\",\"@id\":\"https:\/\/www.iplay.com\/en\/games\/pixel-art-81\/#primaryimage\",\"url\":\"https:\/\/www.iplay.com\/wp-content\/uploads\/2025\/07\/pixel_art_81_large_video_screenshot.webp\",\"contentUrl\":\"https:\/\/www.iplay.com\/wp-content\/uploads\/2025\/07\/pixel_art_81_large_video_screenshot.webp\",\"width\":715,\"height\":485},{\"@type\":\"BreadcrumbList\",\"@id\":\"https:\/\/www.iplay.com\/en\/games\/pixel-art-81\/#breadcrumb\",\"itemListElement\":[{\"@type\":\"ListItem\",\"position\":1,\"name\":\"Home\",\"item\":\"https:\/\/www.iplay.com\/de\/home-page-2\/\"},{\"@type\":\"ListItem\",\"position\":2,\"name\":\"Shop\",\"item\":\"https:\/\/www.iplay.com\/en\/shop\/\"},{\"@type\":\"ListItem\",\"position\":3,\"name\":\"Pixel Art 81\"}]},{\"@type\":\"WebSite\",\"@id\":\"https:\/\/www.iplay.com\/en\/#website\",\"url\":\"https:\/\/www.iplay.com\/en\/\",\"name\":\"IPlay\",\"description\":\"The Best Casual Games!\",\"publisher\":{\"@id\":\"https:\/\/www.iplay.com\/en\/#organization\"},\"potentialAction\":[{\"@type\":\"SearchAction\",\"target\":{\"@type\":\"EntryPoint\",\"urlTemplate\":\"https:\/\/www.iplay.com\/en\/?s={search_term_string}\"},\"query-input\":{\"@type\":\"PropertyValueSpecification\",\"valueRequired\":true,\"valueName\":\"search_term_string\"}}],\"inLanguage\":\"de-DE\"},{\"@type\":\"Organization\",\"@id\":\"https:\/\/www.iplay.com\/en\/#organization\",\"name\":\"IPlay\",\"url\":\"https:\/\/www.iplay.com\/en\/\",\"logo\":{\"@type\":\"ImageObject\",\"inLanguage\":\"de-DE\",\"@id\":\"https:\/\/www.iplay.com\/en\/#\/schema\/logo\/image\/\",\"url\":\"https:\/\/www.iplay.com\/wp-content\/uploads\/2023\/11\/Group-6100.svg\",\"contentUrl\":\"https:\/\/www.iplay.com\/wp-content\/uploads\/2023\/11\/Group-6100.svg\",\"width\":98,\"height\":25,\"caption\":\"IPlay\"},\"image\":{\"@id\":\"https:\/\/www.iplay.com\/en\/#\/schema\/logo\/image\/\"}}]}<\/script>\n<!-- \/ Yoast SEO Premium plugin. -->","yoast_head_json":{"title":"Pixel Art 81: Entz\u00fcckende Kreationen entspannen & ausmalen","description":"Mit Pixel Art 81 kannst du dich entspannen, w\u00e4hrend du lustige Pixel-Kunstwerke ausmalst!","robots":{"index":"index","follow":"follow","max-snippet":"max-snippet:-1","max-image-preview":"max-image-preview:large","max-video-preview":"max-video-preview:-1"},"canonical":"https:\/\/www.iplay.com\/en\/games\/pixel-art-81\/","og_locale":"de_DE","og_type":"article","og_title":"Pixel Art 81","og_description":"Mit Pixel Art 81 kannst du dich entspannen, w\u00e4hrend du lustige Pixel-Kunstwerke ausmalst!","og_url":"https:\/\/www.iplay.com\/en\/games\/pixel-art-81\/","og_site_name":"IPlay","og_image":[{"width":715,"height":485,"url":"https:\/\/www.iplay.com\/wp-content\/uploads\/2025\/07\/pixel_art_81_large_video_screenshot.webp","type":"image\/webp"}],"twitter_card":"summary_large_image","twitter_misc":{"Gesch\u00e4tzte Lesezeit":"1 Minute"},"schema":{"@context":"https:\/\/schema.org","@graph":[{"@type":"WebPage","@id":"https:\/\/www.iplay.com\/en\/games\/pixel-art-81\/","url":"https:\/\/www.iplay.com\/en\/games\/pixel-art-81\/","name":"Pixel Art 81: Entz\u00fcckende Kreationen entspannen & ausmalen","isPartOf":{"@id":"https:\/\/www.iplay.com\/en\/#website"},"primaryImageOfPage":{"@id":"https:\/\/www.iplay.com\/en\/games\/pixel-art-81\/#primaryimage"},"image":{"@id":"https:\/\/www.iplay.com\/en\/games\/pixel-art-81\/#primaryimage"},"thumbnailUrl":"https:\/\/www.iplay.com\/wp-content\/uploads\/2025\/07\/pixel_art_81_large_video_screenshot.webp","datePublished":"2025-07-14T07:30:14+00:00","description":"Mit Pixel Art 81 kannst du dich entspannen, w\u00e4hrend du lustige Pixel-Kunstwerke ausmalst!","breadcrumb":{"@id":"https:\/\/www.iplay.com\/en\/games\/pixel-art-81\/#breadcrumb"},"inLanguage":"de-DE","potentialAction":[{"@type":"ReadAction","target":["https:\/\/www.iplay.com\/en\/games\/pixel-art-81\/"]}]},{"@type":"ImageObject","inLanguage":"de-DE","@id":"https:\/\/www.iplay.com\/en\/games\/pixel-art-81\/#primaryimage","url":"https:\/\/www.iplay.com\/wp-content\/uploads\/2025\/07\/pixel_art_81_large_video_screenshot.webp","contentUrl":"https:\/\/www.iplay.com\/wp-content\/uploads\/2025\/07\/pixel_art_81_large_video_screenshot.webp","width":715,"height":485},{"@type":"BreadcrumbList","@id":"https:\/\/www.iplay.com\/en\/games\/pixel-art-81\/#breadcrumb","itemListElement":[{"@type":"ListItem","position":1,"name":"Home","item":"https:\/\/www.iplay.com\/de\/home-page-2\/"},{"@type":"ListItem","position":2,"name":"Shop","item":"https:\/\/www.iplay.com\/en\/shop\/"},{"@type":"ListItem","position":3,"name":"Pixel Art 81"}]},{"@type":"WebSite","@id":"https:\/\/www.iplay.com\/en\/#website","url":"https:\/\/www.iplay.com\/en\/","name":"IPlay","description":"The Best Casual Games!","publisher":{"@id":"https:\/\/www.iplay.com\/en\/#organization"},"potentialAction":[{"@type":"SearchAction","target":{"@type":"EntryPoint","urlTemplate":"https:\/\/www.iplay.com\/en\/?s={search_term_string}"},"query-input":{"@type":"PropertyValueSpecification","valueRequired":true,"valueName":"search_term_string"}}],"inLanguage":"de-DE"},{"@type":"Organization","@id":"https:\/\/www.iplay.com\/en\/#organization","name":"IPlay","url":"https:\/\/www.iplay.com\/en\/","logo":{"@type":"ImageObject","inLanguage":"de-DE","@id":"https:\/\/www.iplay.com\/en\/#\/schema\/logo\/image\/","url":"https:\/\/www.iplay.com\/wp-content\/uploads\/2023\/11\/Group-6100.svg","contentUrl":"https:\/\/www.iplay.com\/wp-content\/uploads\/2023\/11\/Group-6100.svg","width":98,"height":25,"caption":"IPlay"},"image":{"@id":"https:\/\/www.iplay.com\/en\/#\/schema\/logo\/image\/"}}]}},"_links":{"self":[{"href":"https:\/\/www.iplay.com\/de\/wp-json\/wp\/v2\/product\/140433","targetHints":{"allow":["GET"]}}],"collection":[{"href":"https:\/\/www.iplay.com\/de\/wp-json\/wp\/v2\/product"}],"about":[{"href":"https:\/\/www.iplay.com\/de\/wp-json\/wp\/v2\/types\/product"}],"author":[{"embeddable":true,"href":"https:\/\/www.iplay.com\/de\/wp-json\/wp\/v2\/users\/21"}],"replies":[{"embeddable":true,"href":"https:\/\/www.iplay.com\/de\/wp-json\/wp\/v2\/comments?post=140433"}],"wp:featuredmedia":[{"embeddable":true,"href":"https:\/\/www.iplay.com\/de\/wp-json\/wp\/v2\/media\/140233"}],"wp:attachment":[{"href":"https:\/\/www.iplay.com\/de\/wp-json\/wp\/v2\/media?parent=140433"}],"wp:term":[{"taxonomy":"product_brand","embeddable":true,"href":"https:\/\/www.iplay.com\/de\/wp-json\/wp\/v2\/product_brand?post=140433"},{"taxonomy":"product_cat","embeddable":true,"href":"https:\/\/www.iplay.com\/de\/wp-json\/wp\/v2\/product_cat?post=140433"},{"taxonomy":"product_tag","embeddable":true,"href":"https:\/\/www.iplay.com\/de\/wp-json\/wp\/v2\/product_tag?post=140433"}],"curies":[{"name":"wp","href":"https:\/\/api.w.org\/{rel}","templated":true}]}}