{"id":140429,"date":"2019-05-17T00:00:01","date_gmt":"2019-05-17T00:00:01","guid":{"rendered":"https:\/\/www.iplay.com\/games\/the-keeper-of-antiques-the-imaginary-world-collectors-edition\/"},"modified":"2019-05-17T00:00:01","modified_gmt":"2019-05-17T00:00:01","slug":"the-keeper-of-antiques-the-imaginary-world-collectors-edition","status":"publish","type":"product","link":"https:\/\/www.iplay.com\/de\/games\/the-keeper-of-antiques-the-imaginary-world-collectors-edition\/","title":{"rendered":"The Keeper of Antiques: The Imaginary World Collector&#8217;s Edition"},"content":{"rendered":"<p>Wir laden Sie herzlich ein, in das Reich Ihrer Tr\u00e4ume oder Albtr\u00e4ume einzutauchen? Ein Artefakt, das Menschen in das Reich ihrer gr\u00f6\u00dften Tr\u00e4ume versetzt, wurde von jemandem erweckt. Finde und zerst\u00f6re das Relikt, wenn die Imagin\u00e4re Welt beginnt, die Realit\u00e4t zu \u00fcbernehmen. Kannst du schnell die Welt retten? Entdecke in dieser fesselnden Wimmelbild-Reise!    <\/p>\n<p>&nbsp;<\/p>\n<p>&nbsp;<\/p>\n<p><strong>Funktionen:<\/strong><\/p>\n<p>&nbsp;<\/p>\n<p>&#8211; Begib dich im Bonuskapitel in die fiktive Welt, um Ingrid zu retten!<br \/>\n&#8211; F\u00fcnf verschiedene Arten von Sammlerst\u00fccken sollten im Raum der Artefakte aufbewahrt werden.<br \/>\n&#8211; Sammle Puzzleteile, um die Vergangenheit eines Charakters aufzudecken!<br \/>\n&#8211; Finde Objekte, die sich \u00e4ndern, und schalte Erfolge frei.<br \/>\n&#8211; Genie\u00dfen Sie den Soundtrack, die Konzeptkunst, Hintergrundbilder und Bildschirmschoner.<\/p>\n","protected":false},"excerpt":{"rendered":"<p>Wie in The Keeper of Antiques: The Imaginary World CE erw\u00e4hnt, werden Fantasien wahr.<\/p>\n","protected":false},"author":17,"featured_media":85404,"comment_status":"open","ping_status":"closed","template":"","meta":{"_acf_changed":false,"inline_featured_image":false},"product_brand":[],"product_cat":[164],"product_tag":[289],"class_list":{"0":"post-140429","1":"product","2":"type-product","3":"status-publish","4":"has-post-thumbnail","6":"product_cat-hidden-object-de","7":"product_tag-play-on-pc-de","9":"first","10":"instock","11":"shipping-taxable","12":"purchasable","13":"product-type-simple"},"acf":[],"yoast_head":"<!-- This site is optimized with the Yoast SEO Premium plugin v25.2 (Yoast SEO v25.2) - https:\/\/yoast.com\/wordpress\/plugins\/seo\/ -->\n<title>The Keeper of Antiques: The Imaginary World Collector&#039;s Edition - Verwandeln Sie Fantasien in der Imagin\u00e4ren Welt in die Realit\u00e4t<\/title>\n<meta name=\"description\" content=\"Wie in The Keeper of Antiques: The Imaginary World CE erw\u00e4hnt, werden Fantasien wahr.\" \/>\n<meta name=\"robots\" content=\"index, follow, max-snippet:-1, max-image-preview:large, max-video-preview:-1\" \/>\n<link rel=\"canonical\" href=\"https:\/\/www.iplay.com\/de\/games\/the-keeper-of-antiques-the-imaginary-world-collectors-edition\/\" \/>\n<meta property=\"og:locale\" content=\"de_DE\" \/>\n<meta property=\"og:type\" content=\"article\" \/>\n<meta property=\"og:title\" content=\"The Keeper of Antiques: The Imaginary World Collector&#039;s Edition\" \/>\n<meta property=\"og:description\" content=\"Wie in The Keeper of Antiques: The Imaginary World CE erw\u00e4hnt, werden Fantasien wahr.\" \/>\n<meta property=\"og:url\" content=\"https:\/\/www.iplay.com\/de\/games\/the-keeper-of-antiques-the-imaginary-world-collectors-edition\/\" \/>\n<meta property=\"og:site_name\" content=\"IPlay\" \/>\n<meta property=\"og:image\" content=\"https:\/\/www.iplay.com\/wp-content\/uploads\/2023\/12\/large_square_tile_image-2849.jpg\" \/>\n\t<meta property=\"og:image:width\" content=\"310\" \/>\n\t<meta property=\"og:image:height\" content=\"310\" \/>\n\t<meta property=\"og:image:type\" content=\"image\/jpeg\" \/>\n<meta name=\"twitter:card\" content=\"summary_large_image\" \/>\n<meta name=\"twitter:label1\" content=\"Gesch\u00e4tzte Lesezeit\" \/>\n\t<meta name=\"twitter:data1\" content=\"1 Minute\" \/>\n<script type=\"application\/ld+json\" class=\"yoast-schema-graph\">{\"@context\":\"https:\/\/schema.org\",\"@graph\":[{\"@type\":\"WebPage\",\"@id\":\"https:\/\/www.iplay.com\/de\/games\/the-keeper-of-antiques-the-imaginary-world-collectors-edition\/\",\"url\":\"https:\/\/www.iplay.com\/de\/games\/the-keeper-of-antiques-the-imaginary-world-collectors-edition\/\",\"name\":\"The Keeper of Antiques: The Imaginary World Collector's Edition - Verwandeln Sie Fantasien in der Imagin\u00e4ren Welt in die Realit\u00e4t\",\"isPartOf\":{\"@id\":\"https:\/\/www.iplay.com\/en\/#website\"},\"primaryImageOfPage\":{\"@id\":\"https:\/\/www.iplay.com\/de\/games\/the-keeper-of-antiques-the-imaginary-world-collectors-edition\/#primaryimage\"},\"image\":{\"@id\":\"https:\/\/www.iplay.com\/de\/games\/the-keeper-of-antiques-the-imaginary-world-collectors-edition\/#primaryimage\"},\"thumbnailUrl\":\"https:\/\/www.iplay.com\/wp-content\/uploads\/2023\/12\/large_square_tile_image-2849.jpg\",\"datePublished\":\"2019-05-17T00:00:01+00:00\",\"description\":\"Wie in The Keeper of Antiques: The Imaginary World CE erw\u00e4hnt, werden Fantasien wahr.\",\"breadcrumb\":{\"@id\":\"https:\/\/www.iplay.com\/de\/games\/the-keeper-of-antiques-the-imaginary-world-collectors-edition\/#breadcrumb\"},\"inLanguage\":\"de-DE\",\"potentialAction\":[{\"@type\":\"ReadAction\",\"target\":[\"https:\/\/www.iplay.com\/de\/games\/the-keeper-of-antiques-the-imaginary-world-collectors-edition\/\"]}]},{\"@type\":\"ImageObject\",\"inLanguage\":\"de-DE\",\"@id\":\"https:\/\/www.iplay.com\/de\/games\/the-keeper-of-antiques-the-imaginary-world-collectors-edition\/#primaryimage\",\"url\":\"https:\/\/www.iplay.com\/wp-content\/uploads\/2023\/12\/large_square_tile_image-2849.jpg\",\"contentUrl\":\"https:\/\/www.iplay.com\/wp-content\/uploads\/2023\/12\/large_square_tile_image-2849.jpg\",\"width\":310,\"height\":310},{\"@type\":\"BreadcrumbList\",\"@id\":\"https:\/\/www.iplay.com\/de\/games\/the-keeper-of-antiques-the-imaginary-world-collectors-edition\/#breadcrumb\",\"itemListElement\":[{\"@type\":\"ListItem\",\"position\":1,\"name\":\"Home\",\"item\":\"https:\/\/www.iplay.com\/de\/home-page-2\/\"},{\"@type\":\"ListItem\",\"position\":2,\"name\":\"Shop\",\"item\":\"https:\/\/www.iplay.com\/en\/shop\/\"},{\"@type\":\"ListItem\",\"position\":3,\"name\":\"The Keeper of Antiques: The Imaginary World Collector&#8217;s Edition\"}]},{\"@type\":\"WebSite\",\"@id\":\"https:\/\/www.iplay.com\/en\/#website\",\"url\":\"https:\/\/www.iplay.com\/en\/\",\"name\":\"IPlay\",\"description\":\"The Best Casual Games!\",\"publisher\":{\"@id\":\"https:\/\/www.iplay.com\/en\/#organization\"},\"potentialAction\":[{\"@type\":\"SearchAction\",\"target\":{\"@type\":\"EntryPoint\",\"urlTemplate\":\"https:\/\/www.iplay.com\/en\/?s={search_term_string}\"},\"query-input\":{\"@type\":\"PropertyValueSpecification\",\"valueRequired\":true,\"valueName\":\"search_term_string\"}}],\"inLanguage\":\"de-DE\"},{\"@type\":\"Organization\",\"@id\":\"https:\/\/www.iplay.com\/en\/#organization\",\"name\":\"IPlay\",\"url\":\"https:\/\/www.iplay.com\/en\/\",\"logo\":{\"@type\":\"ImageObject\",\"inLanguage\":\"de-DE\",\"@id\":\"https:\/\/www.iplay.com\/en\/#\/schema\/logo\/image\/\",\"url\":\"https:\/\/www.iplay.com\/wp-content\/uploads\/2023\/11\/Group-6100.svg\",\"contentUrl\":\"https:\/\/www.iplay.com\/wp-content\/uploads\/2023\/11\/Group-6100.svg\",\"width\":98,\"height\":25,\"caption\":\"IPlay\"},\"image\":{\"@id\":\"https:\/\/www.iplay.com\/en\/#\/schema\/logo\/image\/\"}}]}<\/script>\n<!-- \/ Yoast SEO Premium plugin. -->","yoast_head_json":{"title":"The Keeper of Antiques: The Imaginary World Collector's Edition - Verwandeln Sie Fantasien in der Imagin\u00e4ren Welt in die Realit\u00e4t","description":"Wie in The Keeper of Antiques: The Imaginary World CE erw\u00e4hnt, werden Fantasien wahr.","robots":{"index":"index","follow":"follow","max-snippet":"max-snippet:-1","max-image-preview":"max-image-preview:large","max-video-preview":"max-video-preview:-1"},"canonical":"https:\/\/www.iplay.com\/de\/games\/the-keeper-of-antiques-the-imaginary-world-collectors-edition\/","og_locale":"de_DE","og_type":"article","og_title":"The Keeper of Antiques: The Imaginary World Collector's Edition","og_description":"Wie in The Keeper of Antiques: The Imaginary World CE erw\u00e4hnt, werden Fantasien wahr.","og_url":"https:\/\/www.iplay.com\/de\/games\/the-keeper-of-antiques-the-imaginary-world-collectors-edition\/","og_site_name":"IPlay","og_image":[{"width":310,"height":310,"url":"https:\/\/www.iplay.com\/wp-content\/uploads\/2023\/12\/large_square_tile_image-2849.jpg","type":"image\/jpeg"}],"twitter_card":"summary_large_image","twitter_misc":{"Gesch\u00e4tzte Lesezeit":"1 Minute"},"schema":{"@context":"https:\/\/schema.org","@graph":[{"@type":"WebPage","@id":"https:\/\/www.iplay.com\/de\/games\/the-keeper-of-antiques-the-imaginary-world-collectors-edition\/","url":"https:\/\/www.iplay.com\/de\/games\/the-keeper-of-antiques-the-imaginary-world-collectors-edition\/","name":"The Keeper of Antiques: The Imaginary World Collector's Edition - Verwandeln Sie Fantasien in der Imagin\u00e4ren Welt in die Realit\u00e4t","isPartOf":{"@id":"https:\/\/www.iplay.com\/en\/#website"},"primaryImageOfPage":{"@id":"https:\/\/www.iplay.com\/de\/games\/the-keeper-of-antiques-the-imaginary-world-collectors-edition\/#primaryimage"},"image":{"@id":"https:\/\/www.iplay.com\/de\/games\/the-keeper-of-antiques-the-imaginary-world-collectors-edition\/#primaryimage"},"thumbnailUrl":"https:\/\/www.iplay.com\/wp-content\/uploads\/2023\/12\/large_square_tile_image-2849.jpg","datePublished":"2019-05-17T00:00:01+00:00","description":"Wie in The Keeper of Antiques: The Imaginary World CE erw\u00e4hnt, werden Fantasien wahr.","breadcrumb":{"@id":"https:\/\/www.iplay.com\/de\/games\/the-keeper-of-antiques-the-imaginary-world-collectors-edition\/#breadcrumb"},"inLanguage":"de-DE","potentialAction":[{"@type":"ReadAction","target":["https:\/\/www.iplay.com\/de\/games\/the-keeper-of-antiques-the-imaginary-world-collectors-edition\/"]}]},{"@type":"ImageObject","inLanguage":"de-DE","@id":"https:\/\/www.iplay.com\/de\/games\/the-keeper-of-antiques-the-imaginary-world-collectors-edition\/#primaryimage","url":"https:\/\/www.iplay.com\/wp-content\/uploads\/2023\/12\/large_square_tile_image-2849.jpg","contentUrl":"https:\/\/www.iplay.com\/wp-content\/uploads\/2023\/12\/large_square_tile_image-2849.jpg","width":310,"height":310},{"@type":"BreadcrumbList","@id":"https:\/\/www.iplay.com\/de\/games\/the-keeper-of-antiques-the-imaginary-world-collectors-edition\/#breadcrumb","itemListElement":[{"@type":"ListItem","position":1,"name":"Home","item":"https:\/\/www.iplay.com\/de\/home-page-2\/"},{"@type":"ListItem","position":2,"name":"Shop","item":"https:\/\/www.iplay.com\/en\/shop\/"},{"@type":"ListItem","position":3,"name":"The Keeper of Antiques: The Imaginary World Collector&#8217;s Edition"}]},{"@type":"WebSite","@id":"https:\/\/www.iplay.com\/en\/#website","url":"https:\/\/www.iplay.com\/en\/","name":"IPlay","description":"The Best Casual Games!","publisher":{"@id":"https:\/\/www.iplay.com\/en\/#organization"},"potentialAction":[{"@type":"SearchAction","target":{"@type":"EntryPoint","urlTemplate":"https:\/\/www.iplay.com\/en\/?s={search_term_string}"},"query-input":{"@type":"PropertyValueSpecification","valueRequired":true,"valueName":"search_term_string"}}],"inLanguage":"de-DE"},{"@type":"Organization","@id":"https:\/\/www.iplay.com\/en\/#organization","name":"IPlay","url":"https:\/\/www.iplay.com\/en\/","logo":{"@type":"ImageObject","inLanguage":"de-DE","@id":"https:\/\/www.iplay.com\/en\/#\/schema\/logo\/image\/","url":"https:\/\/www.iplay.com\/wp-content\/uploads\/2023\/11\/Group-6100.svg","contentUrl":"https:\/\/www.iplay.com\/wp-content\/uploads\/2023\/11\/Group-6100.svg","width":98,"height":25,"caption":"IPlay"},"image":{"@id":"https:\/\/www.iplay.com\/en\/#\/schema\/logo\/image\/"}}]}},"_links":{"self":[{"href":"https:\/\/www.iplay.com\/de\/wp-json\/wp\/v2\/product\/140429","targetHints":{"allow":["GET"]}}],"collection":[{"href":"https:\/\/www.iplay.com\/de\/wp-json\/wp\/v2\/product"}],"about":[{"href":"https:\/\/www.iplay.com\/de\/wp-json\/wp\/v2\/types\/product"}],"author":[{"embeddable":true,"href":"https:\/\/www.iplay.com\/de\/wp-json\/wp\/v2\/users\/17"}],"replies":[{"embeddable":true,"href":"https:\/\/www.iplay.com\/de\/wp-json\/wp\/v2\/comments?post=140429"}],"wp:featuredmedia":[{"embeddable":true,"href":"https:\/\/www.iplay.com\/de\/wp-json\/wp\/v2\/media\/85404"}],"wp:attachment":[{"href":"https:\/\/www.iplay.com\/de\/wp-json\/wp\/v2\/media?parent=140429"}],"wp:term":[{"taxonomy":"product_brand","embeddable":true,"href":"https:\/\/www.iplay.com\/de\/wp-json\/wp\/v2\/product_brand?post=140429"},{"taxonomy":"product_cat","embeddable":true,"href":"https:\/\/www.iplay.com\/de\/wp-json\/wp\/v2\/product_cat?post=140429"},{"taxonomy":"product_tag","embeddable":true,"href":"https:\/\/www.iplay.com\/de\/wp-json\/wp\/v2\/product_tag?post=140429"}],"curies":[{"name":"wp","href":"https:\/\/api.w.org\/{rel}","templated":true}]}}