{"id":140401,"date":"2019-04-29T00:00:01","date_gmt":"2019-04-29T00:00:01","guid":{"rendered":"https:\/\/www.iplay.com\/games\/hiddenverse-witch-tales-3\/"},"modified":"2019-04-29T00:00:01","modified_gmt":"2019-04-29T00:00:01","slug":"hiddenverse-witch-tales-3","status":"publish","type":"product","link":"https:\/\/www.iplay.com\/de\/games\/hiddenverse-witch-tales-3\/","title":{"rendered":"Hiddenverse: Witch Tales 3"},"content":{"rendered":"<p>Mach dich bereit f\u00fcr das aufregende Ende von Alices Abenteuern! Hilf dieser Amateurhexe dabei, Prinz Florian und seine Verlobte Schneewittchen wieder zusammenzubringen, um seinen Fluch aufzuheben. Und dann die letzte Rache an der b\u00f6sen Hexe Circe, die f\u00fcr die Fl\u00fcche verantwortlich ist!  <\/p>\n<p>&nbsp;<\/p>\n<p>&nbsp;<\/p>\n<p><strong>Funktionen:<\/strong><\/p>\n<p>&nbsp;<\/p>\n<p>&#8211; Eine fesselnde Geschichte in den Genres Wimmelbild, Puzzle und Match-3, die in idyllischen Umgebungen spielt, die von M\u00e4rchen inspiriert sind.<\/p>\n<p>&#8211; Mehr als 100 Spiellevel<\/p>\n<p>&#8211; Unterhaltsame Match-Three- und Paarfindungsspiele<\/p>\n<p>&#8211; \u00dcber zwanzig verschiedene Spielmechaniken.- 500 verschiedene Spielwerkzeuge.<\/p>\n","protected":false},"excerpt":{"rendered":"<p>In Hiddenverse: Witch Tales 3 brichst du den Fluch, der auf dem Prinzen lastet, und musst dich mit der b\u00f6sen Hexe auseinandersetzen.<\/p>\n","protected":false},"author":195,"featured_media":85484,"comment_status":"open","ping_status":"closed","template":"","meta":{"_acf_changed":false,"inline_featured_image":false},"product_brand":[],"product_cat":[164],"product_tag":[289],"class_list":{"0":"post-140401","1":"product","2":"type-product","3":"status-publish","4":"has-post-thumbnail","6":"product_cat-hidden-object-de","7":"product_tag-play-on-pc-de","9":"first","10":"instock","11":"shipping-taxable","12":"purchasable","13":"product-type-simple"},"acf":[],"yoast_head":"<!-- This site is optimized with the Yoast SEO Premium plugin v25.2 (Yoast SEO v25.2) - https:\/\/yoast.com\/wordpress\/plugins\/seo\/ -->\n<title>Hiddenverse: Witch Tales 3 - Den Fluch eines Prinzen bannen<\/title>\n<meta name=\"description\" content=\"In Hiddenverse: Witch Tales 3 brichst du den Fluch, der auf dem Prinzen lastet, und musst dich mit der b\u00f6sen Hexe auseinandersetzen.\" \/>\n<meta name=\"robots\" content=\"index, follow, max-snippet:-1, max-image-preview:large, max-video-preview:-1\" \/>\n<link rel=\"canonical\" href=\"https:\/\/www.iplay.com\/de\/games\/hiddenverse-witch-tales-3\/\" \/>\n<meta property=\"og:locale\" content=\"de_DE\" \/>\n<meta property=\"og:type\" content=\"article\" \/>\n<meta property=\"og:title\" content=\"Hiddenverse: Witch Tales 3\" \/>\n<meta property=\"og:description\" content=\"In Hiddenverse: Witch Tales 3 brichst du den Fluch, der auf dem Prinzen lastet, und musst dich mit der b\u00f6sen Hexe auseinandersetzen.\" \/>\n<meta property=\"og:url\" content=\"https:\/\/www.iplay.com\/de\/games\/hiddenverse-witch-tales-3\/\" \/>\n<meta property=\"og:site_name\" content=\"IPlay\" \/>\n<meta property=\"og:image\" content=\"https:\/\/www.iplay.com\/wp-content\/uploads\/2023\/12\/large_square_tile_image-2854.jpg\" \/>\n\t<meta property=\"og:image:width\" content=\"310\" \/>\n\t<meta property=\"og:image:height\" content=\"310\" \/>\n\t<meta property=\"og:image:type\" content=\"image\/jpeg\" \/>\n<meta name=\"twitter:card\" content=\"summary_large_image\" \/>\n<script type=\"application\/ld+json\" class=\"yoast-schema-graph\">{\"@context\":\"https:\/\/schema.org\",\"@graph\":[{\"@type\":\"WebPage\",\"@id\":\"https:\/\/www.iplay.com\/de\/games\/hiddenverse-witch-tales-3\/\",\"url\":\"https:\/\/www.iplay.com\/de\/games\/hiddenverse-witch-tales-3\/\",\"name\":\"Hiddenverse: Witch Tales 3 - Den Fluch eines Prinzen bannen\",\"isPartOf\":{\"@id\":\"https:\/\/www.iplay.com\/en\/#website\"},\"primaryImageOfPage\":{\"@id\":\"https:\/\/www.iplay.com\/de\/games\/hiddenverse-witch-tales-3\/#primaryimage\"},\"image\":{\"@id\":\"https:\/\/www.iplay.com\/de\/games\/hiddenverse-witch-tales-3\/#primaryimage\"},\"thumbnailUrl\":\"https:\/\/www.iplay.com\/wp-content\/uploads\/2023\/12\/large_square_tile_image-2854.jpg\",\"datePublished\":\"2019-04-29T00:00:01+00:00\",\"description\":\"In Hiddenverse: Witch Tales 3 brichst du den Fluch, der auf dem Prinzen lastet, und musst dich mit der b\u00f6sen Hexe auseinandersetzen.\",\"breadcrumb\":{\"@id\":\"https:\/\/www.iplay.com\/de\/games\/hiddenverse-witch-tales-3\/#breadcrumb\"},\"inLanguage\":\"de-DE\",\"potentialAction\":[{\"@type\":\"ReadAction\",\"target\":[\"https:\/\/www.iplay.com\/de\/games\/hiddenverse-witch-tales-3\/\"]}]},{\"@type\":\"ImageObject\",\"inLanguage\":\"de-DE\",\"@id\":\"https:\/\/www.iplay.com\/de\/games\/hiddenverse-witch-tales-3\/#primaryimage\",\"url\":\"https:\/\/www.iplay.com\/wp-content\/uploads\/2023\/12\/large_square_tile_image-2854.jpg\",\"contentUrl\":\"https:\/\/www.iplay.com\/wp-content\/uploads\/2023\/12\/large_square_tile_image-2854.jpg\",\"width\":310,\"height\":310},{\"@type\":\"BreadcrumbList\",\"@id\":\"https:\/\/www.iplay.com\/de\/games\/hiddenverse-witch-tales-3\/#breadcrumb\",\"itemListElement\":[{\"@type\":\"ListItem\",\"position\":1,\"name\":\"Home\",\"item\":\"https:\/\/www.iplay.com\/de\/home-page-2\/\"},{\"@type\":\"ListItem\",\"position\":2,\"name\":\"Shop\",\"item\":\"https:\/\/www.iplay.com\/en\/shop\/\"},{\"@type\":\"ListItem\",\"position\":3,\"name\":\"Hiddenverse: Witch Tales 3\"}]},{\"@type\":\"WebSite\",\"@id\":\"https:\/\/www.iplay.com\/en\/#website\",\"url\":\"https:\/\/www.iplay.com\/en\/\",\"name\":\"IPlay\",\"description\":\"The Best Casual Games!\",\"publisher\":{\"@id\":\"https:\/\/www.iplay.com\/en\/#organization\"},\"potentialAction\":[{\"@type\":\"SearchAction\",\"target\":{\"@type\":\"EntryPoint\",\"urlTemplate\":\"https:\/\/www.iplay.com\/en\/?s={search_term_string}\"},\"query-input\":{\"@type\":\"PropertyValueSpecification\",\"valueRequired\":true,\"valueName\":\"search_term_string\"}}],\"inLanguage\":\"de-DE\"},{\"@type\":\"Organization\",\"@id\":\"https:\/\/www.iplay.com\/en\/#organization\",\"name\":\"IPlay\",\"url\":\"https:\/\/www.iplay.com\/en\/\",\"logo\":{\"@type\":\"ImageObject\",\"inLanguage\":\"de-DE\",\"@id\":\"https:\/\/www.iplay.com\/en\/#\/schema\/logo\/image\/\",\"url\":\"https:\/\/www.iplay.com\/wp-content\/uploads\/2023\/11\/Group-6100.svg\",\"contentUrl\":\"https:\/\/www.iplay.com\/wp-content\/uploads\/2023\/11\/Group-6100.svg\",\"width\":98,\"height\":25,\"caption\":\"IPlay\"},\"image\":{\"@id\":\"https:\/\/www.iplay.com\/en\/#\/schema\/logo\/image\/\"}}]}<\/script>\n<!-- \/ Yoast SEO Premium plugin. -->","yoast_head_json":{"title":"Hiddenverse: Witch Tales 3 - Den Fluch eines Prinzen bannen","description":"In Hiddenverse: Witch Tales 3 brichst du den Fluch, der auf dem Prinzen lastet, und musst dich mit der b\u00f6sen Hexe auseinandersetzen.","robots":{"index":"index","follow":"follow","max-snippet":"max-snippet:-1","max-image-preview":"max-image-preview:large","max-video-preview":"max-video-preview:-1"},"canonical":"https:\/\/www.iplay.com\/de\/games\/hiddenverse-witch-tales-3\/","og_locale":"de_DE","og_type":"article","og_title":"Hiddenverse: Witch Tales 3","og_description":"In Hiddenverse: Witch Tales 3 brichst du den Fluch, der auf dem Prinzen lastet, und musst dich mit der b\u00f6sen Hexe auseinandersetzen.","og_url":"https:\/\/www.iplay.com\/de\/games\/hiddenverse-witch-tales-3\/","og_site_name":"IPlay","og_image":[{"width":310,"height":310,"url":"https:\/\/www.iplay.com\/wp-content\/uploads\/2023\/12\/large_square_tile_image-2854.jpg","type":"image\/jpeg"}],"twitter_card":"summary_large_image","schema":{"@context":"https:\/\/schema.org","@graph":[{"@type":"WebPage","@id":"https:\/\/www.iplay.com\/de\/games\/hiddenverse-witch-tales-3\/","url":"https:\/\/www.iplay.com\/de\/games\/hiddenverse-witch-tales-3\/","name":"Hiddenverse: Witch Tales 3 - Den Fluch eines Prinzen bannen","isPartOf":{"@id":"https:\/\/www.iplay.com\/en\/#website"},"primaryImageOfPage":{"@id":"https:\/\/www.iplay.com\/de\/games\/hiddenverse-witch-tales-3\/#primaryimage"},"image":{"@id":"https:\/\/www.iplay.com\/de\/games\/hiddenverse-witch-tales-3\/#primaryimage"},"thumbnailUrl":"https:\/\/www.iplay.com\/wp-content\/uploads\/2023\/12\/large_square_tile_image-2854.jpg","datePublished":"2019-04-29T00:00:01+00:00","description":"In Hiddenverse: Witch Tales 3 brichst du den Fluch, der auf dem Prinzen lastet, und musst dich mit der b\u00f6sen Hexe auseinandersetzen.","breadcrumb":{"@id":"https:\/\/www.iplay.com\/de\/games\/hiddenverse-witch-tales-3\/#breadcrumb"},"inLanguage":"de-DE","potentialAction":[{"@type":"ReadAction","target":["https:\/\/www.iplay.com\/de\/games\/hiddenverse-witch-tales-3\/"]}]},{"@type":"ImageObject","inLanguage":"de-DE","@id":"https:\/\/www.iplay.com\/de\/games\/hiddenverse-witch-tales-3\/#primaryimage","url":"https:\/\/www.iplay.com\/wp-content\/uploads\/2023\/12\/large_square_tile_image-2854.jpg","contentUrl":"https:\/\/www.iplay.com\/wp-content\/uploads\/2023\/12\/large_square_tile_image-2854.jpg","width":310,"height":310},{"@type":"BreadcrumbList","@id":"https:\/\/www.iplay.com\/de\/games\/hiddenverse-witch-tales-3\/#breadcrumb","itemListElement":[{"@type":"ListItem","position":1,"name":"Home","item":"https:\/\/www.iplay.com\/de\/home-page-2\/"},{"@type":"ListItem","position":2,"name":"Shop","item":"https:\/\/www.iplay.com\/en\/shop\/"},{"@type":"ListItem","position":3,"name":"Hiddenverse: Witch Tales 3"}]},{"@type":"WebSite","@id":"https:\/\/www.iplay.com\/en\/#website","url":"https:\/\/www.iplay.com\/en\/","name":"IPlay","description":"The Best Casual Games!","publisher":{"@id":"https:\/\/www.iplay.com\/en\/#organization"},"potentialAction":[{"@type":"SearchAction","target":{"@type":"EntryPoint","urlTemplate":"https:\/\/www.iplay.com\/en\/?s={search_term_string}"},"query-input":{"@type":"PropertyValueSpecification","valueRequired":true,"valueName":"search_term_string"}}],"inLanguage":"de-DE"},{"@type":"Organization","@id":"https:\/\/www.iplay.com\/en\/#organization","name":"IPlay","url":"https:\/\/www.iplay.com\/en\/","logo":{"@type":"ImageObject","inLanguage":"de-DE","@id":"https:\/\/www.iplay.com\/en\/#\/schema\/logo\/image\/","url":"https:\/\/www.iplay.com\/wp-content\/uploads\/2023\/11\/Group-6100.svg","contentUrl":"https:\/\/www.iplay.com\/wp-content\/uploads\/2023\/11\/Group-6100.svg","width":98,"height":25,"caption":"IPlay"},"image":{"@id":"https:\/\/www.iplay.com\/en\/#\/schema\/logo\/image\/"}}]}},"_links":{"self":[{"href":"https:\/\/www.iplay.com\/de\/wp-json\/wp\/v2\/product\/140401","targetHints":{"allow":["GET"]}}],"collection":[{"href":"https:\/\/www.iplay.com\/de\/wp-json\/wp\/v2\/product"}],"about":[{"href":"https:\/\/www.iplay.com\/de\/wp-json\/wp\/v2\/types\/product"}],"author":[{"embeddable":true,"href":"https:\/\/www.iplay.com\/de\/wp-json\/wp\/v2\/users\/195"}],"replies":[{"embeddable":true,"href":"https:\/\/www.iplay.com\/de\/wp-json\/wp\/v2\/comments?post=140401"}],"wp:featuredmedia":[{"embeddable":true,"href":"https:\/\/www.iplay.com\/de\/wp-json\/wp\/v2\/media\/85484"}],"wp:attachment":[{"href":"https:\/\/www.iplay.com\/de\/wp-json\/wp\/v2\/media?parent=140401"}],"wp:term":[{"taxonomy":"product_brand","embeddable":true,"href":"https:\/\/www.iplay.com\/de\/wp-json\/wp\/v2\/product_brand?post=140401"},{"taxonomy":"product_cat","embeddable":true,"href":"https:\/\/www.iplay.com\/de\/wp-json\/wp\/v2\/product_cat?post=140401"},{"taxonomy":"product_tag","embeddable":true,"href":"https:\/\/www.iplay.com\/de\/wp-json\/wp\/v2\/product_tag?post=140401"}],"curies":[{"name":"wp","href":"https:\/\/api.w.org\/{rel}","templated":true}]}}