{"id":140346,"date":"2025-07-11T08:30:20","date_gmt":"2025-07-11T08:30:20","guid":{"rendered":"https:\/\/www.iplay.com\/?post_type=product&p=140346"},"modified":"2025-07-11T08:30:20","modified_gmt":"2025-07-11T08:30:20","slug":"spellarium-12","status":"publish","type":"product","link":"https:\/\/www.iplay.com\/de\/games\/spellarium-12\/","title":{"rendered":"Spellarium 12"},"content":{"rendered":"<p class=\"whitespace-normal break-words ai-optimize-26 ai-optimize-introduction\">Du hilfst Eric, das Universum zu retten, als alle Sterne dunkel werden. Der Raum wird leer und nur Eric kann das Licht zur\u00fcckbringen. Du nutzt Kreativit\u00e4t und Logik, um die Sterne wiederherzustellen.  <\/p>\n<p class=\"whitespace-normal break-words ai-optimize-27\">Du spielst 90 neue Match-3-Levels mit besserer Spielmechanik. Du l\u00f6st gl\u00e4nzende R\u00e4tsel und Weltraumherausforderungen, die deine F\u00e4higkeiten auf die Probe stellen. Du spielst auch Minispiele wie Solit\u00e4r, Mahjong, Finde den Unterschied und Puzzles.  <\/p>\n<p class=\"whitespace-normal break-words ai-optimize-28\">Du hilfst Eric, eine magische neue Stadt zu bauen, um das Sternenlicht zu halten. Jedes Geb\u00e4ude, das du erstellst, schaltet neue Geheimnisse und Spielfunktionen frei. Du l\u00f6st R\u00e4tsel und erweckst die Sterne wieder zum Leben.  <\/p>\n<p>&nbsp;<\/p>\n<p class=\"whitespace-normal break-words ai-optimize-29\"><strong>Funktionen<\/strong><\/p>\n<ul class=\"[&amp;:not(:last-child)_ul]:pb-1 [&amp;:not(:last-child)_ol]:pb-1 list-disc space-y-1.5 pl-7\">\n<li class=\"whitespace-normal break-words ai-optimize-30\">90 brandneue Match-3-Levels mit verbesserter Mechanik f\u00fcr frisches, strategisches Gameplay<\/li>\n<li class=\"whitespace-normal break-words ai-optimize-31\">Minispiele, die Sie \u00fcberspringen k\u00f6nnen, darunter Solit\u00e4r, Mahjong, Jigsaw und mehr<\/li>\n<li class=\"whitespace-normal break-words ai-optimize-32\">Baue eine magische Weltraumstadt und stelle die Harmonie des Universums wieder her<\/li>\n<li class=\"whitespace-normal break-words ai-optimize-33\">Folge einer neuen Geschichte voller Wunder und unerwarteter Herausforderungen<\/li>\n<li class=\"whitespace-normal break-words ai-optimize-34\">Mische Logik und Kreativit\u00e4t, w\u00e4hrend du R\u00e4tsel l\u00f6st und die Sterne zur\u00fcckbringst<\/li>\n<\/ul>\n<p>&nbsp;<\/p>\n<p class=\"whitespace-normal break-words ai-optimize-35\">Du entscheidest, ob das Universum sein Licht durch deine F\u00e4higkeiten zum L\u00f6sen von R\u00e4tseln zur\u00fcckbekommt.<\/p>\n","protected":false},"excerpt":{"rendered":"<p class=\"ai-optimize-25\">W\u00e4hrend du in Spellarium 12 Puzzles in einem mysteri\u00f6sen himmlischen Reich kombinierst, konstruierst und l\u00f6st, bringst du Licht zur\u00fcck in die Leere!<\/p>\n","protected":false},"author":40,"featured_media":140259,"comment_status":"open","ping_status":"closed","template":"","meta":{"_acf_changed":false,"inline_featured_image":false},"product_brand":[],"product_cat":[176,194],"product_tag":[289,308],"class_list":{"0":"post-140346","1":"product","2":"type-product","3":"status-publish","4":"has-post-thumbnail","6":"product_cat-match-3-de","7":"product_cat-puzzle-de","8":"product_tag-play-on-pc-de","9":"product_tag-spellarium-series-de","11":"first","12":"instock","13":"shipping-taxable","14":"purchasable","15":"product-type-simple"},"acf":[],"yoast_head":"<!-- This site is optimized with the Yoast SEO Premium plugin v25.2 (Yoast SEO v25.2) - https:\/\/yoast.com\/wordpress\/plugins\/seo\/ -->\n<title>Spellarium 12: Restore Light: Kombiniere, baue und l\u00f6se himmlische R\u00e4tsel<\/title>\n<meta name=\"description\" content=\"W\u00e4hrend du in Spellarium 12 Puzzles in einem mysteri\u00f6sen himmlischen Reich kombinierst, konstruierst und l\u00f6st, bringst du Licht zur\u00fcck in die Leere!\" \/>\n<meta name=\"robots\" content=\"index, follow, max-snippet:-1, max-image-preview:large, max-video-preview:-1\" \/>\n<link rel=\"canonical\" href=\"https:\/\/www.iplay.com\/en\/games\/spellarium-12\/\" \/>\n<meta property=\"og:locale\" content=\"de_DE\" \/>\n<meta property=\"og:type\" content=\"article\" \/>\n<meta property=\"og:title\" content=\"Spellarium 12\" \/>\n<meta property=\"og:description\" content=\"W\u00e4hrend du in Spellarium 12 Puzzles in einem mysteri\u00f6sen himmlischen Reich kombinierst, konstruierst und l\u00f6st, bringst du Licht zur\u00fcck in die Leere!\" \/>\n<meta property=\"og:url\" content=\"https:\/\/www.iplay.com\/en\/games\/spellarium-12\/\" \/>\n<meta property=\"og:site_name\" content=\"IPlay\" \/>\n<meta property=\"og:image\" content=\"https:\/\/www.iplay.com\/wp-content\/uploads\/2025\/07\/spellarium_12_large_video_screenshot.webp\" \/>\n\t<meta property=\"og:image:width\" content=\"715\" \/>\n\t<meta property=\"og:image:height\" content=\"485\" \/>\n\t<meta property=\"og:image:type\" content=\"image\/webp\" \/>\n<meta name=\"twitter:card\" content=\"summary_large_image\" \/>\n<meta name=\"twitter:label1\" content=\"Gesch\u00e4tzte Lesezeit\" \/>\n\t<meta name=\"twitter:data1\" content=\"1 Minute\" \/>\n<script type=\"application\/ld+json\" class=\"yoast-schema-graph\">{\"@context\":\"https:\/\/schema.org\",\"@graph\":[{\"@type\":\"WebPage\",\"@id\":\"https:\/\/www.iplay.com\/en\/games\/spellarium-12\/\",\"url\":\"https:\/\/www.iplay.com\/en\/games\/spellarium-12\/\",\"name\":\"Spellarium 12: Restore Light: Kombiniere, baue und l\u00f6se himmlische R\u00e4tsel\",\"isPartOf\":{\"@id\":\"https:\/\/www.iplay.com\/en\/#website\"},\"primaryImageOfPage\":{\"@id\":\"https:\/\/www.iplay.com\/en\/games\/spellarium-12\/#primaryimage\"},\"image\":{\"@id\":\"https:\/\/www.iplay.com\/en\/games\/spellarium-12\/#primaryimage\"},\"thumbnailUrl\":\"https:\/\/www.iplay.com\/wp-content\/uploads\/2025\/07\/spellarium_12_large_video_screenshot.webp\",\"datePublished\":\"2025-07-11T08:30:20+00:00\",\"description\":\"W\u00e4hrend du in Spellarium 12 Puzzles in einem mysteri\u00f6sen himmlischen Reich kombinierst, konstruierst und l\u00f6st, bringst du Licht zur\u00fcck in die Leere!\",\"breadcrumb\":{\"@id\":\"https:\/\/www.iplay.com\/en\/games\/spellarium-12\/#breadcrumb\"},\"inLanguage\":\"de-DE\",\"potentialAction\":[{\"@type\":\"ReadAction\",\"target\":[\"https:\/\/www.iplay.com\/en\/games\/spellarium-12\/\"]}]},{\"@type\":\"ImageObject\",\"inLanguage\":\"de-DE\",\"@id\":\"https:\/\/www.iplay.com\/en\/games\/spellarium-12\/#primaryimage\",\"url\":\"https:\/\/www.iplay.com\/wp-content\/uploads\/2025\/07\/spellarium_12_large_video_screenshot.webp\",\"contentUrl\":\"https:\/\/www.iplay.com\/wp-content\/uploads\/2025\/07\/spellarium_12_large_video_screenshot.webp\",\"width\":715,\"height\":485},{\"@type\":\"BreadcrumbList\",\"@id\":\"https:\/\/www.iplay.com\/en\/games\/spellarium-12\/#breadcrumb\",\"itemListElement\":[{\"@type\":\"ListItem\",\"position\":1,\"name\":\"Home\",\"item\":\"https:\/\/www.iplay.com\/de\/home-page-2\/\"},{\"@type\":\"ListItem\",\"position\":2,\"name\":\"Shop\",\"item\":\"https:\/\/www.iplay.com\/en\/shop\/\"},{\"@type\":\"ListItem\",\"position\":3,\"name\":\"Spellarium 12\"}]},{\"@type\":\"WebSite\",\"@id\":\"https:\/\/www.iplay.com\/en\/#website\",\"url\":\"https:\/\/www.iplay.com\/en\/\",\"name\":\"IPlay\",\"description\":\"The Best Casual Games!\",\"publisher\":{\"@id\":\"https:\/\/www.iplay.com\/en\/#organization\"},\"potentialAction\":[{\"@type\":\"SearchAction\",\"target\":{\"@type\":\"EntryPoint\",\"urlTemplate\":\"https:\/\/www.iplay.com\/en\/?s={search_term_string}\"},\"query-input\":{\"@type\":\"PropertyValueSpecification\",\"valueRequired\":true,\"valueName\":\"search_term_string\"}}],\"inLanguage\":\"de-DE\"},{\"@type\":\"Organization\",\"@id\":\"https:\/\/www.iplay.com\/en\/#organization\",\"name\":\"IPlay\",\"url\":\"https:\/\/www.iplay.com\/en\/\",\"logo\":{\"@type\":\"ImageObject\",\"inLanguage\":\"de-DE\",\"@id\":\"https:\/\/www.iplay.com\/en\/#\/schema\/logo\/image\/\",\"url\":\"https:\/\/www.iplay.com\/wp-content\/uploads\/2023\/11\/Group-6100.svg\",\"contentUrl\":\"https:\/\/www.iplay.com\/wp-content\/uploads\/2023\/11\/Group-6100.svg\",\"width\":98,\"height\":25,\"caption\":\"IPlay\"},\"image\":{\"@id\":\"https:\/\/www.iplay.com\/en\/#\/schema\/logo\/image\/\"}}]}<\/script>\n<!-- \/ Yoast SEO Premium plugin. -->","yoast_head_json":{"title":"Spellarium 12: Restore Light: Kombiniere, baue und l\u00f6se himmlische R\u00e4tsel","description":"W\u00e4hrend du in Spellarium 12 Puzzles in einem mysteri\u00f6sen himmlischen Reich kombinierst, konstruierst und l\u00f6st, bringst du Licht zur\u00fcck in die Leere!","robots":{"index":"index","follow":"follow","max-snippet":"max-snippet:-1","max-image-preview":"max-image-preview:large","max-video-preview":"max-video-preview:-1"},"canonical":"https:\/\/www.iplay.com\/en\/games\/spellarium-12\/","og_locale":"de_DE","og_type":"article","og_title":"Spellarium 12","og_description":"W\u00e4hrend du in Spellarium 12 Puzzles in einem mysteri\u00f6sen himmlischen Reich kombinierst, konstruierst und l\u00f6st, bringst du Licht zur\u00fcck in die Leere!","og_url":"https:\/\/www.iplay.com\/en\/games\/spellarium-12\/","og_site_name":"IPlay","og_image":[{"width":715,"height":485,"url":"https:\/\/www.iplay.com\/wp-content\/uploads\/2025\/07\/spellarium_12_large_video_screenshot.webp","type":"image\/webp"}],"twitter_card":"summary_large_image","twitter_misc":{"Gesch\u00e4tzte Lesezeit":"1 Minute"},"schema":{"@context":"https:\/\/schema.org","@graph":[{"@type":"WebPage","@id":"https:\/\/www.iplay.com\/en\/games\/spellarium-12\/","url":"https:\/\/www.iplay.com\/en\/games\/spellarium-12\/","name":"Spellarium 12: Restore Light: Kombiniere, baue und l\u00f6se himmlische R\u00e4tsel","isPartOf":{"@id":"https:\/\/www.iplay.com\/en\/#website"},"primaryImageOfPage":{"@id":"https:\/\/www.iplay.com\/en\/games\/spellarium-12\/#primaryimage"},"image":{"@id":"https:\/\/www.iplay.com\/en\/games\/spellarium-12\/#primaryimage"},"thumbnailUrl":"https:\/\/www.iplay.com\/wp-content\/uploads\/2025\/07\/spellarium_12_large_video_screenshot.webp","datePublished":"2025-07-11T08:30:20+00:00","description":"W\u00e4hrend du in Spellarium 12 Puzzles in einem mysteri\u00f6sen himmlischen Reich kombinierst, konstruierst und l\u00f6st, bringst du Licht zur\u00fcck in die Leere!","breadcrumb":{"@id":"https:\/\/www.iplay.com\/en\/games\/spellarium-12\/#breadcrumb"},"inLanguage":"de-DE","potentialAction":[{"@type":"ReadAction","target":["https:\/\/www.iplay.com\/en\/games\/spellarium-12\/"]}]},{"@type":"ImageObject","inLanguage":"de-DE","@id":"https:\/\/www.iplay.com\/en\/games\/spellarium-12\/#primaryimage","url":"https:\/\/www.iplay.com\/wp-content\/uploads\/2025\/07\/spellarium_12_large_video_screenshot.webp","contentUrl":"https:\/\/www.iplay.com\/wp-content\/uploads\/2025\/07\/spellarium_12_large_video_screenshot.webp","width":715,"height":485},{"@type":"BreadcrumbList","@id":"https:\/\/www.iplay.com\/en\/games\/spellarium-12\/#breadcrumb","itemListElement":[{"@type":"ListItem","position":1,"name":"Home","item":"https:\/\/www.iplay.com\/de\/home-page-2\/"},{"@type":"ListItem","position":2,"name":"Shop","item":"https:\/\/www.iplay.com\/en\/shop\/"},{"@type":"ListItem","position":3,"name":"Spellarium 12"}]},{"@type":"WebSite","@id":"https:\/\/www.iplay.com\/en\/#website","url":"https:\/\/www.iplay.com\/en\/","name":"IPlay","description":"The Best Casual Games!","publisher":{"@id":"https:\/\/www.iplay.com\/en\/#organization"},"potentialAction":[{"@type":"SearchAction","target":{"@type":"EntryPoint","urlTemplate":"https:\/\/www.iplay.com\/en\/?s={search_term_string}"},"query-input":{"@type":"PropertyValueSpecification","valueRequired":true,"valueName":"search_term_string"}}],"inLanguage":"de-DE"},{"@type":"Organization","@id":"https:\/\/www.iplay.com\/en\/#organization","name":"IPlay","url":"https:\/\/www.iplay.com\/en\/","logo":{"@type":"ImageObject","inLanguage":"de-DE","@id":"https:\/\/www.iplay.com\/en\/#\/schema\/logo\/image\/","url":"https:\/\/www.iplay.com\/wp-content\/uploads\/2023\/11\/Group-6100.svg","contentUrl":"https:\/\/www.iplay.com\/wp-content\/uploads\/2023\/11\/Group-6100.svg","width":98,"height":25,"caption":"IPlay"},"image":{"@id":"https:\/\/www.iplay.com\/en\/#\/schema\/logo\/image\/"}}]}},"_links":{"self":[{"href":"https:\/\/www.iplay.com\/de\/wp-json\/wp\/v2\/product\/140346","targetHints":{"allow":["GET"]}}],"collection":[{"href":"https:\/\/www.iplay.com\/de\/wp-json\/wp\/v2\/product"}],"about":[{"href":"https:\/\/www.iplay.com\/de\/wp-json\/wp\/v2\/types\/product"}],"author":[{"embeddable":true,"href":"https:\/\/www.iplay.com\/de\/wp-json\/wp\/v2\/users\/40"}],"replies":[{"embeddable":true,"href":"https:\/\/www.iplay.com\/de\/wp-json\/wp\/v2\/comments?post=140346"}],"wp:featuredmedia":[{"embeddable":true,"href":"https:\/\/www.iplay.com\/de\/wp-json\/wp\/v2\/media\/140259"}],"wp:attachment":[{"href":"https:\/\/www.iplay.com\/de\/wp-json\/wp\/v2\/media?parent=140346"}],"wp:term":[{"taxonomy":"product_brand","embeddable":true,"href":"https:\/\/www.iplay.com\/de\/wp-json\/wp\/v2\/product_brand?post=140346"},{"taxonomy":"product_cat","embeddable":true,"href":"https:\/\/www.iplay.com\/de\/wp-json\/wp\/v2\/product_cat?post=140346"},{"taxonomy":"product_tag","embeddable":true,"href":"https:\/\/www.iplay.com\/de\/wp-json\/wp\/v2\/product_tag?post=140346"}],"curies":[{"name":"wp","href":"https:\/\/api.w.org\/{rel}","templated":true}]}}