{"id":140180,"date":"2019-02-08T00:00:00","date_gmt":"2019-02-08T00:00:00","guid":{"rendered":"https:\/\/www.iplay.com\/games\/rainbow-mosaics-11-helpers-valentine\/"},"modified":"2019-02-08T00:00:00","modified_gmt":"2019-02-08T00:00:00","slug":"rainbow-mosaics-11-helpers-valentine","status":"publish","type":"product","link":"https:\/\/www.iplay.com\/de\/games\/rainbow-mosaics-11-helpers-valentine\/","title":{"rendered":"Rainbow Mosaics 11: Helper&#8217;s Valentine"},"content":{"rendered":"<p>Seid gegr\u00fc\u00dft, liebe Freunde! Wieder einmal haben wir den Amazing Robot Helper im Visier! Wir haben ihn zuletzt vor einiger Zeit gesehen, als der Helfer auf dem Weg zur\u00fcck zum Diagnostischen Forschungszentrum fl\u00fcchtete. Der Helfer wurde zuletzt vor kurzem auf dem Recyclinghof gesehen. Roboter, die kaputt oder veraltet sind, werden dort zerquetscht. Wow, warte! Dann, vor unseren Augen, entf\u00fchrte der Helfer ein gebrochenes Roboterm\u00e4dchen. Aber warum? Wenn der Helfer ein Mensch w\u00e4re, k\u00f6nnten wir davon ausgehen, dass unser Held den Roboter reparieren w\u00fcrde, weil er ihn mochte. Der Helfer ist jedoch kein Mensch! Er hat keinen Platz f\u00fcr Emotionen, weil sein Verhalten von Computeralgorithmen diktiert wird! Auf dem Papier. Bleiben Sie auf jeden Fall dran und wir werden herausfinden, was passiert.            <\/p>\n<p>&nbsp;<\/p>\n<p>&nbsp;<\/p>\n<p><strong>Funktionen:<\/strong><\/p>\n<p>&nbsp;<\/p>\n<p>&#8211; Atemberaubende Mosaike in bis zu 6 Farben<br \/>\n&#8211; Unterhaltsames Gameplay in 120 verschiedenen Levels<br \/>\n&#8211; Ein logikbasiertes Spiel<br \/>\n&#8211; Eine Reihe von anpassbaren Power-Ups, die dich w\u00e4hrend des Spiels<br \/>\n unterst\u00fctzen- Farbenfrohe Themenhintergr\u00fcnde<\/p>\n","protected":false},"excerpt":{"rendered":"<p>Hilf dem Roboterhelfer, seinen Schatz zu treffen, indem du Nonogramme l\u00f6st!<\/p>\n","protected":false},"author":16,"featured_media":86076,"comment_status":"open","ping_status":"closed","template":"","meta":{"_acf_changed":false,"inline_featured_image":false},"product_brand":[],"product_cat":[194],"product_tag":[289,352],"class_list":{"0":"post-140180","1":"product","2":"type-product","3":"status-publish","4":"has-post-thumbnail","6":"product_cat-puzzle-de","7":"product_tag-play-on-pc-de","8":"product_tag-valentines-day-de-2","10":"first","11":"instock","12":"shipping-taxable","13":"purchasable","14":"product-type-simple"},"acf":[],"yoast_head":"<!-- This site is optimized with the Yoast SEO Premium plugin v25.2 (Yoast SEO v25.2) - https:\/\/yoast.com\/wordpress\/plugins\/seo\/ -->\n<title>Rainbow Mosaics 11: Helper&#039;s Valentine - L\u00f6se Nonogramme, um dem Roboter Helper zu helfen, seine Liebste zu treffen<\/title>\n<meta name=\"description\" content=\"Hilf dem Roboterhelfer, seinen Schatz zu treffen, indem du Nonogramme l\u00f6st!\" \/>\n<meta name=\"robots\" content=\"index, follow, max-snippet:-1, max-image-preview:large, max-video-preview:-1\" \/>\n<link rel=\"canonical\" href=\"https:\/\/www.iplay.com\/de\/games\/rainbow-mosaics-11-helpers-valentine\/\" \/>\n<meta property=\"og:locale\" content=\"de_DE\" \/>\n<meta property=\"og:type\" content=\"article\" \/>\n<meta property=\"og:title\" content=\"Rainbow Mosaics 11: Helper&#039;s Valentine\" \/>\n<meta property=\"og:description\" content=\"Hilf dem Roboterhelfer, seinen Schatz zu treffen, indem du Nonogramme l\u00f6st!\" \/>\n<meta property=\"og:url\" content=\"https:\/\/www.iplay.com\/de\/games\/rainbow-mosaics-11-helpers-valentine\/\" \/>\n<meta property=\"og:site_name\" content=\"IPlay\" \/>\n<meta property=\"og:image\" content=\"https:\/\/www.iplay.com\/wp-content\/uploads\/2023\/12\/large_square_tile_image-2892.jpg\" \/>\n\t<meta property=\"og:image:width\" content=\"310\" \/>\n\t<meta property=\"og:image:height\" content=\"310\" \/>\n\t<meta property=\"og:image:type\" content=\"image\/jpeg\" \/>\n<meta name=\"twitter:card\" content=\"summary_large_image\" \/>\n<meta name=\"twitter:label1\" content=\"Gesch\u00e4tzte Lesezeit\" \/>\n\t<meta name=\"twitter:data1\" content=\"1 Minute\" \/>\n<script type=\"application\/ld+json\" class=\"yoast-schema-graph\">{\"@context\":\"https:\/\/schema.org\",\"@graph\":[{\"@type\":\"WebPage\",\"@id\":\"https:\/\/www.iplay.com\/de\/games\/rainbow-mosaics-11-helpers-valentine\/\",\"url\":\"https:\/\/www.iplay.com\/de\/games\/rainbow-mosaics-11-helpers-valentine\/\",\"name\":\"Rainbow Mosaics 11: Helper's Valentine - L\u00f6se Nonogramme, um dem Roboter Helper zu helfen, seine Liebste zu treffen\",\"isPartOf\":{\"@id\":\"https:\/\/www.iplay.com\/en\/#website\"},\"primaryImageOfPage\":{\"@id\":\"https:\/\/www.iplay.com\/de\/games\/rainbow-mosaics-11-helpers-valentine\/#primaryimage\"},\"image\":{\"@id\":\"https:\/\/www.iplay.com\/de\/games\/rainbow-mosaics-11-helpers-valentine\/#primaryimage\"},\"thumbnailUrl\":\"https:\/\/www.iplay.com\/wp-content\/uploads\/2023\/12\/large_square_tile_image-2892.jpg\",\"datePublished\":\"2019-02-08T00:00:00+00:00\",\"description\":\"Hilf dem Roboterhelfer, seinen Schatz zu treffen, indem du Nonogramme l\u00f6st!\",\"breadcrumb\":{\"@id\":\"https:\/\/www.iplay.com\/de\/games\/rainbow-mosaics-11-helpers-valentine\/#breadcrumb\"},\"inLanguage\":\"de-DE\",\"potentialAction\":[{\"@type\":\"ReadAction\",\"target\":[\"https:\/\/www.iplay.com\/de\/games\/rainbow-mosaics-11-helpers-valentine\/\"]}]},{\"@type\":\"ImageObject\",\"inLanguage\":\"de-DE\",\"@id\":\"https:\/\/www.iplay.com\/de\/games\/rainbow-mosaics-11-helpers-valentine\/#primaryimage\",\"url\":\"https:\/\/www.iplay.com\/wp-content\/uploads\/2023\/12\/large_square_tile_image-2892.jpg\",\"contentUrl\":\"https:\/\/www.iplay.com\/wp-content\/uploads\/2023\/12\/large_square_tile_image-2892.jpg\",\"width\":310,\"height\":310},{\"@type\":\"BreadcrumbList\",\"@id\":\"https:\/\/www.iplay.com\/de\/games\/rainbow-mosaics-11-helpers-valentine\/#breadcrumb\",\"itemListElement\":[{\"@type\":\"ListItem\",\"position\":1,\"name\":\"Home\",\"item\":\"https:\/\/www.iplay.com\/de\/home-page-2\/\"},{\"@type\":\"ListItem\",\"position\":2,\"name\":\"Shop\",\"item\":\"https:\/\/www.iplay.com\/en\/shop\/\"},{\"@type\":\"ListItem\",\"position\":3,\"name\":\"Rainbow Mosaics 11: Helper&#8217;s Valentine\"}]},{\"@type\":\"WebSite\",\"@id\":\"https:\/\/www.iplay.com\/en\/#website\",\"url\":\"https:\/\/www.iplay.com\/en\/\",\"name\":\"IPlay\",\"description\":\"The Best Casual Games!\",\"publisher\":{\"@id\":\"https:\/\/www.iplay.com\/en\/#organization\"},\"potentialAction\":[{\"@type\":\"SearchAction\",\"target\":{\"@type\":\"EntryPoint\",\"urlTemplate\":\"https:\/\/www.iplay.com\/en\/?s={search_term_string}\"},\"query-input\":{\"@type\":\"PropertyValueSpecification\",\"valueRequired\":true,\"valueName\":\"search_term_string\"}}],\"inLanguage\":\"de-DE\"},{\"@type\":\"Organization\",\"@id\":\"https:\/\/www.iplay.com\/en\/#organization\",\"name\":\"IPlay\",\"url\":\"https:\/\/www.iplay.com\/en\/\",\"logo\":{\"@type\":\"ImageObject\",\"inLanguage\":\"de-DE\",\"@id\":\"https:\/\/www.iplay.com\/en\/#\/schema\/logo\/image\/\",\"url\":\"https:\/\/www.iplay.com\/wp-content\/uploads\/2023\/11\/Group-6100.svg\",\"contentUrl\":\"https:\/\/www.iplay.com\/wp-content\/uploads\/2023\/11\/Group-6100.svg\",\"width\":98,\"height\":25,\"caption\":\"IPlay\"},\"image\":{\"@id\":\"https:\/\/www.iplay.com\/en\/#\/schema\/logo\/image\/\"}}]}<\/script>\n<!-- \/ Yoast SEO Premium plugin. -->","yoast_head_json":{"title":"Rainbow Mosaics 11: Helper's Valentine - L\u00f6se Nonogramme, um dem Roboter Helper zu helfen, seine Liebste zu treffen","description":"Hilf dem Roboterhelfer, seinen Schatz zu treffen, indem du Nonogramme l\u00f6st!","robots":{"index":"index","follow":"follow","max-snippet":"max-snippet:-1","max-image-preview":"max-image-preview:large","max-video-preview":"max-video-preview:-1"},"canonical":"https:\/\/www.iplay.com\/de\/games\/rainbow-mosaics-11-helpers-valentine\/","og_locale":"de_DE","og_type":"article","og_title":"Rainbow Mosaics 11: Helper's Valentine","og_description":"Hilf dem Roboterhelfer, seinen Schatz zu treffen, indem du Nonogramme l\u00f6st!","og_url":"https:\/\/www.iplay.com\/de\/games\/rainbow-mosaics-11-helpers-valentine\/","og_site_name":"IPlay","og_image":[{"width":310,"height":310,"url":"https:\/\/www.iplay.com\/wp-content\/uploads\/2023\/12\/large_square_tile_image-2892.jpg","type":"image\/jpeg"}],"twitter_card":"summary_large_image","twitter_misc":{"Gesch\u00e4tzte Lesezeit":"1 Minute"},"schema":{"@context":"https:\/\/schema.org","@graph":[{"@type":"WebPage","@id":"https:\/\/www.iplay.com\/de\/games\/rainbow-mosaics-11-helpers-valentine\/","url":"https:\/\/www.iplay.com\/de\/games\/rainbow-mosaics-11-helpers-valentine\/","name":"Rainbow Mosaics 11: Helper's Valentine - L\u00f6se Nonogramme, um dem Roboter Helper zu helfen, seine Liebste zu treffen","isPartOf":{"@id":"https:\/\/www.iplay.com\/en\/#website"},"primaryImageOfPage":{"@id":"https:\/\/www.iplay.com\/de\/games\/rainbow-mosaics-11-helpers-valentine\/#primaryimage"},"image":{"@id":"https:\/\/www.iplay.com\/de\/games\/rainbow-mosaics-11-helpers-valentine\/#primaryimage"},"thumbnailUrl":"https:\/\/www.iplay.com\/wp-content\/uploads\/2023\/12\/large_square_tile_image-2892.jpg","datePublished":"2019-02-08T00:00:00+00:00","description":"Hilf dem Roboterhelfer, seinen Schatz zu treffen, indem du Nonogramme l\u00f6st!","breadcrumb":{"@id":"https:\/\/www.iplay.com\/de\/games\/rainbow-mosaics-11-helpers-valentine\/#breadcrumb"},"inLanguage":"de-DE","potentialAction":[{"@type":"ReadAction","target":["https:\/\/www.iplay.com\/de\/games\/rainbow-mosaics-11-helpers-valentine\/"]}]},{"@type":"ImageObject","inLanguage":"de-DE","@id":"https:\/\/www.iplay.com\/de\/games\/rainbow-mosaics-11-helpers-valentine\/#primaryimage","url":"https:\/\/www.iplay.com\/wp-content\/uploads\/2023\/12\/large_square_tile_image-2892.jpg","contentUrl":"https:\/\/www.iplay.com\/wp-content\/uploads\/2023\/12\/large_square_tile_image-2892.jpg","width":310,"height":310},{"@type":"BreadcrumbList","@id":"https:\/\/www.iplay.com\/de\/games\/rainbow-mosaics-11-helpers-valentine\/#breadcrumb","itemListElement":[{"@type":"ListItem","position":1,"name":"Home","item":"https:\/\/www.iplay.com\/de\/home-page-2\/"},{"@type":"ListItem","position":2,"name":"Shop","item":"https:\/\/www.iplay.com\/en\/shop\/"},{"@type":"ListItem","position":3,"name":"Rainbow Mosaics 11: Helper&#8217;s Valentine"}]},{"@type":"WebSite","@id":"https:\/\/www.iplay.com\/en\/#website","url":"https:\/\/www.iplay.com\/en\/","name":"IPlay","description":"The Best Casual Games!","publisher":{"@id":"https:\/\/www.iplay.com\/en\/#organization"},"potentialAction":[{"@type":"SearchAction","target":{"@type":"EntryPoint","urlTemplate":"https:\/\/www.iplay.com\/en\/?s={search_term_string}"},"query-input":{"@type":"PropertyValueSpecification","valueRequired":true,"valueName":"search_term_string"}}],"inLanguage":"de-DE"},{"@type":"Organization","@id":"https:\/\/www.iplay.com\/en\/#organization","name":"IPlay","url":"https:\/\/www.iplay.com\/en\/","logo":{"@type":"ImageObject","inLanguage":"de-DE","@id":"https:\/\/www.iplay.com\/en\/#\/schema\/logo\/image\/","url":"https:\/\/www.iplay.com\/wp-content\/uploads\/2023\/11\/Group-6100.svg","contentUrl":"https:\/\/www.iplay.com\/wp-content\/uploads\/2023\/11\/Group-6100.svg","width":98,"height":25,"caption":"IPlay"},"image":{"@id":"https:\/\/www.iplay.com\/en\/#\/schema\/logo\/image\/"}}]}},"_links":{"self":[{"href":"https:\/\/www.iplay.com\/de\/wp-json\/wp\/v2\/product\/140180","targetHints":{"allow":["GET"]}}],"collection":[{"href":"https:\/\/www.iplay.com\/de\/wp-json\/wp\/v2\/product"}],"about":[{"href":"https:\/\/www.iplay.com\/de\/wp-json\/wp\/v2\/types\/product"}],"author":[{"embeddable":true,"href":"https:\/\/www.iplay.com\/de\/wp-json\/wp\/v2\/users\/16"}],"replies":[{"embeddable":true,"href":"https:\/\/www.iplay.com\/de\/wp-json\/wp\/v2\/comments?post=140180"}],"wp:featuredmedia":[{"embeddable":true,"href":"https:\/\/www.iplay.com\/de\/wp-json\/wp\/v2\/media\/86076"}],"wp:attachment":[{"href":"https:\/\/www.iplay.com\/de\/wp-json\/wp\/v2\/media?parent=140180"}],"wp:term":[{"taxonomy":"product_brand","embeddable":true,"href":"https:\/\/www.iplay.com\/de\/wp-json\/wp\/v2\/product_brand?post=140180"},{"taxonomy":"product_cat","embeddable":true,"href":"https:\/\/www.iplay.com\/de\/wp-json\/wp\/v2\/product_cat?post=140180"},{"taxonomy":"product_tag","embeddable":true,"href":"https:\/\/www.iplay.com\/de\/wp-json\/wp\/v2\/product_tag?post=140180"}],"curies":[{"name":"wp","href":"https:\/\/api.w.org\/{rel}","templated":true}]}}