{"id":140128,"date":"2019-07-15T00:00:00","date_gmt":"2019-07-15T00:00:00","guid":{"rendered":"https:\/\/www.iplay.com\/games\/labyrinths-of-the-world-the-devils-tower-collectors-edition\/"},"modified":"2019-07-15T00:00:00","modified_gmt":"2019-07-15T00:00:00","slug":"labyrinths-of-the-world-the-devils-tower-collectors-edition","status":"publish","type":"product","link":"https:\/\/www.iplay.com\/de\/games\/labyrinths-of-the-world-the-devils-tower-collectors-edition\/","title":{"rendered":"Labyrinths of the World: The Devil&#8217;s Tower Collector&#8217;s Edition"},"content":{"rendered":"<p>Erfreuen Sie sich an der neuesten Ver\u00f6ffentlichung <em>von Labyrinths of the World<\/em> ! Es ist an der Zeit herauszufinden, ob dein Geschwisterkind deine Identit\u00e4t als Sucher teilt! Eine Armee von einem anderen Planeten dringt unerwartet in deinen eigenen ein und beendet deinen Roadurlaub abrupt! Kannst du die M\u00e4chte des B\u00f6sen aufhalten und die Welten rechtzeitig retten, angef\u00fchrt von einem t\u00f6dlichen Gott? Finde es in diesem spannenden Wimmelbild-Abenteuer heraus!    <\/p>\n<p>&nbsp;<\/p>\n<p>&nbsp;<\/p>\n<p><strong>Funktionen:<\/strong><\/p>\n<p>&nbsp;<\/p>\n<p>&#8211; Rette im Extrakapitel Trittas Sohn vor Sanderion!<br \/>\n&#8211; Zahlreiche versteckte Gegenst\u00e4nde, darunter Diamanten, Pflanzen und Antiquit\u00e4ten!<br \/>\n&#8211; Erlange Anerkennung f\u00fcr dein au\u00dferirdisches Gameplay!<br \/>\n&#8211; Erfreue dich an einzigartigen Konzeptzeichnungen, Hintergrundbildern und Musik!<br \/>\n&#8211; Mit dem Strategieleitfaden wirst du dich nie verlaufen!<\/p>\n","protected":false},"excerpt":{"rendered":"<p>Kannst du eine eifers\u00fcchtige Gottheit davon abhalten, die Reiche zu zerst\u00f6ren? Im Teufelsturm, Labyrinthe der Welt, CE <\/p>\n","protected":false},"author":17,"featured_media":93157,"comment_status":"open","ping_status":"closed","template":"","meta":{"_acf_changed":false,"inline_featured_image":false},"product_brand":[],"product_cat":[164],"product_tag":[289],"class_list":{"0":"post-140128","1":"product","2":"type-product","3":"status-publish","4":"has-post-thumbnail","6":"product_cat-hidden-object-de","7":"product_tag-play-on-pc-de","9":"first","10":"instock","11":"shipping-taxable","12":"purchasable","13":"product-type-simple"},"acf":[],"yoast_head":"<!-- This site is optimized with the Yoast SEO Premium plugin v25.2 (Yoast SEO v25.2) - https:\/\/yoast.com\/wordpress\/plugins\/seo\/ -->\n<title>Labyrinths of the World: The Devil&#039;s Tower Collector&#039;s Edition - Kannst du alle Reiche vor einem rachs\u00fcchtigen Gott retten?<\/title>\n<meta name=\"description\" content=\"Kannst du eine eifers\u00fcchtige Gottheit davon abhalten, die Reiche zu zerst\u00f6ren? Im Teufelsturm, Labyrinthe der Welt, CE\" \/>\n<meta name=\"robots\" content=\"index, follow, max-snippet:-1, max-image-preview:large, max-video-preview:-1\" \/>\n<link rel=\"canonical\" href=\"https:\/\/www.iplay.com\/de\/games\/labyrinths-of-the-world-the-devils-tower-collectors-edition\/\" \/>\n<meta property=\"og:locale\" content=\"de_DE\" \/>\n<meta property=\"og:type\" content=\"article\" \/>\n<meta property=\"og:title\" content=\"Labyrinths of the World: The Devil&#039;s Tower Collector&#039;s Edition\" \/>\n<meta property=\"og:description\" content=\"Kannst du eine eifers\u00fcchtige Gottheit davon abhalten, die Reiche zu zerst\u00f6ren? Im Teufelsturm, Labyrinthe der Welt, CE\" \/>\n<meta property=\"og:url\" content=\"https:\/\/www.iplay.com\/de\/games\/labyrinths-of-the-world-the-devils-tower-collectors-edition\/\" \/>\n<meta property=\"og:site_name\" content=\"IPlay\" \/>\n<meta property=\"og:image\" content=\"https:\/\/www.iplay.com\/wp-content\/uploads\/2023\/12\/large_square_tile_image-3336.jpg\" \/>\n\t<meta property=\"og:image:width\" content=\"310\" \/>\n\t<meta property=\"og:image:height\" content=\"310\" \/>\n\t<meta property=\"og:image:type\" content=\"image\/jpeg\" \/>\n<meta name=\"twitter:card\" content=\"summary_large_image\" \/>\n<meta name=\"twitter:label1\" content=\"Gesch\u00e4tzte Lesezeit\" \/>\n\t<meta name=\"twitter:data1\" content=\"1 Minute\" \/>\n<script type=\"application\/ld+json\" class=\"yoast-schema-graph\">{\"@context\":\"https:\/\/schema.org\",\"@graph\":[{\"@type\":\"WebPage\",\"@id\":\"https:\/\/www.iplay.com\/de\/games\/labyrinths-of-the-world-the-devils-tower-collectors-edition\/\",\"url\":\"https:\/\/www.iplay.com\/de\/games\/labyrinths-of-the-world-the-devils-tower-collectors-edition\/\",\"name\":\"Labyrinths of the World: The Devil's Tower Collector's Edition - Kannst du alle Reiche vor einem rachs\u00fcchtigen Gott retten?\",\"isPartOf\":{\"@id\":\"https:\/\/www.iplay.com\/en\/#website\"},\"primaryImageOfPage\":{\"@id\":\"https:\/\/www.iplay.com\/de\/games\/labyrinths-of-the-world-the-devils-tower-collectors-edition\/#primaryimage\"},\"image\":{\"@id\":\"https:\/\/www.iplay.com\/de\/games\/labyrinths-of-the-world-the-devils-tower-collectors-edition\/#primaryimage\"},\"thumbnailUrl\":\"https:\/\/www.iplay.com\/wp-content\/uploads\/2023\/12\/large_square_tile_image-3336.jpg\",\"datePublished\":\"2019-07-15T00:00:00+00:00\",\"description\":\"Kannst du eine eifers\u00fcchtige Gottheit davon abhalten, die Reiche zu zerst\u00f6ren? Im Teufelsturm, Labyrinthe der Welt, CE\",\"breadcrumb\":{\"@id\":\"https:\/\/www.iplay.com\/de\/games\/labyrinths-of-the-world-the-devils-tower-collectors-edition\/#breadcrumb\"},\"inLanguage\":\"de-DE\",\"potentialAction\":[{\"@type\":\"ReadAction\",\"target\":[\"https:\/\/www.iplay.com\/de\/games\/labyrinths-of-the-world-the-devils-tower-collectors-edition\/\"]}]},{\"@type\":\"ImageObject\",\"inLanguage\":\"de-DE\",\"@id\":\"https:\/\/www.iplay.com\/de\/games\/labyrinths-of-the-world-the-devils-tower-collectors-edition\/#primaryimage\",\"url\":\"https:\/\/www.iplay.com\/wp-content\/uploads\/2023\/12\/large_square_tile_image-3336.jpg\",\"contentUrl\":\"https:\/\/www.iplay.com\/wp-content\/uploads\/2023\/12\/large_square_tile_image-3336.jpg\",\"width\":310,\"height\":310},{\"@type\":\"BreadcrumbList\",\"@id\":\"https:\/\/www.iplay.com\/de\/games\/labyrinths-of-the-world-the-devils-tower-collectors-edition\/#breadcrumb\",\"itemListElement\":[{\"@type\":\"ListItem\",\"position\":1,\"name\":\"Home\",\"item\":\"https:\/\/www.iplay.com\/de\/home-page-2\/\"},{\"@type\":\"ListItem\",\"position\":2,\"name\":\"Shop\",\"item\":\"https:\/\/www.iplay.com\/en\/shop\/\"},{\"@type\":\"ListItem\",\"position\":3,\"name\":\"Labyrinths of the World: The Devil&#8217;s Tower Collector&#8217;s Edition\"}]},{\"@type\":\"WebSite\",\"@id\":\"https:\/\/www.iplay.com\/en\/#website\",\"url\":\"https:\/\/www.iplay.com\/en\/\",\"name\":\"IPlay\",\"description\":\"The Best Casual Games!\",\"publisher\":{\"@id\":\"https:\/\/www.iplay.com\/en\/#organization\"},\"potentialAction\":[{\"@type\":\"SearchAction\",\"target\":{\"@type\":\"EntryPoint\",\"urlTemplate\":\"https:\/\/www.iplay.com\/en\/?s={search_term_string}\"},\"query-input\":{\"@type\":\"PropertyValueSpecification\",\"valueRequired\":true,\"valueName\":\"search_term_string\"}}],\"inLanguage\":\"de-DE\"},{\"@type\":\"Organization\",\"@id\":\"https:\/\/www.iplay.com\/en\/#organization\",\"name\":\"IPlay\",\"url\":\"https:\/\/www.iplay.com\/en\/\",\"logo\":{\"@type\":\"ImageObject\",\"inLanguage\":\"de-DE\",\"@id\":\"https:\/\/www.iplay.com\/en\/#\/schema\/logo\/image\/\",\"url\":\"https:\/\/www.iplay.com\/wp-content\/uploads\/2023\/11\/Group-6100.svg\",\"contentUrl\":\"https:\/\/www.iplay.com\/wp-content\/uploads\/2023\/11\/Group-6100.svg\",\"width\":98,\"height\":25,\"caption\":\"IPlay\"},\"image\":{\"@id\":\"https:\/\/www.iplay.com\/en\/#\/schema\/logo\/image\/\"}}]}<\/script>\n<!-- \/ Yoast SEO Premium plugin. -->","yoast_head_json":{"title":"Labyrinths of the World: The Devil's Tower Collector's Edition - Kannst du alle Reiche vor einem rachs\u00fcchtigen Gott retten?","description":"Kannst du eine eifers\u00fcchtige Gottheit davon abhalten, die Reiche zu zerst\u00f6ren? Im Teufelsturm, Labyrinthe der Welt, CE","robots":{"index":"index","follow":"follow","max-snippet":"max-snippet:-1","max-image-preview":"max-image-preview:large","max-video-preview":"max-video-preview:-1"},"canonical":"https:\/\/www.iplay.com\/de\/games\/labyrinths-of-the-world-the-devils-tower-collectors-edition\/","og_locale":"de_DE","og_type":"article","og_title":"Labyrinths of the World: The Devil's Tower Collector's Edition","og_description":"Kannst du eine eifers\u00fcchtige Gottheit davon abhalten, die Reiche zu zerst\u00f6ren? Im Teufelsturm, Labyrinthe der Welt, CE","og_url":"https:\/\/www.iplay.com\/de\/games\/labyrinths-of-the-world-the-devils-tower-collectors-edition\/","og_site_name":"IPlay","og_image":[{"width":310,"height":310,"url":"https:\/\/www.iplay.com\/wp-content\/uploads\/2023\/12\/large_square_tile_image-3336.jpg","type":"image\/jpeg"}],"twitter_card":"summary_large_image","twitter_misc":{"Gesch\u00e4tzte Lesezeit":"1 Minute"},"schema":{"@context":"https:\/\/schema.org","@graph":[{"@type":"WebPage","@id":"https:\/\/www.iplay.com\/de\/games\/labyrinths-of-the-world-the-devils-tower-collectors-edition\/","url":"https:\/\/www.iplay.com\/de\/games\/labyrinths-of-the-world-the-devils-tower-collectors-edition\/","name":"Labyrinths of the World: The Devil's Tower Collector's Edition - Kannst du alle Reiche vor einem rachs\u00fcchtigen Gott retten?","isPartOf":{"@id":"https:\/\/www.iplay.com\/en\/#website"},"primaryImageOfPage":{"@id":"https:\/\/www.iplay.com\/de\/games\/labyrinths-of-the-world-the-devils-tower-collectors-edition\/#primaryimage"},"image":{"@id":"https:\/\/www.iplay.com\/de\/games\/labyrinths-of-the-world-the-devils-tower-collectors-edition\/#primaryimage"},"thumbnailUrl":"https:\/\/www.iplay.com\/wp-content\/uploads\/2023\/12\/large_square_tile_image-3336.jpg","datePublished":"2019-07-15T00:00:00+00:00","description":"Kannst du eine eifers\u00fcchtige Gottheit davon abhalten, die Reiche zu zerst\u00f6ren? Im Teufelsturm, Labyrinthe der Welt, CE","breadcrumb":{"@id":"https:\/\/www.iplay.com\/de\/games\/labyrinths-of-the-world-the-devils-tower-collectors-edition\/#breadcrumb"},"inLanguage":"de-DE","potentialAction":[{"@type":"ReadAction","target":["https:\/\/www.iplay.com\/de\/games\/labyrinths-of-the-world-the-devils-tower-collectors-edition\/"]}]},{"@type":"ImageObject","inLanguage":"de-DE","@id":"https:\/\/www.iplay.com\/de\/games\/labyrinths-of-the-world-the-devils-tower-collectors-edition\/#primaryimage","url":"https:\/\/www.iplay.com\/wp-content\/uploads\/2023\/12\/large_square_tile_image-3336.jpg","contentUrl":"https:\/\/www.iplay.com\/wp-content\/uploads\/2023\/12\/large_square_tile_image-3336.jpg","width":310,"height":310},{"@type":"BreadcrumbList","@id":"https:\/\/www.iplay.com\/de\/games\/labyrinths-of-the-world-the-devils-tower-collectors-edition\/#breadcrumb","itemListElement":[{"@type":"ListItem","position":1,"name":"Home","item":"https:\/\/www.iplay.com\/de\/home-page-2\/"},{"@type":"ListItem","position":2,"name":"Shop","item":"https:\/\/www.iplay.com\/en\/shop\/"},{"@type":"ListItem","position":3,"name":"Labyrinths of the World: The Devil&#8217;s Tower Collector&#8217;s Edition"}]},{"@type":"WebSite","@id":"https:\/\/www.iplay.com\/en\/#website","url":"https:\/\/www.iplay.com\/en\/","name":"IPlay","description":"The Best Casual Games!","publisher":{"@id":"https:\/\/www.iplay.com\/en\/#organization"},"potentialAction":[{"@type":"SearchAction","target":{"@type":"EntryPoint","urlTemplate":"https:\/\/www.iplay.com\/en\/?s={search_term_string}"},"query-input":{"@type":"PropertyValueSpecification","valueRequired":true,"valueName":"search_term_string"}}],"inLanguage":"de-DE"},{"@type":"Organization","@id":"https:\/\/www.iplay.com\/en\/#organization","name":"IPlay","url":"https:\/\/www.iplay.com\/en\/","logo":{"@type":"ImageObject","inLanguage":"de-DE","@id":"https:\/\/www.iplay.com\/en\/#\/schema\/logo\/image\/","url":"https:\/\/www.iplay.com\/wp-content\/uploads\/2023\/11\/Group-6100.svg","contentUrl":"https:\/\/www.iplay.com\/wp-content\/uploads\/2023\/11\/Group-6100.svg","width":98,"height":25,"caption":"IPlay"},"image":{"@id":"https:\/\/www.iplay.com\/en\/#\/schema\/logo\/image\/"}}]}},"_links":{"self":[{"href":"https:\/\/www.iplay.com\/de\/wp-json\/wp\/v2\/product\/140128","targetHints":{"allow":["GET"]}}],"collection":[{"href":"https:\/\/www.iplay.com\/de\/wp-json\/wp\/v2\/product"}],"about":[{"href":"https:\/\/www.iplay.com\/de\/wp-json\/wp\/v2\/types\/product"}],"author":[{"embeddable":true,"href":"https:\/\/www.iplay.com\/de\/wp-json\/wp\/v2\/users\/17"}],"replies":[{"embeddable":true,"href":"https:\/\/www.iplay.com\/de\/wp-json\/wp\/v2\/comments?post=140128"}],"wp:featuredmedia":[{"embeddable":true,"href":"https:\/\/www.iplay.com\/de\/wp-json\/wp\/v2\/media\/93157"}],"wp:attachment":[{"href":"https:\/\/www.iplay.com\/de\/wp-json\/wp\/v2\/media?parent=140128"}],"wp:term":[{"taxonomy":"product_brand","embeddable":true,"href":"https:\/\/www.iplay.com\/de\/wp-json\/wp\/v2\/product_brand?post=140128"},{"taxonomy":"product_cat","embeddable":true,"href":"https:\/\/www.iplay.com\/de\/wp-json\/wp\/v2\/product_cat?post=140128"},{"taxonomy":"product_tag","embeddable":true,"href":"https:\/\/www.iplay.com\/de\/wp-json\/wp\/v2\/product_tag?post=140128"}],"curies":[{"name":"wp","href":"https:\/\/api.w.org\/{rel}","templated":true}]}}