{"id":140034,"date":"2019-06-16T00:00:00","date_gmt":"2019-06-16T00:00:00","guid":{"rendered":"https:\/\/www.iplay.com\/games\/solitaire-detective-2-accidental-witness\/"},"modified":"2019-06-16T00:00:00","modified_gmt":"2019-06-16T00:00:00","slug":"solitaire-detective-2-accidental-witness","status":"publish","type":"product","link":"https:\/\/www.iplay.com\/de\/games\/solitaire-detective-2-accidental-witness\/","title":{"rendered":"Solitaire Detective 2 &#8211; Accidental Witness"},"content":{"rendered":"<p>Zwei Personen mit Waffen in den H\u00e4nden und Masken st\u00fcrmten aus dem Juweliergesch\u00e4ft, genau an dem Tag, an dem Elizabeth plante, ein paar Bilder f\u00fcr ihren Social-Media-Blog zu machen! Sie werfen einen fl\u00fcchtigen Blick auf Elizabeth, bevor sie durch eine offene T\u00fcr des Minivans verschwinden. Das Automobil mit den Bewaffneten verschwand so schnell, wie es erschienen war, und der Motor heulte. Das Auto verschwand in Sekundenschnelle. Das Einzige, was als Erinnerung an das Ereignis noch \u00fcbrig blieb, war der Ton des Weckers. auch ein paar Bilder, die Elizabeth gemacht hatte. Elizabeth, die unbeabsichtigt Zeugin eines Raub\u00fcberfalls wurde, sagte: Aber&#8230; Die R\u00e4uber haben mich gesehen, das ist sicher. Ich muss sofort hier raus! Zu diesem Zeitpunkt hatten die Ereignisse gerade erst begonnen, Gestalt anzunehmen&#8230; Wen werden die Diebe als ihr n\u00e4chstes Opfer ausw\u00e4hlen? Wird sie am Ende jemand finden? Wo wird unsere Heldin mit ihrer unersch\u00fctterlichen Bereitschaft landen, bei den polizeilichen Ermittlungen zu helfen? Lernen Sie mit Elizabeth die Antworten auf all diese Fragen!            <\/p>\n<p>&nbsp;<\/p>\n<p><strong>Funktionen:<\/strong><\/p>\n<ul>\n<li>Fesselndes Solit\u00e4r-Gaming<\/li>\n<li>Einfach zu erlernen und zu spielen<\/li>\n<li>Entdecken Sie zahlreiche atemberaubende Schaupl\u00e4tze<\/li>\n<\/ul>\n","protected":false},"excerpt":{"rendered":"<p>L\u00f6se das R\u00e4tsel des zuf\u00e4lligen Zeugen mit Elizabeth in Solitaire Detective 2 &#8211; Accidental Witness<\/p>\n","protected":false},"author":16,"featured_media":93362,"comment_status":"open","ping_status":"closed","template":"","meta":{"_acf_changed":false,"inline_featured_image":false},"product_brand":[],"product_cat":[157,206],"product_tag":[289],"class_list":{"0":"post-140034","1":"product","2":"type-product","3":"status-publish","4":"has-post-thumbnail","6":"product_cat-card-de-2","7":"product_cat-solitaire-de","8":"product_tag-play-on-pc-de","10":"first","11":"instock","12":"shipping-taxable","13":"purchasable","14":"product-type-simple"},"acf":[],"yoast_head":"<!-- This site is optimized with the Yoast SEO Premium plugin v25.2 (Yoast SEO v25.2) - https:\/\/yoast.com\/wordpress\/plugins\/seo\/ -->\n<title>Solitaire Detective 2 - Accidental Witness - L\u00f6se mit Elizabeth das R\u00e4tsel des zuf\u00e4lligen Zeugen<\/title>\n<meta name=\"description\" content=\"L\u00f6se das R\u00e4tsel des zuf\u00e4lligen Zeugen mit Elizabeth in Solitaire Detective 2 - Accidental Witness\" \/>\n<meta name=\"robots\" content=\"index, follow, max-snippet:-1, max-image-preview:large, max-video-preview:-1\" \/>\n<link rel=\"canonical\" href=\"https:\/\/www.iplay.com\/de\/games\/solitaire-detective-2-accidental-witness\/\" \/>\n<meta property=\"og:locale\" content=\"de_DE\" \/>\n<meta property=\"og:type\" content=\"article\" \/>\n<meta property=\"og:title\" content=\"Solitaire Detective 2 - Accidental Witness\" \/>\n<meta property=\"og:description\" content=\"L\u00f6se das R\u00e4tsel des zuf\u00e4lligen Zeugen mit Elizabeth in Solitaire Detective 2 - Accidental Witness\" \/>\n<meta property=\"og:url\" content=\"https:\/\/www.iplay.com\/de\/games\/solitaire-detective-2-accidental-witness\/\" \/>\n<meta property=\"og:site_name\" content=\"IPlay\" \/>\n<meta property=\"og:image\" content=\"https:\/\/www.iplay.com\/wp-content\/uploads\/2023\/12\/large_square_tile_image-3351.jpg\" \/>\n\t<meta property=\"og:image:width\" content=\"310\" \/>\n\t<meta property=\"og:image:height\" content=\"310\" \/>\n\t<meta property=\"og:image:type\" content=\"image\/jpeg\" \/>\n<meta name=\"twitter:card\" content=\"summary_large_image\" \/>\n<meta name=\"twitter:label1\" content=\"Gesch\u00e4tzte Lesezeit\" \/>\n\t<meta name=\"twitter:data1\" content=\"1 Minute\" \/>\n<script type=\"application\/ld+json\" class=\"yoast-schema-graph\">{\"@context\":\"https:\/\/schema.org\",\"@graph\":[{\"@type\":\"WebPage\",\"@id\":\"https:\/\/www.iplay.com\/de\/games\/solitaire-detective-2-accidental-witness\/\",\"url\":\"https:\/\/www.iplay.com\/de\/games\/solitaire-detective-2-accidental-witness\/\",\"name\":\"Solitaire Detective 2 - Accidental Witness - L\u00f6se mit Elizabeth das R\u00e4tsel des zuf\u00e4lligen Zeugen\",\"isPartOf\":{\"@id\":\"https:\/\/www.iplay.com\/en\/#website\"},\"primaryImageOfPage\":{\"@id\":\"https:\/\/www.iplay.com\/de\/games\/solitaire-detective-2-accidental-witness\/#primaryimage\"},\"image\":{\"@id\":\"https:\/\/www.iplay.com\/de\/games\/solitaire-detective-2-accidental-witness\/#primaryimage\"},\"thumbnailUrl\":\"https:\/\/www.iplay.com\/wp-content\/uploads\/2023\/12\/large_square_tile_image-3351.jpg\",\"datePublished\":\"2019-06-16T00:00:00+00:00\",\"description\":\"L\u00f6se das R\u00e4tsel des zuf\u00e4lligen Zeugen mit Elizabeth in Solitaire Detective 2 - Accidental Witness\",\"breadcrumb\":{\"@id\":\"https:\/\/www.iplay.com\/de\/games\/solitaire-detective-2-accidental-witness\/#breadcrumb\"},\"inLanguage\":\"de-DE\",\"potentialAction\":[{\"@type\":\"ReadAction\",\"target\":[\"https:\/\/www.iplay.com\/de\/games\/solitaire-detective-2-accidental-witness\/\"]}]},{\"@type\":\"ImageObject\",\"inLanguage\":\"de-DE\",\"@id\":\"https:\/\/www.iplay.com\/de\/games\/solitaire-detective-2-accidental-witness\/#primaryimage\",\"url\":\"https:\/\/www.iplay.com\/wp-content\/uploads\/2023\/12\/large_square_tile_image-3351.jpg\",\"contentUrl\":\"https:\/\/www.iplay.com\/wp-content\/uploads\/2023\/12\/large_square_tile_image-3351.jpg\",\"width\":310,\"height\":310},{\"@type\":\"BreadcrumbList\",\"@id\":\"https:\/\/www.iplay.com\/de\/games\/solitaire-detective-2-accidental-witness\/#breadcrumb\",\"itemListElement\":[{\"@type\":\"ListItem\",\"position\":1,\"name\":\"Home\",\"item\":\"https:\/\/www.iplay.com\/de\/home-page-2\/\"},{\"@type\":\"ListItem\",\"position\":2,\"name\":\"Shop\",\"item\":\"https:\/\/www.iplay.com\/en\/shop\/\"},{\"@type\":\"ListItem\",\"position\":3,\"name\":\"Solitaire Detective 2 &#8211; Accidental Witness\"}]},{\"@type\":\"WebSite\",\"@id\":\"https:\/\/www.iplay.com\/en\/#website\",\"url\":\"https:\/\/www.iplay.com\/en\/\",\"name\":\"IPlay\",\"description\":\"The Best Casual Games!\",\"publisher\":{\"@id\":\"https:\/\/www.iplay.com\/en\/#organization\"},\"potentialAction\":[{\"@type\":\"SearchAction\",\"target\":{\"@type\":\"EntryPoint\",\"urlTemplate\":\"https:\/\/www.iplay.com\/en\/?s={search_term_string}\"},\"query-input\":{\"@type\":\"PropertyValueSpecification\",\"valueRequired\":true,\"valueName\":\"search_term_string\"}}],\"inLanguage\":\"de-DE\"},{\"@type\":\"Organization\",\"@id\":\"https:\/\/www.iplay.com\/en\/#organization\",\"name\":\"IPlay\",\"url\":\"https:\/\/www.iplay.com\/en\/\",\"logo\":{\"@type\":\"ImageObject\",\"inLanguage\":\"de-DE\",\"@id\":\"https:\/\/www.iplay.com\/en\/#\/schema\/logo\/image\/\",\"url\":\"https:\/\/www.iplay.com\/wp-content\/uploads\/2023\/11\/Group-6100.svg\",\"contentUrl\":\"https:\/\/www.iplay.com\/wp-content\/uploads\/2023\/11\/Group-6100.svg\",\"width\":98,\"height\":25,\"caption\":\"IPlay\"},\"image\":{\"@id\":\"https:\/\/www.iplay.com\/en\/#\/schema\/logo\/image\/\"}}]}<\/script>\n<!-- \/ Yoast SEO Premium plugin. -->","yoast_head_json":{"title":"Solitaire Detective 2 - Accidental Witness - L\u00f6se mit Elizabeth das R\u00e4tsel des zuf\u00e4lligen Zeugen","description":"L\u00f6se das R\u00e4tsel des zuf\u00e4lligen Zeugen mit Elizabeth in Solitaire Detective 2 - Accidental Witness","robots":{"index":"index","follow":"follow","max-snippet":"max-snippet:-1","max-image-preview":"max-image-preview:large","max-video-preview":"max-video-preview:-1"},"canonical":"https:\/\/www.iplay.com\/de\/games\/solitaire-detective-2-accidental-witness\/","og_locale":"de_DE","og_type":"article","og_title":"Solitaire Detective 2 - Accidental Witness","og_description":"L\u00f6se das R\u00e4tsel des zuf\u00e4lligen Zeugen mit Elizabeth in Solitaire Detective 2 - Accidental Witness","og_url":"https:\/\/www.iplay.com\/de\/games\/solitaire-detective-2-accidental-witness\/","og_site_name":"IPlay","og_image":[{"width":310,"height":310,"url":"https:\/\/www.iplay.com\/wp-content\/uploads\/2023\/12\/large_square_tile_image-3351.jpg","type":"image\/jpeg"}],"twitter_card":"summary_large_image","twitter_misc":{"Gesch\u00e4tzte Lesezeit":"1 Minute"},"schema":{"@context":"https:\/\/schema.org","@graph":[{"@type":"WebPage","@id":"https:\/\/www.iplay.com\/de\/games\/solitaire-detective-2-accidental-witness\/","url":"https:\/\/www.iplay.com\/de\/games\/solitaire-detective-2-accidental-witness\/","name":"Solitaire Detective 2 - Accidental Witness - L\u00f6se mit Elizabeth das R\u00e4tsel des zuf\u00e4lligen Zeugen","isPartOf":{"@id":"https:\/\/www.iplay.com\/en\/#website"},"primaryImageOfPage":{"@id":"https:\/\/www.iplay.com\/de\/games\/solitaire-detective-2-accidental-witness\/#primaryimage"},"image":{"@id":"https:\/\/www.iplay.com\/de\/games\/solitaire-detective-2-accidental-witness\/#primaryimage"},"thumbnailUrl":"https:\/\/www.iplay.com\/wp-content\/uploads\/2023\/12\/large_square_tile_image-3351.jpg","datePublished":"2019-06-16T00:00:00+00:00","description":"L\u00f6se das R\u00e4tsel des zuf\u00e4lligen Zeugen mit Elizabeth in Solitaire Detective 2 - Accidental Witness","breadcrumb":{"@id":"https:\/\/www.iplay.com\/de\/games\/solitaire-detective-2-accidental-witness\/#breadcrumb"},"inLanguage":"de-DE","potentialAction":[{"@type":"ReadAction","target":["https:\/\/www.iplay.com\/de\/games\/solitaire-detective-2-accidental-witness\/"]}]},{"@type":"ImageObject","inLanguage":"de-DE","@id":"https:\/\/www.iplay.com\/de\/games\/solitaire-detective-2-accidental-witness\/#primaryimage","url":"https:\/\/www.iplay.com\/wp-content\/uploads\/2023\/12\/large_square_tile_image-3351.jpg","contentUrl":"https:\/\/www.iplay.com\/wp-content\/uploads\/2023\/12\/large_square_tile_image-3351.jpg","width":310,"height":310},{"@type":"BreadcrumbList","@id":"https:\/\/www.iplay.com\/de\/games\/solitaire-detective-2-accidental-witness\/#breadcrumb","itemListElement":[{"@type":"ListItem","position":1,"name":"Home","item":"https:\/\/www.iplay.com\/de\/home-page-2\/"},{"@type":"ListItem","position":2,"name":"Shop","item":"https:\/\/www.iplay.com\/en\/shop\/"},{"@type":"ListItem","position":3,"name":"Solitaire Detective 2 &#8211; Accidental Witness"}]},{"@type":"WebSite","@id":"https:\/\/www.iplay.com\/en\/#website","url":"https:\/\/www.iplay.com\/en\/","name":"IPlay","description":"The Best Casual Games!","publisher":{"@id":"https:\/\/www.iplay.com\/en\/#organization"},"potentialAction":[{"@type":"SearchAction","target":{"@type":"EntryPoint","urlTemplate":"https:\/\/www.iplay.com\/en\/?s={search_term_string}"},"query-input":{"@type":"PropertyValueSpecification","valueRequired":true,"valueName":"search_term_string"}}],"inLanguage":"de-DE"},{"@type":"Organization","@id":"https:\/\/www.iplay.com\/en\/#organization","name":"IPlay","url":"https:\/\/www.iplay.com\/en\/","logo":{"@type":"ImageObject","inLanguage":"de-DE","@id":"https:\/\/www.iplay.com\/en\/#\/schema\/logo\/image\/","url":"https:\/\/www.iplay.com\/wp-content\/uploads\/2023\/11\/Group-6100.svg","contentUrl":"https:\/\/www.iplay.com\/wp-content\/uploads\/2023\/11\/Group-6100.svg","width":98,"height":25,"caption":"IPlay"},"image":{"@id":"https:\/\/www.iplay.com\/en\/#\/schema\/logo\/image\/"}}]}},"_links":{"self":[{"href":"https:\/\/www.iplay.com\/de\/wp-json\/wp\/v2\/product\/140034","targetHints":{"allow":["GET"]}}],"collection":[{"href":"https:\/\/www.iplay.com\/de\/wp-json\/wp\/v2\/product"}],"about":[{"href":"https:\/\/www.iplay.com\/de\/wp-json\/wp\/v2\/types\/product"}],"author":[{"embeddable":true,"href":"https:\/\/www.iplay.com\/de\/wp-json\/wp\/v2\/users\/16"}],"replies":[{"embeddable":true,"href":"https:\/\/www.iplay.com\/de\/wp-json\/wp\/v2\/comments?post=140034"}],"wp:featuredmedia":[{"embeddable":true,"href":"https:\/\/www.iplay.com\/de\/wp-json\/wp\/v2\/media\/93362"}],"wp:attachment":[{"href":"https:\/\/www.iplay.com\/de\/wp-json\/wp\/v2\/media?parent=140034"}],"wp:term":[{"taxonomy":"product_brand","embeddable":true,"href":"https:\/\/www.iplay.com\/de\/wp-json\/wp\/v2\/product_brand?post=140034"},{"taxonomy":"product_cat","embeddable":true,"href":"https:\/\/www.iplay.com\/de\/wp-json\/wp\/v2\/product_cat?post=140034"},{"taxonomy":"product_tag","embeddable":true,"href":"https:\/\/www.iplay.com\/de\/wp-json\/wp\/v2\/product_tag?post=140034"}],"curies":[{"name":"wp","href":"https:\/\/api.w.org\/{rel}","templated":true}]}}