{"id":140026,"date":"2019-06-15T00:00:00","date_gmt":"2019-06-15T00:00:00","guid":{"rendered":"https:\/\/www.iplay.com\/games\/hidden-world-of-art-3\/"},"modified":"2019-06-15T00:00:00","modified_gmt":"2019-06-15T00:00:00","slug":"hidden-world-of-art-3","status":"publish","type":"product","link":"https:\/\/www.iplay.com\/de\/games\/hidden-world-of-art-3\/","title":{"rendered":"Hidden World of Art &#8211; 3"},"content":{"rendered":"<p>Entdecken Sie die Gefahren, die in den Werken der gr\u00f6\u00dften historischen Maler verborgen sind. Ihre Arbeit als Restauratorin bekannter alter Kunstwerke fasziniert Lana. Sie ist blind f\u00fcr die Tatsache, dass sich ihre Ersch\u00f6pfung in etwas viel Unheimlicheres verwandelt. Um \u00fcber dein Unterbewusstsein zu siegen, musst du dich nach besten Kr\u00e4ften anstrengen. Gelingt es Ihnen, sich von den Fesseln alter Gem\u00e4lde zu befreien? Oder wirst du in einem nie endenden Kreislauf der Selbstreparatur in deinem eigenen Kopf stecken bleiben?     <\/p>\n<p>&nbsp;<\/p>\n<p>&nbsp;<\/p>\n<p><strong>Funktionen:<\/strong><\/p>\n<p>&nbsp;<\/p>\n<p>&#8211; Restaurieren Sie bekannte Kunstwerke<\/p>\n<p>&#8211; Sch\u00f6ne Grafik<\/p>\n<p>&#8211; Traditionelles Gameplay<\/p>\n<p>&#8211; Interessante Erz\u00e4hlung<\/p>\n<p>&#8211; Spielbare Levels mit einer gro\u00dfen Anzahl von Dingen<\/p>\n<p>&#8211; Wunderbarer Soundtrack<\/p>\n<p>&#8211; Die R\u00fcckkehr der beliebten Serie Undiscovered Art World<\/p>\n","protected":false},"excerpt":{"rendered":"<p>Welche Geheimnisse verbergen sich unter den Leinw\u00e4nden der gr\u00f6\u00dften K\u00fcnstler? Entdecken Sie in Secret World of Art 3 <\/p>\n","protected":false},"author":73,"featured_media":93378,"comment_status":"open","ping_status":"closed","template":"","meta":{"_acf_changed":false,"inline_featured_image":false},"product_brand":[],"product_cat":[164],"product_tag":[289],"class_list":{"0":"post-140026","1":"product","2":"type-product","3":"status-publish","4":"has-post-thumbnail","6":"product_cat-hidden-object-de","7":"product_tag-play-on-pc-de","9":"first","10":"instock","11":"shipping-taxable","12":"purchasable","13":"product-type-simple"},"acf":[],"yoast_head":"<!-- This site is optimized with the Yoast SEO Premium plugin v25.2 (Yoast SEO v25.2) - https:\/\/yoast.com\/wordpress\/plugins\/seo\/ -->\n<title>Hidden World of Art - 3 - L\u00fcfte Geheimnisse in Hidden World of Art 3<\/title>\n<meta name=\"description\" content=\"Welche Geheimnisse verbergen sich unter den Leinw\u00e4nden der gr\u00f6\u00dften K\u00fcnstler? Entdecken Sie in Secret World of Art 3\" \/>\n<meta name=\"robots\" content=\"index, follow, max-snippet:-1, max-image-preview:large, max-video-preview:-1\" \/>\n<link rel=\"canonical\" href=\"https:\/\/www.iplay.com\/de\/games\/hidden-world-of-art-3\/\" \/>\n<meta property=\"og:locale\" content=\"de_DE\" \/>\n<meta property=\"og:type\" content=\"article\" \/>\n<meta property=\"og:title\" content=\"Hidden World of Art - 3\" \/>\n<meta property=\"og:description\" content=\"Welche Geheimnisse verbergen sich unter den Leinw\u00e4nden der gr\u00f6\u00dften K\u00fcnstler? Entdecken Sie in Secret World of Art 3\" \/>\n<meta property=\"og:url\" content=\"https:\/\/www.iplay.com\/de\/games\/hidden-world-of-art-3\/\" \/>\n<meta property=\"og:site_name\" content=\"IPlay\" \/>\n<meta property=\"og:image\" content=\"https:\/\/www.iplay.com\/wp-content\/uploads\/2023\/12\/large_square_tile_image-3352.jpg\" \/>\n\t<meta property=\"og:image:width\" content=\"310\" \/>\n\t<meta property=\"og:image:height\" content=\"310\" \/>\n\t<meta property=\"og:image:type\" content=\"image\/jpeg\" \/>\n<meta name=\"twitter:card\" content=\"summary_large_image\" \/>\n<meta name=\"twitter:label1\" content=\"Gesch\u00e4tzte Lesezeit\" \/>\n\t<meta name=\"twitter:data1\" content=\"1 Minute\" \/>\n<script type=\"application\/ld+json\" class=\"yoast-schema-graph\">{\"@context\":\"https:\/\/schema.org\",\"@graph\":[{\"@type\":\"WebPage\",\"@id\":\"https:\/\/www.iplay.com\/de\/games\/hidden-world-of-art-3\/\",\"url\":\"https:\/\/www.iplay.com\/de\/games\/hidden-world-of-art-3\/\",\"name\":\"Hidden World of Art - 3 - L\u00fcfte Geheimnisse in Hidden World of Art 3\",\"isPartOf\":{\"@id\":\"https:\/\/www.iplay.com\/en\/#website\"},\"primaryImageOfPage\":{\"@id\":\"https:\/\/www.iplay.com\/de\/games\/hidden-world-of-art-3\/#primaryimage\"},\"image\":{\"@id\":\"https:\/\/www.iplay.com\/de\/games\/hidden-world-of-art-3\/#primaryimage\"},\"thumbnailUrl\":\"https:\/\/www.iplay.com\/wp-content\/uploads\/2023\/12\/large_square_tile_image-3352.jpg\",\"datePublished\":\"2019-06-15T00:00:00+00:00\",\"description\":\"Welche Geheimnisse verbergen sich unter den Leinw\u00e4nden der gr\u00f6\u00dften K\u00fcnstler? Entdecken Sie in Secret World of Art 3\",\"breadcrumb\":{\"@id\":\"https:\/\/www.iplay.com\/de\/games\/hidden-world-of-art-3\/#breadcrumb\"},\"inLanguage\":\"de-DE\",\"potentialAction\":[{\"@type\":\"ReadAction\",\"target\":[\"https:\/\/www.iplay.com\/de\/games\/hidden-world-of-art-3\/\"]}]},{\"@type\":\"ImageObject\",\"inLanguage\":\"de-DE\",\"@id\":\"https:\/\/www.iplay.com\/de\/games\/hidden-world-of-art-3\/#primaryimage\",\"url\":\"https:\/\/www.iplay.com\/wp-content\/uploads\/2023\/12\/large_square_tile_image-3352.jpg\",\"contentUrl\":\"https:\/\/www.iplay.com\/wp-content\/uploads\/2023\/12\/large_square_tile_image-3352.jpg\",\"width\":310,\"height\":310},{\"@type\":\"BreadcrumbList\",\"@id\":\"https:\/\/www.iplay.com\/de\/games\/hidden-world-of-art-3\/#breadcrumb\",\"itemListElement\":[{\"@type\":\"ListItem\",\"position\":1,\"name\":\"Home\",\"item\":\"https:\/\/www.iplay.com\/de\/home-page-2\/\"},{\"@type\":\"ListItem\",\"position\":2,\"name\":\"Shop\",\"item\":\"https:\/\/www.iplay.com\/en\/shop\/\"},{\"@type\":\"ListItem\",\"position\":3,\"name\":\"Hidden World of Art &#8211; 3\"}]},{\"@type\":\"WebSite\",\"@id\":\"https:\/\/www.iplay.com\/en\/#website\",\"url\":\"https:\/\/www.iplay.com\/en\/\",\"name\":\"IPlay\",\"description\":\"The Best Casual Games!\",\"publisher\":{\"@id\":\"https:\/\/www.iplay.com\/en\/#organization\"},\"potentialAction\":[{\"@type\":\"SearchAction\",\"target\":{\"@type\":\"EntryPoint\",\"urlTemplate\":\"https:\/\/www.iplay.com\/en\/?s={search_term_string}\"},\"query-input\":{\"@type\":\"PropertyValueSpecification\",\"valueRequired\":true,\"valueName\":\"search_term_string\"}}],\"inLanguage\":\"de-DE\"},{\"@type\":\"Organization\",\"@id\":\"https:\/\/www.iplay.com\/en\/#organization\",\"name\":\"IPlay\",\"url\":\"https:\/\/www.iplay.com\/en\/\",\"logo\":{\"@type\":\"ImageObject\",\"inLanguage\":\"de-DE\",\"@id\":\"https:\/\/www.iplay.com\/en\/#\/schema\/logo\/image\/\",\"url\":\"https:\/\/www.iplay.com\/wp-content\/uploads\/2023\/11\/Group-6100.svg\",\"contentUrl\":\"https:\/\/www.iplay.com\/wp-content\/uploads\/2023\/11\/Group-6100.svg\",\"width\":98,\"height\":25,\"caption\":\"IPlay\"},\"image\":{\"@id\":\"https:\/\/www.iplay.com\/en\/#\/schema\/logo\/image\/\"}}]}<\/script>\n<!-- \/ Yoast SEO Premium plugin. -->","yoast_head_json":{"title":"Hidden World of Art - 3 - L\u00fcfte Geheimnisse in Hidden World of Art 3","description":"Welche Geheimnisse verbergen sich unter den Leinw\u00e4nden der gr\u00f6\u00dften K\u00fcnstler? Entdecken Sie in Secret World of Art 3","robots":{"index":"index","follow":"follow","max-snippet":"max-snippet:-1","max-image-preview":"max-image-preview:large","max-video-preview":"max-video-preview:-1"},"canonical":"https:\/\/www.iplay.com\/de\/games\/hidden-world-of-art-3\/","og_locale":"de_DE","og_type":"article","og_title":"Hidden World of Art - 3","og_description":"Welche Geheimnisse verbergen sich unter den Leinw\u00e4nden der gr\u00f6\u00dften K\u00fcnstler? Entdecken Sie in Secret World of Art 3","og_url":"https:\/\/www.iplay.com\/de\/games\/hidden-world-of-art-3\/","og_site_name":"IPlay","og_image":[{"width":310,"height":310,"url":"https:\/\/www.iplay.com\/wp-content\/uploads\/2023\/12\/large_square_tile_image-3352.jpg","type":"image\/jpeg"}],"twitter_card":"summary_large_image","twitter_misc":{"Gesch\u00e4tzte Lesezeit":"1 Minute"},"schema":{"@context":"https:\/\/schema.org","@graph":[{"@type":"WebPage","@id":"https:\/\/www.iplay.com\/de\/games\/hidden-world-of-art-3\/","url":"https:\/\/www.iplay.com\/de\/games\/hidden-world-of-art-3\/","name":"Hidden World of Art - 3 - L\u00fcfte Geheimnisse in Hidden World of Art 3","isPartOf":{"@id":"https:\/\/www.iplay.com\/en\/#website"},"primaryImageOfPage":{"@id":"https:\/\/www.iplay.com\/de\/games\/hidden-world-of-art-3\/#primaryimage"},"image":{"@id":"https:\/\/www.iplay.com\/de\/games\/hidden-world-of-art-3\/#primaryimage"},"thumbnailUrl":"https:\/\/www.iplay.com\/wp-content\/uploads\/2023\/12\/large_square_tile_image-3352.jpg","datePublished":"2019-06-15T00:00:00+00:00","description":"Welche Geheimnisse verbergen sich unter den Leinw\u00e4nden der gr\u00f6\u00dften K\u00fcnstler? Entdecken Sie in Secret World of Art 3","breadcrumb":{"@id":"https:\/\/www.iplay.com\/de\/games\/hidden-world-of-art-3\/#breadcrumb"},"inLanguage":"de-DE","potentialAction":[{"@type":"ReadAction","target":["https:\/\/www.iplay.com\/de\/games\/hidden-world-of-art-3\/"]}]},{"@type":"ImageObject","inLanguage":"de-DE","@id":"https:\/\/www.iplay.com\/de\/games\/hidden-world-of-art-3\/#primaryimage","url":"https:\/\/www.iplay.com\/wp-content\/uploads\/2023\/12\/large_square_tile_image-3352.jpg","contentUrl":"https:\/\/www.iplay.com\/wp-content\/uploads\/2023\/12\/large_square_tile_image-3352.jpg","width":310,"height":310},{"@type":"BreadcrumbList","@id":"https:\/\/www.iplay.com\/de\/games\/hidden-world-of-art-3\/#breadcrumb","itemListElement":[{"@type":"ListItem","position":1,"name":"Home","item":"https:\/\/www.iplay.com\/de\/home-page-2\/"},{"@type":"ListItem","position":2,"name":"Shop","item":"https:\/\/www.iplay.com\/en\/shop\/"},{"@type":"ListItem","position":3,"name":"Hidden World of Art &#8211; 3"}]},{"@type":"WebSite","@id":"https:\/\/www.iplay.com\/en\/#website","url":"https:\/\/www.iplay.com\/en\/","name":"IPlay","description":"The Best Casual Games!","publisher":{"@id":"https:\/\/www.iplay.com\/en\/#organization"},"potentialAction":[{"@type":"SearchAction","target":{"@type":"EntryPoint","urlTemplate":"https:\/\/www.iplay.com\/en\/?s={search_term_string}"},"query-input":{"@type":"PropertyValueSpecification","valueRequired":true,"valueName":"search_term_string"}}],"inLanguage":"de-DE"},{"@type":"Organization","@id":"https:\/\/www.iplay.com\/en\/#organization","name":"IPlay","url":"https:\/\/www.iplay.com\/en\/","logo":{"@type":"ImageObject","inLanguage":"de-DE","@id":"https:\/\/www.iplay.com\/en\/#\/schema\/logo\/image\/","url":"https:\/\/www.iplay.com\/wp-content\/uploads\/2023\/11\/Group-6100.svg","contentUrl":"https:\/\/www.iplay.com\/wp-content\/uploads\/2023\/11\/Group-6100.svg","width":98,"height":25,"caption":"IPlay"},"image":{"@id":"https:\/\/www.iplay.com\/en\/#\/schema\/logo\/image\/"}}]}},"_links":{"self":[{"href":"https:\/\/www.iplay.com\/de\/wp-json\/wp\/v2\/product\/140026","targetHints":{"allow":["GET"]}}],"collection":[{"href":"https:\/\/www.iplay.com\/de\/wp-json\/wp\/v2\/product"}],"about":[{"href":"https:\/\/www.iplay.com\/de\/wp-json\/wp\/v2\/types\/product"}],"author":[{"embeddable":true,"href":"https:\/\/www.iplay.com\/de\/wp-json\/wp\/v2\/users\/73"}],"replies":[{"embeddable":true,"href":"https:\/\/www.iplay.com\/de\/wp-json\/wp\/v2\/comments?post=140026"}],"wp:featuredmedia":[{"embeddable":true,"href":"https:\/\/www.iplay.com\/de\/wp-json\/wp\/v2\/media\/93378"}],"wp:attachment":[{"href":"https:\/\/www.iplay.com\/de\/wp-json\/wp\/v2\/media?parent=140026"}],"wp:term":[{"taxonomy":"product_brand","embeddable":true,"href":"https:\/\/www.iplay.com\/de\/wp-json\/wp\/v2\/product_brand?post=140026"},{"taxonomy":"product_cat","embeddable":true,"href":"https:\/\/www.iplay.com\/de\/wp-json\/wp\/v2\/product_cat?post=140026"},{"taxonomy":"product_tag","embeddable":true,"href":"https:\/\/www.iplay.com\/de\/wp-json\/wp\/v2\/product_tag?post=140026"}],"curies":[{"name":"wp","href":"https:\/\/api.w.org\/{rel}","templated":true}]}}