{"id":140007,"date":"2019-06-09T00:00:00","date_gmt":"2019-06-09T00:00:00","guid":{"rendered":"https:\/\/www.iplay.com\/games\/mystery-of-the-ancients-the-sealed-and-forgotten-collectors-edition\/"},"modified":"2019-06-09T00:00:00","modified_gmt":"2019-06-09T00:00:00","slug":"mystery-of-the-ancients-the-sealed-and-forgotten-collectors-edition","status":"publish","type":"product","link":"https:\/\/www.iplay.com\/de\/games\/mystery-of-the-ancients-the-sealed-and-forgotten-collectors-edition\/","title":{"rendered":"Mystery of the Ancients: The Sealed and Forgotten Collector&#8217;s Edition"},"content":{"rendered":"<p>Freuen Sie sich auf den kommenden spannenden Teil ihrer beliebten Serie <em>Mystery of the Ancients<\/em>! Du wurdest von Police Detective Donovan auf ein altes Anwesen gebeten, um einen Mord zu untersuchen, der sich in einem geschlossenen Raum ereignet hat. Obwohl der Tatort von der Polizei auf der Suche nach Beweisen gr\u00fcndlich untersucht wurde, glaubt Donovan, dass es sich bei dem T\u00e4ter um ein \u00fcbernat\u00fcrliches Wesen handeln k\u00f6nnte. Er verlangt dein Wissen. Nutze deine F\u00e4higkeiten, um Hinweise zu finden und den Geheimnissen der Villa auf den Grund zu gehen. Dieser Fall wird immer seltsamer, je weiter du kommst, und \u00f6ffnet T\u00fcren zu einem r\u00e4tselhaften Universum, das in diesem spannenden Wimmelbild-Abenteuerspiel unvorstellbar ist!    <\/p>\n<p>&nbsp;<\/p>\n<p>&nbsp;<\/p>\n<p><strong>Funktionen:<\/strong><\/p>\n<p>&nbsp;<\/p>\n<p>&#8211; Sieh dir das Bonuskapitel an, um mehr \u00fcber die versunkene Stadt zu erfahren!<\/p>\n<p>&#8211; Halten Sie Ausschau nach raffiniert versteckten Sammlerst\u00fccken.<\/p>\n<p>&#8211; Lesen Sie den Leitfaden f\u00fcr n\u00fctzliche Strategien.<\/p>\n<p>&#8211; Testen Sie Ihr Verst\u00e4ndnis mit einem Leistungsquiz.<\/p>\n<p>&#8211; Genie\u00dfe Konzeptkunst, Hintergrundbilder, Musik und mehr!<\/p>\n","protected":false},"excerpt":{"rendered":"<p>War der M\u00f6rder eine Person oder nicht? Weitere Informationen finden Sie unter Mystery of the Ancients: The Sealed and Forgotten CE. <\/p>\n","protected":false},"author":17,"featured_media":93410,"comment_status":"open","ping_status":"closed","template":"","meta":{"_acf_changed":false,"inline_featured_image":false},"product_brand":[],"product_cat":[164],"product_tag":[289],"class_list":{"0":"post-140007","1":"product","2":"type-product","3":"status-publish","4":"has-post-thumbnail","6":"product_cat-hidden-object-de","7":"product_tag-play-on-pc-de","9":"first","10":"instock","11":"shipping-taxable","12":"purchasable","13":"product-type-simple"},"acf":[],"yoast_head":"<!-- This site is optimized with the Yoast SEO Premium plugin v25.2 (Yoast SEO v25.2) - https:\/\/yoast.com\/wordpress\/plugins\/seo\/ -->\n<title>Mystery of the Ancients: The Sealed and Forgotten Collector&#039;s Edition - L\u00f6se das R\u00e4tsel in The Sealed and Forgotten CE<\/title>\n<meta name=\"description\" content=\"War der M\u00f6rder eine Person oder nicht? Weitere Informationen finden Sie unter Mystery of the Ancients: The Sealed and Forgotten CE.\" \/>\n<meta name=\"robots\" content=\"index, follow, max-snippet:-1, max-image-preview:large, max-video-preview:-1\" \/>\n<link rel=\"canonical\" href=\"https:\/\/www.iplay.com\/de\/games\/mystery-of-the-ancients-the-sealed-and-forgotten-collectors-edition\/\" \/>\n<meta property=\"og:locale\" content=\"de_DE\" \/>\n<meta property=\"og:type\" content=\"article\" \/>\n<meta property=\"og:title\" content=\"Mystery of the Ancients: The Sealed and Forgotten Collector&#039;s Edition\" \/>\n<meta property=\"og:description\" content=\"War der M\u00f6rder eine Person oder nicht? Weitere Informationen finden Sie unter Mystery of the Ancients: The Sealed and Forgotten CE.\" \/>\n<meta property=\"og:url\" content=\"https:\/\/www.iplay.com\/de\/games\/mystery-of-the-ancients-the-sealed-and-forgotten-collectors-edition\/\" \/>\n<meta property=\"og:site_name\" content=\"IPlay\" \/>\n<meta property=\"og:image\" content=\"https:\/\/www.iplay.com\/wp-content\/uploads\/2023\/12\/large_square_tile_image-3354.jpg\" \/>\n\t<meta property=\"og:image:width\" content=\"310\" \/>\n\t<meta property=\"og:image:height\" content=\"310\" \/>\n\t<meta property=\"og:image:type\" content=\"image\/jpeg\" \/>\n<meta name=\"twitter:card\" content=\"summary_large_image\" \/>\n<meta name=\"twitter:label1\" content=\"Gesch\u00e4tzte Lesezeit\" \/>\n\t<meta name=\"twitter:data1\" content=\"1 Minute\" \/>\n<script type=\"application\/ld+json\" class=\"yoast-schema-graph\">{\"@context\":\"https:\/\/schema.org\",\"@graph\":[{\"@type\":\"WebPage\",\"@id\":\"https:\/\/www.iplay.com\/de\/games\/mystery-of-the-ancients-the-sealed-and-forgotten-collectors-edition\/\",\"url\":\"https:\/\/www.iplay.com\/de\/games\/mystery-of-the-ancients-the-sealed-and-forgotten-collectors-edition\/\",\"name\":\"Mystery of the Ancients: The Sealed and Forgotten Collector's Edition - L\u00f6se das R\u00e4tsel in The Sealed and Forgotten CE\",\"isPartOf\":{\"@id\":\"https:\/\/www.iplay.com\/en\/#website\"},\"primaryImageOfPage\":{\"@id\":\"https:\/\/www.iplay.com\/de\/games\/mystery-of-the-ancients-the-sealed-and-forgotten-collectors-edition\/#primaryimage\"},\"image\":{\"@id\":\"https:\/\/www.iplay.com\/de\/games\/mystery-of-the-ancients-the-sealed-and-forgotten-collectors-edition\/#primaryimage\"},\"thumbnailUrl\":\"https:\/\/www.iplay.com\/wp-content\/uploads\/2023\/12\/large_square_tile_image-3354.jpg\",\"datePublished\":\"2019-06-09T00:00:00+00:00\",\"description\":\"War der M\u00f6rder eine Person oder nicht? Weitere Informationen finden Sie unter Mystery of the Ancients: The Sealed and Forgotten CE.\",\"breadcrumb\":{\"@id\":\"https:\/\/www.iplay.com\/de\/games\/mystery-of-the-ancients-the-sealed-and-forgotten-collectors-edition\/#breadcrumb\"},\"inLanguage\":\"de-DE\",\"potentialAction\":[{\"@type\":\"ReadAction\",\"target\":[\"https:\/\/www.iplay.com\/de\/games\/mystery-of-the-ancients-the-sealed-and-forgotten-collectors-edition\/\"]}]},{\"@type\":\"ImageObject\",\"inLanguage\":\"de-DE\",\"@id\":\"https:\/\/www.iplay.com\/de\/games\/mystery-of-the-ancients-the-sealed-and-forgotten-collectors-edition\/#primaryimage\",\"url\":\"https:\/\/www.iplay.com\/wp-content\/uploads\/2023\/12\/large_square_tile_image-3354.jpg\",\"contentUrl\":\"https:\/\/www.iplay.com\/wp-content\/uploads\/2023\/12\/large_square_tile_image-3354.jpg\",\"width\":310,\"height\":310},{\"@type\":\"BreadcrumbList\",\"@id\":\"https:\/\/www.iplay.com\/de\/games\/mystery-of-the-ancients-the-sealed-and-forgotten-collectors-edition\/#breadcrumb\",\"itemListElement\":[{\"@type\":\"ListItem\",\"position\":1,\"name\":\"Home\",\"item\":\"https:\/\/www.iplay.com\/de\/home-page-2\/\"},{\"@type\":\"ListItem\",\"position\":2,\"name\":\"Shop\",\"item\":\"https:\/\/www.iplay.com\/en\/shop\/\"},{\"@type\":\"ListItem\",\"position\":3,\"name\":\"Mystery of the Ancients: The Sealed and Forgotten Collector&#8217;s Edition\"}]},{\"@type\":\"WebSite\",\"@id\":\"https:\/\/www.iplay.com\/en\/#website\",\"url\":\"https:\/\/www.iplay.com\/en\/\",\"name\":\"IPlay\",\"description\":\"The Best Casual Games!\",\"publisher\":{\"@id\":\"https:\/\/www.iplay.com\/en\/#organization\"},\"potentialAction\":[{\"@type\":\"SearchAction\",\"target\":{\"@type\":\"EntryPoint\",\"urlTemplate\":\"https:\/\/www.iplay.com\/en\/?s={search_term_string}\"},\"query-input\":{\"@type\":\"PropertyValueSpecification\",\"valueRequired\":true,\"valueName\":\"search_term_string\"}}],\"inLanguage\":\"de-DE\"},{\"@type\":\"Organization\",\"@id\":\"https:\/\/www.iplay.com\/en\/#organization\",\"name\":\"IPlay\",\"url\":\"https:\/\/www.iplay.com\/en\/\",\"logo\":{\"@type\":\"ImageObject\",\"inLanguage\":\"de-DE\",\"@id\":\"https:\/\/www.iplay.com\/en\/#\/schema\/logo\/image\/\",\"url\":\"https:\/\/www.iplay.com\/wp-content\/uploads\/2023\/11\/Group-6100.svg\",\"contentUrl\":\"https:\/\/www.iplay.com\/wp-content\/uploads\/2023\/11\/Group-6100.svg\",\"width\":98,\"height\":25,\"caption\":\"IPlay\"},\"image\":{\"@id\":\"https:\/\/www.iplay.com\/en\/#\/schema\/logo\/image\/\"}}]}<\/script>\n<!-- \/ Yoast SEO Premium plugin. -->","yoast_head_json":{"title":"Mystery of the Ancients: The Sealed and Forgotten Collector's Edition - L\u00f6se das R\u00e4tsel in The Sealed and Forgotten CE","description":"War der M\u00f6rder eine Person oder nicht? Weitere Informationen finden Sie unter Mystery of the Ancients: The Sealed and Forgotten CE.","robots":{"index":"index","follow":"follow","max-snippet":"max-snippet:-1","max-image-preview":"max-image-preview:large","max-video-preview":"max-video-preview:-1"},"canonical":"https:\/\/www.iplay.com\/de\/games\/mystery-of-the-ancients-the-sealed-and-forgotten-collectors-edition\/","og_locale":"de_DE","og_type":"article","og_title":"Mystery of the Ancients: The Sealed and Forgotten Collector's Edition","og_description":"War der M\u00f6rder eine Person oder nicht? Weitere Informationen finden Sie unter Mystery of the Ancients: The Sealed and Forgotten CE.","og_url":"https:\/\/www.iplay.com\/de\/games\/mystery-of-the-ancients-the-sealed-and-forgotten-collectors-edition\/","og_site_name":"IPlay","og_image":[{"width":310,"height":310,"url":"https:\/\/www.iplay.com\/wp-content\/uploads\/2023\/12\/large_square_tile_image-3354.jpg","type":"image\/jpeg"}],"twitter_card":"summary_large_image","twitter_misc":{"Gesch\u00e4tzte Lesezeit":"1 Minute"},"schema":{"@context":"https:\/\/schema.org","@graph":[{"@type":"WebPage","@id":"https:\/\/www.iplay.com\/de\/games\/mystery-of-the-ancients-the-sealed-and-forgotten-collectors-edition\/","url":"https:\/\/www.iplay.com\/de\/games\/mystery-of-the-ancients-the-sealed-and-forgotten-collectors-edition\/","name":"Mystery of the Ancients: The Sealed and Forgotten Collector's Edition - L\u00f6se das R\u00e4tsel in The Sealed and Forgotten CE","isPartOf":{"@id":"https:\/\/www.iplay.com\/en\/#website"},"primaryImageOfPage":{"@id":"https:\/\/www.iplay.com\/de\/games\/mystery-of-the-ancients-the-sealed-and-forgotten-collectors-edition\/#primaryimage"},"image":{"@id":"https:\/\/www.iplay.com\/de\/games\/mystery-of-the-ancients-the-sealed-and-forgotten-collectors-edition\/#primaryimage"},"thumbnailUrl":"https:\/\/www.iplay.com\/wp-content\/uploads\/2023\/12\/large_square_tile_image-3354.jpg","datePublished":"2019-06-09T00:00:00+00:00","description":"War der M\u00f6rder eine Person oder nicht? Weitere Informationen finden Sie unter Mystery of the Ancients: The Sealed and Forgotten CE.","breadcrumb":{"@id":"https:\/\/www.iplay.com\/de\/games\/mystery-of-the-ancients-the-sealed-and-forgotten-collectors-edition\/#breadcrumb"},"inLanguage":"de-DE","potentialAction":[{"@type":"ReadAction","target":["https:\/\/www.iplay.com\/de\/games\/mystery-of-the-ancients-the-sealed-and-forgotten-collectors-edition\/"]}]},{"@type":"ImageObject","inLanguage":"de-DE","@id":"https:\/\/www.iplay.com\/de\/games\/mystery-of-the-ancients-the-sealed-and-forgotten-collectors-edition\/#primaryimage","url":"https:\/\/www.iplay.com\/wp-content\/uploads\/2023\/12\/large_square_tile_image-3354.jpg","contentUrl":"https:\/\/www.iplay.com\/wp-content\/uploads\/2023\/12\/large_square_tile_image-3354.jpg","width":310,"height":310},{"@type":"BreadcrumbList","@id":"https:\/\/www.iplay.com\/de\/games\/mystery-of-the-ancients-the-sealed-and-forgotten-collectors-edition\/#breadcrumb","itemListElement":[{"@type":"ListItem","position":1,"name":"Home","item":"https:\/\/www.iplay.com\/de\/home-page-2\/"},{"@type":"ListItem","position":2,"name":"Shop","item":"https:\/\/www.iplay.com\/en\/shop\/"},{"@type":"ListItem","position":3,"name":"Mystery of the Ancients: The Sealed and Forgotten Collector&#8217;s Edition"}]},{"@type":"WebSite","@id":"https:\/\/www.iplay.com\/en\/#website","url":"https:\/\/www.iplay.com\/en\/","name":"IPlay","description":"The Best Casual Games!","publisher":{"@id":"https:\/\/www.iplay.com\/en\/#organization"},"potentialAction":[{"@type":"SearchAction","target":{"@type":"EntryPoint","urlTemplate":"https:\/\/www.iplay.com\/en\/?s={search_term_string}"},"query-input":{"@type":"PropertyValueSpecification","valueRequired":true,"valueName":"search_term_string"}}],"inLanguage":"de-DE"},{"@type":"Organization","@id":"https:\/\/www.iplay.com\/en\/#organization","name":"IPlay","url":"https:\/\/www.iplay.com\/en\/","logo":{"@type":"ImageObject","inLanguage":"de-DE","@id":"https:\/\/www.iplay.com\/en\/#\/schema\/logo\/image\/","url":"https:\/\/www.iplay.com\/wp-content\/uploads\/2023\/11\/Group-6100.svg","contentUrl":"https:\/\/www.iplay.com\/wp-content\/uploads\/2023\/11\/Group-6100.svg","width":98,"height":25,"caption":"IPlay"},"image":{"@id":"https:\/\/www.iplay.com\/en\/#\/schema\/logo\/image\/"}}]}},"_links":{"self":[{"href":"https:\/\/www.iplay.com\/de\/wp-json\/wp\/v2\/product\/140007","targetHints":{"allow":["GET"]}}],"collection":[{"href":"https:\/\/www.iplay.com\/de\/wp-json\/wp\/v2\/product"}],"about":[{"href":"https:\/\/www.iplay.com\/de\/wp-json\/wp\/v2\/types\/product"}],"author":[{"embeddable":true,"href":"https:\/\/www.iplay.com\/de\/wp-json\/wp\/v2\/users\/17"}],"replies":[{"embeddable":true,"href":"https:\/\/www.iplay.com\/de\/wp-json\/wp\/v2\/comments?post=140007"}],"wp:featuredmedia":[{"embeddable":true,"href":"https:\/\/www.iplay.com\/de\/wp-json\/wp\/v2\/media\/93410"}],"wp:attachment":[{"href":"https:\/\/www.iplay.com\/de\/wp-json\/wp\/v2\/media?parent=140007"}],"wp:term":[{"taxonomy":"product_brand","embeddable":true,"href":"https:\/\/www.iplay.com\/de\/wp-json\/wp\/v2\/product_brand?post=140007"},{"taxonomy":"product_cat","embeddable":true,"href":"https:\/\/www.iplay.com\/de\/wp-json\/wp\/v2\/product_cat?post=140007"},{"taxonomy":"product_tag","embeddable":true,"href":"https:\/\/www.iplay.com\/de\/wp-json\/wp\/v2\/product_tag?post=140007"}],"curies":[{"name":"wp","href":"https:\/\/api.w.org\/{rel}","templated":true}]}}