{"id":139918,"date":"2019-02-17T00:00:01","date_gmt":"2019-02-17T00:00:01","guid":{"rendered":"https:\/\/www.iplay.com\/games\/nevertales-hidden-doorway-collectors-edition\/"},"modified":"2019-02-17T00:00:01","modified_gmt":"2019-02-17T00:00:01","slug":"nevertales-hidden-doorway-collectors-edition","status":"publish","type":"product","link":"https:\/\/www.iplay.com\/de\/games\/nevertales-hidden-doorway-collectors-edition\/","title":{"rendered":"Nevertales: Hidden Doorway Collector&#8217;s Edition"},"content":{"rendered":"<p>Freut euch auf den neuesten Zuwachs in der <em>Nevertales-Sammlung<\/em> ! Dein Freund hat sich seit Tagen nicht mehr bei dir gemeldet und macht gerade ein Praktikum, um bei seiner Schreibblockade zu helfen. Was als unkomplizierter Check-in beginnt, um sein Wohlergehen zu gew\u00e4hrleisten, wird schnell unheimlich, als du feststellst, dass sein Geist nicht mehr in seinem K\u00f6rper ist! Was verbirgt sich hinter dem bedrohlichen Tor und wohin ist es verschwunden? Finde es in diesem spannenden Wimmelbild-Abenteuer heraus!    <\/p>\n<p>&nbsp;<\/p>\n<p>&nbsp;<\/p>\n<p><strong>Funktionen:<\/strong><\/p>\n<p>&nbsp;<\/p>\n<p>&#8211; Setze im Bonuskapitel der Korruption ein Ende, die Taleworld verschlingt!<\/p>\n<p>&#8211; Suchen Sie in jedem Wimmelbildr\u00e4tsel nach Objekten, die sich \u00e4ndern. Sammlerst\u00fccke k\u00f6nnen gesammelt werden, um weitere Inhalte zu enth\u00fcllen. Nutzen Sie Ians Buch, um die Erz\u00e4hlung zu Ihrem Vorteil zu nutzen!  <\/p>\n<p>&#8211; Verwenden Sie Musik, Profile und Hintergrundbilder, um Ihre Geschichte zu erz\u00e4hlen!<\/p>\n","protected":false},"excerpt":{"rendered":"<p>Das Erz\u00e4hlen von Geschichten kann t\u00f6dlich sein. Wirst du in der Lage sein, deinen Partner zu retten, bevor es zu sp\u00e4t ist?<\/p>\n","protected":false},"author":17,"featured_media":94213,"comment_status":"open","ping_status":"closed","template":"","meta":{"_acf_changed":false,"inline_featured_image":false},"product_brand":[],"product_cat":[164],"product_tag":[289],"class_list":{"0":"post-139918","1":"product","2":"type-product","3":"status-publish","4":"has-post-thumbnail","6":"product_cat-hidden-object-de","7":"product_tag-play-on-pc-de","9":"first","10":"instock","11":"shipping-taxable","12":"purchasable","13":"product-type-simple"},"acf":[],"yoast_head":"<!-- This site is optimized with the Yoast SEO Premium plugin v25.2 (Yoast SEO v25.2) - https:\/\/yoast.com\/wordpress\/plugins\/seo\/ -->\n<title>Nevertales: Hidden Doorway Collector&#039;s Edition - T\u00f6dliche Geschichten entfalten sich \u2013 rette deinen Freund, bevor es zu sp\u00e4t ist<\/title>\n<meta name=\"description\" content=\"Das Erz\u00e4hlen von Geschichten kann t\u00f6dlich sein. Wirst du in der Lage sein, deinen Partner zu retten, bevor es zu sp\u00e4t ist?\" \/>\n<meta name=\"robots\" content=\"index, follow, max-snippet:-1, max-image-preview:large, max-video-preview:-1\" \/>\n<link rel=\"canonical\" href=\"https:\/\/www.iplay.com\/de\/games\/nevertales-hidden-doorway-collectors-edition\/\" \/>\n<meta property=\"og:locale\" content=\"de_DE\" \/>\n<meta property=\"og:type\" content=\"article\" \/>\n<meta property=\"og:title\" content=\"Nevertales: Hidden Doorway Collector&#039;s Edition\" \/>\n<meta property=\"og:description\" content=\"Das Erz\u00e4hlen von Geschichten kann t\u00f6dlich sein. Wirst du in der Lage sein, deinen Partner zu retten, bevor es zu sp\u00e4t ist?\" \/>\n<meta property=\"og:url\" content=\"https:\/\/www.iplay.com\/de\/games\/nevertales-hidden-doorway-collectors-edition\/\" \/>\n<meta property=\"og:site_name\" content=\"IPlay\" \/>\n<meta property=\"og:image\" content=\"https:\/\/www.iplay.com\/wp-content\/uploads\/2023\/12\/large_square_tile_image-3405.jpg\" \/>\n\t<meta property=\"og:image:width\" content=\"310\" \/>\n\t<meta property=\"og:image:height\" content=\"310\" \/>\n\t<meta property=\"og:image:type\" content=\"image\/jpeg\" \/>\n<meta name=\"twitter:card\" content=\"summary_large_image\" \/>\n<meta name=\"twitter:label1\" content=\"Gesch\u00e4tzte Lesezeit\" \/>\n\t<meta name=\"twitter:data1\" content=\"1 Minute\" \/>\n<script type=\"application\/ld+json\" class=\"yoast-schema-graph\">{\"@context\":\"https:\/\/schema.org\",\"@graph\":[{\"@type\":\"WebPage\",\"@id\":\"https:\/\/www.iplay.com\/de\/games\/nevertales-hidden-doorway-collectors-edition\/\",\"url\":\"https:\/\/www.iplay.com\/de\/games\/nevertales-hidden-doorway-collectors-edition\/\",\"name\":\"Nevertales: Hidden Doorway Collector's Edition - T\u00f6dliche Geschichten entfalten sich \u2013 rette deinen Freund, bevor es zu sp\u00e4t ist\",\"isPartOf\":{\"@id\":\"https:\/\/www.iplay.com\/en\/#website\"},\"primaryImageOfPage\":{\"@id\":\"https:\/\/www.iplay.com\/de\/games\/nevertales-hidden-doorway-collectors-edition\/#primaryimage\"},\"image\":{\"@id\":\"https:\/\/www.iplay.com\/de\/games\/nevertales-hidden-doorway-collectors-edition\/#primaryimage\"},\"thumbnailUrl\":\"https:\/\/www.iplay.com\/wp-content\/uploads\/2023\/12\/large_square_tile_image-3405.jpg\",\"datePublished\":\"2019-02-17T00:00:01+00:00\",\"description\":\"Das Erz\u00e4hlen von Geschichten kann t\u00f6dlich sein. Wirst du in der Lage sein, deinen Partner zu retten, bevor es zu sp\u00e4t ist?\",\"breadcrumb\":{\"@id\":\"https:\/\/www.iplay.com\/de\/games\/nevertales-hidden-doorway-collectors-edition\/#breadcrumb\"},\"inLanguage\":\"de-DE\",\"potentialAction\":[{\"@type\":\"ReadAction\",\"target\":[\"https:\/\/www.iplay.com\/de\/games\/nevertales-hidden-doorway-collectors-edition\/\"]}]},{\"@type\":\"ImageObject\",\"inLanguage\":\"de-DE\",\"@id\":\"https:\/\/www.iplay.com\/de\/games\/nevertales-hidden-doorway-collectors-edition\/#primaryimage\",\"url\":\"https:\/\/www.iplay.com\/wp-content\/uploads\/2023\/12\/large_square_tile_image-3405.jpg\",\"contentUrl\":\"https:\/\/www.iplay.com\/wp-content\/uploads\/2023\/12\/large_square_tile_image-3405.jpg\",\"width\":310,\"height\":310},{\"@type\":\"BreadcrumbList\",\"@id\":\"https:\/\/www.iplay.com\/de\/games\/nevertales-hidden-doorway-collectors-edition\/#breadcrumb\",\"itemListElement\":[{\"@type\":\"ListItem\",\"position\":1,\"name\":\"Home\",\"item\":\"https:\/\/www.iplay.com\/de\/home-page-2\/\"},{\"@type\":\"ListItem\",\"position\":2,\"name\":\"Shop\",\"item\":\"https:\/\/www.iplay.com\/en\/shop\/\"},{\"@type\":\"ListItem\",\"position\":3,\"name\":\"Nevertales: Hidden Doorway Collector&#8217;s Edition\"}]},{\"@type\":\"WebSite\",\"@id\":\"https:\/\/www.iplay.com\/en\/#website\",\"url\":\"https:\/\/www.iplay.com\/en\/\",\"name\":\"IPlay\",\"description\":\"The Best Casual Games!\",\"publisher\":{\"@id\":\"https:\/\/www.iplay.com\/en\/#organization\"},\"potentialAction\":[{\"@type\":\"SearchAction\",\"target\":{\"@type\":\"EntryPoint\",\"urlTemplate\":\"https:\/\/www.iplay.com\/en\/?s={search_term_string}\"},\"query-input\":{\"@type\":\"PropertyValueSpecification\",\"valueRequired\":true,\"valueName\":\"search_term_string\"}}],\"inLanguage\":\"de-DE\"},{\"@type\":\"Organization\",\"@id\":\"https:\/\/www.iplay.com\/en\/#organization\",\"name\":\"IPlay\",\"url\":\"https:\/\/www.iplay.com\/en\/\",\"logo\":{\"@type\":\"ImageObject\",\"inLanguage\":\"de-DE\",\"@id\":\"https:\/\/www.iplay.com\/en\/#\/schema\/logo\/image\/\",\"url\":\"https:\/\/www.iplay.com\/wp-content\/uploads\/2023\/11\/Group-6100.svg\",\"contentUrl\":\"https:\/\/www.iplay.com\/wp-content\/uploads\/2023\/11\/Group-6100.svg\",\"width\":98,\"height\":25,\"caption\":\"IPlay\"},\"image\":{\"@id\":\"https:\/\/www.iplay.com\/en\/#\/schema\/logo\/image\/\"}}]}<\/script>\n<!-- \/ Yoast SEO Premium plugin. -->","yoast_head_json":{"title":"Nevertales: Hidden Doorway Collector's Edition - T\u00f6dliche Geschichten entfalten sich \u2013 rette deinen Freund, bevor es zu sp\u00e4t ist","description":"Das Erz\u00e4hlen von Geschichten kann t\u00f6dlich sein. Wirst du in der Lage sein, deinen Partner zu retten, bevor es zu sp\u00e4t ist?","robots":{"index":"index","follow":"follow","max-snippet":"max-snippet:-1","max-image-preview":"max-image-preview:large","max-video-preview":"max-video-preview:-1"},"canonical":"https:\/\/www.iplay.com\/de\/games\/nevertales-hidden-doorway-collectors-edition\/","og_locale":"de_DE","og_type":"article","og_title":"Nevertales: Hidden Doorway Collector's Edition","og_description":"Das Erz\u00e4hlen von Geschichten kann t\u00f6dlich sein. Wirst du in der Lage sein, deinen Partner zu retten, bevor es zu sp\u00e4t ist?","og_url":"https:\/\/www.iplay.com\/de\/games\/nevertales-hidden-doorway-collectors-edition\/","og_site_name":"IPlay","og_image":[{"width":310,"height":310,"url":"https:\/\/www.iplay.com\/wp-content\/uploads\/2023\/12\/large_square_tile_image-3405.jpg","type":"image\/jpeg"}],"twitter_card":"summary_large_image","twitter_misc":{"Gesch\u00e4tzte Lesezeit":"1 Minute"},"schema":{"@context":"https:\/\/schema.org","@graph":[{"@type":"WebPage","@id":"https:\/\/www.iplay.com\/de\/games\/nevertales-hidden-doorway-collectors-edition\/","url":"https:\/\/www.iplay.com\/de\/games\/nevertales-hidden-doorway-collectors-edition\/","name":"Nevertales: Hidden Doorway Collector's Edition - T\u00f6dliche Geschichten entfalten sich \u2013 rette deinen Freund, bevor es zu sp\u00e4t ist","isPartOf":{"@id":"https:\/\/www.iplay.com\/en\/#website"},"primaryImageOfPage":{"@id":"https:\/\/www.iplay.com\/de\/games\/nevertales-hidden-doorway-collectors-edition\/#primaryimage"},"image":{"@id":"https:\/\/www.iplay.com\/de\/games\/nevertales-hidden-doorway-collectors-edition\/#primaryimage"},"thumbnailUrl":"https:\/\/www.iplay.com\/wp-content\/uploads\/2023\/12\/large_square_tile_image-3405.jpg","datePublished":"2019-02-17T00:00:01+00:00","description":"Das Erz\u00e4hlen von Geschichten kann t\u00f6dlich sein. Wirst du in der Lage sein, deinen Partner zu retten, bevor es zu sp\u00e4t ist?","breadcrumb":{"@id":"https:\/\/www.iplay.com\/de\/games\/nevertales-hidden-doorway-collectors-edition\/#breadcrumb"},"inLanguage":"de-DE","potentialAction":[{"@type":"ReadAction","target":["https:\/\/www.iplay.com\/de\/games\/nevertales-hidden-doorway-collectors-edition\/"]}]},{"@type":"ImageObject","inLanguage":"de-DE","@id":"https:\/\/www.iplay.com\/de\/games\/nevertales-hidden-doorway-collectors-edition\/#primaryimage","url":"https:\/\/www.iplay.com\/wp-content\/uploads\/2023\/12\/large_square_tile_image-3405.jpg","contentUrl":"https:\/\/www.iplay.com\/wp-content\/uploads\/2023\/12\/large_square_tile_image-3405.jpg","width":310,"height":310},{"@type":"BreadcrumbList","@id":"https:\/\/www.iplay.com\/de\/games\/nevertales-hidden-doorway-collectors-edition\/#breadcrumb","itemListElement":[{"@type":"ListItem","position":1,"name":"Home","item":"https:\/\/www.iplay.com\/de\/home-page-2\/"},{"@type":"ListItem","position":2,"name":"Shop","item":"https:\/\/www.iplay.com\/en\/shop\/"},{"@type":"ListItem","position":3,"name":"Nevertales: Hidden Doorway Collector&#8217;s Edition"}]},{"@type":"WebSite","@id":"https:\/\/www.iplay.com\/en\/#website","url":"https:\/\/www.iplay.com\/en\/","name":"IPlay","description":"The Best Casual Games!","publisher":{"@id":"https:\/\/www.iplay.com\/en\/#organization"},"potentialAction":[{"@type":"SearchAction","target":{"@type":"EntryPoint","urlTemplate":"https:\/\/www.iplay.com\/en\/?s={search_term_string}"},"query-input":{"@type":"PropertyValueSpecification","valueRequired":true,"valueName":"search_term_string"}}],"inLanguage":"de-DE"},{"@type":"Organization","@id":"https:\/\/www.iplay.com\/en\/#organization","name":"IPlay","url":"https:\/\/www.iplay.com\/en\/","logo":{"@type":"ImageObject","inLanguage":"de-DE","@id":"https:\/\/www.iplay.com\/en\/#\/schema\/logo\/image\/","url":"https:\/\/www.iplay.com\/wp-content\/uploads\/2023\/11\/Group-6100.svg","contentUrl":"https:\/\/www.iplay.com\/wp-content\/uploads\/2023\/11\/Group-6100.svg","width":98,"height":25,"caption":"IPlay"},"image":{"@id":"https:\/\/www.iplay.com\/en\/#\/schema\/logo\/image\/"}}]}},"_links":{"self":[{"href":"https:\/\/www.iplay.com\/de\/wp-json\/wp\/v2\/product\/139918","targetHints":{"allow":["GET"]}}],"collection":[{"href":"https:\/\/www.iplay.com\/de\/wp-json\/wp\/v2\/product"}],"about":[{"href":"https:\/\/www.iplay.com\/de\/wp-json\/wp\/v2\/types\/product"}],"author":[{"embeddable":true,"href":"https:\/\/www.iplay.com\/de\/wp-json\/wp\/v2\/users\/17"}],"replies":[{"embeddable":true,"href":"https:\/\/www.iplay.com\/de\/wp-json\/wp\/v2\/comments?post=139918"}],"wp:featuredmedia":[{"embeddable":true,"href":"https:\/\/www.iplay.com\/de\/wp-json\/wp\/v2\/media\/94213"}],"wp:attachment":[{"href":"https:\/\/www.iplay.com\/de\/wp-json\/wp\/v2\/media?parent=139918"}],"wp:term":[{"taxonomy":"product_brand","embeddable":true,"href":"https:\/\/www.iplay.com\/de\/wp-json\/wp\/v2\/product_brand?post=139918"},{"taxonomy":"product_cat","embeddable":true,"href":"https:\/\/www.iplay.com\/de\/wp-json\/wp\/v2\/product_cat?post=139918"},{"taxonomy":"product_tag","embeddable":true,"href":"https:\/\/www.iplay.com\/de\/wp-json\/wp\/v2\/product_tag?post=139918"}],"curies":[{"name":"wp","href":"https:\/\/api.w.org\/{rel}","templated":true}]}}