{"id":139882,"date":"2019-10-24T00:00:00","date_gmt":"2019-10-24T00:00:00","guid":{"rendered":"https:\/\/www.iplay.com\/games\/mystery-trackers-the-fall-of-iron-rock-collectors-edition\/"},"modified":"2019-10-24T00:00:00","modified_gmt":"2019-10-24T00:00:00","slug":"mystery-trackers-the-fall-of-iron-rock-collectors-edition","status":"publish","type":"product","link":"https:\/\/www.iplay.com\/de\/games\/mystery-trackers-the-fall-of-iron-rock-collectors-edition\/","title":{"rendered":"Mystery Trackers: The Fall of Iron Rock Collector&#8217;s Edition"},"content":{"rendered":"<p>Werfen Sie einen Blick auf die neueste aufregende Ver\u00f6ffentlichung von <em>Mystery Trackers<\/em> ! Die Mystery Tracker haben es nach f\u00fcnf Jahren endlich geschafft, den m\u00f6glichen Aufenthaltsort Ihres vermissten Kollegen zu lokalisieren! Bei deiner Ankunft stellst du jedoch fest, dass Iron Rock nicht das Dorf ist, das du erwartet hast, sondern dass die Roboter des neuen B\u00fcrgermeisters in der Stadt patrouillieren und den \u00fcberlebenden B\u00fcrgern kaum eine Chance geben, zu entkommen! Kannst du deine au\u00dfergew\u00f6hnlichen investigativen F\u00e4higkeiten nutzen, um die Wahrheit aufzudecken und den Bewohnern zu helfen, rechtzeitig zu fliehen? Finde es in dieser aufregenden Wimmelbild-Reise heraus!<\/p>\n<p>&nbsp;<\/p>\n<p>&nbsp;<\/p>\n<p><strong>Funktionen:<\/strong><\/p>\n<p>&nbsp;<\/p>\n<p>&#8211; Dein Gef\u00e4hrte wurde in diesem ersten Fall als Trainee Mystery Trackers-Agent angegriffen!<\/p>\n<p>&#8211; Um sie zu retten, stelle dich den Dunklen F\u00e4hrtenlesern&#8230;<\/p>\n<p>&#8211; Schalte den Geheimraum frei, um deine Lieblings-Minispiele und Wimmelbildr\u00e4tsel erneut zu spielen!<\/p>\n<p>&#8211; Spiele immer schwierigere Minispiele!<\/p>\n<p>&#8211; Sammle mysteri\u00f6se Mineralien, um zus\u00e4tzliche Inhalte freizuschalten und Puzzleteile, morphende Objekte und Erfolge zu sammeln!<br \/>\n-Verwenden Sie immer den praktischen Strategieleitfaden mit einem Plan in der Hand.<\/p>\n","protected":false},"excerpt":{"rendered":"<p>In Mystery Trackers: The Fall of Iron Rock Collector&#8217;s Edition ist dies kein typisches Dorf.<\/p>\n","protected":false},"author":17,"featured_media":92261,"comment_status":"open","ping_status":"closed","template":"","meta":{"_acf_changed":false,"inline_featured_image":false},"product_brand":[],"product_cat":[164],"product_tag":[289],"class_list":{"0":"post-139882","1":"product","2":"type-product","3":"status-publish","4":"has-post-thumbnail","6":"product_cat-hidden-object-de","7":"product_tag-play-on-pc-de","9":"first","10":"instock","11":"shipping-taxable","12":"purchasable","13":"product-type-simple"},"acf":[],"yoast_head":"<!-- This site is optimized with the Yoast SEO Premium plugin v25.2 (Yoast SEO v25.2) - https:\/\/yoast.com\/wordpress\/plugins\/seo\/ -->\n<title>Mystery Trackers: Der Fall von Iron Rock Sammleredition - L\u00fcfte das R\u00e4tsel in Iron Rock, wo Geheimnisse darauf warten, entdeckt zu werden<\/title>\n<meta name=\"description\" content=\"In Mystery Trackers: The Fall of Iron Rock Collector&#039;s Edition ist dies kein typisches Dorf.\" \/>\n<meta name=\"robots\" content=\"index, follow, max-snippet:-1, max-image-preview:large, max-video-preview:-1\" \/>\n<link rel=\"canonical\" href=\"https:\/\/www.iplay.com\/de\/games\/mystery-trackers-the-fall-of-iron-rock-collectors-edition\/\" \/>\n<meta property=\"og:locale\" content=\"de_DE\" \/>\n<meta property=\"og:type\" content=\"article\" \/>\n<meta property=\"og:title\" content=\"Mystery Trackers: The Fall of Iron Rock Collector&#039;s Edition\" \/>\n<meta property=\"og:description\" content=\"In Mystery Trackers: The Fall of Iron Rock Collector&#039;s Edition ist dies kein typisches Dorf.\" \/>\n<meta property=\"og:url\" content=\"https:\/\/www.iplay.com\/de\/games\/mystery-trackers-the-fall-of-iron-rock-collectors-edition\/\" \/>\n<meta property=\"og:site_name\" content=\"IPlay\" \/>\n<meta property=\"og:image\" content=\"https:\/\/www.iplay.com\/wp-content\/uploads\/2023\/12\/large_square_tile_image-3282.jpg\" \/>\n\t<meta property=\"og:image:width\" content=\"310\" \/>\n\t<meta property=\"og:image:height\" content=\"310\" \/>\n\t<meta property=\"og:image:type\" content=\"image\/jpeg\" \/>\n<meta name=\"twitter:card\" content=\"summary_large_image\" \/>\n<meta name=\"twitter:label1\" content=\"Gesch\u00e4tzte Lesezeit\" \/>\n\t<meta name=\"twitter:data1\" content=\"1 Minute\" \/>\n<script type=\"application\/ld+json\" class=\"yoast-schema-graph\">{\"@context\":\"https:\/\/schema.org\",\"@graph\":[{\"@type\":\"WebPage\",\"@id\":\"https:\/\/www.iplay.com\/de\/games\/mystery-trackers-the-fall-of-iron-rock-collectors-edition\/\",\"url\":\"https:\/\/www.iplay.com\/de\/games\/mystery-trackers-the-fall-of-iron-rock-collectors-edition\/\",\"name\":\"Mystery Trackers: Der Fall von Iron Rock Sammleredition - L\u00fcfte das R\u00e4tsel in Iron Rock, wo Geheimnisse darauf warten, entdeckt zu werden\",\"isPartOf\":{\"@id\":\"https:\/\/www.iplay.com\/en\/#website\"},\"primaryImageOfPage\":{\"@id\":\"https:\/\/www.iplay.com\/de\/games\/mystery-trackers-the-fall-of-iron-rock-collectors-edition\/#primaryimage\"},\"image\":{\"@id\":\"https:\/\/www.iplay.com\/de\/games\/mystery-trackers-the-fall-of-iron-rock-collectors-edition\/#primaryimage\"},\"thumbnailUrl\":\"https:\/\/www.iplay.com\/wp-content\/uploads\/2023\/12\/large_square_tile_image-3282.jpg\",\"datePublished\":\"2019-10-24T00:00:00+00:00\",\"description\":\"In Mystery Trackers: The Fall of Iron Rock Collector's Edition ist dies kein typisches Dorf.\",\"breadcrumb\":{\"@id\":\"https:\/\/www.iplay.com\/de\/games\/mystery-trackers-the-fall-of-iron-rock-collectors-edition\/#breadcrumb\"},\"inLanguage\":\"de-DE\",\"potentialAction\":[{\"@type\":\"ReadAction\",\"target\":[\"https:\/\/www.iplay.com\/de\/games\/mystery-trackers-the-fall-of-iron-rock-collectors-edition\/\"]}]},{\"@type\":\"ImageObject\",\"inLanguage\":\"de-DE\",\"@id\":\"https:\/\/www.iplay.com\/de\/games\/mystery-trackers-the-fall-of-iron-rock-collectors-edition\/#primaryimage\",\"url\":\"https:\/\/www.iplay.com\/wp-content\/uploads\/2023\/12\/large_square_tile_image-3282.jpg\",\"contentUrl\":\"https:\/\/www.iplay.com\/wp-content\/uploads\/2023\/12\/large_square_tile_image-3282.jpg\",\"width\":310,\"height\":310},{\"@type\":\"BreadcrumbList\",\"@id\":\"https:\/\/www.iplay.com\/de\/games\/mystery-trackers-the-fall-of-iron-rock-collectors-edition\/#breadcrumb\",\"itemListElement\":[{\"@type\":\"ListItem\",\"position\":1,\"name\":\"Home\",\"item\":\"https:\/\/www.iplay.com\/de\/home-page-2\/\"},{\"@type\":\"ListItem\",\"position\":2,\"name\":\"Shop\",\"item\":\"https:\/\/www.iplay.com\/en\/shop\/\"},{\"@type\":\"ListItem\",\"position\":3,\"name\":\"Mystery Trackers: The Fall of Iron Rock Collector&#8217;s Edition\"}]},{\"@type\":\"WebSite\",\"@id\":\"https:\/\/www.iplay.com\/en\/#website\",\"url\":\"https:\/\/www.iplay.com\/en\/\",\"name\":\"IPlay\",\"description\":\"The Best Casual Games!\",\"publisher\":{\"@id\":\"https:\/\/www.iplay.com\/en\/#organization\"},\"potentialAction\":[{\"@type\":\"SearchAction\",\"target\":{\"@type\":\"EntryPoint\",\"urlTemplate\":\"https:\/\/www.iplay.com\/en\/?s={search_term_string}\"},\"query-input\":{\"@type\":\"PropertyValueSpecification\",\"valueRequired\":true,\"valueName\":\"search_term_string\"}}],\"inLanguage\":\"de-DE\"},{\"@type\":\"Organization\",\"@id\":\"https:\/\/www.iplay.com\/en\/#organization\",\"name\":\"IPlay\",\"url\":\"https:\/\/www.iplay.com\/en\/\",\"logo\":{\"@type\":\"ImageObject\",\"inLanguage\":\"de-DE\",\"@id\":\"https:\/\/www.iplay.com\/en\/#\/schema\/logo\/image\/\",\"url\":\"https:\/\/www.iplay.com\/wp-content\/uploads\/2023\/11\/Group-6100.svg\",\"contentUrl\":\"https:\/\/www.iplay.com\/wp-content\/uploads\/2023\/11\/Group-6100.svg\",\"width\":98,\"height\":25,\"caption\":\"IPlay\"},\"image\":{\"@id\":\"https:\/\/www.iplay.com\/en\/#\/schema\/logo\/image\/\"}}]}<\/script>\n<!-- \/ Yoast SEO Premium plugin. -->","yoast_head_json":{"title":"Mystery Trackers: Der Fall von Iron Rock Sammleredition - L\u00fcfte das R\u00e4tsel in Iron Rock, wo Geheimnisse darauf warten, entdeckt zu werden","description":"In Mystery Trackers: The Fall of Iron Rock Collector's Edition ist dies kein typisches Dorf.","robots":{"index":"index","follow":"follow","max-snippet":"max-snippet:-1","max-image-preview":"max-image-preview:large","max-video-preview":"max-video-preview:-1"},"canonical":"https:\/\/www.iplay.com\/de\/games\/mystery-trackers-the-fall-of-iron-rock-collectors-edition\/","og_locale":"de_DE","og_type":"article","og_title":"Mystery Trackers: The Fall of Iron Rock Collector's Edition","og_description":"In Mystery Trackers: The Fall of Iron Rock Collector's Edition ist dies kein typisches Dorf.","og_url":"https:\/\/www.iplay.com\/de\/games\/mystery-trackers-the-fall-of-iron-rock-collectors-edition\/","og_site_name":"IPlay","og_image":[{"width":310,"height":310,"url":"https:\/\/www.iplay.com\/wp-content\/uploads\/2023\/12\/large_square_tile_image-3282.jpg","type":"image\/jpeg"}],"twitter_card":"summary_large_image","twitter_misc":{"Gesch\u00e4tzte Lesezeit":"1 Minute"},"schema":{"@context":"https:\/\/schema.org","@graph":[{"@type":"WebPage","@id":"https:\/\/www.iplay.com\/de\/games\/mystery-trackers-the-fall-of-iron-rock-collectors-edition\/","url":"https:\/\/www.iplay.com\/de\/games\/mystery-trackers-the-fall-of-iron-rock-collectors-edition\/","name":"Mystery Trackers: Der Fall von Iron Rock Sammleredition - L\u00fcfte das R\u00e4tsel in Iron Rock, wo Geheimnisse darauf warten, entdeckt zu werden","isPartOf":{"@id":"https:\/\/www.iplay.com\/en\/#website"},"primaryImageOfPage":{"@id":"https:\/\/www.iplay.com\/de\/games\/mystery-trackers-the-fall-of-iron-rock-collectors-edition\/#primaryimage"},"image":{"@id":"https:\/\/www.iplay.com\/de\/games\/mystery-trackers-the-fall-of-iron-rock-collectors-edition\/#primaryimage"},"thumbnailUrl":"https:\/\/www.iplay.com\/wp-content\/uploads\/2023\/12\/large_square_tile_image-3282.jpg","datePublished":"2019-10-24T00:00:00+00:00","description":"In Mystery Trackers: The Fall of Iron Rock Collector's Edition ist dies kein typisches Dorf.","breadcrumb":{"@id":"https:\/\/www.iplay.com\/de\/games\/mystery-trackers-the-fall-of-iron-rock-collectors-edition\/#breadcrumb"},"inLanguage":"de-DE","potentialAction":[{"@type":"ReadAction","target":["https:\/\/www.iplay.com\/de\/games\/mystery-trackers-the-fall-of-iron-rock-collectors-edition\/"]}]},{"@type":"ImageObject","inLanguage":"de-DE","@id":"https:\/\/www.iplay.com\/de\/games\/mystery-trackers-the-fall-of-iron-rock-collectors-edition\/#primaryimage","url":"https:\/\/www.iplay.com\/wp-content\/uploads\/2023\/12\/large_square_tile_image-3282.jpg","contentUrl":"https:\/\/www.iplay.com\/wp-content\/uploads\/2023\/12\/large_square_tile_image-3282.jpg","width":310,"height":310},{"@type":"BreadcrumbList","@id":"https:\/\/www.iplay.com\/de\/games\/mystery-trackers-the-fall-of-iron-rock-collectors-edition\/#breadcrumb","itemListElement":[{"@type":"ListItem","position":1,"name":"Home","item":"https:\/\/www.iplay.com\/de\/home-page-2\/"},{"@type":"ListItem","position":2,"name":"Shop","item":"https:\/\/www.iplay.com\/en\/shop\/"},{"@type":"ListItem","position":3,"name":"Mystery Trackers: The Fall of Iron Rock Collector&#8217;s Edition"}]},{"@type":"WebSite","@id":"https:\/\/www.iplay.com\/en\/#website","url":"https:\/\/www.iplay.com\/en\/","name":"IPlay","description":"The Best Casual Games!","publisher":{"@id":"https:\/\/www.iplay.com\/en\/#organization"},"potentialAction":[{"@type":"SearchAction","target":{"@type":"EntryPoint","urlTemplate":"https:\/\/www.iplay.com\/en\/?s={search_term_string}"},"query-input":{"@type":"PropertyValueSpecification","valueRequired":true,"valueName":"search_term_string"}}],"inLanguage":"de-DE"},{"@type":"Organization","@id":"https:\/\/www.iplay.com\/en\/#organization","name":"IPlay","url":"https:\/\/www.iplay.com\/en\/","logo":{"@type":"ImageObject","inLanguage":"de-DE","@id":"https:\/\/www.iplay.com\/en\/#\/schema\/logo\/image\/","url":"https:\/\/www.iplay.com\/wp-content\/uploads\/2023\/11\/Group-6100.svg","contentUrl":"https:\/\/www.iplay.com\/wp-content\/uploads\/2023\/11\/Group-6100.svg","width":98,"height":25,"caption":"IPlay"},"image":{"@id":"https:\/\/www.iplay.com\/en\/#\/schema\/logo\/image\/"}}]}},"_links":{"self":[{"href":"https:\/\/www.iplay.com\/de\/wp-json\/wp\/v2\/product\/139882","targetHints":{"allow":["GET"]}}],"collection":[{"href":"https:\/\/www.iplay.com\/de\/wp-json\/wp\/v2\/product"}],"about":[{"href":"https:\/\/www.iplay.com\/de\/wp-json\/wp\/v2\/types\/product"}],"author":[{"embeddable":true,"href":"https:\/\/www.iplay.com\/de\/wp-json\/wp\/v2\/users\/17"}],"replies":[{"embeddable":true,"href":"https:\/\/www.iplay.com\/de\/wp-json\/wp\/v2\/comments?post=139882"}],"wp:featuredmedia":[{"embeddable":true,"href":"https:\/\/www.iplay.com\/de\/wp-json\/wp\/v2\/media\/92261"}],"wp:attachment":[{"href":"https:\/\/www.iplay.com\/de\/wp-json\/wp\/v2\/media?parent=139882"}],"wp:term":[{"taxonomy":"product_brand","embeddable":true,"href":"https:\/\/www.iplay.com\/de\/wp-json\/wp\/v2\/product_brand?post=139882"},{"taxonomy":"product_cat","embeddable":true,"href":"https:\/\/www.iplay.com\/de\/wp-json\/wp\/v2\/product_cat?post=139882"},{"taxonomy":"product_tag","embeddable":true,"href":"https:\/\/www.iplay.com\/de\/wp-json\/wp\/v2\/product_tag?post=139882"}],"curies":[{"name":"wp","href":"https:\/\/api.w.org\/{rel}","templated":true}]}}