{"id":139875,"date":"2019-10-22T00:00:00","date_gmt":"2019-10-22T00:00:00","guid":{"rendered":"https:\/\/www.iplay.com\/games\/endless-fables-shadow-within-collectors-edition\/"},"modified":"2019-10-22T00:00:00","modified_gmt":"2019-10-22T00:00:00","slug":"endless-fables-shadow-within-collectors-edition","status":"publish","type":"product","link":"https:\/\/www.iplay.com\/de\/games\/endless-fables-shadow-within-collectors-edition\/","title":{"rendered":"Endless Fables: Shadow Within Collector&#8217;s Edition"},"content":{"rendered":"<p>Genie\u00dfe den neuesten gruseligen Teil der Buchreihe <em>&#8220;Endless Fables<\/em> &#8220;! Du hast als Kind anderen erz\u00e4hlt, dass eine mysteri\u00f6se Person einen deiner Freunde entf\u00fchrt hat, aber niemand wollte dir glauben. Du bist jetzt zur\u00fcck in dein Haus, um deiner Freundin Agatha bei der endg\u00fcltigen L\u00f6sung des Falls zu helfen. Bahne dir deinen Weg durch schlaue Bestien und furchterregende R\u00e4tsel in der malerischen Mittenwalder Landschaft. Kannst du das Geheimnis des Sandmanns finden und deinem Freund helfen? Spiele dieses spannende Wimmelbild-Abenteuerspiel, um es herauszufinden!     <\/p>\n<p>&nbsp;<\/p>\n<p>&nbsp;<\/p>\n<p><strong>Funktionen:<\/strong><\/p>\n<p>&nbsp;<\/p>\n<p>&#8211; Spielen Sie das Bonusspiel, um mehr \u00fcber die Geschichte des Nightmare Realm zu erfahren!<\/p>\n<p>&#8211; Erzielen Sie herausragende Ergebnisse f\u00fcr Ihr herausragendes Spiel!<\/p>\n<p>&#8211; Finde versteckte Puzzleteile zum Sammeln in jedem Szenario.<\/p>\n<p>&#8211; Profitieren Sie von einzigartigen Hintergr\u00fcnden und mehr!<\/p>\n<p>&#8211; Vermeiden Sie es, sich zu verlaufen, indem Sie den Strategieleitfaden verwenden!<\/p>\n","protected":false},"excerpt":{"rendered":"<p>In der Collector&#8217;s Edition von Endless Fables: Shadow Within ruft der Prinz der Albtr\u00e4ume.<\/p>\n","protected":false},"author":17,"featured_media":92277,"comment_status":"open","ping_status":"closed","template":"","meta":{"_acf_changed":false,"inline_featured_image":false},"product_brand":[],"product_cat":[164],"product_tag":[289],"class_list":{"0":"post-139875","1":"product","2":"type-product","3":"status-publish","4":"has-post-thumbnail","6":"product_cat-hidden-object-de","7":"product_tag-play-on-pc-de","9":"first","10":"instock","11":"shipping-taxable","12":"purchasable","13":"product-type-simple"},"acf":[],"yoast_head":"<!-- This site is optimized with the Yoast SEO Premium plugin v25.2 (Yoast SEO v25.2) - https:\/\/yoast.com\/wordpress\/plugins\/seo\/ -->\n<title>Endless Fables: Shadow Within Collector&#039;s Edition - Prince of Nightmares ruft! (Endless Fables: Schatten innerhalb von CE)<\/title>\n<meta name=\"description\" content=\"In der Collector&#039;s Edition von Endless Fables: Shadow Within ruft der Prinz der Albtr\u00e4ume.\" \/>\n<meta name=\"robots\" content=\"index, follow, max-snippet:-1, max-image-preview:large, max-video-preview:-1\" \/>\n<link rel=\"canonical\" href=\"https:\/\/www.iplay.com\/de\/games\/endless-fables-shadow-within-collectors-edition\/\" \/>\n<meta property=\"og:locale\" content=\"de_DE\" \/>\n<meta property=\"og:type\" content=\"article\" \/>\n<meta property=\"og:title\" content=\"Endless Fables: Shadow Within Collector&#039;s Edition\" \/>\n<meta property=\"og:description\" content=\"In der Collector&#039;s Edition von Endless Fables: Shadow Within ruft der Prinz der Albtr\u00e4ume.\" \/>\n<meta property=\"og:url\" content=\"https:\/\/www.iplay.com\/de\/games\/endless-fables-shadow-within-collectors-edition\/\" \/>\n<meta property=\"og:site_name\" content=\"IPlay\" \/>\n<meta property=\"og:image\" content=\"https:\/\/www.iplay.com\/wp-content\/uploads\/2023\/12\/large_square_tile_image-3283.jpg\" \/>\n\t<meta property=\"og:image:width\" content=\"310\" \/>\n\t<meta property=\"og:image:height\" content=\"310\" \/>\n\t<meta property=\"og:image:type\" content=\"image\/jpeg\" \/>\n<meta name=\"twitter:card\" content=\"summary_large_image\" \/>\n<meta name=\"twitter:label1\" content=\"Gesch\u00e4tzte Lesezeit\" \/>\n\t<meta name=\"twitter:data1\" content=\"1 Minute\" \/>\n<script type=\"application\/ld+json\" class=\"yoast-schema-graph\">{\"@context\":\"https:\/\/schema.org\",\"@graph\":[{\"@type\":\"WebPage\",\"@id\":\"https:\/\/www.iplay.com\/de\/games\/endless-fables-shadow-within-collectors-edition\/\",\"url\":\"https:\/\/www.iplay.com\/de\/games\/endless-fables-shadow-within-collectors-edition\/\",\"name\":\"Endless Fables: Shadow Within Collector's Edition - Prince of Nightmares ruft! (Endless Fables: Schatten innerhalb von CE)\",\"isPartOf\":{\"@id\":\"https:\/\/www.iplay.com\/en\/#website\"},\"primaryImageOfPage\":{\"@id\":\"https:\/\/www.iplay.com\/de\/games\/endless-fables-shadow-within-collectors-edition\/#primaryimage\"},\"image\":{\"@id\":\"https:\/\/www.iplay.com\/de\/games\/endless-fables-shadow-within-collectors-edition\/#primaryimage\"},\"thumbnailUrl\":\"https:\/\/www.iplay.com\/wp-content\/uploads\/2023\/12\/large_square_tile_image-3283.jpg\",\"datePublished\":\"2019-10-22T00:00:00+00:00\",\"description\":\"In der Collector's Edition von Endless Fables: Shadow Within ruft der Prinz der Albtr\u00e4ume.\",\"breadcrumb\":{\"@id\":\"https:\/\/www.iplay.com\/de\/games\/endless-fables-shadow-within-collectors-edition\/#breadcrumb\"},\"inLanguage\":\"de-DE\",\"potentialAction\":[{\"@type\":\"ReadAction\",\"target\":[\"https:\/\/www.iplay.com\/de\/games\/endless-fables-shadow-within-collectors-edition\/\"]}]},{\"@type\":\"ImageObject\",\"inLanguage\":\"de-DE\",\"@id\":\"https:\/\/www.iplay.com\/de\/games\/endless-fables-shadow-within-collectors-edition\/#primaryimage\",\"url\":\"https:\/\/www.iplay.com\/wp-content\/uploads\/2023\/12\/large_square_tile_image-3283.jpg\",\"contentUrl\":\"https:\/\/www.iplay.com\/wp-content\/uploads\/2023\/12\/large_square_tile_image-3283.jpg\",\"width\":310,\"height\":310},{\"@type\":\"BreadcrumbList\",\"@id\":\"https:\/\/www.iplay.com\/de\/games\/endless-fables-shadow-within-collectors-edition\/#breadcrumb\",\"itemListElement\":[{\"@type\":\"ListItem\",\"position\":1,\"name\":\"Home\",\"item\":\"https:\/\/www.iplay.com\/de\/home-page-2\/\"},{\"@type\":\"ListItem\",\"position\":2,\"name\":\"Shop\",\"item\":\"https:\/\/www.iplay.com\/en\/shop\/\"},{\"@type\":\"ListItem\",\"position\":3,\"name\":\"Endless Fables: Shadow Within Collector&#8217;s Edition\"}]},{\"@type\":\"WebSite\",\"@id\":\"https:\/\/www.iplay.com\/en\/#website\",\"url\":\"https:\/\/www.iplay.com\/en\/\",\"name\":\"IPlay\",\"description\":\"The Best Casual Games!\",\"publisher\":{\"@id\":\"https:\/\/www.iplay.com\/en\/#organization\"},\"potentialAction\":[{\"@type\":\"SearchAction\",\"target\":{\"@type\":\"EntryPoint\",\"urlTemplate\":\"https:\/\/www.iplay.com\/en\/?s={search_term_string}\"},\"query-input\":{\"@type\":\"PropertyValueSpecification\",\"valueRequired\":true,\"valueName\":\"search_term_string\"}}],\"inLanguage\":\"de-DE\"},{\"@type\":\"Organization\",\"@id\":\"https:\/\/www.iplay.com\/en\/#organization\",\"name\":\"IPlay\",\"url\":\"https:\/\/www.iplay.com\/en\/\",\"logo\":{\"@type\":\"ImageObject\",\"inLanguage\":\"de-DE\",\"@id\":\"https:\/\/www.iplay.com\/en\/#\/schema\/logo\/image\/\",\"url\":\"https:\/\/www.iplay.com\/wp-content\/uploads\/2023\/11\/Group-6100.svg\",\"contentUrl\":\"https:\/\/www.iplay.com\/wp-content\/uploads\/2023\/11\/Group-6100.svg\",\"width\":98,\"height\":25,\"caption\":\"IPlay\"},\"image\":{\"@id\":\"https:\/\/www.iplay.com\/en\/#\/schema\/logo\/image\/\"}}]}<\/script>\n<!-- \/ Yoast SEO Premium plugin. -->","yoast_head_json":{"title":"Endless Fables: Shadow Within Collector's Edition - Prince of Nightmares ruft! (Endless Fables: Schatten innerhalb von CE)","description":"In der Collector's Edition von Endless Fables: Shadow Within ruft der Prinz der Albtr\u00e4ume.","robots":{"index":"index","follow":"follow","max-snippet":"max-snippet:-1","max-image-preview":"max-image-preview:large","max-video-preview":"max-video-preview:-1"},"canonical":"https:\/\/www.iplay.com\/de\/games\/endless-fables-shadow-within-collectors-edition\/","og_locale":"de_DE","og_type":"article","og_title":"Endless Fables: Shadow Within Collector's Edition","og_description":"In der Collector's Edition von Endless Fables: Shadow Within ruft der Prinz der Albtr\u00e4ume.","og_url":"https:\/\/www.iplay.com\/de\/games\/endless-fables-shadow-within-collectors-edition\/","og_site_name":"IPlay","og_image":[{"width":310,"height":310,"url":"https:\/\/www.iplay.com\/wp-content\/uploads\/2023\/12\/large_square_tile_image-3283.jpg","type":"image\/jpeg"}],"twitter_card":"summary_large_image","twitter_misc":{"Gesch\u00e4tzte Lesezeit":"1 Minute"},"schema":{"@context":"https:\/\/schema.org","@graph":[{"@type":"WebPage","@id":"https:\/\/www.iplay.com\/de\/games\/endless-fables-shadow-within-collectors-edition\/","url":"https:\/\/www.iplay.com\/de\/games\/endless-fables-shadow-within-collectors-edition\/","name":"Endless Fables: Shadow Within Collector's Edition - Prince of Nightmares ruft! (Endless Fables: Schatten innerhalb von CE)","isPartOf":{"@id":"https:\/\/www.iplay.com\/en\/#website"},"primaryImageOfPage":{"@id":"https:\/\/www.iplay.com\/de\/games\/endless-fables-shadow-within-collectors-edition\/#primaryimage"},"image":{"@id":"https:\/\/www.iplay.com\/de\/games\/endless-fables-shadow-within-collectors-edition\/#primaryimage"},"thumbnailUrl":"https:\/\/www.iplay.com\/wp-content\/uploads\/2023\/12\/large_square_tile_image-3283.jpg","datePublished":"2019-10-22T00:00:00+00:00","description":"In der Collector's Edition von Endless Fables: Shadow Within ruft der Prinz der Albtr\u00e4ume.","breadcrumb":{"@id":"https:\/\/www.iplay.com\/de\/games\/endless-fables-shadow-within-collectors-edition\/#breadcrumb"},"inLanguage":"de-DE","potentialAction":[{"@type":"ReadAction","target":["https:\/\/www.iplay.com\/de\/games\/endless-fables-shadow-within-collectors-edition\/"]}]},{"@type":"ImageObject","inLanguage":"de-DE","@id":"https:\/\/www.iplay.com\/de\/games\/endless-fables-shadow-within-collectors-edition\/#primaryimage","url":"https:\/\/www.iplay.com\/wp-content\/uploads\/2023\/12\/large_square_tile_image-3283.jpg","contentUrl":"https:\/\/www.iplay.com\/wp-content\/uploads\/2023\/12\/large_square_tile_image-3283.jpg","width":310,"height":310},{"@type":"BreadcrumbList","@id":"https:\/\/www.iplay.com\/de\/games\/endless-fables-shadow-within-collectors-edition\/#breadcrumb","itemListElement":[{"@type":"ListItem","position":1,"name":"Home","item":"https:\/\/www.iplay.com\/de\/home-page-2\/"},{"@type":"ListItem","position":2,"name":"Shop","item":"https:\/\/www.iplay.com\/en\/shop\/"},{"@type":"ListItem","position":3,"name":"Endless Fables: Shadow Within Collector&#8217;s Edition"}]},{"@type":"WebSite","@id":"https:\/\/www.iplay.com\/en\/#website","url":"https:\/\/www.iplay.com\/en\/","name":"IPlay","description":"The Best Casual Games!","publisher":{"@id":"https:\/\/www.iplay.com\/en\/#organization"},"potentialAction":[{"@type":"SearchAction","target":{"@type":"EntryPoint","urlTemplate":"https:\/\/www.iplay.com\/en\/?s={search_term_string}"},"query-input":{"@type":"PropertyValueSpecification","valueRequired":true,"valueName":"search_term_string"}}],"inLanguage":"de-DE"},{"@type":"Organization","@id":"https:\/\/www.iplay.com\/en\/#organization","name":"IPlay","url":"https:\/\/www.iplay.com\/en\/","logo":{"@type":"ImageObject","inLanguage":"de-DE","@id":"https:\/\/www.iplay.com\/en\/#\/schema\/logo\/image\/","url":"https:\/\/www.iplay.com\/wp-content\/uploads\/2023\/11\/Group-6100.svg","contentUrl":"https:\/\/www.iplay.com\/wp-content\/uploads\/2023\/11\/Group-6100.svg","width":98,"height":25,"caption":"IPlay"},"image":{"@id":"https:\/\/www.iplay.com\/en\/#\/schema\/logo\/image\/"}}]}},"_links":{"self":[{"href":"https:\/\/www.iplay.com\/de\/wp-json\/wp\/v2\/product\/139875","targetHints":{"allow":["GET"]}}],"collection":[{"href":"https:\/\/www.iplay.com\/de\/wp-json\/wp\/v2\/product"}],"about":[{"href":"https:\/\/www.iplay.com\/de\/wp-json\/wp\/v2\/types\/product"}],"author":[{"embeddable":true,"href":"https:\/\/www.iplay.com\/de\/wp-json\/wp\/v2\/users\/17"}],"replies":[{"embeddable":true,"href":"https:\/\/www.iplay.com\/de\/wp-json\/wp\/v2\/comments?post=139875"}],"wp:featuredmedia":[{"embeddable":true,"href":"https:\/\/www.iplay.com\/de\/wp-json\/wp\/v2\/media\/92277"}],"wp:attachment":[{"href":"https:\/\/www.iplay.com\/de\/wp-json\/wp\/v2\/media?parent=139875"}],"wp:term":[{"taxonomy":"product_brand","embeddable":true,"href":"https:\/\/www.iplay.com\/de\/wp-json\/wp\/v2\/product_brand?post=139875"},{"taxonomy":"product_cat","embeddable":true,"href":"https:\/\/www.iplay.com\/de\/wp-json\/wp\/v2\/product_cat?post=139875"},{"taxonomy":"product_tag","embeddable":true,"href":"https:\/\/www.iplay.com\/de\/wp-json\/wp\/v2\/product_tag?post=139875"}],"curies":[{"name":"wp","href":"https:\/\/api.w.org\/{rel}","templated":true}]}}