{"id":139855,"date":"2019-10-16T00:00:00","date_gmt":"2019-10-16T00:00:00","guid":{"rendered":"https:\/\/www.iplay.com\/games\/great-match-3-games-pack-volume-2\/"},"modified":"2019-10-16T00:00:00","modified_gmt":"2019-10-16T00:00:00","slug":"great-match-3-games-pack-volume-2","status":"publish","type":"product","link":"https:\/\/www.iplay.com\/de\/games\/great-match-3-games-pack-volume-2\/","title":{"rendered":"Great Match-3 Games Pack Volume 2"},"content":{"rendered":"<p>Dieses aufregende Bundle enth\u00e4lt vier fantastische Match-3-Spiele! Diese vier Produkte werden Sie mit ihrem einzigartigen Gameplay und ihrer sch\u00f6nen Grafik stundenlang besch\u00e4ftigen&#8230; <\/p>\n<p>&nbsp;<\/p>\n<p><strong>MatchVentures (Englisch)<\/strong><\/p>\n<p>Erkunde die Verliese von Cliffmont Castle in diesem faszinierenden neuen Match-3-Abenteuer! W\u00e4hrend du in den Tiefen nach unbezahlbaren Materialien suchst, um die Burg zu reparieren, die vom dunklen Drachenmeister Dragor zerst\u00f6rt wurde, durchquerst du riesige Levels und meisterst Dutzende von Herausforderungen. Bek\u00e4mpfe Feinde, erkunde Tunnel und l\u00f6se R\u00e4tsel mit der Hilfe deines einzigen Verb\u00fcndeten, dem Kobold Finley und seinen Zwergen.  <\/p>\n<p>&nbsp;<\/p>\n<p><strong>MatchVentures 2<\/strong><\/p>\n<p>Enth\u00fclle die Geheimnisse von Cliffmont Castle in diesem bezaubernden Match-3-Abenteuer! Erkunde auf deiner Wanderung durch die riesigen Dungeons weitl\u00e4ufige Levels, erhalte wertvolle Sch\u00e4tze und l\u00f6se schwierige R\u00e4tsel. Aber Vorsicht: Der schreckliche Drachenmeister Dragor ist mit seiner b\u00f6sen Legion ins Crimson Valley zur\u00fcckgekehrt. K\u00e4mpfe gegen Widersacher, erkunde seltsame Tunnel und errichte Festungen, um das Reich mit Hilfe von Finley, dem Kobold, vor der b\u00f6sen Invasion zu verteidigen.   <\/p>\n<p>&nbsp;<\/p>\n<p><strong>Rory&#8217;s Restaurant<\/strong><\/p>\n<p>Rory hat gerade die Kochschule abgeschlossen, aber sie ist zu pleite, um ihre Studienkredite abzubezahlen! Dann beschlie\u00dft sie, ihr eigenes kleines Restaurant zu er\u00f6ffnen, um ihre Schulden zu begleichen! Betreten Sie Rory&#8217;s Restaurant, ein fantastisches Match-3- und Kochspiel! Dieses Spiel hat Genres, die dir sicher gefallen werden und mit denen du wahrscheinlich bereits vertraut bist: 3-Gewinnt, Wimmelbild und ein Tipp-Minispiel!   <\/p>\n<p>&nbsp;<\/p>\n<p><strong>Rory&#8217;s Restaurant &#8211; Winter Rush<\/strong><\/p>\n<p>Folge Rory, als sie nach dem Erfolg ihres ersten Restaurants in ihre Heimatstadt zur\u00fcckkehrt! Servieren Sie der exzentrischen Kundschaft und den ungeduldigen VIPs 18 verschiedene internationale Rezepte. Minispiele wie versteckte Gegenst\u00e4nde und Dessert sind ebenfalls verf\u00fcgbar. Rory&#8217;s Restaurant Winter Rush bietet eine unglaubliche Mischung aus Match-3-Spiel-Kochthemen, die allen Spa\u00df macht!<\/p>\n","protected":false},"excerpt":{"rendered":"<p>Es ist zur\u00fcckgekehrt! Die beste Match-3-Kollektion, die je zusammengestellt wurde! <\/p>\n","protected":false},"author":20,"featured_media":84423,"comment_status":"open","ping_status":"closed","template":"","meta":{"_acf_changed":false,"inline_featured_image":false},"product_brand":[],"product_cat":[176,201],"product_tag":[289],"class_list":{"0":"post-139855","1":"product","2":"type-product","3":"status-publish","4":"has-post-thumbnail","6":"product_cat-match-3-de","7":"product_cat-removed-content-de","8":"product_tag-play-on-pc-de","10":"first","11":"instock","12":"shipping-taxable","13":"purchasable","14":"product-type-simple"},"acf":[],"yoast_head":"<!-- This site is optimized with the Yoast SEO Premium plugin v25.2 (Yoast SEO v25.2) - https:\/\/yoast.com\/wordpress\/plugins\/seo\/ -->\n<title>Gro\u00dfartiges Match-3-Spielepaket Volume 2 - Erleben Sie das beste Match-3-Bundle aller Zeiten<\/title>\n<meta name=\"description\" content=\"Es ist zur\u00fcckgekehrt! Die beste Match-3-Kollektion, die je zusammengestellt wurde!\" \/>\n<meta name=\"robots\" content=\"index, follow, max-snippet:-1, max-image-preview:large, max-video-preview:-1\" \/>\n<link rel=\"canonical\" href=\"https:\/\/www.iplay.com\/de\/games\/great-match-3-games-pack-volume-2\/\" \/>\n<meta property=\"og:locale\" content=\"de_DE\" \/>\n<meta property=\"og:type\" content=\"article\" \/>\n<meta property=\"og:title\" content=\"Great Match-3 Games Pack Volume 2\" \/>\n<meta property=\"og:description\" content=\"Es ist zur\u00fcckgekehrt! Die beste Match-3-Kollektion, die je zusammengestellt wurde!\" \/>\n<meta property=\"og:url\" content=\"https:\/\/www.iplay.com\/de\/games\/great-match-3-games-pack-volume-2\/\" \/>\n<meta property=\"og:site_name\" content=\"IPlay\" \/>\n<meta property=\"og:image\" content=\"https:\/\/www.iplay.com\/wp-content\/uploads\/2023\/12\/large_square_tile_image-2787.jpg\" \/>\n\t<meta property=\"og:image:width\" content=\"310\" \/>\n\t<meta property=\"og:image:height\" content=\"310\" \/>\n\t<meta property=\"og:image:type\" content=\"image\/jpeg\" \/>\n<meta name=\"twitter:card\" content=\"summary_large_image\" \/>\n<meta name=\"twitter:label1\" content=\"Gesch\u00e4tzte Lesezeit\" \/>\n\t<meta name=\"twitter:data1\" content=\"1 Minute\" \/>\n<script type=\"application\/ld+json\" class=\"yoast-schema-graph\">{\"@context\":\"https:\/\/schema.org\",\"@graph\":[{\"@type\":\"WebPage\",\"@id\":\"https:\/\/www.iplay.com\/de\/games\/great-match-3-games-pack-volume-2\/\",\"url\":\"https:\/\/www.iplay.com\/de\/games\/great-match-3-games-pack-volume-2\/\",\"name\":\"Gro\u00dfartiges Match-3-Spielepaket Volume 2 - Erleben Sie das beste Match-3-Bundle aller Zeiten\",\"isPartOf\":{\"@id\":\"https:\/\/www.iplay.com\/en\/#website\"},\"primaryImageOfPage\":{\"@id\":\"https:\/\/www.iplay.com\/de\/games\/great-match-3-games-pack-volume-2\/#primaryimage\"},\"image\":{\"@id\":\"https:\/\/www.iplay.com\/de\/games\/great-match-3-games-pack-volume-2\/#primaryimage\"},\"thumbnailUrl\":\"https:\/\/www.iplay.com\/wp-content\/uploads\/2023\/12\/large_square_tile_image-2787.jpg\",\"datePublished\":\"2019-10-16T00:00:00+00:00\",\"description\":\"Es ist zur\u00fcckgekehrt! Die beste Match-3-Kollektion, die je zusammengestellt wurde!\",\"breadcrumb\":{\"@id\":\"https:\/\/www.iplay.com\/de\/games\/great-match-3-games-pack-volume-2\/#breadcrumb\"},\"inLanguage\":\"de-DE\",\"potentialAction\":[{\"@type\":\"ReadAction\",\"target\":[\"https:\/\/www.iplay.com\/de\/games\/great-match-3-games-pack-volume-2\/\"]}]},{\"@type\":\"ImageObject\",\"inLanguage\":\"de-DE\",\"@id\":\"https:\/\/www.iplay.com\/de\/games\/great-match-3-games-pack-volume-2\/#primaryimage\",\"url\":\"https:\/\/www.iplay.com\/wp-content\/uploads\/2023\/12\/large_square_tile_image-2787.jpg\",\"contentUrl\":\"https:\/\/www.iplay.com\/wp-content\/uploads\/2023\/12\/large_square_tile_image-2787.jpg\",\"width\":310,\"height\":310},{\"@type\":\"BreadcrumbList\",\"@id\":\"https:\/\/www.iplay.com\/de\/games\/great-match-3-games-pack-volume-2\/#breadcrumb\",\"itemListElement\":[{\"@type\":\"ListItem\",\"position\":1,\"name\":\"Home\",\"item\":\"https:\/\/www.iplay.com\/de\/home-page-2\/\"},{\"@type\":\"ListItem\",\"position\":2,\"name\":\"Shop\",\"item\":\"https:\/\/www.iplay.com\/en\/shop\/\"},{\"@type\":\"ListItem\",\"position\":3,\"name\":\"Great Match-3 Games Pack Volume 2\"}]},{\"@type\":\"WebSite\",\"@id\":\"https:\/\/www.iplay.com\/en\/#website\",\"url\":\"https:\/\/www.iplay.com\/en\/\",\"name\":\"IPlay\",\"description\":\"The Best Casual Games!\",\"publisher\":{\"@id\":\"https:\/\/www.iplay.com\/en\/#organization\"},\"potentialAction\":[{\"@type\":\"SearchAction\",\"target\":{\"@type\":\"EntryPoint\",\"urlTemplate\":\"https:\/\/www.iplay.com\/en\/?s={search_term_string}\"},\"query-input\":{\"@type\":\"PropertyValueSpecification\",\"valueRequired\":true,\"valueName\":\"search_term_string\"}}],\"inLanguage\":\"de-DE\"},{\"@type\":\"Organization\",\"@id\":\"https:\/\/www.iplay.com\/en\/#organization\",\"name\":\"IPlay\",\"url\":\"https:\/\/www.iplay.com\/en\/\",\"logo\":{\"@type\":\"ImageObject\",\"inLanguage\":\"de-DE\",\"@id\":\"https:\/\/www.iplay.com\/en\/#\/schema\/logo\/image\/\",\"url\":\"https:\/\/www.iplay.com\/wp-content\/uploads\/2023\/11\/Group-6100.svg\",\"contentUrl\":\"https:\/\/www.iplay.com\/wp-content\/uploads\/2023\/11\/Group-6100.svg\",\"width\":98,\"height\":25,\"caption\":\"IPlay\"},\"image\":{\"@id\":\"https:\/\/www.iplay.com\/en\/#\/schema\/logo\/image\/\"}}]}<\/script>\n<!-- \/ Yoast SEO Premium plugin. -->","yoast_head_json":{"title":"Gro\u00dfartiges Match-3-Spielepaket Volume 2 - Erleben Sie das beste Match-3-Bundle aller Zeiten","description":"Es ist zur\u00fcckgekehrt! Die beste Match-3-Kollektion, die je zusammengestellt wurde!","robots":{"index":"index","follow":"follow","max-snippet":"max-snippet:-1","max-image-preview":"max-image-preview:large","max-video-preview":"max-video-preview:-1"},"canonical":"https:\/\/www.iplay.com\/de\/games\/great-match-3-games-pack-volume-2\/","og_locale":"de_DE","og_type":"article","og_title":"Great Match-3 Games Pack Volume 2","og_description":"Es ist zur\u00fcckgekehrt! Die beste Match-3-Kollektion, die je zusammengestellt wurde!","og_url":"https:\/\/www.iplay.com\/de\/games\/great-match-3-games-pack-volume-2\/","og_site_name":"IPlay","og_image":[{"width":310,"height":310,"url":"https:\/\/www.iplay.com\/wp-content\/uploads\/2023\/12\/large_square_tile_image-2787.jpg","type":"image\/jpeg"}],"twitter_card":"summary_large_image","twitter_misc":{"Gesch\u00e4tzte Lesezeit":"1 Minute"},"schema":{"@context":"https:\/\/schema.org","@graph":[{"@type":"WebPage","@id":"https:\/\/www.iplay.com\/de\/games\/great-match-3-games-pack-volume-2\/","url":"https:\/\/www.iplay.com\/de\/games\/great-match-3-games-pack-volume-2\/","name":"Gro\u00dfartiges Match-3-Spielepaket Volume 2 - Erleben Sie das beste Match-3-Bundle aller Zeiten","isPartOf":{"@id":"https:\/\/www.iplay.com\/en\/#website"},"primaryImageOfPage":{"@id":"https:\/\/www.iplay.com\/de\/games\/great-match-3-games-pack-volume-2\/#primaryimage"},"image":{"@id":"https:\/\/www.iplay.com\/de\/games\/great-match-3-games-pack-volume-2\/#primaryimage"},"thumbnailUrl":"https:\/\/www.iplay.com\/wp-content\/uploads\/2023\/12\/large_square_tile_image-2787.jpg","datePublished":"2019-10-16T00:00:00+00:00","description":"Es ist zur\u00fcckgekehrt! Die beste Match-3-Kollektion, die je zusammengestellt wurde!","breadcrumb":{"@id":"https:\/\/www.iplay.com\/de\/games\/great-match-3-games-pack-volume-2\/#breadcrumb"},"inLanguage":"de-DE","potentialAction":[{"@type":"ReadAction","target":["https:\/\/www.iplay.com\/de\/games\/great-match-3-games-pack-volume-2\/"]}]},{"@type":"ImageObject","inLanguage":"de-DE","@id":"https:\/\/www.iplay.com\/de\/games\/great-match-3-games-pack-volume-2\/#primaryimage","url":"https:\/\/www.iplay.com\/wp-content\/uploads\/2023\/12\/large_square_tile_image-2787.jpg","contentUrl":"https:\/\/www.iplay.com\/wp-content\/uploads\/2023\/12\/large_square_tile_image-2787.jpg","width":310,"height":310},{"@type":"BreadcrumbList","@id":"https:\/\/www.iplay.com\/de\/games\/great-match-3-games-pack-volume-2\/#breadcrumb","itemListElement":[{"@type":"ListItem","position":1,"name":"Home","item":"https:\/\/www.iplay.com\/de\/home-page-2\/"},{"@type":"ListItem","position":2,"name":"Shop","item":"https:\/\/www.iplay.com\/en\/shop\/"},{"@type":"ListItem","position":3,"name":"Great Match-3 Games Pack Volume 2"}]},{"@type":"WebSite","@id":"https:\/\/www.iplay.com\/en\/#website","url":"https:\/\/www.iplay.com\/en\/","name":"IPlay","description":"The Best Casual Games!","publisher":{"@id":"https:\/\/www.iplay.com\/en\/#organization"},"potentialAction":[{"@type":"SearchAction","target":{"@type":"EntryPoint","urlTemplate":"https:\/\/www.iplay.com\/en\/?s={search_term_string}"},"query-input":{"@type":"PropertyValueSpecification","valueRequired":true,"valueName":"search_term_string"}}],"inLanguage":"de-DE"},{"@type":"Organization","@id":"https:\/\/www.iplay.com\/en\/#organization","name":"IPlay","url":"https:\/\/www.iplay.com\/en\/","logo":{"@type":"ImageObject","inLanguage":"de-DE","@id":"https:\/\/www.iplay.com\/en\/#\/schema\/logo\/image\/","url":"https:\/\/www.iplay.com\/wp-content\/uploads\/2023\/11\/Group-6100.svg","contentUrl":"https:\/\/www.iplay.com\/wp-content\/uploads\/2023\/11\/Group-6100.svg","width":98,"height":25,"caption":"IPlay"},"image":{"@id":"https:\/\/www.iplay.com\/en\/#\/schema\/logo\/image\/"}}]}},"_links":{"self":[{"href":"https:\/\/www.iplay.com\/de\/wp-json\/wp\/v2\/product\/139855","targetHints":{"allow":["GET"]}}],"collection":[{"href":"https:\/\/www.iplay.com\/de\/wp-json\/wp\/v2\/product"}],"about":[{"href":"https:\/\/www.iplay.com\/de\/wp-json\/wp\/v2\/types\/product"}],"author":[{"embeddable":true,"href":"https:\/\/www.iplay.com\/de\/wp-json\/wp\/v2\/users\/20"}],"replies":[{"embeddable":true,"href":"https:\/\/www.iplay.com\/de\/wp-json\/wp\/v2\/comments?post=139855"}],"wp:featuredmedia":[{"embeddable":true,"href":"https:\/\/www.iplay.com\/de\/wp-json\/wp\/v2\/media\/84423"}],"wp:attachment":[{"href":"https:\/\/www.iplay.com\/de\/wp-json\/wp\/v2\/media?parent=139855"}],"wp:term":[{"taxonomy":"product_brand","embeddable":true,"href":"https:\/\/www.iplay.com\/de\/wp-json\/wp\/v2\/product_brand?post=139855"},{"taxonomy":"product_cat","embeddable":true,"href":"https:\/\/www.iplay.com\/de\/wp-json\/wp\/v2\/product_cat?post=139855"},{"taxonomy":"product_tag","embeddable":true,"href":"https:\/\/www.iplay.com\/de\/wp-json\/wp\/v2\/product_tag?post=139855"}],"curies":[{"name":"wp","href":"https:\/\/api.w.org\/{rel}","templated":true}]}}