{"id":139826,"date":"2019-10-06T00:00:01","date_gmt":"2019-10-06T00:00:01","guid":{"rendered":"https:\/\/www.iplay.com\/games\/nevertales-the-abomination\/"},"modified":"2019-10-06T00:00:01","modified_gmt":"2019-10-06T00:00:01","slug":"nevertales-the-abomination","status":"publish","type":"product","link":"https:\/\/www.iplay.com\/de\/games\/nevertales-the-abomination\/","title":{"rendered":"Nevertales: The Abomination"},"content":{"rendered":"<p>Genie\u00dfe eine weitere faszinierende Geschichte aus ihrer Bestseller-Serie <em>Nevertales<\/em>! Die Welt der vier Reiche wird von der furchterregenden Abscheulichkeit verschlungen. Als junger Adept wurdest du von Erzmagier Trevana auserw\u00e4hlt, jenseits von Zeit und Raum zu reisen, um den r\u00e4tselhaften Autor zu treffen und ihn um Hilfe zu bitten. Besorge dir Vorr\u00e4te und stelle Zauberspr\u00fcche her, um diese alles verschlingende b\u00f6se Macht zu bek\u00e4mpfen und deiner Welt wieder Hoffnung zu geben. Du musst reden, aber wird dein Autor dich h\u00f6ren? Spiele dieses ergreifende Wimmelbild-Abenteuerspiel, um es herauszufinden!    <\/p>\n<p>&nbsp;<\/p>\n<p>&nbsp;<\/p>\n<p><strong>Funktionen:<\/strong><\/p>\n<p>&nbsp;<\/p>\n<p>&#8211; Interessante Wimmelbildspiele<\/p>\n<p>&#8211; Einfach zu erlernen und durchzuf\u00fchren<\/p>\n<p>&#8211; Sehen Sie zahlreiche atemberaubende Sehensw\u00fcrdigkeiten<\/p>\n","protected":false},"excerpt":{"rendered":"<p>Die Abscheulichkeit sagt, dass er alles Leben ausl\u00f6schen wird! Ist es m\u00f6glich, es in Nevertales zu stoppen? Die Abscheulichkeit  <\/p>\n","protected":false},"author":17,"featured_media":84567,"comment_status":"open","ping_status":"closed","template":"","meta":{"_acf_changed":false,"inline_featured_image":false},"product_brand":[],"product_cat":[164],"product_tag":[289],"class_list":{"0":"post-139826","1":"product","2":"type-product","3":"status-publish","4":"has-post-thumbnail","6":"product_cat-hidden-object-de","7":"product_tag-play-on-pc-de","9":"first","10":"instock","11":"shipping-taxable","12":"purchasable","13":"product-type-simple"},"acf":[],"yoast_head":"<!-- This site is optimized with the Yoast SEO Premium plugin v25.2 (Yoast SEO v25.2) - https:\/\/yoast.com\/wordpress\/plugins\/seo\/ -->\n<title>Nevertales: The Abomination - Stoppt die Abomination!<\/title>\n<meta name=\"description\" content=\"Die Abscheulichkeit sagt, dass er alles Leben ausl\u00f6schen wird! Ist es m\u00f6glich, es in Nevertales zu stoppen? Die Abscheulichkeit\" \/>\n<meta name=\"robots\" content=\"index, follow, max-snippet:-1, max-image-preview:large, max-video-preview:-1\" \/>\n<link rel=\"canonical\" href=\"https:\/\/www.iplay.com\/de\/games\/nevertales-the-abomination\/\" \/>\n<meta property=\"og:locale\" content=\"de_DE\" \/>\n<meta property=\"og:type\" content=\"article\" \/>\n<meta property=\"og:title\" content=\"Nevertales: The Abomination\" \/>\n<meta property=\"og:description\" content=\"Die Abscheulichkeit sagt, dass er alles Leben ausl\u00f6schen wird! Ist es m\u00f6glich, es in Nevertales zu stoppen? Die Abscheulichkeit\" \/>\n<meta property=\"og:url\" content=\"https:\/\/www.iplay.com\/de\/games\/nevertales-the-abomination\/\" \/>\n<meta property=\"og:site_name\" content=\"IPlay\" \/>\n<meta property=\"og:image\" content=\"https:\/\/www.iplay.com\/wp-content\/uploads\/2023\/12\/large_square_tile_image-2796.jpg\" \/>\n\t<meta property=\"og:image:width\" content=\"310\" \/>\n\t<meta property=\"og:image:height\" content=\"310\" \/>\n\t<meta property=\"og:image:type\" content=\"image\/jpeg\" \/>\n<meta name=\"twitter:card\" content=\"summary_large_image\" \/>\n<meta name=\"twitter:label1\" content=\"Gesch\u00e4tzte Lesezeit\" \/>\n\t<meta name=\"twitter:data1\" content=\"1 Minute\" \/>\n<script type=\"application\/ld+json\" class=\"yoast-schema-graph\">{\"@context\":\"https:\/\/schema.org\",\"@graph\":[{\"@type\":\"WebPage\",\"@id\":\"https:\/\/www.iplay.com\/de\/games\/nevertales-the-abomination\/\",\"url\":\"https:\/\/www.iplay.com\/de\/games\/nevertales-the-abomination\/\",\"name\":\"Nevertales: The Abomination - Stoppt die Abomination!\",\"isPartOf\":{\"@id\":\"https:\/\/www.iplay.com\/en\/#website\"},\"primaryImageOfPage\":{\"@id\":\"https:\/\/www.iplay.com\/de\/games\/nevertales-the-abomination\/#primaryimage\"},\"image\":{\"@id\":\"https:\/\/www.iplay.com\/de\/games\/nevertales-the-abomination\/#primaryimage\"},\"thumbnailUrl\":\"https:\/\/www.iplay.com\/wp-content\/uploads\/2023\/12\/large_square_tile_image-2796.jpg\",\"datePublished\":\"2019-10-06T00:00:01+00:00\",\"description\":\"Die Abscheulichkeit sagt, dass er alles Leben ausl\u00f6schen wird! Ist es m\u00f6glich, es in Nevertales zu stoppen? Die Abscheulichkeit\",\"breadcrumb\":{\"@id\":\"https:\/\/www.iplay.com\/de\/games\/nevertales-the-abomination\/#breadcrumb\"},\"inLanguage\":\"de-DE\",\"potentialAction\":[{\"@type\":\"ReadAction\",\"target\":[\"https:\/\/www.iplay.com\/de\/games\/nevertales-the-abomination\/\"]}]},{\"@type\":\"ImageObject\",\"inLanguage\":\"de-DE\",\"@id\":\"https:\/\/www.iplay.com\/de\/games\/nevertales-the-abomination\/#primaryimage\",\"url\":\"https:\/\/www.iplay.com\/wp-content\/uploads\/2023\/12\/large_square_tile_image-2796.jpg\",\"contentUrl\":\"https:\/\/www.iplay.com\/wp-content\/uploads\/2023\/12\/large_square_tile_image-2796.jpg\",\"width\":310,\"height\":310},{\"@type\":\"BreadcrumbList\",\"@id\":\"https:\/\/www.iplay.com\/de\/games\/nevertales-the-abomination\/#breadcrumb\",\"itemListElement\":[{\"@type\":\"ListItem\",\"position\":1,\"name\":\"Home\",\"item\":\"https:\/\/www.iplay.com\/de\/home-page-2\/\"},{\"@type\":\"ListItem\",\"position\":2,\"name\":\"Shop\",\"item\":\"https:\/\/www.iplay.com\/en\/shop\/\"},{\"@type\":\"ListItem\",\"position\":3,\"name\":\"Nevertales: The Abomination\"}]},{\"@type\":\"WebSite\",\"@id\":\"https:\/\/www.iplay.com\/en\/#website\",\"url\":\"https:\/\/www.iplay.com\/en\/\",\"name\":\"IPlay\",\"description\":\"The Best Casual Games!\",\"publisher\":{\"@id\":\"https:\/\/www.iplay.com\/en\/#organization\"},\"potentialAction\":[{\"@type\":\"SearchAction\",\"target\":{\"@type\":\"EntryPoint\",\"urlTemplate\":\"https:\/\/www.iplay.com\/en\/?s={search_term_string}\"},\"query-input\":{\"@type\":\"PropertyValueSpecification\",\"valueRequired\":true,\"valueName\":\"search_term_string\"}}],\"inLanguage\":\"de-DE\"},{\"@type\":\"Organization\",\"@id\":\"https:\/\/www.iplay.com\/en\/#organization\",\"name\":\"IPlay\",\"url\":\"https:\/\/www.iplay.com\/en\/\",\"logo\":{\"@type\":\"ImageObject\",\"inLanguage\":\"de-DE\",\"@id\":\"https:\/\/www.iplay.com\/en\/#\/schema\/logo\/image\/\",\"url\":\"https:\/\/www.iplay.com\/wp-content\/uploads\/2023\/11\/Group-6100.svg\",\"contentUrl\":\"https:\/\/www.iplay.com\/wp-content\/uploads\/2023\/11\/Group-6100.svg\",\"width\":98,\"height\":25,\"caption\":\"IPlay\"},\"image\":{\"@id\":\"https:\/\/www.iplay.com\/en\/#\/schema\/logo\/image\/\"}}]}<\/script>\n<!-- \/ Yoast SEO Premium plugin. -->","yoast_head_json":{"title":"Nevertales: The Abomination - Stoppt die Abomination!","description":"Die Abscheulichkeit sagt, dass er alles Leben ausl\u00f6schen wird! Ist es m\u00f6glich, es in Nevertales zu stoppen? Die Abscheulichkeit","robots":{"index":"index","follow":"follow","max-snippet":"max-snippet:-1","max-image-preview":"max-image-preview:large","max-video-preview":"max-video-preview:-1"},"canonical":"https:\/\/www.iplay.com\/de\/games\/nevertales-the-abomination\/","og_locale":"de_DE","og_type":"article","og_title":"Nevertales: The Abomination","og_description":"Die Abscheulichkeit sagt, dass er alles Leben ausl\u00f6schen wird! Ist es m\u00f6glich, es in Nevertales zu stoppen? Die Abscheulichkeit","og_url":"https:\/\/www.iplay.com\/de\/games\/nevertales-the-abomination\/","og_site_name":"IPlay","og_image":[{"width":310,"height":310,"url":"https:\/\/www.iplay.com\/wp-content\/uploads\/2023\/12\/large_square_tile_image-2796.jpg","type":"image\/jpeg"}],"twitter_card":"summary_large_image","twitter_misc":{"Gesch\u00e4tzte Lesezeit":"1 Minute"},"schema":{"@context":"https:\/\/schema.org","@graph":[{"@type":"WebPage","@id":"https:\/\/www.iplay.com\/de\/games\/nevertales-the-abomination\/","url":"https:\/\/www.iplay.com\/de\/games\/nevertales-the-abomination\/","name":"Nevertales: The Abomination - Stoppt die Abomination!","isPartOf":{"@id":"https:\/\/www.iplay.com\/en\/#website"},"primaryImageOfPage":{"@id":"https:\/\/www.iplay.com\/de\/games\/nevertales-the-abomination\/#primaryimage"},"image":{"@id":"https:\/\/www.iplay.com\/de\/games\/nevertales-the-abomination\/#primaryimage"},"thumbnailUrl":"https:\/\/www.iplay.com\/wp-content\/uploads\/2023\/12\/large_square_tile_image-2796.jpg","datePublished":"2019-10-06T00:00:01+00:00","description":"Die Abscheulichkeit sagt, dass er alles Leben ausl\u00f6schen wird! Ist es m\u00f6glich, es in Nevertales zu stoppen? Die Abscheulichkeit","breadcrumb":{"@id":"https:\/\/www.iplay.com\/de\/games\/nevertales-the-abomination\/#breadcrumb"},"inLanguage":"de-DE","potentialAction":[{"@type":"ReadAction","target":["https:\/\/www.iplay.com\/de\/games\/nevertales-the-abomination\/"]}]},{"@type":"ImageObject","inLanguage":"de-DE","@id":"https:\/\/www.iplay.com\/de\/games\/nevertales-the-abomination\/#primaryimage","url":"https:\/\/www.iplay.com\/wp-content\/uploads\/2023\/12\/large_square_tile_image-2796.jpg","contentUrl":"https:\/\/www.iplay.com\/wp-content\/uploads\/2023\/12\/large_square_tile_image-2796.jpg","width":310,"height":310},{"@type":"BreadcrumbList","@id":"https:\/\/www.iplay.com\/de\/games\/nevertales-the-abomination\/#breadcrumb","itemListElement":[{"@type":"ListItem","position":1,"name":"Home","item":"https:\/\/www.iplay.com\/de\/home-page-2\/"},{"@type":"ListItem","position":2,"name":"Shop","item":"https:\/\/www.iplay.com\/en\/shop\/"},{"@type":"ListItem","position":3,"name":"Nevertales: The Abomination"}]},{"@type":"WebSite","@id":"https:\/\/www.iplay.com\/en\/#website","url":"https:\/\/www.iplay.com\/en\/","name":"IPlay","description":"The Best Casual Games!","publisher":{"@id":"https:\/\/www.iplay.com\/en\/#organization"},"potentialAction":[{"@type":"SearchAction","target":{"@type":"EntryPoint","urlTemplate":"https:\/\/www.iplay.com\/en\/?s={search_term_string}"},"query-input":{"@type":"PropertyValueSpecification","valueRequired":true,"valueName":"search_term_string"}}],"inLanguage":"de-DE"},{"@type":"Organization","@id":"https:\/\/www.iplay.com\/en\/#organization","name":"IPlay","url":"https:\/\/www.iplay.com\/en\/","logo":{"@type":"ImageObject","inLanguage":"de-DE","@id":"https:\/\/www.iplay.com\/en\/#\/schema\/logo\/image\/","url":"https:\/\/www.iplay.com\/wp-content\/uploads\/2023\/11\/Group-6100.svg","contentUrl":"https:\/\/www.iplay.com\/wp-content\/uploads\/2023\/11\/Group-6100.svg","width":98,"height":25,"caption":"IPlay"},"image":{"@id":"https:\/\/www.iplay.com\/en\/#\/schema\/logo\/image\/"}}]}},"_links":{"self":[{"href":"https:\/\/www.iplay.com\/de\/wp-json\/wp\/v2\/product\/139826","targetHints":{"allow":["GET"]}}],"collection":[{"href":"https:\/\/www.iplay.com\/de\/wp-json\/wp\/v2\/product"}],"about":[{"href":"https:\/\/www.iplay.com\/de\/wp-json\/wp\/v2\/types\/product"}],"author":[{"embeddable":true,"href":"https:\/\/www.iplay.com\/de\/wp-json\/wp\/v2\/users\/17"}],"replies":[{"embeddable":true,"href":"https:\/\/www.iplay.com\/de\/wp-json\/wp\/v2\/comments?post=139826"}],"wp:featuredmedia":[{"embeddable":true,"href":"https:\/\/www.iplay.com\/de\/wp-json\/wp\/v2\/media\/84567"}],"wp:attachment":[{"href":"https:\/\/www.iplay.com\/de\/wp-json\/wp\/v2\/media?parent=139826"}],"wp:term":[{"taxonomy":"product_brand","embeddable":true,"href":"https:\/\/www.iplay.com\/de\/wp-json\/wp\/v2\/product_brand?post=139826"},{"taxonomy":"product_cat","embeddable":true,"href":"https:\/\/www.iplay.com\/de\/wp-json\/wp\/v2\/product_cat?post=139826"},{"taxonomy":"product_tag","embeddable":true,"href":"https:\/\/www.iplay.com\/de\/wp-json\/wp\/v2\/product_tag?post=139826"}],"curies":[{"name":"wp","href":"https:\/\/api.w.org\/{rel}","templated":true}]}}