{"id":139794,"date":"2019-09-26T00:00:00","date_gmt":"2019-09-26T00:00:00","guid":{"rendered":"https:\/\/www.iplay.com\/games\/bridge-to-another-world-gulliver-syndrome-collectors-edition\/"},"modified":"2019-09-26T00:00:00","modified_gmt":"2019-09-26T00:00:00","slug":"bridge-to-another-world-gulliver-syndrome-collectors-edition","status":"publish","type":"product","link":"https:\/\/www.iplay.com\/de\/games\/bridge-to-another-world-gulliver-syndrome-collectors-edition\/","title":{"rendered":"Bridge to Another World: Gulliver Syndrome Collector&#8217;s Edition"},"content":{"rendered":"<p>Entdecke den neuesten spannenden Teil der Bridge <em>to Another World-Reihe<\/em> ! Es f\u00e4llt dir schwer, Antworten zu finden, nachdem du eine Porzellanstatue entdeckt hast, die dir seltsame Tr\u00e4ume beschert. Eine scheinbar routinem\u00e4\u00dfige Suche versetzt dich bald in eine andere Realit\u00e4t, in der du ein Riese bist, der von winzigen Menschen gejagt wird! Aber wenn du nach Gulliver suchst, deiner einzigen bekannten \u00dcberlebenschance, sind diese winzigen J\u00e4ger alles andere als niedlich. Kannst du einen gef\u00e4hrlichen Gegner rechtzeitig aufhalten, um Lilliputia und dich selbst zu retten, selbst wenn furchterregende Kr\u00e4fte im Spiel sind? Finde es in diesem spannenden Wimmelbild-Abenteuer heraus!     <\/p>\n<p>&nbsp;<\/p>\n<p>&nbsp;<\/p>\n<p><strong>Funktionen:<\/strong><\/p>\n<p>&nbsp;<\/p>\n<p>&#8211; Interagiere sowohl mit der Welt der Liliputaner als auch mit der Welt der Riesen, um das letzte Puzzleteil im Bonusspiel zu l\u00f6sen!<br \/>\n&#8211; Erlebe deine beliebtesten Minispiele und HOPs noch einmal!<\/p>\n<p>&#8211; Entdecke w\u00e4hrend des Spiels eine Menge Goodies und Morphs! Profitieren Sie von einzigartiger Musik, Filmen, Hintergrundbildern und mehr!<br \/>\n&#8211; Nutze den Strategieleitfaden, um dich nie zu verlaufen!<\/p>\n","protected":false},"excerpt":{"rendered":"<p>Kannst du Gulliver ausfindig machen und rechtzeitig entkommen? Auf der Br\u00fccke in eine andere Welt: Gulliver-Syndrom CE <\/p>\n","protected":false},"author":17,"featured_media":92469,"comment_status":"open","ping_status":"closed","template":"","meta":{"_acf_changed":false,"inline_featured_image":false},"product_brand":[],"product_cat":[164],"product_tag":[289],"class_list":{"0":"post-139794","1":"product","2":"type-product","3":"status-publish","4":"has-post-thumbnail","6":"product_cat-hidden-object-de","7":"product_tag-play-on-pc-de","9":"first","10":"instock","11":"shipping-taxable","12":"purchasable","13":"product-type-simple"},"acf":[],"yoast_head":"<!-- This site is optimized with the Yoast SEO Premium plugin v25.2 (Yoast SEO v25.2) - https:\/\/yoast.com\/wordpress\/plugins\/seo\/ -->\n<title>Bridge to Another World: Gulliver Syndrome Collector&#039;s Edition - Kannst du Gulliver finden und rechtzeitig entkommen?<\/title>\n<meta name=\"description\" content=\"Kannst du Gulliver ausfindig machen und rechtzeitig entkommen? Auf der Br\u00fccke in eine andere Welt: Gulliver-Syndrom CE\" \/>\n<meta name=\"robots\" content=\"index, follow, max-snippet:-1, max-image-preview:large, max-video-preview:-1\" \/>\n<link rel=\"canonical\" href=\"https:\/\/www.iplay.com\/de\/games\/bridge-to-another-world-gulliver-syndrome-collectors-edition\/\" \/>\n<meta property=\"og:locale\" content=\"de_DE\" \/>\n<meta property=\"og:type\" content=\"article\" \/>\n<meta property=\"og:title\" content=\"Bridge to Another World: Gulliver Syndrome Collector&#039;s Edition\" \/>\n<meta property=\"og:description\" content=\"Kannst du Gulliver ausfindig machen und rechtzeitig entkommen? Auf der Br\u00fccke in eine andere Welt: Gulliver-Syndrom CE\" \/>\n<meta property=\"og:url\" content=\"https:\/\/www.iplay.com\/de\/games\/bridge-to-another-world-gulliver-syndrome-collectors-edition\/\" \/>\n<meta property=\"og:site_name\" content=\"IPlay\" \/>\n<meta property=\"og:image\" content=\"https:\/\/www.iplay.com\/wp-content\/uploads\/2023\/12\/large_square_tile_image-3295.jpg\" \/>\n\t<meta property=\"og:image:width\" content=\"310\" \/>\n\t<meta property=\"og:image:height\" content=\"310\" \/>\n\t<meta property=\"og:image:type\" content=\"image\/jpeg\" \/>\n<meta name=\"twitter:card\" content=\"summary_large_image\" \/>\n<meta name=\"twitter:label1\" content=\"Gesch\u00e4tzte Lesezeit\" \/>\n\t<meta name=\"twitter:data1\" content=\"1 Minute\" \/>\n<script type=\"application\/ld+json\" class=\"yoast-schema-graph\">{\"@context\":\"https:\/\/schema.org\",\"@graph\":[{\"@type\":\"WebPage\",\"@id\":\"https:\/\/www.iplay.com\/de\/games\/bridge-to-another-world-gulliver-syndrome-collectors-edition\/\",\"url\":\"https:\/\/www.iplay.com\/de\/games\/bridge-to-another-world-gulliver-syndrome-collectors-edition\/\",\"name\":\"Bridge to Another World: Gulliver Syndrome Collector's Edition - Kannst du Gulliver finden und rechtzeitig entkommen?\",\"isPartOf\":{\"@id\":\"https:\/\/www.iplay.com\/en\/#website\"},\"primaryImageOfPage\":{\"@id\":\"https:\/\/www.iplay.com\/de\/games\/bridge-to-another-world-gulliver-syndrome-collectors-edition\/#primaryimage\"},\"image\":{\"@id\":\"https:\/\/www.iplay.com\/de\/games\/bridge-to-another-world-gulliver-syndrome-collectors-edition\/#primaryimage\"},\"thumbnailUrl\":\"https:\/\/www.iplay.com\/wp-content\/uploads\/2023\/12\/large_square_tile_image-3295.jpg\",\"datePublished\":\"2019-09-26T00:00:00+00:00\",\"description\":\"Kannst du Gulliver ausfindig machen und rechtzeitig entkommen? Auf der Br\u00fccke in eine andere Welt: Gulliver-Syndrom CE\",\"breadcrumb\":{\"@id\":\"https:\/\/www.iplay.com\/de\/games\/bridge-to-another-world-gulliver-syndrome-collectors-edition\/#breadcrumb\"},\"inLanguage\":\"de-DE\",\"potentialAction\":[{\"@type\":\"ReadAction\",\"target\":[\"https:\/\/www.iplay.com\/de\/games\/bridge-to-another-world-gulliver-syndrome-collectors-edition\/\"]}]},{\"@type\":\"ImageObject\",\"inLanguage\":\"de-DE\",\"@id\":\"https:\/\/www.iplay.com\/de\/games\/bridge-to-another-world-gulliver-syndrome-collectors-edition\/#primaryimage\",\"url\":\"https:\/\/www.iplay.com\/wp-content\/uploads\/2023\/12\/large_square_tile_image-3295.jpg\",\"contentUrl\":\"https:\/\/www.iplay.com\/wp-content\/uploads\/2023\/12\/large_square_tile_image-3295.jpg\",\"width\":310,\"height\":310},{\"@type\":\"BreadcrumbList\",\"@id\":\"https:\/\/www.iplay.com\/de\/games\/bridge-to-another-world-gulliver-syndrome-collectors-edition\/#breadcrumb\",\"itemListElement\":[{\"@type\":\"ListItem\",\"position\":1,\"name\":\"Home\",\"item\":\"https:\/\/www.iplay.com\/de\/home-page-2\/\"},{\"@type\":\"ListItem\",\"position\":2,\"name\":\"Shop\",\"item\":\"https:\/\/www.iplay.com\/en\/shop\/\"},{\"@type\":\"ListItem\",\"position\":3,\"name\":\"Bridge to Another World: Gulliver Syndrome Collector&#8217;s Edition\"}]},{\"@type\":\"WebSite\",\"@id\":\"https:\/\/www.iplay.com\/en\/#website\",\"url\":\"https:\/\/www.iplay.com\/en\/\",\"name\":\"IPlay\",\"description\":\"The Best Casual Games!\",\"publisher\":{\"@id\":\"https:\/\/www.iplay.com\/en\/#organization\"},\"potentialAction\":[{\"@type\":\"SearchAction\",\"target\":{\"@type\":\"EntryPoint\",\"urlTemplate\":\"https:\/\/www.iplay.com\/en\/?s={search_term_string}\"},\"query-input\":{\"@type\":\"PropertyValueSpecification\",\"valueRequired\":true,\"valueName\":\"search_term_string\"}}],\"inLanguage\":\"de-DE\"},{\"@type\":\"Organization\",\"@id\":\"https:\/\/www.iplay.com\/en\/#organization\",\"name\":\"IPlay\",\"url\":\"https:\/\/www.iplay.com\/en\/\",\"logo\":{\"@type\":\"ImageObject\",\"inLanguage\":\"de-DE\",\"@id\":\"https:\/\/www.iplay.com\/en\/#\/schema\/logo\/image\/\",\"url\":\"https:\/\/www.iplay.com\/wp-content\/uploads\/2023\/11\/Group-6100.svg\",\"contentUrl\":\"https:\/\/www.iplay.com\/wp-content\/uploads\/2023\/11\/Group-6100.svg\",\"width\":98,\"height\":25,\"caption\":\"IPlay\"},\"image\":{\"@id\":\"https:\/\/www.iplay.com\/en\/#\/schema\/logo\/image\/\"}}]}<\/script>\n<!-- \/ Yoast SEO Premium plugin. -->","yoast_head_json":{"title":"Bridge to Another World: Gulliver Syndrome Collector's Edition - Kannst du Gulliver finden und rechtzeitig entkommen?","description":"Kannst du Gulliver ausfindig machen und rechtzeitig entkommen? Auf der Br\u00fccke in eine andere Welt: Gulliver-Syndrom CE","robots":{"index":"index","follow":"follow","max-snippet":"max-snippet:-1","max-image-preview":"max-image-preview:large","max-video-preview":"max-video-preview:-1"},"canonical":"https:\/\/www.iplay.com\/de\/games\/bridge-to-another-world-gulliver-syndrome-collectors-edition\/","og_locale":"de_DE","og_type":"article","og_title":"Bridge to Another World: Gulliver Syndrome Collector's Edition","og_description":"Kannst du Gulliver ausfindig machen und rechtzeitig entkommen? Auf der Br\u00fccke in eine andere Welt: Gulliver-Syndrom CE","og_url":"https:\/\/www.iplay.com\/de\/games\/bridge-to-another-world-gulliver-syndrome-collectors-edition\/","og_site_name":"IPlay","og_image":[{"width":310,"height":310,"url":"https:\/\/www.iplay.com\/wp-content\/uploads\/2023\/12\/large_square_tile_image-3295.jpg","type":"image\/jpeg"}],"twitter_card":"summary_large_image","twitter_misc":{"Gesch\u00e4tzte Lesezeit":"1 Minute"},"schema":{"@context":"https:\/\/schema.org","@graph":[{"@type":"WebPage","@id":"https:\/\/www.iplay.com\/de\/games\/bridge-to-another-world-gulliver-syndrome-collectors-edition\/","url":"https:\/\/www.iplay.com\/de\/games\/bridge-to-another-world-gulliver-syndrome-collectors-edition\/","name":"Bridge to Another World: Gulliver Syndrome Collector's Edition - Kannst du Gulliver finden und rechtzeitig entkommen?","isPartOf":{"@id":"https:\/\/www.iplay.com\/en\/#website"},"primaryImageOfPage":{"@id":"https:\/\/www.iplay.com\/de\/games\/bridge-to-another-world-gulliver-syndrome-collectors-edition\/#primaryimage"},"image":{"@id":"https:\/\/www.iplay.com\/de\/games\/bridge-to-another-world-gulliver-syndrome-collectors-edition\/#primaryimage"},"thumbnailUrl":"https:\/\/www.iplay.com\/wp-content\/uploads\/2023\/12\/large_square_tile_image-3295.jpg","datePublished":"2019-09-26T00:00:00+00:00","description":"Kannst du Gulliver ausfindig machen und rechtzeitig entkommen? Auf der Br\u00fccke in eine andere Welt: Gulliver-Syndrom CE","breadcrumb":{"@id":"https:\/\/www.iplay.com\/de\/games\/bridge-to-another-world-gulliver-syndrome-collectors-edition\/#breadcrumb"},"inLanguage":"de-DE","potentialAction":[{"@type":"ReadAction","target":["https:\/\/www.iplay.com\/de\/games\/bridge-to-another-world-gulliver-syndrome-collectors-edition\/"]}]},{"@type":"ImageObject","inLanguage":"de-DE","@id":"https:\/\/www.iplay.com\/de\/games\/bridge-to-another-world-gulliver-syndrome-collectors-edition\/#primaryimage","url":"https:\/\/www.iplay.com\/wp-content\/uploads\/2023\/12\/large_square_tile_image-3295.jpg","contentUrl":"https:\/\/www.iplay.com\/wp-content\/uploads\/2023\/12\/large_square_tile_image-3295.jpg","width":310,"height":310},{"@type":"BreadcrumbList","@id":"https:\/\/www.iplay.com\/de\/games\/bridge-to-another-world-gulliver-syndrome-collectors-edition\/#breadcrumb","itemListElement":[{"@type":"ListItem","position":1,"name":"Home","item":"https:\/\/www.iplay.com\/de\/home-page-2\/"},{"@type":"ListItem","position":2,"name":"Shop","item":"https:\/\/www.iplay.com\/en\/shop\/"},{"@type":"ListItem","position":3,"name":"Bridge to Another World: Gulliver Syndrome Collector&#8217;s Edition"}]},{"@type":"WebSite","@id":"https:\/\/www.iplay.com\/en\/#website","url":"https:\/\/www.iplay.com\/en\/","name":"IPlay","description":"The Best Casual Games!","publisher":{"@id":"https:\/\/www.iplay.com\/en\/#organization"},"potentialAction":[{"@type":"SearchAction","target":{"@type":"EntryPoint","urlTemplate":"https:\/\/www.iplay.com\/en\/?s={search_term_string}"},"query-input":{"@type":"PropertyValueSpecification","valueRequired":true,"valueName":"search_term_string"}}],"inLanguage":"de-DE"},{"@type":"Organization","@id":"https:\/\/www.iplay.com\/en\/#organization","name":"IPlay","url":"https:\/\/www.iplay.com\/en\/","logo":{"@type":"ImageObject","inLanguage":"de-DE","@id":"https:\/\/www.iplay.com\/en\/#\/schema\/logo\/image\/","url":"https:\/\/www.iplay.com\/wp-content\/uploads\/2023\/11\/Group-6100.svg","contentUrl":"https:\/\/www.iplay.com\/wp-content\/uploads\/2023\/11\/Group-6100.svg","width":98,"height":25,"caption":"IPlay"},"image":{"@id":"https:\/\/www.iplay.com\/en\/#\/schema\/logo\/image\/"}}]}},"_links":{"self":[{"href":"https:\/\/www.iplay.com\/de\/wp-json\/wp\/v2\/product\/139794","targetHints":{"allow":["GET"]}}],"collection":[{"href":"https:\/\/www.iplay.com\/de\/wp-json\/wp\/v2\/product"}],"about":[{"href":"https:\/\/www.iplay.com\/de\/wp-json\/wp\/v2\/types\/product"}],"author":[{"embeddable":true,"href":"https:\/\/www.iplay.com\/de\/wp-json\/wp\/v2\/users\/17"}],"replies":[{"embeddable":true,"href":"https:\/\/www.iplay.com\/de\/wp-json\/wp\/v2\/comments?post=139794"}],"wp:featuredmedia":[{"embeddable":true,"href":"https:\/\/www.iplay.com\/de\/wp-json\/wp\/v2\/media\/92469"}],"wp:attachment":[{"href":"https:\/\/www.iplay.com\/de\/wp-json\/wp\/v2\/media?parent=139794"}],"wp:term":[{"taxonomy":"product_brand","embeddable":true,"href":"https:\/\/www.iplay.com\/de\/wp-json\/wp\/v2\/product_brand?post=139794"},{"taxonomy":"product_cat","embeddable":true,"href":"https:\/\/www.iplay.com\/de\/wp-json\/wp\/v2\/product_cat?post=139794"},{"taxonomy":"product_tag","embeddable":true,"href":"https:\/\/www.iplay.com\/de\/wp-json\/wp\/v2\/product_tag?post=139794"}],"curies":[{"name":"wp","href":"https:\/\/api.w.org\/{rel}","templated":true}]}}