{"id":139786,"date":"2019-09-24T00:00:01","date_gmt":"2019-09-24T00:00:01","guid":{"rendered":"https:\/\/www.iplay.com\/games\/mystery-of-the-ancients-no-escape\/"},"modified":"2019-09-24T00:00:01","modified_gmt":"2019-09-24T00:00:01","slug":"mystery-of-the-ancients-no-escape","status":"publish","type":"product","link":"https:\/\/www.iplay.com\/de\/games\/mystery-of-the-ancients-no-escape\/","title":{"rendered":"Mystery of the Ancients: No Escape"},"content":{"rendered":"<p>Genie\u00dfe den r\u00e4tselhaften n\u00e4chsten Teil ihrer ber\u00fchmten <em>Mystery of the Ancients-Reihe<\/em> . Du erh\u00e4ltst einen Notruf und beschlie\u00dft, eine lange, kurvenreiche Landstra\u00dfe auf die Suche nach deinen vermissten Freunden zu nehmen. Obwohl ein verlassenes Hotel einladend erscheint, k\u00f6nnen Sie m\u00f6glicherweise nicht verwalten, was sich in diesem Haus befindet. Ein kleiner Robotergef\u00e4hrte und Hilfe werden von einem r\u00e4tselhaften Kerl angeboten, aber wer ist er? Kannst du ihm vertrauen? Spiele dieses faszinierende Wimmelbild-Abenteuerspiel, um es herauszufinden!     <\/p>\n<p>&nbsp;<\/p>\n<p>&nbsp;<\/p>\n<p><strong>Funktionen:<\/strong><\/p>\n<p>&nbsp;<\/p>\n<p>&#8211; Fesselndes Wimmelbild-Erlebnis<\/p>\n<p>&#8211; Einfach zu erlernen und durchzuf\u00fchren &#8211; Sehen Sie zahlreiche atemberaubende Sehensw\u00fcrdigkeiten<\/p>\n","protected":false},"excerpt":{"rendered":"<p>Erkunde eine sich st\u00e4ndig ver\u00e4ndernde, gruselige Villa und verliere dich! Gibt es eine M\u00f6glichkeit, Mystery of the Ancients: No Esca zu entkommen? <\/p>\n","protected":false},"author":17,"featured_media":84631,"comment_status":"open","ping_status":"closed","template":"","meta":{"_acf_changed":false,"inline_featured_image":false},"product_brand":[],"product_cat":[164],"product_tag":[289],"class_list":{"0":"post-139786","1":"product","2":"type-product","3":"status-publish","4":"has-post-thumbnail","6":"product_cat-hidden-object-de","7":"product_tag-play-on-pc-de","9":"first","10":"instock","11":"shipping-taxable","12":"purchasable","13":"product-type-simple"},"acf":[],"yoast_head":"<!-- This site is optimized with the Yoast SEO Premium plugin v25.2 (Yoast SEO v25.2) - https:\/\/yoast.com\/wordpress\/plugins\/seo\/ -->\n<title>Betritt in Mystery of the Ancients: No Escape ein in ein sich st\u00e4ndig ver\u00e4nderndes Spukhaus, ein Reich voller dynamischer Schrecken<\/title>\n<meta name=\"description\" content=\"Erkunde eine sich st\u00e4ndig ver\u00e4ndernde, gruselige Villa und verliere dich! Gibt es eine M\u00f6glichkeit, Mystery of the Ancients: No Esca zu entkommen?\" \/>\n<meta name=\"robots\" content=\"index, follow, max-snippet:-1, max-image-preview:large, max-video-preview:-1\" \/>\n<link rel=\"canonical\" href=\"https:\/\/www.iplay.com\/de\/games\/mystery-of-the-ancients-no-escape\/\" \/>\n<meta property=\"og:locale\" content=\"de_DE\" \/>\n<meta property=\"og:type\" content=\"article\" \/>\n<meta property=\"og:title\" content=\"Mystery of the Ancients: No Escape\" \/>\n<meta property=\"og:description\" content=\"Erkunde eine sich st\u00e4ndig ver\u00e4ndernde, gruselige Villa und verliere dich! Gibt es eine M\u00f6glichkeit, Mystery of the Ancients: No Esca zu entkommen?\" \/>\n<meta property=\"og:url\" content=\"https:\/\/www.iplay.com\/de\/games\/mystery-of-the-ancients-no-escape\/\" \/>\n<meta property=\"og:site_name\" content=\"IPlay\" \/>\n<meta property=\"og:image\" content=\"https:\/\/www.iplay.com\/wp-content\/uploads\/2023\/12\/large_square_tile_image-2800.jpg\" \/>\n\t<meta property=\"og:image:width\" content=\"310\" \/>\n\t<meta property=\"og:image:height\" content=\"310\" \/>\n\t<meta property=\"og:image:type\" content=\"image\/jpeg\" \/>\n<meta name=\"twitter:card\" content=\"summary_large_image\" \/>\n<meta name=\"twitter:label1\" content=\"Gesch\u00e4tzte Lesezeit\" \/>\n\t<meta name=\"twitter:data1\" content=\"1 Minute\" \/>\n<script type=\"application\/ld+json\" class=\"yoast-schema-graph\">{\"@context\":\"https:\/\/schema.org\",\"@graph\":[{\"@type\":\"WebPage\",\"@id\":\"https:\/\/www.iplay.com\/de\/games\/mystery-of-the-ancients-no-escape\/\",\"url\":\"https:\/\/www.iplay.com\/de\/games\/mystery-of-the-ancients-no-escape\/\",\"name\":\"Betritt in Mystery of the Ancients: No Escape ein in ein sich st\u00e4ndig ver\u00e4nderndes Spukhaus, ein Reich voller dynamischer Schrecken\",\"isPartOf\":{\"@id\":\"https:\/\/www.iplay.com\/en\/#website\"},\"primaryImageOfPage\":{\"@id\":\"https:\/\/www.iplay.com\/de\/games\/mystery-of-the-ancients-no-escape\/#primaryimage\"},\"image\":{\"@id\":\"https:\/\/www.iplay.com\/de\/games\/mystery-of-the-ancients-no-escape\/#primaryimage\"},\"thumbnailUrl\":\"https:\/\/www.iplay.com\/wp-content\/uploads\/2023\/12\/large_square_tile_image-2800.jpg\",\"datePublished\":\"2019-09-24T00:00:01+00:00\",\"description\":\"Erkunde eine sich st\u00e4ndig ver\u00e4ndernde, gruselige Villa und verliere dich! Gibt es eine M\u00f6glichkeit, Mystery of the Ancients: No Esca zu entkommen?\",\"breadcrumb\":{\"@id\":\"https:\/\/www.iplay.com\/de\/games\/mystery-of-the-ancients-no-escape\/#breadcrumb\"},\"inLanguage\":\"de-DE\",\"potentialAction\":[{\"@type\":\"ReadAction\",\"target\":[\"https:\/\/www.iplay.com\/de\/games\/mystery-of-the-ancients-no-escape\/\"]}]},{\"@type\":\"ImageObject\",\"inLanguage\":\"de-DE\",\"@id\":\"https:\/\/www.iplay.com\/de\/games\/mystery-of-the-ancients-no-escape\/#primaryimage\",\"url\":\"https:\/\/www.iplay.com\/wp-content\/uploads\/2023\/12\/large_square_tile_image-2800.jpg\",\"contentUrl\":\"https:\/\/www.iplay.com\/wp-content\/uploads\/2023\/12\/large_square_tile_image-2800.jpg\",\"width\":310,\"height\":310},{\"@type\":\"BreadcrumbList\",\"@id\":\"https:\/\/www.iplay.com\/de\/games\/mystery-of-the-ancients-no-escape\/#breadcrumb\",\"itemListElement\":[{\"@type\":\"ListItem\",\"position\":1,\"name\":\"Home\",\"item\":\"https:\/\/www.iplay.com\/de\/home-page-2\/\"},{\"@type\":\"ListItem\",\"position\":2,\"name\":\"Shop\",\"item\":\"https:\/\/www.iplay.com\/en\/shop\/\"},{\"@type\":\"ListItem\",\"position\":3,\"name\":\"Mystery of the Ancients: No Escape\"}]},{\"@type\":\"WebSite\",\"@id\":\"https:\/\/www.iplay.com\/en\/#website\",\"url\":\"https:\/\/www.iplay.com\/en\/\",\"name\":\"IPlay\",\"description\":\"The Best Casual Games!\",\"publisher\":{\"@id\":\"https:\/\/www.iplay.com\/en\/#organization\"},\"potentialAction\":[{\"@type\":\"SearchAction\",\"target\":{\"@type\":\"EntryPoint\",\"urlTemplate\":\"https:\/\/www.iplay.com\/en\/?s={search_term_string}\"},\"query-input\":{\"@type\":\"PropertyValueSpecification\",\"valueRequired\":true,\"valueName\":\"search_term_string\"}}],\"inLanguage\":\"de-DE\"},{\"@type\":\"Organization\",\"@id\":\"https:\/\/www.iplay.com\/en\/#organization\",\"name\":\"IPlay\",\"url\":\"https:\/\/www.iplay.com\/en\/\",\"logo\":{\"@type\":\"ImageObject\",\"inLanguage\":\"de-DE\",\"@id\":\"https:\/\/www.iplay.com\/en\/#\/schema\/logo\/image\/\",\"url\":\"https:\/\/www.iplay.com\/wp-content\/uploads\/2023\/11\/Group-6100.svg\",\"contentUrl\":\"https:\/\/www.iplay.com\/wp-content\/uploads\/2023\/11\/Group-6100.svg\",\"width\":98,\"height\":25,\"caption\":\"IPlay\"},\"image\":{\"@id\":\"https:\/\/www.iplay.com\/en\/#\/schema\/logo\/image\/\"}}]}<\/script>\n<!-- \/ Yoast SEO Premium plugin. -->","yoast_head_json":{"title":"Betritt in Mystery of the Ancients: No Escape ein in ein sich st\u00e4ndig ver\u00e4nderndes Spukhaus, ein Reich voller dynamischer Schrecken","description":"Erkunde eine sich st\u00e4ndig ver\u00e4ndernde, gruselige Villa und verliere dich! Gibt es eine M\u00f6glichkeit, Mystery of the Ancients: No Esca zu entkommen?","robots":{"index":"index","follow":"follow","max-snippet":"max-snippet:-1","max-image-preview":"max-image-preview:large","max-video-preview":"max-video-preview:-1"},"canonical":"https:\/\/www.iplay.com\/de\/games\/mystery-of-the-ancients-no-escape\/","og_locale":"de_DE","og_type":"article","og_title":"Mystery of the Ancients: No Escape","og_description":"Erkunde eine sich st\u00e4ndig ver\u00e4ndernde, gruselige Villa und verliere dich! Gibt es eine M\u00f6glichkeit, Mystery of the Ancients: No Esca zu entkommen?","og_url":"https:\/\/www.iplay.com\/de\/games\/mystery-of-the-ancients-no-escape\/","og_site_name":"IPlay","og_image":[{"width":310,"height":310,"url":"https:\/\/www.iplay.com\/wp-content\/uploads\/2023\/12\/large_square_tile_image-2800.jpg","type":"image\/jpeg"}],"twitter_card":"summary_large_image","twitter_misc":{"Gesch\u00e4tzte Lesezeit":"1 Minute"},"schema":{"@context":"https:\/\/schema.org","@graph":[{"@type":"WebPage","@id":"https:\/\/www.iplay.com\/de\/games\/mystery-of-the-ancients-no-escape\/","url":"https:\/\/www.iplay.com\/de\/games\/mystery-of-the-ancients-no-escape\/","name":"Betritt in Mystery of the Ancients: No Escape ein in ein sich st\u00e4ndig ver\u00e4nderndes Spukhaus, ein Reich voller dynamischer Schrecken","isPartOf":{"@id":"https:\/\/www.iplay.com\/en\/#website"},"primaryImageOfPage":{"@id":"https:\/\/www.iplay.com\/de\/games\/mystery-of-the-ancients-no-escape\/#primaryimage"},"image":{"@id":"https:\/\/www.iplay.com\/de\/games\/mystery-of-the-ancients-no-escape\/#primaryimage"},"thumbnailUrl":"https:\/\/www.iplay.com\/wp-content\/uploads\/2023\/12\/large_square_tile_image-2800.jpg","datePublished":"2019-09-24T00:00:01+00:00","description":"Erkunde eine sich st\u00e4ndig ver\u00e4ndernde, gruselige Villa und verliere dich! Gibt es eine M\u00f6glichkeit, Mystery of the Ancients: No Esca zu entkommen?","breadcrumb":{"@id":"https:\/\/www.iplay.com\/de\/games\/mystery-of-the-ancients-no-escape\/#breadcrumb"},"inLanguage":"de-DE","potentialAction":[{"@type":"ReadAction","target":["https:\/\/www.iplay.com\/de\/games\/mystery-of-the-ancients-no-escape\/"]}]},{"@type":"ImageObject","inLanguage":"de-DE","@id":"https:\/\/www.iplay.com\/de\/games\/mystery-of-the-ancients-no-escape\/#primaryimage","url":"https:\/\/www.iplay.com\/wp-content\/uploads\/2023\/12\/large_square_tile_image-2800.jpg","contentUrl":"https:\/\/www.iplay.com\/wp-content\/uploads\/2023\/12\/large_square_tile_image-2800.jpg","width":310,"height":310},{"@type":"BreadcrumbList","@id":"https:\/\/www.iplay.com\/de\/games\/mystery-of-the-ancients-no-escape\/#breadcrumb","itemListElement":[{"@type":"ListItem","position":1,"name":"Home","item":"https:\/\/www.iplay.com\/de\/home-page-2\/"},{"@type":"ListItem","position":2,"name":"Shop","item":"https:\/\/www.iplay.com\/en\/shop\/"},{"@type":"ListItem","position":3,"name":"Mystery of the Ancients: No Escape"}]},{"@type":"WebSite","@id":"https:\/\/www.iplay.com\/en\/#website","url":"https:\/\/www.iplay.com\/en\/","name":"IPlay","description":"The Best Casual Games!","publisher":{"@id":"https:\/\/www.iplay.com\/en\/#organization"},"potentialAction":[{"@type":"SearchAction","target":{"@type":"EntryPoint","urlTemplate":"https:\/\/www.iplay.com\/en\/?s={search_term_string}"},"query-input":{"@type":"PropertyValueSpecification","valueRequired":true,"valueName":"search_term_string"}}],"inLanguage":"de-DE"},{"@type":"Organization","@id":"https:\/\/www.iplay.com\/en\/#organization","name":"IPlay","url":"https:\/\/www.iplay.com\/en\/","logo":{"@type":"ImageObject","inLanguage":"de-DE","@id":"https:\/\/www.iplay.com\/en\/#\/schema\/logo\/image\/","url":"https:\/\/www.iplay.com\/wp-content\/uploads\/2023\/11\/Group-6100.svg","contentUrl":"https:\/\/www.iplay.com\/wp-content\/uploads\/2023\/11\/Group-6100.svg","width":98,"height":25,"caption":"IPlay"},"image":{"@id":"https:\/\/www.iplay.com\/en\/#\/schema\/logo\/image\/"}}]}},"_links":{"self":[{"href":"https:\/\/www.iplay.com\/de\/wp-json\/wp\/v2\/product\/139786","targetHints":{"allow":["GET"]}}],"collection":[{"href":"https:\/\/www.iplay.com\/de\/wp-json\/wp\/v2\/product"}],"about":[{"href":"https:\/\/www.iplay.com\/de\/wp-json\/wp\/v2\/types\/product"}],"author":[{"embeddable":true,"href":"https:\/\/www.iplay.com\/de\/wp-json\/wp\/v2\/users\/17"}],"replies":[{"embeddable":true,"href":"https:\/\/www.iplay.com\/de\/wp-json\/wp\/v2\/comments?post=139786"}],"wp:featuredmedia":[{"embeddable":true,"href":"https:\/\/www.iplay.com\/de\/wp-json\/wp\/v2\/media\/84631"}],"wp:attachment":[{"href":"https:\/\/www.iplay.com\/de\/wp-json\/wp\/v2\/media?parent=139786"}],"wp:term":[{"taxonomy":"product_brand","embeddable":true,"href":"https:\/\/www.iplay.com\/de\/wp-json\/wp\/v2\/product_brand?post=139786"},{"taxonomy":"product_cat","embeddable":true,"href":"https:\/\/www.iplay.com\/de\/wp-json\/wp\/v2\/product_cat?post=139786"},{"taxonomy":"product_tag","embeddable":true,"href":"https:\/\/www.iplay.com\/de\/wp-json\/wp\/v2\/product_tag?post=139786"}],"curies":[{"name":"wp","href":"https:\/\/api.w.org\/{rel}","templated":true}]}}