{"id":139748,"date":"2019-09-09T00:00:00","date_gmt":"2019-09-09T00:00:00","guid":{"rendered":"https:\/\/www.iplay.com\/games\/jigsaw-puzzle-womens-day\/"},"modified":"2019-09-09T00:00:00","modified_gmt":"2019-09-09T00:00:00","slug":"jigsaw-puzzle-womens-day","status":"publish","type":"product","link":"https:\/\/www.iplay.com\/de\/games\/jigsaw-puzzle-womens-day\/","title":{"rendered":"Jigsaw Puzzle &#8211; Women&#8217;s Day"},"content":{"rendered":"<p>Ihr habt alle auf Jigsaw Puzzle &#8211; Women&#8217;s Day gewartet, meine lieben Damen! 500 verschiedene, hervorragende Bilder, die speziell f\u00fcr Sie aufgenommen wurden. Um den Spa\u00df am Spiel zu steigern, haben wir eine F\u00fclle von Optionen eingebaut! W\u00e4hlen Sie f\u00fcr jedes Puzzle einen Schwierigkeitsgrad, der zu Ihnen passt! Speichern Sie Ihre Arbeit, wann immer Sie wollen! Das Spiel ist mit seiner einfachen Steuerung und der F\u00fclle an Werkzeugen und Vorschl\u00e4gen komfortabler zu spielen. Die engagiertesten Spieler k\u00f6nnen sich auf einzigartige Herausforderungen und Belohnungen freuen! Machen Sie eine aufregende Reise in die Welt der Weiblichkeit und Sch\u00f6nheit, indem Sie ein stilvolles Fotoshooting besuchen, ein charmantes Familienalbum durchst\u00f6bern, sich Ihren Lieblingsbesch\u00e4ftigungen widmen, die Sch\u00f6nheit der fr\u00fchlingshaften Umgebung genie\u00dfen und die Techniken hinter kulinarischen Meisterwerken erlernen! All das findest du im neuesten Jigsaw Puzzle. Damentag.         <\/p>\n<p>&nbsp;<\/p>\n<p>&nbsp;<\/p>\n<p><strong>Funktionen:<\/strong><\/p>\n<p>&nbsp;<\/p>\n<p>&#8211; 500 einzigartige, hochwertige Bilder<br \/>\n &#8211; Ein hilfreiches Sortierwerkzeug, eine Lupe und Hinweise<br \/>\n &#8211; Benutzerdefinierte Komponentenstile mit Rotation<br \/>\n &#8211; Sie k\u00f6nnen Ihren Spielfortschritt speichern und das R\u00e4tsel jederzeit weiter l\u00f6sen &#8211; Beruhigende, beruhigende Musik<\/p>\n","protected":false},"excerpt":{"rendered":"<p>Puzzle-Puzzle. Frauentagsgeschenke f\u00fcr attraktive Frauen sind die tollsten! <\/p>\n","protected":false},"author":13,"featured_media":95349,"comment_status":"open","ping_status":"closed","template":"","meta":{"_acf_changed":false,"inline_featured_image":false},"product_brand":[],"product_cat":[168],"product_tag":[289],"class_list":{"0":"post-139748","1":"product","2":"type-product","3":"status-publish","4":"has-post-thumbnail","6":"product_cat-jigsaw-de","7":"product_tag-play-on-pc-de","9":"first","10":"instock","11":"shipping-taxable","12":"purchasable","13":"product-type-simple"},"acf":[],"yoast_head":"<!-- This site is optimized with the Yoast SEO Premium plugin v25.2 (Yoast SEO v25.2) - https:\/\/yoast.com\/wordpress\/plugins\/seo\/ -->\n<title>Puzzle - Frauentag - L\u00f6se ein Puzzle zum Frauentag und feiere deine Kreativit\u00e4t<\/title>\n<meta name=\"description\" content=\"Puzzle-Puzzle. Frauentagsgeschenke f\u00fcr attraktive Frauen sind die tollsten!\" \/>\n<meta name=\"robots\" content=\"index, follow, max-snippet:-1, max-image-preview:large, max-video-preview:-1\" \/>\n<link rel=\"canonical\" href=\"https:\/\/www.iplay.com\/de\/games\/jigsaw-puzzle-womens-day\/\" \/>\n<meta property=\"og:locale\" content=\"de_DE\" \/>\n<meta property=\"og:type\" content=\"article\" \/>\n<meta property=\"og:title\" content=\"Jigsaw Puzzle - Women&#039;s Day\" \/>\n<meta property=\"og:description\" content=\"Puzzle-Puzzle. Frauentagsgeschenke f\u00fcr attraktive Frauen sind die tollsten!\" \/>\n<meta property=\"og:url\" content=\"https:\/\/www.iplay.com\/de\/games\/jigsaw-puzzle-womens-day\/\" \/>\n<meta property=\"og:site_name\" content=\"IPlay\" \/>\n<meta property=\"og:image\" content=\"https:\/\/www.iplay.com\/wp-content\/uploads\/2023\/12\/large_square_tile_image-3478.jpg\" \/>\n\t<meta property=\"og:image:width\" content=\"310\" \/>\n\t<meta property=\"og:image:height\" content=\"310\" \/>\n\t<meta property=\"og:image:type\" content=\"image\/jpeg\" \/>\n<meta name=\"twitter:card\" content=\"summary_large_image\" \/>\n<meta name=\"twitter:label1\" content=\"Gesch\u00e4tzte Lesezeit\" \/>\n\t<meta name=\"twitter:data1\" content=\"1 Minute\" \/>\n<script type=\"application\/ld+json\" class=\"yoast-schema-graph\">{\"@context\":\"https:\/\/schema.org\",\"@graph\":[{\"@type\":\"WebPage\",\"@id\":\"https:\/\/www.iplay.com\/de\/games\/jigsaw-puzzle-womens-day\/\",\"url\":\"https:\/\/www.iplay.com\/de\/games\/jigsaw-puzzle-womens-day\/\",\"name\":\"Puzzle - Frauentag - L\u00f6se ein Puzzle zum Frauentag und feiere deine Kreativit\u00e4t\",\"isPartOf\":{\"@id\":\"https:\/\/www.iplay.com\/en\/#website\"},\"primaryImageOfPage\":{\"@id\":\"https:\/\/www.iplay.com\/de\/games\/jigsaw-puzzle-womens-day\/#primaryimage\"},\"image\":{\"@id\":\"https:\/\/www.iplay.com\/de\/games\/jigsaw-puzzle-womens-day\/#primaryimage\"},\"thumbnailUrl\":\"https:\/\/www.iplay.com\/wp-content\/uploads\/2023\/12\/large_square_tile_image-3478.jpg\",\"datePublished\":\"2019-09-09T00:00:00+00:00\",\"description\":\"Puzzle-Puzzle. Frauentagsgeschenke f\u00fcr attraktive Frauen sind die tollsten!\",\"breadcrumb\":{\"@id\":\"https:\/\/www.iplay.com\/de\/games\/jigsaw-puzzle-womens-day\/#breadcrumb\"},\"inLanguage\":\"de-DE\",\"potentialAction\":[{\"@type\":\"ReadAction\",\"target\":[\"https:\/\/www.iplay.com\/de\/games\/jigsaw-puzzle-womens-day\/\"]}]},{\"@type\":\"ImageObject\",\"inLanguage\":\"de-DE\",\"@id\":\"https:\/\/www.iplay.com\/de\/games\/jigsaw-puzzle-womens-day\/#primaryimage\",\"url\":\"https:\/\/www.iplay.com\/wp-content\/uploads\/2023\/12\/large_square_tile_image-3478.jpg\",\"contentUrl\":\"https:\/\/www.iplay.com\/wp-content\/uploads\/2023\/12\/large_square_tile_image-3478.jpg\",\"width\":310,\"height\":310},{\"@type\":\"BreadcrumbList\",\"@id\":\"https:\/\/www.iplay.com\/de\/games\/jigsaw-puzzle-womens-day\/#breadcrumb\",\"itemListElement\":[{\"@type\":\"ListItem\",\"position\":1,\"name\":\"Home\",\"item\":\"https:\/\/www.iplay.com\/de\/home-page-2\/\"},{\"@type\":\"ListItem\",\"position\":2,\"name\":\"Shop\",\"item\":\"https:\/\/www.iplay.com\/en\/shop\/\"},{\"@type\":\"ListItem\",\"position\":3,\"name\":\"Jigsaw Puzzle &#8211; Women&#8217;s Day\"}]},{\"@type\":\"WebSite\",\"@id\":\"https:\/\/www.iplay.com\/en\/#website\",\"url\":\"https:\/\/www.iplay.com\/en\/\",\"name\":\"IPlay\",\"description\":\"The Best Casual Games!\",\"publisher\":{\"@id\":\"https:\/\/www.iplay.com\/en\/#organization\"},\"potentialAction\":[{\"@type\":\"SearchAction\",\"target\":{\"@type\":\"EntryPoint\",\"urlTemplate\":\"https:\/\/www.iplay.com\/en\/?s={search_term_string}\"},\"query-input\":{\"@type\":\"PropertyValueSpecification\",\"valueRequired\":true,\"valueName\":\"search_term_string\"}}],\"inLanguage\":\"de-DE\"},{\"@type\":\"Organization\",\"@id\":\"https:\/\/www.iplay.com\/en\/#organization\",\"name\":\"IPlay\",\"url\":\"https:\/\/www.iplay.com\/en\/\",\"logo\":{\"@type\":\"ImageObject\",\"inLanguage\":\"de-DE\",\"@id\":\"https:\/\/www.iplay.com\/en\/#\/schema\/logo\/image\/\",\"url\":\"https:\/\/www.iplay.com\/wp-content\/uploads\/2023\/11\/Group-6100.svg\",\"contentUrl\":\"https:\/\/www.iplay.com\/wp-content\/uploads\/2023\/11\/Group-6100.svg\",\"width\":98,\"height\":25,\"caption\":\"IPlay\"},\"image\":{\"@id\":\"https:\/\/www.iplay.com\/en\/#\/schema\/logo\/image\/\"}}]}<\/script>\n<!-- \/ Yoast SEO Premium plugin. -->","yoast_head_json":{"title":"Puzzle - Frauentag - L\u00f6se ein Puzzle zum Frauentag und feiere deine Kreativit\u00e4t","description":"Puzzle-Puzzle. Frauentagsgeschenke f\u00fcr attraktive Frauen sind die tollsten!","robots":{"index":"index","follow":"follow","max-snippet":"max-snippet:-1","max-image-preview":"max-image-preview:large","max-video-preview":"max-video-preview:-1"},"canonical":"https:\/\/www.iplay.com\/de\/games\/jigsaw-puzzle-womens-day\/","og_locale":"de_DE","og_type":"article","og_title":"Jigsaw Puzzle - Women's Day","og_description":"Puzzle-Puzzle. Frauentagsgeschenke f\u00fcr attraktive Frauen sind die tollsten!","og_url":"https:\/\/www.iplay.com\/de\/games\/jigsaw-puzzle-womens-day\/","og_site_name":"IPlay","og_image":[{"width":310,"height":310,"url":"https:\/\/www.iplay.com\/wp-content\/uploads\/2023\/12\/large_square_tile_image-3478.jpg","type":"image\/jpeg"}],"twitter_card":"summary_large_image","twitter_misc":{"Gesch\u00e4tzte Lesezeit":"1 Minute"},"schema":{"@context":"https:\/\/schema.org","@graph":[{"@type":"WebPage","@id":"https:\/\/www.iplay.com\/de\/games\/jigsaw-puzzle-womens-day\/","url":"https:\/\/www.iplay.com\/de\/games\/jigsaw-puzzle-womens-day\/","name":"Puzzle - Frauentag - L\u00f6se ein Puzzle zum Frauentag und feiere deine Kreativit\u00e4t","isPartOf":{"@id":"https:\/\/www.iplay.com\/en\/#website"},"primaryImageOfPage":{"@id":"https:\/\/www.iplay.com\/de\/games\/jigsaw-puzzle-womens-day\/#primaryimage"},"image":{"@id":"https:\/\/www.iplay.com\/de\/games\/jigsaw-puzzle-womens-day\/#primaryimage"},"thumbnailUrl":"https:\/\/www.iplay.com\/wp-content\/uploads\/2023\/12\/large_square_tile_image-3478.jpg","datePublished":"2019-09-09T00:00:00+00:00","description":"Puzzle-Puzzle. Frauentagsgeschenke f\u00fcr attraktive Frauen sind die tollsten!","breadcrumb":{"@id":"https:\/\/www.iplay.com\/de\/games\/jigsaw-puzzle-womens-day\/#breadcrumb"},"inLanguage":"de-DE","potentialAction":[{"@type":"ReadAction","target":["https:\/\/www.iplay.com\/de\/games\/jigsaw-puzzle-womens-day\/"]}]},{"@type":"ImageObject","inLanguage":"de-DE","@id":"https:\/\/www.iplay.com\/de\/games\/jigsaw-puzzle-womens-day\/#primaryimage","url":"https:\/\/www.iplay.com\/wp-content\/uploads\/2023\/12\/large_square_tile_image-3478.jpg","contentUrl":"https:\/\/www.iplay.com\/wp-content\/uploads\/2023\/12\/large_square_tile_image-3478.jpg","width":310,"height":310},{"@type":"BreadcrumbList","@id":"https:\/\/www.iplay.com\/de\/games\/jigsaw-puzzle-womens-day\/#breadcrumb","itemListElement":[{"@type":"ListItem","position":1,"name":"Home","item":"https:\/\/www.iplay.com\/de\/home-page-2\/"},{"@type":"ListItem","position":2,"name":"Shop","item":"https:\/\/www.iplay.com\/en\/shop\/"},{"@type":"ListItem","position":3,"name":"Jigsaw Puzzle &#8211; Women&#8217;s Day"}]},{"@type":"WebSite","@id":"https:\/\/www.iplay.com\/en\/#website","url":"https:\/\/www.iplay.com\/en\/","name":"IPlay","description":"The Best Casual Games!","publisher":{"@id":"https:\/\/www.iplay.com\/en\/#organization"},"potentialAction":[{"@type":"SearchAction","target":{"@type":"EntryPoint","urlTemplate":"https:\/\/www.iplay.com\/en\/?s={search_term_string}"},"query-input":{"@type":"PropertyValueSpecification","valueRequired":true,"valueName":"search_term_string"}}],"inLanguage":"de-DE"},{"@type":"Organization","@id":"https:\/\/www.iplay.com\/en\/#organization","name":"IPlay","url":"https:\/\/www.iplay.com\/en\/","logo":{"@type":"ImageObject","inLanguage":"de-DE","@id":"https:\/\/www.iplay.com\/en\/#\/schema\/logo\/image\/","url":"https:\/\/www.iplay.com\/wp-content\/uploads\/2023\/11\/Group-6100.svg","contentUrl":"https:\/\/www.iplay.com\/wp-content\/uploads\/2023\/11\/Group-6100.svg","width":98,"height":25,"caption":"IPlay"},"image":{"@id":"https:\/\/www.iplay.com\/en\/#\/schema\/logo\/image\/"}}]}},"_links":{"self":[{"href":"https:\/\/www.iplay.com\/de\/wp-json\/wp\/v2\/product\/139748","targetHints":{"allow":["GET"]}}],"collection":[{"href":"https:\/\/www.iplay.com\/de\/wp-json\/wp\/v2\/product"}],"about":[{"href":"https:\/\/www.iplay.com\/de\/wp-json\/wp\/v2\/types\/product"}],"author":[{"embeddable":true,"href":"https:\/\/www.iplay.com\/de\/wp-json\/wp\/v2\/users\/13"}],"replies":[{"embeddable":true,"href":"https:\/\/www.iplay.com\/de\/wp-json\/wp\/v2\/comments?post=139748"}],"wp:featuredmedia":[{"embeddable":true,"href":"https:\/\/www.iplay.com\/de\/wp-json\/wp\/v2\/media\/95349"}],"wp:attachment":[{"href":"https:\/\/www.iplay.com\/de\/wp-json\/wp\/v2\/media?parent=139748"}],"wp:term":[{"taxonomy":"product_brand","embeddable":true,"href":"https:\/\/www.iplay.com\/de\/wp-json\/wp\/v2\/product_brand?post=139748"},{"taxonomy":"product_cat","embeddable":true,"href":"https:\/\/www.iplay.com\/de\/wp-json\/wp\/v2\/product_cat?post=139748"},{"taxonomy":"product_tag","embeddable":true,"href":"https:\/\/www.iplay.com\/de\/wp-json\/wp\/v2\/product_tag?post=139748"}],"curies":[{"name":"wp","href":"https:\/\/api.w.org\/{rel}","templated":true}]}}