{"id":139688,"date":"2019-08-19T00:00:01","date_gmt":"2019-08-19T00:00:01","guid":{"rendered":"https:\/\/www.iplay.com\/games\/spirits-of-mystery-illusions-collectors-edition\/"},"modified":"2019-08-19T00:00:01","modified_gmt":"2019-08-19T00:00:01","slug":"spirits-of-mystery-illusions-collectors-edition","status":"publish","type":"product","link":"https:\/\/www.iplay.com\/de\/games\/spirits-of-mystery-illusions-collectors-edition\/","title":{"rendered":"Spirits of Mystery: Illusions Collector&#8217;s Edition"},"content":{"rendered":"<p>Erfreue dich an der neuesten Ver\u00f6ffentlichung der <em>Spirits of Mystery-Reihe<\/em> ! Eine Reihe von Herausforderungen ist alles, was dir im Weg steht, um zur Feuerprinzessin gekr\u00f6nt zu werden. Aber deine Nanny wird als Geisel genommen, als die Prozesse beginnen! Du musst die Illusionsmagie eines unbekannten Feindes bek\u00e4mpfen, um das K\u00f6nigreich zu retten! Wirst du der Finsternis erliegen oder kannst du dem B\u00f6sen ein Ende bereiten? Entdecke in dieser fesselnden Wimmelbild-Reise!     <\/p>\n<p>&nbsp;<\/p>\n<p>&nbsp;<\/p>\n<p><strong>Funktionen:<\/strong><\/p>\n<p>&nbsp;<\/p>\n<p>&#8211; Erfahre mehr \u00fcber die Hintergrundgeschichte, indem du die Rolle deines Kinderm\u00e4dchens im zus\u00e4tzlichen Kapitel \u00fcbernimmst!<\/p>\n<p>&#8211; Spiele deine geliebten Minispiele und Wimmelbildr\u00e4tsel erneut!<\/p>\n<p>&#8211; Finde Sammlerst\u00fccke, um dein Wissen \u00fcber das Universum zu erweitern!<br \/>\n&#8211; Nutze den Strategieleitfaden, um dich nie zu verlaufen!<\/p>\n","protected":false},"excerpt":{"rendered":"<p>Es droht Gefahr f\u00fcr die F\u00fcnf K\u00f6nigreiche! kann ihnen bei der Collector&#8217;s Edition von Spirits of Mystery: Illusions behilflich sein<\/p>\n","protected":false},"author":17,"featured_media":92827,"comment_status":"open","ping_status":"closed","template":"","meta":{"_acf_changed":false,"inline_featured_image":false},"product_brand":[],"product_cat":[164],"product_tag":[289],"class_list":{"0":"post-139688","1":"product","2":"type-product","3":"status-publish","4":"has-post-thumbnail","6":"product_cat-hidden-object-de","7":"product_tag-play-on-pc-de","9":"first","10":"instock","11":"shipping-taxable","12":"purchasable","13":"product-type-simple"},"acf":[],"yoast_head":"<!-- This site is optimized with the Yoast SEO Premium plugin v25.2 (Yoast SEO v25.2) - https:\/\/yoast.com\/wordpress\/plugins\/seo\/ -->\n<title>Spirits of Mystery: Illusions Collector&#039;s Edition - Rette die f\u00fcnf K\u00f6nigreiche in Spirits of Mystery: Illusions CE<\/title>\n<meta name=\"description\" content=\"Es droht Gefahr f\u00fcr die F\u00fcnf K\u00f6nigreiche! kann ihnen bei der Collector&#039;s Edition von Spirits of Mystery: Illusions behilflich sein\" \/>\n<meta name=\"robots\" content=\"index, follow, max-snippet:-1, max-image-preview:large, max-video-preview:-1\" \/>\n<link rel=\"canonical\" href=\"https:\/\/www.iplay.com\/de\/games\/spirits-of-mystery-illusions-collectors-edition\/\" \/>\n<meta property=\"og:locale\" content=\"de_DE\" \/>\n<meta property=\"og:type\" content=\"article\" \/>\n<meta property=\"og:title\" content=\"Spirits of Mystery: Illusions Collector&#039;s Edition\" \/>\n<meta property=\"og:description\" content=\"Es droht Gefahr f\u00fcr die F\u00fcnf K\u00f6nigreiche! kann ihnen bei der Collector&#039;s Edition von Spirits of Mystery: Illusions behilflich sein\" \/>\n<meta property=\"og:url\" content=\"https:\/\/www.iplay.com\/de\/games\/spirits-of-mystery-illusions-collectors-edition\/\" \/>\n<meta property=\"og:site_name\" content=\"IPlay\" \/>\n<meta property=\"og:image\" content=\"https:\/\/www.iplay.com\/wp-content\/uploads\/2023\/12\/large_square_tile_image-3317.jpg\" \/>\n\t<meta property=\"og:image:width\" content=\"310\" \/>\n\t<meta property=\"og:image:height\" content=\"310\" \/>\n\t<meta property=\"og:image:type\" content=\"image\/jpeg\" \/>\n<meta name=\"twitter:card\" content=\"summary_large_image\" \/>\n<meta name=\"twitter:label1\" content=\"Gesch\u00e4tzte Lesezeit\" \/>\n\t<meta name=\"twitter:data1\" content=\"1 Minute\" \/>\n<script type=\"application\/ld+json\" class=\"yoast-schema-graph\">{\"@context\":\"https:\/\/schema.org\",\"@graph\":[{\"@type\":\"WebPage\",\"@id\":\"https:\/\/www.iplay.com\/de\/games\/spirits-of-mystery-illusions-collectors-edition\/\",\"url\":\"https:\/\/www.iplay.com\/de\/games\/spirits-of-mystery-illusions-collectors-edition\/\",\"name\":\"Spirits of Mystery: Illusions Collector's Edition - Rette die f\u00fcnf K\u00f6nigreiche in Spirits of Mystery: Illusions CE\",\"isPartOf\":{\"@id\":\"https:\/\/www.iplay.com\/en\/#website\"},\"primaryImageOfPage\":{\"@id\":\"https:\/\/www.iplay.com\/de\/games\/spirits-of-mystery-illusions-collectors-edition\/#primaryimage\"},\"image\":{\"@id\":\"https:\/\/www.iplay.com\/de\/games\/spirits-of-mystery-illusions-collectors-edition\/#primaryimage\"},\"thumbnailUrl\":\"https:\/\/www.iplay.com\/wp-content\/uploads\/2023\/12\/large_square_tile_image-3317.jpg\",\"datePublished\":\"2019-08-19T00:00:01+00:00\",\"description\":\"Es droht Gefahr f\u00fcr die F\u00fcnf K\u00f6nigreiche! kann ihnen bei der Collector's Edition von Spirits of Mystery: Illusions behilflich sein\",\"breadcrumb\":{\"@id\":\"https:\/\/www.iplay.com\/de\/games\/spirits-of-mystery-illusions-collectors-edition\/#breadcrumb\"},\"inLanguage\":\"de-DE\",\"potentialAction\":[{\"@type\":\"ReadAction\",\"target\":[\"https:\/\/www.iplay.com\/de\/games\/spirits-of-mystery-illusions-collectors-edition\/\"]}]},{\"@type\":\"ImageObject\",\"inLanguage\":\"de-DE\",\"@id\":\"https:\/\/www.iplay.com\/de\/games\/spirits-of-mystery-illusions-collectors-edition\/#primaryimage\",\"url\":\"https:\/\/www.iplay.com\/wp-content\/uploads\/2023\/12\/large_square_tile_image-3317.jpg\",\"contentUrl\":\"https:\/\/www.iplay.com\/wp-content\/uploads\/2023\/12\/large_square_tile_image-3317.jpg\",\"width\":310,\"height\":310},{\"@type\":\"BreadcrumbList\",\"@id\":\"https:\/\/www.iplay.com\/de\/games\/spirits-of-mystery-illusions-collectors-edition\/#breadcrumb\",\"itemListElement\":[{\"@type\":\"ListItem\",\"position\":1,\"name\":\"Home\",\"item\":\"https:\/\/www.iplay.com\/de\/home-page-2\/\"},{\"@type\":\"ListItem\",\"position\":2,\"name\":\"Shop\",\"item\":\"https:\/\/www.iplay.com\/en\/shop\/\"},{\"@type\":\"ListItem\",\"position\":3,\"name\":\"Spirits of Mystery: Illusions Collector&#8217;s Edition\"}]},{\"@type\":\"WebSite\",\"@id\":\"https:\/\/www.iplay.com\/en\/#website\",\"url\":\"https:\/\/www.iplay.com\/en\/\",\"name\":\"IPlay\",\"description\":\"The Best Casual Games!\",\"publisher\":{\"@id\":\"https:\/\/www.iplay.com\/en\/#organization\"},\"potentialAction\":[{\"@type\":\"SearchAction\",\"target\":{\"@type\":\"EntryPoint\",\"urlTemplate\":\"https:\/\/www.iplay.com\/en\/?s={search_term_string}\"},\"query-input\":{\"@type\":\"PropertyValueSpecification\",\"valueRequired\":true,\"valueName\":\"search_term_string\"}}],\"inLanguage\":\"de-DE\"},{\"@type\":\"Organization\",\"@id\":\"https:\/\/www.iplay.com\/en\/#organization\",\"name\":\"IPlay\",\"url\":\"https:\/\/www.iplay.com\/en\/\",\"logo\":{\"@type\":\"ImageObject\",\"inLanguage\":\"de-DE\",\"@id\":\"https:\/\/www.iplay.com\/en\/#\/schema\/logo\/image\/\",\"url\":\"https:\/\/www.iplay.com\/wp-content\/uploads\/2023\/11\/Group-6100.svg\",\"contentUrl\":\"https:\/\/www.iplay.com\/wp-content\/uploads\/2023\/11\/Group-6100.svg\",\"width\":98,\"height\":25,\"caption\":\"IPlay\"},\"image\":{\"@id\":\"https:\/\/www.iplay.com\/en\/#\/schema\/logo\/image\/\"}}]}<\/script>\n<!-- \/ Yoast SEO Premium plugin. -->","yoast_head_json":{"title":"Spirits of Mystery: Illusions Collector's Edition - Rette die f\u00fcnf K\u00f6nigreiche in Spirits of Mystery: Illusions CE","description":"Es droht Gefahr f\u00fcr die F\u00fcnf K\u00f6nigreiche! kann ihnen bei der Collector's Edition von Spirits of Mystery: Illusions behilflich sein","robots":{"index":"index","follow":"follow","max-snippet":"max-snippet:-1","max-image-preview":"max-image-preview:large","max-video-preview":"max-video-preview:-1"},"canonical":"https:\/\/www.iplay.com\/de\/games\/spirits-of-mystery-illusions-collectors-edition\/","og_locale":"de_DE","og_type":"article","og_title":"Spirits of Mystery: Illusions Collector's Edition","og_description":"Es droht Gefahr f\u00fcr die F\u00fcnf K\u00f6nigreiche! kann ihnen bei der Collector's Edition von Spirits of Mystery: Illusions behilflich sein","og_url":"https:\/\/www.iplay.com\/de\/games\/spirits-of-mystery-illusions-collectors-edition\/","og_site_name":"IPlay","og_image":[{"width":310,"height":310,"url":"https:\/\/www.iplay.com\/wp-content\/uploads\/2023\/12\/large_square_tile_image-3317.jpg","type":"image\/jpeg"}],"twitter_card":"summary_large_image","twitter_misc":{"Gesch\u00e4tzte Lesezeit":"1 Minute"},"schema":{"@context":"https:\/\/schema.org","@graph":[{"@type":"WebPage","@id":"https:\/\/www.iplay.com\/de\/games\/spirits-of-mystery-illusions-collectors-edition\/","url":"https:\/\/www.iplay.com\/de\/games\/spirits-of-mystery-illusions-collectors-edition\/","name":"Spirits of Mystery: Illusions Collector's Edition - Rette die f\u00fcnf K\u00f6nigreiche in Spirits of Mystery: Illusions CE","isPartOf":{"@id":"https:\/\/www.iplay.com\/en\/#website"},"primaryImageOfPage":{"@id":"https:\/\/www.iplay.com\/de\/games\/spirits-of-mystery-illusions-collectors-edition\/#primaryimage"},"image":{"@id":"https:\/\/www.iplay.com\/de\/games\/spirits-of-mystery-illusions-collectors-edition\/#primaryimage"},"thumbnailUrl":"https:\/\/www.iplay.com\/wp-content\/uploads\/2023\/12\/large_square_tile_image-3317.jpg","datePublished":"2019-08-19T00:00:01+00:00","description":"Es droht Gefahr f\u00fcr die F\u00fcnf K\u00f6nigreiche! kann ihnen bei der Collector's Edition von Spirits of Mystery: Illusions behilflich sein","breadcrumb":{"@id":"https:\/\/www.iplay.com\/de\/games\/spirits-of-mystery-illusions-collectors-edition\/#breadcrumb"},"inLanguage":"de-DE","potentialAction":[{"@type":"ReadAction","target":["https:\/\/www.iplay.com\/de\/games\/spirits-of-mystery-illusions-collectors-edition\/"]}]},{"@type":"ImageObject","inLanguage":"de-DE","@id":"https:\/\/www.iplay.com\/de\/games\/spirits-of-mystery-illusions-collectors-edition\/#primaryimage","url":"https:\/\/www.iplay.com\/wp-content\/uploads\/2023\/12\/large_square_tile_image-3317.jpg","contentUrl":"https:\/\/www.iplay.com\/wp-content\/uploads\/2023\/12\/large_square_tile_image-3317.jpg","width":310,"height":310},{"@type":"BreadcrumbList","@id":"https:\/\/www.iplay.com\/de\/games\/spirits-of-mystery-illusions-collectors-edition\/#breadcrumb","itemListElement":[{"@type":"ListItem","position":1,"name":"Home","item":"https:\/\/www.iplay.com\/de\/home-page-2\/"},{"@type":"ListItem","position":2,"name":"Shop","item":"https:\/\/www.iplay.com\/en\/shop\/"},{"@type":"ListItem","position":3,"name":"Spirits of Mystery: Illusions Collector&#8217;s Edition"}]},{"@type":"WebSite","@id":"https:\/\/www.iplay.com\/en\/#website","url":"https:\/\/www.iplay.com\/en\/","name":"IPlay","description":"The Best Casual Games!","publisher":{"@id":"https:\/\/www.iplay.com\/en\/#organization"},"potentialAction":[{"@type":"SearchAction","target":{"@type":"EntryPoint","urlTemplate":"https:\/\/www.iplay.com\/en\/?s={search_term_string}"},"query-input":{"@type":"PropertyValueSpecification","valueRequired":true,"valueName":"search_term_string"}}],"inLanguage":"de-DE"},{"@type":"Organization","@id":"https:\/\/www.iplay.com\/en\/#organization","name":"IPlay","url":"https:\/\/www.iplay.com\/en\/","logo":{"@type":"ImageObject","inLanguage":"de-DE","@id":"https:\/\/www.iplay.com\/en\/#\/schema\/logo\/image\/","url":"https:\/\/www.iplay.com\/wp-content\/uploads\/2023\/11\/Group-6100.svg","contentUrl":"https:\/\/www.iplay.com\/wp-content\/uploads\/2023\/11\/Group-6100.svg","width":98,"height":25,"caption":"IPlay"},"image":{"@id":"https:\/\/www.iplay.com\/en\/#\/schema\/logo\/image\/"}}]}},"_links":{"self":[{"href":"https:\/\/www.iplay.com\/de\/wp-json\/wp\/v2\/product\/139688","targetHints":{"allow":["GET"]}}],"collection":[{"href":"https:\/\/www.iplay.com\/de\/wp-json\/wp\/v2\/product"}],"about":[{"href":"https:\/\/www.iplay.com\/de\/wp-json\/wp\/v2\/types\/product"}],"author":[{"embeddable":true,"href":"https:\/\/www.iplay.com\/de\/wp-json\/wp\/v2\/users\/17"}],"replies":[{"embeddable":true,"href":"https:\/\/www.iplay.com\/de\/wp-json\/wp\/v2\/comments?post=139688"}],"wp:featuredmedia":[{"embeddable":true,"href":"https:\/\/www.iplay.com\/de\/wp-json\/wp\/v2\/media\/92827"}],"wp:attachment":[{"href":"https:\/\/www.iplay.com\/de\/wp-json\/wp\/v2\/media?parent=139688"}],"wp:term":[{"taxonomy":"product_brand","embeddable":true,"href":"https:\/\/www.iplay.com\/de\/wp-json\/wp\/v2\/product_brand?post=139688"},{"taxonomy":"product_cat","embeddable":true,"href":"https:\/\/www.iplay.com\/de\/wp-json\/wp\/v2\/product_cat?post=139688"},{"taxonomy":"product_tag","embeddable":true,"href":"https:\/\/www.iplay.com\/de\/wp-json\/wp\/v2\/product_tag?post=139688"}],"curies":[{"name":"wp","href":"https:\/\/api.w.org\/{rel}","templated":true}]}}