{"id":139681,"date":"2019-08-18T00:00:00","date_gmt":"2019-08-18T00:00:00","guid":{"rendered":"https:\/\/www.iplay.com\/games\/dead-reckoning-sleight-of-murder-collectors-edition\/"},"modified":"2019-08-18T00:00:00","modified_gmt":"2019-08-18T00:00:00","slug":"dead-reckoning-sleight-of-murder-collectors-edition","status":"publish","type":"product","link":"https:\/\/www.iplay.com\/de\/games\/dead-reckoning-sleight-of-murder-collectors-edition\/","title":{"rendered":"Dead Reckoning: Sleight of Murder Collector&#8217;s Edition"},"content":{"rendered":"<p>Freuen Sie sich auf die n\u00e4chste spannende Geschichte aus der bekannten Krimiserie <em>Dead Reckoning<\/em>! F\u00fcr die Er\u00f6ffnung des Stevens Tower Hotels wurden die ber\u00fchmten Amazing Garibaldi Brothers mit der Auff\u00fchrung ihrer neuesten Illusion beauftragt. Als Drehbuchautor f\u00fcr einen zuk\u00fcnftigen Film, f\u00fcr den sie neue Illusionen erschaffen werden, sind Sie zur Premiere eingeladen. Hinter den Kulissen verbirgt sich jedoch ein dunkles Geheimnis, und als ein Mord geschieht, musst du jeden Trick anwenden, um den T\u00e4ter aufzusp\u00fcren, bevor er mit seinem eigenen Zaubertrick entkommt. Behalte dieses fantastische Wimmelbild-Abenteuerspiel im Auge und versuche, nicht zu blinzeln!   <\/p>\n<p>&nbsp;<\/p>\n<p>&nbsp;<\/p>\n<p><strong>Funktionen:<\/strong><\/p>\n<p>&nbsp;<\/p>\n<p>&#8211; Im Extrakapitel schl\u00fcpfst du erneut in die Rolle von Ms. Douglas und entdeckst die Details von Stodares Feuerring-Trick.<br \/>\n&#8211; Sammle Erfolge w\u00e4hrend des Spielens.<br \/>\n&#8211; Suchen Sie nach Andenken, indem Sie zu Orten zur\u00fcckkehren und versteckte Kaninchen einsammeln.<br \/>\n&#8211; \u00dcbe das L\u00f6sen von Wimmelbildr\u00e4tseln, Minispielen und Bubble-Shootern, bis du den Dreh raus hast.<br \/>\n&#8211; Profitieren Sie von einzigartigen Konzeptzeichnungen, Videos, Soundtracks und Hintergrundbildern.<\/p>\n","protected":false},"excerpt":{"rendered":"<p>Passen Sie genau auf? Du solltest Dead Reckoning: Sleight of Murder CE sorgf\u00e4ltig lesen. <\/p>\n","protected":false},"author":17,"featured_media":84812,"comment_status":"open","ping_status":"closed","template":"","meta":{"_acf_changed":false,"inline_featured_image":false},"product_brand":[],"product_cat":[164],"product_tag":[289],"class_list":{"0":"post-139681","1":"product","2":"type-product","3":"status-publish","4":"has-post-thumbnail","6":"product_cat-hidden-object-de","7":"product_tag-play-on-pc-de","9":"first","10":"instock","11":"shipping-taxable","12":"purchasable","13":"product-type-simple"},"acf":[],"yoast_head":"<!-- This site is optimized with the Yoast SEO Premium plugin v25.2 (Yoast SEO v25.2) - https:\/\/yoast.com\/wordpress\/plugins\/seo\/ -->\n<title>Dead Reckoning: Sleight of Murder Sammleredition - Passen Sie gut auf in Dead Reckoning: Sleight of Murder CE<\/title>\n<meta name=\"description\" content=\"Passen Sie genau auf? Du solltest Dead Reckoning: Sleight of Murder CE sorgf\u00e4ltig lesen.\" \/>\n<meta name=\"robots\" content=\"index, follow, max-snippet:-1, max-image-preview:large, max-video-preview:-1\" \/>\n<link rel=\"canonical\" href=\"https:\/\/www.iplay.com\/de\/games\/dead-reckoning-sleight-of-murder-collectors-edition\/\" \/>\n<meta property=\"og:locale\" content=\"de_DE\" \/>\n<meta property=\"og:type\" content=\"article\" \/>\n<meta property=\"og:title\" content=\"Dead Reckoning: Sleight of Murder Collector&#039;s Edition\" \/>\n<meta property=\"og:description\" content=\"Passen Sie genau auf? Du solltest Dead Reckoning: Sleight of Murder CE sorgf\u00e4ltig lesen.\" \/>\n<meta property=\"og:url\" content=\"https:\/\/www.iplay.com\/de\/games\/dead-reckoning-sleight-of-murder-collectors-edition\/\" \/>\n<meta property=\"og:site_name\" content=\"IPlay\" \/>\n<meta property=\"og:image\" content=\"https:\/\/www.iplay.com\/wp-content\/uploads\/2023\/12\/large_square_tile_image-2811.jpg\" \/>\n\t<meta property=\"og:image:width\" content=\"310\" \/>\n\t<meta property=\"og:image:height\" content=\"310\" \/>\n\t<meta property=\"og:image:type\" content=\"image\/jpeg\" \/>\n<meta name=\"twitter:card\" content=\"summary_large_image\" \/>\n<meta name=\"twitter:label1\" content=\"Gesch\u00e4tzte Lesezeit\" \/>\n\t<meta name=\"twitter:data1\" content=\"1 Minute\" \/>\n<script type=\"application\/ld+json\" class=\"yoast-schema-graph\">{\"@context\":\"https:\/\/schema.org\",\"@graph\":[{\"@type\":\"WebPage\",\"@id\":\"https:\/\/www.iplay.com\/de\/games\/dead-reckoning-sleight-of-murder-collectors-edition\/\",\"url\":\"https:\/\/www.iplay.com\/de\/games\/dead-reckoning-sleight-of-murder-collectors-edition\/\",\"name\":\"Dead Reckoning: Sleight of Murder Sammleredition - Passen Sie gut auf in Dead Reckoning: Sleight of Murder CE\",\"isPartOf\":{\"@id\":\"https:\/\/www.iplay.com\/en\/#website\"},\"primaryImageOfPage\":{\"@id\":\"https:\/\/www.iplay.com\/de\/games\/dead-reckoning-sleight-of-murder-collectors-edition\/#primaryimage\"},\"image\":{\"@id\":\"https:\/\/www.iplay.com\/de\/games\/dead-reckoning-sleight-of-murder-collectors-edition\/#primaryimage\"},\"thumbnailUrl\":\"https:\/\/www.iplay.com\/wp-content\/uploads\/2023\/12\/large_square_tile_image-2811.jpg\",\"datePublished\":\"2019-08-18T00:00:00+00:00\",\"description\":\"Passen Sie genau auf? Du solltest Dead Reckoning: Sleight of Murder CE sorgf\u00e4ltig lesen.\",\"breadcrumb\":{\"@id\":\"https:\/\/www.iplay.com\/de\/games\/dead-reckoning-sleight-of-murder-collectors-edition\/#breadcrumb\"},\"inLanguage\":\"de-DE\",\"potentialAction\":[{\"@type\":\"ReadAction\",\"target\":[\"https:\/\/www.iplay.com\/de\/games\/dead-reckoning-sleight-of-murder-collectors-edition\/\"]}]},{\"@type\":\"ImageObject\",\"inLanguage\":\"de-DE\",\"@id\":\"https:\/\/www.iplay.com\/de\/games\/dead-reckoning-sleight-of-murder-collectors-edition\/#primaryimage\",\"url\":\"https:\/\/www.iplay.com\/wp-content\/uploads\/2023\/12\/large_square_tile_image-2811.jpg\",\"contentUrl\":\"https:\/\/www.iplay.com\/wp-content\/uploads\/2023\/12\/large_square_tile_image-2811.jpg\",\"width\":310,\"height\":310},{\"@type\":\"BreadcrumbList\",\"@id\":\"https:\/\/www.iplay.com\/de\/games\/dead-reckoning-sleight-of-murder-collectors-edition\/#breadcrumb\",\"itemListElement\":[{\"@type\":\"ListItem\",\"position\":1,\"name\":\"Home\",\"item\":\"https:\/\/www.iplay.com\/de\/home-page-2\/\"},{\"@type\":\"ListItem\",\"position\":2,\"name\":\"Shop\",\"item\":\"https:\/\/www.iplay.com\/en\/shop\/\"},{\"@type\":\"ListItem\",\"position\":3,\"name\":\"Dead Reckoning: Sleight of Murder Collector&#8217;s Edition\"}]},{\"@type\":\"WebSite\",\"@id\":\"https:\/\/www.iplay.com\/en\/#website\",\"url\":\"https:\/\/www.iplay.com\/en\/\",\"name\":\"IPlay\",\"description\":\"The Best Casual Games!\",\"publisher\":{\"@id\":\"https:\/\/www.iplay.com\/en\/#organization\"},\"potentialAction\":[{\"@type\":\"SearchAction\",\"target\":{\"@type\":\"EntryPoint\",\"urlTemplate\":\"https:\/\/www.iplay.com\/en\/?s={search_term_string}\"},\"query-input\":{\"@type\":\"PropertyValueSpecification\",\"valueRequired\":true,\"valueName\":\"search_term_string\"}}],\"inLanguage\":\"de-DE\"},{\"@type\":\"Organization\",\"@id\":\"https:\/\/www.iplay.com\/en\/#organization\",\"name\":\"IPlay\",\"url\":\"https:\/\/www.iplay.com\/en\/\",\"logo\":{\"@type\":\"ImageObject\",\"inLanguage\":\"de-DE\",\"@id\":\"https:\/\/www.iplay.com\/en\/#\/schema\/logo\/image\/\",\"url\":\"https:\/\/www.iplay.com\/wp-content\/uploads\/2023\/11\/Group-6100.svg\",\"contentUrl\":\"https:\/\/www.iplay.com\/wp-content\/uploads\/2023\/11\/Group-6100.svg\",\"width\":98,\"height\":25,\"caption\":\"IPlay\"},\"image\":{\"@id\":\"https:\/\/www.iplay.com\/en\/#\/schema\/logo\/image\/\"}}]}<\/script>\n<!-- \/ Yoast SEO Premium plugin. -->","yoast_head_json":{"title":"Dead Reckoning: Sleight of Murder Sammleredition - Passen Sie gut auf in Dead Reckoning: Sleight of Murder CE","description":"Passen Sie genau auf? Du solltest Dead Reckoning: Sleight of Murder CE sorgf\u00e4ltig lesen.","robots":{"index":"index","follow":"follow","max-snippet":"max-snippet:-1","max-image-preview":"max-image-preview:large","max-video-preview":"max-video-preview:-1"},"canonical":"https:\/\/www.iplay.com\/de\/games\/dead-reckoning-sleight-of-murder-collectors-edition\/","og_locale":"de_DE","og_type":"article","og_title":"Dead Reckoning: Sleight of Murder Collector's Edition","og_description":"Passen Sie genau auf? Du solltest Dead Reckoning: Sleight of Murder CE sorgf\u00e4ltig lesen.","og_url":"https:\/\/www.iplay.com\/de\/games\/dead-reckoning-sleight-of-murder-collectors-edition\/","og_site_name":"IPlay","og_image":[{"width":310,"height":310,"url":"https:\/\/www.iplay.com\/wp-content\/uploads\/2023\/12\/large_square_tile_image-2811.jpg","type":"image\/jpeg"}],"twitter_card":"summary_large_image","twitter_misc":{"Gesch\u00e4tzte Lesezeit":"1 Minute"},"schema":{"@context":"https:\/\/schema.org","@graph":[{"@type":"WebPage","@id":"https:\/\/www.iplay.com\/de\/games\/dead-reckoning-sleight-of-murder-collectors-edition\/","url":"https:\/\/www.iplay.com\/de\/games\/dead-reckoning-sleight-of-murder-collectors-edition\/","name":"Dead Reckoning: Sleight of Murder Sammleredition - Passen Sie gut auf in Dead Reckoning: Sleight of Murder CE","isPartOf":{"@id":"https:\/\/www.iplay.com\/en\/#website"},"primaryImageOfPage":{"@id":"https:\/\/www.iplay.com\/de\/games\/dead-reckoning-sleight-of-murder-collectors-edition\/#primaryimage"},"image":{"@id":"https:\/\/www.iplay.com\/de\/games\/dead-reckoning-sleight-of-murder-collectors-edition\/#primaryimage"},"thumbnailUrl":"https:\/\/www.iplay.com\/wp-content\/uploads\/2023\/12\/large_square_tile_image-2811.jpg","datePublished":"2019-08-18T00:00:00+00:00","description":"Passen Sie genau auf? Du solltest Dead Reckoning: Sleight of Murder CE sorgf\u00e4ltig lesen.","breadcrumb":{"@id":"https:\/\/www.iplay.com\/de\/games\/dead-reckoning-sleight-of-murder-collectors-edition\/#breadcrumb"},"inLanguage":"de-DE","potentialAction":[{"@type":"ReadAction","target":["https:\/\/www.iplay.com\/de\/games\/dead-reckoning-sleight-of-murder-collectors-edition\/"]}]},{"@type":"ImageObject","inLanguage":"de-DE","@id":"https:\/\/www.iplay.com\/de\/games\/dead-reckoning-sleight-of-murder-collectors-edition\/#primaryimage","url":"https:\/\/www.iplay.com\/wp-content\/uploads\/2023\/12\/large_square_tile_image-2811.jpg","contentUrl":"https:\/\/www.iplay.com\/wp-content\/uploads\/2023\/12\/large_square_tile_image-2811.jpg","width":310,"height":310},{"@type":"BreadcrumbList","@id":"https:\/\/www.iplay.com\/de\/games\/dead-reckoning-sleight-of-murder-collectors-edition\/#breadcrumb","itemListElement":[{"@type":"ListItem","position":1,"name":"Home","item":"https:\/\/www.iplay.com\/de\/home-page-2\/"},{"@type":"ListItem","position":2,"name":"Shop","item":"https:\/\/www.iplay.com\/en\/shop\/"},{"@type":"ListItem","position":3,"name":"Dead Reckoning: Sleight of Murder Collector&#8217;s Edition"}]},{"@type":"WebSite","@id":"https:\/\/www.iplay.com\/en\/#website","url":"https:\/\/www.iplay.com\/en\/","name":"IPlay","description":"The Best Casual Games!","publisher":{"@id":"https:\/\/www.iplay.com\/en\/#organization"},"potentialAction":[{"@type":"SearchAction","target":{"@type":"EntryPoint","urlTemplate":"https:\/\/www.iplay.com\/en\/?s={search_term_string}"},"query-input":{"@type":"PropertyValueSpecification","valueRequired":true,"valueName":"search_term_string"}}],"inLanguage":"de-DE"},{"@type":"Organization","@id":"https:\/\/www.iplay.com\/en\/#organization","name":"IPlay","url":"https:\/\/www.iplay.com\/en\/","logo":{"@type":"ImageObject","inLanguage":"de-DE","@id":"https:\/\/www.iplay.com\/en\/#\/schema\/logo\/image\/","url":"https:\/\/www.iplay.com\/wp-content\/uploads\/2023\/11\/Group-6100.svg","contentUrl":"https:\/\/www.iplay.com\/wp-content\/uploads\/2023\/11\/Group-6100.svg","width":98,"height":25,"caption":"IPlay"},"image":{"@id":"https:\/\/www.iplay.com\/en\/#\/schema\/logo\/image\/"}}]}},"_links":{"self":[{"href":"https:\/\/www.iplay.com\/de\/wp-json\/wp\/v2\/product\/139681","targetHints":{"allow":["GET"]}}],"collection":[{"href":"https:\/\/www.iplay.com\/de\/wp-json\/wp\/v2\/product"}],"about":[{"href":"https:\/\/www.iplay.com\/de\/wp-json\/wp\/v2\/types\/product"}],"author":[{"embeddable":true,"href":"https:\/\/www.iplay.com\/de\/wp-json\/wp\/v2\/users\/17"}],"replies":[{"embeddable":true,"href":"https:\/\/www.iplay.com\/de\/wp-json\/wp\/v2\/comments?post=139681"}],"wp:featuredmedia":[{"embeddable":true,"href":"https:\/\/www.iplay.com\/de\/wp-json\/wp\/v2\/media\/84812"}],"wp:attachment":[{"href":"https:\/\/www.iplay.com\/de\/wp-json\/wp\/v2\/media?parent=139681"}],"wp:term":[{"taxonomy":"product_brand","embeddable":true,"href":"https:\/\/www.iplay.com\/de\/wp-json\/wp\/v2\/product_brand?post=139681"},{"taxonomy":"product_cat","embeddable":true,"href":"https:\/\/www.iplay.com\/de\/wp-json\/wp\/v2\/product_cat?post=139681"},{"taxonomy":"product_tag","embeddable":true,"href":"https:\/\/www.iplay.com\/de\/wp-json\/wp\/v2\/product_tag?post=139681"}],"curies":[{"name":"wp","href":"https:\/\/api.w.org\/{rel}","templated":true}]}}