{"id":139669,"date":"2019-08-14T00:00:00","date_gmt":"2019-08-14T00:00:00","guid":{"rendered":"https:\/\/www.iplay.com\/games\/league-of-light-edge-of-justice-collectors-edition\/"},"modified":"2019-08-14T00:00:00","modified_gmt":"2019-08-14T00:00:00","slug":"league-of-light-edge-of-justice-collectors-edition","status":"publish","type":"product","link":"https:\/\/www.iplay.com\/de\/games\/league-of-light-edge-of-justice-collectors-edition\/","title":{"rendered":"League of Light: Edge of Justice Collector&#8217;s Edition"},"content":{"rendered":"<p>Genie\u00dfe die neueste Folge ihrer Detektivserie, League of Light! Besuchen Sie die bekannte Stadt Hameln noch einmal und erleben Sie eine geschickte Nacherz\u00e4hlung der Geschichte des r\u00e4tselhaften Fl\u00f6tisten, der die Stadt frei von Ratten hielt, aber nicht die Anerkennung erhielt, die ihm geb\u00fchrte. Jahre sp\u00e4ter ist der ber\u00fcchtigte Fl\u00f6tist nach Hameln zur\u00fcckgekehrt und sucht nun nach Vergeltung! Erkunde die rauchgef\u00fcllten Geister der Stadt und entdecke die Wahrheit in diesem fesselnden Wimmelbild-Puzzlespiel! Hilf der Liga des Lichts im Extra-Spiel dabei, die b\u00f6se Fl\u00f6te zu zerst\u00f6ren!    <\/p>\n<p>&nbsp;<\/p>\n<p>&nbsp;<\/p>\n<p><strong>Funktionen:<\/strong><\/p>\n<p>&nbsp;<\/p>\n<ul>\n<li>Viele Leckereien wie Eulen und Figurenskulpturen!<\/li>\n<li>Erreiche Ziele f\u00fcr dein ausgewogenes Gameplay!<\/li>\n<li>Genie\u00dfen Sie einzigartige Konzeptkunst, Hintergrundbilder und Audio!<\/li>\n<li>Mit dem Strategieleitfaden verirren Sie sich nie.<\/li>\n<\/ul>\n","protected":false},"excerpt":{"rendered":"<p>Der Fl\u00f6tenspieler ist zur\u00fcck in Hameln! Die Collector&#8217;s Edition von League of Light: Am Rande der Gerechtigkeit <\/p>\n","protected":false},"author":17,"featured_media":92931,"comment_status":"open","ping_status":"closed","template":"","meta":{"_acf_changed":false,"inline_featured_image":false},"product_brand":[],"product_cat":[164],"product_tag":[289],"class_list":{"0":"post-139669","1":"product","2":"type-product","3":"status-publish","4":"has-post-thumbnail","6":"product_cat-hidden-object-de","7":"product_tag-play-on-pc-de","9":"first","10":"instock","11":"shipping-taxable","12":"purchasable","13":"product-type-simple"},"acf":[],"yoast_head":"<!-- This site is optimized with the Yoast SEO Premium plugin v25.2 (Yoast SEO v25.2) - https:\/\/yoast.com\/wordpress\/plugins\/seo\/ -->\n<title>League of Light: Edge of Justice Collector&#039;s Edition - Halte den Rattenf\u00e4nger davon ab, nach Hameln zur\u00fcckzukehren<\/title>\n<meta name=\"description\" content=\"Der Fl\u00f6tenspieler ist zur\u00fcck in Hameln! Die Collector&#039;s Edition von League of Light: Am Rande der Gerechtigkeit\" \/>\n<meta name=\"robots\" content=\"index, follow, max-snippet:-1, max-image-preview:large, max-video-preview:-1\" \/>\n<link rel=\"canonical\" href=\"https:\/\/www.iplay.com\/de\/games\/league-of-light-edge-of-justice-collectors-edition\/\" \/>\n<meta property=\"og:locale\" content=\"de_DE\" \/>\n<meta property=\"og:type\" content=\"article\" \/>\n<meta property=\"og:title\" content=\"League of Light: Edge of Justice Collector&#039;s Edition\" \/>\n<meta property=\"og:description\" content=\"Der Fl\u00f6tenspieler ist zur\u00fcck in Hameln! Die Collector&#039;s Edition von League of Light: Am Rande der Gerechtigkeit\" \/>\n<meta property=\"og:url\" content=\"https:\/\/www.iplay.com\/de\/games\/league-of-light-edge-of-justice-collectors-edition\/\" \/>\n<meta property=\"og:site_name\" content=\"IPlay\" \/>\n<meta property=\"og:image\" content=\"https:\/\/www.iplay.com\/wp-content\/uploads\/2023\/12\/large_square_tile_image-3324.jpg\" \/>\n\t<meta property=\"og:image:width\" content=\"310\" \/>\n\t<meta property=\"og:image:height\" content=\"310\" \/>\n\t<meta property=\"og:image:type\" content=\"image\/jpeg\" \/>\n<meta name=\"twitter:card\" content=\"summary_large_image\" \/>\n<meta name=\"twitter:label1\" content=\"Gesch\u00e4tzte Lesezeit\" \/>\n\t<meta name=\"twitter:data1\" content=\"1 Minute\" \/>\n<script type=\"application\/ld+json\" class=\"yoast-schema-graph\">{\"@context\":\"https:\/\/schema.org\",\"@graph\":[{\"@type\":\"WebPage\",\"@id\":\"https:\/\/www.iplay.com\/de\/games\/league-of-light-edge-of-justice-collectors-edition\/\",\"url\":\"https:\/\/www.iplay.com\/de\/games\/league-of-light-edge-of-justice-collectors-edition\/\",\"name\":\"League of Light: Edge of Justice Collector's Edition - Halte den Rattenf\u00e4nger davon ab, nach Hameln zur\u00fcckzukehren\",\"isPartOf\":{\"@id\":\"https:\/\/www.iplay.com\/en\/#website\"},\"primaryImageOfPage\":{\"@id\":\"https:\/\/www.iplay.com\/de\/games\/league-of-light-edge-of-justice-collectors-edition\/#primaryimage\"},\"image\":{\"@id\":\"https:\/\/www.iplay.com\/de\/games\/league-of-light-edge-of-justice-collectors-edition\/#primaryimage\"},\"thumbnailUrl\":\"https:\/\/www.iplay.com\/wp-content\/uploads\/2023\/12\/large_square_tile_image-3324.jpg\",\"datePublished\":\"2019-08-14T00:00:00+00:00\",\"description\":\"Der Fl\u00f6tenspieler ist zur\u00fcck in Hameln! Die Collector's Edition von League of Light: Am Rande der Gerechtigkeit\",\"breadcrumb\":{\"@id\":\"https:\/\/www.iplay.com\/de\/games\/league-of-light-edge-of-justice-collectors-edition\/#breadcrumb\"},\"inLanguage\":\"de-DE\",\"potentialAction\":[{\"@type\":\"ReadAction\",\"target\":[\"https:\/\/www.iplay.com\/de\/games\/league-of-light-edge-of-justice-collectors-edition\/\"]}]},{\"@type\":\"ImageObject\",\"inLanguage\":\"de-DE\",\"@id\":\"https:\/\/www.iplay.com\/de\/games\/league-of-light-edge-of-justice-collectors-edition\/#primaryimage\",\"url\":\"https:\/\/www.iplay.com\/wp-content\/uploads\/2023\/12\/large_square_tile_image-3324.jpg\",\"contentUrl\":\"https:\/\/www.iplay.com\/wp-content\/uploads\/2023\/12\/large_square_tile_image-3324.jpg\",\"width\":310,\"height\":310},{\"@type\":\"BreadcrumbList\",\"@id\":\"https:\/\/www.iplay.com\/de\/games\/league-of-light-edge-of-justice-collectors-edition\/#breadcrumb\",\"itemListElement\":[{\"@type\":\"ListItem\",\"position\":1,\"name\":\"Home\",\"item\":\"https:\/\/www.iplay.com\/de\/home-page-2\/\"},{\"@type\":\"ListItem\",\"position\":2,\"name\":\"Shop\",\"item\":\"https:\/\/www.iplay.com\/en\/shop\/\"},{\"@type\":\"ListItem\",\"position\":3,\"name\":\"League of Light: Edge of Justice Collector&#8217;s Edition\"}]},{\"@type\":\"WebSite\",\"@id\":\"https:\/\/www.iplay.com\/en\/#website\",\"url\":\"https:\/\/www.iplay.com\/en\/\",\"name\":\"IPlay\",\"description\":\"The Best Casual Games!\",\"publisher\":{\"@id\":\"https:\/\/www.iplay.com\/en\/#organization\"},\"potentialAction\":[{\"@type\":\"SearchAction\",\"target\":{\"@type\":\"EntryPoint\",\"urlTemplate\":\"https:\/\/www.iplay.com\/en\/?s={search_term_string}\"},\"query-input\":{\"@type\":\"PropertyValueSpecification\",\"valueRequired\":true,\"valueName\":\"search_term_string\"}}],\"inLanguage\":\"de-DE\"},{\"@type\":\"Organization\",\"@id\":\"https:\/\/www.iplay.com\/en\/#organization\",\"name\":\"IPlay\",\"url\":\"https:\/\/www.iplay.com\/en\/\",\"logo\":{\"@type\":\"ImageObject\",\"inLanguage\":\"de-DE\",\"@id\":\"https:\/\/www.iplay.com\/en\/#\/schema\/logo\/image\/\",\"url\":\"https:\/\/www.iplay.com\/wp-content\/uploads\/2023\/11\/Group-6100.svg\",\"contentUrl\":\"https:\/\/www.iplay.com\/wp-content\/uploads\/2023\/11\/Group-6100.svg\",\"width\":98,\"height\":25,\"caption\":\"IPlay\"},\"image\":{\"@id\":\"https:\/\/www.iplay.com\/en\/#\/schema\/logo\/image\/\"}}]}<\/script>\n<!-- \/ Yoast SEO Premium plugin. -->","yoast_head_json":{"title":"League of Light: Edge of Justice Collector's Edition - Halte den Rattenf\u00e4nger davon ab, nach Hameln zur\u00fcckzukehren","description":"Der Fl\u00f6tenspieler ist zur\u00fcck in Hameln! Die Collector's Edition von League of Light: Am Rande der Gerechtigkeit","robots":{"index":"index","follow":"follow","max-snippet":"max-snippet:-1","max-image-preview":"max-image-preview:large","max-video-preview":"max-video-preview:-1"},"canonical":"https:\/\/www.iplay.com\/de\/games\/league-of-light-edge-of-justice-collectors-edition\/","og_locale":"de_DE","og_type":"article","og_title":"League of Light: Edge of Justice Collector's Edition","og_description":"Der Fl\u00f6tenspieler ist zur\u00fcck in Hameln! Die Collector's Edition von League of Light: Am Rande der Gerechtigkeit","og_url":"https:\/\/www.iplay.com\/de\/games\/league-of-light-edge-of-justice-collectors-edition\/","og_site_name":"IPlay","og_image":[{"width":310,"height":310,"url":"https:\/\/www.iplay.com\/wp-content\/uploads\/2023\/12\/large_square_tile_image-3324.jpg","type":"image\/jpeg"}],"twitter_card":"summary_large_image","twitter_misc":{"Gesch\u00e4tzte Lesezeit":"1 Minute"},"schema":{"@context":"https:\/\/schema.org","@graph":[{"@type":"WebPage","@id":"https:\/\/www.iplay.com\/de\/games\/league-of-light-edge-of-justice-collectors-edition\/","url":"https:\/\/www.iplay.com\/de\/games\/league-of-light-edge-of-justice-collectors-edition\/","name":"League of Light: Edge of Justice Collector's Edition - Halte den Rattenf\u00e4nger davon ab, nach Hameln zur\u00fcckzukehren","isPartOf":{"@id":"https:\/\/www.iplay.com\/en\/#website"},"primaryImageOfPage":{"@id":"https:\/\/www.iplay.com\/de\/games\/league-of-light-edge-of-justice-collectors-edition\/#primaryimage"},"image":{"@id":"https:\/\/www.iplay.com\/de\/games\/league-of-light-edge-of-justice-collectors-edition\/#primaryimage"},"thumbnailUrl":"https:\/\/www.iplay.com\/wp-content\/uploads\/2023\/12\/large_square_tile_image-3324.jpg","datePublished":"2019-08-14T00:00:00+00:00","description":"Der Fl\u00f6tenspieler ist zur\u00fcck in Hameln! Die Collector's Edition von League of Light: Am Rande der Gerechtigkeit","breadcrumb":{"@id":"https:\/\/www.iplay.com\/de\/games\/league-of-light-edge-of-justice-collectors-edition\/#breadcrumb"},"inLanguage":"de-DE","potentialAction":[{"@type":"ReadAction","target":["https:\/\/www.iplay.com\/de\/games\/league-of-light-edge-of-justice-collectors-edition\/"]}]},{"@type":"ImageObject","inLanguage":"de-DE","@id":"https:\/\/www.iplay.com\/de\/games\/league-of-light-edge-of-justice-collectors-edition\/#primaryimage","url":"https:\/\/www.iplay.com\/wp-content\/uploads\/2023\/12\/large_square_tile_image-3324.jpg","contentUrl":"https:\/\/www.iplay.com\/wp-content\/uploads\/2023\/12\/large_square_tile_image-3324.jpg","width":310,"height":310},{"@type":"BreadcrumbList","@id":"https:\/\/www.iplay.com\/de\/games\/league-of-light-edge-of-justice-collectors-edition\/#breadcrumb","itemListElement":[{"@type":"ListItem","position":1,"name":"Home","item":"https:\/\/www.iplay.com\/de\/home-page-2\/"},{"@type":"ListItem","position":2,"name":"Shop","item":"https:\/\/www.iplay.com\/en\/shop\/"},{"@type":"ListItem","position":3,"name":"League of Light: Edge of Justice Collector&#8217;s Edition"}]},{"@type":"WebSite","@id":"https:\/\/www.iplay.com\/en\/#website","url":"https:\/\/www.iplay.com\/en\/","name":"IPlay","description":"The Best Casual Games!","publisher":{"@id":"https:\/\/www.iplay.com\/en\/#organization"},"potentialAction":[{"@type":"SearchAction","target":{"@type":"EntryPoint","urlTemplate":"https:\/\/www.iplay.com\/en\/?s={search_term_string}"},"query-input":{"@type":"PropertyValueSpecification","valueRequired":true,"valueName":"search_term_string"}}],"inLanguage":"de-DE"},{"@type":"Organization","@id":"https:\/\/www.iplay.com\/en\/#organization","name":"IPlay","url":"https:\/\/www.iplay.com\/en\/","logo":{"@type":"ImageObject","inLanguage":"de-DE","@id":"https:\/\/www.iplay.com\/en\/#\/schema\/logo\/image\/","url":"https:\/\/www.iplay.com\/wp-content\/uploads\/2023\/11\/Group-6100.svg","contentUrl":"https:\/\/www.iplay.com\/wp-content\/uploads\/2023\/11\/Group-6100.svg","width":98,"height":25,"caption":"IPlay"},"image":{"@id":"https:\/\/www.iplay.com\/en\/#\/schema\/logo\/image\/"}}]}},"_links":{"self":[{"href":"https:\/\/www.iplay.com\/de\/wp-json\/wp\/v2\/product\/139669","targetHints":{"allow":["GET"]}}],"collection":[{"href":"https:\/\/www.iplay.com\/de\/wp-json\/wp\/v2\/product"}],"about":[{"href":"https:\/\/www.iplay.com\/de\/wp-json\/wp\/v2\/types\/product"}],"author":[{"embeddable":true,"href":"https:\/\/www.iplay.com\/de\/wp-json\/wp\/v2\/users\/17"}],"replies":[{"embeddable":true,"href":"https:\/\/www.iplay.com\/de\/wp-json\/wp\/v2\/comments?post=139669"}],"wp:featuredmedia":[{"embeddable":true,"href":"https:\/\/www.iplay.com\/de\/wp-json\/wp\/v2\/media\/92931"}],"wp:attachment":[{"href":"https:\/\/www.iplay.com\/de\/wp-json\/wp\/v2\/media?parent=139669"}],"wp:term":[{"taxonomy":"product_brand","embeddable":true,"href":"https:\/\/www.iplay.com\/de\/wp-json\/wp\/v2\/product_brand?post=139669"},{"taxonomy":"product_cat","embeddable":true,"href":"https:\/\/www.iplay.com\/de\/wp-json\/wp\/v2\/product_cat?post=139669"},{"taxonomy":"product_tag","embeddable":true,"href":"https:\/\/www.iplay.com\/de\/wp-json\/wp\/v2\/product_tag?post=139669"}],"curies":[{"name":"wp","href":"https:\/\/api.w.org\/{rel}","templated":true}]}}