{"id":139649,"date":"2019-08-04T00:00:00","date_gmt":"2019-08-04T00:00:00","guid":{"rendered":"https:\/\/www.iplay.com\/games\/1001-jigsaw-legends-of-mystery\/"},"modified":"2019-08-04T00:00:00","modified_gmt":"2019-08-04T00:00:00","slug":"1001-jigsaw-legends-of-mystery","status":"publish","type":"product","link":"https:\/\/www.iplay.com\/de\/games\/1001-jigsaw-legends-of-mystery\/","title":{"rendered":"1001 Jigsaw &#8211; Legends of Mystery"},"content":{"rendered":"<p>1001 Jigsaw &#8211; Legends of Mystery ist ein fesselndes Puzzlespiel, das die Pr\u00e4senz von Magie demonstriert! Erstellen Sie 500 Puzzles aus hochwertigen Bildern. Genie\u00dfen Sie die mitrei\u00dfende Atmosph\u00e4re von reichlich Mystik und Magie! Spannende R\u00e4tsel und fesselnde Fotos gibt es im neuen epischen Puzzlespiel 1001 Jigsaw &#8211; Legends of Mystery zuhauf! Wir haben eine gro\u00dfe Auswahl an Optionen f\u00fcr ein angenehmeres Gameplay zusammengestellt. Stellen Sie die Komplexit\u00e4t f\u00fcr jedes Problem nach Ihren W\u00fcnschen ein! Du kannst deinen Fortschritt jederzeit speichern! Eine komfortable Steuerung und eine F\u00fclle von Hinweisen und Funktionen machen das Spiel einfacher zu spielen. F\u00fcr diejenigen, die eine Herausforderung lieben, gibt es spezielle Quests und Troph\u00e4en. 1001 Jigsaw &#8211; Legends of Mystery enth\u00e4lt 500 mysteri\u00f6se Puzzles, die dich in ein wunderbares Universum entf\u00fchren und dir helfen, deinem allt\u00e4glichen Leben zu entfliehen! Vampire, Geister, Hexen und andere mysteri\u00f6se Helden der Legenden erwarten dich! Jetzt k\u00f6nnt ihr sie nicht nur an Halloween sehen&#8230;           <\/p>\n<p>&nbsp;<\/p>\n<p>&nbsp;<\/p>\n<p><strong>Funktionen:<\/strong><\/p>\n<p>&nbsp;<\/p>\n<p>&#8211; 500 hochwertige Unikate<\/p>\n<p>&#8211; Sch\u00f6n gestalteter Gameplay: informative Vorschl\u00e4ge, Sortierwerkzeug und Lupe.<\/p>\n<p>&#8211; Die optionale Steuerung des Spielschwierigkeitsgrads macht dein Gameplay unendlich<\/p>\n<p>&#8211; Benutzerdefinierte St\u00fcckstile mit Rotation<\/p>\n<p>&#8211; Speichere den Spielfortschritt und sammle das Puzzle jederzeit weiter<\/p>\n<p>&#8211; Aufgaben und bunte Troph\u00e4en f\u00fcr alle, die Spannung lieben<\/p>\n<p>&#8211; angenehme und entspannende Musik<\/p>\n<p>&#8211; eine fr\u00f6hliche Urlaubsatmosph\u00e4re<\/p>\n<p>&#8211; Erhalte 500 Puzzles f\u00fcr einen Kauf<\/p>\n","protected":false},"excerpt":{"rendered":"<p>Es gibt 500 Fotografien in 1001 Jigsaw &#8211; Legends of Mystery, die die Existenz von Magie zeigen!<\/p>\n","protected":false},"author":13,"featured_media":92915,"comment_status":"open","ping_status":"closed","template":"","meta":{"_acf_changed":false,"inline_featured_image":false},"product_brand":[],"product_cat":[168],"product_tag":[289],"class_list":{"0":"post-139649","1":"product","2":"type-product","3":"status-publish","4":"has-post-thumbnail","6":"product_cat-jigsaw-de","7":"product_tag-play-on-pc-de","9":"first","10":"instock","11":"shipping-taxable","12":"purchasable","13":"product-type-simple"},"acf":[],"yoast_head":"<!-- This site is optimized with the Yoast SEO Premium plugin v25.2 (Yoast SEO v25.2) - https:\/\/yoast.com\/wordpress\/plugins\/seo\/ -->\n<title>1001 Jigsaw - Legends of Mystery - Die Existenz der Magie<\/title>\n<meta name=\"description\" content=\"Es gibt 500 Fotografien in 1001 Jigsaw - Legends of Mystery, die die Existenz von Magie zeigen!\" \/>\n<meta name=\"robots\" content=\"index, follow, max-snippet:-1, max-image-preview:large, max-video-preview:-1\" \/>\n<link rel=\"canonical\" href=\"https:\/\/www.iplay.com\/de\/games\/1001-jigsaw-legends-of-mystery\/\" \/>\n<meta property=\"og:locale\" content=\"de_DE\" \/>\n<meta property=\"og:type\" content=\"article\" \/>\n<meta property=\"og:title\" content=\"1001 Jigsaw - Legends of Mystery\" \/>\n<meta property=\"og:description\" content=\"Es gibt 500 Fotografien in 1001 Jigsaw - Legends of Mystery, die die Existenz von Magie zeigen!\" \/>\n<meta property=\"og:url\" content=\"https:\/\/www.iplay.com\/de\/games\/1001-jigsaw-legends-of-mystery\/\" \/>\n<meta property=\"og:site_name\" content=\"IPlay\" \/>\n<meta property=\"og:image\" content=\"https:\/\/www.iplay.com\/wp-content\/uploads\/2023\/12\/large_square_tile_image-3323.jpg\" \/>\n\t<meta property=\"og:image:width\" content=\"310\" \/>\n\t<meta property=\"og:image:height\" content=\"310\" \/>\n\t<meta property=\"og:image:type\" content=\"image\/jpeg\" \/>\n<meta name=\"twitter:card\" content=\"summary_large_image\" \/>\n<meta name=\"twitter:label1\" content=\"Gesch\u00e4tzte Lesezeit\" \/>\n\t<meta name=\"twitter:data1\" content=\"1 Minute\" \/>\n<script type=\"application\/ld+json\" class=\"yoast-schema-graph\">{\"@context\":\"https:\/\/schema.org\",\"@graph\":[{\"@type\":\"WebPage\",\"@id\":\"https:\/\/www.iplay.com\/de\/games\/1001-jigsaw-legends-of-mystery\/\",\"url\":\"https:\/\/www.iplay.com\/de\/games\/1001-jigsaw-legends-of-mystery\/\",\"name\":\"1001 Jigsaw - Legends of Mystery - Die Existenz der Magie\",\"isPartOf\":{\"@id\":\"https:\/\/www.iplay.com\/en\/#website\"},\"primaryImageOfPage\":{\"@id\":\"https:\/\/www.iplay.com\/de\/games\/1001-jigsaw-legends-of-mystery\/#primaryimage\"},\"image\":{\"@id\":\"https:\/\/www.iplay.com\/de\/games\/1001-jigsaw-legends-of-mystery\/#primaryimage\"},\"thumbnailUrl\":\"https:\/\/www.iplay.com\/wp-content\/uploads\/2023\/12\/large_square_tile_image-3323.jpg\",\"datePublished\":\"2019-08-04T00:00:00+00:00\",\"description\":\"Es gibt 500 Fotografien in 1001 Jigsaw - Legends of Mystery, die die Existenz von Magie zeigen!\",\"breadcrumb\":{\"@id\":\"https:\/\/www.iplay.com\/de\/games\/1001-jigsaw-legends-of-mystery\/#breadcrumb\"},\"inLanguage\":\"de-DE\",\"potentialAction\":[{\"@type\":\"ReadAction\",\"target\":[\"https:\/\/www.iplay.com\/de\/games\/1001-jigsaw-legends-of-mystery\/\"]}]},{\"@type\":\"ImageObject\",\"inLanguage\":\"de-DE\",\"@id\":\"https:\/\/www.iplay.com\/de\/games\/1001-jigsaw-legends-of-mystery\/#primaryimage\",\"url\":\"https:\/\/www.iplay.com\/wp-content\/uploads\/2023\/12\/large_square_tile_image-3323.jpg\",\"contentUrl\":\"https:\/\/www.iplay.com\/wp-content\/uploads\/2023\/12\/large_square_tile_image-3323.jpg\",\"width\":310,\"height\":310},{\"@type\":\"BreadcrumbList\",\"@id\":\"https:\/\/www.iplay.com\/de\/games\/1001-jigsaw-legends-of-mystery\/#breadcrumb\",\"itemListElement\":[{\"@type\":\"ListItem\",\"position\":1,\"name\":\"Home\",\"item\":\"https:\/\/www.iplay.com\/de\/home-page-2\/\"},{\"@type\":\"ListItem\",\"position\":2,\"name\":\"Shop\",\"item\":\"https:\/\/www.iplay.com\/en\/shop\/\"},{\"@type\":\"ListItem\",\"position\":3,\"name\":\"1001 Jigsaw &#8211; Legends of Mystery\"}]},{\"@type\":\"WebSite\",\"@id\":\"https:\/\/www.iplay.com\/en\/#website\",\"url\":\"https:\/\/www.iplay.com\/en\/\",\"name\":\"IPlay\",\"description\":\"The Best Casual Games!\",\"publisher\":{\"@id\":\"https:\/\/www.iplay.com\/en\/#organization\"},\"potentialAction\":[{\"@type\":\"SearchAction\",\"target\":{\"@type\":\"EntryPoint\",\"urlTemplate\":\"https:\/\/www.iplay.com\/en\/?s={search_term_string}\"},\"query-input\":{\"@type\":\"PropertyValueSpecification\",\"valueRequired\":true,\"valueName\":\"search_term_string\"}}],\"inLanguage\":\"de-DE\"},{\"@type\":\"Organization\",\"@id\":\"https:\/\/www.iplay.com\/en\/#organization\",\"name\":\"IPlay\",\"url\":\"https:\/\/www.iplay.com\/en\/\",\"logo\":{\"@type\":\"ImageObject\",\"inLanguage\":\"de-DE\",\"@id\":\"https:\/\/www.iplay.com\/en\/#\/schema\/logo\/image\/\",\"url\":\"https:\/\/www.iplay.com\/wp-content\/uploads\/2023\/11\/Group-6100.svg\",\"contentUrl\":\"https:\/\/www.iplay.com\/wp-content\/uploads\/2023\/11\/Group-6100.svg\",\"width\":98,\"height\":25,\"caption\":\"IPlay\"},\"image\":{\"@id\":\"https:\/\/www.iplay.com\/en\/#\/schema\/logo\/image\/\"}}]}<\/script>\n<!-- \/ Yoast SEO Premium plugin. -->","yoast_head_json":{"title":"1001 Jigsaw - Legends of Mystery - Die Existenz der Magie","description":"Es gibt 500 Fotografien in 1001 Jigsaw - Legends of Mystery, die die Existenz von Magie zeigen!","robots":{"index":"index","follow":"follow","max-snippet":"max-snippet:-1","max-image-preview":"max-image-preview:large","max-video-preview":"max-video-preview:-1"},"canonical":"https:\/\/www.iplay.com\/de\/games\/1001-jigsaw-legends-of-mystery\/","og_locale":"de_DE","og_type":"article","og_title":"1001 Jigsaw - Legends of Mystery","og_description":"Es gibt 500 Fotografien in 1001 Jigsaw - Legends of Mystery, die die Existenz von Magie zeigen!","og_url":"https:\/\/www.iplay.com\/de\/games\/1001-jigsaw-legends-of-mystery\/","og_site_name":"IPlay","og_image":[{"width":310,"height":310,"url":"https:\/\/www.iplay.com\/wp-content\/uploads\/2023\/12\/large_square_tile_image-3323.jpg","type":"image\/jpeg"}],"twitter_card":"summary_large_image","twitter_misc":{"Gesch\u00e4tzte Lesezeit":"1 Minute"},"schema":{"@context":"https:\/\/schema.org","@graph":[{"@type":"WebPage","@id":"https:\/\/www.iplay.com\/de\/games\/1001-jigsaw-legends-of-mystery\/","url":"https:\/\/www.iplay.com\/de\/games\/1001-jigsaw-legends-of-mystery\/","name":"1001 Jigsaw - Legends of Mystery - Die Existenz der Magie","isPartOf":{"@id":"https:\/\/www.iplay.com\/en\/#website"},"primaryImageOfPage":{"@id":"https:\/\/www.iplay.com\/de\/games\/1001-jigsaw-legends-of-mystery\/#primaryimage"},"image":{"@id":"https:\/\/www.iplay.com\/de\/games\/1001-jigsaw-legends-of-mystery\/#primaryimage"},"thumbnailUrl":"https:\/\/www.iplay.com\/wp-content\/uploads\/2023\/12\/large_square_tile_image-3323.jpg","datePublished":"2019-08-04T00:00:00+00:00","description":"Es gibt 500 Fotografien in 1001 Jigsaw - Legends of Mystery, die die Existenz von Magie zeigen!","breadcrumb":{"@id":"https:\/\/www.iplay.com\/de\/games\/1001-jigsaw-legends-of-mystery\/#breadcrumb"},"inLanguage":"de-DE","potentialAction":[{"@type":"ReadAction","target":["https:\/\/www.iplay.com\/de\/games\/1001-jigsaw-legends-of-mystery\/"]}]},{"@type":"ImageObject","inLanguage":"de-DE","@id":"https:\/\/www.iplay.com\/de\/games\/1001-jigsaw-legends-of-mystery\/#primaryimage","url":"https:\/\/www.iplay.com\/wp-content\/uploads\/2023\/12\/large_square_tile_image-3323.jpg","contentUrl":"https:\/\/www.iplay.com\/wp-content\/uploads\/2023\/12\/large_square_tile_image-3323.jpg","width":310,"height":310},{"@type":"BreadcrumbList","@id":"https:\/\/www.iplay.com\/de\/games\/1001-jigsaw-legends-of-mystery\/#breadcrumb","itemListElement":[{"@type":"ListItem","position":1,"name":"Home","item":"https:\/\/www.iplay.com\/de\/home-page-2\/"},{"@type":"ListItem","position":2,"name":"Shop","item":"https:\/\/www.iplay.com\/en\/shop\/"},{"@type":"ListItem","position":3,"name":"1001 Jigsaw &#8211; Legends of Mystery"}]},{"@type":"WebSite","@id":"https:\/\/www.iplay.com\/en\/#website","url":"https:\/\/www.iplay.com\/en\/","name":"IPlay","description":"The Best Casual Games!","publisher":{"@id":"https:\/\/www.iplay.com\/en\/#organization"},"potentialAction":[{"@type":"SearchAction","target":{"@type":"EntryPoint","urlTemplate":"https:\/\/www.iplay.com\/en\/?s={search_term_string}"},"query-input":{"@type":"PropertyValueSpecification","valueRequired":true,"valueName":"search_term_string"}}],"inLanguage":"de-DE"},{"@type":"Organization","@id":"https:\/\/www.iplay.com\/en\/#organization","name":"IPlay","url":"https:\/\/www.iplay.com\/en\/","logo":{"@type":"ImageObject","inLanguage":"de-DE","@id":"https:\/\/www.iplay.com\/en\/#\/schema\/logo\/image\/","url":"https:\/\/www.iplay.com\/wp-content\/uploads\/2023\/11\/Group-6100.svg","contentUrl":"https:\/\/www.iplay.com\/wp-content\/uploads\/2023\/11\/Group-6100.svg","width":98,"height":25,"caption":"IPlay"},"image":{"@id":"https:\/\/www.iplay.com\/en\/#\/schema\/logo\/image\/"}}]}},"_links":{"self":[{"href":"https:\/\/www.iplay.com\/de\/wp-json\/wp\/v2\/product\/139649","targetHints":{"allow":["GET"]}}],"collection":[{"href":"https:\/\/www.iplay.com\/de\/wp-json\/wp\/v2\/product"}],"about":[{"href":"https:\/\/www.iplay.com\/de\/wp-json\/wp\/v2\/types\/product"}],"author":[{"embeddable":true,"href":"https:\/\/www.iplay.com\/de\/wp-json\/wp\/v2\/users\/13"}],"replies":[{"embeddable":true,"href":"https:\/\/www.iplay.com\/de\/wp-json\/wp\/v2\/comments?post=139649"}],"wp:featuredmedia":[{"embeddable":true,"href":"https:\/\/www.iplay.com\/de\/wp-json\/wp\/v2\/media\/92915"}],"wp:attachment":[{"href":"https:\/\/www.iplay.com\/de\/wp-json\/wp\/v2\/media?parent=139649"}],"wp:term":[{"taxonomy":"product_brand","embeddable":true,"href":"https:\/\/www.iplay.com\/de\/wp-json\/wp\/v2\/product_brand?post=139649"},{"taxonomy":"product_cat","embeddable":true,"href":"https:\/\/www.iplay.com\/de\/wp-json\/wp\/v2\/product_cat?post=139649"},{"taxonomy":"product_tag","embeddable":true,"href":"https:\/\/www.iplay.com\/de\/wp-json\/wp\/v2\/product_tag?post=139649"}],"curies":[{"name":"wp","href":"https:\/\/api.w.org\/{rel}","templated":true}]}}