{"id":139643,"date":"2019-08-02T00:00:00","date_gmt":"2019-08-02T00:00:00","guid":{"rendered":"https:\/\/www.iplay.com\/games\/the-forgotten-fairy-tales-the-spectra-world-collectors-edition\/"},"modified":"2019-08-02T00:00:00","modified_gmt":"2019-08-02T00:00:00","slug":"the-forgotten-fairy-tales-the-spectra-world-collectors-edition","status":"publish","type":"product","link":"https:\/\/www.iplay.com\/de\/games\/the-forgotten-fairy-tales-the-spectra-world-collectors-edition\/","title":{"rendered":"The Forgotten Fairy Tales: The Spectra World Collector&#8217;s Edition"},"content":{"rendered":"<p>Die gefeierten Autoren der <em>Witches&#8217;<\/em> Legacy-Reihe sind zur\u00fcck mit einer brandneuen Fantasy-Serie, <em>The Forgotten Fairy Tales<\/em>! Als Folkloreprofessor hast du alle m\u00f6glichen Mythen und Geschichten geh\u00f6rt, also bist du noch nicht bereit, als einer vor deiner Haust\u00fcr auftaucht und deine Familie verflucht, Stein zu werden! Es ist nun deine Aufgabe, das Reich der Fabeln und Folklore aus den Erz\u00e4hlungen deiner Gro\u00dfmutter zu entdecken und der b\u00f6sen K\u00f6nigin, die Chaos anrichtet, ein Ende zu setzen. Irgendetwas f\u00fchlt sich jedoch nicht ganz richtig an. Wo ist der W\u00e4chter, der die Grenze bewachte, verschwunden, und was hat die gute K\u00f6nigin dazu gebracht, b\u00f6se zu werden? Du musst die L\u00f6sungen finden, bevor die Erde und die Spektren in diesem faszinierenden Wimmelbild-Abenteuerspiel dem Untergang geweiht sind!    <\/p>\n<p>&nbsp;<\/p>\n<p>&nbsp;<\/p>\n<p><strong>Funktionen:<\/strong><\/p>\n<p>&nbsp;<\/p>\n<p>&#8211; Wirst du im Bonusspiel dem Ruf folgen und eine b\u00f6se Macht besiegen?<br \/>\n&#8211; Werde zum ultimativen Mythenj\u00e4ger, indem du Spezies findest, die du dem Bestiarium hinzuf\u00fcgen kannst, und versteckte Federn sammelst!<br \/>\n&#8211; Finde Lichtkristalle, um die Geheimnisse des Geschichtsturms zu l\u00fcften.<br \/>\n&#8211; Nutze den Strategieleitfaden, um alle Errungenschaften freizuschalten! Enth\u00e4lt einen Soundtrack, Konzeptkunst, Hintergrundbilder und mehr!<\/p>\n","protected":false},"excerpt":{"rendered":"<p>Bewahren Sie das Spectra-Universum! In der Collector&#8217;s Edition von The Forgotten Fairy Tales: The Spectra World <\/p>\n","protected":false},"author":17,"featured_media":84860,"comment_status":"open","ping_status":"closed","template":"","meta":{"_acf_changed":false,"inline_featured_image":false},"product_brand":[],"product_cat":[164],"product_tag":[289],"class_list":{"0":"post-139643","1":"product","2":"type-product","3":"status-publish","4":"has-post-thumbnail","6":"product_cat-hidden-object-de","7":"product_tag-play-on-pc-de","9":"first","10":"instock","11":"shipping-taxable","12":"purchasable","13":"product-type-simple"},"acf":[],"yoast_head":"<!-- This site is optimized with the Yoast SEO Premium plugin v25.2 (Yoast SEO v25.2) - https:\/\/yoast.com\/wordpress\/plugins\/seo\/ -->\n<title>Die vergessenen M\u00e4rchen: Die Spectra-Welt Sammleredition - Es ist Zeit, die Welt von Spectra zu retten<\/title>\n<meta name=\"description\" content=\"Bewahren Sie das Spectra-Universum! In der Collector&#039;s Edition von The Forgotten Fairy Tales: The Spectra World\" \/>\n<meta name=\"robots\" content=\"index, follow, max-snippet:-1, max-image-preview:large, max-video-preview:-1\" \/>\n<link rel=\"canonical\" href=\"https:\/\/www.iplay.com\/de\/games\/the-forgotten-fairy-tales-the-spectra-world-collectors-edition\/\" \/>\n<meta property=\"og:locale\" content=\"de_DE\" \/>\n<meta property=\"og:type\" content=\"article\" \/>\n<meta property=\"og:title\" content=\"The Forgotten Fairy Tales: The Spectra World Collector&#039;s Edition\" \/>\n<meta property=\"og:description\" content=\"Bewahren Sie das Spectra-Universum! In der Collector&#039;s Edition von The Forgotten Fairy Tales: The Spectra World\" \/>\n<meta property=\"og:url\" content=\"https:\/\/www.iplay.com\/de\/games\/the-forgotten-fairy-tales-the-spectra-world-collectors-edition\/\" \/>\n<meta property=\"og:site_name\" content=\"IPlay\" \/>\n<meta property=\"og:image\" content=\"https:\/\/www.iplay.com\/wp-content\/uploads\/2023\/12\/large_square_tile_image-2814.jpg\" \/>\n\t<meta property=\"og:image:width\" content=\"310\" \/>\n\t<meta property=\"og:image:height\" content=\"310\" \/>\n\t<meta property=\"og:image:type\" content=\"image\/jpeg\" \/>\n<meta name=\"twitter:card\" content=\"summary_large_image\" \/>\n<meta name=\"twitter:label1\" content=\"Gesch\u00e4tzte Lesezeit\" \/>\n\t<meta name=\"twitter:data1\" content=\"1 Minute\" \/>\n<script type=\"application\/ld+json\" class=\"yoast-schema-graph\">{\"@context\":\"https:\/\/schema.org\",\"@graph\":[{\"@type\":\"WebPage\",\"@id\":\"https:\/\/www.iplay.com\/de\/games\/the-forgotten-fairy-tales-the-spectra-world-collectors-edition\/\",\"url\":\"https:\/\/www.iplay.com\/de\/games\/the-forgotten-fairy-tales-the-spectra-world-collectors-edition\/\",\"name\":\"Die vergessenen M\u00e4rchen: Die Spectra-Welt Sammleredition - Es ist Zeit, die Welt von Spectra zu retten\",\"isPartOf\":{\"@id\":\"https:\/\/www.iplay.com\/en\/#website\"},\"primaryImageOfPage\":{\"@id\":\"https:\/\/www.iplay.com\/de\/games\/the-forgotten-fairy-tales-the-spectra-world-collectors-edition\/#primaryimage\"},\"image\":{\"@id\":\"https:\/\/www.iplay.com\/de\/games\/the-forgotten-fairy-tales-the-spectra-world-collectors-edition\/#primaryimage\"},\"thumbnailUrl\":\"https:\/\/www.iplay.com\/wp-content\/uploads\/2023\/12\/large_square_tile_image-2814.jpg\",\"datePublished\":\"2019-08-02T00:00:00+00:00\",\"description\":\"Bewahren Sie das Spectra-Universum! In der Collector's Edition von The Forgotten Fairy Tales: The Spectra World\",\"breadcrumb\":{\"@id\":\"https:\/\/www.iplay.com\/de\/games\/the-forgotten-fairy-tales-the-spectra-world-collectors-edition\/#breadcrumb\"},\"inLanguage\":\"de-DE\",\"potentialAction\":[{\"@type\":\"ReadAction\",\"target\":[\"https:\/\/www.iplay.com\/de\/games\/the-forgotten-fairy-tales-the-spectra-world-collectors-edition\/\"]}]},{\"@type\":\"ImageObject\",\"inLanguage\":\"de-DE\",\"@id\":\"https:\/\/www.iplay.com\/de\/games\/the-forgotten-fairy-tales-the-spectra-world-collectors-edition\/#primaryimage\",\"url\":\"https:\/\/www.iplay.com\/wp-content\/uploads\/2023\/12\/large_square_tile_image-2814.jpg\",\"contentUrl\":\"https:\/\/www.iplay.com\/wp-content\/uploads\/2023\/12\/large_square_tile_image-2814.jpg\",\"width\":310,\"height\":310},{\"@type\":\"BreadcrumbList\",\"@id\":\"https:\/\/www.iplay.com\/de\/games\/the-forgotten-fairy-tales-the-spectra-world-collectors-edition\/#breadcrumb\",\"itemListElement\":[{\"@type\":\"ListItem\",\"position\":1,\"name\":\"Home\",\"item\":\"https:\/\/www.iplay.com\/de\/home-page-2\/\"},{\"@type\":\"ListItem\",\"position\":2,\"name\":\"Shop\",\"item\":\"https:\/\/www.iplay.com\/en\/shop\/\"},{\"@type\":\"ListItem\",\"position\":3,\"name\":\"The Forgotten Fairy Tales: The Spectra World Collector&#8217;s Edition\"}]},{\"@type\":\"WebSite\",\"@id\":\"https:\/\/www.iplay.com\/en\/#website\",\"url\":\"https:\/\/www.iplay.com\/en\/\",\"name\":\"IPlay\",\"description\":\"The Best Casual Games!\",\"publisher\":{\"@id\":\"https:\/\/www.iplay.com\/en\/#organization\"},\"potentialAction\":[{\"@type\":\"SearchAction\",\"target\":{\"@type\":\"EntryPoint\",\"urlTemplate\":\"https:\/\/www.iplay.com\/en\/?s={search_term_string}\"},\"query-input\":{\"@type\":\"PropertyValueSpecification\",\"valueRequired\":true,\"valueName\":\"search_term_string\"}}],\"inLanguage\":\"de-DE\"},{\"@type\":\"Organization\",\"@id\":\"https:\/\/www.iplay.com\/en\/#organization\",\"name\":\"IPlay\",\"url\":\"https:\/\/www.iplay.com\/en\/\",\"logo\":{\"@type\":\"ImageObject\",\"inLanguage\":\"de-DE\",\"@id\":\"https:\/\/www.iplay.com\/en\/#\/schema\/logo\/image\/\",\"url\":\"https:\/\/www.iplay.com\/wp-content\/uploads\/2023\/11\/Group-6100.svg\",\"contentUrl\":\"https:\/\/www.iplay.com\/wp-content\/uploads\/2023\/11\/Group-6100.svg\",\"width\":98,\"height\":25,\"caption\":\"IPlay\"},\"image\":{\"@id\":\"https:\/\/www.iplay.com\/en\/#\/schema\/logo\/image\/\"}}]}<\/script>\n<!-- \/ Yoast SEO Premium plugin. -->","yoast_head_json":{"title":"Die vergessenen M\u00e4rchen: Die Spectra-Welt Sammleredition - Es ist Zeit, die Welt von Spectra zu retten","description":"Bewahren Sie das Spectra-Universum! In der Collector's Edition von The Forgotten Fairy Tales: The Spectra World","robots":{"index":"index","follow":"follow","max-snippet":"max-snippet:-1","max-image-preview":"max-image-preview:large","max-video-preview":"max-video-preview:-1"},"canonical":"https:\/\/www.iplay.com\/de\/games\/the-forgotten-fairy-tales-the-spectra-world-collectors-edition\/","og_locale":"de_DE","og_type":"article","og_title":"The Forgotten Fairy Tales: The Spectra World Collector's Edition","og_description":"Bewahren Sie das Spectra-Universum! In der Collector's Edition von The Forgotten Fairy Tales: The Spectra World","og_url":"https:\/\/www.iplay.com\/de\/games\/the-forgotten-fairy-tales-the-spectra-world-collectors-edition\/","og_site_name":"IPlay","og_image":[{"width":310,"height":310,"url":"https:\/\/www.iplay.com\/wp-content\/uploads\/2023\/12\/large_square_tile_image-2814.jpg","type":"image\/jpeg"}],"twitter_card":"summary_large_image","twitter_misc":{"Gesch\u00e4tzte Lesezeit":"1 Minute"},"schema":{"@context":"https:\/\/schema.org","@graph":[{"@type":"WebPage","@id":"https:\/\/www.iplay.com\/de\/games\/the-forgotten-fairy-tales-the-spectra-world-collectors-edition\/","url":"https:\/\/www.iplay.com\/de\/games\/the-forgotten-fairy-tales-the-spectra-world-collectors-edition\/","name":"Die vergessenen M\u00e4rchen: Die Spectra-Welt Sammleredition - Es ist Zeit, die Welt von Spectra zu retten","isPartOf":{"@id":"https:\/\/www.iplay.com\/en\/#website"},"primaryImageOfPage":{"@id":"https:\/\/www.iplay.com\/de\/games\/the-forgotten-fairy-tales-the-spectra-world-collectors-edition\/#primaryimage"},"image":{"@id":"https:\/\/www.iplay.com\/de\/games\/the-forgotten-fairy-tales-the-spectra-world-collectors-edition\/#primaryimage"},"thumbnailUrl":"https:\/\/www.iplay.com\/wp-content\/uploads\/2023\/12\/large_square_tile_image-2814.jpg","datePublished":"2019-08-02T00:00:00+00:00","description":"Bewahren Sie das Spectra-Universum! In der Collector's Edition von The Forgotten Fairy Tales: The Spectra World","breadcrumb":{"@id":"https:\/\/www.iplay.com\/de\/games\/the-forgotten-fairy-tales-the-spectra-world-collectors-edition\/#breadcrumb"},"inLanguage":"de-DE","potentialAction":[{"@type":"ReadAction","target":["https:\/\/www.iplay.com\/de\/games\/the-forgotten-fairy-tales-the-spectra-world-collectors-edition\/"]}]},{"@type":"ImageObject","inLanguage":"de-DE","@id":"https:\/\/www.iplay.com\/de\/games\/the-forgotten-fairy-tales-the-spectra-world-collectors-edition\/#primaryimage","url":"https:\/\/www.iplay.com\/wp-content\/uploads\/2023\/12\/large_square_tile_image-2814.jpg","contentUrl":"https:\/\/www.iplay.com\/wp-content\/uploads\/2023\/12\/large_square_tile_image-2814.jpg","width":310,"height":310},{"@type":"BreadcrumbList","@id":"https:\/\/www.iplay.com\/de\/games\/the-forgotten-fairy-tales-the-spectra-world-collectors-edition\/#breadcrumb","itemListElement":[{"@type":"ListItem","position":1,"name":"Home","item":"https:\/\/www.iplay.com\/de\/home-page-2\/"},{"@type":"ListItem","position":2,"name":"Shop","item":"https:\/\/www.iplay.com\/en\/shop\/"},{"@type":"ListItem","position":3,"name":"The Forgotten Fairy Tales: The Spectra World Collector&#8217;s Edition"}]},{"@type":"WebSite","@id":"https:\/\/www.iplay.com\/en\/#website","url":"https:\/\/www.iplay.com\/en\/","name":"IPlay","description":"The Best Casual Games!","publisher":{"@id":"https:\/\/www.iplay.com\/en\/#organization"},"potentialAction":[{"@type":"SearchAction","target":{"@type":"EntryPoint","urlTemplate":"https:\/\/www.iplay.com\/en\/?s={search_term_string}"},"query-input":{"@type":"PropertyValueSpecification","valueRequired":true,"valueName":"search_term_string"}}],"inLanguage":"de-DE"},{"@type":"Organization","@id":"https:\/\/www.iplay.com\/en\/#organization","name":"IPlay","url":"https:\/\/www.iplay.com\/en\/","logo":{"@type":"ImageObject","inLanguage":"de-DE","@id":"https:\/\/www.iplay.com\/en\/#\/schema\/logo\/image\/","url":"https:\/\/www.iplay.com\/wp-content\/uploads\/2023\/11\/Group-6100.svg","contentUrl":"https:\/\/www.iplay.com\/wp-content\/uploads\/2023\/11\/Group-6100.svg","width":98,"height":25,"caption":"IPlay"},"image":{"@id":"https:\/\/www.iplay.com\/en\/#\/schema\/logo\/image\/"}}]}},"_links":{"self":[{"href":"https:\/\/www.iplay.com\/de\/wp-json\/wp\/v2\/product\/139643","targetHints":{"allow":["GET"]}}],"collection":[{"href":"https:\/\/www.iplay.com\/de\/wp-json\/wp\/v2\/product"}],"about":[{"href":"https:\/\/www.iplay.com\/de\/wp-json\/wp\/v2\/types\/product"}],"author":[{"embeddable":true,"href":"https:\/\/www.iplay.com\/de\/wp-json\/wp\/v2\/users\/17"}],"replies":[{"embeddable":true,"href":"https:\/\/www.iplay.com\/de\/wp-json\/wp\/v2\/comments?post=139643"}],"wp:featuredmedia":[{"embeddable":true,"href":"https:\/\/www.iplay.com\/de\/wp-json\/wp\/v2\/media\/84860"}],"wp:attachment":[{"href":"https:\/\/www.iplay.com\/de\/wp-json\/wp\/v2\/media?parent=139643"}],"wp:term":[{"taxonomy":"product_brand","embeddable":true,"href":"https:\/\/www.iplay.com\/de\/wp-json\/wp\/v2\/product_brand?post=139643"},{"taxonomy":"product_cat","embeddable":true,"href":"https:\/\/www.iplay.com\/de\/wp-json\/wp\/v2\/product_cat?post=139643"},{"taxonomy":"product_tag","embeddable":true,"href":"https:\/\/www.iplay.com\/de\/wp-json\/wp\/v2\/product_tag?post=139643"}],"curies":[{"name":"wp","href":"https:\/\/api.w.org\/{rel}","templated":true}]}}