{"id":139593,"date":"2019-12-20T00:00:00","date_gmt":"2019-12-20T00:00:00","guid":{"rendered":"https:\/\/www.iplay.com\/games\/restaurant-solitaire-pleasant-dinner\/"},"modified":"2019-12-20T00:00:00","modified_gmt":"2019-12-20T00:00:00","slug":"restaurant-solitaire-pleasant-dinner","status":"publish","type":"product","link":"https:\/\/www.iplay.com\/de\/games\/restaurant-solitaire-pleasant-dinner\/","title":{"rendered":"Restaurant Solitaire Pleasant Dinner"},"content":{"rendered":"<p>Genie\u00dfen Sie das einzigartige Ambiente eines feinen Dinners am Abend! Genie\u00dfen Sie den Geschmack und kochen Sie mit Liebe! Entdecke 20 Schaupl\u00e4tze, um k\u00f6stliche Auszeichnungen zu erhalten. Jeden Tag k\u00f6nnen die Spieler viele Stunden damit verbringen, aufregende Spiele mit wechselnder Komplexit\u00e4t zu genie\u00dfen, und einzigartige Golden Cards sorgen f\u00fcr noch mehr Spa\u00df.   <\/p>\n<p>&nbsp;<\/p>\n<p>&nbsp;<\/p>\n<p><strong>Funktionen:<\/strong><\/p>\n<p>&nbsp;<\/p>\n<p>&#8211; Lassen Sie Ihren Gef\u00fchlen freien Lauf!<br \/>\n&#8211; Spielen Sie das Kartenspiel Solit\u00e4r und bauen Sie Kartenketten! Dank dieser Levels gibt es jede Sekunde viel Aufregung!<br \/>\n&#8211; Mit seiner lebendigen Grafik und der fesselnden Piratenmusik ist dieser Solit\u00e4r ein Gewinner!<br \/>\n&#8211; Joker erm\u00f6glichen es Ihnen, Karten schneller abzuwerfen und gleichzeitig den Kombinationsmultiplikator zu erh\u00f6hen, um Ihre M\u00fcnzeinnahmen zu maximieren!<br \/>\n&#8211; Holen Sie sich 15 k\u00f6stliche Produkte! Originelle Decks mit Themen und zw\u00f6lf verschiedenen Kartenr\u00fcckenstilen!<br \/>\n&#8211; Lassen Sie den Genuss die Oberhand gewinnen!<\/p>\n","protected":false},"excerpt":{"rendered":"<p>Essen Sie mit der Familie zu Abend! Ein angenehmes Abendessen im Restaurant Solit\u00e4r <\/p>\n","protected":false},"author":13,"featured_media":91973,"comment_status":"open","ping_status":"closed","template":"","meta":{"_acf_changed":false,"inline_featured_image":false},"product_brand":[],"product_cat":[157,206],"product_tag":[289],"class_list":{"0":"post-139593","1":"product","2":"type-product","3":"status-publish","4":"has-post-thumbnail","6":"product_cat-card-de-2","7":"product_cat-solitaire-de","8":"product_tag-play-on-pc-de","10":"first","11":"instock","12":"shipping-taxable","13":"purchasable","14":"product-type-simple"},"acf":[],"yoast_head":"<!-- This site is optimized with the Yoast SEO Premium plugin v25.2 (Yoast SEO v25.2) - https:\/\/yoast.com\/wordpress\/plugins\/seo\/ -->\n<title>Restaurant Solit\u00e4r Angenehmes Abendessen - Essen Sie mit der Familie<\/title>\n<meta name=\"description\" content=\"Essen Sie mit der Familie zu Abend! Ein angenehmes Abendessen im Restaurant Solit\u00e4r\" \/>\n<meta name=\"robots\" content=\"index, follow, max-snippet:-1, max-image-preview:large, max-video-preview:-1\" \/>\n<link rel=\"canonical\" href=\"https:\/\/www.iplay.com\/de\/games\/restaurant-solitaire-pleasant-dinner\/\" \/>\n<meta property=\"og:locale\" content=\"de_DE\" \/>\n<meta property=\"og:type\" content=\"article\" \/>\n<meta property=\"og:title\" content=\"Restaurant Solitaire Pleasant Dinner\" \/>\n<meta property=\"og:description\" content=\"Essen Sie mit der Familie zu Abend! Ein angenehmes Abendessen im Restaurant Solit\u00e4r\" \/>\n<meta property=\"og:url\" content=\"https:\/\/www.iplay.com\/de\/games\/restaurant-solitaire-pleasant-dinner\/\" \/>\n<meta property=\"og:site_name\" content=\"IPlay\" \/>\n<meta property=\"og:image\" content=\"https:\/\/www.iplay.com\/wp-content\/uploads\/2023\/12\/large_square_tile_image-3263.jpg\" \/>\n\t<meta property=\"og:image:width\" content=\"310\" \/>\n\t<meta property=\"og:image:height\" content=\"310\" \/>\n\t<meta property=\"og:image:type\" content=\"image\/jpeg\" \/>\n<meta name=\"twitter:card\" content=\"summary_large_image\" \/>\n<meta name=\"twitter:label1\" content=\"Gesch\u00e4tzte Lesezeit\" \/>\n\t<meta name=\"twitter:data1\" content=\"1 Minute\" \/>\n<script type=\"application\/ld+json\" class=\"yoast-schema-graph\">{\"@context\":\"https:\/\/schema.org\",\"@graph\":[{\"@type\":\"WebPage\",\"@id\":\"https:\/\/www.iplay.com\/de\/games\/restaurant-solitaire-pleasant-dinner\/\",\"url\":\"https:\/\/www.iplay.com\/de\/games\/restaurant-solitaire-pleasant-dinner\/\",\"name\":\"Restaurant Solit\u00e4r Angenehmes Abendessen - Essen Sie mit der Familie\",\"isPartOf\":{\"@id\":\"https:\/\/www.iplay.com\/en\/#website\"},\"primaryImageOfPage\":{\"@id\":\"https:\/\/www.iplay.com\/de\/games\/restaurant-solitaire-pleasant-dinner\/#primaryimage\"},\"image\":{\"@id\":\"https:\/\/www.iplay.com\/de\/games\/restaurant-solitaire-pleasant-dinner\/#primaryimage\"},\"thumbnailUrl\":\"https:\/\/www.iplay.com\/wp-content\/uploads\/2023\/12\/large_square_tile_image-3263.jpg\",\"datePublished\":\"2019-12-20T00:00:00+00:00\",\"description\":\"Essen Sie mit der Familie zu Abend! Ein angenehmes Abendessen im Restaurant Solit\u00e4r\",\"breadcrumb\":{\"@id\":\"https:\/\/www.iplay.com\/de\/games\/restaurant-solitaire-pleasant-dinner\/#breadcrumb\"},\"inLanguage\":\"de-DE\",\"potentialAction\":[{\"@type\":\"ReadAction\",\"target\":[\"https:\/\/www.iplay.com\/de\/games\/restaurant-solitaire-pleasant-dinner\/\"]}]},{\"@type\":\"ImageObject\",\"inLanguage\":\"de-DE\",\"@id\":\"https:\/\/www.iplay.com\/de\/games\/restaurant-solitaire-pleasant-dinner\/#primaryimage\",\"url\":\"https:\/\/www.iplay.com\/wp-content\/uploads\/2023\/12\/large_square_tile_image-3263.jpg\",\"contentUrl\":\"https:\/\/www.iplay.com\/wp-content\/uploads\/2023\/12\/large_square_tile_image-3263.jpg\",\"width\":310,\"height\":310},{\"@type\":\"BreadcrumbList\",\"@id\":\"https:\/\/www.iplay.com\/de\/games\/restaurant-solitaire-pleasant-dinner\/#breadcrumb\",\"itemListElement\":[{\"@type\":\"ListItem\",\"position\":1,\"name\":\"Home\",\"item\":\"https:\/\/www.iplay.com\/de\/home-page-2\/\"},{\"@type\":\"ListItem\",\"position\":2,\"name\":\"Shop\",\"item\":\"https:\/\/www.iplay.com\/en\/shop\/\"},{\"@type\":\"ListItem\",\"position\":3,\"name\":\"Restaurant Solitaire Pleasant Dinner\"}]},{\"@type\":\"WebSite\",\"@id\":\"https:\/\/www.iplay.com\/en\/#website\",\"url\":\"https:\/\/www.iplay.com\/en\/\",\"name\":\"IPlay\",\"description\":\"The Best Casual Games!\",\"publisher\":{\"@id\":\"https:\/\/www.iplay.com\/en\/#organization\"},\"potentialAction\":[{\"@type\":\"SearchAction\",\"target\":{\"@type\":\"EntryPoint\",\"urlTemplate\":\"https:\/\/www.iplay.com\/en\/?s={search_term_string}\"},\"query-input\":{\"@type\":\"PropertyValueSpecification\",\"valueRequired\":true,\"valueName\":\"search_term_string\"}}],\"inLanguage\":\"de-DE\"},{\"@type\":\"Organization\",\"@id\":\"https:\/\/www.iplay.com\/en\/#organization\",\"name\":\"IPlay\",\"url\":\"https:\/\/www.iplay.com\/en\/\",\"logo\":{\"@type\":\"ImageObject\",\"inLanguage\":\"de-DE\",\"@id\":\"https:\/\/www.iplay.com\/en\/#\/schema\/logo\/image\/\",\"url\":\"https:\/\/www.iplay.com\/wp-content\/uploads\/2023\/11\/Group-6100.svg\",\"contentUrl\":\"https:\/\/www.iplay.com\/wp-content\/uploads\/2023\/11\/Group-6100.svg\",\"width\":98,\"height\":25,\"caption\":\"IPlay\"},\"image\":{\"@id\":\"https:\/\/www.iplay.com\/en\/#\/schema\/logo\/image\/\"}}]}<\/script>\n<!-- \/ Yoast SEO Premium plugin. -->","yoast_head_json":{"title":"Restaurant Solit\u00e4r Angenehmes Abendessen - Essen Sie mit der Familie","description":"Essen Sie mit der Familie zu Abend! Ein angenehmes Abendessen im Restaurant Solit\u00e4r","robots":{"index":"index","follow":"follow","max-snippet":"max-snippet:-1","max-image-preview":"max-image-preview:large","max-video-preview":"max-video-preview:-1"},"canonical":"https:\/\/www.iplay.com\/de\/games\/restaurant-solitaire-pleasant-dinner\/","og_locale":"de_DE","og_type":"article","og_title":"Restaurant Solitaire Pleasant Dinner","og_description":"Essen Sie mit der Familie zu Abend! Ein angenehmes Abendessen im Restaurant Solit\u00e4r","og_url":"https:\/\/www.iplay.com\/de\/games\/restaurant-solitaire-pleasant-dinner\/","og_site_name":"IPlay","og_image":[{"width":310,"height":310,"url":"https:\/\/www.iplay.com\/wp-content\/uploads\/2023\/12\/large_square_tile_image-3263.jpg","type":"image\/jpeg"}],"twitter_card":"summary_large_image","twitter_misc":{"Gesch\u00e4tzte Lesezeit":"1 Minute"},"schema":{"@context":"https:\/\/schema.org","@graph":[{"@type":"WebPage","@id":"https:\/\/www.iplay.com\/de\/games\/restaurant-solitaire-pleasant-dinner\/","url":"https:\/\/www.iplay.com\/de\/games\/restaurant-solitaire-pleasant-dinner\/","name":"Restaurant Solit\u00e4r Angenehmes Abendessen - Essen Sie mit der Familie","isPartOf":{"@id":"https:\/\/www.iplay.com\/en\/#website"},"primaryImageOfPage":{"@id":"https:\/\/www.iplay.com\/de\/games\/restaurant-solitaire-pleasant-dinner\/#primaryimage"},"image":{"@id":"https:\/\/www.iplay.com\/de\/games\/restaurant-solitaire-pleasant-dinner\/#primaryimage"},"thumbnailUrl":"https:\/\/www.iplay.com\/wp-content\/uploads\/2023\/12\/large_square_tile_image-3263.jpg","datePublished":"2019-12-20T00:00:00+00:00","description":"Essen Sie mit der Familie zu Abend! Ein angenehmes Abendessen im Restaurant Solit\u00e4r","breadcrumb":{"@id":"https:\/\/www.iplay.com\/de\/games\/restaurant-solitaire-pleasant-dinner\/#breadcrumb"},"inLanguage":"de-DE","potentialAction":[{"@type":"ReadAction","target":["https:\/\/www.iplay.com\/de\/games\/restaurant-solitaire-pleasant-dinner\/"]}]},{"@type":"ImageObject","inLanguage":"de-DE","@id":"https:\/\/www.iplay.com\/de\/games\/restaurant-solitaire-pleasant-dinner\/#primaryimage","url":"https:\/\/www.iplay.com\/wp-content\/uploads\/2023\/12\/large_square_tile_image-3263.jpg","contentUrl":"https:\/\/www.iplay.com\/wp-content\/uploads\/2023\/12\/large_square_tile_image-3263.jpg","width":310,"height":310},{"@type":"BreadcrumbList","@id":"https:\/\/www.iplay.com\/de\/games\/restaurant-solitaire-pleasant-dinner\/#breadcrumb","itemListElement":[{"@type":"ListItem","position":1,"name":"Home","item":"https:\/\/www.iplay.com\/de\/home-page-2\/"},{"@type":"ListItem","position":2,"name":"Shop","item":"https:\/\/www.iplay.com\/en\/shop\/"},{"@type":"ListItem","position":3,"name":"Restaurant Solitaire Pleasant Dinner"}]},{"@type":"WebSite","@id":"https:\/\/www.iplay.com\/en\/#website","url":"https:\/\/www.iplay.com\/en\/","name":"IPlay","description":"The Best Casual Games!","publisher":{"@id":"https:\/\/www.iplay.com\/en\/#organization"},"potentialAction":[{"@type":"SearchAction","target":{"@type":"EntryPoint","urlTemplate":"https:\/\/www.iplay.com\/en\/?s={search_term_string}"},"query-input":{"@type":"PropertyValueSpecification","valueRequired":true,"valueName":"search_term_string"}}],"inLanguage":"de-DE"},{"@type":"Organization","@id":"https:\/\/www.iplay.com\/en\/#organization","name":"IPlay","url":"https:\/\/www.iplay.com\/en\/","logo":{"@type":"ImageObject","inLanguage":"de-DE","@id":"https:\/\/www.iplay.com\/en\/#\/schema\/logo\/image\/","url":"https:\/\/www.iplay.com\/wp-content\/uploads\/2023\/11\/Group-6100.svg","contentUrl":"https:\/\/www.iplay.com\/wp-content\/uploads\/2023\/11\/Group-6100.svg","width":98,"height":25,"caption":"IPlay"},"image":{"@id":"https:\/\/www.iplay.com\/en\/#\/schema\/logo\/image\/"}}]}},"_links":{"self":[{"href":"https:\/\/www.iplay.com\/de\/wp-json\/wp\/v2\/product\/139593","targetHints":{"allow":["GET"]}}],"collection":[{"href":"https:\/\/www.iplay.com\/de\/wp-json\/wp\/v2\/product"}],"about":[{"href":"https:\/\/www.iplay.com\/de\/wp-json\/wp\/v2\/types\/product"}],"author":[{"embeddable":true,"href":"https:\/\/www.iplay.com\/de\/wp-json\/wp\/v2\/users\/13"}],"replies":[{"embeddable":true,"href":"https:\/\/www.iplay.com\/de\/wp-json\/wp\/v2\/comments?post=139593"}],"wp:featuredmedia":[{"embeddable":true,"href":"https:\/\/www.iplay.com\/de\/wp-json\/wp\/v2\/media\/91973"}],"wp:attachment":[{"href":"https:\/\/www.iplay.com\/de\/wp-json\/wp\/v2\/media?parent=139593"}],"wp:term":[{"taxonomy":"product_brand","embeddable":true,"href":"https:\/\/www.iplay.com\/de\/wp-json\/wp\/v2\/product_brand?post=139593"},{"taxonomy":"product_cat","embeddable":true,"href":"https:\/\/www.iplay.com\/de\/wp-json\/wp\/v2\/product_cat?post=139593"},{"taxonomy":"product_tag","embeddable":true,"href":"https:\/\/www.iplay.com\/de\/wp-json\/wp\/v2\/product_tag?post=139593"}],"curies":[{"name":"wp","href":"https:\/\/api.w.org\/{rel}","templated":true}]}}