{"id":139578,"date":"2019-12-08T00:00:00","date_gmt":"2019-12-08T00:00:00","guid":{"rendered":"https:\/\/www.iplay.com\/games\/travel-mosaics-11-christmas-sleigh-ride\/"},"modified":"2019-12-08T00:00:00","modified_gmt":"2019-12-08T00:00:00","slug":"travel-mosaics-11-christmas-sleigh-ride","status":"publish","type":"product","link":"https:\/\/www.iplay.com\/de\/games\/travel-mosaics-11-christmas-sleigh-ride\/","title":{"rendered":"Travel Mosaics 11: Christmas Sleigh Ride"},"content":{"rendered":"<p>Kennen Sie die Namen, die dem Weihnachtsmann in Norwegen und Italien gegeben werden? Wo wurde das Ballett Der Nussknacker urspr\u00fcnglich aufgef\u00fchrt? Welches Gericht wird normalerweise am griechischen Weihnachtstisch serviert? Wo steht der h\u00e4sslichste Weihnachtsbaum der Welt? All diese Informationen und mehr findest du in Travel Mosaics 11: Christmas Sleigh Ride! Kommen Sie mit auf eine weltweite Schlittenfahrt des Weihnachtsmanns mit der Tierfamilie Walker. Spiele und entdecke eine F\u00fclle interessanter Informationen, l\u00f6se knifflige Quizfragen, gewinne Goldm\u00fcnzen und nimm Erinnerungsst\u00fccke mit nach Hause. Es gibt 140 Nonogramm-R\u00e4tsel im Spiel, die manchmal auch als Picross oder Griddlers bezeichnet werden. Aber im Gegensatz zu den herk\u00f6mmlichen Nonogrammen haben die Travel Mosaics Puzzles eine Farbcodierung. Spieler, die hartn\u00e4ckig und konzentriert sind, k\u00f6nnen au\u00dferdem auf 20 weitere Puzzle-Levels zugreifen. Travel Mosaics 11: Christmas Sleigh Ride ist eine fantastische Denksportaufgabe f\u00fcr alle, die in Weihnachtsstimmung kommen, neue Weihnachtsbr\u00e4uche aus der ganzen Welt entdecken oder einfach nur Spa\u00df haben m\u00f6chten! Eine der Funktionen ist, dass es sowohl bei Tag als auch bei Nacht gespielt werden kann. \u00c4ndern Sie das Erscheinungsbild der Kacheln und des Hintergrunds nach Belieben. Lustige und herausfordernde Quizfragen \u00fcber die Traditionen, Weihnachten in verschiedenen L\u00e4ndern zu feiern.             <\/p>\n<p>&nbsp;<\/p>\n<p>&nbsp;<\/p>\n<p><strong>Funktionen:<\/strong><\/p>\n<p>&nbsp;<\/p>\n<ul>\n<li>Festliche Bilder, Animation und Musik, um in Weihnachtsstimmung zu kommen<\/li>\n<li>Eine wundersch\u00f6ne virtuelle Tour rund um den Globus, die zeigt, wie Weihnachten in verschiedenen St\u00e4dten und L\u00e4ndern gefeiert wird<\/li>\n<li>Drei Schwierigkeitsmodi, vom einfarbigen entspannten Spielen bis hin zu echten Herausforderungen mit Farbwechsel (bis zu 6 Farben)<\/li>\n<li>140 farbcodierte Nonogramme, 20 Bonus-Nonogramme + 20 zus\u00e4tzliche R\u00e4tsel<\/li>\n<li>Festliche Bilder, Animationen und Musik zur Einstimmung<\/li>\n<li>Eine wundersch\u00f6ne virtuelle Tour rund um den Globus, die zeigt, wie die Menschen in verschiedenen St\u00e4dten und L\u00e4ndern Weihnachten feiern<\/li>\n<li>Eine Menge Spa\u00df und Edutainment-Informationen<\/li>\n<\/ul>\n","protected":false},"excerpt":{"rendered":"<p>Begleiten Sie die Walkers auf einer Weltreise mit dem Schlitten! In den Reisemosaiken 11: Schlittenfahrt zu Weihnachten <\/p>\n","protected":false},"author":14,"featured_media":84066,"comment_status":"open","ping_status":"closed","template":"","meta":{"_acf_changed":false,"inline_featured_image":false},"product_brand":[],"product_cat":[194],"product_tag":[],"class_list":{"0":"post-139578","1":"product","2":"type-product","3":"status-publish","4":"has-post-thumbnail","6":"product_cat-puzzle-de","8":"first","9":"instock","10":"shipping-taxable","11":"purchasable","12":"product-type-simple"},"acf":[],"yoast_head":"<!-- This site is optimized with the Yoast SEO Premium plugin v25.2 (Yoast SEO v25.2) - https:\/\/yoast.com\/wordpress\/plugins\/seo\/ -->\n<title>Travel Mosaics 11: Weihnachtsschlittenfahrt - Schlittenfahrten weltweit mit den Walkers<\/title>\n<meta name=\"description\" content=\"Begleiten Sie die Walkers auf einer Weltreise mit dem Schlitten! In den Reisemosaiken 11: Schlittenfahrt zu Weihnachten\" \/>\n<meta name=\"robots\" content=\"index, follow, max-snippet:-1, max-image-preview:large, max-video-preview:-1\" \/>\n<link rel=\"canonical\" href=\"https:\/\/www.iplay.com\/de\/games\/travel-mosaics-11-christmas-sleigh-ride\/\" \/>\n<meta property=\"og:locale\" content=\"de_DE\" \/>\n<meta property=\"og:type\" content=\"article\" \/>\n<meta property=\"og:title\" content=\"Travel Mosaics 11: Christmas Sleigh Ride\" \/>\n<meta property=\"og:description\" content=\"Begleiten Sie die Walkers auf einer Weltreise mit dem Schlitten! In den Reisemosaiken 11: Schlittenfahrt zu Weihnachten\" \/>\n<meta property=\"og:url\" content=\"https:\/\/www.iplay.com\/de\/games\/travel-mosaics-11-christmas-sleigh-ride\/\" \/>\n<meta property=\"og:site_name\" content=\"IPlay\" \/>\n<meta property=\"og:image\" content=\"https:\/\/www.iplay.com\/wp-content\/uploads\/2023\/12\/large_square_tile_image-2763.jpg\" \/>\n\t<meta property=\"og:image:width\" content=\"310\" \/>\n\t<meta property=\"og:image:height\" content=\"310\" \/>\n\t<meta property=\"og:image:type\" content=\"image\/jpeg\" \/>\n<meta name=\"twitter:card\" content=\"summary_large_image\" \/>\n<meta name=\"twitter:label1\" content=\"Gesch\u00e4tzte Lesezeit\" \/>\n\t<meta name=\"twitter:data1\" content=\"1 Minute\" \/>\n<script type=\"application\/ld+json\" class=\"yoast-schema-graph\">{\"@context\":\"https:\/\/schema.org\",\"@graph\":[{\"@type\":\"WebPage\",\"@id\":\"https:\/\/www.iplay.com\/de\/games\/travel-mosaics-11-christmas-sleigh-ride\/\",\"url\":\"https:\/\/www.iplay.com\/de\/games\/travel-mosaics-11-christmas-sleigh-ride\/\",\"name\":\"Travel Mosaics 11: Weihnachtsschlittenfahrt - Schlittenfahrten weltweit mit den Walkers\",\"isPartOf\":{\"@id\":\"https:\/\/www.iplay.com\/en\/#website\"},\"primaryImageOfPage\":{\"@id\":\"https:\/\/www.iplay.com\/de\/games\/travel-mosaics-11-christmas-sleigh-ride\/#primaryimage\"},\"image\":{\"@id\":\"https:\/\/www.iplay.com\/de\/games\/travel-mosaics-11-christmas-sleigh-ride\/#primaryimage\"},\"thumbnailUrl\":\"https:\/\/www.iplay.com\/wp-content\/uploads\/2023\/12\/large_square_tile_image-2763.jpg\",\"datePublished\":\"2019-12-08T00:00:00+00:00\",\"description\":\"Begleiten Sie die Walkers auf einer Weltreise mit dem Schlitten! In den Reisemosaiken 11: Schlittenfahrt zu Weihnachten\",\"breadcrumb\":{\"@id\":\"https:\/\/www.iplay.com\/de\/games\/travel-mosaics-11-christmas-sleigh-ride\/#breadcrumb\"},\"inLanguage\":\"de-DE\",\"potentialAction\":[{\"@type\":\"ReadAction\",\"target\":[\"https:\/\/www.iplay.com\/de\/games\/travel-mosaics-11-christmas-sleigh-ride\/\"]}]},{\"@type\":\"ImageObject\",\"inLanguage\":\"de-DE\",\"@id\":\"https:\/\/www.iplay.com\/de\/games\/travel-mosaics-11-christmas-sleigh-ride\/#primaryimage\",\"url\":\"https:\/\/www.iplay.com\/wp-content\/uploads\/2023\/12\/large_square_tile_image-2763.jpg\",\"contentUrl\":\"https:\/\/www.iplay.com\/wp-content\/uploads\/2023\/12\/large_square_tile_image-2763.jpg\",\"width\":310,\"height\":310},{\"@type\":\"BreadcrumbList\",\"@id\":\"https:\/\/www.iplay.com\/de\/games\/travel-mosaics-11-christmas-sleigh-ride\/#breadcrumb\",\"itemListElement\":[{\"@type\":\"ListItem\",\"position\":1,\"name\":\"Home\",\"item\":\"https:\/\/www.iplay.com\/de\/home-page-2\/\"},{\"@type\":\"ListItem\",\"position\":2,\"name\":\"Shop\",\"item\":\"https:\/\/www.iplay.com\/en\/shop\/\"},{\"@type\":\"ListItem\",\"position\":3,\"name\":\"Travel Mosaics 11: Christmas Sleigh Ride\"}]},{\"@type\":\"WebSite\",\"@id\":\"https:\/\/www.iplay.com\/en\/#website\",\"url\":\"https:\/\/www.iplay.com\/en\/\",\"name\":\"IPlay\",\"description\":\"The Best Casual Games!\",\"publisher\":{\"@id\":\"https:\/\/www.iplay.com\/en\/#organization\"},\"potentialAction\":[{\"@type\":\"SearchAction\",\"target\":{\"@type\":\"EntryPoint\",\"urlTemplate\":\"https:\/\/www.iplay.com\/en\/?s={search_term_string}\"},\"query-input\":{\"@type\":\"PropertyValueSpecification\",\"valueRequired\":true,\"valueName\":\"search_term_string\"}}],\"inLanguage\":\"de-DE\"},{\"@type\":\"Organization\",\"@id\":\"https:\/\/www.iplay.com\/en\/#organization\",\"name\":\"IPlay\",\"url\":\"https:\/\/www.iplay.com\/en\/\",\"logo\":{\"@type\":\"ImageObject\",\"inLanguage\":\"de-DE\",\"@id\":\"https:\/\/www.iplay.com\/en\/#\/schema\/logo\/image\/\",\"url\":\"https:\/\/www.iplay.com\/wp-content\/uploads\/2023\/11\/Group-6100.svg\",\"contentUrl\":\"https:\/\/www.iplay.com\/wp-content\/uploads\/2023\/11\/Group-6100.svg\",\"width\":98,\"height\":25,\"caption\":\"IPlay\"},\"image\":{\"@id\":\"https:\/\/www.iplay.com\/en\/#\/schema\/logo\/image\/\"}}]}<\/script>\n<!-- \/ Yoast SEO Premium plugin. -->","yoast_head_json":{"title":"Travel Mosaics 11: Weihnachtsschlittenfahrt - Schlittenfahrten weltweit mit den Walkers","description":"Begleiten Sie die Walkers auf einer Weltreise mit dem Schlitten! In den Reisemosaiken 11: Schlittenfahrt zu Weihnachten","robots":{"index":"index","follow":"follow","max-snippet":"max-snippet:-1","max-image-preview":"max-image-preview:large","max-video-preview":"max-video-preview:-1"},"canonical":"https:\/\/www.iplay.com\/de\/games\/travel-mosaics-11-christmas-sleigh-ride\/","og_locale":"de_DE","og_type":"article","og_title":"Travel Mosaics 11: Christmas Sleigh Ride","og_description":"Begleiten Sie die Walkers auf einer Weltreise mit dem Schlitten! In den Reisemosaiken 11: Schlittenfahrt zu Weihnachten","og_url":"https:\/\/www.iplay.com\/de\/games\/travel-mosaics-11-christmas-sleigh-ride\/","og_site_name":"IPlay","og_image":[{"width":310,"height":310,"url":"https:\/\/www.iplay.com\/wp-content\/uploads\/2023\/12\/large_square_tile_image-2763.jpg","type":"image\/jpeg"}],"twitter_card":"summary_large_image","twitter_misc":{"Gesch\u00e4tzte Lesezeit":"1 Minute"},"schema":{"@context":"https:\/\/schema.org","@graph":[{"@type":"WebPage","@id":"https:\/\/www.iplay.com\/de\/games\/travel-mosaics-11-christmas-sleigh-ride\/","url":"https:\/\/www.iplay.com\/de\/games\/travel-mosaics-11-christmas-sleigh-ride\/","name":"Travel Mosaics 11: Weihnachtsschlittenfahrt - Schlittenfahrten weltweit mit den Walkers","isPartOf":{"@id":"https:\/\/www.iplay.com\/en\/#website"},"primaryImageOfPage":{"@id":"https:\/\/www.iplay.com\/de\/games\/travel-mosaics-11-christmas-sleigh-ride\/#primaryimage"},"image":{"@id":"https:\/\/www.iplay.com\/de\/games\/travel-mosaics-11-christmas-sleigh-ride\/#primaryimage"},"thumbnailUrl":"https:\/\/www.iplay.com\/wp-content\/uploads\/2023\/12\/large_square_tile_image-2763.jpg","datePublished":"2019-12-08T00:00:00+00:00","description":"Begleiten Sie die Walkers auf einer Weltreise mit dem Schlitten! In den Reisemosaiken 11: Schlittenfahrt zu Weihnachten","breadcrumb":{"@id":"https:\/\/www.iplay.com\/de\/games\/travel-mosaics-11-christmas-sleigh-ride\/#breadcrumb"},"inLanguage":"de-DE","potentialAction":[{"@type":"ReadAction","target":["https:\/\/www.iplay.com\/de\/games\/travel-mosaics-11-christmas-sleigh-ride\/"]}]},{"@type":"ImageObject","inLanguage":"de-DE","@id":"https:\/\/www.iplay.com\/de\/games\/travel-mosaics-11-christmas-sleigh-ride\/#primaryimage","url":"https:\/\/www.iplay.com\/wp-content\/uploads\/2023\/12\/large_square_tile_image-2763.jpg","contentUrl":"https:\/\/www.iplay.com\/wp-content\/uploads\/2023\/12\/large_square_tile_image-2763.jpg","width":310,"height":310},{"@type":"BreadcrumbList","@id":"https:\/\/www.iplay.com\/de\/games\/travel-mosaics-11-christmas-sleigh-ride\/#breadcrumb","itemListElement":[{"@type":"ListItem","position":1,"name":"Home","item":"https:\/\/www.iplay.com\/de\/home-page-2\/"},{"@type":"ListItem","position":2,"name":"Shop","item":"https:\/\/www.iplay.com\/en\/shop\/"},{"@type":"ListItem","position":3,"name":"Travel Mosaics 11: Christmas Sleigh Ride"}]},{"@type":"WebSite","@id":"https:\/\/www.iplay.com\/en\/#website","url":"https:\/\/www.iplay.com\/en\/","name":"IPlay","description":"The Best Casual Games!","publisher":{"@id":"https:\/\/www.iplay.com\/en\/#organization"},"potentialAction":[{"@type":"SearchAction","target":{"@type":"EntryPoint","urlTemplate":"https:\/\/www.iplay.com\/en\/?s={search_term_string}"},"query-input":{"@type":"PropertyValueSpecification","valueRequired":true,"valueName":"search_term_string"}}],"inLanguage":"de-DE"},{"@type":"Organization","@id":"https:\/\/www.iplay.com\/en\/#organization","name":"IPlay","url":"https:\/\/www.iplay.com\/en\/","logo":{"@type":"ImageObject","inLanguage":"de-DE","@id":"https:\/\/www.iplay.com\/en\/#\/schema\/logo\/image\/","url":"https:\/\/www.iplay.com\/wp-content\/uploads\/2023\/11\/Group-6100.svg","contentUrl":"https:\/\/www.iplay.com\/wp-content\/uploads\/2023\/11\/Group-6100.svg","width":98,"height":25,"caption":"IPlay"},"image":{"@id":"https:\/\/www.iplay.com\/en\/#\/schema\/logo\/image\/"}}]}},"_links":{"self":[{"href":"https:\/\/www.iplay.com\/de\/wp-json\/wp\/v2\/product\/139578","targetHints":{"allow":["GET"]}}],"collection":[{"href":"https:\/\/www.iplay.com\/de\/wp-json\/wp\/v2\/product"}],"about":[{"href":"https:\/\/www.iplay.com\/de\/wp-json\/wp\/v2\/types\/product"}],"author":[{"embeddable":true,"href":"https:\/\/www.iplay.com\/de\/wp-json\/wp\/v2\/users\/14"}],"replies":[{"embeddable":true,"href":"https:\/\/www.iplay.com\/de\/wp-json\/wp\/v2\/comments?post=139578"}],"wp:featuredmedia":[{"embeddable":true,"href":"https:\/\/www.iplay.com\/de\/wp-json\/wp\/v2\/media\/84066"}],"wp:attachment":[{"href":"https:\/\/www.iplay.com\/de\/wp-json\/wp\/v2\/media?parent=139578"}],"wp:term":[{"taxonomy":"product_brand","embeddable":true,"href":"https:\/\/www.iplay.com\/de\/wp-json\/wp\/v2\/product_brand?post=139578"},{"taxonomy":"product_cat","embeddable":true,"href":"https:\/\/www.iplay.com\/de\/wp-json\/wp\/v2\/product_cat?post=139578"},{"taxonomy":"product_tag","embeddable":true,"href":"https:\/\/www.iplay.com\/de\/wp-json\/wp\/v2\/product_tag?post=139578"}],"curies":[{"name":"wp","href":"https:\/\/api.w.org\/{rel}","templated":true}]}}