{"id":139522,"date":"2019-11-01T00:00:00","date_gmt":"2019-11-01T00:00:00","guid":{"rendered":"https:\/\/www.iplay.com\/games\/edge-of-reality-great-deeds\/"},"modified":"2019-11-01T00:00:00","modified_gmt":"2019-11-01T00:00:00","slug":"edge-of-reality-great-deeds","status":"publish","type":"product","link":"https:\/\/www.iplay.com\/de\/games\/edge-of-reality-great-deeds\/","title":{"rendered":"Edge of Reality: Great Deeds"},"content":{"rendered":"<p>Ihre Tochter wurde f\u00fcr die Auszeichnung &#8220;Person des Jahres&#8221; nominiert, nachdem sie ein neues Tierheim gegr\u00fcndet hat! Du kannst es kaum erwarten, mit ihr in Island zu feiern. Aber als du feststellst, dass sie verschwunden ist, ist dein Gl\u00fcck nur von kurzer Dauer! Kannst du den Schuldigen hinter dem Verschwinden deiner Tochter aufdecken und die Tiere der Stadt rechtzeitig retten, da ein Vulkan in der N\u00e4he kurz vor dem Ausbruch steht und Ger\u00fcchte \u00fcber eine schreckliche Legende wahr werden? Finde es in diesem spannenden Wimmelbild-Abenteuer heraus!    <\/p>\n<p>&nbsp;<\/p>\n<p>&nbsp;<\/p>\n<p><strong>Funktionen:<\/strong><\/p>\n<p>&nbsp;<\/p>\n<p>&#8211; Genie\u00dfe interaktive Hiddeon Object-Spiele<\/p>\n<p>&#8211; Einfach zu erlernen und durchzuf\u00fchren<\/p>\n<p>&#8211; Sehen Sie zahlreiche atemberaubende Sehensw\u00fcrdigkeiten<\/p>\n","protected":false},"excerpt":{"rendered":"<p>Gro\u00dfartige Taten k\u00f6nnen t\u00f6dliche Folgen haben&#8230; In Beyond Reality: Magnificent Acts<\/p>\n","protected":false},"author":17,"featured_media":84327,"comment_status":"open","ping_status":"closed","template":"","meta":{"_acf_changed":false,"inline_featured_image":false},"product_brand":[],"product_cat":[164],"product_tag":[289],"class_list":{"0":"post-139522","1":"product","2":"type-product","3":"status-publish","4":"has-post-thumbnail","6":"product_cat-hidden-object-de","7":"product_tag-play-on-pc-de","9":"first","10":"instock","11":"shipping-taxable","12":"purchasable","13":"product-type-simple"},"acf":[],"yoast_head":"<!-- This site is optimized with the Yoast SEO Premium plugin v25.2 (Yoast SEO v25.2) - https:\/\/yoast.com\/wordpress\/plugins\/seo\/ -->\n<title>Edge of Reality: Gro\u00dfe Taten - Gro\u00dfe Taten k\u00f6nnen t\u00f6dliche Folgen haben<\/title>\n<meta name=\"description\" content=\"Gro\u00dfartige Taten k\u00f6nnen t\u00f6dliche Folgen haben... In Beyond Reality: Magnificent Acts\" \/>\n<meta name=\"robots\" content=\"index, follow, max-snippet:-1, max-image-preview:large, max-video-preview:-1\" \/>\n<link rel=\"canonical\" href=\"https:\/\/www.iplay.com\/de\/games\/edge-of-reality-great-deeds\/\" \/>\n<meta property=\"og:locale\" content=\"de_DE\" \/>\n<meta property=\"og:type\" content=\"article\" \/>\n<meta property=\"og:title\" content=\"Edge of Reality: Great Deeds\" \/>\n<meta property=\"og:description\" content=\"Gro\u00dfartige Taten k\u00f6nnen t\u00f6dliche Folgen haben... In Beyond Reality: Magnificent Acts\" \/>\n<meta property=\"og:url\" content=\"https:\/\/www.iplay.com\/de\/games\/edge-of-reality-great-deeds\/\" \/>\n<meta property=\"og:site_name\" content=\"IPlay\" \/>\n<meta property=\"og:image\" content=\"https:\/\/www.iplay.com\/wp-content\/uploads\/2023\/12\/large_square_tile_image-2781.jpg\" \/>\n\t<meta property=\"og:image:width\" content=\"310\" \/>\n\t<meta property=\"og:image:height\" content=\"310\" \/>\n\t<meta property=\"og:image:type\" content=\"image\/jpeg\" \/>\n<meta name=\"twitter:card\" content=\"summary_large_image\" \/>\n<meta name=\"twitter:label1\" content=\"Gesch\u00e4tzte Lesezeit\" \/>\n\t<meta name=\"twitter:data1\" content=\"1 Minute\" \/>\n<script type=\"application\/ld+json\" class=\"yoast-schema-graph\">{\"@context\":\"https:\/\/schema.org\",\"@graph\":[{\"@type\":\"WebPage\",\"@id\":\"https:\/\/www.iplay.com\/de\/games\/edge-of-reality-great-deeds\/\",\"url\":\"https:\/\/www.iplay.com\/de\/games\/edge-of-reality-great-deeds\/\",\"name\":\"Edge of Reality: Gro\u00dfe Taten - Gro\u00dfe Taten k\u00f6nnen t\u00f6dliche Folgen haben\",\"isPartOf\":{\"@id\":\"https:\/\/www.iplay.com\/en\/#website\"},\"primaryImageOfPage\":{\"@id\":\"https:\/\/www.iplay.com\/de\/games\/edge-of-reality-great-deeds\/#primaryimage\"},\"image\":{\"@id\":\"https:\/\/www.iplay.com\/de\/games\/edge-of-reality-great-deeds\/#primaryimage\"},\"thumbnailUrl\":\"https:\/\/www.iplay.com\/wp-content\/uploads\/2023\/12\/large_square_tile_image-2781.jpg\",\"datePublished\":\"2019-11-01T00:00:00+00:00\",\"description\":\"Gro\u00dfartige Taten k\u00f6nnen t\u00f6dliche Folgen haben... In Beyond Reality: Magnificent Acts\",\"breadcrumb\":{\"@id\":\"https:\/\/www.iplay.com\/de\/games\/edge-of-reality-great-deeds\/#breadcrumb\"},\"inLanguage\":\"de-DE\",\"potentialAction\":[{\"@type\":\"ReadAction\",\"target\":[\"https:\/\/www.iplay.com\/de\/games\/edge-of-reality-great-deeds\/\"]}]},{\"@type\":\"ImageObject\",\"inLanguage\":\"de-DE\",\"@id\":\"https:\/\/www.iplay.com\/de\/games\/edge-of-reality-great-deeds\/#primaryimage\",\"url\":\"https:\/\/www.iplay.com\/wp-content\/uploads\/2023\/12\/large_square_tile_image-2781.jpg\",\"contentUrl\":\"https:\/\/www.iplay.com\/wp-content\/uploads\/2023\/12\/large_square_tile_image-2781.jpg\",\"width\":310,\"height\":310},{\"@type\":\"BreadcrumbList\",\"@id\":\"https:\/\/www.iplay.com\/de\/games\/edge-of-reality-great-deeds\/#breadcrumb\",\"itemListElement\":[{\"@type\":\"ListItem\",\"position\":1,\"name\":\"Home\",\"item\":\"https:\/\/www.iplay.com\/de\/home-page-2\/\"},{\"@type\":\"ListItem\",\"position\":2,\"name\":\"Shop\",\"item\":\"https:\/\/www.iplay.com\/en\/shop\/\"},{\"@type\":\"ListItem\",\"position\":3,\"name\":\"Edge of Reality: Great Deeds\"}]},{\"@type\":\"WebSite\",\"@id\":\"https:\/\/www.iplay.com\/en\/#website\",\"url\":\"https:\/\/www.iplay.com\/en\/\",\"name\":\"IPlay\",\"description\":\"The Best Casual Games!\",\"publisher\":{\"@id\":\"https:\/\/www.iplay.com\/en\/#organization\"},\"potentialAction\":[{\"@type\":\"SearchAction\",\"target\":{\"@type\":\"EntryPoint\",\"urlTemplate\":\"https:\/\/www.iplay.com\/en\/?s={search_term_string}\"},\"query-input\":{\"@type\":\"PropertyValueSpecification\",\"valueRequired\":true,\"valueName\":\"search_term_string\"}}],\"inLanguage\":\"de-DE\"},{\"@type\":\"Organization\",\"@id\":\"https:\/\/www.iplay.com\/en\/#organization\",\"name\":\"IPlay\",\"url\":\"https:\/\/www.iplay.com\/en\/\",\"logo\":{\"@type\":\"ImageObject\",\"inLanguage\":\"de-DE\",\"@id\":\"https:\/\/www.iplay.com\/en\/#\/schema\/logo\/image\/\",\"url\":\"https:\/\/www.iplay.com\/wp-content\/uploads\/2023\/11\/Group-6100.svg\",\"contentUrl\":\"https:\/\/www.iplay.com\/wp-content\/uploads\/2023\/11\/Group-6100.svg\",\"width\":98,\"height\":25,\"caption\":\"IPlay\"},\"image\":{\"@id\":\"https:\/\/www.iplay.com\/en\/#\/schema\/logo\/image\/\"}}]}<\/script>\n<!-- \/ Yoast SEO Premium plugin. -->","yoast_head_json":{"title":"Edge of Reality: Gro\u00dfe Taten - Gro\u00dfe Taten k\u00f6nnen t\u00f6dliche Folgen haben","description":"Gro\u00dfartige Taten k\u00f6nnen t\u00f6dliche Folgen haben... In Beyond Reality: Magnificent Acts","robots":{"index":"index","follow":"follow","max-snippet":"max-snippet:-1","max-image-preview":"max-image-preview:large","max-video-preview":"max-video-preview:-1"},"canonical":"https:\/\/www.iplay.com\/de\/games\/edge-of-reality-great-deeds\/","og_locale":"de_DE","og_type":"article","og_title":"Edge of Reality: Great Deeds","og_description":"Gro\u00dfartige Taten k\u00f6nnen t\u00f6dliche Folgen haben... In Beyond Reality: Magnificent Acts","og_url":"https:\/\/www.iplay.com\/de\/games\/edge-of-reality-great-deeds\/","og_site_name":"IPlay","og_image":[{"width":310,"height":310,"url":"https:\/\/www.iplay.com\/wp-content\/uploads\/2023\/12\/large_square_tile_image-2781.jpg","type":"image\/jpeg"}],"twitter_card":"summary_large_image","twitter_misc":{"Gesch\u00e4tzte Lesezeit":"1 Minute"},"schema":{"@context":"https:\/\/schema.org","@graph":[{"@type":"WebPage","@id":"https:\/\/www.iplay.com\/de\/games\/edge-of-reality-great-deeds\/","url":"https:\/\/www.iplay.com\/de\/games\/edge-of-reality-great-deeds\/","name":"Edge of Reality: Gro\u00dfe Taten - Gro\u00dfe Taten k\u00f6nnen t\u00f6dliche Folgen haben","isPartOf":{"@id":"https:\/\/www.iplay.com\/en\/#website"},"primaryImageOfPage":{"@id":"https:\/\/www.iplay.com\/de\/games\/edge-of-reality-great-deeds\/#primaryimage"},"image":{"@id":"https:\/\/www.iplay.com\/de\/games\/edge-of-reality-great-deeds\/#primaryimage"},"thumbnailUrl":"https:\/\/www.iplay.com\/wp-content\/uploads\/2023\/12\/large_square_tile_image-2781.jpg","datePublished":"2019-11-01T00:00:00+00:00","description":"Gro\u00dfartige Taten k\u00f6nnen t\u00f6dliche Folgen haben... In Beyond Reality: Magnificent Acts","breadcrumb":{"@id":"https:\/\/www.iplay.com\/de\/games\/edge-of-reality-great-deeds\/#breadcrumb"},"inLanguage":"de-DE","potentialAction":[{"@type":"ReadAction","target":["https:\/\/www.iplay.com\/de\/games\/edge-of-reality-great-deeds\/"]}]},{"@type":"ImageObject","inLanguage":"de-DE","@id":"https:\/\/www.iplay.com\/de\/games\/edge-of-reality-great-deeds\/#primaryimage","url":"https:\/\/www.iplay.com\/wp-content\/uploads\/2023\/12\/large_square_tile_image-2781.jpg","contentUrl":"https:\/\/www.iplay.com\/wp-content\/uploads\/2023\/12\/large_square_tile_image-2781.jpg","width":310,"height":310},{"@type":"BreadcrumbList","@id":"https:\/\/www.iplay.com\/de\/games\/edge-of-reality-great-deeds\/#breadcrumb","itemListElement":[{"@type":"ListItem","position":1,"name":"Home","item":"https:\/\/www.iplay.com\/de\/home-page-2\/"},{"@type":"ListItem","position":2,"name":"Shop","item":"https:\/\/www.iplay.com\/en\/shop\/"},{"@type":"ListItem","position":3,"name":"Edge of Reality: Great Deeds"}]},{"@type":"WebSite","@id":"https:\/\/www.iplay.com\/en\/#website","url":"https:\/\/www.iplay.com\/en\/","name":"IPlay","description":"The Best Casual Games!","publisher":{"@id":"https:\/\/www.iplay.com\/en\/#organization"},"potentialAction":[{"@type":"SearchAction","target":{"@type":"EntryPoint","urlTemplate":"https:\/\/www.iplay.com\/en\/?s={search_term_string}"},"query-input":{"@type":"PropertyValueSpecification","valueRequired":true,"valueName":"search_term_string"}}],"inLanguage":"de-DE"},{"@type":"Organization","@id":"https:\/\/www.iplay.com\/en\/#organization","name":"IPlay","url":"https:\/\/www.iplay.com\/en\/","logo":{"@type":"ImageObject","inLanguage":"de-DE","@id":"https:\/\/www.iplay.com\/en\/#\/schema\/logo\/image\/","url":"https:\/\/www.iplay.com\/wp-content\/uploads\/2023\/11\/Group-6100.svg","contentUrl":"https:\/\/www.iplay.com\/wp-content\/uploads\/2023\/11\/Group-6100.svg","width":98,"height":25,"caption":"IPlay"},"image":{"@id":"https:\/\/www.iplay.com\/en\/#\/schema\/logo\/image\/"}}]}},"_links":{"self":[{"href":"https:\/\/www.iplay.com\/de\/wp-json\/wp\/v2\/product\/139522","targetHints":{"allow":["GET"]}}],"collection":[{"href":"https:\/\/www.iplay.com\/de\/wp-json\/wp\/v2\/product"}],"about":[{"href":"https:\/\/www.iplay.com\/de\/wp-json\/wp\/v2\/types\/product"}],"author":[{"embeddable":true,"href":"https:\/\/www.iplay.com\/de\/wp-json\/wp\/v2\/users\/17"}],"replies":[{"embeddable":true,"href":"https:\/\/www.iplay.com\/de\/wp-json\/wp\/v2\/comments?post=139522"}],"wp:featuredmedia":[{"embeddable":true,"href":"https:\/\/www.iplay.com\/de\/wp-json\/wp\/v2\/media\/84327"}],"wp:attachment":[{"href":"https:\/\/www.iplay.com\/de\/wp-json\/wp\/v2\/media?parent=139522"}],"wp:term":[{"taxonomy":"product_brand","embeddable":true,"href":"https:\/\/www.iplay.com\/de\/wp-json\/wp\/v2\/product_brand?post=139522"},{"taxonomy":"product_cat","embeddable":true,"href":"https:\/\/www.iplay.com\/de\/wp-json\/wp\/v2\/product_cat?post=139522"},{"taxonomy":"product_tag","embeddable":true,"href":"https:\/\/www.iplay.com\/de\/wp-json\/wp\/v2\/product_tag?post=139522"}],"curies":[{"name":"wp","href":"https:\/\/api.w.org\/{rel}","templated":true}]}}