{"id":139474,"date":"2025-07-01T14:17:47","date_gmt":"2025-07-01T14:17:47","guid":{"rendered":"https:\/\/www.iplay.com\/games\/around-the-world-5-beautiful-america-collectors-edition\/"},"modified":"2025-07-04T09:23:56","modified_gmt":"2025-07-04T09:23:56","slug":"around-the-world-5-beautiful-america-collectors-edition","status":"publish","type":"product","link":"https:\/\/www.iplay.com\/de\/games\/around-the-world-5-beautiful-america-collectors-edition\/","title":{"rendered":"Around the World 5: Beautiful America &#8211; Collector&#8217;s Edition"},"content":{"rendered":"<p class=\"whitespace-normal break-words ai-optimize-27 ai-optimize-introduction\">Du reist quer durch Amerika und siehst 30 erstaunliche Orte in diesem Wimmelbildspiel. Sie besuchen ber\u00fchmte Sehensw\u00fcrdigkeiten, Nationalparks und historische St\u00e4dte. Sie erkunden ruhige Parks und gesch\u00e4ftige St\u00e4dte voller Kultur und nat\u00fcrlicher Sch\u00f6nheit.  <\/p>\n<p class=\"whitespace-normal break-words ai-optimize-28\">Du findest versteckte Objekte auf unterschiedliche Weise mit neuen Wendungen zu klassischen Spielen. Du spielst neue Minispiele und alte Favoriten, die deine Beobachtungsgabe auf die Probe stellen. Du sammelst Souvenirs, w\u00e4hrend du jeden Ort abschlie\u00dft.  <\/p>\n<p class=\"whitespace-normal break-words ai-optimize-29\">Sie sehen sch\u00f6ne Bilder und h\u00f6ren Reisemusik, die Sie entspannt. Sie k\u00f6nnen verschiedene Suchmodi spielen, die Ihr Ged\u00e4chtnis und Ihr Denken herausfordern. Du f\u00fcllst jede Szene perfekt ab und sammelst einzigartige Gegenst\u00e4nde.  <\/p>\n<p>&nbsp;<\/p>\n<p class=\"whitespace-normal break-words ai-optimize-30\"><b>Funktionen<\/b><\/p>\n<ul class=\"[&amp;:not(:last-child)_ul]:pb-1 [&amp;:not(:last-child)_ol]:pb-1 list-disc space-y-1.5 pl-7\">\n<li class=\"whitespace-normal break-words ai-optimize-31\">Reisen Sie zu 30 atemberaubenden Orten in den USA, darunter Sehensw\u00fcrdigkeiten, Parks und St\u00e4dte<\/li>\n<li class=\"whitespace-normal break-words ai-optimize-32\">Finden Sie Objekte mit verschiedenen Suchmodi, die Ihr Ged\u00e4chtnis und Ihr Denken herausfordern<\/li>\n<li class=\"whitespace-normal break-words ai-optimize-33\">Spiele sowohl neue als auch klassische Minispiele f\u00fcr stundenlangen Spa\u00df<\/li>\n<li class=\"whitespace-normal break-words ai-optimize-34\">Entspannen Sie sich mit sch\u00f6nen Bildern und von Reisen inspirierter Musik<\/li>\n<li class=\"whitespace-normal break-words ai-optimize-35\">Sammle einzigartige Souvenirs und vervollst\u00e4ndige jede Szene perfekt<\/li>\n<\/ul>\n<p>&nbsp;<\/p>\n<p class=\"whitespace-normal break-words ai-optimize-36\"><strong>Funktionen der Collector&#8217;s Edition<\/strong><\/p>\n<ul class=\"[&amp;:not(:last-child)_ul]:pb-1 [&amp;:not(:last-child)_ol]:pb-1 list-disc space-y-1.5 pl-7\">\n<li class=\"whitespace-normal break-words ai-optimize-37\">Erkunde 10 Bonusorte mit neuen Wimmelbildszenen<\/li>\n<li class=\"whitespace-normal break-words ai-optimize-38\">Spiele 10 zus\u00e4tzliche Minispiele und 12 Bonus-R\u00e4tsel f\u00fcr mehr Herausforderungen<\/li>\n<li class=\"whitespace-normal break-words ai-optimize-39\">Laden Sie wundersch\u00f6ne Hintergrundbilder herunter, die die ber\u00fchmtesten Aussichten Amerikas zeigen<\/li>\n<li class=\"whitespace-normal break-words ai-optimize-40\">Verwenden Sie den integrierten Musikplayer, um die perfekte Urlaubsstimmung einzustellen<\/li>\n<li class=\"whitespace-normal break-words ai-optimize-41\">Besuche den Souvenirladen im Spiel und feiere die Errungenschaften deiner Reise<\/li>\n<\/ul>\n<p>&nbsp;<\/p>\n<p class=\"whitespace-normal break-words ai-optimize-42\">Du entscheidest, welche Orte du auf deinem Cross-Country-Abenteuer erkundest.<\/p>\n","protected":false},"excerpt":{"rendered":"<p>Bereite dich auf eine unglaubliche Reise von K\u00fcste zu K\u00fcste vor in Around the World 5: Beautiful America Collector&#8217;s Edition!<\/p>\n","protected":false},"author":130,"featured_media":139461,"comment_status":"open","ping_status":"closed","template":"","meta":{"_acf_changed":false,"inline_featured_image":false},"product_brand":[],"product_cat":[164],"product_tag":[289],"class_list":{"0":"post-139474","1":"product","2":"type-product","3":"status-publish","4":"has-post-thumbnail","6":"product_cat-hidden-object-de","7":"product_tag-play-on-pc-de","9":"first","10":"instock","11":"shipping-taxable","12":"purchasable","13":"product-type-simple"},"acf":[],"yoast_head":"<!-- This site is optimized with the Yoast SEO Premium plugin v25.2 (Yoast SEO v25.2) - https:\/\/yoast.com\/wordpress\/plugins\/seo\/ -->\n<title>Rund um die Welt 5: Erkunden Sie Amerikas wundersch\u00f6ne Sehensw\u00fcrdigkeiten<\/title>\n<meta name=\"description\" content=\"Bereite dich auf eine unglaubliche Reise von K\u00fcste zu K\u00fcste vor in Around the World 5: Beautiful America Collector&#039;s Edition!\" \/>\n<meta name=\"robots\" content=\"index, follow, max-snippet:-1, max-image-preview:large, max-video-preview:-1\" \/>\n<link rel=\"canonical\" href=\"https:\/\/www.iplay.com\/de\/games\/around-the-world-5-beautiful-america-collectors-edition\/\" \/>\n<meta property=\"og:locale\" content=\"de_DE\" \/>\n<meta property=\"og:type\" content=\"article\" \/>\n<meta property=\"og:title\" content=\"Around the World 5: Beautiful America - Collector&#039;s Edition\" \/>\n<meta property=\"og:description\" content=\"Bereite dich auf eine unglaubliche Reise von K\u00fcste zu K\u00fcste vor in Around the World 5: Beautiful America Collector&#039;s Edition!\" \/>\n<meta property=\"og:url\" content=\"https:\/\/www.iplay.com\/de\/games\/around-the-world-5-beautiful-america-collectors-edition\/\" \/>\n<meta property=\"og:site_name\" content=\"IPlay\" \/>\n<meta property=\"article:modified_time\" content=\"2025-07-04T09:23:56+00:00\" \/>\n<meta property=\"og:image\" content=\"https:\/\/www.iplay.com\/wp-content\/uploads\/2025\/07\/around_the_world_5_-_beautiful_america_ce_large_square_tile_image.webp\" \/>\n\t<meta property=\"og:image:width\" content=\"310\" \/>\n\t<meta property=\"og:image:height\" content=\"310\" \/>\n\t<meta property=\"og:image:type\" content=\"image\/webp\" \/>\n<meta name=\"twitter:card\" content=\"summary_large_image\" \/>\n<meta name=\"twitter:label1\" content=\"Gesch\u00e4tzte Lesezeit\" \/>\n\t<meta name=\"twitter:data1\" content=\"1 Minute\" \/>\n<script type=\"application\/ld+json\" class=\"yoast-schema-graph\">{\"@context\":\"https:\/\/schema.org\",\"@graph\":[{\"@type\":\"WebPage\",\"@id\":\"https:\/\/www.iplay.com\/de\/games\/around-the-world-5-beautiful-america-collectors-edition\/\",\"url\":\"https:\/\/www.iplay.com\/de\/games\/around-the-world-5-beautiful-america-collectors-edition\/\",\"name\":\"Rund um die Welt 5: Erkunden Sie Amerikas wundersch\u00f6ne Sehensw\u00fcrdigkeiten\",\"isPartOf\":{\"@id\":\"https:\/\/www.iplay.com\/en\/#website\"},\"primaryImageOfPage\":{\"@id\":\"https:\/\/www.iplay.com\/de\/games\/around-the-world-5-beautiful-america-collectors-edition\/#primaryimage\"},\"image\":{\"@id\":\"https:\/\/www.iplay.com\/de\/games\/around-the-world-5-beautiful-america-collectors-edition\/#primaryimage\"},\"thumbnailUrl\":\"https:\/\/www.iplay.com\/wp-content\/uploads\/2025\/07\/around_the_world_5_-_beautiful_america_ce_large_square_tile_image.webp\",\"datePublished\":\"2025-07-01T14:17:47+00:00\",\"dateModified\":\"2025-07-04T09:23:56+00:00\",\"description\":\"Bereite dich auf eine unglaubliche Reise von K\u00fcste zu K\u00fcste vor in Around the World 5: Beautiful America Collector's Edition!\",\"breadcrumb\":{\"@id\":\"https:\/\/www.iplay.com\/de\/games\/around-the-world-5-beautiful-america-collectors-edition\/#breadcrumb\"},\"inLanguage\":\"de-DE\",\"potentialAction\":[{\"@type\":\"ReadAction\",\"target\":[\"https:\/\/www.iplay.com\/de\/games\/around-the-world-5-beautiful-america-collectors-edition\/\"]}]},{\"@type\":\"ImageObject\",\"inLanguage\":\"de-DE\",\"@id\":\"https:\/\/www.iplay.com\/de\/games\/around-the-world-5-beautiful-america-collectors-edition\/#primaryimage\",\"url\":\"https:\/\/www.iplay.com\/wp-content\/uploads\/2025\/07\/around_the_world_5_-_beautiful_america_ce_large_square_tile_image.webp\",\"contentUrl\":\"https:\/\/www.iplay.com\/wp-content\/uploads\/2025\/07\/around_the_world_5_-_beautiful_america_ce_large_square_tile_image.webp\",\"width\":310,\"height\":310},{\"@type\":\"BreadcrumbList\",\"@id\":\"https:\/\/www.iplay.com\/de\/games\/around-the-world-5-beautiful-america-collectors-edition\/#breadcrumb\",\"itemListElement\":[{\"@type\":\"ListItem\",\"position\":1,\"name\":\"Home\",\"item\":\"https:\/\/www.iplay.com\/de\/home-page-2\/\"},{\"@type\":\"ListItem\",\"position\":2,\"name\":\"Shop\",\"item\":\"https:\/\/www.iplay.com\/en\/shop\/\"},{\"@type\":\"ListItem\",\"position\":3,\"name\":\"Around the World 5: Beautiful America &#8211; Collector&#8217;s Edition\"}]},{\"@type\":\"WebSite\",\"@id\":\"https:\/\/www.iplay.com\/en\/#website\",\"url\":\"https:\/\/www.iplay.com\/en\/\",\"name\":\"IPlay\",\"description\":\"The Best Casual Games!\",\"publisher\":{\"@id\":\"https:\/\/www.iplay.com\/en\/#organization\"},\"potentialAction\":[{\"@type\":\"SearchAction\",\"target\":{\"@type\":\"EntryPoint\",\"urlTemplate\":\"https:\/\/www.iplay.com\/en\/?s={search_term_string}\"},\"query-input\":{\"@type\":\"PropertyValueSpecification\",\"valueRequired\":true,\"valueName\":\"search_term_string\"}}],\"inLanguage\":\"de-DE\"},{\"@type\":\"Organization\",\"@id\":\"https:\/\/www.iplay.com\/en\/#organization\",\"name\":\"IPlay\",\"url\":\"https:\/\/www.iplay.com\/en\/\",\"logo\":{\"@type\":\"ImageObject\",\"inLanguage\":\"de-DE\",\"@id\":\"https:\/\/www.iplay.com\/en\/#\/schema\/logo\/image\/\",\"url\":\"https:\/\/www.iplay.com\/wp-content\/uploads\/2023\/11\/Group-6100.svg\",\"contentUrl\":\"https:\/\/www.iplay.com\/wp-content\/uploads\/2023\/11\/Group-6100.svg\",\"width\":98,\"height\":25,\"caption\":\"IPlay\"},\"image\":{\"@id\":\"https:\/\/www.iplay.com\/en\/#\/schema\/logo\/image\/\"}}]}<\/script>\n<!-- \/ Yoast SEO Premium plugin. -->","yoast_head_json":{"title":"Rund um die Welt 5: Erkunden Sie Amerikas wundersch\u00f6ne Sehensw\u00fcrdigkeiten","description":"Bereite dich auf eine unglaubliche Reise von K\u00fcste zu K\u00fcste vor in Around the World 5: Beautiful America Collector's Edition!","robots":{"index":"index","follow":"follow","max-snippet":"max-snippet:-1","max-image-preview":"max-image-preview:large","max-video-preview":"max-video-preview:-1"},"canonical":"https:\/\/www.iplay.com\/de\/games\/around-the-world-5-beautiful-america-collectors-edition\/","og_locale":"de_DE","og_type":"article","og_title":"Around the World 5: Beautiful America - Collector's Edition","og_description":"Bereite dich auf eine unglaubliche Reise von K\u00fcste zu K\u00fcste vor in Around the World 5: Beautiful America Collector's Edition!","og_url":"https:\/\/www.iplay.com\/de\/games\/around-the-world-5-beautiful-america-collectors-edition\/","og_site_name":"IPlay","article_modified_time":"2025-07-04T09:23:56+00:00","og_image":[{"width":310,"height":310,"url":"https:\/\/www.iplay.com\/wp-content\/uploads\/2025\/07\/around_the_world_5_-_beautiful_america_ce_large_square_tile_image.webp","type":"image\/webp"}],"twitter_card":"summary_large_image","twitter_misc":{"Gesch\u00e4tzte Lesezeit":"1 Minute"},"schema":{"@context":"https:\/\/schema.org","@graph":[{"@type":"WebPage","@id":"https:\/\/www.iplay.com\/de\/games\/around-the-world-5-beautiful-america-collectors-edition\/","url":"https:\/\/www.iplay.com\/de\/games\/around-the-world-5-beautiful-america-collectors-edition\/","name":"Rund um die Welt 5: Erkunden Sie Amerikas wundersch\u00f6ne Sehensw\u00fcrdigkeiten","isPartOf":{"@id":"https:\/\/www.iplay.com\/en\/#website"},"primaryImageOfPage":{"@id":"https:\/\/www.iplay.com\/de\/games\/around-the-world-5-beautiful-america-collectors-edition\/#primaryimage"},"image":{"@id":"https:\/\/www.iplay.com\/de\/games\/around-the-world-5-beautiful-america-collectors-edition\/#primaryimage"},"thumbnailUrl":"https:\/\/www.iplay.com\/wp-content\/uploads\/2025\/07\/around_the_world_5_-_beautiful_america_ce_large_square_tile_image.webp","datePublished":"2025-07-01T14:17:47+00:00","dateModified":"2025-07-04T09:23:56+00:00","description":"Bereite dich auf eine unglaubliche Reise von K\u00fcste zu K\u00fcste vor in Around the World 5: Beautiful America Collector's Edition!","breadcrumb":{"@id":"https:\/\/www.iplay.com\/de\/games\/around-the-world-5-beautiful-america-collectors-edition\/#breadcrumb"},"inLanguage":"de-DE","potentialAction":[{"@type":"ReadAction","target":["https:\/\/www.iplay.com\/de\/games\/around-the-world-5-beautiful-america-collectors-edition\/"]}]},{"@type":"ImageObject","inLanguage":"de-DE","@id":"https:\/\/www.iplay.com\/de\/games\/around-the-world-5-beautiful-america-collectors-edition\/#primaryimage","url":"https:\/\/www.iplay.com\/wp-content\/uploads\/2025\/07\/around_the_world_5_-_beautiful_america_ce_large_square_tile_image.webp","contentUrl":"https:\/\/www.iplay.com\/wp-content\/uploads\/2025\/07\/around_the_world_5_-_beautiful_america_ce_large_square_tile_image.webp","width":310,"height":310},{"@type":"BreadcrumbList","@id":"https:\/\/www.iplay.com\/de\/games\/around-the-world-5-beautiful-america-collectors-edition\/#breadcrumb","itemListElement":[{"@type":"ListItem","position":1,"name":"Home","item":"https:\/\/www.iplay.com\/de\/home-page-2\/"},{"@type":"ListItem","position":2,"name":"Shop","item":"https:\/\/www.iplay.com\/en\/shop\/"},{"@type":"ListItem","position":3,"name":"Around the World 5: Beautiful America &#8211; Collector&#8217;s Edition"}]},{"@type":"WebSite","@id":"https:\/\/www.iplay.com\/en\/#website","url":"https:\/\/www.iplay.com\/en\/","name":"IPlay","description":"The Best Casual Games!","publisher":{"@id":"https:\/\/www.iplay.com\/en\/#organization"},"potentialAction":[{"@type":"SearchAction","target":{"@type":"EntryPoint","urlTemplate":"https:\/\/www.iplay.com\/en\/?s={search_term_string}"},"query-input":{"@type":"PropertyValueSpecification","valueRequired":true,"valueName":"search_term_string"}}],"inLanguage":"de-DE"},{"@type":"Organization","@id":"https:\/\/www.iplay.com\/en\/#organization","name":"IPlay","url":"https:\/\/www.iplay.com\/en\/","logo":{"@type":"ImageObject","inLanguage":"de-DE","@id":"https:\/\/www.iplay.com\/en\/#\/schema\/logo\/image\/","url":"https:\/\/www.iplay.com\/wp-content\/uploads\/2023\/11\/Group-6100.svg","contentUrl":"https:\/\/www.iplay.com\/wp-content\/uploads\/2023\/11\/Group-6100.svg","width":98,"height":25,"caption":"IPlay"},"image":{"@id":"https:\/\/www.iplay.com\/en\/#\/schema\/logo\/image\/"}}]}},"_links":{"self":[{"href":"https:\/\/www.iplay.com\/de\/wp-json\/wp\/v2\/product\/139474","targetHints":{"allow":["GET"]}}],"collection":[{"href":"https:\/\/www.iplay.com\/de\/wp-json\/wp\/v2\/product"}],"about":[{"href":"https:\/\/www.iplay.com\/de\/wp-json\/wp\/v2\/types\/product"}],"author":[{"embeddable":true,"href":"https:\/\/www.iplay.com\/de\/wp-json\/wp\/v2\/users\/130"}],"replies":[{"embeddable":true,"href":"https:\/\/www.iplay.com\/de\/wp-json\/wp\/v2\/comments?post=139474"}],"wp:featuredmedia":[{"embeddable":true,"href":"https:\/\/www.iplay.com\/de\/wp-json\/wp\/v2\/media\/139461"}],"wp:attachment":[{"href":"https:\/\/www.iplay.com\/de\/wp-json\/wp\/v2\/media?parent=139474"}],"wp:term":[{"taxonomy":"product_brand","embeddable":true,"href":"https:\/\/www.iplay.com\/de\/wp-json\/wp\/v2\/product_brand?post=139474"},{"taxonomy":"product_cat","embeddable":true,"href":"https:\/\/www.iplay.com\/de\/wp-json\/wp\/v2\/product_cat?post=139474"},{"taxonomy":"product_tag","embeddable":true,"href":"https:\/\/www.iplay.com\/de\/wp-json\/wp\/v2\/product_tag?post=139474"}],"curies":[{"name":"wp","href":"https:\/\/api.w.org\/{rel}","templated":true}]}}