{"id":139374,"date":"2016-04-15T00:00:00","date_gmt":"2016-04-15T00:00:00","guid":{"rendered":"https:\/\/www.iplay.com\/games\/vacation-adventures-park-ranger-4\/"},"modified":"2016-04-15T00:00:00","modified_gmt":"2016-04-15T00:00:00","slug":"vacation-adventures-park-ranger-4","status":"publish","type":"product","link":"https:\/\/www.iplay.com\/de\/games\/vacation-adventures-park-ranger-4\/","title":{"rendered":"Vacation Adventures: Park Ranger 4"},"content":{"rendered":"<p>Begeben Sie sich mit dem k\u00fcrzlich bef\u00f6rderten Ranger auf ein weiteres Urlaubsabenteuer im Pinecreek National Park. Sehen Sie die faszinierenden neuen Attraktionen, die Pinecreek den Besuchern zu bieten hat, wie z. B. das Hill Country Cafe, das Whitewater River Rafting, den Red River Canyon und Geysir, das American Indian Reservation sowie Campingpl\u00e4tze und H\u00fctten am See. Erkunden Sie den Apache Trail, spazieren Sie entlang von Wasserf\u00e4llen und genie\u00dfen Sie die lebendige Natur. Genie\u00dfen Sie die atemberaubende Aussicht, genie\u00dfen Sie Angeln und Bootfahren und veranstalten Sie an warmen Abenden sommerliche Grillabende auf dem See. Sehen Sie Hunderte von Fischen, V\u00f6geln, S\u00e4ugetieren und anderen Arten der Natur. Untersuchen Sie alles in einem Natur-Notizblock mit exquisiten Illustrationen. Sch\u00fctze die Umwelt und verdiene dabei Belohnungen und Erinnerungsst\u00fccke.      <\/p>\n<p>&nbsp;<\/p>\n<p><strong>Trip Adventures: Park Ranger 4<\/strong><br \/>\n&#8211; 58 brandneue Levels<br \/>\n &#8211; Zwei verschiedene Spielmodi<br \/>\n &#8211; Kompatibel mit Touchscreen-PCs<br \/>\n &#8211; Fesselnde, aber schwierige Mini-R\u00e4tsel<\/p>\n","protected":false},"excerpt":{"rendered":"<p>Ein fantastisches Abenteuer in der freien Natur mit Vacation Adventures: Park Ranger 4!<\/p>\n","protected":false},"author":37,"featured_media":69574,"comment_status":"open","ping_status":"closed","template":"","meta":{"_acf_changed":false,"inline_featured_image":false},"product_brand":[],"product_cat":[164],"product_tag":[289],"class_list":{"0":"post-139374","1":"product","2":"type-product","3":"status-publish","4":"has-post-thumbnail","6":"product_cat-hidden-object-de","7":"product_tag-play-on-pc-de","9":"first","10":"instock","11":"shipping-taxable","12":"purchasable","13":"product-type-simple"},"acf":[],"yoast_head":"<!-- This site is optimized with the Yoast SEO Premium plugin v25.2 (Yoast SEO v25.2) - https:\/\/yoast.com\/wordpress\/plugins\/seo\/ -->\n<title>Vacation Adventures: Park Ranger 4 - Tauche ein in ein fantastisches Outdoor-Urlaubsabenteuer<\/title>\n<meta name=\"description\" content=\"Ein fantastisches Abenteuer in der freien Natur mit Vacation Adventures: Park Ranger 4!\" \/>\n<meta name=\"robots\" content=\"index, follow, max-snippet:-1, max-image-preview:large, max-video-preview:-1\" \/>\n<link rel=\"canonical\" href=\"https:\/\/www.iplay.com\/de\/games\/vacation-adventures-park-ranger-4\/\" \/>\n<meta property=\"og:locale\" content=\"de_DE\" \/>\n<meta property=\"og:type\" content=\"article\" \/>\n<meta property=\"og:title\" content=\"Vacation Adventures: Park Ranger 4\" \/>\n<meta property=\"og:description\" content=\"Ein fantastisches Abenteuer in der freien Natur mit Vacation Adventures: Park Ranger 4!\" \/>\n<meta property=\"og:url\" content=\"https:\/\/www.iplay.com\/de\/games\/vacation-adventures-park-ranger-4\/\" \/>\n<meta property=\"og:site_name\" content=\"IPlay\" \/>\n<meta property=\"og:image\" content=\"https:\/\/www.iplay.com\/wp-content\/uploads\/2023\/12\/large_square_tile_image-1837.jpg\" \/>\n\t<meta property=\"og:image:width\" content=\"310\" \/>\n\t<meta property=\"og:image:height\" content=\"310\" \/>\n\t<meta property=\"og:image:type\" content=\"image\/jpeg\" \/>\n<meta name=\"twitter:card\" content=\"summary_large_image\" \/>\n<meta name=\"twitter:label1\" content=\"Gesch\u00e4tzte Lesezeit\" \/>\n\t<meta name=\"twitter:data1\" content=\"1 Minute\" \/>\n<script type=\"application\/ld+json\" class=\"yoast-schema-graph\">{\"@context\":\"https:\/\/schema.org\",\"@graph\":[{\"@type\":\"WebPage\",\"@id\":\"https:\/\/www.iplay.com\/de\/games\/vacation-adventures-park-ranger-4\/\",\"url\":\"https:\/\/www.iplay.com\/de\/games\/vacation-adventures-park-ranger-4\/\",\"name\":\"Vacation Adventures: Park Ranger 4 - Tauche ein in ein fantastisches Outdoor-Urlaubsabenteuer\",\"isPartOf\":{\"@id\":\"https:\/\/www.iplay.com\/en\/#website\"},\"primaryImageOfPage\":{\"@id\":\"https:\/\/www.iplay.com\/de\/games\/vacation-adventures-park-ranger-4\/#primaryimage\"},\"image\":{\"@id\":\"https:\/\/www.iplay.com\/de\/games\/vacation-adventures-park-ranger-4\/#primaryimage\"},\"thumbnailUrl\":\"https:\/\/www.iplay.com\/wp-content\/uploads\/2023\/12\/large_square_tile_image-1837.jpg\",\"datePublished\":\"2016-04-15T00:00:00+00:00\",\"description\":\"Ein fantastisches Abenteuer in der freien Natur mit Vacation Adventures: Park Ranger 4!\",\"breadcrumb\":{\"@id\":\"https:\/\/www.iplay.com\/de\/games\/vacation-adventures-park-ranger-4\/#breadcrumb\"},\"inLanguage\":\"de-DE\",\"potentialAction\":[{\"@type\":\"ReadAction\",\"target\":[\"https:\/\/www.iplay.com\/de\/games\/vacation-adventures-park-ranger-4\/\"]}]},{\"@type\":\"ImageObject\",\"inLanguage\":\"de-DE\",\"@id\":\"https:\/\/www.iplay.com\/de\/games\/vacation-adventures-park-ranger-4\/#primaryimage\",\"url\":\"https:\/\/www.iplay.com\/wp-content\/uploads\/2023\/12\/large_square_tile_image-1837.jpg\",\"contentUrl\":\"https:\/\/www.iplay.com\/wp-content\/uploads\/2023\/12\/large_square_tile_image-1837.jpg\",\"width\":310,\"height\":310},{\"@type\":\"BreadcrumbList\",\"@id\":\"https:\/\/www.iplay.com\/de\/games\/vacation-adventures-park-ranger-4\/#breadcrumb\",\"itemListElement\":[{\"@type\":\"ListItem\",\"position\":1,\"name\":\"Home\",\"item\":\"https:\/\/www.iplay.com\/de\/home-page-2\/\"},{\"@type\":\"ListItem\",\"position\":2,\"name\":\"Shop\",\"item\":\"https:\/\/www.iplay.com\/en\/shop\/\"},{\"@type\":\"ListItem\",\"position\":3,\"name\":\"Vacation Adventures: Park Ranger 4\"}]},{\"@type\":\"WebSite\",\"@id\":\"https:\/\/www.iplay.com\/en\/#website\",\"url\":\"https:\/\/www.iplay.com\/en\/\",\"name\":\"IPlay\",\"description\":\"The Best Casual Games!\",\"publisher\":{\"@id\":\"https:\/\/www.iplay.com\/en\/#organization\"},\"potentialAction\":[{\"@type\":\"SearchAction\",\"target\":{\"@type\":\"EntryPoint\",\"urlTemplate\":\"https:\/\/www.iplay.com\/en\/?s={search_term_string}\"},\"query-input\":{\"@type\":\"PropertyValueSpecification\",\"valueRequired\":true,\"valueName\":\"search_term_string\"}}],\"inLanguage\":\"de-DE\"},{\"@type\":\"Organization\",\"@id\":\"https:\/\/www.iplay.com\/en\/#organization\",\"name\":\"IPlay\",\"url\":\"https:\/\/www.iplay.com\/en\/\",\"logo\":{\"@type\":\"ImageObject\",\"inLanguage\":\"de-DE\",\"@id\":\"https:\/\/www.iplay.com\/en\/#\/schema\/logo\/image\/\",\"url\":\"https:\/\/www.iplay.com\/wp-content\/uploads\/2023\/11\/Group-6100.svg\",\"contentUrl\":\"https:\/\/www.iplay.com\/wp-content\/uploads\/2023\/11\/Group-6100.svg\",\"width\":98,\"height\":25,\"caption\":\"IPlay\"},\"image\":{\"@id\":\"https:\/\/www.iplay.com\/en\/#\/schema\/logo\/image\/\"}}]}<\/script>\n<!-- \/ Yoast SEO Premium plugin. -->","yoast_head_json":{"title":"Vacation Adventures: Park Ranger 4 - Tauche ein in ein fantastisches Outdoor-Urlaubsabenteuer","description":"Ein fantastisches Abenteuer in der freien Natur mit Vacation Adventures: Park Ranger 4!","robots":{"index":"index","follow":"follow","max-snippet":"max-snippet:-1","max-image-preview":"max-image-preview:large","max-video-preview":"max-video-preview:-1"},"canonical":"https:\/\/www.iplay.com\/de\/games\/vacation-adventures-park-ranger-4\/","og_locale":"de_DE","og_type":"article","og_title":"Vacation Adventures: Park Ranger 4","og_description":"Ein fantastisches Abenteuer in der freien Natur mit Vacation Adventures: Park Ranger 4!","og_url":"https:\/\/www.iplay.com\/de\/games\/vacation-adventures-park-ranger-4\/","og_site_name":"IPlay","og_image":[{"width":310,"height":310,"url":"https:\/\/www.iplay.com\/wp-content\/uploads\/2023\/12\/large_square_tile_image-1837.jpg","type":"image\/jpeg"}],"twitter_card":"summary_large_image","twitter_misc":{"Gesch\u00e4tzte Lesezeit":"1 Minute"},"schema":{"@context":"https:\/\/schema.org","@graph":[{"@type":"WebPage","@id":"https:\/\/www.iplay.com\/de\/games\/vacation-adventures-park-ranger-4\/","url":"https:\/\/www.iplay.com\/de\/games\/vacation-adventures-park-ranger-4\/","name":"Vacation Adventures: Park Ranger 4 - Tauche ein in ein fantastisches Outdoor-Urlaubsabenteuer","isPartOf":{"@id":"https:\/\/www.iplay.com\/en\/#website"},"primaryImageOfPage":{"@id":"https:\/\/www.iplay.com\/de\/games\/vacation-adventures-park-ranger-4\/#primaryimage"},"image":{"@id":"https:\/\/www.iplay.com\/de\/games\/vacation-adventures-park-ranger-4\/#primaryimage"},"thumbnailUrl":"https:\/\/www.iplay.com\/wp-content\/uploads\/2023\/12\/large_square_tile_image-1837.jpg","datePublished":"2016-04-15T00:00:00+00:00","description":"Ein fantastisches Abenteuer in der freien Natur mit Vacation Adventures: Park Ranger 4!","breadcrumb":{"@id":"https:\/\/www.iplay.com\/de\/games\/vacation-adventures-park-ranger-4\/#breadcrumb"},"inLanguage":"de-DE","potentialAction":[{"@type":"ReadAction","target":["https:\/\/www.iplay.com\/de\/games\/vacation-adventures-park-ranger-4\/"]}]},{"@type":"ImageObject","inLanguage":"de-DE","@id":"https:\/\/www.iplay.com\/de\/games\/vacation-adventures-park-ranger-4\/#primaryimage","url":"https:\/\/www.iplay.com\/wp-content\/uploads\/2023\/12\/large_square_tile_image-1837.jpg","contentUrl":"https:\/\/www.iplay.com\/wp-content\/uploads\/2023\/12\/large_square_tile_image-1837.jpg","width":310,"height":310},{"@type":"BreadcrumbList","@id":"https:\/\/www.iplay.com\/de\/games\/vacation-adventures-park-ranger-4\/#breadcrumb","itemListElement":[{"@type":"ListItem","position":1,"name":"Home","item":"https:\/\/www.iplay.com\/de\/home-page-2\/"},{"@type":"ListItem","position":2,"name":"Shop","item":"https:\/\/www.iplay.com\/en\/shop\/"},{"@type":"ListItem","position":3,"name":"Vacation Adventures: Park Ranger 4"}]},{"@type":"WebSite","@id":"https:\/\/www.iplay.com\/en\/#website","url":"https:\/\/www.iplay.com\/en\/","name":"IPlay","description":"The Best Casual Games!","publisher":{"@id":"https:\/\/www.iplay.com\/en\/#organization"},"potentialAction":[{"@type":"SearchAction","target":{"@type":"EntryPoint","urlTemplate":"https:\/\/www.iplay.com\/en\/?s={search_term_string}"},"query-input":{"@type":"PropertyValueSpecification","valueRequired":true,"valueName":"search_term_string"}}],"inLanguage":"de-DE"},{"@type":"Organization","@id":"https:\/\/www.iplay.com\/en\/#organization","name":"IPlay","url":"https:\/\/www.iplay.com\/en\/","logo":{"@type":"ImageObject","inLanguage":"de-DE","@id":"https:\/\/www.iplay.com\/en\/#\/schema\/logo\/image\/","url":"https:\/\/www.iplay.com\/wp-content\/uploads\/2023\/11\/Group-6100.svg","contentUrl":"https:\/\/www.iplay.com\/wp-content\/uploads\/2023\/11\/Group-6100.svg","width":98,"height":25,"caption":"IPlay"},"image":{"@id":"https:\/\/www.iplay.com\/en\/#\/schema\/logo\/image\/"}}]}},"_links":{"self":[{"href":"https:\/\/www.iplay.com\/de\/wp-json\/wp\/v2\/product\/139374","targetHints":{"allow":["GET"]}}],"collection":[{"href":"https:\/\/www.iplay.com\/de\/wp-json\/wp\/v2\/product"}],"about":[{"href":"https:\/\/www.iplay.com\/de\/wp-json\/wp\/v2\/types\/product"}],"author":[{"embeddable":true,"href":"https:\/\/www.iplay.com\/de\/wp-json\/wp\/v2\/users\/37"}],"replies":[{"embeddable":true,"href":"https:\/\/www.iplay.com\/de\/wp-json\/wp\/v2\/comments?post=139374"}],"wp:featuredmedia":[{"embeddable":true,"href":"https:\/\/www.iplay.com\/de\/wp-json\/wp\/v2\/media\/69574"}],"wp:attachment":[{"href":"https:\/\/www.iplay.com\/de\/wp-json\/wp\/v2\/media?parent=139374"}],"wp:term":[{"taxonomy":"product_brand","embeddable":true,"href":"https:\/\/www.iplay.com\/de\/wp-json\/wp\/v2\/product_brand?post=139374"},{"taxonomy":"product_cat","embeddable":true,"href":"https:\/\/www.iplay.com\/de\/wp-json\/wp\/v2\/product_cat?post=139374"},{"taxonomy":"product_tag","embeddable":true,"href":"https:\/\/www.iplay.com\/de\/wp-json\/wp\/v2\/product_tag?post=139374"}],"curies":[{"name":"wp","href":"https:\/\/api.w.org\/{rel}","templated":true}]}}