{"id":139367,"date":"2014-04-07T00:00:00","date_gmt":"2014-04-07T00:00:00","guid":{"rendered":"https:\/\/www.iplay.com\/games\/vacation-adventures-park-ranger-2\/"},"modified":"2014-04-07T00:00:00","modified_gmt":"2014-04-07T00:00:00","slug":"vacation-adventures-park-ranger-2","status":"publish","type":"product","link":"https:\/\/www.iplay.com\/de\/games\/vacation-adventures-park-ranger-2\/","title":{"rendered":"Vacation Adventures: Park Ranger 2"},"content":{"rendered":"<p>Begleiten Sie die Ranger auf ein weiteres fantastisches Outdoor-Urlaubsabenteuer. Entdecken Sie die zahlreichen k\u00fcrzlich hinzugef\u00fcgten Annehmlichkeiten und Einrichtungen des Pinecreek-Nationalparks, wie das Museum, die Bergseilbahnen und das Treetops Restaurant. Machen Sie einen Spaziergang zwischen massiven Mammutb\u00e4umen, inmitten exquisit gestalteter Wasserf\u00e4lle entlang des Cherokee River und waschen Sie Gold am Golden Pond. Sie k\u00f6nnen sogar angeln gehen, aber seien Sie vorsichtig vor den sengenden Augustn\u00e4chten und der ber\u00fcchtigten Feuersaison! Sehen Sie Hunderte von Fischen, V\u00f6geln, S\u00e4ugetieren und anderen Arten der Natur. Schauen Sie sich das wundersch\u00f6n gestaltete Wildlife Notebook genau an, um zu sehen, was Sie finden k\u00f6nnten. Vacation Adventures: Park Ranger 2 ist ein au\u00dfergew\u00f6hnlich entz\u00fcckendes und unterhaltsames Spiel mit unglaublicher Grafik und Gameplay. Im Laufe deines Fortschritts kannst du besondere Erfolgsauszeichnungen verdienen und die Umwelt f\u00fcr zuk\u00fcnftige Generationen erhalten.<\/p>\n","protected":false},"excerpt":{"rendered":"<p>Ein weiteres fantastisches Abenteuer im erstaunlichen Nationalpark Pinecreek Hills.<\/p>\n","protected":false},"author":37,"featured_media":61462,"comment_status":"open","ping_status":"closed","template":"","meta":{"_acf_changed":false,"inline_featured_image":false},"product_brand":[],"product_cat":[164],"product_tag":[289],"class_list":{"0":"post-139367","1":"product","2":"type-product","3":"status-publish","4":"has-post-thumbnail","6":"product_cat-hidden-object-de","7":"product_tag-play-on-pc-de","9":"first","10":"instock","11":"shipping-taxable","12":"purchasable","13":"product-type-simple"},"acf":[],"yoast_head":"<!-- This site is optimized with the Yoast SEO Premium plugin v25.2 (Yoast SEO v25.2) - https:\/\/yoast.com\/wordpress\/plugins\/seo\/ -->\n<title>Vacation Adventures: Park Ranger 2 - Erkunde den Pinecreek Hills Nationalpark in einem neuen Abenteuer<\/title>\n<meta name=\"description\" content=\"Ein weiteres fantastisches Abenteuer im erstaunlichen Nationalpark Pinecreek Hills.\" \/>\n<meta name=\"robots\" content=\"index, follow, max-snippet:-1, max-image-preview:large, max-video-preview:-1\" \/>\n<link rel=\"canonical\" href=\"https:\/\/www.iplay.com\/de\/games\/vacation-adventures-park-ranger-2\/\" \/>\n<meta property=\"og:locale\" content=\"de_DE\" \/>\n<meta property=\"og:type\" content=\"article\" \/>\n<meta property=\"og:title\" content=\"Vacation Adventures: Park Ranger 2\" \/>\n<meta property=\"og:description\" content=\"Ein weiteres fantastisches Abenteuer im erstaunlichen Nationalpark Pinecreek Hills.\" \/>\n<meta property=\"og:url\" content=\"https:\/\/www.iplay.com\/de\/games\/vacation-adventures-park-ranger-2\/\" \/>\n<meta property=\"og:site_name\" content=\"IPlay\" \/>\n<meta property=\"og:image\" content=\"https:\/\/www.iplay.com\/wp-content\/uploads\/2023\/12\/large_square_tile_image-1324.jpg\" \/>\n\t<meta property=\"og:image:width\" content=\"310\" \/>\n\t<meta property=\"og:image:height\" content=\"310\" \/>\n\t<meta property=\"og:image:type\" content=\"image\/jpeg\" \/>\n<meta name=\"twitter:card\" content=\"summary_large_image\" \/>\n<meta name=\"twitter:label1\" content=\"Gesch\u00e4tzte Lesezeit\" \/>\n\t<meta name=\"twitter:data1\" content=\"1 Minute\" \/>\n<script type=\"application\/ld+json\" class=\"yoast-schema-graph\">{\"@context\":\"https:\/\/schema.org\",\"@graph\":[{\"@type\":\"WebPage\",\"@id\":\"https:\/\/www.iplay.com\/de\/games\/vacation-adventures-park-ranger-2\/\",\"url\":\"https:\/\/www.iplay.com\/de\/games\/vacation-adventures-park-ranger-2\/\",\"name\":\"Vacation Adventures: Park Ranger 2 - Erkunde den Pinecreek Hills Nationalpark in einem neuen Abenteuer\",\"isPartOf\":{\"@id\":\"https:\/\/www.iplay.com\/en\/#website\"},\"primaryImageOfPage\":{\"@id\":\"https:\/\/www.iplay.com\/de\/games\/vacation-adventures-park-ranger-2\/#primaryimage\"},\"image\":{\"@id\":\"https:\/\/www.iplay.com\/de\/games\/vacation-adventures-park-ranger-2\/#primaryimage\"},\"thumbnailUrl\":\"https:\/\/www.iplay.com\/wp-content\/uploads\/2023\/12\/large_square_tile_image-1324.jpg\",\"datePublished\":\"2014-04-07T00:00:00+00:00\",\"description\":\"Ein weiteres fantastisches Abenteuer im erstaunlichen Nationalpark Pinecreek Hills.\",\"breadcrumb\":{\"@id\":\"https:\/\/www.iplay.com\/de\/games\/vacation-adventures-park-ranger-2\/#breadcrumb\"},\"inLanguage\":\"de-DE\",\"potentialAction\":[{\"@type\":\"ReadAction\",\"target\":[\"https:\/\/www.iplay.com\/de\/games\/vacation-adventures-park-ranger-2\/\"]}]},{\"@type\":\"ImageObject\",\"inLanguage\":\"de-DE\",\"@id\":\"https:\/\/www.iplay.com\/de\/games\/vacation-adventures-park-ranger-2\/#primaryimage\",\"url\":\"https:\/\/www.iplay.com\/wp-content\/uploads\/2023\/12\/large_square_tile_image-1324.jpg\",\"contentUrl\":\"https:\/\/www.iplay.com\/wp-content\/uploads\/2023\/12\/large_square_tile_image-1324.jpg\",\"width\":310,\"height\":310},{\"@type\":\"BreadcrumbList\",\"@id\":\"https:\/\/www.iplay.com\/de\/games\/vacation-adventures-park-ranger-2\/#breadcrumb\",\"itemListElement\":[{\"@type\":\"ListItem\",\"position\":1,\"name\":\"Home\",\"item\":\"https:\/\/www.iplay.com\/de\/home-page-2\/\"},{\"@type\":\"ListItem\",\"position\":2,\"name\":\"Shop\",\"item\":\"https:\/\/www.iplay.com\/en\/shop\/\"},{\"@type\":\"ListItem\",\"position\":3,\"name\":\"Vacation Adventures: Park Ranger 2\"}]},{\"@type\":\"WebSite\",\"@id\":\"https:\/\/www.iplay.com\/en\/#website\",\"url\":\"https:\/\/www.iplay.com\/en\/\",\"name\":\"IPlay\",\"description\":\"The Best Casual Games!\",\"publisher\":{\"@id\":\"https:\/\/www.iplay.com\/en\/#organization\"},\"potentialAction\":[{\"@type\":\"SearchAction\",\"target\":{\"@type\":\"EntryPoint\",\"urlTemplate\":\"https:\/\/www.iplay.com\/en\/?s={search_term_string}\"},\"query-input\":{\"@type\":\"PropertyValueSpecification\",\"valueRequired\":true,\"valueName\":\"search_term_string\"}}],\"inLanguage\":\"de-DE\"},{\"@type\":\"Organization\",\"@id\":\"https:\/\/www.iplay.com\/en\/#organization\",\"name\":\"IPlay\",\"url\":\"https:\/\/www.iplay.com\/en\/\",\"logo\":{\"@type\":\"ImageObject\",\"inLanguage\":\"de-DE\",\"@id\":\"https:\/\/www.iplay.com\/en\/#\/schema\/logo\/image\/\",\"url\":\"https:\/\/www.iplay.com\/wp-content\/uploads\/2023\/11\/Group-6100.svg\",\"contentUrl\":\"https:\/\/www.iplay.com\/wp-content\/uploads\/2023\/11\/Group-6100.svg\",\"width\":98,\"height\":25,\"caption\":\"IPlay\"},\"image\":{\"@id\":\"https:\/\/www.iplay.com\/en\/#\/schema\/logo\/image\/\"}}]}<\/script>\n<!-- \/ Yoast SEO Premium plugin. -->","yoast_head_json":{"title":"Vacation Adventures: Park Ranger 2 - Erkunde den Pinecreek Hills Nationalpark in einem neuen Abenteuer","description":"Ein weiteres fantastisches Abenteuer im erstaunlichen Nationalpark Pinecreek Hills.","robots":{"index":"index","follow":"follow","max-snippet":"max-snippet:-1","max-image-preview":"max-image-preview:large","max-video-preview":"max-video-preview:-1"},"canonical":"https:\/\/www.iplay.com\/de\/games\/vacation-adventures-park-ranger-2\/","og_locale":"de_DE","og_type":"article","og_title":"Vacation Adventures: Park Ranger 2","og_description":"Ein weiteres fantastisches Abenteuer im erstaunlichen Nationalpark Pinecreek Hills.","og_url":"https:\/\/www.iplay.com\/de\/games\/vacation-adventures-park-ranger-2\/","og_site_name":"IPlay","og_image":[{"width":310,"height":310,"url":"https:\/\/www.iplay.com\/wp-content\/uploads\/2023\/12\/large_square_tile_image-1324.jpg","type":"image\/jpeg"}],"twitter_card":"summary_large_image","twitter_misc":{"Gesch\u00e4tzte Lesezeit":"1 Minute"},"schema":{"@context":"https:\/\/schema.org","@graph":[{"@type":"WebPage","@id":"https:\/\/www.iplay.com\/de\/games\/vacation-adventures-park-ranger-2\/","url":"https:\/\/www.iplay.com\/de\/games\/vacation-adventures-park-ranger-2\/","name":"Vacation Adventures: Park Ranger 2 - Erkunde den Pinecreek Hills Nationalpark in einem neuen Abenteuer","isPartOf":{"@id":"https:\/\/www.iplay.com\/en\/#website"},"primaryImageOfPage":{"@id":"https:\/\/www.iplay.com\/de\/games\/vacation-adventures-park-ranger-2\/#primaryimage"},"image":{"@id":"https:\/\/www.iplay.com\/de\/games\/vacation-adventures-park-ranger-2\/#primaryimage"},"thumbnailUrl":"https:\/\/www.iplay.com\/wp-content\/uploads\/2023\/12\/large_square_tile_image-1324.jpg","datePublished":"2014-04-07T00:00:00+00:00","description":"Ein weiteres fantastisches Abenteuer im erstaunlichen Nationalpark Pinecreek Hills.","breadcrumb":{"@id":"https:\/\/www.iplay.com\/de\/games\/vacation-adventures-park-ranger-2\/#breadcrumb"},"inLanguage":"de-DE","potentialAction":[{"@type":"ReadAction","target":["https:\/\/www.iplay.com\/de\/games\/vacation-adventures-park-ranger-2\/"]}]},{"@type":"ImageObject","inLanguage":"de-DE","@id":"https:\/\/www.iplay.com\/de\/games\/vacation-adventures-park-ranger-2\/#primaryimage","url":"https:\/\/www.iplay.com\/wp-content\/uploads\/2023\/12\/large_square_tile_image-1324.jpg","contentUrl":"https:\/\/www.iplay.com\/wp-content\/uploads\/2023\/12\/large_square_tile_image-1324.jpg","width":310,"height":310},{"@type":"BreadcrumbList","@id":"https:\/\/www.iplay.com\/de\/games\/vacation-adventures-park-ranger-2\/#breadcrumb","itemListElement":[{"@type":"ListItem","position":1,"name":"Home","item":"https:\/\/www.iplay.com\/de\/home-page-2\/"},{"@type":"ListItem","position":2,"name":"Shop","item":"https:\/\/www.iplay.com\/en\/shop\/"},{"@type":"ListItem","position":3,"name":"Vacation Adventures: Park Ranger 2"}]},{"@type":"WebSite","@id":"https:\/\/www.iplay.com\/en\/#website","url":"https:\/\/www.iplay.com\/en\/","name":"IPlay","description":"The Best Casual Games!","publisher":{"@id":"https:\/\/www.iplay.com\/en\/#organization"},"potentialAction":[{"@type":"SearchAction","target":{"@type":"EntryPoint","urlTemplate":"https:\/\/www.iplay.com\/en\/?s={search_term_string}"},"query-input":{"@type":"PropertyValueSpecification","valueRequired":true,"valueName":"search_term_string"}}],"inLanguage":"de-DE"},{"@type":"Organization","@id":"https:\/\/www.iplay.com\/en\/#organization","name":"IPlay","url":"https:\/\/www.iplay.com\/en\/","logo":{"@type":"ImageObject","inLanguage":"de-DE","@id":"https:\/\/www.iplay.com\/en\/#\/schema\/logo\/image\/","url":"https:\/\/www.iplay.com\/wp-content\/uploads\/2023\/11\/Group-6100.svg","contentUrl":"https:\/\/www.iplay.com\/wp-content\/uploads\/2023\/11\/Group-6100.svg","width":98,"height":25,"caption":"IPlay"},"image":{"@id":"https:\/\/www.iplay.com\/en\/#\/schema\/logo\/image\/"}}]}},"_links":{"self":[{"href":"https:\/\/www.iplay.com\/de\/wp-json\/wp\/v2\/product\/139367","targetHints":{"allow":["GET"]}}],"collection":[{"href":"https:\/\/www.iplay.com\/de\/wp-json\/wp\/v2\/product"}],"about":[{"href":"https:\/\/www.iplay.com\/de\/wp-json\/wp\/v2\/types\/product"}],"author":[{"embeddable":true,"href":"https:\/\/www.iplay.com\/de\/wp-json\/wp\/v2\/users\/37"}],"replies":[{"embeddable":true,"href":"https:\/\/www.iplay.com\/de\/wp-json\/wp\/v2\/comments?post=139367"}],"wp:featuredmedia":[{"embeddable":true,"href":"https:\/\/www.iplay.com\/de\/wp-json\/wp\/v2\/media\/61462"}],"wp:attachment":[{"href":"https:\/\/www.iplay.com\/de\/wp-json\/wp\/v2\/media?parent=139367"}],"wp:term":[{"taxonomy":"product_brand","embeddable":true,"href":"https:\/\/www.iplay.com\/de\/wp-json\/wp\/v2\/product_brand?post=139367"},{"taxonomy":"product_cat","embeddable":true,"href":"https:\/\/www.iplay.com\/de\/wp-json\/wp\/v2\/product_cat?post=139367"},{"taxonomy":"product_tag","embeddable":true,"href":"https:\/\/www.iplay.com\/de\/wp-json\/wp\/v2\/product_tag?post=139367"}],"curies":[{"name":"wp","href":"https:\/\/api.w.org\/{rel}","templated":true}]}}