{"id":139327,"date":"2013-10-12T00:00:00","date_gmt":"2013-10-12T00:00:00","guid":{"rendered":"https:\/\/www.iplay.com\/games\/dream-vacation-solitaire\/"},"modified":"2013-10-12T00:00:00","modified_gmt":"2013-10-12T00:00:00","slug":"dream-vacation-solitaire","status":"publish","type":"product","link":"https:\/\/www.iplay.com\/de\/games\/dream-vacation-solitaire\/","title":{"rendered":"Dream Vacation Solitaire"},"content":{"rendered":"<p>Nehmen Sie Ihren Traumurlaub und segeln Sie von einem wundersch\u00f6nen Ort zum n\u00e4chsten, w\u00e4hrend Sie Solit\u00e4r um Punkte und Preise spielen. Interaktive Tutorials bieten Ihnen einen Auffrischungskurs zu alten Favoriten wie Klondike und FreeCell und zeigen, wie Sie Spiele spielen k\u00f6nnen, die Sie vielleicht noch nicht gesehen haben. Dream Vacation Solitaire bietet \u00fcber 30 Spiele, darunter Sea Towers, Grandfather, Old Clock, Scorpion, Big Forty, Easthaven und Blind Alleys. Durch das Erstellen von Kombinationen und Kombinationen erh\u00e4ltst du Zugang zu Power-Moves, mit denen du die Bretter leichter r\u00e4umen kannst. Und wenn du gut genug abschneidest, verdienst du Medaillen, Troph\u00e4en und sogar neue Yachten, um zum n\u00e4chsten Urlaubsparadies zu segeln!    <\/p>\n<p>&nbsp;<\/p>\n<p>&nbsp;<\/p>\n<p><strong>Funktionen:<\/strong><\/p>\n<p>&nbsp;<\/p>\n<p>-35 Levels in 5 Umgebungen von Bora-Bora \u00fcber Barbados bis hin zu Monaco-Bonus-Kr\u00e4fte<br \/>\n lassen dich Karten entfernen, Reihen mischen, blinde Karten sehen und vieles mehr-Story<br \/>\n&#8211; und Classic-Modi, jeweils mit Top-10-Punktelisten-Tipp<br \/>\n&#8211; und R\u00fcckg\u00e4ngig-Tasten helfen dir, dein Bestes<br \/>\n zu geben-Wundersch\u00f6ne Orte mit beruhigender Musik und animierten Hintergr\u00fcnden<\/p>\n","protected":false},"excerpt":{"rendered":"<p>Spielen Sie Solit\u00e4r, um Punkte und Belohnungen zu sammeln, w\u00e4hrend Sie von Ihrem idealen Kurzurlaub tr\u00e4umen!<\/p>\n","protected":false},"author":4,"featured_media":53062,"comment_status":"open","ping_status":"closed","template":"","meta":{"_acf_changed":false,"inline_featured_image":false},"product_brand":[],"product_cat":[157,206],"product_tag":[289],"class_list":{"0":"post-139327","1":"product","2":"type-product","3":"status-publish","4":"has-post-thumbnail","6":"product_cat-card-de-2","7":"product_cat-solitaire-de","8":"product_tag-play-on-pc-de","10":"first","11":"instock","12":"shipping-taxable","13":"purchasable","14":"product-type-simple"},"acf":[],"yoast_head":"<!-- This site is optimized with the Yoast SEO Premium plugin v25.2 (Yoast SEO v25.2) - https:\/\/yoast.com\/wordpress\/plugins\/seo\/ -->\n<title>Dream Vacation Solit\u00e4r - Lebe deinen Traumurlaub, spiele Solit\u00e4r um Punkte und Preise<\/title>\n<meta name=\"description\" content=\"Spielen Sie Solit\u00e4r, um Punkte und Belohnungen zu sammeln, w\u00e4hrend Sie von Ihrem idealen Kurzurlaub tr\u00e4umen!\" \/>\n<meta name=\"robots\" content=\"index, follow, max-snippet:-1, max-image-preview:large, max-video-preview:-1\" \/>\n<link rel=\"canonical\" href=\"https:\/\/www.iplay.com\/de\/games\/dream-vacation-solitaire\/\" \/>\n<meta property=\"og:locale\" content=\"de_DE\" \/>\n<meta property=\"og:type\" content=\"article\" \/>\n<meta property=\"og:title\" content=\"Dream Vacation Solitaire\" \/>\n<meta property=\"og:description\" content=\"Spielen Sie Solit\u00e4r, um Punkte und Belohnungen zu sammeln, w\u00e4hrend Sie von Ihrem idealen Kurzurlaub tr\u00e4umen!\" \/>\n<meta property=\"og:url\" content=\"https:\/\/www.iplay.com\/de\/games\/dream-vacation-solitaire\/\" \/>\n<meta property=\"og:site_name\" content=\"IPlay\" \/>\n<meta property=\"og:image\" content=\"https:\/\/www.iplay.com\/wp-content\/uploads\/2023\/12\/large_square_tile_image-781.jpg\" \/>\n\t<meta property=\"og:image:width\" content=\"310\" \/>\n\t<meta property=\"og:image:height\" content=\"310\" \/>\n\t<meta property=\"og:image:type\" content=\"image\/jpeg\" \/>\n<meta name=\"twitter:card\" content=\"summary_large_image\" \/>\n<meta name=\"twitter:label1\" content=\"Gesch\u00e4tzte Lesezeit\" \/>\n\t<meta name=\"twitter:data1\" content=\"1 Minute\" \/>\n<script type=\"application\/ld+json\" class=\"yoast-schema-graph\">{\"@context\":\"https:\/\/schema.org\",\"@graph\":[{\"@type\":\"WebPage\",\"@id\":\"https:\/\/www.iplay.com\/de\/games\/dream-vacation-solitaire\/\",\"url\":\"https:\/\/www.iplay.com\/de\/games\/dream-vacation-solitaire\/\",\"name\":\"Dream Vacation Solit\u00e4r - Lebe deinen Traumurlaub, spiele Solit\u00e4r um Punkte und Preise\",\"isPartOf\":{\"@id\":\"https:\/\/www.iplay.com\/en\/#website\"},\"primaryImageOfPage\":{\"@id\":\"https:\/\/www.iplay.com\/de\/games\/dream-vacation-solitaire\/#primaryimage\"},\"image\":{\"@id\":\"https:\/\/www.iplay.com\/de\/games\/dream-vacation-solitaire\/#primaryimage\"},\"thumbnailUrl\":\"https:\/\/www.iplay.com\/wp-content\/uploads\/2023\/12\/large_square_tile_image-781.jpg\",\"datePublished\":\"2013-10-12T00:00:00+00:00\",\"description\":\"Spielen Sie Solit\u00e4r, um Punkte und Belohnungen zu sammeln, w\u00e4hrend Sie von Ihrem idealen Kurzurlaub tr\u00e4umen!\",\"breadcrumb\":{\"@id\":\"https:\/\/www.iplay.com\/de\/games\/dream-vacation-solitaire\/#breadcrumb\"},\"inLanguage\":\"de-DE\",\"potentialAction\":[{\"@type\":\"ReadAction\",\"target\":[\"https:\/\/www.iplay.com\/de\/games\/dream-vacation-solitaire\/\"]}]},{\"@type\":\"ImageObject\",\"inLanguage\":\"de-DE\",\"@id\":\"https:\/\/www.iplay.com\/de\/games\/dream-vacation-solitaire\/#primaryimage\",\"url\":\"https:\/\/www.iplay.com\/wp-content\/uploads\/2023\/12\/large_square_tile_image-781.jpg\",\"contentUrl\":\"https:\/\/www.iplay.com\/wp-content\/uploads\/2023\/12\/large_square_tile_image-781.jpg\",\"width\":310,\"height\":310},{\"@type\":\"BreadcrumbList\",\"@id\":\"https:\/\/www.iplay.com\/de\/games\/dream-vacation-solitaire\/#breadcrumb\",\"itemListElement\":[{\"@type\":\"ListItem\",\"position\":1,\"name\":\"Home\",\"item\":\"https:\/\/www.iplay.com\/de\/home-page-2\/\"},{\"@type\":\"ListItem\",\"position\":2,\"name\":\"Shop\",\"item\":\"https:\/\/www.iplay.com\/en\/shop\/\"},{\"@type\":\"ListItem\",\"position\":3,\"name\":\"Dream Vacation Solitaire\"}]},{\"@type\":\"WebSite\",\"@id\":\"https:\/\/www.iplay.com\/en\/#website\",\"url\":\"https:\/\/www.iplay.com\/en\/\",\"name\":\"IPlay\",\"description\":\"The Best Casual Games!\",\"publisher\":{\"@id\":\"https:\/\/www.iplay.com\/en\/#organization\"},\"potentialAction\":[{\"@type\":\"SearchAction\",\"target\":{\"@type\":\"EntryPoint\",\"urlTemplate\":\"https:\/\/www.iplay.com\/en\/?s={search_term_string}\"},\"query-input\":{\"@type\":\"PropertyValueSpecification\",\"valueRequired\":true,\"valueName\":\"search_term_string\"}}],\"inLanguage\":\"de-DE\"},{\"@type\":\"Organization\",\"@id\":\"https:\/\/www.iplay.com\/en\/#organization\",\"name\":\"IPlay\",\"url\":\"https:\/\/www.iplay.com\/en\/\",\"logo\":{\"@type\":\"ImageObject\",\"inLanguage\":\"de-DE\",\"@id\":\"https:\/\/www.iplay.com\/en\/#\/schema\/logo\/image\/\",\"url\":\"https:\/\/www.iplay.com\/wp-content\/uploads\/2023\/11\/Group-6100.svg\",\"contentUrl\":\"https:\/\/www.iplay.com\/wp-content\/uploads\/2023\/11\/Group-6100.svg\",\"width\":98,\"height\":25,\"caption\":\"IPlay\"},\"image\":{\"@id\":\"https:\/\/www.iplay.com\/en\/#\/schema\/logo\/image\/\"}}]}<\/script>\n<!-- \/ Yoast SEO Premium plugin. -->","yoast_head_json":{"title":"Dream Vacation Solit\u00e4r - Lebe deinen Traumurlaub, spiele Solit\u00e4r um Punkte und Preise","description":"Spielen Sie Solit\u00e4r, um Punkte und Belohnungen zu sammeln, w\u00e4hrend Sie von Ihrem idealen Kurzurlaub tr\u00e4umen!","robots":{"index":"index","follow":"follow","max-snippet":"max-snippet:-1","max-image-preview":"max-image-preview:large","max-video-preview":"max-video-preview:-1"},"canonical":"https:\/\/www.iplay.com\/de\/games\/dream-vacation-solitaire\/","og_locale":"de_DE","og_type":"article","og_title":"Dream Vacation Solitaire","og_description":"Spielen Sie Solit\u00e4r, um Punkte und Belohnungen zu sammeln, w\u00e4hrend Sie von Ihrem idealen Kurzurlaub tr\u00e4umen!","og_url":"https:\/\/www.iplay.com\/de\/games\/dream-vacation-solitaire\/","og_site_name":"IPlay","og_image":[{"width":310,"height":310,"url":"https:\/\/www.iplay.com\/wp-content\/uploads\/2023\/12\/large_square_tile_image-781.jpg","type":"image\/jpeg"}],"twitter_card":"summary_large_image","twitter_misc":{"Gesch\u00e4tzte Lesezeit":"1 Minute"},"schema":{"@context":"https:\/\/schema.org","@graph":[{"@type":"WebPage","@id":"https:\/\/www.iplay.com\/de\/games\/dream-vacation-solitaire\/","url":"https:\/\/www.iplay.com\/de\/games\/dream-vacation-solitaire\/","name":"Dream Vacation Solit\u00e4r - Lebe deinen Traumurlaub, spiele Solit\u00e4r um Punkte und Preise","isPartOf":{"@id":"https:\/\/www.iplay.com\/en\/#website"},"primaryImageOfPage":{"@id":"https:\/\/www.iplay.com\/de\/games\/dream-vacation-solitaire\/#primaryimage"},"image":{"@id":"https:\/\/www.iplay.com\/de\/games\/dream-vacation-solitaire\/#primaryimage"},"thumbnailUrl":"https:\/\/www.iplay.com\/wp-content\/uploads\/2023\/12\/large_square_tile_image-781.jpg","datePublished":"2013-10-12T00:00:00+00:00","description":"Spielen Sie Solit\u00e4r, um Punkte und Belohnungen zu sammeln, w\u00e4hrend Sie von Ihrem idealen Kurzurlaub tr\u00e4umen!","breadcrumb":{"@id":"https:\/\/www.iplay.com\/de\/games\/dream-vacation-solitaire\/#breadcrumb"},"inLanguage":"de-DE","potentialAction":[{"@type":"ReadAction","target":["https:\/\/www.iplay.com\/de\/games\/dream-vacation-solitaire\/"]}]},{"@type":"ImageObject","inLanguage":"de-DE","@id":"https:\/\/www.iplay.com\/de\/games\/dream-vacation-solitaire\/#primaryimage","url":"https:\/\/www.iplay.com\/wp-content\/uploads\/2023\/12\/large_square_tile_image-781.jpg","contentUrl":"https:\/\/www.iplay.com\/wp-content\/uploads\/2023\/12\/large_square_tile_image-781.jpg","width":310,"height":310},{"@type":"BreadcrumbList","@id":"https:\/\/www.iplay.com\/de\/games\/dream-vacation-solitaire\/#breadcrumb","itemListElement":[{"@type":"ListItem","position":1,"name":"Home","item":"https:\/\/www.iplay.com\/de\/home-page-2\/"},{"@type":"ListItem","position":2,"name":"Shop","item":"https:\/\/www.iplay.com\/en\/shop\/"},{"@type":"ListItem","position":3,"name":"Dream Vacation Solitaire"}]},{"@type":"WebSite","@id":"https:\/\/www.iplay.com\/en\/#website","url":"https:\/\/www.iplay.com\/en\/","name":"IPlay","description":"The Best Casual Games!","publisher":{"@id":"https:\/\/www.iplay.com\/en\/#organization"},"potentialAction":[{"@type":"SearchAction","target":{"@type":"EntryPoint","urlTemplate":"https:\/\/www.iplay.com\/en\/?s={search_term_string}"},"query-input":{"@type":"PropertyValueSpecification","valueRequired":true,"valueName":"search_term_string"}}],"inLanguage":"de-DE"},{"@type":"Organization","@id":"https:\/\/www.iplay.com\/en\/#organization","name":"IPlay","url":"https:\/\/www.iplay.com\/en\/","logo":{"@type":"ImageObject","inLanguage":"de-DE","@id":"https:\/\/www.iplay.com\/en\/#\/schema\/logo\/image\/","url":"https:\/\/www.iplay.com\/wp-content\/uploads\/2023\/11\/Group-6100.svg","contentUrl":"https:\/\/www.iplay.com\/wp-content\/uploads\/2023\/11\/Group-6100.svg","width":98,"height":25,"caption":"IPlay"},"image":{"@id":"https:\/\/www.iplay.com\/en\/#\/schema\/logo\/image\/"}}]}},"_links":{"self":[{"href":"https:\/\/www.iplay.com\/de\/wp-json\/wp\/v2\/product\/139327","targetHints":{"allow":["GET"]}}],"collection":[{"href":"https:\/\/www.iplay.com\/de\/wp-json\/wp\/v2\/product"}],"about":[{"href":"https:\/\/www.iplay.com\/de\/wp-json\/wp\/v2\/types\/product"}],"author":[{"embeddable":true,"href":"https:\/\/www.iplay.com\/de\/wp-json\/wp\/v2\/users\/4"}],"replies":[{"embeddable":true,"href":"https:\/\/www.iplay.com\/de\/wp-json\/wp\/v2\/comments?post=139327"}],"wp:featuredmedia":[{"embeddable":true,"href":"https:\/\/www.iplay.com\/de\/wp-json\/wp\/v2\/media\/53062"}],"wp:attachment":[{"href":"https:\/\/www.iplay.com\/de\/wp-json\/wp\/v2\/media?parent=139327"}],"wp:term":[{"taxonomy":"product_brand","embeddable":true,"href":"https:\/\/www.iplay.com\/de\/wp-json\/wp\/v2\/product_brand?post=139327"},{"taxonomy":"product_cat","embeddable":true,"href":"https:\/\/www.iplay.com\/de\/wp-json\/wp\/v2\/product_cat?post=139327"},{"taxonomy":"product_tag","embeddable":true,"href":"https:\/\/www.iplay.com\/de\/wp-json\/wp\/v2\/product_tag?post=139327"}],"curies":[{"name":"wp","href":"https:\/\/api.w.org\/{rel}","templated":true}]}}