{"id":139303,"date":"2020-03-09T00:00:00","date_gmt":"2020-03-09T00:00:00","guid":{"rendered":"https:\/\/www.iplay.com\/games\/puzzle-pieces-sweet-times\/"},"modified":"2020-03-09T00:00:00","modified_gmt":"2020-03-09T00:00:00","slug":"puzzle-pieces-sweet-times","status":"publish","type":"product","link":"https:\/\/www.iplay.com\/de\/games\/puzzle-pieces-sweet-times\/","title":{"rendered":"Puzzle Pieces: Sweet Times"},"content":{"rendered":"<p>Ein brandneues, charmantes Puzzle mit vielen wunderbaren Funktionen! Tauchen Sie ein in die gem\u00fctliche, einladende Atmosph\u00e4re mit den sch\u00f6nsten Bildern, die je aufgenommen wurden! Der Herbst, ferne L\u00e4nder, dein Haus und eine F\u00fclle lebendiger Erinnerungen sind bereit, mit dir zusammengetragen zu werden. Erstellen Sie Ihre eigene Zusammenstellung entz\u00fcckender Erinnerungen!   <\/p>\n<p>&nbsp;<\/p>\n<p>&nbsp;<\/p>\n<p><strong>Funktionen:<\/strong><\/p>\n<p>&nbsp;<\/p>\n<p>&#8211; 7 Spielmodi, 8 Kapitel, mit zus\u00e4tzlichen Levels in jedem Kapitel<br \/>\n&#8211; Neue Funktionen: Auto-Solve und zuf\u00e4llige Teile<br \/>\n&#8211; Anpassbarer Schwierigkeitsgrad, von einfach bis unglaublich<br \/>\n&#8211; Hilfreiche Hinweise und Boni f\u00fcr cleveres L\u00f6sen<br \/>\n&#8211; Jeden Tag<br \/>\n erstaunliche Belohnungen- \u00dcber 440 farbenfrohe HD-Levels<br \/>\n&#8211; Fesselnde t\u00e4gliche R\u00e4tsel-<br \/>\n Beruhigender Soundtrack<br \/>\n&#8211; Speichern Sie Levels als HD-Hintergrundbilder f\u00fcr den Desktop<\/p>\n","protected":false},"excerpt":{"rendered":"<p>Puzzle Pieces: Sweet Times hat die sch\u00f6nsten Puzzles, die Sie von innen warm und bequem halten.<\/p>\n","protected":false},"author":137,"featured_media":91461,"comment_status":"open","ping_status":"closed","template":"","meta":{"_acf_changed":false,"inline_featured_image":false},"product_brand":[],"product_cat":[194],"product_tag":[],"class_list":{"0":"post-139303","1":"product","2":"type-product","3":"status-publish","4":"has-post-thumbnail","6":"product_cat-puzzle-de","8":"first","9":"instock","10":"shipping-taxable","11":"purchasable","12":"product-type-simple"},"acf":[],"yoast_head":"<!-- This site is optimized with the Yoast SEO Premium plugin v25.2 (Yoast SEO v25.2) - https:\/\/yoast.com\/wordpress\/plugins\/seo\/ -->\n<title>Puzzle Pieces: Sweet Times - Gem\u00fctliche Puzzles<\/title>\n<meta name=\"description\" content=\"Puzzle Pieces: Sweet Times hat die sch\u00f6nsten Puzzles, die Sie von innen warm und bequem halten.\" \/>\n<meta name=\"robots\" content=\"index, follow, max-snippet:-1, max-image-preview:large, max-video-preview:-1\" \/>\n<link rel=\"canonical\" href=\"https:\/\/www.iplay.com\/de\/games\/puzzle-pieces-sweet-times\/\" \/>\n<meta property=\"og:locale\" content=\"de_DE\" \/>\n<meta property=\"og:type\" content=\"article\" \/>\n<meta property=\"og:title\" content=\"Puzzle Pieces: Sweet Times\" \/>\n<meta property=\"og:description\" content=\"Puzzle Pieces: Sweet Times hat die sch\u00f6nsten Puzzles, die Sie von innen warm und bequem halten.\" \/>\n<meta property=\"og:url\" content=\"https:\/\/www.iplay.com\/de\/games\/puzzle-pieces-sweet-times\/\" \/>\n<meta property=\"og:site_name\" content=\"IPlay\" \/>\n<meta property=\"og:image\" content=\"https:\/\/www.iplay.com\/wp-content\/uploads\/2023\/12\/large_square_tile_image-3231.jpg\" \/>\n\t<meta property=\"og:image:width\" content=\"310\" \/>\n\t<meta property=\"og:image:height\" content=\"310\" \/>\n\t<meta property=\"og:image:type\" content=\"image\/jpeg\" \/>\n<meta name=\"twitter:card\" content=\"summary_large_image\" \/>\n<meta name=\"twitter:label1\" content=\"Gesch\u00e4tzte Lesezeit\" \/>\n\t<meta name=\"twitter:data1\" content=\"1 Minute\" \/>\n<script type=\"application\/ld+json\" class=\"yoast-schema-graph\">{\"@context\":\"https:\/\/schema.org\",\"@graph\":[{\"@type\":\"WebPage\",\"@id\":\"https:\/\/www.iplay.com\/de\/games\/puzzle-pieces-sweet-times\/\",\"url\":\"https:\/\/www.iplay.com\/de\/games\/puzzle-pieces-sweet-times\/\",\"name\":\"Puzzle Pieces: Sweet Times - Gem\u00fctliche Puzzles\",\"isPartOf\":{\"@id\":\"https:\/\/www.iplay.com\/en\/#website\"},\"primaryImageOfPage\":{\"@id\":\"https:\/\/www.iplay.com\/de\/games\/puzzle-pieces-sweet-times\/#primaryimage\"},\"image\":{\"@id\":\"https:\/\/www.iplay.com\/de\/games\/puzzle-pieces-sweet-times\/#primaryimage\"},\"thumbnailUrl\":\"https:\/\/www.iplay.com\/wp-content\/uploads\/2023\/12\/large_square_tile_image-3231.jpg\",\"datePublished\":\"2020-03-09T00:00:00+00:00\",\"description\":\"Puzzle Pieces: Sweet Times hat die sch\u00f6nsten Puzzles, die Sie von innen warm und bequem halten.\",\"breadcrumb\":{\"@id\":\"https:\/\/www.iplay.com\/de\/games\/puzzle-pieces-sweet-times\/#breadcrumb\"},\"inLanguage\":\"de-DE\",\"potentialAction\":[{\"@type\":\"ReadAction\",\"target\":[\"https:\/\/www.iplay.com\/de\/games\/puzzle-pieces-sweet-times\/\"]}]},{\"@type\":\"ImageObject\",\"inLanguage\":\"de-DE\",\"@id\":\"https:\/\/www.iplay.com\/de\/games\/puzzle-pieces-sweet-times\/#primaryimage\",\"url\":\"https:\/\/www.iplay.com\/wp-content\/uploads\/2023\/12\/large_square_tile_image-3231.jpg\",\"contentUrl\":\"https:\/\/www.iplay.com\/wp-content\/uploads\/2023\/12\/large_square_tile_image-3231.jpg\",\"width\":310,\"height\":310},{\"@type\":\"BreadcrumbList\",\"@id\":\"https:\/\/www.iplay.com\/de\/games\/puzzle-pieces-sweet-times\/#breadcrumb\",\"itemListElement\":[{\"@type\":\"ListItem\",\"position\":1,\"name\":\"Home\",\"item\":\"https:\/\/www.iplay.com\/de\/home-page-2\/\"},{\"@type\":\"ListItem\",\"position\":2,\"name\":\"Shop\",\"item\":\"https:\/\/www.iplay.com\/en\/shop\/\"},{\"@type\":\"ListItem\",\"position\":3,\"name\":\"Puzzle Pieces: Sweet Times\"}]},{\"@type\":\"WebSite\",\"@id\":\"https:\/\/www.iplay.com\/en\/#website\",\"url\":\"https:\/\/www.iplay.com\/en\/\",\"name\":\"IPlay\",\"description\":\"The Best Casual Games!\",\"publisher\":{\"@id\":\"https:\/\/www.iplay.com\/en\/#organization\"},\"potentialAction\":[{\"@type\":\"SearchAction\",\"target\":{\"@type\":\"EntryPoint\",\"urlTemplate\":\"https:\/\/www.iplay.com\/en\/?s={search_term_string}\"},\"query-input\":{\"@type\":\"PropertyValueSpecification\",\"valueRequired\":true,\"valueName\":\"search_term_string\"}}],\"inLanguage\":\"de-DE\"},{\"@type\":\"Organization\",\"@id\":\"https:\/\/www.iplay.com\/en\/#organization\",\"name\":\"IPlay\",\"url\":\"https:\/\/www.iplay.com\/en\/\",\"logo\":{\"@type\":\"ImageObject\",\"inLanguage\":\"de-DE\",\"@id\":\"https:\/\/www.iplay.com\/en\/#\/schema\/logo\/image\/\",\"url\":\"https:\/\/www.iplay.com\/wp-content\/uploads\/2023\/11\/Group-6100.svg\",\"contentUrl\":\"https:\/\/www.iplay.com\/wp-content\/uploads\/2023\/11\/Group-6100.svg\",\"width\":98,\"height\":25,\"caption\":\"IPlay\"},\"image\":{\"@id\":\"https:\/\/www.iplay.com\/en\/#\/schema\/logo\/image\/\"}}]}<\/script>\n<!-- \/ Yoast SEO Premium plugin. -->","yoast_head_json":{"title":"Puzzle Pieces: Sweet Times - Gem\u00fctliche Puzzles","description":"Puzzle Pieces: Sweet Times hat die sch\u00f6nsten Puzzles, die Sie von innen warm und bequem halten.","robots":{"index":"index","follow":"follow","max-snippet":"max-snippet:-1","max-image-preview":"max-image-preview:large","max-video-preview":"max-video-preview:-1"},"canonical":"https:\/\/www.iplay.com\/de\/games\/puzzle-pieces-sweet-times\/","og_locale":"de_DE","og_type":"article","og_title":"Puzzle Pieces: Sweet Times","og_description":"Puzzle Pieces: Sweet Times hat die sch\u00f6nsten Puzzles, die Sie von innen warm und bequem halten.","og_url":"https:\/\/www.iplay.com\/de\/games\/puzzle-pieces-sweet-times\/","og_site_name":"IPlay","og_image":[{"width":310,"height":310,"url":"https:\/\/www.iplay.com\/wp-content\/uploads\/2023\/12\/large_square_tile_image-3231.jpg","type":"image\/jpeg"}],"twitter_card":"summary_large_image","twitter_misc":{"Gesch\u00e4tzte Lesezeit":"1 Minute"},"schema":{"@context":"https:\/\/schema.org","@graph":[{"@type":"WebPage","@id":"https:\/\/www.iplay.com\/de\/games\/puzzle-pieces-sweet-times\/","url":"https:\/\/www.iplay.com\/de\/games\/puzzle-pieces-sweet-times\/","name":"Puzzle Pieces: Sweet Times - Gem\u00fctliche Puzzles","isPartOf":{"@id":"https:\/\/www.iplay.com\/en\/#website"},"primaryImageOfPage":{"@id":"https:\/\/www.iplay.com\/de\/games\/puzzle-pieces-sweet-times\/#primaryimage"},"image":{"@id":"https:\/\/www.iplay.com\/de\/games\/puzzle-pieces-sweet-times\/#primaryimage"},"thumbnailUrl":"https:\/\/www.iplay.com\/wp-content\/uploads\/2023\/12\/large_square_tile_image-3231.jpg","datePublished":"2020-03-09T00:00:00+00:00","description":"Puzzle Pieces: Sweet Times hat die sch\u00f6nsten Puzzles, die Sie von innen warm und bequem halten.","breadcrumb":{"@id":"https:\/\/www.iplay.com\/de\/games\/puzzle-pieces-sweet-times\/#breadcrumb"},"inLanguage":"de-DE","potentialAction":[{"@type":"ReadAction","target":["https:\/\/www.iplay.com\/de\/games\/puzzle-pieces-sweet-times\/"]}]},{"@type":"ImageObject","inLanguage":"de-DE","@id":"https:\/\/www.iplay.com\/de\/games\/puzzle-pieces-sweet-times\/#primaryimage","url":"https:\/\/www.iplay.com\/wp-content\/uploads\/2023\/12\/large_square_tile_image-3231.jpg","contentUrl":"https:\/\/www.iplay.com\/wp-content\/uploads\/2023\/12\/large_square_tile_image-3231.jpg","width":310,"height":310},{"@type":"BreadcrumbList","@id":"https:\/\/www.iplay.com\/de\/games\/puzzle-pieces-sweet-times\/#breadcrumb","itemListElement":[{"@type":"ListItem","position":1,"name":"Home","item":"https:\/\/www.iplay.com\/de\/home-page-2\/"},{"@type":"ListItem","position":2,"name":"Shop","item":"https:\/\/www.iplay.com\/en\/shop\/"},{"@type":"ListItem","position":3,"name":"Puzzle Pieces: Sweet Times"}]},{"@type":"WebSite","@id":"https:\/\/www.iplay.com\/en\/#website","url":"https:\/\/www.iplay.com\/en\/","name":"IPlay","description":"The Best Casual Games!","publisher":{"@id":"https:\/\/www.iplay.com\/en\/#organization"},"potentialAction":[{"@type":"SearchAction","target":{"@type":"EntryPoint","urlTemplate":"https:\/\/www.iplay.com\/en\/?s={search_term_string}"},"query-input":{"@type":"PropertyValueSpecification","valueRequired":true,"valueName":"search_term_string"}}],"inLanguage":"de-DE"},{"@type":"Organization","@id":"https:\/\/www.iplay.com\/en\/#organization","name":"IPlay","url":"https:\/\/www.iplay.com\/en\/","logo":{"@type":"ImageObject","inLanguage":"de-DE","@id":"https:\/\/www.iplay.com\/en\/#\/schema\/logo\/image\/","url":"https:\/\/www.iplay.com\/wp-content\/uploads\/2023\/11\/Group-6100.svg","contentUrl":"https:\/\/www.iplay.com\/wp-content\/uploads\/2023\/11\/Group-6100.svg","width":98,"height":25,"caption":"IPlay"},"image":{"@id":"https:\/\/www.iplay.com\/en\/#\/schema\/logo\/image\/"}}]}},"_links":{"self":[{"href":"https:\/\/www.iplay.com\/de\/wp-json\/wp\/v2\/product\/139303","targetHints":{"allow":["GET"]}}],"collection":[{"href":"https:\/\/www.iplay.com\/de\/wp-json\/wp\/v2\/product"}],"about":[{"href":"https:\/\/www.iplay.com\/de\/wp-json\/wp\/v2\/types\/product"}],"author":[{"embeddable":true,"href":"https:\/\/www.iplay.com\/de\/wp-json\/wp\/v2\/users\/137"}],"replies":[{"embeddable":true,"href":"https:\/\/www.iplay.com\/de\/wp-json\/wp\/v2\/comments?post=139303"}],"wp:featuredmedia":[{"embeddable":true,"href":"https:\/\/www.iplay.com\/de\/wp-json\/wp\/v2\/media\/91461"}],"wp:attachment":[{"href":"https:\/\/www.iplay.com\/de\/wp-json\/wp\/v2\/media?parent=139303"}],"wp:term":[{"taxonomy":"product_brand","embeddable":true,"href":"https:\/\/www.iplay.com\/de\/wp-json\/wp\/v2\/product_brand?post=139303"},{"taxonomy":"product_cat","embeddable":true,"href":"https:\/\/www.iplay.com\/de\/wp-json\/wp\/v2\/product_cat?post=139303"},{"taxonomy":"product_tag","embeddable":true,"href":"https:\/\/www.iplay.com\/de\/wp-json\/wp\/v2\/product_tag?post=139303"}],"curies":[{"name":"wp","href":"https:\/\/api.w.org\/{rel}","templated":true}]}}