{"id":139277,"date":"2020-01-27T00:00:00","date_gmt":"2020-01-27T00:00:00","guid":{"rendered":"https:\/\/www.iplay.com\/games\/lantern-of-worlds-the-first-quest\/"},"modified":"2020-01-27T00:00:00","modified_gmt":"2020-01-27T00:00:00","slug":"lantern-of-worlds-the-first-quest","status":"publish","type":"product","link":"https:\/\/www.iplay.com\/de\/games\/lantern-of-worlds-the-first-quest\/","title":{"rendered":"Lantern of Worlds &#8211; The First Quest"},"content":{"rendered":"<p>als k\u00f6niglicher Entdecker von K\u00f6nig Waldemar von Idunia. Ihr seid in diplomatischer Mission an die H\u00f6fe von Sultan Mehmet dem Pr\u00e4chtigen entsandt worden. Dunkle M\u00e4chte planen jedoch deinen Untergang, w\u00e4hrend du dorthin reist, und lassen dich in einem kleinen Rettungsboot mitten auf dem Ozean zur\u00fcck, mit nichts als deiner List und deinem Lebenswillen. Zum Gl\u00fcck bemerken Sie in der Ferne eine ferne Insel, eine einsame Insel voller Abenteuer! Im Laufe deiner Abenteuer wirst du jedoch feststellen, dass enorme Dinge geschehen sind und dass du eine bedeutende Rolle bei der Erl\u00f6sung der Welt oder beim Untergang des K\u00f6nigreichs Idunia spielen musst!    <\/p>\n<p>&nbsp;<\/p>\n<p>&nbsp;<\/p>\n<p><strong>Funktionen:<\/strong><\/p>\n<p>&nbsp;<\/p>\n<p>&#8211; Mehr als 40 Begegnungen in der Geschichte- Vollst\u00e4ndige Kulisse und wichtige Kunstwerke<br \/>\n von Ponylab<br \/>\n&#8211; Vollst\u00e4ndig gesprochene Dialoge von talentierten Stimmen &#8211; Schauspieler wie Tiffany Witcher<br \/>\n&#8211; Musik von zahlreichen kreativen K\u00fcnstlern.<\/p>\n","protected":false},"excerpt":{"rendered":"<p>Kommen Sie mit auf eine fantastische Reise, die uns an exotische und ferne Orte f\u00fchrt!<\/p>\n","protected":false},"author":61,"featured_media":91717,"comment_status":"open","ping_status":"closed","template":"","meta":{"_acf_changed":false,"inline_featured_image":false},"product_brand":[],"product_cat":[149],"product_tag":[289],"class_list":{"0":"post-139277","1":"product","2":"type-product","3":"status-publish","4":"has-post-thumbnail","6":"product_cat-adventure-de","7":"product_tag-play-on-pc-de","9":"first","10":"instock","11":"shipping-taxable","12":"purchasable","13":"product-type-simple"},"acf":[],"yoast_head":"<!-- This site is optimized with the Yoast SEO Premium plugin v25.2 (Yoast SEO v25.2) - https:\/\/yoast.com\/wordpress\/plugins\/seo\/ -->\n<title>Lantern of Worlds - Die erste Quest - Nimm an einer epischen Quest teil, die in fremde und ferne L\u00e4nder f\u00fchrt<\/title>\n<meta name=\"description\" content=\"Kommen Sie mit auf eine fantastische Reise, die uns an exotische und ferne Orte f\u00fchrt!\" \/>\n<meta name=\"robots\" content=\"index, follow, max-snippet:-1, max-image-preview:large, max-video-preview:-1\" \/>\n<link rel=\"canonical\" href=\"https:\/\/www.iplay.com\/de\/games\/lantern-of-worlds-the-first-quest\/\" \/>\n<meta property=\"og:locale\" content=\"de_DE\" \/>\n<meta property=\"og:type\" content=\"article\" \/>\n<meta property=\"og:title\" content=\"Lantern of Worlds - The First Quest\" \/>\n<meta property=\"og:description\" content=\"Kommen Sie mit auf eine fantastische Reise, die uns an exotische und ferne Orte f\u00fchrt!\" \/>\n<meta property=\"og:url\" content=\"https:\/\/www.iplay.com\/de\/games\/lantern-of-worlds-the-first-quest\/\" \/>\n<meta property=\"og:site_name\" content=\"IPlay\" \/>\n<meta property=\"og:image\" content=\"https:\/\/www.iplay.com\/wp-content\/uploads\/2023\/12\/large_square_tile_image-3247.jpg\" \/>\n\t<meta property=\"og:image:width\" content=\"310\" \/>\n\t<meta property=\"og:image:height\" content=\"310\" \/>\n\t<meta property=\"og:image:type\" content=\"image\/jpeg\" \/>\n<meta name=\"twitter:card\" content=\"summary_large_image\" \/>\n<meta name=\"twitter:label1\" content=\"Gesch\u00e4tzte Lesezeit\" \/>\n\t<meta name=\"twitter:data1\" content=\"1 Minute\" \/>\n<script type=\"application\/ld+json\" class=\"yoast-schema-graph\">{\"@context\":\"https:\/\/schema.org\",\"@graph\":[{\"@type\":\"WebPage\",\"@id\":\"https:\/\/www.iplay.com\/de\/games\/lantern-of-worlds-the-first-quest\/\",\"url\":\"https:\/\/www.iplay.com\/de\/games\/lantern-of-worlds-the-first-quest\/\",\"name\":\"Lantern of Worlds - Die erste Quest - Nimm an einer epischen Quest teil, die in fremde und ferne L\u00e4nder f\u00fchrt\",\"isPartOf\":{\"@id\":\"https:\/\/www.iplay.com\/en\/#website\"},\"primaryImageOfPage\":{\"@id\":\"https:\/\/www.iplay.com\/de\/games\/lantern-of-worlds-the-first-quest\/#primaryimage\"},\"image\":{\"@id\":\"https:\/\/www.iplay.com\/de\/games\/lantern-of-worlds-the-first-quest\/#primaryimage\"},\"thumbnailUrl\":\"https:\/\/www.iplay.com\/wp-content\/uploads\/2023\/12\/large_square_tile_image-3247.jpg\",\"datePublished\":\"2020-01-27T00:00:00+00:00\",\"description\":\"Kommen Sie mit auf eine fantastische Reise, die uns an exotische und ferne Orte f\u00fchrt!\",\"breadcrumb\":{\"@id\":\"https:\/\/www.iplay.com\/de\/games\/lantern-of-worlds-the-first-quest\/#breadcrumb\"},\"inLanguage\":\"de-DE\",\"potentialAction\":[{\"@type\":\"ReadAction\",\"target\":[\"https:\/\/www.iplay.com\/de\/games\/lantern-of-worlds-the-first-quest\/\"]}]},{\"@type\":\"ImageObject\",\"inLanguage\":\"de-DE\",\"@id\":\"https:\/\/www.iplay.com\/de\/games\/lantern-of-worlds-the-first-quest\/#primaryimage\",\"url\":\"https:\/\/www.iplay.com\/wp-content\/uploads\/2023\/12\/large_square_tile_image-3247.jpg\",\"contentUrl\":\"https:\/\/www.iplay.com\/wp-content\/uploads\/2023\/12\/large_square_tile_image-3247.jpg\",\"width\":310,\"height\":310},{\"@type\":\"BreadcrumbList\",\"@id\":\"https:\/\/www.iplay.com\/de\/games\/lantern-of-worlds-the-first-quest\/#breadcrumb\",\"itemListElement\":[{\"@type\":\"ListItem\",\"position\":1,\"name\":\"Home\",\"item\":\"https:\/\/www.iplay.com\/de\/home-page-2\/\"},{\"@type\":\"ListItem\",\"position\":2,\"name\":\"Shop\",\"item\":\"https:\/\/www.iplay.com\/en\/shop\/\"},{\"@type\":\"ListItem\",\"position\":3,\"name\":\"Lantern of Worlds &#8211; The First Quest\"}]},{\"@type\":\"WebSite\",\"@id\":\"https:\/\/www.iplay.com\/en\/#website\",\"url\":\"https:\/\/www.iplay.com\/en\/\",\"name\":\"IPlay\",\"description\":\"The Best Casual Games!\",\"publisher\":{\"@id\":\"https:\/\/www.iplay.com\/en\/#organization\"},\"potentialAction\":[{\"@type\":\"SearchAction\",\"target\":{\"@type\":\"EntryPoint\",\"urlTemplate\":\"https:\/\/www.iplay.com\/en\/?s={search_term_string}\"},\"query-input\":{\"@type\":\"PropertyValueSpecification\",\"valueRequired\":true,\"valueName\":\"search_term_string\"}}],\"inLanguage\":\"de-DE\"},{\"@type\":\"Organization\",\"@id\":\"https:\/\/www.iplay.com\/en\/#organization\",\"name\":\"IPlay\",\"url\":\"https:\/\/www.iplay.com\/en\/\",\"logo\":{\"@type\":\"ImageObject\",\"inLanguage\":\"de-DE\",\"@id\":\"https:\/\/www.iplay.com\/en\/#\/schema\/logo\/image\/\",\"url\":\"https:\/\/www.iplay.com\/wp-content\/uploads\/2023\/11\/Group-6100.svg\",\"contentUrl\":\"https:\/\/www.iplay.com\/wp-content\/uploads\/2023\/11\/Group-6100.svg\",\"width\":98,\"height\":25,\"caption\":\"IPlay\"},\"image\":{\"@id\":\"https:\/\/www.iplay.com\/en\/#\/schema\/logo\/image\/\"}}]}<\/script>\n<!-- \/ Yoast SEO Premium plugin. -->","yoast_head_json":{"title":"Lantern of Worlds - Die erste Quest - Nimm an einer epischen Quest teil, die in fremde und ferne L\u00e4nder f\u00fchrt","description":"Kommen Sie mit auf eine fantastische Reise, die uns an exotische und ferne Orte f\u00fchrt!","robots":{"index":"index","follow":"follow","max-snippet":"max-snippet:-1","max-image-preview":"max-image-preview:large","max-video-preview":"max-video-preview:-1"},"canonical":"https:\/\/www.iplay.com\/de\/games\/lantern-of-worlds-the-first-quest\/","og_locale":"de_DE","og_type":"article","og_title":"Lantern of Worlds - The First Quest","og_description":"Kommen Sie mit auf eine fantastische Reise, die uns an exotische und ferne Orte f\u00fchrt!","og_url":"https:\/\/www.iplay.com\/de\/games\/lantern-of-worlds-the-first-quest\/","og_site_name":"IPlay","og_image":[{"width":310,"height":310,"url":"https:\/\/www.iplay.com\/wp-content\/uploads\/2023\/12\/large_square_tile_image-3247.jpg","type":"image\/jpeg"}],"twitter_card":"summary_large_image","twitter_misc":{"Gesch\u00e4tzte Lesezeit":"1 Minute"},"schema":{"@context":"https:\/\/schema.org","@graph":[{"@type":"WebPage","@id":"https:\/\/www.iplay.com\/de\/games\/lantern-of-worlds-the-first-quest\/","url":"https:\/\/www.iplay.com\/de\/games\/lantern-of-worlds-the-first-quest\/","name":"Lantern of Worlds - Die erste Quest - Nimm an einer epischen Quest teil, die in fremde und ferne L\u00e4nder f\u00fchrt","isPartOf":{"@id":"https:\/\/www.iplay.com\/en\/#website"},"primaryImageOfPage":{"@id":"https:\/\/www.iplay.com\/de\/games\/lantern-of-worlds-the-first-quest\/#primaryimage"},"image":{"@id":"https:\/\/www.iplay.com\/de\/games\/lantern-of-worlds-the-first-quest\/#primaryimage"},"thumbnailUrl":"https:\/\/www.iplay.com\/wp-content\/uploads\/2023\/12\/large_square_tile_image-3247.jpg","datePublished":"2020-01-27T00:00:00+00:00","description":"Kommen Sie mit auf eine fantastische Reise, die uns an exotische und ferne Orte f\u00fchrt!","breadcrumb":{"@id":"https:\/\/www.iplay.com\/de\/games\/lantern-of-worlds-the-first-quest\/#breadcrumb"},"inLanguage":"de-DE","potentialAction":[{"@type":"ReadAction","target":["https:\/\/www.iplay.com\/de\/games\/lantern-of-worlds-the-first-quest\/"]}]},{"@type":"ImageObject","inLanguage":"de-DE","@id":"https:\/\/www.iplay.com\/de\/games\/lantern-of-worlds-the-first-quest\/#primaryimage","url":"https:\/\/www.iplay.com\/wp-content\/uploads\/2023\/12\/large_square_tile_image-3247.jpg","contentUrl":"https:\/\/www.iplay.com\/wp-content\/uploads\/2023\/12\/large_square_tile_image-3247.jpg","width":310,"height":310},{"@type":"BreadcrumbList","@id":"https:\/\/www.iplay.com\/de\/games\/lantern-of-worlds-the-first-quest\/#breadcrumb","itemListElement":[{"@type":"ListItem","position":1,"name":"Home","item":"https:\/\/www.iplay.com\/de\/home-page-2\/"},{"@type":"ListItem","position":2,"name":"Shop","item":"https:\/\/www.iplay.com\/en\/shop\/"},{"@type":"ListItem","position":3,"name":"Lantern of Worlds &#8211; The First Quest"}]},{"@type":"WebSite","@id":"https:\/\/www.iplay.com\/en\/#website","url":"https:\/\/www.iplay.com\/en\/","name":"IPlay","description":"The Best Casual Games!","publisher":{"@id":"https:\/\/www.iplay.com\/en\/#organization"},"potentialAction":[{"@type":"SearchAction","target":{"@type":"EntryPoint","urlTemplate":"https:\/\/www.iplay.com\/en\/?s={search_term_string}"},"query-input":{"@type":"PropertyValueSpecification","valueRequired":true,"valueName":"search_term_string"}}],"inLanguage":"de-DE"},{"@type":"Organization","@id":"https:\/\/www.iplay.com\/en\/#organization","name":"IPlay","url":"https:\/\/www.iplay.com\/en\/","logo":{"@type":"ImageObject","inLanguage":"de-DE","@id":"https:\/\/www.iplay.com\/en\/#\/schema\/logo\/image\/","url":"https:\/\/www.iplay.com\/wp-content\/uploads\/2023\/11\/Group-6100.svg","contentUrl":"https:\/\/www.iplay.com\/wp-content\/uploads\/2023\/11\/Group-6100.svg","width":98,"height":25,"caption":"IPlay"},"image":{"@id":"https:\/\/www.iplay.com\/en\/#\/schema\/logo\/image\/"}}]}},"_links":{"self":[{"href":"https:\/\/www.iplay.com\/de\/wp-json\/wp\/v2\/product\/139277","targetHints":{"allow":["GET"]}}],"collection":[{"href":"https:\/\/www.iplay.com\/de\/wp-json\/wp\/v2\/product"}],"about":[{"href":"https:\/\/www.iplay.com\/de\/wp-json\/wp\/v2\/types\/product"}],"author":[{"embeddable":true,"href":"https:\/\/www.iplay.com\/de\/wp-json\/wp\/v2\/users\/61"}],"replies":[{"embeddable":true,"href":"https:\/\/www.iplay.com\/de\/wp-json\/wp\/v2\/comments?post=139277"}],"wp:featuredmedia":[{"embeddable":true,"href":"https:\/\/www.iplay.com\/de\/wp-json\/wp\/v2\/media\/91717"}],"wp:attachment":[{"href":"https:\/\/www.iplay.com\/de\/wp-json\/wp\/v2\/media?parent=139277"}],"wp:term":[{"taxonomy":"product_brand","embeddable":true,"href":"https:\/\/www.iplay.com\/de\/wp-json\/wp\/v2\/product_brand?post=139277"},{"taxonomy":"product_cat","embeddable":true,"href":"https:\/\/www.iplay.com\/de\/wp-json\/wp\/v2\/product_cat?post=139277"},{"taxonomy":"product_tag","embeddable":true,"href":"https:\/\/www.iplay.com\/de\/wp-json\/wp\/v2\/product_tag?post=139277"}],"curies":[{"name":"wp","href":"https:\/\/api.w.org\/{rel}","templated":true}]}}