{"id":139256,"date":"2020-03-02T00:00:00","date_gmt":"2020-03-02T00:00:00","guid":{"rendered":"https:\/\/www.iplay.com\/games\/dragonscales-6-love-and-redemption\/"},"modified":"2020-03-02T00:00:00","modified_gmt":"2020-03-02T00:00:00","slug":"dragonscales-6-love-and-redemption","status":"publish","type":"product","link":"https:\/\/www.iplay.com\/de\/games\/dragonscales-6-love-and-redemption\/","title":{"rendered":"DragonScales 6: Love and Redemption"},"content":{"rendered":"<p>Sarja und ihre Gef\u00e4hrten sind auf den entscheidenden Kampf vorbereitet! Mit gro\u00dfer Vorfreude ist die Dunkle Kaiserin bereit, sie alle zu verschlingen! Zarya will Ribeus&#8217; Macht entfesseln, nachdem er ihn gez\u00e4hmt hat, um es mit dem skrupellosen Herrscher des Schwerkraftk\u00f6nigreichs, der Dunklen Kaiserin, aufzunehmen. Zaryas Reise beginnt! Vielleicht verliebt sie sich dieses Mal sogar. Sie muss jedoch die Einsamkeit vertreiben, die ihr Herz begleitet. In DragonScales 6 gibt es brandneue Schwierigkeitsgrade: Nutze das neue Power-Up-System, l\u00f6se R\u00e4tsel, indem du die Schwerkraft des Bretts ver\u00e4nderst, eliminiere die Schergen der Kaiserin und sammle Schl\u00fcssel, um T\u00fcren zu \u00f6ffnen! Zarya wird zum ersten Mal in DragonScales gegen eine Reihe von Gegnern antreten. Werden Zarya und die Rebellen, die sie unterst\u00fctzt, in der Lage sein, die schreckliche Herrschaft der Dunklen Kaiserin zu beenden? Dies ist das Spiel der letzten Runde! Eines der Features ist, dass es 130 neue Level gibt. Interessante und unterhaltsame Spielmodi. \u00dcberarbeitete Kampfsituationen. Ein brandneuer Power-Up-Mechanismus. Der K\u00f6nig und die Grube waren zwei der fortgeschrittenen Quests. Der Erz\u00e4hlbogen von Zarya geht zu Ende.<\/p>\n","protected":false},"excerpt":{"rendered":"<p>In der entscheidenden Schlacht sind Zarya und die Rebellen bereit, sich der Dunklen Kaiserin entgegenzustellen!<\/p>\n","protected":false},"author":55,"featured_media":83578,"comment_status":"open","ping_status":"closed","template":"","meta":{"_acf_changed":false,"inline_featured_image":false},"product_brand":[],"product_cat":[194],"product_tag":[],"class_list":{"0":"post-139256","1":"product","2":"type-product","3":"status-publish","4":"has-post-thumbnail","6":"product_cat-puzzle-de","8":"first","9":"instock","10":"shipping-taxable","11":"purchasable","12":"product-type-simple"},"acf":[],"yoast_head":"<!-- This site is optimized with the Yoast SEO Premium plugin v25.2 (Yoast SEO v25.2) - https:\/\/yoast.com\/wordpress\/plugins\/seo\/ -->\n<title>DragonScales 6: Love and Redemption - Rebellen trotzen der Dunklen Kaiserin in einem finalen Showdown<\/title>\n<meta name=\"description\" content=\"In der entscheidenden Schlacht sind Zarya und die Rebellen bereit, sich der Dunklen Kaiserin entgegenzustellen!\" \/>\n<meta name=\"robots\" content=\"index, follow, max-snippet:-1, max-image-preview:large, max-video-preview:-1\" \/>\n<link rel=\"canonical\" href=\"https:\/\/www.iplay.com\/de\/games\/dragonscales-6-love-and-redemption\/\" \/>\n<meta property=\"og:locale\" content=\"de_DE\" \/>\n<meta property=\"og:type\" content=\"article\" \/>\n<meta property=\"og:title\" content=\"DragonScales 6: Love and Redemption\" \/>\n<meta property=\"og:description\" content=\"In der entscheidenden Schlacht sind Zarya und die Rebellen bereit, sich der Dunklen Kaiserin entgegenzustellen!\" \/>\n<meta property=\"og:url\" content=\"https:\/\/www.iplay.com\/de\/games\/dragonscales-6-love-and-redemption\/\" \/>\n<meta property=\"og:site_name\" content=\"IPlay\" \/>\n<meta property=\"og:image\" content=\"https:\/\/www.iplay.com\/wp-content\/uploads\/2023\/12\/large_square_tile_image-2733.jpg\" \/>\n\t<meta property=\"og:image:width\" content=\"310\" \/>\n\t<meta property=\"og:image:height\" content=\"310\" \/>\n\t<meta property=\"og:image:type\" content=\"image\/jpeg\" \/>\n<meta name=\"twitter:card\" content=\"summary_large_image\" \/>\n<meta name=\"twitter:label1\" content=\"Gesch\u00e4tzte Lesezeit\" \/>\n\t<meta name=\"twitter:data1\" content=\"1 Minute\" \/>\n<script type=\"application\/ld+json\" class=\"yoast-schema-graph\">{\"@context\":\"https:\/\/schema.org\",\"@graph\":[{\"@type\":\"WebPage\",\"@id\":\"https:\/\/www.iplay.com\/de\/games\/dragonscales-6-love-and-redemption\/\",\"url\":\"https:\/\/www.iplay.com\/de\/games\/dragonscales-6-love-and-redemption\/\",\"name\":\"DragonScales 6: Love and Redemption - Rebellen trotzen der Dunklen Kaiserin in einem finalen Showdown\",\"isPartOf\":{\"@id\":\"https:\/\/www.iplay.com\/en\/#website\"},\"primaryImageOfPage\":{\"@id\":\"https:\/\/www.iplay.com\/de\/games\/dragonscales-6-love-and-redemption\/#primaryimage\"},\"image\":{\"@id\":\"https:\/\/www.iplay.com\/de\/games\/dragonscales-6-love-and-redemption\/#primaryimage\"},\"thumbnailUrl\":\"https:\/\/www.iplay.com\/wp-content\/uploads\/2023\/12\/large_square_tile_image-2733.jpg\",\"datePublished\":\"2020-03-02T00:00:00+00:00\",\"description\":\"In der entscheidenden Schlacht sind Zarya und die Rebellen bereit, sich der Dunklen Kaiserin entgegenzustellen!\",\"breadcrumb\":{\"@id\":\"https:\/\/www.iplay.com\/de\/games\/dragonscales-6-love-and-redemption\/#breadcrumb\"},\"inLanguage\":\"de-DE\",\"potentialAction\":[{\"@type\":\"ReadAction\",\"target\":[\"https:\/\/www.iplay.com\/de\/games\/dragonscales-6-love-and-redemption\/\"]}]},{\"@type\":\"ImageObject\",\"inLanguage\":\"de-DE\",\"@id\":\"https:\/\/www.iplay.com\/de\/games\/dragonscales-6-love-and-redemption\/#primaryimage\",\"url\":\"https:\/\/www.iplay.com\/wp-content\/uploads\/2023\/12\/large_square_tile_image-2733.jpg\",\"contentUrl\":\"https:\/\/www.iplay.com\/wp-content\/uploads\/2023\/12\/large_square_tile_image-2733.jpg\",\"width\":310,\"height\":310},{\"@type\":\"BreadcrumbList\",\"@id\":\"https:\/\/www.iplay.com\/de\/games\/dragonscales-6-love-and-redemption\/#breadcrumb\",\"itemListElement\":[{\"@type\":\"ListItem\",\"position\":1,\"name\":\"Home\",\"item\":\"https:\/\/www.iplay.com\/de\/home-page-2\/\"},{\"@type\":\"ListItem\",\"position\":2,\"name\":\"Shop\",\"item\":\"https:\/\/www.iplay.com\/en\/shop\/\"},{\"@type\":\"ListItem\",\"position\":3,\"name\":\"DragonScales 6: Love and Redemption\"}]},{\"@type\":\"WebSite\",\"@id\":\"https:\/\/www.iplay.com\/en\/#website\",\"url\":\"https:\/\/www.iplay.com\/en\/\",\"name\":\"IPlay\",\"description\":\"The Best Casual Games!\",\"publisher\":{\"@id\":\"https:\/\/www.iplay.com\/en\/#organization\"},\"potentialAction\":[{\"@type\":\"SearchAction\",\"target\":{\"@type\":\"EntryPoint\",\"urlTemplate\":\"https:\/\/www.iplay.com\/en\/?s={search_term_string}\"},\"query-input\":{\"@type\":\"PropertyValueSpecification\",\"valueRequired\":true,\"valueName\":\"search_term_string\"}}],\"inLanguage\":\"de-DE\"},{\"@type\":\"Organization\",\"@id\":\"https:\/\/www.iplay.com\/en\/#organization\",\"name\":\"IPlay\",\"url\":\"https:\/\/www.iplay.com\/en\/\",\"logo\":{\"@type\":\"ImageObject\",\"inLanguage\":\"de-DE\",\"@id\":\"https:\/\/www.iplay.com\/en\/#\/schema\/logo\/image\/\",\"url\":\"https:\/\/www.iplay.com\/wp-content\/uploads\/2023\/11\/Group-6100.svg\",\"contentUrl\":\"https:\/\/www.iplay.com\/wp-content\/uploads\/2023\/11\/Group-6100.svg\",\"width\":98,\"height\":25,\"caption\":\"IPlay\"},\"image\":{\"@id\":\"https:\/\/www.iplay.com\/en\/#\/schema\/logo\/image\/\"}}]}<\/script>\n<!-- \/ Yoast SEO Premium plugin. -->","yoast_head_json":{"title":"DragonScales 6: Love and Redemption - Rebellen trotzen der Dunklen Kaiserin in einem finalen Showdown","description":"In der entscheidenden Schlacht sind Zarya und die Rebellen bereit, sich der Dunklen Kaiserin entgegenzustellen!","robots":{"index":"index","follow":"follow","max-snippet":"max-snippet:-1","max-image-preview":"max-image-preview:large","max-video-preview":"max-video-preview:-1"},"canonical":"https:\/\/www.iplay.com\/de\/games\/dragonscales-6-love-and-redemption\/","og_locale":"de_DE","og_type":"article","og_title":"DragonScales 6: Love and Redemption","og_description":"In der entscheidenden Schlacht sind Zarya und die Rebellen bereit, sich der Dunklen Kaiserin entgegenzustellen!","og_url":"https:\/\/www.iplay.com\/de\/games\/dragonscales-6-love-and-redemption\/","og_site_name":"IPlay","og_image":[{"width":310,"height":310,"url":"https:\/\/www.iplay.com\/wp-content\/uploads\/2023\/12\/large_square_tile_image-2733.jpg","type":"image\/jpeg"}],"twitter_card":"summary_large_image","twitter_misc":{"Gesch\u00e4tzte Lesezeit":"1 Minute"},"schema":{"@context":"https:\/\/schema.org","@graph":[{"@type":"WebPage","@id":"https:\/\/www.iplay.com\/de\/games\/dragonscales-6-love-and-redemption\/","url":"https:\/\/www.iplay.com\/de\/games\/dragonscales-6-love-and-redemption\/","name":"DragonScales 6: Love and Redemption - Rebellen trotzen der Dunklen Kaiserin in einem finalen Showdown","isPartOf":{"@id":"https:\/\/www.iplay.com\/en\/#website"},"primaryImageOfPage":{"@id":"https:\/\/www.iplay.com\/de\/games\/dragonscales-6-love-and-redemption\/#primaryimage"},"image":{"@id":"https:\/\/www.iplay.com\/de\/games\/dragonscales-6-love-and-redemption\/#primaryimage"},"thumbnailUrl":"https:\/\/www.iplay.com\/wp-content\/uploads\/2023\/12\/large_square_tile_image-2733.jpg","datePublished":"2020-03-02T00:00:00+00:00","description":"In der entscheidenden Schlacht sind Zarya und die Rebellen bereit, sich der Dunklen Kaiserin entgegenzustellen!","breadcrumb":{"@id":"https:\/\/www.iplay.com\/de\/games\/dragonscales-6-love-and-redemption\/#breadcrumb"},"inLanguage":"de-DE","potentialAction":[{"@type":"ReadAction","target":["https:\/\/www.iplay.com\/de\/games\/dragonscales-6-love-and-redemption\/"]}]},{"@type":"ImageObject","inLanguage":"de-DE","@id":"https:\/\/www.iplay.com\/de\/games\/dragonscales-6-love-and-redemption\/#primaryimage","url":"https:\/\/www.iplay.com\/wp-content\/uploads\/2023\/12\/large_square_tile_image-2733.jpg","contentUrl":"https:\/\/www.iplay.com\/wp-content\/uploads\/2023\/12\/large_square_tile_image-2733.jpg","width":310,"height":310},{"@type":"BreadcrumbList","@id":"https:\/\/www.iplay.com\/de\/games\/dragonscales-6-love-and-redemption\/#breadcrumb","itemListElement":[{"@type":"ListItem","position":1,"name":"Home","item":"https:\/\/www.iplay.com\/de\/home-page-2\/"},{"@type":"ListItem","position":2,"name":"Shop","item":"https:\/\/www.iplay.com\/en\/shop\/"},{"@type":"ListItem","position":3,"name":"DragonScales 6: Love and Redemption"}]},{"@type":"WebSite","@id":"https:\/\/www.iplay.com\/en\/#website","url":"https:\/\/www.iplay.com\/en\/","name":"IPlay","description":"The Best Casual Games!","publisher":{"@id":"https:\/\/www.iplay.com\/en\/#organization"},"potentialAction":[{"@type":"SearchAction","target":{"@type":"EntryPoint","urlTemplate":"https:\/\/www.iplay.com\/en\/?s={search_term_string}"},"query-input":{"@type":"PropertyValueSpecification","valueRequired":true,"valueName":"search_term_string"}}],"inLanguage":"de-DE"},{"@type":"Organization","@id":"https:\/\/www.iplay.com\/en\/#organization","name":"IPlay","url":"https:\/\/www.iplay.com\/en\/","logo":{"@type":"ImageObject","inLanguage":"de-DE","@id":"https:\/\/www.iplay.com\/en\/#\/schema\/logo\/image\/","url":"https:\/\/www.iplay.com\/wp-content\/uploads\/2023\/11\/Group-6100.svg","contentUrl":"https:\/\/www.iplay.com\/wp-content\/uploads\/2023\/11\/Group-6100.svg","width":98,"height":25,"caption":"IPlay"},"image":{"@id":"https:\/\/www.iplay.com\/en\/#\/schema\/logo\/image\/"}}]}},"_links":{"self":[{"href":"https:\/\/www.iplay.com\/de\/wp-json\/wp\/v2\/product\/139256","targetHints":{"allow":["GET"]}}],"collection":[{"href":"https:\/\/www.iplay.com\/de\/wp-json\/wp\/v2\/product"}],"about":[{"href":"https:\/\/www.iplay.com\/de\/wp-json\/wp\/v2\/types\/product"}],"author":[{"embeddable":true,"href":"https:\/\/www.iplay.com\/de\/wp-json\/wp\/v2\/users\/55"}],"replies":[{"embeddable":true,"href":"https:\/\/www.iplay.com\/de\/wp-json\/wp\/v2\/comments?post=139256"}],"wp:featuredmedia":[{"embeddable":true,"href":"https:\/\/www.iplay.com\/de\/wp-json\/wp\/v2\/media\/83578"}],"wp:attachment":[{"href":"https:\/\/www.iplay.com\/de\/wp-json\/wp\/v2\/media?parent=139256"}],"wp:term":[{"taxonomy":"product_brand","embeddable":true,"href":"https:\/\/www.iplay.com\/de\/wp-json\/wp\/v2\/product_brand?post=139256"},{"taxonomy":"product_cat","embeddable":true,"href":"https:\/\/www.iplay.com\/de\/wp-json\/wp\/v2\/product_cat?post=139256"},{"taxonomy":"product_tag","embeddable":true,"href":"https:\/\/www.iplay.com\/de\/wp-json\/wp\/v2\/product_tag?post=139256"}],"curies":[{"name":"wp","href":"https:\/\/api.w.org\/{rel}","templated":true}]}}